{"id":2768,"date":"2021-11-12T08:58:19","date_gmt":"2021-11-12T08:58:19","guid":{"rendered":"https:\/\/elfsight.com\/es\/?page_id=2768"},"modified":"2025-02-06T15:26:53","modified_gmt":"2025-02-06T15:26:53","slug":"wordpress","status":"publish","type":"page","link":"https:\/\/elfsight.com\/es\/file-embed-widget\/wordpress\/","title":{"rendered":"File Embed &#8211; WordPress"},"content":{"rendered":"<div class=\"application-platform-content-item-description application-platform-content-item\" id=\"description\" data-nav-section=\"description\"> <h2>Insertar archivo Incrustar en WordPress con el widget Elfsight<\/h2> <p>Elfsight File Embed es la forma m\u00e1s pr\u00e1ctica y r\u00e1pida de integrar archivos en su sitio. Inserte todos los archivos populares: PDF, Docx, Jpg, Jpeg \u2013 en total alrededor de 20 formatos. Para facilitar su uso, los archivos se pueden agregar simplemente carg\u00e1ndolos, agregando sus URL o seleccion\u00e1ndolos entre los cargados recientemente. Puede darle un nombre a cada archivo, cargar su propio \u00edcono o imagen, elegir una variante de dise\u00f1o de archivos y hacer m\u00e1s. Los usuarios del sitio web pueden leer los documentos directamente en el sitio, abrirlos en una nueva pesta\u00f1a y descargarlos. <\/p> <div class=\"faq\" data-component=\"FAQ\"> <div class=\"faq-item\">\r\n\t\t\t\t\t<div class=\"faq-item-question\">\r\n\t\t\t\t\t\t<h3 class=\"faq-item-question-text\">\u00bfD\u00f3nde puedo incrustarlo en mi sitio web?<\/h3>\r\n\r\n\t\t\t\t\t\t<div class=\"faq-item-question-icon\"><\/div>\r\n\t\t\t\t\t<\/div>\r\n\r\n\t\t\t\t\t<div class=\"faq-item-answer\">\r\n\t\t\t\t\t\t<div class=\"faq-item-answer-text\"> <p>No dude en mostrar File Embed en cualquier p\u00e1gina del sitio web. Por lo tanto, puede aplicarlo para pegar sus documentos tecnol\u00f3gicos o especificaciones en las p\u00e1ginas de productos correspondientes, o presumir de sus diplomas y certificados en la p\u00e1gina de inicio. <\/p> <\/div>\r\n\t\t\t\t\t<\/div>\r\n\t\t\t\t<\/div> <div class=\"faq-item\">\r\n\t\t\t\t\t<div class=\"faq-item-question\">\r\n\t\t\t\t\t\t<h3 class=\"faq-item-question-text\">\u00bfQu\u00e9 beneficios puede brindarme?<\/h3>\r\n\r\n\t\t\t\t\t\t<div class=\"faq-item-question-icon\"><\/div>\r\n\t\t\t\t\t<\/div>\r\n\r\n\t\t\t\t\t<div class=\"faq-item-answer\">\r\n\t\t\t\t\t\t<div class=\"faq-item-answer-text\"> <p>Este widget le ahorrar\u00e1 mucho tiempo porque integrar documentos en su sitio toma solo unos segundos. Adem\u00e1s, puede distribuir una gran cantidad de informaci\u00f3n significativa sobre sus art\u00edculos o servicios y mejorar la comprensi\u00f3n de sus ofertas por parte de los clientes. <\/p> <\/div>\r\n\t\t\t\t\t<\/div>\r\n\t\t\t\t<\/div> <div class=\"faq-item\">\r\n\t\t\t\t\t<div class=\"faq-item-question\">\r\n\t\t\t\t\t\t<h3 class=\"faq-item-question-text\">\u00bfQu\u00e9 necesito para instalar File Embed en mi sitio de WordPress?<\/h3>\r\n\r\n\t\t\t\t\t\t<div class=\"faq-item-question-icon\"><\/div>\r\n\t\t\t\t\t<\/div>\r\n\r\n\t\t\t\t\t<div class=\"faq-item-answer\">\r\n\t\t\t\t\t\t<div class=\"faq-item-answer-text\"> <p>Solo necesitar\u00e1s un minuto de tu tiempo para comenzar a usar el widget. La integraci\u00f3n es extremadamente r\u00e1pida, gratuita y sin codificaci\u00f3n. <\/p> <ol> <li>Puedes colocar el widget en tu p\u00e1gina web directamente a trav\u00e9s de nuestro servicio. Simplemente aplique las instrucciones a continuaci\u00f3n en esta p\u00e1gina. <\/li> <li>El widget se puede integrar a trav\u00e9s de nuestro servicio o a trav\u00e9s del mercado. Podr\u00e1s conocer m\u00e1s detalles las dos variantes y elegir la tuya. <\/li> <\/ol> <\/div>\r\n\t\t\t\t\t<\/div>\r\n\t\t\t\t<\/div> <\/div> <\/div> <div class=\"application-platform-content-item-features application-platform-content-item\" id=\"features\" data-nav-section=\"features\"> <h2>Caracter\u00edsticas principales del widget File Embed<\/h2> <p>Para tener una idea m\u00e1s clara del widget, aqu\u00ed est\u00e1 la lista de sus funciones esenciales. Hacen que este widget sea realmente beneficioso para su negocio: <\/p> <ul><li>Muestre cualquier cantidad de documentos; <\/li> <li>Variante de dise\u00f1o del Visor de archivos para leer documentos en el sitio web; <\/li> <li>Cargar im\u00e1genes para iconos de documentos y vistas previas; <\/li> <li>Mostrar u ocultar el texto de descarga del archivo; <\/li> <li> Detalles de la interfaz de Paint 6. <\/li> <\/ul><p> La demostraci\u00f3n le revelar\u00e1 m\u00e1s funciones<\/p> <\/div> <div class=\"application-platform-content-item-installation application-platform-content-item\" id=\"installation\" data-nav-section=\"installation\"> <h2>Veamos c\u00f3mo incrustar el widget File Embed en su sitio de WordPress. <\/h2> <div class=\"video-container\"><iframe width=\"720\" height=\"405\" src=\"https:\/\/www.youtube.com\/embed\/RtBBRptIOY0\" frameborder=\"0\"><\/iframe><\/div><p>Los siguientes pasos son lo \u00fanico que necesita para publicar. <\/p> <ol><li><b>Abra nuestro editor gratuito y comience a trabajar con su complemento File Embed personalizado. <\/b><br> Encuentre el dise\u00f1o personalizado y las opciones del complemento y guarde todas las correcciones. <\/li> <li><b>Adquiera el c\u00f3digo \u00fanico que aparece en la ventana de Elfsight Apps. <\/b><br> Tan pronto como se complete la configuraci\u00f3n de su complemento, copie el c\u00f3digo personal de la ventana que aparece y gu\u00e1rdelo para futuras ocasiones. <\/li> <li><b>Inicie la utilizaci\u00f3n del complemento en su p\u00e1gina web de WordPress. <\/b><br>Incrusta el c\u00f3digo guardado anteriormente en tu p\u00e1gina web y aplica las modificaciones. <\/li> <li><b>\u00a1Listo! La incrustaci\u00f3n est\u00e1 totalmente realizada. <\/b><br> Vaya a su sitio web para ver el trabajo del complemento. <\/li><\/ol><p>\u00bfA\u00fan no te has decidido? \u00bfO tienes preguntas? Simplemente env\u00ede una solicitud a nuestro servicio de atenci\u00f3n al cliente, ellos resolver\u00e1n todos sus problemas. <\/p> <\/div>","protected":false},"excerpt":{"rendered":"","protected":false},"author":13,"featured_media":0,"parent":912,"menu_order":0,"comment_status":"closed","ping_status":"closed","template":"templates\/template-application-platform.php","meta":{"publish_to_discourse":"","publish_post_category":"","wpdc_auto_publish_overridden":"","wpdc_topic_tags":"","wpdc_pin_topic":"","wpdc_pin_until":"","discourse_post_id":"","discourse_permalink":"","wpdc_publishing_response":"","wpdc_publishing_error":"","footnotes":""},"class_list":["post-2768","page","type-page","status-publish","hentry"],"yoast_head":"<!-- This site is optimized with the Yoast SEO plugin v25.3.1 - https:\/\/yoast.com\/wordpress\/plugins\/seo\/ -->\n<title>Plugin Visor de archivos: inserte cualquier archivo en su WordPress web<\/title>\n<meta name=\"description\" content=\"A\u00f1ade Plugin de Archivo en su WordPress de sitio. Pruebe la demo de Elfsight f\u00e1cil de usar y cree su widget propio en poco tiempo.\" \/>\n<meta name=\"robots\" content=\"index, follow, max-snippet:-1, max-image-preview:large, max-video-preview:-1\" \/>\n<link rel=\"canonical\" href=\"https:\/\/elfsight.com\/es\/file-embed-widget\/wordpress\/\" \/>\n<meta property=\"og:locale\" content=\"es_ES\" \/>\n<meta property=\"og:type\" content=\"article\" \/>\n<meta property=\"og:title\" content=\"Plugin Visor de archivos: inserte cualquier archivo en su WordPress web\" \/>\n<meta property=\"og:description\" content=\"A\u00f1ade Plugin de Archivo en su WordPress de sitio. Pruebe la demo de Elfsight f\u00e1cil de usar y cree su widget propio en poco tiempo.\" \/>\n<meta property=\"og:url\" content=\"https:\/\/elfsight.com\/es\/file-embed-widget\/wordpress\/\" \/>\n<meta property=\"og:site_name\" content=\"Elfsight ES\" \/>\n<meta property=\"article:modified_time\" content=\"2025-02-06T15:26:53+00:00\" \/>\n<meta name=\"twitter:card\" content=\"summary_large_image\" \/>\n<meta name=\"twitter:label1\" content=\"Tiempo de lectura\" \/>\n\t<meta name=\"twitter:data1\" content=\"2 minutos\" \/>\n<!-- \/ Yoast SEO plugin. -->","yoast_head_json":{"title":"Plugin Visor de archivos: inserte cualquier archivo en su WordPress web","description":"A\u00f1ade Plugin de Archivo en su WordPress de sitio. Pruebe la demo de Elfsight f\u00e1cil de usar y cree su widget propio en poco tiempo.","robots":{"index":"index","follow":"follow","max-snippet":"max-snippet:-1","max-image-preview":"max-image-preview:large","max-video-preview":"max-video-preview:-1"},"canonical":"https:\/\/elfsight.com\/es\/file-embed-widget\/wordpress\/","og_locale":"es_ES","og_type":"article","og_title":"Plugin Visor de archivos: inserte cualquier archivo en su WordPress web","og_description":"A\u00f1ade Plugin de Archivo en su WordPress de sitio. Pruebe la demo de Elfsight f\u00e1cil de usar y cree su widget propio en poco tiempo.","og_url":"https:\/\/elfsight.com\/es\/file-embed-widget\/wordpress\/","og_site_name":"Elfsight ES","article_modified_time":"2025-02-06T15:26:53+00:00","twitter_card":"summary_large_image","twitter_misc":{"Tiempo de lectura":"2 minutos"},"schema":{"@context":"https:\/\/schema.org","@graph":[{"@type":"WebPage","@id":"https:\/\/elfsight.com\/es\/file-embed-widget\/wordpress\/","url":"https:\/\/elfsight.com\/es\/file-embed-widget\/wordpress\/","name":"Plugin Visor de archivos: inserte cualquier archivo en su WordPress web","isPartOf":{"@id":"https:\/\/elfsight.com\/es\/#website"},"datePublished":"2021-11-12T08:58:19+00:00","dateModified":"2025-02-06T15:26:53+00:00","description":"A\u00f1ade Plugin de Archivo en su WordPress de sitio. Pruebe la demo de Elfsight f\u00e1cil de usar y cree su widget propio en poco tiempo.","breadcrumb":{"@id":"https:\/\/elfsight.com\/es\/file-embed-widget\/wordpress\/#breadcrumb"},"inLanguage":"es","potentialAction":[{"@type":"ReadAction","target":["https:\/\/elfsight.com\/es\/file-embed-widget\/wordpress\/"]}]},{"@type":"BreadcrumbList","@id":"https:\/\/elfsight.com\/es\/file-embed-widget\/wordpress\/#breadcrumb","itemListElement":[{"@type":"ListItem","position":1,"name":"Home","item":"https:\/\/elfsight.com\/es\/"},{"@type":"ListItem","position":2,"name":"File Embed","item":"https:\/\/elfsight.com\/es\/file-embed-widget\/"},{"@type":"ListItem","position":3,"name":"File Embed &#8211; WordPress"}]},{"@type":"WebSite","@id":"https:\/\/elfsight.com\/es\/#website","url":"https:\/\/elfsight.com\/es\/","name":"Elfsight ES","description":"Just another Elfsight Sites site","potentialAction":[{"@type":"SearchAction","target":{"@type":"EntryPoint","urlTemplate":"https:\/\/elfsight.com\/es\/?s={search_term_string}"},"query-input":{"@type":"PropertyValueSpecification","valueRequired":true,"valueName":"search_term_string"}}],"inLanguage":"es"}]}},"meta_box":{"industry":"","seo_heading":"","heading":"","description":"","cta_heading":"","cta_description":"","application":"911","h1":"Complemento de WordPress de Archivo Integrado","h1_caption":"Permite a la gente ver y descargar cualquier tipo de archivo (doc, xlsx, pptx, txt, etc.)","application_category":[],"applications_title":"","applications_request_title":"","applications_request_button_text":"","hero_text":"","hero_video":"","hero_video_schema_markup":"","selling_points_title":"","selling_points_caption":"","selling_points":[],"selling_points_cta_text":"","features_title":"","features":"","ed_cta_examples_text":"","ed_cta_examples_hidden":"","ed_cta_demo_text":"","ed_cta_demo_hidden":"","why_caption":"","why_editor_title":"","why_editor_text":"","why_team_title":"","why_team_text":"","why_service_title":"","why_service_text":"","template_catalog_visible":"","template_catalog_title":"","template_catalog_text":"","template_catalog_categories_visible":"","demo_title":"Crea tu complemento de inserci\u00f3n de archivos","demo_caption":"\u00a1Configure su File Embed y agr\u00e9guelo a su sitio web de WordPress gratis!","default_faq_hidden":"","app_template_category":[],"platform":"115","template_public_id":"","codecanyon_url":"","codecanyon_item_id":"","codecanyon_price":"","pricing_caption":"","pricing_elfsight_apps_hide_column":"","pricing_elfsight_apps_url":"","pricing_codecanyon_price_caption":"","integration_category":[],"integration_request_title":"","integration_request_cta":"","integration_platform":"","integrations":[],"platform_category":[],"video_schema_markup":"","price":"desde $0 por mes","trial":"","benefits":[{"text":"Instalaci\u00f3n gratuita"},{"text":"Soporte Premium"},{"text":"14 d\u00edas garant\u00eda de reembolso"},{"text":"Actualizaciones regulares"}],"button_url":"#demo","button_target_blank":"0","button_nofollow":"0","attributes":[{"name":"Responsivo","content":"Si","_state":"expanded"},{"name":"Navegadores compatibles","content":"Firefox, Safari, Opera, Chrome, Edge","_state":"expanded"}],"tags":[],"tags_disable_links":"0","hide_more_platforms":"","video_object":"{\r\n  \"@context\": \"http:\/\/schema.org\",\r\n  \"@type\": \"VideoObject\",\r\n  \"name\": \"How to Add File Embed to WordPress (2021)\",\r\n  \"description\": \"With Elfsight, design your File Embed plugin and show it on the WordPress website in no time. We have free customer support and other bonuses.\",\r\n  \"thumbnailUrl\": \"https:\/\/i.ytimg.com\/vi\/RtBBRptIOY0\/default.jpg\",\r\n  \"uploadDate\": \"2020-05-28T15:02:37Z\",\r\n  \"duration\": \"PT2M21S\",\r\n  \"embedUrl\": \"https:\/\/www.youtube.com\/embed\/RtBBRptIOY0\",\r\n  \"interactionCount\": \"272\"\r\n}","demo_hide_cta":"0","demo_hide_cloud_options":"0","pricing_title":"","pricing":[{"pricing_icon":"platform","pricing_title":" Elfsight Apps","pricing_title_caption":"Soluci\u00f3n multiplataforma - valido para cualquier p\u00e1gina web","pricing_price":"desde $0 por mes","pricing_price_caption":"empezar con un plan gratuito","pricing_benefits":[{"text":"Sitios web ilimitados"},{"text":"Atenci\u00f3n al cliente gratuita y r\u00e1pida"},{"text":"Servicio de instalaci\u00f3n gratuito"},{"text":"Totalmente personalizable"}],"pricing_button_text":"Agregar al sitio web","pricing_button_url":"#demo","_state":"expanded"}],"related_apps_title":"","related_apps_hidden":"1","author":"","image":[],"title":"","job":"","social_networks":[]},"_links":{"self":[{"href":"https:\/\/elfsight.com\/es\/wp-json\/wp\/v2\/pages\/2768","targetHints":{"allow":["GET"]}}],"collection":[{"href":"https:\/\/elfsight.com\/es\/wp-json\/wp\/v2\/pages"}],"about":[{"href":"https:\/\/elfsight.com\/es\/wp-json\/wp\/v2\/types\/page"}],"author":[{"embeddable":true,"href":"https:\/\/elfsight.com\/es\/wp-json\/wp\/v2\/users\/13"}],"replies":[{"embeddable":true,"href":"https:\/\/elfsight.com\/es\/wp-json\/wp\/v2\/comments?post=2768"}],"version-history":[{"count":6,"href":"https:\/\/elfsight.com\/es\/wp-json\/wp\/v2\/pages\/2768\/revisions"}],"predecessor-version":[{"id":18299,"href":"https:\/\/elfsight.com\/es\/wp-json\/wp\/v2\/pages\/2768\/revisions\/18299"}],"up":[{"embeddable":true,"href":"https:\/\/elfsight.com\/es\/wp-json\/wp\/v2\/pages\/912"}],"wp:attachment":[{"href":"https:\/\/elfsight.com\/es\/wp-json\/wp\/v2\/media?parent=2768"}],"curies":[{"name":"wp","href":"https:\/\/api.w.org\/{rel}","templated":true}]}}