{"id":2764,"date":"2021-11-12T08:26:18","date_gmt":"2021-11-12T08:26:18","guid":{"rendered":"https:\/\/elfsight.com\/es\/?page_id=2764"},"modified":"2025-02-06T15:26:53","modified_gmt":"2025-02-06T15:26:53","slug":"wordpress","status":"publish","type":"page","link":"https:\/\/elfsight.com\/es\/pinterest-feed-widget\/wordpress\/","title":{"rendered":"Pinterest Feed &#8211; WordPress"},"content":{"rendered":"<div class=\"application-platform-content-item-description application-platform-content-item\" id=\"description\" data-nav-section=\"description\"><h2>Incrustar Pinterest Feed en WordPress con el widget de Elfsight<\/h2><p>Con la ayuda del complemento Pinterest de Elfsight, puede insertar cualquier tipo de fotos de Pinterest en su sitio. El widget de Elfsight permite mostrar los pines, tableros y su perfil completo que desee en cualquier p\u00e1gina web. Atraiga a sus clientes con contenido cuidadosamente seleccionado: pines, tableros y sus propias colecciones \u00fanicas. Ampl\u00ede el alcance de su contenido, aumente la participaci\u00f3n en el sitio web y obtenga m\u00e1s suscriptores para su cuenta de Pinterest junto con esto.<\/p><p><b> Agregue im\u00e1genes de Pinterest a su sitio web de manera r\u00e1pida y conveniente.<\/b><\/p><ul><li><b>Aumente la participaci\u00f3n de los usuarios en su sitio<\/b><br> El contenido relevante y cuidadosamente seleccionado atrae la m\u00e1xima atenci\u00f3n de los usuarios y mantiene a los clientes interesados.<\/li><li><b>Aumente los suscriptores en Pinterest<\/b><br> Gracias al bot\u00f3n Seguir disponible en el feed, m\u00e1s clientes futuros obtendr\u00e1n un oportunidad de convertirse en tus suscriptores.<\/li><li><b>Mayor cantidad de elementos visuales atractivos para el usuario en tu sitio<\/b><br> Al tener pines y tableros a tu disposici\u00f3n, si\u00e9ntete libre de elegir el mejor contenido visual para tu sitio para atraer a tus visitantes.<\/li><\/ul><\/div><div class=\"faq\" data-component=\"FAQ\"><div class=\"faq-item\">\r\n\t\t\t\t\t<div class=\"faq-item-question\">\r\n\t\t\t\t\t\t<h3 class=\"faq-item-question-text\">\u00bfC\u00f3mo puedo insertar un feed de Pinterest en mi WordPress? \u00bfsitio web?<\/h3>\r\n\r\n\t\t\t\t\t\t<div class=\"faq-item-question-icon\"><\/div>\r\n\t\t\t\t\t<\/div>\r\n\r\n\t\t\t\t\t<div class=\"faq-item-answer\">\r\n\t\t\t\t\t\t<div class=\"faq-item-answer-text\"><p>La creaci\u00f3n del widget se produce en las p\u00e1ginas de Elfsight y no es necesario codificar. Utilice nuestra demostraci\u00f3n en vivo para personalizar su widget, adquirir el c\u00f3digo e implementarlo en su sitio web. <\/p><\/div>\r\n\t\t\t\t\t<\/div>\r\n\t\t\t\t<\/div><div class=\"faq-item\">\r\n\t\t\t\t\t<div class=\"faq-item-question\">\r\n\t\t\t\t\t\t<h3 class=\"faq-item-question-text\">\u00bfDe qu\u00e9 manera obtengo la Galer\u00eda de tableros de Pinterest o la Galer\u00eda de pines aplicando los complementos de Elfsight?<\/h3>\r\n\r\n\t\t\t\t\t\t<div class=\"faq-item-question-icon\"><\/div>\r\n\t\t\t\t\t<\/div>\r\n\r\n\t\t\t\t\t<div class=\"faq-item-answer\">\r\n\t\t\t\t\t\t<div class=\"faq-item-answer-text\"><p>Se pueden aplicar un mont\u00f3n de plantillas: mamposter\u00eda, galer\u00eda, cuadr\u00edcula, lista, feed y mucho m\u00e1s, junto con ajustes de dise\u00f1o flexibles para armonizar con sus condiciones previas. Eres libre de crear casi cualquier herramienta que te falte. <\/p><\/div>\r\n\t\t\t\t\t<\/div>\r\n\t\t\t\t<\/div><div class=\"faq-item\">\r\n\t\t\t\t\t<div class=\"faq-item-question\">\r\n\t\t\t\t\t\t<h3 class=\"faq-item-question-text\">\u00bfPor qu\u00e9 mi feed de Pinterest de WordPress no funciona o no se actualiza?<\/h3>\r\n\r\n\t\t\t\t\t\t<div class=\"faq-item-question-icon\"><\/div>\r\n\t\t\t\t\t<\/div>\r\n\r\n\t\t\t\t\t<div class=\"faq-item-answer\">\r\n\t\t\t\t\t\t<div class=\"faq-item-answer-text\"><p>Si tiene alg\u00fan problema con los widgets de Pinterest, comun\u00edquese con el servicio de atenci\u00f3n al cliente. El servicio de soporte es absolutamente gratuito para todos los clientes de Elfsight. <\/p><\/div>\r\n\t\t\t\t\t<\/div>\r\n\t\t\t\t<\/div><\/div><div class=\"application-platform-content-item-features application-platform-content-item\" id=\"features\" data-nav-section=\"features\"><h2>Caracter\u00edsticas principales del widget Feed de Pinterest<\/h2><p>Aqu\u00ed est\u00e1n las funciones gracias a las cuales nuestro widget de Pinterest es uno de los complementos imprescindibles para todo sitio de WordPress.<\/p><ul><li>T\u00edtulo del widget editable;<\/li><li>Elija el ancho y alto del widget;<\/li><li>Mostrar u ocultar header;<\/li><li>Haga clic en la imagen para abrirla en Pinterest;<\/li><\/ul><p><a href=\"#demo\">Compru\u00e9belos todos<\/a><\/p><\/div><div class=\"application-platform-content-item-installation application-platform-content-item\" id=\"installation\" data-nav-section=\"installation\"><h2>C\u00f3mo agregar el complemento de Pinterest al sitio web de WordPress<\/h2><div class=\"video-container\"><iframe width=\"720\" height=\"405\" src=\"https:\/\/www.youtube.com\/embed\/yloriLhhSvQ\" frameborder=\"0\"><\/iframe><\/div><p>Simplemente siga los siguientes pasos que se presentan a continuaci\u00f3n para integrar el complemento en WordPress.<\/p> <ol><li><b>Abra nuestro editor gratuito y comience a crear su complemento exclusivo. <\/b><br> Determine el aspecto y las caracter\u00edsticas preferidas del widget y aplique las modificaciones. <\/li> <li><b>Obtenga su c\u00f3digo personal que se muestra en la ventana de Elfsight Apps. <\/b><br> Tan pronto como finalice el establecimiento de su herramienta, copie el c\u00f3digo exclusivo en la ventana que aparece y gu\u00e1rdelo para su uso posterior. <\/li> <li><b>Ingrese al uso del complemento Pinterest Feed en su sitio web de WordPress. <\/b><br> Agregue el c\u00f3digo guardado anteriormente en su p\u00e1gina y guarde los ajustes. <\/li> <li><b>La instalaci\u00f3n finaliz\u00f3 exitosamente. <\/b><br> Vaya a su sitio para ver el funcionamiento del widget. <\/li><\/ol> <p>\u00bfApareci\u00f3 alguna consulta al aplicar la instrucci\u00f3n? Realice una consulta en nuestro servicio de soporte.<\/p><\/div>","protected":false},"excerpt":{"rendered":"","protected":false},"author":13,"featured_media":0,"parent":956,"menu_order":0,"comment_status":"closed","ping_status":"closed","template":"templates\/template-application-platform.php","meta":{"publish_to_discourse":"","publish_post_category":"","wpdc_auto_publish_overridden":"","wpdc_topic_tags":"","wpdc_pin_topic":"","wpdc_pin_until":"","discourse_post_id":"","discourse_permalink":"","wpdc_publishing_response":"","wpdc_publishing_error":"","footnotes":""},"class_list":["post-2764","page","type-page","status-publish","hentry"],"yoast_head":"<!-- This site is optimized with the Yoast SEO plugin v25.3.1 - https:\/\/yoast.com\/wordpress\/plugins\/seo\/ -->\n<title>Agregue el plugin de Pinterest al sitio web de WordPress - Widgets Elfsight<\/title>\n<meta name=\"description\" content=\"Instala un plugin atractivo de Feed de Pinterest en su WordPress de sitio. Pruebe la demo de Elfsight y cree su plugin propio en 2 minutos.\" \/>\n<meta name=\"robots\" content=\"index, follow, max-snippet:-1, max-image-preview:large, max-video-preview:-1\" \/>\n<link rel=\"canonical\" href=\"https:\/\/elfsight.com\/es\/pinterest-feed-widget\/wordpress\/\" \/>\n<meta property=\"og:locale\" content=\"es_ES\" \/>\n<meta property=\"og:type\" content=\"article\" \/>\n<meta property=\"og:title\" content=\"Agregue el plugin de Pinterest al sitio web de WordPress - Widgets Elfsight\" \/>\n<meta property=\"og:description\" content=\"Instala un plugin atractivo de Feed de Pinterest en su WordPress de sitio. Pruebe la demo de Elfsight y cree su plugin propio en 2 minutos.\" \/>\n<meta property=\"og:url\" content=\"https:\/\/elfsight.com\/es\/pinterest-feed-widget\/wordpress\/\" \/>\n<meta property=\"og:site_name\" content=\"Elfsight ES\" \/>\n<meta property=\"article:modified_time\" content=\"2025-02-06T15:26:53+00:00\" \/>\n<meta name=\"twitter:card\" content=\"summary_large_image\" \/>\n<meta name=\"twitter:label1\" content=\"Tiempo de lectura\" \/>\n\t<meta name=\"twitter:data1\" content=\"2 minutos\" \/>\n<!-- \/ Yoast SEO plugin. -->","yoast_head_json":{"title":"Agregue el plugin de Pinterest al sitio web de WordPress - Widgets Elfsight","description":"Instala un plugin atractivo de Feed de Pinterest en su WordPress de sitio. Pruebe la demo de Elfsight y cree su plugin propio en 2 minutos.","robots":{"index":"index","follow":"follow","max-snippet":"max-snippet:-1","max-image-preview":"max-image-preview:large","max-video-preview":"max-video-preview:-1"},"canonical":"https:\/\/elfsight.com\/es\/pinterest-feed-widget\/wordpress\/","og_locale":"es_ES","og_type":"article","og_title":"Agregue el plugin de Pinterest al sitio web de WordPress - Widgets Elfsight","og_description":"Instala un plugin atractivo de Feed de Pinterest en su WordPress de sitio. Pruebe la demo de Elfsight y cree su plugin propio en 2 minutos.","og_url":"https:\/\/elfsight.com\/es\/pinterest-feed-widget\/wordpress\/","og_site_name":"Elfsight ES","article_modified_time":"2025-02-06T15:26:53+00:00","twitter_card":"summary_large_image","twitter_misc":{"Tiempo de lectura":"2 minutos"},"schema":{"@context":"https:\/\/schema.org","@graph":[{"@type":"WebPage","@id":"https:\/\/elfsight.com\/es\/pinterest-feed-widget\/wordpress\/","url":"https:\/\/elfsight.com\/es\/pinterest-feed-widget\/wordpress\/","name":"Agregue el plugin de Pinterest al sitio web de WordPress - Widgets Elfsight","isPartOf":{"@id":"https:\/\/elfsight.com\/es\/#website"},"datePublished":"2021-11-12T08:26:18+00:00","dateModified":"2025-02-06T15:26:53+00:00","description":"Instala un plugin atractivo de Feed de Pinterest en su WordPress de sitio. Pruebe la demo de Elfsight y cree su plugin propio en 2 minutos.","breadcrumb":{"@id":"https:\/\/elfsight.com\/es\/pinterest-feed-widget\/wordpress\/#breadcrumb"},"inLanguage":"es","potentialAction":[{"@type":"ReadAction","target":["https:\/\/elfsight.com\/es\/pinterest-feed-widget\/wordpress\/"]}]},{"@type":"BreadcrumbList","@id":"https:\/\/elfsight.com\/es\/pinterest-feed-widget\/wordpress\/#breadcrumb","itemListElement":[{"@type":"ListItem","position":1,"name":"Home","item":"https:\/\/elfsight.com\/es\/"},{"@type":"ListItem","position":2,"name":"Pinterest Feed","item":"https:\/\/elfsight.com\/es\/pinterest-feed-widget\/"},{"@type":"ListItem","position":3,"name":"Pinterest Feed &#8211; WordPress"}]},{"@type":"WebSite","@id":"https:\/\/elfsight.com\/es\/#website","url":"https:\/\/elfsight.com\/es\/","name":"Elfsight ES","description":"Just another Elfsight Sites site","potentialAction":[{"@type":"SearchAction","target":{"@type":"EntryPoint","urlTemplate":"https:\/\/elfsight.com\/es\/?s={search_term_string}"},"query-input":{"@type":"PropertyValueSpecification","valueRequired":true,"valueName":"search_term_string"}}],"inLanguage":"es"}]}},"meta_box":{"industry":"","seo_heading":"","heading":"","description":"","cta_heading":"","cta_description":"","application":"955","h1":"Feed de complementos de WordPress de Pinterest","h1_caption":"Inserte una fuente de pines desde su cuenta de Pinterest para mostrar contenido din\u00e1mico y visualmente atractivo en su sitio web de WordPress sin esfuerzo.","application_category":[],"applications_title":"","applications_request_title":"","applications_request_button_text":"","hero_text":"","hero_video":"","hero_video_schema_markup":"","selling_points_title":"","selling_points_caption":"","selling_points":[],"selling_points_cta_text":"","features_title":"","features":"","ed_cta_examples_text":"","ed_cta_examples_hidden":"","ed_cta_demo_text":"","ed_cta_demo_hidden":"","why_caption":"","why_editor_title":"","why_editor_text":"","why_team_title":"","why_team_text":"","why_service_title":"","why_service_text":"","template_catalog_visible":"","template_catalog_title":"","template_catalog_text":"","template_catalog_categories_visible":"","demo_title":"Crea tu complemento de Pinterest Feed","demo_caption":"\u00a1Configura tu Feed de Pinterest y agr\u00e9galo a tu sitio web de WordPress gratis!","default_faq_hidden":"","app_template_category":[],"platform":"115","template_public_id":"","codecanyon_url":"","codecanyon_item_id":"","codecanyon_price":"","pricing_caption":"","pricing_elfsight_apps_hide_column":"","pricing_elfsight_apps_url":"","pricing_codecanyon_price_caption":"","integration_category":[],"integration_request_title":"","integration_request_cta":"","integration_platform":"","integrations":[],"platform_category":[],"video_schema_markup":"","price":"desde $0 por mes","trial":"","benefits":[{"text":"Instalaci\u00f3n gratuita"},{"text":"Soporte Premium"},{"text":"14 d\u00edas garant\u00eda de reembolso"},{"text":"Actualizaciones regulares"}],"button_url":"#demo","button_target_blank":"0","button_nofollow":"0","attributes":[{"name":"Responsivo","content":"Si","_state":"expanded"},{"name":"Navegadores compatibles","content":"Firefox, Safari, Opera, Chrome, Edge","_state":"expanded"}],"tags":[],"tags_disable_links":"0","hide_more_platforms":"","video_object":"{\r\n  \"@context\": \"http:\/\/schema.org\",\r\n  \"@type\": \"VideoObject\",\r\n  \"name\": \"How to Embed Pinterest Feed Plugin on WordPress (2021)\",\r\n  \"description\": \"Try out the best Pinterest Feed plugin for WordPress for free. A simple and fast widget integrating without skills in developing.\",\r\n  \"thumbnailUrl\": \"https:\/\/i.ytimg.com\/vi\/yloriLhhSvQ\/default.jpg\",\r\n  \"uploadDate\": \"2021-04-08T12:10:23Z\",\r\n  \"duration\": \"PT2M26S\",\r\n  \"embedUrl\": \"https:\/\/www.youtube.com\/embed\/yloriLhhSvQ\",\r\n  \"interactionCount\": \"14\"\r\n}","demo_hide_cta":"0","demo_hide_cloud_options":"0","pricing_title":"","pricing":[{"pricing_icon":"platform","pricing_title":" Elfsight Apps","pricing_title_caption":"Soluci\u00f3n multiplataforma - valido para cualquier p\u00e1gina web","pricing_price":"desde $0 por mes","pricing_price_caption":"empezar con un plan gratuito","pricing_benefits":[{"text":"Sitios web ilimitados"},{"text":"Atenci\u00f3n al cliente gratuita y r\u00e1pida"},{"text":"Servicio de instalaci\u00f3n gratuito"},{"text":"Totalmente personalizable"}],"pricing_button_text":"Agregar al sitio web","pricing_button_url":"#demo","_state":"expanded"}],"related_apps_title":"","related_apps_hidden":"1","author":"","image":[],"title":"","job":"","social_networks":[]},"_links":{"self":[{"href":"https:\/\/elfsight.com\/es\/wp-json\/wp\/v2\/pages\/2764","targetHints":{"allow":["GET"]}}],"collection":[{"href":"https:\/\/elfsight.com\/es\/wp-json\/wp\/v2\/pages"}],"about":[{"href":"https:\/\/elfsight.com\/es\/wp-json\/wp\/v2\/types\/page"}],"author":[{"embeddable":true,"href":"https:\/\/elfsight.com\/es\/wp-json\/wp\/v2\/users\/13"}],"replies":[{"embeddable":true,"href":"https:\/\/elfsight.com\/es\/wp-json\/wp\/v2\/comments?post=2764"}],"version-history":[{"count":5,"href":"https:\/\/elfsight.com\/es\/wp-json\/wp\/v2\/pages\/2764\/revisions"}],"predecessor-version":[{"id":18300,"href":"https:\/\/elfsight.com\/es\/wp-json\/wp\/v2\/pages\/2764\/revisions\/18300"}],"up":[{"embeddable":true,"href":"https:\/\/elfsight.com\/es\/wp-json\/wp\/v2\/pages\/956"}],"wp:attachment":[{"href":"https:\/\/elfsight.com\/es\/wp-json\/wp\/v2\/media?parent=2764"}],"curies":[{"name":"wp","href":"https:\/\/api.w.org\/{rel}","templated":true}]}}