{"id":2750,"date":"2021-11-12T07:09:05","date_gmt":"2021-11-12T07:09:05","guid":{"rendered":"https:\/\/elfsight.com\/es\/?page_id=2750"},"modified":"2025-02-06T15:27:02","modified_gmt":"2025-02-06T15:27:02","slug":"wordpress","status":"publish","type":"page","link":"https:\/\/elfsight.com\/es\/number-counter-widget\/wordpress\/","title":{"rendered":"Number Counter &#8211; WordPress"},"content":{"rendered":"<div class=\"application-platform-content-item-description application-platform-content-item\" id=\"description\" data-nav-section=\"description\"> <h2>Incrustar Number Counter en WordPress con el widget Elfsight<\/h2> <p>Elfsight Number Counter es un complemento f\u00e1cil de usar para WordPress con una amplia gama de opciones. Es una gran caracter\u00edstica para presumir de sus impresionantes \u00edndices comerciales, la cantidad de trabajos realizados hasta el momento y mucho m\u00e1s. El complemento es extremadamente flexible. Eres libre de construir cualquier cantidad de contadores, organizarlos en columnas, elegir \u00edconos de nuestra colecci\u00f3n o cargar los tuyos personalizados, hacerlos multicolores o de un solo color, adjuntar leyendas para aclarar los n\u00fameros que est\u00e1s demostrando, cambiar el color de cualquier caracter\u00edstica, elegir la imagen de fondo y eso no es todo. \u00a1Comience a construir su contador ahora y observe c\u00f3mo crecen r\u00e1pidamente las principales estad\u00edsticas de su negocio! <\/p> <p><b>Muestre sus brillantes logros a sus futuros clientes. \u00a1Obtenga m\u00e1s ofertas y clientes potenciales exitosos! <\/b><\/p><div class=\"faq\" data-component=\"FAQ\"><div class=\"faq-item\">\r\n\t\t\t\t\t<div class=\"faq-item-question\">\r\n\t\t\t\t\t\t<h3 class=\"faq-item-question-text\">\u00bfC\u00f3mo agregar el contador de n\u00fameros a una p\u00e1gina de WordPress?<\/h3>\r\n\r\n\t\t\t\t\t\t<div class=\"faq-item-question-icon\"><\/div>\r\n\t\t\t\t\t<\/div>\r\n\r\n\t\t\t\t\t<div class=\"faq-item-answer\">\r\n\t\t\t\t\t\t<div class=\"faq-item-answer-text\"><p>La instalaci\u00f3n solo toma unos segundos. Adem\u00e1s, no es necesario tener conocimientos en programaci\u00f3n web. <\/p><ol><li>Modifica el widget de WordPress en el configurador en vivo gratuito. <\/li> <li>Obtenga su c\u00f3digo de instalaci\u00f3n individual. <\/li> <li>Pegue el c\u00f3digo en el lugar necesario en el backend del sitio web. <\/li> <li>\u00a1Buen trabajo! \u00a1La instalaci\u00f3n del complemento de contador de n\u00fameros en WordPress est\u00e1 completa! <\/li><\/ol><p>\u00bfTiene problemas al instalar el complemento en WordPress o al configurar el contador de n\u00fameros? Puede encontrar la gu\u00eda detallada <a href=\"https:\/\/elfsight.com\/tutorials\/how-to-add-number-counter-to-website\/#how-to-add-number-counter-to-wordpress\">en esta p\u00e1gina<\/a>.<\/p><\/div>\r\n\t\t\t\t\t<\/div>\r\n\t\t\t\t<\/div><div class=\"faq-item\">\r\n\t\t\t\t\t<div class=\"faq-item-question\">\r\n\t\t\t\t\t\t<h3 class=\"faq-item-question-text\">\u00bfTengo la oportunidad de ver c\u00f3mo se ver\u00e1 el widget en mi sitio web?<\/h3>\r\n\r\n\t\t\t\t\t\t<div class=\"faq-item-question-icon\"><\/div>\r\n\t\t\t\t\t<\/div>\r\n\r\n\t\t\t\t\t<div class=\"faq-item-answer\">\r\n\t\t\t\t\t\t<div class=\"faq-item-answer-text\"><p>S\u00ed, usted \u00a1poder! En el proceso de producir el contador de n\u00fameros de WordPress en el <a href=\"https:\/\/elfsight.com\/number-counter-widget\/#demo\">generador de complementos en vivo<\/a>, ver\u00e1 todas las configuraciones a la derecha. El contador se ver\u00e1 exactamente igual que el que tendr\u00e1 en un sitio de WordPress. <\/p><\/div>\r\n\t\t\t\t\t<\/div>\r\n\t\t\t\t<\/div><div class=\"faq-item\">\r\n\t\t\t\t\t<div class=\"faq-item-question\">\r\n\t\t\t\t\t\t<h3 class=\"faq-item-question-text\">\u00bfQu\u00e9 otros widgets son necesarios para un sitio web de WordPress?<\/h3>\r\n\r\n\t\t\t\t\t\t<div class=\"faq-item-question-icon\"><\/div>\r\n\t\t\t\t\t<\/div>\r\n\r\n\t\t\t\t\t<div class=\"faq-item-answer\">\r\n\t\t\t\t\t\t<div class=\"faq-item-answer-text\"><p>WordPress ofrece toneladas de herramientas para cualquier tipo de sitio web. Pero siempre puedes usar los complementos de Elfsight, ya que nunca tendr\u00e1s que codificarlos y aumentar\u00e1n la funcionalidad de tu tienda electr\u00f3nica muchas veces.<\/p><p><\/p>Por ejemplo, si agregas <a href=\"https:\/\/elfsight.com\/whatsapp-chat-widget\/wordpress\/\">WhatsApp<\/a> o <a href=\"https:\/\/elfsight.com\/facebook-chat-widget\/wordpress\/\">Facebook Chat<\/a> a las p\u00e1ginas web, mejorar\u00e1 la comunicaci\u00f3n y la atenci\u00f3n al cliente, si tiene <a href=\"https:\/\/elfsight.com\/google-reviews-widget\/wordpress\/\">Rese\u00f1as de Google<\/a> y <a href=\"https:\/\/elfsight.com\/testimonials-slider-widget\/wordpress\/\">Control deslizante de testimonios<\/a>, presentar\u00e1 una excelente calificaci\u00f3n de su incre\u00edble empresa. La <a href=\"https:\/\/elfsight.com\/youtube-channel-plugin-yottie\/wordpress\/\">Galer\u00eda de YouTube<\/a> permite mostrar v\u00eddeos educativos, publicitarios y explicativos de uno de los alojamientos de v\u00eddeos m\u00e1s populares.<p><\/p><\/div>\r\n\t\t\t\t\t<\/div>\r\n\t\t\t\t<\/div><\/div> <\/div> <div class=\"application-platform-content-item-features application-platform-content-item\" id=\"features\" data-nav-section=\"features\"> <h2>Ofrecemos funciones pr\u00e1cticas y sencillas, estas son algunas de ellas: <\/h2> <ul><li>Cualquier n\u00famero de contadores. <\/li><li>Cantidad ilimitada de columnas. <\/li><li>Adjuntar subt\u00edtulos, titulares, prefijos y sufijos. <\/li><li>Elija el tipo de \u00edcono: t\u00f3melo de nuestra colecci\u00f3n o cargue los suyos personalizados. <\/li><li>Enlaces adjuntos. <\/li><\/ul><p><a href=\"#demo\">Simplemente pruebe esta demostraci\u00f3n para ver cu\u00e1nto vale el widget<\/a><\/p> <\/div> <div class=\"application-platform-content-item-installation application-platform-content-item\" id=\"installation\" data-nav-section=\"installation\"> <h2>\u00bfC\u00f3mo puedo agregar Number Counter a mi sitio web de WordPress? <\/h2><div class=\"video-container\"><iframe width=\"720\" height=\"405\" src=\"https:\/\/www.youtube.com\/embed\/VbAcbSFFN60\" frameborder=\"0\"><\/iframe><\/div><p>Simplemente siga las pautas a continuaci\u00f3n para comenzar a trabajar con la herramienta. <\/p> <ol><li><b>Emplee nuestra demostraci\u00f3n gratuita y comience a darle forma a su complemento \u00fanico. <\/b><br> Encuentre la forma y las especificaciones preferibles del complemento y aplique todas las ediciones. <\/li> <li><b>Reciba el c\u00f3digo \u00fanico que se revela en el cuadro de Elfsight Apps. <\/b><br> Una vez finalizada la configuraci\u00f3n de su complemento personal, copie el c\u00f3digo exclusivo de la ventana emergente que aparece y gu\u00e1rdelo para futuras ocasiones. <\/li> <li><b>Comience a usar el complemento en la p\u00e1gina web de WordPress. <\/b><br>Coloca el c\u00f3digo copiado anteriormente en tu sitio web y aplica las correcciones. <\/li> <li><b>La instalaci\u00f3n se realiz\u00f3 exitosamente. <\/b><br> Abra su sitio para ver el trabajo del complemento. <\/li><\/ol><p>En caso de que se enfrente a algunos obst\u00e1culos, no dude en recurrir a nuestro equipo de atenci\u00f3n al cliente. Nuestros consultores estar\u00e1n encantados de resolver todas las dudas que puedas tener con la herramienta. <\/p> <\/div>","protected":false},"excerpt":{"rendered":"","protected":false},"author":13,"featured_media":0,"parent":1135,"menu_order":0,"comment_status":"closed","ping_status":"closed","template":"templates\/template-application-platform.php","meta":{"publish_to_discourse":"","publish_post_category":"","wpdc_auto_publish_overridden":"","wpdc_topic_tags":"","wpdc_pin_topic":"","wpdc_pin_until":"","discourse_post_id":"","discourse_permalink":"","wpdc_publishing_response":"","wpdc_publishing_error":"","footnotes":""},"class_list":["post-2750","page","type-page","status-publish","hentry"],"yoast_head":"<!-- This site is optimized with the Yoast SEO plugin v25.3.1 - https:\/\/yoast.com\/wordpress\/plugins\/seo\/ -->\n<title>Contador de n\u00fameros: agregue el plugin de Counter a WordPress (gratis)<\/title>\n<meta name=\"description\" content=\"A\u00f1ade un widget interactivo de Contador de n\u00fameros en su p\u00e1gina web WordPress. Use la demo de Elfsight intuitiva y construe su plugin.\" \/>\n<meta name=\"robots\" content=\"index, follow, max-snippet:-1, max-image-preview:large, max-video-preview:-1\" \/>\n<link rel=\"canonical\" href=\"https:\/\/elfsight.com\/es\/number-counter-widget\/wordpress\/\" \/>\n<meta property=\"og:locale\" content=\"es_ES\" \/>\n<meta property=\"og:type\" content=\"article\" \/>\n<meta property=\"og:title\" content=\"Contador de n\u00fameros: agregue el plugin de Counter a WordPress (gratis)\" \/>\n<meta property=\"og:description\" content=\"A\u00f1ade un widget interactivo de Contador de n\u00fameros en su p\u00e1gina web WordPress. Use la demo de Elfsight intuitiva y construe su plugin.\" \/>\n<meta property=\"og:url\" content=\"https:\/\/elfsight.com\/es\/number-counter-widget\/wordpress\/\" \/>\n<meta property=\"og:site_name\" content=\"Elfsight ES\" \/>\n<meta property=\"article:modified_time\" content=\"2025-02-06T15:27:02+00:00\" \/>\n<meta name=\"twitter:card\" content=\"summary_large_image\" \/>\n<meta name=\"twitter:label1\" content=\"Tiempo de lectura\" \/>\n\t<meta name=\"twitter:data1\" content=\"2 minutos\" \/>\n<!-- \/ Yoast SEO plugin. -->","yoast_head_json":{"title":"Contador de n\u00fameros: agregue el plugin de Counter a WordPress (gratis)","description":"A\u00f1ade un widget interactivo de Contador de n\u00fameros en su p\u00e1gina web WordPress. Use la demo de Elfsight intuitiva y construe su plugin.","robots":{"index":"index","follow":"follow","max-snippet":"max-snippet:-1","max-image-preview":"max-image-preview:large","max-video-preview":"max-video-preview:-1"},"canonical":"https:\/\/elfsight.com\/es\/number-counter-widget\/wordpress\/","og_locale":"es_ES","og_type":"article","og_title":"Contador de n\u00fameros: agregue el plugin de Counter a WordPress (gratis)","og_description":"A\u00f1ade un widget interactivo de Contador de n\u00fameros en su p\u00e1gina web WordPress. Use la demo de Elfsight intuitiva y construe su plugin.","og_url":"https:\/\/elfsight.com\/es\/number-counter-widget\/wordpress\/","og_site_name":"Elfsight ES","article_modified_time":"2025-02-06T15:27:02+00:00","twitter_card":"summary_large_image","twitter_misc":{"Tiempo de lectura":"2 minutos"},"schema":{"@context":"https:\/\/schema.org","@graph":[{"@type":"WebPage","@id":"https:\/\/elfsight.com\/es\/number-counter-widget\/wordpress\/","url":"https:\/\/elfsight.com\/es\/number-counter-widget\/wordpress\/","name":"Contador de n\u00fameros: agregue el plugin de Counter a WordPress (gratis)","isPartOf":{"@id":"https:\/\/elfsight.com\/es\/#website"},"datePublished":"2021-11-12T07:09:05+00:00","dateModified":"2025-02-06T15:27:02+00:00","description":"A\u00f1ade un widget interactivo de Contador de n\u00fameros en su p\u00e1gina web WordPress. Use la demo de Elfsight intuitiva y construe su plugin.","breadcrumb":{"@id":"https:\/\/elfsight.com\/es\/number-counter-widget\/wordpress\/#breadcrumb"},"inLanguage":"es","potentialAction":[{"@type":"ReadAction","target":["https:\/\/elfsight.com\/es\/number-counter-widget\/wordpress\/"]}]},{"@type":"BreadcrumbList","@id":"https:\/\/elfsight.com\/es\/number-counter-widget\/wordpress\/#breadcrumb","itemListElement":[{"@type":"ListItem","position":1,"name":"Home","item":"https:\/\/elfsight.com\/es\/"},{"@type":"ListItem","position":2,"name":"Number Counter","item":"https:\/\/elfsight.com\/es\/number-counter-widget\/"},{"@type":"ListItem","position":3,"name":"Number Counter &#8211; WordPress"}]},{"@type":"WebSite","@id":"https:\/\/elfsight.com\/es\/#website","url":"https:\/\/elfsight.com\/es\/","name":"Elfsight ES","description":"Just another Elfsight Sites site","potentialAction":[{"@type":"SearchAction","target":{"@type":"EntryPoint","urlTemplate":"https:\/\/elfsight.com\/es\/?s={search_term_string}"},"query-input":{"@type":"PropertyValueSpecification","valueRequired":true,"valueName":"search_term_string"}}],"inLanguage":"es"}]}},"meta_box":{"industry":"","seo_heading":"","heading":"","description":"","cta_heading":"","cta_description":"","application":"1134","h1":"Complemento de WordPress Contador de n\u00fameros","h1_caption":"Muestre estad\u00edsticas e hitos clave con contadores animados para resaltar sus logros de una manera atractiva en su sitio web de WordPress sin esfuerzo.","application_category":[],"applications_title":"","applications_request_title":"","applications_request_button_text":"","hero_text":"","hero_video":"","hero_video_schema_markup":"","selling_points_title":"","selling_points_caption":"","selling_points":[],"selling_points_cta_text":"","features_title":"","features":"","ed_cta_examples_text":"","ed_cta_examples_hidden":"","ed_cta_demo_text":"","ed_cta_demo_hidden":"","why_caption":"","why_editor_title":"","why_editor_text":"","why_team_title":"","why_team_text":"","why_service_title":"","why_service_text":"","template_catalog_visible":"","template_catalog_title":"","template_catalog_text":"","template_catalog_categories_visible":"","demo_title":"Crea tu complemento de contador de n\u00fameros","demo_caption":"\u00a1Configure su contador de n\u00fameros y agr\u00e9guelo a su sitio web de WordPress gratis!","default_faq_hidden":"","app_template_category":[],"platform":"115","template_public_id":"","codecanyon_url":"","codecanyon_item_id":"","codecanyon_price":"","pricing_caption":"","pricing_elfsight_apps_hide_column":"","pricing_elfsight_apps_url":"","pricing_codecanyon_price_caption":"","integration_category":[],"integration_request_title":"","integration_request_cta":"","integration_platform":"","integrations":[],"platform_category":[],"video_schema_markup":"","price":"desde $0 por mes","trial":"","benefits":[{"text":"Instalaci\u00f3n gratuita"},{"text":"Soporte Premium"},{"text":"14 d\u00edas garant\u00eda de reembolso"},{"text":"Actualizaciones regulares"}],"button_url":"#demo","button_target_blank":"0","button_nofollow":"0","attributes":[{"name":"Responsivo","content":"Si","_state":"expanded"},{"name":"Navegadores compatibles","content":"Firefox, Safari, Opera, Chrome, Edge","_state":"expanded"}],"tags":[],"tags_disable_links":"0","hide_more_platforms":"","video_object":"{\r\n  \"@context\": \"http:\/\/schema.org\",\r\n  \"@type\": \"VideoObject\",\r\n  \"name\": \"How to Add Number Counter to WordPress (2021)\",\r\n  \"description\": \"Use animated Number Counter on your WordPress web page, using our live demo. Form your custom plugin in just a few clicks and with absolutely no effort!\",\r\n  \"thumbnailUrl\": \"https:\/\/i.ytimg.com\/vi\/VbAcbSFFN60\/default.jpg\",\r\n  \"uploadDate\": \"2021-02-19T07:59:33Z\",\r\n  \"duration\": \"PT2M34S\",\r\n  \"embedUrl\": \"https:\/\/www.youtube.com\/embed\/VbAcbSFFN60\",\r\n  \"interactionCount\": \"2\"\r\n}","demo_hide_cta":"0","demo_hide_cloud_options":"0","pricing_title":"","pricing":[{"pricing_icon":"platform","pricing_title":" Elfsight Apps","pricing_title_caption":"Soluci\u00f3n multiplataforma - valido para cualquier p\u00e1gina web","pricing_price":"desde $0 por mes","pricing_price_caption":"empezar con un plan gratuito","pricing_benefits":[{"text":"Sitios web ilimitados"},{"text":"Atenci\u00f3n al cliente gratuita y r\u00e1pida"},{"text":"Servicio de instalaci\u00f3n gratuito"},{"text":"Totalmente personalizable"}],"pricing_button_text":"Agregar al sitio web","pricing_button_url":"#demo","_state":"expanded"}],"related_apps_title":"","related_apps_hidden":"1","author":"","image":[],"title":"","job":"","social_networks":[]},"_links":{"self":[{"href":"https:\/\/elfsight.com\/es\/wp-json\/wp\/v2\/pages\/2750","targetHints":{"allow":["GET"]}}],"collection":[{"href":"https:\/\/elfsight.com\/es\/wp-json\/wp\/v2\/pages"}],"about":[{"href":"https:\/\/elfsight.com\/es\/wp-json\/wp\/v2\/types\/page"}],"author":[{"embeddable":true,"href":"https:\/\/elfsight.com\/es\/wp-json\/wp\/v2\/users\/13"}],"replies":[{"embeddable":true,"href":"https:\/\/elfsight.com\/es\/wp-json\/wp\/v2\/comments?post=2750"}],"version-history":[{"count":6,"href":"https:\/\/elfsight.com\/es\/wp-json\/wp\/v2\/pages\/2750\/revisions"}],"predecessor-version":[{"id":18303,"href":"https:\/\/elfsight.com\/es\/wp-json\/wp\/v2\/pages\/2750\/revisions\/18303"}],"up":[{"embeddable":true,"href":"https:\/\/elfsight.com\/es\/wp-json\/wp\/v2\/pages\/1135"}],"wp:attachment":[{"href":"https:\/\/elfsight.com\/es\/wp-json\/wp\/v2\/media?parent=2750"}],"curies":[{"name":"wp","href":"https:\/\/api.w.org\/{rel}","templated":true}]}}