{"id":2745,"date":"2021-11-11T12:35:51","date_gmt":"2021-11-11T12:35:51","guid":{"rendered":"https:\/\/elfsight.com\/es\/?page_id=2745"},"modified":"2025-02-06T15:27:02","modified_gmt":"2025-02-06T15:27:02","slug":"wordpress","status":"publish","type":"page","link":"https:\/\/elfsight.com\/es\/before-and-after-slider-widget\/wordpress\/","title":{"rendered":"Before and After Slider &#8211; WordPress"},"content":{"rendered":"<div class=\"application-platform-content-item-description application-platform-content-item\" id=\"description\" data-nav-section=\"description\"> <h2>Incrustar el control deslizante Antes y despu\u00e9s en WordPress con el widget Elfsight<\/h2> <p> El control deslizante Antes y despu\u00e9s de Elfsight le ayuda a mostrar impresionantes fotograf\u00edas promocionales para su sitio. Los clientes podr\u00e1n explorar todas las modificaciones que realicen sus productos o servicios. Simplemente cargue im\u00e1genes de antes y despu\u00e9s en Before and After Slider para WordPress y aparecer\u00e1n con un divisor que los usuarios pueden mover para ver la diferencia. Puede agregar pares ilimitados de fotos y escribir t\u00edtulos y etiquetas. La orientaci\u00f3n del divisor puede ser horizontal o vertical y puede elegir la mejor proporci\u00f3n de imagen. Sus visitantes definitivamente har\u00e1n pedidos, una vez que descubran la eficiencia real| de tus productos!  <\/p> <p><b>Haga que su sitio sea m\u00e1s eficiente para los objetivos comerciales con fotos del antes y el despu\u00e9s<\/b><\/p> <\/div> <div class=\"application-platform-content-item-features application-platform-content-item\" id=\"features\" data-nav-section=\"features\"> <h2>Estas son solo algunas de las caracter\u00edsticas del amplio widget: <\/h2> <ul><li>Crea cualquier cantidad de pares de im\u00e1genes de Antes y Despu\u00e9s<\/li> <li>Inserta t\u00edtulos con formato de texto para cada uno imagen<\/li><li>Dos dise\u00f1os incorporados: Lista y Carrusel<\/li><li>Movimiento horizontal o vertical del divisor<\/li><li>Hacer clic y arrastrar o simplemente pasar el cursor para cambiar el divisor<\/li><li>Deslizar en dispositivos con pantalla t\u00e1ctil<\/li><\/ul><p><a href=\"#demo\">Examine todas las configuraciones en una demostraci\u00f3n con todas las funciones<\/a><\/p> <\/div> <div class=\"application-platform-content-item-installation application-platform-content-item\" id=\"installation\" data-nav-section=\"installation\"> <h2>\u00bfC\u00f3mo agrego el control deslizante Antes y Despu\u00e9s en mi sitio web de WordPress? <\/h2> <div class=\"video-container\"><iframe width=\"720\" height=\"405\" src=\"https:\/\/www.youtube.com\/embed\/LiRY2aB_KPY\"><\/iframe><\/div><p>Simplemente siga las instrucciones a continuaci\u00f3n para comenzar a usar el complemento en WordPress.<\/p> <ol><li><b>Abra nuestra demostraci\u00f3n gratuita y comience a darle forma a su complemento personalizado. <\/b><br> Determine la interfaz preferida y los par\u00e1metros del widget y aplique las correcciones. <\/li> <li><b>Copia tu c\u00f3digo \u00fanico que aparece en la ventana de Elfsight Apps. <\/b><br> Cuando haya terminado de establecer su complemento personal del control deslizante Antes y despu\u00e9s, copie el c\u00f3digo personal en el cuadro que aparece y gu\u00e1rdelo para futuras necesidades. <\/li> <li><b>Inicie la aplicaci\u00f3n del widget en su sitio web de WordPress. <\/b><br> Inserta el c\u00f3digo guardado anteriormente en tu sitio web y guarda las mejoras. <\/li> <li><b>\u00a1Listo! La configuraci\u00f3n se realiz\u00f3 con \u00e9xito. <\/b><br>Visite su p\u00e1gina para comprobar el rendimiento del complemento. <\/li><\/ol> <p>Si tiene dudas o enfrenta alg\u00fan obst\u00e1culo, no dude en ponerse en contacto con nuestro personal de soporte. Nuestros especialistas est\u00e1n ansiosos por resolver todos los problemas que pueda tener con el widget. <\/p> <div class=\"faq\" data-component=\"FAQ\"><div class=\"faq-item\">\r\n\t\t\t\t\t<div class=\"faq-item-question\">\r\n\t\t\t\t\t\t<h3 class=\"faq-item-question-text\">\u00bfC\u00f3mo puedo agregar un control deslizante Antes y Despu\u00e9s a mi sitio web de WordPress sin conocimientos de codificaci\u00f3n?<\/h3>\r\n\r\n\t\t\t\t\t\t<div class=\"faq-item-question-icon\"><\/div>\r\n\t\t\t\t\t<\/div>\r\n\r\n\t\t\t\t\t<div class=\"faq-item-answer\">\r\n\t\t\t\t\t\t<div class=\"faq-item-answer-text\"> <p>Elfsight proporciona una soluci\u00f3n SaaS que le permite crear un control deslizante Antes y Despu\u00e9s usted mismo. Vea lo f\u00e1cil que es el proceso: trabaje directamente en el editor en l\u00ednea para crear un control deslizante Antes y Despu\u00e9s que le gustar\u00eda ver en su sitio web de WordPress. Elija una de las plantillas predise\u00f1adas y ajuste la configuraci\u00f3n del control deslizante Antes y Despu\u00e9s, agregue su contenido, cambie el dise\u00f1o y los colores sin conocimientos de codificaci\u00f3n. Guarde el control deslizante Antes y despu\u00e9s y copie su c\u00f3digo de instalaci\u00f3n, que puede simplemente incluir en su sitio web de WordPress sin comprar un plan pago. Con nuestro editor intuitivo, cualquier usuario de Internet puede crear un widget deslizante de Antes y despu\u00e9s en l\u00ednea e incrustarlo f\u00e1cilmente en su sitio web de WordPress. No es necesario pagar ni ingresar las credenciales de su tarjeta para acceder al servicio. Si tiene alg\u00fan problema en cualquier paso, no dude en ponerse en contacto con nuestro equipo de soporte t\u00e9cnico.<\/p> <\/div>\r\n\t\t\t\t\t<\/div>\r\n\t\t\t\t<\/div> <\/div><\/div>","protected":false},"excerpt":{"rendered":"","protected":false},"author":13,"featured_media":0,"parent":608,"menu_order":0,"comment_status":"closed","ping_status":"closed","template":"templates\/template-application-platform.php","meta":{"publish_to_discourse":"","publish_post_category":"","wpdc_auto_publish_overridden":"","wpdc_topic_tags":"","wpdc_pin_topic":"","wpdc_pin_until":"","discourse_post_id":"","discourse_permalink":"","wpdc_publishing_response":"","wpdc_publishing_error":"","footnotes":""},"class_list":["post-2745","page","type-page","status-publish","hentry"],"yoast_head":"<!-- This site is optimized with the Yoast SEO plugin v25.3.1 - https:\/\/yoast.com\/wordpress\/plugins\/seo\/ -->\n<title>Antes y despu\u00e9s Slider para el sitio web de WordPress (\u00a1gratis y r\u00e1pido!)<\/title>\n<meta name=\"description\" content=\"Incrusta un responsivo de Slider de antes y despu\u00e9s en su p\u00e1gina web WordPress. Use la demo de Elfsight y genere su propio plugin.\" \/>\n<meta name=\"robots\" content=\"index, follow, max-snippet:-1, max-image-preview:large, max-video-preview:-1\" \/>\n<link rel=\"canonical\" href=\"https:\/\/elfsight.com\/es\/before-and-after-slider-widget\/wordpress\/\" \/>\n<meta property=\"og:locale\" content=\"es_ES\" \/>\n<meta property=\"og:type\" content=\"article\" \/>\n<meta property=\"og:title\" content=\"Antes y despu\u00e9s Slider para el sitio web de WordPress (\u00a1gratis y r\u00e1pido!)\" \/>\n<meta property=\"og:description\" content=\"Incrusta un responsivo de Slider de antes y despu\u00e9s en su p\u00e1gina web WordPress. Use la demo de Elfsight y genere su propio plugin.\" \/>\n<meta property=\"og:url\" content=\"https:\/\/elfsight.com\/es\/before-and-after-slider-widget\/wordpress\/\" \/>\n<meta property=\"og:site_name\" content=\"Elfsight ES\" \/>\n<meta property=\"article:modified_time\" content=\"2025-02-06T15:27:02+00:00\" \/>\n<meta name=\"twitter:card\" content=\"summary_large_image\" \/>\n<meta name=\"twitter:label1\" content=\"Tiempo de lectura\" \/>\n\t<meta name=\"twitter:data1\" content=\"2 minutos\" \/>\n<!-- \/ Yoast SEO plugin. -->","yoast_head_json":{"title":"Antes y despu\u00e9s Slider para el sitio web de WordPress (\u00a1gratis y r\u00e1pido!)","description":"Incrusta un responsivo de Slider de antes y despu\u00e9s en su p\u00e1gina web WordPress. Use la demo de Elfsight y genere su propio plugin.","robots":{"index":"index","follow":"follow","max-snippet":"max-snippet:-1","max-image-preview":"max-image-preview:large","max-video-preview":"max-video-preview:-1"},"canonical":"https:\/\/elfsight.com\/es\/before-and-after-slider-widget\/wordpress\/","og_locale":"es_ES","og_type":"article","og_title":"Antes y despu\u00e9s Slider para el sitio web de WordPress (\u00a1gratis y r\u00e1pido!)","og_description":"Incrusta un responsivo de Slider de antes y despu\u00e9s en su p\u00e1gina web WordPress. Use la demo de Elfsight y genere su propio plugin.","og_url":"https:\/\/elfsight.com\/es\/before-and-after-slider-widget\/wordpress\/","og_site_name":"Elfsight ES","article_modified_time":"2025-02-06T15:27:02+00:00","twitter_card":"summary_large_image","twitter_misc":{"Tiempo de lectura":"2 minutos"},"schema":{"@context":"https:\/\/schema.org","@graph":[{"@type":"WebPage","@id":"https:\/\/elfsight.com\/es\/before-and-after-slider-widget\/wordpress\/","url":"https:\/\/elfsight.com\/es\/before-and-after-slider-widget\/wordpress\/","name":"Antes y despu\u00e9s Slider para el sitio web de WordPress (\u00a1gratis y r\u00e1pido!)","isPartOf":{"@id":"https:\/\/elfsight.com\/es\/#website"},"datePublished":"2021-11-11T12:35:51+00:00","dateModified":"2025-02-06T15:27:02+00:00","description":"Incrusta un responsivo de Slider de antes y despu\u00e9s en su p\u00e1gina web WordPress. Use la demo de Elfsight y genere su propio plugin.","breadcrumb":{"@id":"https:\/\/elfsight.com\/es\/before-and-after-slider-widget\/wordpress\/#breadcrumb"},"inLanguage":"es","potentialAction":[{"@type":"ReadAction","target":["https:\/\/elfsight.com\/es\/before-and-after-slider-widget\/wordpress\/"]}]},{"@type":"BreadcrumbList","@id":"https:\/\/elfsight.com\/es\/before-and-after-slider-widget\/wordpress\/#breadcrumb","itemListElement":[{"@type":"ListItem","position":1,"name":"Home","item":"https:\/\/elfsight.com\/es\/"},{"@type":"ListItem","position":2,"name":"Before and After Slider","item":"https:\/\/elfsight.com\/es\/before-and-after-slider-widget\/"},{"@type":"ListItem","position":3,"name":"Before and After Slider &#8211; WordPress"}]},{"@type":"WebSite","@id":"https:\/\/elfsight.com\/es\/#website","url":"https:\/\/elfsight.com\/es\/","name":"Elfsight ES","description":"Just another Elfsight Sites site","potentialAction":[{"@type":"SearchAction","target":{"@type":"EntryPoint","urlTemplate":"https:\/\/elfsight.com\/es\/?s={search_term_string}"},"query-input":{"@type":"PropertyValueSpecification","valueRequired":true,"valueName":"search_term_string"}}],"inLanguage":"es"}]}},"meta_box":{"industry":"","seo_heading":"","heading":"","description":"","cta_heading":"","cta_description":"","application":"607","h1":"Complemento de WordPress Deslizador de antes y despu\u00e9s","h1_caption":"Presente comparaciones entre dos im\u00e1genes, ideales para resaltar transformaciones o mostrar los beneficios del producto en su sitio web de WordPress sin esfuerzo.","application_category":[],"applications_title":"","applications_request_title":"","applications_request_button_text":"","hero_text":"","hero_video":"","hero_video_schema_markup":"","selling_points_title":"","selling_points_caption":"","selling_points":[],"selling_points_cta_text":"","features_title":"","features":"","ed_cta_examples_text":"","ed_cta_examples_hidden":"","ed_cta_demo_text":"","ed_cta_demo_hidden":"","why_caption":"","why_editor_title":"","why_editor_text":"","why_team_title":"","why_team_text":"","why_service_title":"","why_service_text":"","template_catalog_visible":"","template_catalog_title":"","template_catalog_text":"","template_catalog_categories_visible":"","demo_title":"Crea tu complemento deslizante Antes y Despu\u00e9s","demo_caption":"\u00a1Configure su control deslizante Antes y Despu\u00e9s y agr\u00e9guelo a su sitio web de WordPress de forma gratuita!","default_faq_hidden":"","app_template_category":[],"platform":"115","template_public_id":"","codecanyon_url":"","codecanyon_item_id":"","codecanyon_price":"","pricing_caption":"","pricing_elfsight_apps_hide_column":"","pricing_elfsight_apps_url":"","pricing_codecanyon_price_caption":"","integration_category":[],"integration_request_title":"","integration_request_cta":"","integration_platform":"","integrations":[],"platform_category":[],"video_schema_markup":"","price":"desde $0 por mes","trial":"","benefits":[{"text":"Instalaci\u00f3n gratuita"},{"text":"Soporte Premium"},{"text":"14 d\u00edas garant\u00eda de reembolso"},{"text":"Actualizaciones regulares"}],"button_url":"#demo","button_target_blank":"0","button_nofollow":"0","attributes":[{"name":"Responsivo","content":"Si","_state":"expanded"},{"name":"Navegadores compatibles","content":"Firefox, Safari, Opera, Chrome, Edge","_state":"expanded"}],"tags":[],"tags_disable_links":"0","hide_more_platforms":"","video_object":"{\r\n  \"@context\": \"http:\/\/schema.org\",\r\n  \"@type\": \"VideoObject\",\r\n  \"name\": \"How to Add Before and After Slider to WordPress (2021)\",\r\n  \"description\": \"Embed a responsive Before and After Slider widget on your WordPress website. Use free Elfsight demo and generate your unique Comparison Slider in just 2 minutes.\",\r\n  \"thumbnailUrl\": \"https:\/\/i.ytimg.com\/vi\/LiRY2aB_KPY\/default.jpg\",\r\n  \"uploadDate\": \"2021-01-26T20:40:42Z\",\r\n  \"duration\": \"PT2M34S\",\r\n  \"embedUrl\": \"https:\/\/www.youtube.com\/embed\/LiRY2aB_KPY\",\r\n  \"interactionCount\": \"13\"\r\n}","demo_hide_cta":"0","demo_hide_cloud_options":"0","pricing_title":"","pricing":[{"pricing_icon":"platform","pricing_title":" Elfsight Apps","pricing_title_caption":"Soluci\u00f3n multiplataforma - valido para cualquier p\u00e1gina web","pricing_price":"desde $0 por mes","pricing_price_caption":"empezar con un plan gratuito","pricing_benefits":[{"text":"Sitios web ilimitados"},{"text":"Atenci\u00f3n al cliente gratuita y r\u00e1pida"},{"text":"Servicio de instalaci\u00f3n gratuito"},{"text":"Totalmente personalizable"}],"pricing_button_text":"Agregar al sitio web","pricing_button_url":"#demo","_state":"expanded"}],"related_apps_title":"","related_apps_hidden":"1","author":"","image":[],"title":"","job":"","social_networks":[]},"_links":{"self":[{"href":"https:\/\/elfsight.com\/es\/wp-json\/wp\/v2\/pages\/2745","targetHints":{"allow":["GET"]}}],"collection":[{"href":"https:\/\/elfsight.com\/es\/wp-json\/wp\/v2\/pages"}],"about":[{"href":"https:\/\/elfsight.com\/es\/wp-json\/wp\/v2\/types\/page"}],"author":[{"embeddable":true,"href":"https:\/\/elfsight.com\/es\/wp-json\/wp\/v2\/users\/13"}],"replies":[{"embeddable":true,"href":"https:\/\/elfsight.com\/es\/wp-json\/wp\/v2\/comments?post=2745"}],"version-history":[{"count":6,"href":"https:\/\/elfsight.com\/es\/wp-json\/wp\/v2\/pages\/2745\/revisions"}],"predecessor-version":[{"id":18304,"href":"https:\/\/elfsight.com\/es\/wp-json\/wp\/v2\/pages\/2745\/revisions\/18304"}],"up":[{"embeddable":true,"href":"https:\/\/elfsight.com\/es\/wp-json\/wp\/v2\/pages\/608"}],"wp:attachment":[{"href":"https:\/\/elfsight.com\/es\/wp-json\/wp\/v2\/media?parent=2745"}],"curies":[{"name":"wp","href":"https:\/\/api.w.org\/{rel}","templated":true}]}}