{"id":2719,"date":"2021-11-10T15:22:13","date_gmt":"2021-11-10T15:22:13","guid":{"rendered":"https:\/\/elfsight.com\/es\/?page_id=2719"},"modified":"2025-12-25T12:41:24","modified_gmt":"2025-12-25T12:41:24","slug":"wordpress","status":"publish","type":"page","link":"https:\/\/elfsight.com\/es\/whatsapp-chat-widget\/wordpress\/","title":{"rendered":"Whatsapp Chat &#8211; WordPress"},"content":{"rendered":"<div class=\"application-platform-content-item-description application-platform-content-item\" id=\"description\" data-nav-section=\"description\"> <h2>Incrusta el Chat de WhatsApp con el Widget de Elfsight<\/h2> <p>El plugin de WhatsApp de Elfsight es una opci\u00f3n perfecta para que los visitantes de tu sitio web se mantengan conectados contigo y obtengan respuestas a sus preguntas. Est\u00e1 disponible para los clientes en su mensajero favorito las 24 horas. Coloca el chat en tu p\u00e1gina web y selecciona que aparecer\u00e1 en p\u00e1ginas espec\u00edficas o para ciertos tipos de visitantes; elige los disparadores de inicio del chat; crea tu mensaje de bienvenida personalizado; selecciona \u00edconos y aplica otras caracter\u00edsticas de personalizaci\u00f3n. Con la ayuda del <a href=\"https:\/\/elfsight.com\/blog\/whatsapp-live-chat-plugin-for-wordpress\/\" target=\"_blank\" rel=\"noopener\">Chat de WhatsApp para WordPress en tu sitio web<\/a>, permanecer\u00e1s conectado con tu p\u00fablico en todo momento y desde cualquier lugar.<\/p> <\/div> <div class=\"application-platform-content-item-features application-platform-content-item\" id=\"features\" data-nav-section=\"features\"> <h2>Caracter\u00edsticas principales del Plugin de WhatsApp Chat<\/h2> <p>El plugin de WhatsApp para WordPress no es solo una soluci\u00f3n gratuita sin necesidad de c\u00f3digo. Hemos proporcionado este complemento con caracter\u00edsticas \u00fatiles que mejorar\u00e1n tu experiencia web. Algunas de ellas est\u00e1n dise\u00f1adas para mejorar los par\u00e1metros de dise\u00f1o y disposici\u00f3n, mientras que otras se enfocan en la facilidad de uso. Para obtener una mejor comprensi\u00f3n del complemento de WhatsApp, aqu\u00ed tienes una lista de sus caracter\u00edsticas m\u00e1s destacadas. Estos hacen que el widget sea incre\u00edblemente eficiente para tu tienda:<\/p> <ul><li>Introduce WhatsApp Messenger en tu tienda para conectar con la audiencia;<\/li><li>Chatea directamente desde tu p\u00e1gina de WhatsApp;<\/li><li>Tres opciones de ubicaci\u00f3n del chat: como burbuja flotante, burbuja incrustada y ventana de chat incrustada;<\/li><li>Explora una colecci\u00f3n de iconos de burbuja para seleccionar;<\/li><li>Texto de la burbuja editable.<\/li><\/ul><p><a href=\"#demo\">Para conocer m\u00e1s caracter\u00edsticas, ve nuestra demostraci\u00f3n en vivo<\/a><\/p> <\/div><div class=\"application-platform-content-item-installation application-platform-content-item\" id=\"installation\" data-nav-section=\"installation\"> <h2>C\u00f3mo agregar el plugin de WhatsApp Chat a tu sitio web de WordPress<\/h2><div class=\"video-container\">\n    <iframe allowfullscreen=\"\" frameborder=\"0\" height=\"405\" src=\"https:\/\/www.youtube.com\/embed\/l58PNuv-0NI?si=_e4Oh6XWu28BqAKk\" width=\"720\"><\/iframe>\n<\/div><p>Nuestro complemento de WordPress puede ser gestionado e incrustado f\u00e1cilmente por cualquier usuario. Funciona como un c\u00f3digo HTML que puedes agregar a la p\u00e1gina deseada. Solo sigue las instrucciones a continuaci\u00f3n para integrar el complemento en WordPress.<\/p> <ol><li><b>Gestiona nuestra demo gratuita y comienza a crear tu widget personalizado.<\/b><br> Encuentra la disposici\u00f3n y los par\u00e1metros preferidos de la herramienta y guarda las modificaciones.<\/li><li><b>Recibe tu c\u00f3digo individual que aparecer\u00e1 en la ventana emergente de Elfsight Apps.<\/b><br> Introduce la copia c\u00f3digodo recientemente en tu sitio web y guarda los ajustes.<\/li><li><b>\u00a1Listo! La integraci\u00f3n est\u00e1 completamente realizada.<\/b><br> Visita tu sitio para comprobar c\u00f3mo funciona el widget.<\/li><\/ol><p>\u00bfA\u00fan no te decide? \u00bfTienes problemas? Solo env\u00eda una solicitud a nuestro servicio de atenci\u00f3n al cliente y resolver\u00e1n cualquier problema. Adem\u00e1s, podemos asesorarte sobre nuestros complementos de WordPress que pueden mejorar el rendimiento de tu sitio web y ayudar en el desarrollo de tu negocio.<\/p> <\/div><div class=\"faq\" data-component=\"FAQ\"><div class=\"faq-item\">\r\n\t\t\t\t\t<div class=\"faq-item-question\">\r\n\t\t\t\t\t\t<h3 class=\"faq-item-question-text\">\u00bfC\u00f3mo agregar el bot\u00f3n de WhatsApp Chat a WordPress?<\/h3>\r\n\r\n\t\t\t\t\t\t<div class=\"faq-item-question-icon\"><\/div>\r\n\t\t\t\t\t<\/div>\r\n\r\n\t\t\t\t\t<div class=\"faq-item-answer\">\r\n\t\t\t\t\t\t<div class=\"faq-item-answer-text\"><p>Agregar un complemento de chat al sitio web lleva unos segundos. Adem\u00e1s, no necesitas tener conocimientos en programaci\u00f3n web.<\/p><p>Modifica el widget para WordPress en el configurador gratuito en vivo, copia tu c\u00f3digo de instalaci\u00f3n e ins\u00e9rtalo en el lugar necesario en el backend del sitio web.<\/p><p>\u00a1Eso es todo! La instalaci\u00f3n del plugin de WhatsApp en WordPress est\u00e1 completa.<\/p><p>\u00bfTienes problemas para incrustar el plugin o configurarlo? Tal vez quieras leer la gu\u00eda completa <a href=\"https:\/\/elfsight.com\/tutorials\/how-to-add-whatsapp-chat-widget-to-website\/#how-to-add-whatsapp-to-wordpress\">sobre c\u00f3mo agregar WhatsApp a WordPress<\/a>.<\/p><\/div>\r\n\t\t\t\t\t<\/div>\r\n\t\t\t\t<\/div><div class=\"faq-item\">\r\n\t\t\t\t\t<div class=\"faq-item-question\">\r\n\t\t\t\t\t\t<h3 class=\"faq-item-question-text\">\u00bfHay una manera de ver c\u00f3mo se ver\u00e1 el widget en mi sitio web?<\/h3>\r\n\r\n\t\t\t\t\t\t<div class=\"faq-item-question-icon\"><\/div>\r\n\t\t\t\t\t<\/div>\r\n\r\n\t\t\t\t\t<div class=\"faq-item-answer\">\r\n\t\t\t\t\t\t<div class=\"faq-item-answer-text\"><p>\u00a1S\u00ed, la hay! Mientras creas el plugin de chat de WordPress <a href=\"https:\/\/elfsight.com\/whatsapp-chat-widget\/create\">en el creador en l\u00ednea<\/a>, ver\u00e1s todas las modificaciones en el lado derecho. Tu caja de chat ser\u00e1 exactamente como la que tendr\u00e1s en un sitio WordPress. Cuando termines de crear tu complemento de WordPress, obtendr\u00e1s un c\u00f3digo que guarda todas las configuraciones.<\/p><\/div>\r\n\t\t\t\t\t<\/div>\r\n\t\t\t\t<\/div><div class=\"faq-item\">\r\n\t\t\t\t\t<div class=\"faq-item-question\">\r\n\t\t\t\t\t\t<h3 class=\"faq-item-question-text\">\u00bfQu\u00e9 otros widgets son imprescindibles para un sitio de WordPress?<\/h3>\r\n\r\n\t\t\t\t\t\t<div class=\"faq-item-question-icon\"><\/div>\r\n\t\t\t\t\t<\/div>\r\n\r\n\t\t\t\t\t<div class=\"faq-item-answer\">\r\n\t\t\t\t\t\t<div class=\"faq-item-answer-text\"><p>WordPress ofrece una gran cantidad de complementos ventajosos para cualquier tipo de sitio web: desde blogs hasta grandes mercados en l\u00ednea. Puedes obtener a\u00fan m\u00e1s plugins de gran calidad de Elfsight.<\/p><p>Por ejemplo, puedes utilizar <a href=\"https:\/\/elfsight.com\/telegram-chat-widget\/wordpress\/\" target=\"_blank\" rel=\"noopener\">Telegram Chat<\/a>, <a href=\"https:\/\/elfsight.com\/facebook-chat-widget\/wordpress\/\" target=\"_blank\" rel=\"noopener\">Facebook Chat<\/a> o <a href=\"https:\/\/elfsight.com\/viber-chat-widget\/wordpress\/\" target=\"_blank\" rel=\"noopener\">Viber Chat<\/a> para contactar con los visitantes del sitio web a trav\u00e9s de su mensajero favorito. Tambi\u00e9n puedes agregar rese\u00f1as de Google y un deslizador de testimonios a tu sitio web para mostrar las opiniones m\u00e1s incre\u00edbles de tu empresa. Para aumentar la diversidad del contenido de tu sitio web con videos, agrega una galer\u00eda de YouTube.<\/p><\/div>\r\n\t\t\t\t\t<\/div>\r\n\t\t\t\t<\/div><\/div>","protected":false},"excerpt":{"rendered":"","protected":false},"author":13,"featured_media":0,"parent":1506,"menu_order":0,"comment_status":"closed","ping_status":"closed","template":"templates\/template-application-platform.php","meta":{"publish_to_discourse":"","publish_post_category":"","wpdc_auto_publish_overridden":"","wpdc_topic_tags":"","wpdc_pin_topic":"","wpdc_pin_until":"","discourse_post_id":"","discourse_permalink":"","wpdc_publishing_response":"","wpdc_publishing_error":"","footnotes":""},"class_list":["post-2719","page","type-page","status-publish","hentry"],"yoast_head":"<!-- This site is optimized with the Yoast SEO plugin v25.3.1 - https:\/\/yoast.com\/wordpress\/plugins\/seo\/ -->\n<title>Agregue el plugin Whatsapp Chat al sitio web de WordPress ( 2025 )<\/title>\n<meta name=\"description\" content=\"A\u00f1ade un widget de Chat de WhatsApp en su sitio web WordPress. Lance la demo de Elfsight intuitiva y construe su plugin personalizado.\" \/>\n<meta name=\"robots\" content=\"index, follow, max-snippet:-1, max-image-preview:large, max-video-preview:-1\" \/>\n<link rel=\"canonical\" href=\"https:\/\/elfsight.com\/es\/whatsapp-chat-widget\/wordpress\/\" \/>\n<meta property=\"og:locale\" content=\"es_ES\" \/>\n<meta property=\"og:type\" content=\"article\" \/>\n<meta property=\"og:title\" content=\"Agregue el plugin Whatsapp Chat al sitio web de WordPress ( 2025 )\" \/>\n<meta property=\"og:description\" content=\"A\u00f1ade un widget de Chat de WhatsApp en su sitio web WordPress. Lance la demo de Elfsight intuitiva y construe su plugin personalizado.\" \/>\n<meta property=\"og:url\" content=\"https:\/\/elfsight.com\/es\/whatsapp-chat-widget\/wordpress\/\" \/>\n<meta property=\"og:site_name\" content=\"Elfsight ES\" \/>\n<meta property=\"article:modified_time\" content=\"2025-12-25T12:41:24+00:00\" \/>\n<meta name=\"twitter:card\" content=\"summary_large_image\" \/>\n<meta name=\"twitter:label1\" content=\"Tiempo de lectura\" \/>\n\t<meta name=\"twitter:data1\" content=\"4 minutos\" \/>\n<!-- \/ Yoast SEO plugin. -->","yoast_head_json":{"title":"Agregue el plugin Whatsapp Chat al sitio web de WordPress ( 2025 )","description":"A\u00f1ade un widget de Chat de WhatsApp en su sitio web WordPress. Lance la demo de Elfsight intuitiva y construe su plugin personalizado.","robots":{"index":"index","follow":"follow","max-snippet":"max-snippet:-1","max-image-preview":"max-image-preview:large","max-video-preview":"max-video-preview:-1"},"canonical":"https:\/\/elfsight.com\/es\/whatsapp-chat-widget\/wordpress\/","og_locale":"es_ES","og_type":"article","og_title":"Agregue el plugin Whatsapp Chat al sitio web de WordPress ( 2025 )","og_description":"A\u00f1ade un widget de Chat de WhatsApp en su sitio web WordPress. Lance la demo de Elfsight intuitiva y construe su plugin personalizado.","og_url":"https:\/\/elfsight.com\/es\/whatsapp-chat-widget\/wordpress\/","og_site_name":"Elfsight ES","article_modified_time":"2025-12-25T12:41:24+00:00","twitter_card":"summary_large_image","twitter_misc":{"Tiempo de lectura":"4 minutos"},"schema":{"@context":"https:\/\/schema.org","@graph":[{"@type":"WebPage","@id":"https:\/\/elfsight.com\/es\/whatsapp-chat-widget\/wordpress\/","url":"https:\/\/elfsight.com\/es\/whatsapp-chat-widget\/wordpress\/","name":"Agregue el plugin Whatsapp Chat al sitio web de WordPress ( 2025 )","isPartOf":{"@id":"https:\/\/elfsight.com\/es\/#website"},"datePublished":"2021-11-10T15:22:13+00:00","dateModified":"2025-12-25T12:41:24+00:00","description":"A\u00f1ade un widget de Chat de WhatsApp en su sitio web WordPress. Lance la demo de Elfsight intuitiva y construe su plugin personalizado.","breadcrumb":{"@id":"https:\/\/elfsight.com\/es\/whatsapp-chat-widget\/wordpress\/#breadcrumb"},"inLanguage":"es","potentialAction":[{"@type":"ReadAction","target":["https:\/\/elfsight.com\/es\/whatsapp-chat-widget\/wordpress\/"]}]},{"@type":"BreadcrumbList","@id":"https:\/\/elfsight.com\/es\/whatsapp-chat-widget\/wordpress\/#breadcrumb","itemListElement":[{"@type":"ListItem","position":1,"name":"Home","item":"https:\/\/elfsight.com\/es\/"},{"@type":"ListItem","position":2,"name":"WhatsApp Chat","item":"https:\/\/elfsight.com\/es\/whatsapp-chat-widget\/"},{"@type":"ListItem","position":3,"name":"Whatsapp Chat &#8211; WordPress"}]},{"@type":"WebSite","@id":"https:\/\/elfsight.com\/es\/#website","url":"https:\/\/elfsight.com\/es\/","name":"Elfsight ES","description":"Just another Elfsight Sites site","potentialAction":[{"@type":"SearchAction","target":{"@type":"EntryPoint","urlTemplate":"https:\/\/elfsight.com\/es\/?s={search_term_string}"},"query-input":{"@type":"PropertyValueSpecification","valueRequired":true,"valueName":"search_term_string"}}],"inLanguage":"es"}]}},"meta_box":{"industry":"","seo_heading":"","heading":"","description":"","cta_heading":"","cta_description":"","application":"1505","h1":"Complemento WordPress Chat de WhatsApp","h1_caption":"Brinde a sus usuarios la oportunidad de contactarlo v\u00eda WhatsApp desde su sitio web","application_category":[],"applications_title":"","applications_request_title":"","applications_request_button_text":"","hero_text":"","hero_video":"","hero_video_schema_markup":"","selling_points_title":"","selling_points_caption":"","selling_points":[],"selling_points_cta_text":"","features_title":"","features":"","ed_cta_examples_text":"","ed_cta_examples_hidden":"","ed_cta_demo_text":"","ed_cta_demo_hidden":"","why_caption":"","why_editor_title":"","why_editor_text":"","why_team_title":"","why_team_text":"","why_service_title":"","why_service_text":"","template_catalog_visible":"0","template_catalog_title":"","template_catalog_text":"","template_catalog_categories_visible":"","demo_title":"Crea tu complemento de chat de Whatsapp","demo_caption":"\u00a1Configura tu chat de Whatsapp y agr\u00e9galo a tu sitio web de WordPress gratis!","default_faq_hidden":"","app_template_category":[],"platform":"115","template_public_id":"","codecanyon_url":"","codecanyon_item_id":"","codecanyon_price":"","pricing_caption":"","pricing_elfsight_apps_hide_column":"","pricing_elfsight_apps_url":"","pricing_codecanyon_price_caption":"","integration_category":[],"integration_request_title":"","integration_request_cta":"","integration_platform":"","integrations":[],"platform_category":[],"video_schema_markup":"","price":"desde $0 por mes","trial":"","benefits":[{"text":"Instalaci\u00f3n gratuita"},{"text":"Soporte Premium"},{"text":"14 d\u00edas garant\u00eda de reembolso"},{"text":"Actualizaciones regulares"}],"button_url":"#demo","button_target_blank":"0","button_nofollow":"0","attributes":[{"name":"Responsivo","content":"Si","_state":"expanded"},{"name":"Navegadores compatibles","content":"Firefox, Safari, Opera, Chrome, Edge","_state":"expanded"}],"tags":[],"tags_disable_links":"0","hide_more_platforms":"0","video_object":"{\r\n  \"@context\": \"http:\/\/schema.org\",\r\n  \"@type\": \"VideoObject\",\r\n  \"name\": \"How to Add Whatsapp Chat to WordPress website (2021)\",\r\n  \"description\": \"Learn how to add WhatsApp Chat plugin to WordPress for free! Detailed guide on embedding WhatsApp Live Chat on WordPress website without coding.\",\r\n  \"thumbnailUrl\": \"https:\/\/i.ytimg.com\/vi\/MqbBT1hCQA8\/default.jpg\",\r\n  \"uploadDate\": \"2019-08-21T14:12:45Z\",\r\n  \"duration\": \"PT2M18S\",\r\n  \"embedUrl\": \"https:\/\/www.youtube.com\/embed\/MqbBT1hCQA8\",\r\n  \"interactionCount\": \"8149\"\r\n}","demo_hide_cta":"0","demo_hide_cloud_options":"0","pricing_title":"","pricing":[{"pricing_icon":"platform","pricing_title":" Elfsight Apps","pricing_title_caption":"Soluci\u00f3n multiplataforma - valido para cualquier p\u00e1gina web","pricing_price":"desde $0 por mes","pricing_price_caption":"empezar con un plan gratuito","pricing_benefits":[{"text":"Sitios web ilimitados"},{"text":"Atenci\u00f3n al cliente gratuita y r\u00e1pida"},{"text":"Servicio de instalaci\u00f3n gratuito"},{"text":"Totalmente personalizable"}],"pricing_button_text":"Agregar al sitio web","pricing_button_url":"#demo","_state":"expanded"}],"related_apps_title":"","related_apps_hidden":"1","author":"","image":[],"title":"","job":"","social_networks":[]},"_links":{"self":[{"href":"https:\/\/elfsight.com\/es\/wp-json\/wp\/v2\/pages\/2719","targetHints":{"allow":["GET"]}}],"collection":[{"href":"https:\/\/elfsight.com\/es\/wp-json\/wp\/v2\/pages"}],"about":[{"href":"https:\/\/elfsight.com\/es\/wp-json\/wp\/v2\/types\/page"}],"author":[{"embeddable":true,"href":"https:\/\/elfsight.com\/es\/wp-json\/wp\/v2\/users\/13"}],"replies":[{"embeddable":true,"href":"https:\/\/elfsight.com\/es\/wp-json\/wp\/v2\/comments?post=2719"}],"version-history":[{"count":7,"href":"https:\/\/elfsight.com\/es\/wp-json\/wp\/v2\/pages\/2719\/revisions"}],"predecessor-version":[{"id":20020,"href":"https:\/\/elfsight.com\/es\/wp-json\/wp\/v2\/pages\/2719\/revisions\/20020"}],"up":[{"embeddable":true,"href":"https:\/\/elfsight.com\/es\/wp-json\/wp\/v2\/pages\/1506"}],"wp:attachment":[{"href":"https:\/\/elfsight.com\/es\/wp-json\/wp\/v2\/media?parent=2719"}],"curies":[{"name":"wp","href":"https:\/\/api.w.org\/{rel}","templated":true}]}}