{"id":2710,"date":"2021-11-10T15:04:51","date_gmt":"2021-11-10T15:04:51","guid":{"rendered":"https:\/\/elfsight.com\/es\/?page_id=2710"},"modified":"2025-02-06T15:27:19","modified_gmt":"2025-02-06T15:27:19","slug":"wordpress","status":"publish","type":"page","link":"https:\/\/elfsight.com\/es\/logo-showcase-widget\/wordpress\/","title":{"rendered":"Logo Showcase &#8211; WordPress"},"content":{"rendered":"<div class=\"application-platform-content-item-description application-platform-content-item\" id=\"description\" data-nav-section=\"description\"><h2>Insertar Logo Showcase en WordPress con el widget Elfsight<\/h2> <p>Elfsight Logo Showcase es la herramienta m\u00e1s pr\u00e1ctica para mostrar los logotipos de sus clientes y promotores o sus menciones de prensa en el sitio web. Con el widget, es f\u00e1cil demostrar que es un socio de confianza y mantener una visi\u00f3n positiva de su empresa. El widget de Elfsight le permite cargar cualquier cantidad de emblemas de clientes, integrarlos en un carrusel o cuadr\u00edcula y variar la escala de las im\u00e1genes. Puede mostrar subt\u00edtulos y un enlace a los sitios web de la empresa. Al utilizar funciones de colores y fuentes, es f\u00e1cil configurar una interfaz \u00fanica. <\/p><p><b>Eleve el nivel de ventas demostrando su excelente reputaci\u00f3n comercial, con los logotipos de los socios en el sitio web. <\/b><\/p><\/div> <div class=\"application-platform-content-item-features application-platform-content-item\" id=\"features\" data-nav-section=\"features\"><h2>Caracter\u00edsticas principales del widget Logo Showcase<\/h2> <p>Comprueba todos los rasgos funcionales de Logo Showcase. Puedes administrarlos directamente en el editor y te ayudar\u00e1n a crear el widget adecuado para tu caso. <\/p><ul><li>Enlaza cada logotipo a cualquier p\u00e1gina web; <\/li><li>El encabezado intercambiable tiene t\u00edtulo y texto con formato compatible; <\/li><li>El bot\u00f3n CTA se puede conectar a cualquier p\u00e1gina web; <\/li><li>Tres dise\u00f1os de widgets equilibrados: control deslizante, cuadr\u00edcula y carrusel; <\/li><li>La opci\u00f3n de adaptar el tama\u00f1o del logotipo y el ancho del widget; <\/li><li>Seleccione cualquier color de fondo o use su imagen. <\/li><\/ul><p><a href=\"#demo\">Puedes probar todas las funciones del widget directamente en la demostraci\u00f3n<\/a><\/p><\/div> <div class=\"application-platform-content-item-installation application-platform-content-item\" id=\"installation\" data-nav-section=\"installation\"><h2>\u00bfC\u00f3mo puedo incrustar Logo Showcase en un sitio web de WordPress? <\/h2><div class=\"video-container\"><iframe width=\"720\" height=\"405\" src=\"https:\/\/www.youtube.com\/embed\/W3ZgG9V34tA\" frameborder=\"0\"><\/iframe><\/div><p>Simplemente siga los pasos que se presentan a continuaci\u00f3n para agregar la herramienta en WordPress.<\/p> <ol><li><b>Administre nuestro configurador gratuito y comience a formar su instrumento personalizado. <\/b><br> Determine el aspecto y las caracter\u00edsticas preferidas de la herramienta y aplique las correcciones. <\/li> <li><b>Reciba el c\u00f3digo personal que aparece en el formulario especial en Elfsight Apps. <\/b><br> Inmediatamente despu\u00e9s de que finalice la generaci\u00f3n de su complemento Logo Showcase, copie el c\u00f3digo exclusivo en la ventana emergente que aparece y gu\u00e1rdelo para futuras ocasiones. <\/li> <li><b>Comience a utilizar el complemento en su sitio web de WordPress. <\/b><br>Coloca el c\u00f3digo copiado anteriormente en tu sitio web y guarda los ajustes. <\/li> <li><b>La instalaci\u00f3n se realiz\u00f3 correctamente. <\/b><br> Vaya a su sitio para inspeccionar c\u00f3mo funciona la herramienta. <\/li><\/ol> <p>Le invitamos a comunicarse con el servicio de atenci\u00f3n al cliente de Elfsight si necesita ayuda o tiene problemas. Estaremos encantados de ayudarle con cada consulta. <\/p><div class=\"faq\" data-component=\"FAQ\"><div class=\"faq-item\">\r\n\t\t\t\t\t<div class=\"faq-item-question\">\r\n\t\t\t\t\t\t<h3 class=\"faq-item-question-text\">\u00bfC\u00f3mo puedo incrustar un Logo Showcase para WordPress en mi sitio web Webflow sin conocimientos de codificaci\u00f3n?<\/h3>\r\n\r\n\t\t\t\t\t\t<div class=\"faq-item-question-icon\"><\/div>\r\n\t\t\t\t\t<\/div>\r\n\r\n\t\t\t\t\t<div class=\"faq-item-answer\">\r\n\t\t\t\t\t\t<div class=\"faq-item-answer-text\"><p>Elfsight proporciona una soluci\u00f3n basada en la nube que permite a los usuarios crear ellos mismos un Logo Showcase para WordPress. Vea lo simple que es el proceso:<\/p><ul><li>Acceda al Editor en l\u00ednea para generar una secci\u00f3n de Logo Showcase para WordPress que desee integrar en su sitio web Webflow.<\/li><li>Elija una de nuestras plantillas predise\u00f1adas y personalice la configuraci\u00f3n de Logo Showcase para WordPress, modifique el dise\u00f1o y la combinaci\u00f3n de colores, incluya su contenido sin necesidad de codificaci\u00f3n.<\/li><li>Guarde los ajustes que ha configurado para Logo Showcase para WordPress y obtenga el c\u00f3digo para incrustar el escaparate, que puede se agregar\u00e1 f\u00e1cilmente a su sitio web Webflow y sin costo alguno.<\/li><\/ul><p>Al trabajar en el editor f\u00e1cil de usar, cualquier usuario de Internet puede crear una secci\u00f3n Logo Showcase para WordPress e incrustarla en su sitio web Webflow. No es necesario realizar ning\u00fan pago ni revelar la informaci\u00f3n de su tarjeta para acceder al Editor de Elfsight. Si encuentra alguna dificultad en cualquier etapa, no dude en comunicarse con nuestro servicio de atenci\u00f3n al cliente.<\/p><\/div>\r\n\t\t\t\t\t<\/div>\r\n\t\t\t\t<\/div><\/div><\/div>","protected":false},"excerpt":{"rendered":"","protected":false},"author":13,"featured_media":0,"parent":1690,"menu_order":0,"comment_status":"closed","ping_status":"closed","template":"templates\/template-application-platform.php","meta":{"publish_to_discourse":"","publish_post_category":"","wpdc_auto_publish_overridden":"","wpdc_topic_tags":"","wpdc_pin_topic":"","wpdc_pin_until":"","discourse_post_id":"","discourse_permalink":"","wpdc_publishing_response":"","wpdc_publishing_error":"","footnotes":""},"class_list":["post-2710","page","type-page","status-publish","hentry"],"yoast_head":"<!-- This site is optimized with the Yoast SEO plugin v25.3.1 - https:\/\/yoast.com\/wordpress\/plugins\/seo\/ -->\n<title>Logo Slider: agregue el plugin Logo Carousel al sitio web de WordPress<\/title>\n<meta name=\"description\" content=\"Incrusta un widget atractivo de Exposici\u00f3n de logos en su sitio de WordPress. Aplique la demo de Elfsight y cree su widget personalizado.\" \/>\n<meta name=\"robots\" content=\"index, follow, max-snippet:-1, max-image-preview:large, max-video-preview:-1\" \/>\n<link rel=\"canonical\" href=\"https:\/\/elfsight.com\/es\/logo-showcase-widget\/wordpress\/\" \/>\n<meta property=\"og:locale\" content=\"es_ES\" \/>\n<meta property=\"og:type\" content=\"article\" \/>\n<meta property=\"og:title\" content=\"Logo Slider: agregue el plugin Logo Carousel al sitio web de WordPress\" \/>\n<meta property=\"og:description\" content=\"Incrusta un widget atractivo de Exposici\u00f3n de logos en su sitio de WordPress. Aplique la demo de Elfsight y cree su widget personalizado.\" \/>\n<meta property=\"og:url\" content=\"https:\/\/elfsight.com\/es\/logo-showcase-widget\/wordpress\/\" \/>\n<meta property=\"og:site_name\" content=\"Elfsight ES\" \/>\n<meta property=\"article:modified_time\" content=\"2025-02-06T15:27:19+00:00\" \/>\n<meta name=\"twitter:card\" content=\"summary_large_image\" \/>\n<meta name=\"twitter:label1\" content=\"Tiempo de lectura\" \/>\n\t<meta name=\"twitter:data1\" content=\"2 minutos\" \/>\n<!-- \/ Yoast SEO plugin. -->","yoast_head_json":{"title":"Logo Slider: agregue el plugin Logo Carousel al sitio web de WordPress","description":"Incrusta un widget atractivo de Exposici\u00f3n de logos en su sitio de WordPress. Aplique la demo de Elfsight y cree su widget personalizado.","robots":{"index":"index","follow":"follow","max-snippet":"max-snippet:-1","max-image-preview":"max-image-preview:large","max-video-preview":"max-video-preview:-1"},"canonical":"https:\/\/elfsight.com\/es\/logo-showcase-widget\/wordpress\/","og_locale":"es_ES","og_type":"article","og_title":"Logo Slider: agregue el plugin Logo Carousel al sitio web de WordPress","og_description":"Incrusta un widget atractivo de Exposici\u00f3n de logos en su sitio de WordPress. Aplique la demo de Elfsight y cree su widget personalizado.","og_url":"https:\/\/elfsight.com\/es\/logo-showcase-widget\/wordpress\/","og_site_name":"Elfsight ES","article_modified_time":"2025-02-06T15:27:19+00:00","twitter_card":"summary_large_image","twitter_misc":{"Tiempo de lectura":"2 minutos"},"schema":{"@context":"https:\/\/schema.org","@graph":[{"@type":"WebPage","@id":"https:\/\/elfsight.com\/es\/logo-showcase-widget\/wordpress\/","url":"https:\/\/elfsight.com\/es\/logo-showcase-widget\/wordpress\/","name":"Logo Slider: agregue el plugin Logo Carousel al sitio web de WordPress","isPartOf":{"@id":"https:\/\/elfsight.com\/es\/#website"},"datePublished":"2021-11-10T15:04:51+00:00","dateModified":"2025-02-06T15:27:19+00:00","description":"Incrusta un widget atractivo de Exposici\u00f3n de logos en su sitio de WordPress. Aplique la demo de Elfsight y cree su widget personalizado.","breadcrumb":{"@id":"https:\/\/elfsight.com\/es\/logo-showcase-widget\/wordpress\/#breadcrumb"},"inLanguage":"es","potentialAction":[{"@type":"ReadAction","target":["https:\/\/elfsight.com\/es\/logo-showcase-widget\/wordpress\/"]}]},{"@type":"BreadcrumbList","@id":"https:\/\/elfsight.com\/es\/logo-showcase-widget\/wordpress\/#breadcrumb","itemListElement":[{"@type":"ListItem","position":1,"name":"Home","item":"https:\/\/elfsight.com\/es\/"},{"@type":"ListItem","position":2,"name":"Logo Showcase","item":"https:\/\/elfsight.com\/es\/logo-showcase-widget\/"},{"@type":"ListItem","position":3,"name":"Logo Showcase &#8211; WordPress"}]},{"@type":"WebSite","@id":"https:\/\/elfsight.com\/es\/#website","url":"https:\/\/elfsight.com\/es\/","name":"Elfsight ES","description":"Just another Elfsight Sites site","potentialAction":[{"@type":"SearchAction","target":{"@type":"EntryPoint","urlTemplate":"https:\/\/elfsight.com\/es\/?s={search_term_string}"},"query-input":{"@type":"PropertyValueSpecification","valueRequired":true,"valueName":"search_term_string"}}],"inLanguage":"es"}]}},"meta_box":{"industry":"","seo_heading":"","heading":"","description":"","cta_heading":"","cta_description":"","application":"1689","h1":"Plugin WordPress Exposici\u00f3n de logotipos","h1_caption":"Muestre los logotipos de sus clientes, socios, marcas y proveedores en su sitio web","application_category":[],"applications_title":"","applications_request_title":"","applications_request_button_text":"","hero_text":"","hero_video":"","hero_video_schema_markup":"","selling_points_title":"","selling_points_caption":"","selling_points":[],"selling_points_cta_text":"","features_title":"","features":"","ed_cta_examples_text":"","ed_cta_examples_hidden":"","ed_cta_demo_text":"","ed_cta_demo_hidden":"","why_caption":"","why_editor_title":"","why_editor_text":"","why_team_title":"","why_team_text":"","why_service_title":"","why_service_text":"","template_catalog_visible":"","template_catalog_title":"","template_catalog_text":"","template_catalog_categories_visible":"","demo_title":"Crea tu complemento Logo Showcase","demo_caption":"\u00a1Configura tu Logo Showcase y agr\u00e9galo a tu sitio web de WordPress gratis!","default_faq_hidden":"","app_template_category":[],"platform":"115","template_public_id":"","codecanyon_url":"","codecanyon_item_id":"","codecanyon_price":"","pricing_caption":"","pricing_elfsight_apps_hide_column":"","pricing_elfsight_apps_url":"","pricing_codecanyon_price_caption":"","integration_category":[],"integration_request_title":"","integration_request_cta":"","integration_platform":"","integrations":[],"platform_category":[],"video_schema_markup":"","price":"desde $0 por mes","trial":"","benefits":[{"text":"Instalaci\u00f3n gratuita"},{"text":"Soporte Premium"},{"text":"14 d\u00edas garant\u00eda de reembolso"},{"text":"Actualizaciones regulares"}],"button_url":"#demo","button_target_blank":"0","button_nofollow":"0","attributes":[{"name":"Responsivo","content":"Si","_state":"expanded"},{"name":"Navegadores compatibles","content":"Firefox, Safari, Opera, Chrome, Edge","_state":"expanded"}],"tags":[],"tags_disable_links":"0","hide_more_platforms":"","video_object":"{\r\n  \"@context\": \"http:\/\/schema.org\",\r\n  \"@type\": \"VideoObject\",\r\n  \"name\": \"How to Add Logo Showcase to WordPress (2021)\",\r\n  \"description\": \"It\u2019s perfectly simple to create your Logo Showcase plugin and add it on your WordPress website. Elfsight customer service is free and fast.\",\r\n  \"thumbnailUrl\": \"https:\/\/i.ytimg.com\/vi\/W3ZgG9V34tA\/default.jpg\",\r\n  \"uploadDate\": \"2020-07-27T12:38:06Z\",\r\n  \"duration\": \"PT2M26S\",\r\n  \"embedUrl\": \"https:\/\/www.youtube.com\/embed\/W3ZgG9V34tA\",\r\n  \"interactionCount\": \"46\"\r\n}","demo_hide_cta":"0","demo_hide_cloud_options":"0","pricing_title":"","pricing":[{"pricing_icon":"platform","pricing_title":" Elfsight Apps","pricing_title_caption":"Soluci\u00f3n multiplataforma - valido para cualquier p\u00e1gina web","pricing_price":"desde $0 por mes","pricing_price_caption":"empezar con un plan gratuito","pricing_benefits":[{"text":"Sitios web ilimitados"},{"text":"Atenci\u00f3n al cliente gratuita y r\u00e1pida"},{"text":"Servicio de instalaci\u00f3n gratuito"},{"text":"Totalmente personalizable"}],"pricing_button_text":"Agregar al sitio web","pricing_button_url":"#demo","_state":"expanded"}],"related_apps_title":"","related_apps_hidden":"1","author":"","image":[],"title":"","job":"","social_networks":[]},"_links":{"self":[{"href":"https:\/\/elfsight.com\/es\/wp-json\/wp\/v2\/pages\/2710","targetHints":{"allow":["GET"]}}],"collection":[{"href":"https:\/\/elfsight.com\/es\/wp-json\/wp\/v2\/pages"}],"about":[{"href":"https:\/\/elfsight.com\/es\/wp-json\/wp\/v2\/types\/page"}],"author":[{"embeddable":true,"href":"https:\/\/elfsight.com\/es\/wp-json\/wp\/v2\/users\/13"}],"replies":[{"embeddable":true,"href":"https:\/\/elfsight.com\/es\/wp-json\/wp\/v2\/comments?post=2710"}],"version-history":[{"count":5,"href":"https:\/\/elfsight.com\/es\/wp-json\/wp\/v2\/pages\/2710\/revisions"}],"predecessor-version":[{"id":18312,"href":"https:\/\/elfsight.com\/es\/wp-json\/wp\/v2\/pages\/2710\/revisions\/18312"}],"up":[{"embeddable":true,"href":"https:\/\/elfsight.com\/es\/wp-json\/wp\/v2\/pages\/1690"}],"wp:attachment":[{"href":"https:\/\/elfsight.com\/es\/wp-json\/wp\/v2\/media?parent=2710"}],"curies":[{"name":"wp","href":"https:\/\/api.w.org\/{rel}","templated":true}]}}