{"id":2694,"date":"2021-11-10T08:29:59","date_gmt":"2021-11-10T08:29:59","guid":{"rendered":"https:\/\/elfsight.com\/es\/?page_id=2694"},"modified":"2025-02-06T15:27:27","modified_gmt":"2025-02-06T15:27:27","slug":"wordpress","status":"publish","type":"page","link":"https:\/\/elfsight.com\/es\/radio-player-widget\/wordpress\/","title":{"rendered":"Radio Player &#8211; WordPress"},"content":{"rendered":"<div class=\"application-platform-content-item-description application-platform-content-item\" id=\"description\" data-nav-section=\"description\"> <h2>Integre Radio Player en WordPress con el widget Elfsight<\/h2> <p>Elfsight Live Player es un complemento de transmisi\u00f3n sencillo que le brinda la oportunidad de reproducir estaciones de radio directamente en su sitio web. El widget es notablemente personalizable: puede alterar su posici\u00f3n, colocarlo en cualquier lugar de la p\u00e1gina, alterar su tama\u00f1o, volver a pintar el fondo y otros elementos para mezclarlos con el estilo de su sitio, aplicar una combinaci\u00f3n de colores oscuros, mostrar portadas y mostrar u ocultar otras 3 partes del reproductor, por ejemplo, t\u00edtulo, estado y m\u00e1s. A\u00f1ade tantas estaciones como desees para deleitar a tus visitantes, activa la opci\u00f3n de reproducci\u00f3n autom\u00e1tica y no tengas dudas: \u00a1tu audiencia no abandonar\u00e1 tu sitio inmediatamente! <\/p> <p><b>Proporcione a sus visitantes una nueva fuente de contenido \u00fatil y atractivo utilizando Streaming Radio Player para WordPress.<\/b><\/p> <\/div> <div class=\"application-platform-content-item-features application-platform-content-item\" id=\"features\" data-nav-section=\"features\"> <h2>Estas son solo algunas de las muchas caracter\u00edsticas del complemento:<\/h2> <ul><li>Numerosas alteraciones de color. <\/li><li>Esquema de colores oscuros\/claros. <\/li><li>2 dise\u00f1os listos para usar. <\/li><li>Posibilidad de a\u00f1adir imagen de fondo. <\/li><li>Agregue una cantidad ilimitada de estaciones<\/li><\/ul><p><a href=\"#demo\">Pruebe esta demostraci\u00f3n para ver c\u00f3mo funciona<\/a><\/p> <\/div> <div class=\"application-platform-content-item-installation application-platform-content-item\" id=\"installation\" data-nav-section=\"installation\"> <h2>\u00bfC\u00f3mo agregar el complemento Live Radio Player al sitio web de WordPress?<\/h2><div class=\"video-container\"><iframe width=\"720\" height=\"405\" src=\"https:\/\/www.youtube.com\/embed\/uyaX025ORVE\" frameborder=\"0\"><\/iframe><\/div><p>Simplemente siga varios pasos que se describen a continuaci\u00f3n para incrustar el widget.<\/p> <ol><li><b>Abra nuestro editor gratuito y comience a crear su propio complemento. <\/b><br> Determine el dise\u00f1o y el rendimiento adecuados del complemento y aplique todas las correcciones. <\/li> <li><b>Obtenga el c\u00f3digo individual revelado en el cuadro de Elfsight Apps. <\/b><br> Inmediatamente despu\u00e9s de completar la configuraci\u00f3n de su complemento, copie su c\u00f3digo en la ventana que aparece y gu\u00e1rdelo para usarlo en el futuro. <\/li> <li><b>Comience a usar el complemento en el sitio de WordPress. <\/b><br>Implemente el c\u00f3digo guardado recientemente en su p\u00e1gina web y aplique las correcciones. <\/li> <li><b>\u00a1Ya terminaste! La configuraci\u00f3n est\u00e1 completamente realizada. <\/b><br>Visite su p\u00e1gina web para ver en acci\u00f3n el funcionamiento del complemento. <\/li><\/ol><p>En caso de tener dudas o tener alg\u00fan problema, no dude en ponerse en contacto con nuestro personal de atenci\u00f3n al cliente. Nuestros especialistas est\u00e1n deseando ayudarle con todos los problemas que pueda tener con el widget. <\/p> <div class=\"faq\" data-component=\"FAQ\"><div class=\"faq-item\">\r\n\t\t\t\t\t<div class=\"faq-item-question\">\r\n\t\t\t\t\t\t<h3 class=\"faq-item-question-text\">\u00bfC\u00f3mo puedo incrustar un complemento de Radio Player para WordPress en mi sitio web sin conocimientos de codificaci\u00f3n?<\/h3>\r\n\r\n\t\t\t\t\t\t<div class=\"faq-item-question-icon\"><\/div>\r\n\t\t\t\t\t<\/div>\r\n\r\n\t\t\t\t\t<div class=\"faq-item-answer\">\r\n\t\t\t\t\t\t<div class=\"faq-item-answer-text\"><p>Elfsight proporciona una soluci\u00f3n basada en la nube que permite a los usuarios crear ellos mismos un complemento de Radio Player para WordPress. Vea lo simple que es el proceso:<\/p><ul><li>Acceda al Editor en l\u00ednea para generar una secci\u00f3n del complemento Radio Player para WordPress que le gustar\u00eda integrar en su sitio web.<\/li><li>Elija una de nuestras plantillas predise\u00f1adas y personalice la configuraci\u00f3n del complemento Radio Player para WordPress, modifique el dise\u00f1o y la combinaci\u00f3n de colores, incluya su contenido sin necesidad de codificaci\u00f3n.<\/li><li>Guarde los ajustes que ha configurado para el complemento Radio Player para WordPress y obtenga el c\u00f3digo para incrustar el complemento, que puede ser agregado f\u00e1cilmente a su sitio web sin costo alguno.<\/li><\/ul><p>Al trabajar en el editor f\u00e1cil de usar, cualquier usuario de Internet puede crear un complemento de Radio Player para la secci\u00f3n de WordPress e incrustarlo en su sitio web. No es necesario realizar ning\u00fan pago ni revelar la informaci\u00f3n de su tarjeta para acceder al Editor de Elfsight. Si encuentra alguna dificultad en cualquier etapa, no dude en comunicarse con nuestro servicio de atenci\u00f3n al cliente.<\/p><\/div>\r\n\t\t\t\t\t<\/div>\r\n\t\t\t\t<\/div><\/div><\/div>","protected":false},"excerpt":{"rendered":"","protected":false},"author":13,"featured_media":0,"parent":975,"menu_order":0,"comment_status":"closed","ping_status":"closed","template":"templates\/template-application-platform.php","meta":{"publish_to_discourse":"","publish_post_category":"","wpdc_auto_publish_overridden":"","wpdc_topic_tags":"","wpdc_pin_topic":"","wpdc_pin_until":"","discourse_post_id":"","discourse_permalink":"","wpdc_publishing_response":"","wpdc_publishing_error":"","footnotes":""},"class_list":["post-2694","page","type-page","status-publish","hentry"],"yoast_head":"<!-- This site is optimized with the Yoast SEO plugin v25.3.1 - https:\/\/yoast.com\/wordpress\/plugins\/seo\/ -->\n<title>Widget de Streaming Radio Player para el sitio web de WordPress (2026)<\/title>\n<meta name=\"description\" content=\"A\u00f1ade un Radio Player responsivo en su sitio WordPress de sitio. Pruebe la demo de Elfsight manejable y cree su plugin \u00fanico f\u00e1cilmente.\" \/>\n<meta name=\"robots\" content=\"index, follow, max-snippet:-1, max-image-preview:large, max-video-preview:-1\" \/>\n<link rel=\"canonical\" href=\"https:\/\/elfsight.com\/es\/radio-player-widget\/wordpress\/\" \/>\n<meta property=\"og:locale\" content=\"es_ES\" \/>\n<meta property=\"og:type\" content=\"article\" \/>\n<meta property=\"og:title\" content=\"Widget de Streaming Radio Player para el sitio web de WordPress (2026)\" \/>\n<meta property=\"og:description\" content=\"A\u00f1ade un Radio Player responsivo en su sitio WordPress de sitio. Pruebe la demo de Elfsight manejable y cree su plugin \u00fanico f\u00e1cilmente.\" \/>\n<meta property=\"og:url\" content=\"https:\/\/elfsight.com\/es\/radio-player-widget\/wordpress\/\" \/>\n<meta property=\"og:site_name\" content=\"Elfsight ES\" \/>\n<meta property=\"article:modified_time\" content=\"2025-02-06T15:27:27+00:00\" \/>\n<meta name=\"twitter:card\" content=\"summary_large_image\" \/>\n<meta name=\"twitter:label1\" content=\"Tiempo de lectura\" \/>\n\t<meta name=\"twitter:data1\" content=\"2 minutos\" \/>\n<!-- \/ Yoast SEO plugin. -->","yoast_head_json":{"title":"Widget de Streaming Radio Player para el sitio web de WordPress (2026)","description":"A\u00f1ade un Radio Player responsivo en su sitio WordPress de sitio. Pruebe la demo de Elfsight manejable y cree su plugin \u00fanico f\u00e1cilmente.","robots":{"index":"index","follow":"follow","max-snippet":"max-snippet:-1","max-image-preview":"max-image-preview:large","max-video-preview":"max-video-preview:-1"},"canonical":"https:\/\/elfsight.com\/es\/radio-player-widget\/wordpress\/","og_locale":"es_ES","og_type":"article","og_title":"Widget de Streaming Radio Player para el sitio web de WordPress (2026)","og_description":"A\u00f1ade un Radio Player responsivo en su sitio WordPress de sitio. Pruebe la demo de Elfsight manejable y cree su plugin \u00fanico f\u00e1cilmente.","og_url":"https:\/\/elfsight.com\/es\/radio-player-widget\/wordpress\/","og_site_name":"Elfsight ES","article_modified_time":"2025-02-06T15:27:27+00:00","twitter_card":"summary_large_image","twitter_misc":{"Tiempo de lectura":"2 minutos"},"schema":{"@context":"https:\/\/schema.org","@graph":[{"@type":"WebPage","@id":"https:\/\/elfsight.com\/es\/radio-player-widget\/wordpress\/","url":"https:\/\/elfsight.com\/es\/radio-player-widget\/wordpress\/","name":"Widget de Streaming Radio Player para el sitio web de WordPress (2026)","isPartOf":{"@id":"https:\/\/elfsight.com\/es\/#website"},"datePublished":"2021-11-10T08:29:59+00:00","dateModified":"2025-02-06T15:27:27+00:00","description":"A\u00f1ade un Radio Player responsivo en su sitio WordPress de sitio. Pruebe la demo de Elfsight manejable y cree su plugin \u00fanico f\u00e1cilmente.","breadcrumb":{"@id":"https:\/\/elfsight.com\/es\/radio-player-widget\/wordpress\/#breadcrumb"},"inLanguage":"es","potentialAction":[{"@type":"ReadAction","target":["https:\/\/elfsight.com\/es\/radio-player-widget\/wordpress\/"]}]},{"@type":"BreadcrumbList","@id":"https:\/\/elfsight.com\/es\/radio-player-widget\/wordpress\/#breadcrumb","itemListElement":[{"@type":"ListItem","position":1,"name":"Home","item":"https:\/\/elfsight.com\/es\/"},{"@type":"ListItem","position":2,"name":"Radio Player","item":"https:\/\/elfsight.com\/es\/radio-player-widget\/"},{"@type":"ListItem","position":3,"name":"Radio Player &#8211; WordPress"}]},{"@type":"WebSite","@id":"https:\/\/elfsight.com\/es\/#website","url":"https:\/\/elfsight.com\/es\/","name":"Elfsight ES","description":"Just another Elfsight Sites site","potentialAction":[{"@type":"SearchAction","target":{"@type":"EntryPoint","urlTemplate":"https:\/\/elfsight.com\/es\/?s={search_term_string}"},"query-input":{"@type":"PropertyValueSpecification","valueRequired":true,"valueName":"search_term_string"}}],"inLanguage":"es"}]}},"meta_box":{"industry":"","seo_heading":"","heading":"","description":"","cta_heading":"","cta_description":"","application":"974","h1":"Complemento de reproductor de radio de WordPress","h1_caption":"Permite que la gente escuche sus emisoras de radio favoritas en su sitio web","application_category":[],"applications_title":"","applications_request_title":"","applications_request_button_text":"","hero_text":"","hero_video":"","hero_video_schema_markup":"","selling_points_title":"","selling_points_caption":"","selling_points":[],"selling_points_cta_text":"","features_title":"","features":"","ed_cta_examples_text":"","ed_cta_examples_hidden":"","ed_cta_demo_text":"","ed_cta_demo_hidden":"","why_caption":"","why_editor_title":"","why_editor_text":"","why_team_title":"","why_team_text":"","why_service_title":"","why_service_text":"","template_catalog_visible":"","template_catalog_title":"","template_catalog_text":"","template_catalog_categories_visible":"","demo_title":"Crea tu complemento de reproductor de radio","demo_caption":"\u00a1Configure su reproductor de radio y agr\u00e9guelo a su sitio web de WordPress gratis!","default_faq_hidden":"","app_template_category":[],"platform":"115","template_public_id":"","codecanyon_url":"","codecanyon_item_id":"","codecanyon_price":"","pricing_caption":"","pricing_elfsight_apps_hide_column":"","pricing_elfsight_apps_url":"","pricing_codecanyon_price_caption":"","integration_category":[],"integration_request_title":"","integration_request_cta":"","integration_platform":"","integrations":[],"platform_category":[],"video_schema_markup":"","price":"desde $0 por mes","trial":"","benefits":[{"text":"Instalaci\u00f3n gratuita"},{"text":"Soporte Premium"},{"text":"14 d\u00edas garant\u00eda de reembolso"},{"text":"Actualizaciones regulares"}],"button_url":"#demo","button_target_blank":"0","button_nofollow":"0","attributes":[{"name":"Responsivo","content":"Si","_state":"expanded"},{"name":"Navegadores compatibles","content":"Firefox, Safari, Opera, Chrome, Edge","_state":"expanded"}],"tags":[],"tags_disable_links":"0","hide_more_platforms":"","video_object":"{\r\n  \"@context\": \"http:\/\/schema.org\",\r\n  \"@type\": \"VideoObject\",\r\n  \"name\": \"How to Add Radio Player Plugin to WordPress (2021)\",\r\n  \"description\": \"Introduce a responsive Radio Player plugin on your WordPress website. Use our convenient demo and generate your streaming radio widget easily!\",\r\n  \"thumbnailUrl\": \"https:\/\/i.ytimg.com\/vi\/uyaX025ORVE\/default.jpg\",\r\n  \"uploadDate\": \"2021-03-29T07:57:26Z\",\r\n  \"duration\": \"PT2M25S\",\r\n  \"embedUrl\": \"https:\/\/www.youtube.com\/embed\/uyaX025ORVE\",\r\n  \"interactionCount\": \"3\"\r\n}","demo_hide_cta":"0","demo_hide_cloud_options":"0","pricing_title":"","pricing":[{"pricing_icon":"platform","pricing_title":" Elfsight Apps","pricing_title_caption":"Soluci\u00f3n multiplataforma - valido para cualquier p\u00e1gina web","pricing_price":"desde $0 por mes","pricing_price_caption":"empezar con un plan gratuito","pricing_benefits":[{"text":"Sitios web ilimitados"},{"text":"Atenci\u00f3n al cliente gratuita y r\u00e1pida"},{"text":"Servicio de instalaci\u00f3n gratuito"},{"text":"Totalmente personalizable"}],"pricing_button_text":"Agregar al sitio web","pricing_button_url":"#demo","_state":"expanded"}],"related_apps_title":"","related_apps_hidden":"1","author":"","image":[],"title":"","job":"","social_networks":[]},"_links":{"self":[{"href":"https:\/\/elfsight.com\/es\/wp-json\/wp\/v2\/pages\/2694","targetHints":{"allow":["GET"]}}],"collection":[{"href":"https:\/\/elfsight.com\/es\/wp-json\/wp\/v2\/pages"}],"about":[{"href":"https:\/\/elfsight.com\/es\/wp-json\/wp\/v2\/types\/page"}],"author":[{"embeddable":true,"href":"https:\/\/elfsight.com\/es\/wp-json\/wp\/v2\/users\/13"}],"replies":[{"embeddable":true,"href":"https:\/\/elfsight.com\/es\/wp-json\/wp\/v2\/comments?post=2694"}],"version-history":[{"count":6,"href":"https:\/\/elfsight.com\/es\/wp-json\/wp\/v2\/pages\/2694\/revisions"}],"predecessor-version":[{"id":18315,"href":"https:\/\/elfsight.com\/es\/wp-json\/wp\/v2\/pages\/2694\/revisions\/18315"}],"up":[{"embeddable":true,"href":"https:\/\/elfsight.com\/es\/wp-json\/wp\/v2\/pages\/975"}],"wp:attachment":[{"href":"https:\/\/elfsight.com\/es\/wp-json\/wp\/v2\/media?parent=2694"}],"curies":[{"name":"wp","href":"https:\/\/api.w.org\/{rel}","templated":true}]}}