{"id":2690,"date":"2021-11-10T08:17:43","date_gmt":"2021-11-10T08:17:43","guid":{"rendered":"https:\/\/elfsight.com\/es\/?page_id=2690"},"modified":"2025-02-06T15:27:27","modified_gmt":"2025-02-06T15:27:27","slug":"wordpress","status":"publish","type":"page","link":"https:\/\/elfsight.com\/es\/subscription-form-widget\/wordpress\/","title":{"rendered":"Subscription Form &#8211; WordPress"},"content":{"rendered":"<div class=\"application-platform-content-item-description application-platform-content-item\" id=\"description\" data-nav-section=\"description\"> <h2>Incrustar formulario de suscripci\u00f3n en WordPress con el widget Elfsight<\/h2> <p>El formulario de suscripci\u00f3n para WordPress es un complemento eficiente que le permite recopilar correos electr\u00f3nicos. La aplicaci\u00f3n le brinda una opci\u00f3n no solo para ampliar su lista de correo electr\u00f3nico, sino tambi\u00e9n para hacerlo c\u00f3modamente: puede agregar el encabezado con un t\u00edtulo informativo, solicitar el nombre del correo electr\u00f3nico o mantenerlo simple y colocar solo un campo de correo electr\u00f3nico all\u00ed y adjuntar una etiqueta informativa y un marcador de posici\u00f3n. Tambi\u00e9n existe la oportunidad de conectar su herramienta Formulario de suscripci\u00f3n con Mailchimp. Y utilizando uno de los 4 dise\u00f1os predise\u00f1ados podr\u00e1s crear el widget que funcione tal como lo necesitas. <\/p> <p><b>Muestre su formulario de suscripci\u00f3n al p\u00fablico objetivo en las p\u00e1ginas adecuadas de su sitio y evite que reboten. <\/b><\/p> <\/div> <div class=\"application-platform-content-item-features application-platform-content-item\" id=\"features\" data-nav-section=\"features\"> <h2>Estas son las caracter\u00edsticas esenciales del widget: <\/h2> <ul><li>Adjunte un encabezado con un t\u00edtulo atractivo. <\/li><li>Integra tu formulario con Mailchimp <\/li><li>Obt\u00e9n tu lista de correo electr\u00f3nico en formato CSV. <\/li><li>Partes del formulario personalizables. <\/li><li>Cuatro dise\u00f1os para elegir: incrustado, emergente, panel, lateral. <\/li><\/ul><p><a href=\"#demo\">Puedes ver c\u00f3mo funciona el complemento con la ayuda de la demostraci\u00f3n<\/a><\/p> <\/div> <div class=\"application-platform-content-item-installation application-platform-content-item\" id=\"installation\" data-nav-section=\"installation\"> <h2>\u00bfC\u00f3mo incrustar el formulario de suscripci\u00f3n en mi sitio web de WordPress? <\/h2> <p>Simplemente siga las pautas a continuaci\u00f3n para comenzar a usar el complemento. <\/p> <ol><li><b>Utilice nuestro configurador gratuito y comience a darle forma a su complemento personalizado. <\/b><br> Encuentre el dise\u00f1o y la funcionalidad seleccionados del complemento y aplique las ediciones. <\/li> <li><b>Obtenga su c\u00f3digo individual que aparece en el cuadro de Elfsight Apps. <\/b><br> Una vez finalizada la configuraci\u00f3n de su complemento personal, copie el c\u00f3digo exclusivo de la ventana que aparece y gu\u00e1rdelo para futuras ocasiones. <\/li> <li><b>Iniciar la utilizaci\u00f3n del complemento en el sitio web de WordPress. <\/b><br> Ingrese el c\u00f3digo copiado recientemente en su sitio web y aplique las modificaciones. <\/li> <li><b>\u00a1Listo! La configuraci\u00f3n est\u00e1 completamente realizada. <\/b><br>Visite su p\u00e1gina para ver c\u00f3mo funciona el complemento. <\/li><\/ol> <p>Con la condici\u00f3n de afrontar consultas o enfrentar cualquier dificultad, no dude en buscar ayuda de nuestro equipo de atenci\u00f3n al cliente. Nuestros consultores estar\u00e1n encantados de ayudarle con todas las dificultades que pueda tener con el widget. <\/p><div class=\"faq\" data-component=\"FAQ\"> <div class=\"faq-item\">\r\n\t\t\t\t\t<div class=\"faq-item-question\">\r\n\t\t\t\t\t\t<h3 class=\"faq-item-question-text\">\u00bfC\u00f3mo agregar Form Builder a mi sitio web de WordPress sin conocimientos de codificaci\u00f3n?<\/h3>\r\n\r\n\t\t\t\t\t\t<div class=\"faq-item-question-icon\"><\/div>\r\n\t\t\t\t\t<\/div>\r\n\r\n\t\t\t\t\t<div class=\"faq-item-answer\">\r\n\t\t\t\t\t\t<div class=\"faq-item-answer-text\"> <p>Elfsight proporciona una soluci\u00f3n SaaS que le permite crear un widget de Form Builder usted mismo. Vea lo f\u00e1cil que es el proceso: trabaje directamente en el editor en l\u00ednea para crear un widget de Form Builder que le gustar\u00eda ver en su sitio web de WordPress. Elija una de las plantillas predise\u00f1adas y ajuste la configuraci\u00f3n del Creador de formularios, agregue su contenido, cambie el dise\u00f1o y la combinaci\u00f3n de colores sin conocimientos de codificaci\u00f3n. Guarde Form Builder y copie su c\u00f3digo de instalaci\u00f3n, que puede insertar f\u00e1cilmente en su sitio web de WordPress sin comprar una suscripci\u00f3n paga. Con nuestro editor intuitivo, cualquier usuario de Internet puede crear un widget Form Builder en l\u00ednea e incrustarlo f\u00e1cilmente en su sitio web de WordPress. No es necesario pagar ni ingresar las credenciales de su tarjeta para acceder al servicio. Si tiene alg\u00fan problema en cualquier paso, no dude en ponerse en contacto con nuestro equipo de soporte t\u00e9cnico.<\/p> <\/div>\r\n\t\t\t\t\t<\/div>\r\n\t\t\t\t<\/div><div class=\"faq-item\">\r\n\t\t\t\t\t<div class=\"faq-item-question\">\r\n\t\t\t\t\t\t<h3 class=\"faq-item-question-text\">\u00bfProporcionan plantillas de formulario de suscripci\u00f3n para el sitio web de WordPress?<\/h3>\r\n\r\n\t\t\t\t\t\t<div class=\"faq-item-question-icon\"><\/div>\r\n\t\t\t\t\t<\/div>\r\n\r\n\t\t\t\t\t<div class=\"faq-item-answer\">\r\n\t\t\t\t\t\t<div class=\"faq-item-answer-text\"><p>S\u00ed, hay m\u00e1s de 300 plantillas listas para usar para elegir. Pruebe las <a href=\"https:\/\/elfsight.com\/online-form-builder\/templates\/subscription-forms\/\">plantillas de formularios de suscripci\u00f3n<\/a> y d\u00edganos cu\u00e1l le gusta m\u00e1s.<\/p><\/div>\r\n\t\t\t\t\t<\/div>\r\n\t\t\t\t<\/div> <\/div> <\/div>","protected":false},"excerpt":{"rendered":"","protected":false},"author":13,"featured_media":0,"parent":2095,"menu_order":0,"comment_status":"closed","ping_status":"closed","template":"templates\/template-application-platform.php","meta":{"publish_to_discourse":"","publish_post_category":"","wpdc_auto_publish_overridden":"","wpdc_topic_tags":"","wpdc_pin_topic":"","wpdc_pin_until":"","discourse_post_id":"","discourse_permalink":"","wpdc_publishing_response":"","wpdc_publishing_error":"","footnotes":""},"class_list":["post-2690","page","type-page","status-publish","hentry"],"yoast_head":"<!-- This site is optimized with the Yoast SEO plugin v25.3.1 - https:\/\/yoast.com\/wordpress\/plugins\/seo\/ -->\n<title>Agregue el plugin de Formulario de suscripci\u00f3n al sitio web de WordPress<\/title>\n<meta name=\"description\" content=\"Incrusta un atractivo de Formulario de Suscripci\u00f3n en su sitio web de WordPress. Pruebe la demo de Elfsight y genere su widget \u00fanico.\" \/>\n<meta name=\"robots\" content=\"index, follow, max-snippet:-1, max-image-preview:large, max-video-preview:-1\" \/>\n<link rel=\"canonical\" href=\"https:\/\/elfsight.com\/es\/subscription-form-widget\/wordpress\/\" \/>\n<meta property=\"og:locale\" content=\"es_ES\" \/>\n<meta property=\"og:type\" content=\"article\" \/>\n<meta property=\"og:title\" content=\"Agregue el plugin de Formulario de suscripci\u00f3n al sitio web de WordPress\" \/>\n<meta property=\"og:description\" content=\"Incrusta un atractivo de Formulario de Suscripci\u00f3n en su sitio web de WordPress. Pruebe la demo de Elfsight y genere su widget \u00fanico.\" \/>\n<meta property=\"og:url\" content=\"https:\/\/elfsight.com\/es\/subscription-form-widget\/wordpress\/\" \/>\n<meta property=\"og:site_name\" content=\"Elfsight ES\" \/>\n<meta property=\"article:modified_time\" content=\"2025-02-06T15:27:27+00:00\" \/>\n<meta name=\"twitter:card\" content=\"summary_large_image\" \/>\n<meta name=\"twitter:label1\" content=\"Tiempo de lectura\" \/>\n\t<meta name=\"twitter:data1\" content=\"2 minutos\" \/>\n<!-- \/ Yoast SEO plugin. -->","yoast_head_json":{"title":"Agregue el plugin de Formulario de suscripci\u00f3n al sitio web de WordPress","description":"Incrusta un atractivo de Formulario de Suscripci\u00f3n en su sitio web de WordPress. Pruebe la demo de Elfsight y genere su widget \u00fanico.","robots":{"index":"index","follow":"follow","max-snippet":"max-snippet:-1","max-image-preview":"max-image-preview:large","max-video-preview":"max-video-preview:-1"},"canonical":"https:\/\/elfsight.com\/es\/subscription-form-widget\/wordpress\/","og_locale":"es_ES","og_type":"article","og_title":"Agregue el plugin de Formulario de suscripci\u00f3n al sitio web de WordPress","og_description":"Incrusta un atractivo de Formulario de Suscripci\u00f3n en su sitio web de WordPress. Pruebe la demo de Elfsight y genere su widget \u00fanico.","og_url":"https:\/\/elfsight.com\/es\/subscription-form-widget\/wordpress\/","og_site_name":"Elfsight ES","article_modified_time":"2025-02-06T15:27:27+00:00","twitter_card":"summary_large_image","twitter_misc":{"Tiempo de lectura":"2 minutos"},"schema":{"@context":"https:\/\/schema.org","@graph":[{"@type":"WebPage","@id":"https:\/\/elfsight.com\/es\/subscription-form-widget\/wordpress\/","url":"https:\/\/elfsight.com\/es\/subscription-form-widget\/wordpress\/","name":"Agregue el plugin de Formulario de suscripci\u00f3n al sitio web de WordPress","isPartOf":{"@id":"https:\/\/elfsight.com\/es\/#website"},"datePublished":"2021-11-10T08:17:43+00:00","dateModified":"2025-02-06T15:27:27+00:00","description":"Incrusta un atractivo de Formulario de Suscripci\u00f3n en su sitio web de WordPress. Pruebe la demo de Elfsight y genere su widget \u00fanico.","breadcrumb":{"@id":"https:\/\/elfsight.com\/es\/subscription-form-widget\/wordpress\/#breadcrumb"},"inLanguage":"es","potentialAction":[{"@type":"ReadAction","target":["https:\/\/elfsight.com\/es\/subscription-form-widget\/wordpress\/"]}]},{"@type":"BreadcrumbList","@id":"https:\/\/elfsight.com\/es\/subscription-form-widget\/wordpress\/#breadcrumb","itemListElement":[{"@type":"ListItem","position":1,"name":"Home","item":"https:\/\/elfsight.com\/es\/"},{"@type":"ListItem","position":2,"name":"Subscription Form","item":"https:\/\/elfsight.com\/es\/subscription-form-widget\/"},{"@type":"ListItem","position":3,"name":"Subscription Form &#8211; WordPress"}]},{"@type":"WebSite","@id":"https:\/\/elfsight.com\/es\/#website","url":"https:\/\/elfsight.com\/es\/","name":"Elfsight ES","description":"Just another Elfsight Sites site","potentialAction":[{"@type":"SearchAction","target":{"@type":"EntryPoint","urlTemplate":"https:\/\/elfsight.com\/es\/?s={search_term_string}"},"query-input":{"@type":"PropertyValueSpecification","valueRequired":true,"valueName":"search_term_string"}}],"inLanguage":"es"}]}},"meta_box":{"industry":"","seo_heading":"","heading":"","description":"","cta_heading":"","cta_description":"","application":"2094","h1":"Complemento de formulario de suscripci\u00f3n de WordPress","h1_caption":"Incruste un formulario de suscripci\u00f3n para recopilar correos electr\u00f3nicos y hacer crecer su lista de correo sin esfuerzo en su sitio web de WordPress.","application_category":[],"applications_title":"","applications_request_title":"","applications_request_button_text":"","hero_text":"","hero_video":"","hero_video_schema_markup":"","selling_points_title":"","selling_points_caption":"","selling_points":[],"selling_points_cta_text":"","features_title":"","features":"","ed_cta_examples_text":"","ed_cta_examples_hidden":"","ed_cta_demo_text":"","ed_cta_demo_hidden":"","why_caption":"","why_editor_title":"","why_editor_text":"","why_team_title":"","why_team_text":"","why_service_title":"","why_service_text":"","template_catalog_visible":"","template_catalog_title":"","template_catalog_text":"","template_catalog_categories_visible":"","demo_title":"Crea tu complemento de formulario de suscripci\u00f3n","demo_caption":"\u00a1Configure su formulario de suscripci\u00f3n y agr\u00e9guelo a su sitio web de WordPress gratis!","default_faq_hidden":"","app_template_category":[],"platform":"115","template_public_id":"","codecanyon_url":"","codecanyon_item_id":"","codecanyon_price":"","pricing_caption":"","pricing_elfsight_apps_hide_column":"","pricing_elfsight_apps_url":"","pricing_codecanyon_price_caption":"","integration_category":[],"integration_request_title":"","integration_request_cta":"","integration_platform":"","integrations":[],"platform_category":[],"video_schema_markup":"","price":"desde $0 por mes","trial":"","benefits":[{"text":"Instalaci\u00f3n gratuita"},{"text":"Soporte Premium"},{"text":"14 d\u00edas garant\u00eda de reembolso"},{"text":"Actualizaciones regulares"}],"button_url":"#demo","button_target_blank":"0","button_nofollow":"0","attributes":[{"name":"Responsivo","content":"Si","_state":"expanded"},{"name":"Navegadores compatibles","content":"Firefox, Safari, Opera, Chrome, Edge","_state":"expanded"}],"tags":[],"tags_disable_links":"0","hide_more_platforms":"","video_object":"","demo_hide_cta":"0","demo_hide_cloud_options":"0","pricing_title":"","pricing":[{"pricing_icon":"platform","pricing_title":" Elfsight Apps","pricing_title_caption":"Soluci\u00f3n multiplataforma - valido para cualquier p\u00e1gina web","pricing_price":"desde $0 por mes","pricing_price_caption":"empezar con un plan gratuito","pricing_benefits":[{"text":"Sitios web ilimitados"},{"text":"Atenci\u00f3n al cliente gratuita y r\u00e1pida"},{"text":"Servicio de instalaci\u00f3n gratuito"},{"text":"Totalmente personalizable"}],"pricing_button_text":"Agregar al sitio web","pricing_button_url":"#demo","_state":"expanded"}],"related_apps_title":"","related_apps_hidden":"1","author":"","image":[],"title":"","job":"","social_networks":[]},"_links":{"self":[{"href":"https:\/\/elfsight.com\/es\/wp-json\/wp\/v2\/pages\/2690","targetHints":{"allow":["GET"]}}],"collection":[{"href":"https:\/\/elfsight.com\/es\/wp-json\/wp\/v2\/pages"}],"about":[{"href":"https:\/\/elfsight.com\/es\/wp-json\/wp\/v2\/types\/page"}],"author":[{"embeddable":true,"href":"https:\/\/elfsight.com\/es\/wp-json\/wp\/v2\/users\/13"}],"replies":[{"embeddable":true,"href":"https:\/\/elfsight.com\/es\/wp-json\/wp\/v2\/comments?post=2690"}],"version-history":[{"count":5,"href":"https:\/\/elfsight.com\/es\/wp-json\/wp\/v2\/pages\/2690\/revisions"}],"predecessor-version":[{"id":18316,"href":"https:\/\/elfsight.com\/es\/wp-json\/wp\/v2\/pages\/2690\/revisions\/18316"}],"up":[{"embeddable":true,"href":"https:\/\/elfsight.com\/es\/wp-json\/wp\/v2\/pages\/2095"}],"wp:attachment":[{"href":"https:\/\/elfsight.com\/es\/wp-json\/wp\/v2\/media?parent=2690"}],"curies":[{"name":"wp","href":"https:\/\/api.w.org\/{rel}","templated":true}]}}