{"id":2685,"date":"2021-11-10T08:03:02","date_gmt":"2021-11-10T08:03:02","guid":{"rendered":"https:\/\/elfsight.com\/es\/?page_id=2685"},"modified":"2025-02-06T15:27:36","modified_gmt":"2025-02-06T15:27:36","slug":"wordpress","status":"publish","type":"page","link":"https:\/\/elfsight.com\/es\/job-board-widget\/wordpress\/","title":{"rendered":"Job Board &#8211; WordPress"},"content":{"rendered":"<div class=\"application-platform-content-item-description application-platform-content-item\" id=\"description\" data-nav-section=\"description\"> <h2>Integre una bolsa de trabajo en WordPress con el widget Elfsight<\/h2> <p>Nuestra bolsa de trabajo para WordPress es un complemento excepcional que le permite revelar vacantes abiertas y obtener CV de los solicitantes directamente en su sitio web de la forma m\u00e1s accesible. A trav\u00e9s de nuestra nueva herramienta podr\u00e1s dar a conocer tu empresa, distribuir informaci\u00f3n sobre ofertas de trabajo y obtener curr\u00edculums. El widget le ofrece crear una tarjeta de trabajo con una descripci\u00f3n detallada y un bot\u00f3n Aplicar. Emplear la Bolsa de Trabajo de Elfsight le permite facilitar el proceso de contrataci\u00f3n y adquirir las respuestas a las ofertas de trabajo con un solo clic. <\/p> <p><b>Cree f\u00e1cilmente las ofertas de trabajo y los llamados a la acci\u00f3n m\u00e1s tentadores para inspirar a m\u00e1s posibles empleados a trabajar con usted<\/b><\/p> <\/div> <div class=\"application-platform-content-item-features application-platform-content-item\" id=\"features\" data-nav-section=\"features\"> <h2>Conozca la lista de las funciones m\u00e1s \u00fatiles: <\/h2> <ul><li>Cree un enlace Aplicar para dirigir a los usuarios del sitio web a la p\u00e1gina que recopila CV<\/li><li>Muestre las ofertas de trabajo de la manera m\u00e1s detallada<\/li><li>Agregue tantos trabajos como desee<\/li><li>Describa el trabajo detalladamente e indique: salario, habilidades necesarias y puesto de trabajo<\/li><li>Brinde informaci\u00f3n sobre la empresa: ubicaci\u00f3n, departamento y su nombre<\/li><\/ul><p><a href=\"#demo\">Puedes probar si vale la pena probar el complemento con la demostraci\u00f3n<\/a><\/p> <\/div> <div class=\"application-platform-content-item-installation application-platform-content-item\" id=\"installation\" data-nav-section=\"installation\"> <h2>\u00bfC\u00f3mo inserto una bolsa de trabajo en mi p\u00e1gina web de WordPress? <\/h2> <p>Simplemente aplique las instrucciones a continuaci\u00f3n para integrar la herramienta. <\/p> <ol><li><b>Utilice nuestra demostraci\u00f3n gratuita y comience a crear su complemento personalizado. <\/b><br> Determine el dise\u00f1o seleccionado y las caracter\u00edsticas de la herramienta y guarde las ediciones. <\/li> <li><b>Copia el c\u00f3digo \u00fanico que aparece en la ventana de Elfsight Apps. <\/b><br> Una vez finalizada la generaci\u00f3n de su herramienta, copie el c\u00f3digo personal en el cuadro que aparece y gu\u00e1rdelo para usarlo m\u00e1s adelante. <\/li> <li><b>Inicie la utilizaci\u00f3n de la herramienta en su sitio web de WordPress. <\/b><br>Coloca el c\u00f3digo que has copiado recientemente en tu p\u00e1gina de inicio y aplica las mejoras. <\/li> <li><b>\u00a1Listo! La incrustaci\u00f3n se realiza con \u00e9xito. <\/b><br>Vaya a su p\u00e1gina web para revisar c\u00f3mo se est\u00e1 ejecutando la herramienta. <\/li><\/ol> <p>Si tiene alguna dificultad, no dude en ponerse en contacto con nuestro equipo de atenci\u00f3n al cliente. Nuestros asesores est\u00e1n deseando resolver todas las dificultades que puedas tener con el widget. <\/p> <div class=\"faq\" data-component=\"FAQ\"><div class=\"faq-item\">\r\n\t\t\t\t\t<div class=\"faq-item-question\">\r\n\t\t\t\t\t\t<h3 class=\"faq-item-question-text\">\u00bfDe qu\u00e9 manera puedo agregar una bolsa de trabajo a mi sitio de WordPress sin conocimientos de codificaci\u00f3n?<\/h3>\r\n\r\n\t\t\t\t\t\t<div class=\"faq-item-question-icon\"><\/div>\r\n\t\t\t\t\t<\/div>\r\n\r\n\t\t\t\t\t<div class=\"faq-item-answer\">\r\n\t\t\t\t\t\t<div class=\"faq-item-answer-text\"> <p>Elfsight ofrece una soluci\u00f3n que permite a una amplia audiencia generar una secci\u00f3n de bolsa de trabajo usted mismo. Descubra las sencillas instrucciones: Trabaje directamente en el editor en l\u00ednea para crear un widget de bolsa de trabajo que le gustar\u00eda ver en su p\u00e1gina de inicio de WordPress. Elija una de las plantillas ya preparadas y adapte la configuraci\u00f3n de la bolsa de trabajo, cambie el dise\u00f1o y el color de los elementos, incluido su contenido, sin experiencia en codificaci\u00f3n. Guarde la configuraci\u00f3n que realiz\u00f3 en la bolsa de trabajo y obtenga un c\u00f3digo de complemento para incrustar que se puede agregar f\u00e1cilmente a su p\u00e1gina web de WordPress de forma gratuita. Al trabajar en el sencillo Configurador, cualquier usuario de Internet puede crear un complemento de bolsa de trabajo en l\u00ednea y pegarlo f\u00e1cilmente en cualquier sitio web de WordPress. No es necesario obtener un plan pago ni ingresar los datos de su tarjeta para ingresar a nuestro Editor. Si tiene alg\u00fan problema en alg\u00fan paso, contin\u00fae y hable con nuestro personal de soporte.<\/p> <\/div>\r\n\t\t\t\t\t<\/div>\r\n\t\t\t\t<\/div> <\/div><\/div>","protected":false},"excerpt":{"rendered":"","protected":false},"author":13,"featured_media":0,"parent":2077,"menu_order":0,"comment_status":"closed","ping_status":"closed","template":"templates\/template-application-platform.php","meta":{"publish_to_discourse":"","publish_post_category":"","wpdc_auto_publish_overridden":"","wpdc_topic_tags":"","wpdc_pin_topic":"","wpdc_pin_until":"","discourse_post_id":"","discourse_permalink":"","wpdc_publishing_response":"","wpdc_publishing_error":"","footnotes":""},"class_list":["post-2685","page","type-page","status-publish","hentry"],"yoast_head":"<!-- This site is optimized with the Yoast SEO plugin v25.3.1 - https:\/\/yoast.com\/wordpress\/plugins\/seo\/ -->\n<title>Plugin de la bolsa de trabajo de WordPress: agregue ofertas de trabajo<\/title>\n<meta name=\"description\" content=\"A\u00f1ade un widget interactivo de Bolsa de trabajo en su sitio WordPress. Use la demo de Elfsight f\u00e1cil de usar y cree su propio widget.\" \/>\n<meta name=\"robots\" content=\"index, follow, max-snippet:-1, max-image-preview:large, max-video-preview:-1\" \/>\n<link rel=\"canonical\" href=\"https:\/\/elfsight.com\/es\/job-board-widget\/wordpress\/\" \/>\n<meta property=\"og:locale\" content=\"es_ES\" \/>\n<meta property=\"og:type\" content=\"article\" \/>\n<meta property=\"og:title\" content=\"Plugin de la bolsa de trabajo de WordPress: agregue ofertas de trabajo\" \/>\n<meta property=\"og:description\" content=\"A\u00f1ade un widget interactivo de Bolsa de trabajo en su sitio WordPress. Use la demo de Elfsight f\u00e1cil de usar y cree su propio widget.\" \/>\n<meta property=\"og:url\" content=\"https:\/\/elfsight.com\/es\/job-board-widget\/wordpress\/\" \/>\n<meta property=\"og:site_name\" content=\"Elfsight ES\" \/>\n<meta property=\"article:modified_time\" content=\"2025-02-06T15:27:36+00:00\" \/>\n<meta name=\"twitter:card\" content=\"summary_large_image\" \/>\n<meta name=\"twitter:label1\" content=\"Tiempo de lectura\" \/>\n\t<meta name=\"twitter:data1\" content=\"2 minutos\" \/>\n<!-- \/ Yoast SEO plugin. -->","yoast_head_json":{"title":"Plugin de la bolsa de trabajo de WordPress: agregue ofertas de trabajo","description":"A\u00f1ade un widget interactivo de Bolsa de trabajo en su sitio WordPress. Use la demo de Elfsight f\u00e1cil de usar y cree su propio widget.","robots":{"index":"index","follow":"follow","max-snippet":"max-snippet:-1","max-image-preview":"max-image-preview:large","max-video-preview":"max-video-preview:-1"},"canonical":"https:\/\/elfsight.com\/es\/job-board-widget\/wordpress\/","og_locale":"es_ES","og_type":"article","og_title":"Plugin de la bolsa de trabajo de WordPress: agregue ofertas de trabajo","og_description":"A\u00f1ade un widget interactivo de Bolsa de trabajo en su sitio WordPress. Use la demo de Elfsight f\u00e1cil de usar y cree su propio widget.","og_url":"https:\/\/elfsight.com\/es\/job-board-widget\/wordpress\/","og_site_name":"Elfsight ES","article_modified_time":"2025-02-06T15:27:36+00:00","twitter_card":"summary_large_image","twitter_misc":{"Tiempo de lectura":"2 minutos"},"schema":{"@context":"https:\/\/schema.org","@graph":[{"@type":"WebPage","@id":"https:\/\/elfsight.com\/es\/job-board-widget\/wordpress\/","url":"https:\/\/elfsight.com\/es\/job-board-widget\/wordpress\/","name":"Plugin de la bolsa de trabajo de WordPress: agregue ofertas de trabajo","isPartOf":{"@id":"https:\/\/elfsight.com\/es\/#website"},"datePublished":"2021-11-10T08:03:02+00:00","dateModified":"2025-02-06T15:27:36+00:00","description":"A\u00f1ade un widget interactivo de Bolsa de trabajo en su sitio WordPress. Use la demo de Elfsight f\u00e1cil de usar y cree su propio widget.","breadcrumb":{"@id":"https:\/\/elfsight.com\/es\/job-board-widget\/wordpress\/#breadcrumb"},"inLanguage":"es","potentialAction":[{"@type":"ReadAction","target":["https:\/\/elfsight.com\/es\/job-board-widget\/wordpress\/"]}]},{"@type":"BreadcrumbList","@id":"https:\/\/elfsight.com\/es\/job-board-widget\/wordpress\/#breadcrumb","itemListElement":[{"@type":"ListItem","position":1,"name":"Home","item":"https:\/\/elfsight.com\/es\/"},{"@type":"ListItem","position":2,"name":"Job Board","item":"https:\/\/elfsight.com\/es\/job-board-widget\/"},{"@type":"ListItem","position":3,"name":"Job Board &#8211; WordPress"}]},{"@type":"WebSite","@id":"https:\/\/elfsight.com\/es\/#website","url":"https:\/\/elfsight.com\/es\/","name":"Elfsight ES","description":"Just another Elfsight Sites site","potentialAction":[{"@type":"SearchAction","target":{"@type":"EntryPoint","urlTemplate":"https:\/\/elfsight.com\/es\/?s={search_term_string}"},"query-input":{"@type":"PropertyValueSpecification","valueRequired":true,"valueName":"search_term_string"}}],"inLanguage":"es"}]}},"meta_box":{"industry":"","seo_heading":"","heading":"","description":"","cta_heading":"","cta_description":"","application":"2075","h1":"Complemento WordPress Bolsa de trabajo","h1_caption":"Publique anuncios de vacantes y reciba curr\u00edculos de posibles empleados","application_category":[],"applications_title":"","applications_request_title":"","applications_request_button_text":"","hero_text":"","hero_video":"","hero_video_schema_markup":"","selling_points_title":"","selling_points_caption":"","selling_points":[],"selling_points_cta_text":"","features_title":"","features":"","ed_cta_examples_text":"","ed_cta_examples_hidden":"","ed_cta_demo_text":"","ed_cta_demo_hidden":"","why_caption":"","why_editor_title":"","why_editor_text":"","why_team_title":"","why_team_text":"","why_service_title":"","why_service_text":"","template_catalog_visible":"","template_catalog_title":"","template_catalog_text":"","template_catalog_categories_visible":"","demo_title":"Crea tu complemento de bolsa de trabajo","demo_caption":"\u00a1Configura tu bolsa de trabajo y agr\u00e9gala a tu sitio web de WordPress gratis!","default_faq_hidden":"","app_template_category":[],"platform":"115","template_public_id":"","codecanyon_url":"","codecanyon_item_id":"","codecanyon_price":"","pricing_caption":"","pricing_elfsight_apps_hide_column":"","pricing_elfsight_apps_url":"","pricing_codecanyon_price_caption":"","integration_category":[],"integration_request_title":"","integration_request_cta":"","integration_platform":"","integrations":[],"platform_category":[],"video_schema_markup":"","price":"desde $0 por mes","trial":"","benefits":[{"text":"Instalaci\u00f3n gratuita"},{"text":"Soporte Premium"},{"text":"14 d\u00edas garant\u00eda de reembolso"},{"text":"Actualizaciones regulares"}],"button_url":"#demo","button_target_blank":"0","button_nofollow":"0","attributes":[{"name":"Responsivo","content":"Si","_state":"expanded"},{"name":"Navegadores compatibles","content":"Firefox, Safari, Opera, Chrome, Edge","_state":"expanded"}],"tags":[],"tags_disable_links":"0","hide_more_platforms":"","video_object":"","demo_hide_cta":"0","demo_hide_cloud_options":"0","pricing_title":"","pricing":[{"pricing_icon":"platform","pricing_title":" Elfsight Apps","pricing_title_caption":"Soluci\u00f3n multiplataforma - valido para cualquier p\u00e1gina web","pricing_price":"desde $0 por mes","pricing_price_caption":"empezar con un plan gratuito","pricing_benefits":[{"text":"Sitios web ilimitados"},{"text":"Atenci\u00f3n al cliente gratuita y r\u00e1pida"},{"text":"Servicio de instalaci\u00f3n gratuito"},{"text":"Totalmente personalizable"}],"pricing_button_text":"Agregar al sitio web","pricing_button_url":"#demo","_state":"expanded"}],"related_apps_title":"","related_apps_hidden":"1","author":"","image":[],"title":"","job":"","social_networks":[]},"_links":{"self":[{"href":"https:\/\/elfsight.com\/es\/wp-json\/wp\/v2\/pages\/2685","targetHints":{"allow":["GET"]}}],"collection":[{"href":"https:\/\/elfsight.com\/es\/wp-json\/wp\/v2\/pages"}],"about":[{"href":"https:\/\/elfsight.com\/es\/wp-json\/wp\/v2\/types\/page"}],"author":[{"embeddable":true,"href":"https:\/\/elfsight.com\/es\/wp-json\/wp\/v2\/users\/13"}],"replies":[{"embeddable":true,"href":"https:\/\/elfsight.com\/es\/wp-json\/wp\/v2\/comments?post=2685"}],"version-history":[{"count":6,"href":"https:\/\/elfsight.com\/es\/wp-json\/wp\/v2\/pages\/2685\/revisions"}],"predecessor-version":[{"id":18317,"href":"https:\/\/elfsight.com\/es\/wp-json\/wp\/v2\/pages\/2685\/revisions\/18317"}],"up":[{"embeddable":true,"href":"https:\/\/elfsight.com\/es\/wp-json\/wp\/v2\/pages\/2077"}],"wp:attachment":[{"href":"https:\/\/elfsight.com\/es\/wp-json\/wp\/v2\/media?parent=2685"}],"curies":[{"name":"wp","href":"https:\/\/api.w.org\/{rel}","templated":true}]}}