{"id":2674,"date":"2021-11-09T17:39:09","date_gmt":"2021-11-09T17:39:09","guid":{"rendered":"https:\/\/elfsight.com\/es\/?page_id=2674"},"modified":"2026-01-15T10:14:52","modified_gmt":"2026-01-15T10:14:52","slug":"wordpress","status":"publish","type":"page","link":"https:\/\/elfsight.com\/es\/portfolio-widget\/wordpress\/","title":{"rendered":"Portfolio &#8211; WordPress"},"content":{"rendered":"<div class=\"application-platform-content-item-description application-platform-content-item\" id=\"description\" data-nav-section=\"description\"><h2>Insertar Portfolio en WordPress con el widget Elfsight<\/h2><p>Elfsight Portfolio est\u00e1 dise\u00f1ado para cada persona que desea introducir su impresionante biblioteca en el sitio web y obtener nuevas ventas. Usando nuestra herramienta, podr\u00e1 enviar selecciones de im\u00e1genes, contenido de video, bocetos y otros materiales. Cada contenido puede incluir un texto y una fecha detallados. Puede vincular proyectos a sus sitios web y distribuir proyectos en grupos. Los usuarios ver\u00e1n su cartera de proyectos, tocar\u00e1n una cartera y ver\u00e1n todas las tomas y cintas de v\u00eddeo directamente en su sitio web. El encabezado mostrar\u00e1 su nombre completo, foto e informaci\u00f3n de contacto, lo que facilita el proceso de comunicaci\u00f3n con usted. El bot\u00f3n CTA llevar\u00e1 a los clientes a la p\u00e1gina de realizaci\u00f3n de pedidos y le ayudar\u00e1 a ampliar el n\u00famero de ventas. <\/p><div class=\"faq\" data-component=\"FAQ\"><div class=\"faq-item\">\r\n\t\t\t\t\t<div class=\"faq-item-question\">\r\n\t\t\t\t\t\t<h3 class=\"faq-item-question-text\">\u00bfC\u00f3mo puedo insertar un portafolio en mi sitio web de WordPress?<\/h3>\r\n\r\n\t\t\t\t\t\t<div class=\"faq-item-question-icon\"><\/div>\r\n\t\t\t\t\t<\/div>\r\n\r\n\t\t\t\t\t<div class=\"faq-item-answer\">\r\n\t\t\t\t\t\t<div class=\"faq-item-answer-text\"><p>La base del widget se realiza dentro del sitio web de Elfsight y no es necesario aprender a codificar. Utilice nuestra demostraci\u00f3n en vivo para dise\u00f1ar su herramienta, obtener el c\u00f3digo e insertarlo en su sitio web. <\/p><\/div>\r\n\t\t\t\t\t<\/div>\r\n\t\t\t\t<\/div><div class=\"faq-item\">\r\n\t\t\t\t\t<div class=\"faq-item-question\">\r\n\t\t\t\t\t\t<h3 class=\"faq-item-question-text\">Los mejores ejemplos de uso de integraci\u00f3n de portafolios de sitios web<\/h3>\r\n\r\n\t\t\t\t\t\t<div class=\"faq-item-question-icon\"><\/div>\r\n\t\t\t\t\t<\/div>\r\n\r\n\t\t\t\t\t<div class=\"faq-item-answer\">\r\n\t\t\t\t\t\t<div class=\"faq-item-answer-text\"><p>Le brindamos muchas posibilidades de personalizaci\u00f3n: widgets completos para incrustar en el \u00e1rea de contenido, complementos flotantes para oportunidades de desplazamiento, miniaturas para el pie de p\u00e1gina de su sitio web, encabezado y todo tipo de posibilidades verticales para barras laterales y men\u00fas. <\/p><\/div>\r\n\t\t\t\t\t<\/div>\r\n\t\t\t\t<\/div><div class=\"faq-item\">\r\n\t\t\t\t\t<div class=\"faq-item-question\">\r\n\t\t\t\t\t\t<h3 class=\"faq-item-question-text\">\u00bfPuedo crear una galer\u00eda responsiva o un portafolio de im\u00e1genes a trav\u00e9s de la agencia del editor? <\/h3>\r\n\r\n\t\t\t\t\t\t<div class=\"faq-item-question-icon\"><\/div>\r\n\t\t\t\t\t<\/div>\r\n\r\n\t\t\t\t\t<div class=\"faq-item-answer\">\r\n\t\t\t\t\t\t<div class=\"faq-item-answer-text\"><p>Puedes darle forma a las variaciones de cualquier widget. Hay muchos dise\u00f1os disponibles en el editor y todos ellos pueden personalizarse f\u00e1cilmente seg\u00fan sus necesidades. <\/p><\/div>\r\n\t\t\t\t\t<\/div>\r\n\t\t\t\t<\/div><\/div><h2>Caracter\u00edsticas principales del widget Portafolio<\/h2><p>Para tener una percepci\u00f3n clara del widget, examine la lista de sus funciones m\u00e1s importantes. Hacen que nuestro widget sea m\u00e1s efectivo para su tienda: <\/p><ul><li>Establezca cualquier cantidad de proyectos y agregue t\u00edtulos; <\/li><li>Establezca categor\u00edas y divida proyectos en ellas.<\/li><li>Decida los tipos de datos que se mostrar\u00e1n en la ventana emergente y al pasar el mouse; <\/li><li>La opci\u00f3n de agregar descripciones y asignar fechas a todos los archivos en el proyecto<\/li><li>El bot\u00f3n activo en el encabezado y en la ventana emergente lleva a los clientes a cualquier p\u00e1gina<\/li><\/ul><p><a href=\"#demo\">Para descubrir m\u00e1s funciones, consulte la demostraci\u00f3n<\/a><\/p><\/div> <div class=\"application-platform-content-item-installation application-platform-content-item\" id=\"installation\" data-nav-section=\"installation\"><h2>\u00bfC\u00f3mo agregar Portfolio a WordPress? <\/h2><div class=\"video-container\"><iframe allowfullscreen=\"\" frameborder=\"0\" height=\"405\" src=\"https:\/\/www.youtube.com\/embed\/Iz6-GukMZ4M?si=eFCMqC7ckcdrOMlH\" width=\"720\"><\/iframe><\/div><p>Simplemente siga los siguientes pasos que se presentan a continuaci\u00f3n para integrar la herramienta. <\/p><ol><li><b>Administra nuestro configurador gratuito y comienza a darle forma a tu widget \u00fanico. <\/b><br>Elija la forma y las caracter\u00edsticas preferidas del widget y aplique las correcciones. <\/li><li><b>Copia el c\u00f3digo \u00fanico que se muestra en el formulario especial de Elfsight Apps. <\/b><br>Tan pronto como finalice la configuraci\u00f3n de su complemento Portfolio, copie el c\u00f3digo exclusivo en el cuadro emergente y gu\u00e1rdelo para usarlo m\u00e1s adelante. <\/li><li><b>Comience a utilizar el complemento en su p\u00e1gina web de WordPress. <\/b><br>Pegue el c\u00f3digo que guard\u00f3 antes en su sitio web y guarde los ajustes. <\/li><li><b>La configuraci\u00f3n se realiz\u00f3 correctamente. <\/b><br>Visite su p\u00e1gina para comprobar c\u00f3mo se est\u00e1 ejecutando la herramienta. <\/li><\/ol><p>Para obtener m\u00e1s detalles sobre el complemento, consulte el <a href=\"https:\/\/elfsight.com\/blog\/how-to-add-portfolio-to-wordpress-with-elfsight-plugin\/\" target=\"_blank\" rel=\"noopener\">art\u00edculo sobre c\u00f3mo agregar Portfolio a sitios web de WordPress<\/a>.<\/p><p>Con la condici\u00f3n de atender consultas o encontrar dificultades, no dude en contactarnos. nuestro equipo de atenci\u00f3n al cliente. Nuestros consultores est\u00e1n ansiosos por resolver todas las dificultades que pueda tener con el widget<\/p><\/div>","protected":false},"excerpt":{"rendered":"","protected":false},"author":13,"featured_media":0,"parent":1093,"menu_order":0,"comment_status":"closed","ping_status":"closed","template":"templates\/template-application-platform.php","meta":{"publish_to_discourse":"","publish_post_category":"","wpdc_auto_publish_overridden":"","wpdc_topic_tags":"","wpdc_pin_topic":"","wpdc_pin_until":"","discourse_post_id":"","discourse_permalink":"","wpdc_publishing_response":"","wpdc_publishing_error":"","footnotes":""},"class_list":["post-2674","page","type-page","status-publish","hentry"],"yoast_head":"<!-- This site is optimized with the Yoast SEO plugin v25.3.1 - https:\/\/yoast.com\/wordpress\/plugins\/seo\/ -->\n<title>Plugin de portafolio receptivo para el sitio web de WordPress (gratuito)<\/title>\n<meta name=\"description\" content=\"Instala un widget de Portafolio en su p\u00e1gina web WordPress. Aplique la demo de Elfsight intuitiva y cree su plugin \u00fanico en s\u00f3lo 2 minutos.\" \/>\n<meta name=\"robots\" content=\"index, follow, max-snippet:-1, max-image-preview:large, max-video-preview:-1\" \/>\n<link rel=\"canonical\" href=\"https:\/\/elfsight.com\/es\/portfolio-widget\/wordpress\/\" \/>\n<meta property=\"og:locale\" content=\"es_ES\" \/>\n<meta property=\"og:type\" content=\"article\" \/>\n<meta property=\"og:title\" content=\"Plugin de portafolio receptivo para el sitio web de WordPress (gratuito)\" \/>\n<meta property=\"og:description\" content=\"Instala un widget de Portafolio en su p\u00e1gina web WordPress. Aplique la demo de Elfsight intuitiva y cree su plugin \u00fanico en s\u00f3lo 2 minutos.\" \/>\n<meta property=\"og:url\" content=\"https:\/\/elfsight.com\/es\/portfolio-widget\/wordpress\/\" \/>\n<meta property=\"og:site_name\" content=\"Elfsight ES\" \/>\n<meta property=\"article:modified_time\" content=\"2026-01-15T10:14:52+00:00\" \/>\n<meta name=\"twitter:card\" content=\"summary_large_image\" \/>\n<meta name=\"twitter:label1\" content=\"Tiempo de lectura\" \/>\n\t<meta name=\"twitter:data1\" content=\"3 minutos\" \/>\n<!-- \/ Yoast SEO plugin. -->","yoast_head_json":{"title":"Plugin de portafolio receptivo para el sitio web de WordPress (gratuito)","description":"Instala un widget de Portafolio en su p\u00e1gina web WordPress. Aplique la demo de Elfsight intuitiva y cree su plugin \u00fanico en s\u00f3lo 2 minutos.","robots":{"index":"index","follow":"follow","max-snippet":"max-snippet:-1","max-image-preview":"max-image-preview:large","max-video-preview":"max-video-preview:-1"},"canonical":"https:\/\/elfsight.com\/es\/portfolio-widget\/wordpress\/","og_locale":"es_ES","og_type":"article","og_title":"Plugin de portafolio receptivo para el sitio web de WordPress (gratuito)","og_description":"Instala un widget de Portafolio en su p\u00e1gina web WordPress. Aplique la demo de Elfsight intuitiva y cree su plugin \u00fanico en s\u00f3lo 2 minutos.","og_url":"https:\/\/elfsight.com\/es\/portfolio-widget\/wordpress\/","og_site_name":"Elfsight ES","article_modified_time":"2026-01-15T10:14:52+00:00","twitter_card":"summary_large_image","twitter_misc":{"Tiempo de lectura":"3 minutos"},"schema":{"@context":"https:\/\/schema.org","@graph":[{"@type":"WebPage","@id":"https:\/\/elfsight.com\/es\/portfolio-widget\/wordpress\/","url":"https:\/\/elfsight.com\/es\/portfolio-widget\/wordpress\/","name":"Plugin de portafolio receptivo para el sitio web de WordPress (gratuito)","isPartOf":{"@id":"https:\/\/elfsight.com\/es\/#website"},"datePublished":"2021-11-09T17:39:09+00:00","dateModified":"2026-01-15T10:14:52+00:00","description":"Instala un widget de Portafolio en su p\u00e1gina web WordPress. Aplique la demo de Elfsight intuitiva y cree su plugin \u00fanico en s\u00f3lo 2 minutos.","breadcrumb":{"@id":"https:\/\/elfsight.com\/es\/portfolio-widget\/wordpress\/#breadcrumb"},"inLanguage":"es","potentialAction":[{"@type":"ReadAction","target":["https:\/\/elfsight.com\/es\/portfolio-widget\/wordpress\/"]}]},{"@type":"BreadcrumbList","@id":"https:\/\/elfsight.com\/es\/portfolio-widget\/wordpress\/#breadcrumb","itemListElement":[{"@type":"ListItem","position":1,"name":"Home","item":"https:\/\/elfsight.com\/es\/"},{"@type":"ListItem","position":2,"name":"Portfolio","item":"https:\/\/elfsight.com\/es\/portfolio-widget\/"},{"@type":"ListItem","position":3,"name":"Portfolio &#8211; WordPress"}]},{"@type":"WebSite","@id":"https:\/\/elfsight.com\/es\/#website","url":"https:\/\/elfsight.com\/es\/","name":"Elfsight ES","description":"Just another Elfsight Sites site","potentialAction":[{"@type":"SearchAction","target":{"@type":"EntryPoint","urlTemplate":"https:\/\/elfsight.com\/es\/?s={search_term_string}"},"query-input":{"@type":"PropertyValueSpecification","valueRequired":true,"valueName":"search_term_string"}}],"inLanguage":"es"}]}},"meta_box":{"industry":"","seo_heading":"","heading":"","description":"","cta_heading":"","cta_description":"","application":"1092","h1":"Complemento de Portafolio de WordPress","h1_caption":"Pres\u00e9ntese y presente sus proyectos a trav\u00e9s de un portafolio personalizable","application_category":[],"applications_title":"","applications_request_title":"","applications_request_button_text":"","hero_text":"","hero_video":"","hero_video_schema_markup":"","selling_points_title":"","selling_points_caption":"","selling_points":[],"selling_points_cta_text":"","features_title":"","features":"","ed_cta_examples_text":"","ed_cta_examples_hidden":"","ed_cta_demo_text":"","ed_cta_demo_hidden":"","why_caption":"","why_editor_title":"","why_editor_text":"","why_team_title":"","why_team_text":"","why_service_title":"","why_service_text":"","template_catalog_visible":"0","template_catalog_title":"","template_catalog_text":"","template_catalog_categories_visible":"","demo_title":"Crea tu complemento de cartera","demo_caption":"\u00a1Configure su Portafolio y agr\u00e9guelo a su sitio web de WordPress gratis!","default_faq_hidden":"","app_template_category":[],"platform":"115","template_public_id":"","codecanyon_url":"","codecanyon_item_id":"","codecanyon_price":"","pricing_caption":"","pricing_elfsight_apps_hide_column":"","pricing_elfsight_apps_url":"","pricing_codecanyon_price_caption":"","integration_category":[],"integration_request_title":"","integration_request_cta":"","integration_platform":"","integrations":[],"platform_category":[],"video_schema_markup":"","price":"desde $0 por mes","trial":"","benefits":[{"text":"Instalaci\u00f3n gratuita"},{"text":"Soporte Premium"},{"text":"14 d\u00edas garant\u00eda de reembolso"},{"text":"Actualizaciones regulares"}],"button_url":"#demo","button_target_blank":"0","button_nofollow":"0","attributes":[{"name":"Responsivo","content":"Si","_state":"expanded"},{"name":"Navegadores compatibles","content":"Firefox, Safari, Opera, Chrome, Edge","_state":"expanded"}],"tags":[],"tags_disable_links":"0","hide_more_platforms":"0","video_object":"{\r\n  \"@context\": \"http:\/\/schema.org\",\r\n  \"@type\": \"VideoObject\",\r\n  \"name\": \"How to Add Portfolio to WordPress (2021)\",\r\n  \"description\": \"With Elfsight, design your effective Portfolio plugin and place it on your WordPress web page with ease. We have free client support and more bonuses.\",\r\n  \"thumbnailUrl\": \"https:\/\/i.ytimg.com\/vi\/9TeMKcy-i1Y\/default.jpg\",\r\n  \"uploadDate\": \"2020-07-07T05:31:20Z\",\r\n  \"duration\": \"PT2M27S\",\r\n  \"embedUrl\": \"https:\/\/www.youtube.com\/embed\/9TeMKcy-i1Y\",\r\n  \"interactionCount\": \"98\"\r\n}","demo_hide_cta":"0","demo_hide_cloud_options":"0","pricing_title":"","pricing":[{"pricing_icon":"platform","pricing_title":" Elfsight Apps","pricing_title_caption":"Soluci\u00f3n multiplataforma - valido para cualquier p\u00e1gina web","pricing_price":"desde $0 por mes","pricing_price_caption":"empezar con un plan gratuito","pricing_benefits":[{"text":"Sitios web ilimitados"},{"text":"Atenci\u00f3n al cliente gratuita y r\u00e1pida"},{"text":"Servicio de instalaci\u00f3n gratuito"},{"text":"Totalmente personalizable"}],"pricing_button_text":"Agregar al sitio web","pricing_button_url":"#demo","_state":"expanded"}],"related_apps_title":"","related_apps_hidden":"1","author":"","image":[],"title":"","job":"","social_networks":[]},"_links":{"self":[{"href":"https:\/\/elfsight.com\/es\/wp-json\/wp\/v2\/pages\/2674","targetHints":{"allow":["GET"]}}],"collection":[{"href":"https:\/\/elfsight.com\/es\/wp-json\/wp\/v2\/pages"}],"about":[{"href":"https:\/\/elfsight.com\/es\/wp-json\/wp\/v2\/types\/page"}],"author":[{"embeddable":true,"href":"https:\/\/elfsight.com\/es\/wp-json\/wp\/v2\/users\/13"}],"replies":[{"embeddable":true,"href":"https:\/\/elfsight.com\/es\/wp-json\/wp\/v2\/comments?post=2674"}],"version-history":[{"count":5,"href":"https:\/\/elfsight.com\/es\/wp-json\/wp\/v2\/pages\/2674\/revisions"}],"predecessor-version":[{"id":20029,"href":"https:\/\/elfsight.com\/es\/wp-json\/wp\/v2\/pages\/2674\/revisions\/20029"}],"up":[{"embeddable":true,"href":"https:\/\/elfsight.com\/es\/wp-json\/wp\/v2\/pages\/1093"}],"wp:attachment":[{"href":"https:\/\/elfsight.com\/es\/wp-json\/wp\/v2\/media?parent=2674"}],"curies":[{"name":"wp","href":"https:\/\/api.w.org\/{rel}","templated":true}]}}