{"id":2670,"date":"2021-11-09T17:30:44","date_gmt":"2021-11-09T17:30:44","guid":{"rendered":"https:\/\/elfsight.com\/es\/?page_id=2670"},"modified":"2025-02-06T15:27:45","modified_gmt":"2025-02-06T15:27:45","slug":"wordpress","status":"publish","type":"page","link":"https:\/\/elfsight.com\/es\/weather-widget\/wordpress\/","title":{"rendered":"Weather &#8211; WordPress"},"content":{"rendered":"<div class=\"application-platform-content-item-description application-platform-content-item\" id=\"description\" data-nav-section=\"description\"><h2>Incorpore Weather en WordPress con el widget Elfsight<\/h2><p>Elfsight Weather es un widget de sitio web r\u00e1pido y altamente personalizable que proporciona a sus usuarios la informaci\u00f3n meteorol\u00f3gica relevante para cualquier ubicaci\u00f3n. Agrega un lugar por el nombre, c\u00f3digo postal o coordenadas. Sus usuarios ahora pueden consultar la informaci\u00f3n m\u00e1s reciente sobre temperatura, presi\u00f3n, humedad y elementos clim\u00e1ticos. Tambi\u00e9n puede mostrar el pron\u00f3stico para la semana o para las pr\u00f3ximas 12 horas. El widget tambi\u00e9n ofrece un fondo tem\u00e1tico y la opci\u00f3n de aplicar colores personalizados. <\/p><p><b>\u00a1Facilita a los clientes reservar sus actividades al aire libre con la previsi\u00f3n meteorol\u00f3gica a la vista! <\/b><\/p><\/div><div class=\"application-platform-content-item-features application-platform-content-item\" id=\"features\" data-nav-section=\"features\"><p>Comprueba todas las funciones del widget del tiempo. Est\u00e1n disponibles directamente en el editor y le ayudar\u00e1n a crear el widget que se ajuste a sus necesidades. <\/p><ul><li>3 formas de ingresar la ubicaci\u00f3n: por el nombre, el c\u00f3digo postal o las coordenadas; <\/li><li>M\u00e1s de 30 idiomas compatibles para mostrar datos meteorol\u00f3gicos en el idioma de su audiencia; <\/li><li>5 variantes de la configuraci\u00f3n del widget para diferentes casos de uso; <\/li><li>La opci\u00f3n de mostrar el pron\u00f3stico diario para una semana con fechas; <\/li><li>Muestra el tiempo cada hora durante las pr\u00f3ximas 12 horas. <\/li><\/ul><p><a href=\"#demo\">Puedes probar todas las caracter\u00edsticas funcionales del widget directamente en la demostraci\u00f3n<\/a><\/p><\/div><div class=\"application-platform-content-item-installation application-platform-content-item\" id=\"installation\" data-nav-section=\"installation\"><h2>\u00bfC\u00f3mo puedo agregar el complemento Weather a mi sitio web de WordPress? <\/h2><div class=\"video-container\"><iframe width=\"720\" height=\"405\" src=\"https:\/\/www.youtube.com\/embed\/XVLIErBYrZ4\" frameborder=\"0\"><\/iframe><\/div><p>Simplemente siga las instrucciones a continuaci\u00f3n para integrar el complemento en WordPress.<\/p> <ol><li><b>Emplee nuestro configurador gratuito y comience a crear su complemento personalizado. <\/b><br> Elija el dise\u00f1o y los aspectos adecuados del complemento y aplique las correcciones. <\/li> <li><b>Obtenga su c\u00f3digo \u00fanico que aparece en el cuadro de Elfsight Apps. <\/b><br> Cuando finalice la generaci\u00f3n de su complemento, copie el c\u00f3digo personal de la ventana emergente que aparece y gu\u00e1rdelo para usarlo en el futuro. <\/li> <li><b>Comience a utilizar el complemento Weather en su sitio de WordPress. <\/b><br>Ingresa el c\u00f3digo guardado anteriormente en tu sitio web y guarda las modificaciones. <\/li> <li><b>La instalaci\u00f3n est\u00e1 completamente realizada. <\/b><br>Visite su sitio web para ver el rendimiento del complemento. <\/li><\/ol> <p>No dudes en ponerte en contacto con el servicio de atenci\u00f3n al cliente cuando necesites ayuda o tengas algo que preguntar. Nuestros especialistas le ayudar\u00e1n en cada consulta. <\/p><div class=\"faq\" data-component=\"FAQ\"><div class=\"faq-item\">\r\n\t\t\t\t\t<div class=\"faq-item-question\">\r\n\t\t\t\t\t\t<h3 class=\"faq-item-question-text\">\u00bfC\u00f3mo agregar el widget del tiempo a una p\u00e1gina de WordPress?<\/h3>\r\n\r\n\t\t\t\t\t\t<div class=\"faq-item-question-icon\"><\/div>\r\n\t\t\t\t\t<\/div>\r\n\r\n\t\t\t\t\t<div class=\"faq-item-answer\">\r\n\t\t\t\t\t\t<div class=\"faq-item-answer-text\"><p>Agregarlo al sitio web solo tomar\u00e1 unos momentos. Es m\u00e1s, no es necesario tener conocimientos de programaci\u00f3n.<\/p><p>Ajuste el complemento Weather para WordPress en el configurador gratuito; ingrese la ubicaci\u00f3n personalizada, elija la temperatura para mostrar; Obtenga su c\u00f3digo de instalaci\u00f3n, incruste el c\u00f3digo en el lugar necesario en la plantilla del sitio web. \u00a1Entiendo! \u00a1La instalaci\u00f3n del complemento meteorol\u00f3gico en WordPress est\u00e1 lista! <\/p><p>\u00bfTiene alg\u00fan problema al instalar el complemento en WordPress o formatearlo? Puede encontrar la gu\u00eda <a href=\"https:\/\/elfsight.com\/tutorials\/how-to-add-weather-widget\/#how-to-add-weather-to-wordpress\">en esta p\u00e1gina<\/a>. <\/p><\/div>\r\n\t\t\t\t\t<\/div>\r\n\t\t\t\t<\/div><div class=\"faq-item\">\r\n\t\t\t\t\t<div class=\"faq-item-question\">\r\n\t\t\t\t\t\t<h3 class=\"faq-item-question-text\">\u00bfTengo la oportunidad de ver c\u00f3mo se ver\u00e1 el widget en un sitio?<\/h3>\r\n\r\n\t\t\t\t\t\t<div class=\"faq-item-question-icon\"><\/div>\r\n\t\t\t\t\t<\/div>\r\n\r\n\t\t\t\t\t<div class=\"faq-item-answer\">\r\n\t\t\t\t\t\t<div class=\"faq-item-answer-text\"><p>\u00a1Definitivamente! Al crear el complemento meteorol\u00f3gico de WordPress <a href=\"https:\/\/elfsight.com\/weather-widget\/#demo\">en el generador en l\u00ednea<\/a>, ver\u00e1 todos los cambios en la parte derecha del mismo. El banner meteorol\u00f3gico ser\u00e1 id\u00e9ntico al que agregar\u00e1 a WordPress.<\/p><\/div>\r\n\t\t\t\t\t<\/div>\r\n\t\t\t\t<\/div><div class=\"faq-item\">\r\n\t\t\t\t\t<div class=\"faq-item-question\">\r\n\t\t\t\t\t\t<h3 class=\"faq-item-question-text\">\u00bfQu\u00e9 otros widgets son esenciales para un sitio web de WordPress?<\/h3>\r\n\r\n\t\t\t\t\t\t<div class=\"faq-item-question-icon\"><\/div>\r\n\t\t\t\t\t<\/div>\r\n\r\n\t\t\t\t\t<div class=\"faq-item-answer\">\r\n\t\t\t\t\t\t<div class=\"faq-item-answer-text\"><p>WordPress ofrece una serie de complementos con una funcionalidad exquisita. Sin embargo, si necesita instrumentos no convencionales para aumentar la eficacia de su sitio web, puede utilizar los complementos de Elfsight.<\/p><p>Entre ellos se encuentran <a href=\"https:\/\/elfsight.com\/google-reviews-widget\/wordpress\/\">Rese\u00f1as de Google<\/a>, <a href=\"https:\/\/elfsight.com\/testimonials-slider-widget\/wordpress\/\">Control deslizante de testimonios<\/a>, y <a href=\"https:\/\/elfsight.com\/youtube-channel-plugin-yottie\/wordpress\/\">Galer\u00eda de YouTube<\/a>. Adem\u00e1s, puede agregar <a href=\"https:\/\/elfsight.com\/whatsapp-chat-widget\/wordpress\/\">WhatsApp<\/a> y <a href=\"https:\/\/elfsight.com\/facebook-chat-widget\/wordpress\/\">Chats de Facebook<\/a> para facilitar a\u00fan m\u00e1s la comunicaci\u00f3n a trav\u00e9s de mensajeros populares. De todos modos, elige cualquier herramienta de tu agrado y fortalece tu sitio web.<\/p><\/div>\r\n\t\t\t\t\t<\/div>\r\n\t\t\t\t<\/div><\/div><\/div>","protected":false},"excerpt":{"rendered":"","protected":false},"author":13,"featured_media":0,"parent":1055,"menu_order":0,"comment_status":"closed","ping_status":"closed","template":"templates\/template-application-platform.php","meta":{"publish_to_discourse":"","publish_post_category":"","wpdc_auto_publish_overridden":"","wpdc_topic_tags":"","wpdc_pin_topic":"","wpdc_pin_until":"","discourse_post_id":"","discourse_permalink":"","wpdc_publishing_response":"","wpdc_publishing_error":"","footnotes":""},"class_list":["post-2670","page","type-page","status-publish","hentry"],"yoast_head":"<!-- This site is optimized with the Yoast SEO plugin v25.3.1 - https:\/\/yoast.com\/wordpress\/plugins\/seo\/ -->\n<title>Mejor widget de Tiempo: agregue Weather App al sitio web de WordPress<\/title>\n<meta name=\"description\" content=\"Incrusta un plugin atractivo de Tiempo en su WordPress de sitio web. Pruebe la demo de Elfsight f\u00e1cil de usar y construe su propio widget.\" \/>\n<meta name=\"robots\" content=\"index, follow, max-snippet:-1, max-image-preview:large, max-video-preview:-1\" \/>\n<link rel=\"canonical\" href=\"https:\/\/elfsight.com\/es\/weather-widget\/wordpress\/\" \/>\n<meta property=\"og:locale\" content=\"es_ES\" \/>\n<meta property=\"og:type\" content=\"article\" \/>\n<meta property=\"og:title\" content=\"Mejor widget de Tiempo: agregue Weather App al sitio web de WordPress\" \/>\n<meta property=\"og:description\" content=\"Incrusta un plugin atractivo de Tiempo en su WordPress de sitio web. Pruebe la demo de Elfsight f\u00e1cil de usar y construe su propio widget.\" \/>\n<meta property=\"og:url\" content=\"https:\/\/elfsight.com\/es\/weather-widget\/wordpress\/\" \/>\n<meta property=\"og:site_name\" content=\"Elfsight ES\" \/>\n<meta property=\"article:modified_time\" content=\"2025-02-06T15:27:45+00:00\" \/>\n<meta name=\"twitter:card\" content=\"summary_large_image\" \/>\n<meta name=\"twitter:label1\" content=\"Tiempo de lectura\" \/>\n\t<meta name=\"twitter:data1\" content=\"2 minutos\" \/>\n<!-- \/ Yoast SEO plugin. -->","yoast_head_json":{"title":"Mejor widget de Tiempo: agregue Weather App al sitio web de WordPress","description":"Incrusta un plugin atractivo de Tiempo en su WordPress de sitio web. Pruebe la demo de Elfsight f\u00e1cil de usar y construe su propio widget.","robots":{"index":"index","follow":"follow","max-snippet":"max-snippet:-1","max-image-preview":"max-image-preview:large","max-video-preview":"max-video-preview:-1"},"canonical":"https:\/\/elfsight.com\/es\/weather-widget\/wordpress\/","og_locale":"es_ES","og_type":"article","og_title":"Mejor widget de Tiempo: agregue Weather App al sitio web de WordPress","og_description":"Incrusta un plugin atractivo de Tiempo en su WordPress de sitio web. Pruebe la demo de Elfsight f\u00e1cil de usar y construe su propio widget.","og_url":"https:\/\/elfsight.com\/es\/weather-widget\/wordpress\/","og_site_name":"Elfsight ES","article_modified_time":"2025-02-06T15:27:45+00:00","twitter_card":"summary_large_image","twitter_misc":{"Tiempo de lectura":"2 minutos"},"schema":{"@context":"https:\/\/schema.org","@graph":[{"@type":"WebPage","@id":"https:\/\/elfsight.com\/es\/weather-widget\/wordpress\/","url":"https:\/\/elfsight.com\/es\/weather-widget\/wordpress\/","name":"Mejor widget de Tiempo: agregue Weather App al sitio web de WordPress","isPartOf":{"@id":"https:\/\/elfsight.com\/es\/#website"},"datePublished":"2021-11-09T17:30:44+00:00","dateModified":"2025-02-06T15:27:45+00:00","description":"Incrusta un plugin atractivo de Tiempo en su WordPress de sitio web. Pruebe la demo de Elfsight f\u00e1cil de usar y construe su propio widget.","breadcrumb":{"@id":"https:\/\/elfsight.com\/es\/weather-widget\/wordpress\/#breadcrumb"},"inLanguage":"es","potentialAction":[{"@type":"ReadAction","target":["https:\/\/elfsight.com\/es\/weather-widget\/wordpress\/"]}]},{"@type":"BreadcrumbList","@id":"https:\/\/elfsight.com\/es\/weather-widget\/wordpress\/#breadcrumb","itemListElement":[{"@type":"ListItem","position":1,"name":"Home","item":"https:\/\/elfsight.com\/es\/"},{"@type":"ListItem","position":2,"name":"Weather","item":"https:\/\/elfsight.com\/es\/weather-widget\/"},{"@type":"ListItem","position":3,"name":"Weather &#8211; WordPress"}]},{"@type":"WebSite","@id":"https:\/\/elfsight.com\/es\/#website","url":"https:\/\/elfsight.com\/es\/","name":"Elfsight ES","description":"Just another Elfsight Sites site","potentialAction":[{"@type":"SearchAction","target":{"@type":"EntryPoint","urlTemplate":"https:\/\/elfsight.com\/es\/?s={search_term_string}"},"query-input":{"@type":"PropertyValueSpecification","valueRequired":true,"valueName":"search_term_string"}}],"inLanguage":"es"}]}},"meta_box":{"industry":"","seo_heading":"","heading":"","description":"","cta_heading":"","cta_description":"","application":"1054","h1":"Complemento de WordPress Tiempo","h1_caption":"Muestra la informaci\u00f3n meteorol\u00f3gica actual y la previsi\u00f3n para cualquier lugar","application_category":[],"applications_title":"","applications_request_title":"","applications_request_button_text":"","hero_text":"","hero_video":"","hero_video_schema_markup":"","selling_points_title":"","selling_points_caption":"","selling_points":[],"selling_points_cta_text":"","features_title":"","features":"","ed_cta_examples_text":"","ed_cta_examples_hidden":"","ed_cta_demo_text":"","ed_cta_demo_hidden":"","why_caption":"","why_editor_title":"","why_editor_text":"","why_team_title":"","why_team_text":"","why_service_title":"","why_service_text":"","template_catalog_visible":"","template_catalog_title":"","template_catalog_text":"","template_catalog_categories_visible":"","demo_title":"Crea tu complemento meteorol\u00f3gico","demo_caption":"\u00a1Configure su clima y agr\u00e9guelo a su sitio web de WordPress gratis!","default_faq_hidden":"","app_template_category":[],"platform":"115","template_public_id":"","codecanyon_url":"","codecanyon_item_id":"","codecanyon_price":"","pricing_caption":"","pricing_elfsight_apps_hide_column":"","pricing_elfsight_apps_url":"","pricing_codecanyon_price_caption":"","integration_category":[],"integration_request_title":"","integration_request_cta":"","integration_platform":"","integrations":[],"platform_category":[],"video_schema_markup":"","price":"desde $0 por mes","trial":"","benefits":[{"text":"Instalaci\u00f3n gratuita"},{"text":"Soporte Premium"},{"text":"14 d\u00edas garant\u00eda de reembolso"},{"text":"Actualizaciones regulares"}],"button_url":"#demo","button_target_blank":"0","button_nofollow":"0","attributes":[{"name":"Responsivo","content":"Si","_state":"expanded"},{"name":"Navegadores compatibles","content":"Firefox, Safari, Opera, Chrome, Edge","_state":"expanded"}],"tags":[],"tags_disable_links":"0","hide_more_platforms":"","video_object":"{\r\n  \"@context\": \"http:\/\/schema.org\",\r\n  \"@type\": \"VideoObject\",\r\n  \"name\": \"How to Add Weather to WordPress (2020)\",\r\n  \"description\": \"With Elfsight, shape your Weather plugin and publish it on the WordPress website swiftly. We have free client service and other bonuses.\",\r\n  \"thumbnailUrl\": \"https:\/\/i.ytimg.com\/vi\/XVLIErBYrZ4\/default.jpg\",\r\n  \"uploadDate\": \"2020-04-02T13:42:35.000Z\",\r\n  \"duration\": \"PT2M19S\",\r\n  \"embedUrl\": \"https:\/\/www.youtube.com\/embed\/XVLIErBYrZ4\",\r\n  \"interactionCount\": \"1066\"\r\n}","demo_hide_cta":"0","demo_hide_cloud_options":"0","pricing_title":"","pricing":[{"pricing_icon":"platform","pricing_title":" Elfsight Apps","pricing_title_caption":"Soluci\u00f3n multiplataforma - valido para cualquier p\u00e1gina web","pricing_price":"desde $0 por mes","pricing_price_caption":"empezar con un plan gratuito","pricing_benefits":[{"text":"Sitios web ilimitados"},{"text":"Atenci\u00f3n al cliente gratuita y r\u00e1pida"},{"text":"Servicio de instalaci\u00f3n gratuito"},{"text":"Totalmente personalizable"}],"pricing_button_text":"Agregar al sitio web","pricing_button_url":"#demo","_state":"expanded"}],"related_apps_title":"","related_apps_hidden":"1","author":"","image":[],"title":"","job":"","social_networks":[]},"_links":{"self":[{"href":"https:\/\/elfsight.com\/es\/wp-json\/wp\/v2\/pages\/2670","targetHints":{"allow":["GET"]}}],"collection":[{"href":"https:\/\/elfsight.com\/es\/wp-json\/wp\/v2\/pages"}],"about":[{"href":"https:\/\/elfsight.com\/es\/wp-json\/wp\/v2\/types\/page"}],"author":[{"embeddable":true,"href":"https:\/\/elfsight.com\/es\/wp-json\/wp\/v2\/users\/13"}],"replies":[{"embeddable":true,"href":"https:\/\/elfsight.com\/es\/wp-json\/wp\/v2\/comments?post=2670"}],"version-history":[{"count":5,"href":"https:\/\/elfsight.com\/es\/wp-json\/wp\/v2\/pages\/2670\/revisions"}],"predecessor-version":[{"id":18321,"href":"https:\/\/elfsight.com\/es\/wp-json\/wp\/v2\/pages\/2670\/revisions\/18321"}],"up":[{"embeddable":true,"href":"https:\/\/elfsight.com\/es\/wp-json\/wp\/v2\/pages\/1055"}],"wp:attachment":[{"href":"https:\/\/elfsight.com\/es\/wp-json\/wp\/v2\/media?parent=2670"}],"curies":[{"name":"wp","href":"https:\/\/api.w.org\/{rel}","templated":true}]}}