{"id":2665,"date":"2021-11-09T11:43:26","date_gmt":"2021-11-09T11:43:26","guid":{"rendered":"https:\/\/elfsight.com\/es\/?page_id=2665"},"modified":"2026-01-13T13:56:32","modified_gmt":"2026-01-13T13:56:32","slug":"wordpress","status":"publish","type":"page","link":"https:\/\/elfsight.com\/es\/social-media-icons-widget\/wordpress\/","title":{"rendered":"Social Media Icons &#8211; WordPress"},"content":{"rendered":"<div class=\"application-platform-content-item-description application-platform-content-item\" id=\"description\" data-nav-section=\"description\"><h2>Integre iconos de redes sociales en WordPress con el widget de Elfsight<\/h2><p>Complemento pr\u00e1ctico y eficiente para Media Icons de Elfsight para conectar su sitio con las redes sociales requeridas. Fortalece los contactos con tus usuarios, convirti\u00e9ndolos en tus fans. Un dise\u00f1o responsivo, configuraciones completas de combinaci\u00f3n de colores y dise\u00f1o con \u00edconos listos para cualquier red social.<\/p><p><b>Mejora el alcance de tu marca en las redes sociales.<\/b><\/p><ul><li><b>Gana nuevos fan\u00e1ticos<\/b>.<br>Demuestra un acceso directo a tus perfiles sociales y aumenta la posibilidad de que los lectores de tu sitio se conviertan en tus fan\u00e1ticos.<\/li><li><b>Cubre m\u00e1s usuarios en las redes sociales<\/b>.<br>Sube de nivel la cobertura de tus cuentas sociales constantemente atraer lectores del sitio web y convertirlos en suscriptores.<\/li><li><b>Mant\u00e9ngase en contacto con los usuarios siempre<\/b>.<br>Permite a los visitantes utilizar una de las herramientas adicionales de comunicaci\u00f3n y obtener asistencia a trav\u00e9s de las redes sociales.<\/li><li><b>Eleve la interacci\u00f3n con los usuarios a un nuevo nivel<\/b>.<br>Demuestre a sus clientes actuales y nuevos m\u00e1s m\u00e9todos para conectarse con usted y aumentar la calidad de soporte.<\/li><\/ul><\/div><div class=\"faq\" data-component=\"FAQ\"><div class=\"faq-item\">\r\n\t\t\t\t\t<div class=\"faq-item-question\">\r\n\t\t\t\t\t\t<h3 class=\"faq-item-question-text\">\u00bfDe qu\u00e9 manera incrusto \u00edconos sociales en mi sitio web de WordPress?<\/h3>\r\n\r\n\t\t\t\t\t\t<div class=\"faq-item-question-icon\"><\/div>\r\n\t\t\t\t\t<\/div>\r\n\r\n\t\t\t\t\t<div class=\"faq-item-answer\">\r\n\t\t\t\t\t\t<div class=\"faq-item-answer-text\"><p>La creaci\u00f3n del widget ocurre dentro del sitio de Elfsight y no hay necesidad de codificar. Vaya a nuestra demostraci\u00f3n en vivo para crear su propia herramienta, obtenga el c\u00f3digo e ins\u00e9rtelo en su sitio web. <\/p><\/div>\r\n\t\t\t\t\t<\/div>\r\n\t\t\t\t<\/div><div class=\"faq-item\">\r\n\t\t\t\t\t<div class=\"faq-item-question\">\r\n\t\t\t\t\t\t<h3 class=\"faq-item-question-text\">\u00bfPuedo obtener \u00edconos negros de redes sociales a trav\u00e9s de tus %widgets%?<\/h3>\r\n\r\n\t\t\t\t\t\t<div class=\"faq-item-question-icon\"><\/div>\r\n\t\t\t\t\t<\/div>\r\n\r\n\t\t\t\t\t<div class=\"faq-item-answer\">\r\n\t\t\t\t\t\t<div class=\"faq-item-answer-text\"><p>Hay disponible una gran cantidad de plantillas: lista, galer\u00eda, mamposter\u00eda, feed, cuadr\u00edcula y muchas otras, junto con configuraciones de dise\u00f1o maleables para cumplir con tus condiciones previas. Eres libre de crear casi cualquier widget que te falte. <\/p><\/div>\r\n\t\t\t\t\t<\/div>\r\n\t\t\t\t<\/div><div class=\"faq-item\">\r\n\t\t\t\t\t<div class=\"faq-item-question\">\r\n\t\t\t\t\t\t<h3 class=\"faq-item-question-text\">El complemento My Social Icons no funciona\/no se actualiza<\/h3>\r\n\r\n\t\t\t\t\t\t<div class=\"faq-item-question-icon\"><\/div>\r\n\t\t\t\t\t<\/div>\r\n\r\n\t\t\t\t\t<div class=\"faq-item-answer\">\r\n\t\t\t\t\t\t<div class=\"faq-item-answer-text\"><p>En caso de que experimentes alg\u00fan problema con los widgets de redes sociales, dir\u00edgete al personal de atenci\u00f3n al cliente. El soporte es absolutamente gratuito para todos los clientes de Elfsight. <\/p><\/div>\r\n\t\t\t\t\t<\/div>\r\n\t\t\t\t<\/div><\/div><div class=\"application-platform-content-item-features application-platform-content-item\" id=\"features\" data-nav-section=\"features\"><h2>Caracter\u00edsticas principales del widget de iconos de redes sociales<\/h2><p>Las caracter\u00edsticas clave que transforman Elfsight Media Icons en el mejor complemento social de WordPress.<\/p><ul><li>Agregue un nuevo medio simplemente insertando una URL en su perfil;<\/li><li>Cambie el orden de la demostraci\u00f3n de los \u00edconos;<\/li><li>Dise\u00f1o en l\u00ednea para colocar \u00edconos en el \u00e1rea de contenido;<\/li><li>Colores negro, nativo y blanco de los \u00edconos al pasar el mouse;<\/li><li>Opacidad ajustable en porcentajes de los \u00edconos y pasar el mouse.<\/li><\/ul><p><a href=\"#demo\">Estudie las caracter\u00edsticas b\u00e1sicas en nuestra demostraci\u00f3n<\/a><\/p><\/div><div class=\"application-platform-content-item-installation application-platform-content-item\" id=\"installation\" data-nav-section=\"installation\"><h2>C\u00f3mo agregar \u00edconos de redes sociales complemento para WordPress<\/h2><div class=\"video-container\"><iframe allowfullscreen=\"\" frameborder=\"0\" height=\"405\" src=\"https:\/\/www.youtube.com\/embed\/l8yWGCndKiI?si=3udcOgKX8vVwpkD6\" width=\"720\"><\/iframe><\/div><p>Simplemente siga varios pasos que se describen a continuaci\u00f3n para comenzar a trabajar con la herramienta en WordPress.<\/p> <ol><li><b>Abra nuestro editor gratuito y comience a crear su complemento personalizado. <\/b><br> Elija el aspecto y los aspectos preferidos del complemento y guarde las correcciones. <\/li> <li><b>Reciba el c\u00f3digo individual que se muestra en el cuadro de Elfsight Apps. <\/b><br> Tan pronto como finalice el establecimiento de sus \u00edconos de redes sociales, copie el c\u00f3digo personal del cuadro que aparece y gu\u00e1rdelo para necesitarlo m\u00e1s adelante. <\/li> <li><b>Comience a utilizar la herramienta en su sitio web de WordPress. <\/b><br>Integre el c\u00f3digo que ha copiado recientemente en su sitio web y guarde las mejoras. <\/li> <li><b>\u00a1Listo! La configuraci\u00f3n se realiza con \u00e9xito. <\/b><br> Vaya a su p\u00e1gina para ver c\u00f3mo se ejecuta el complemento. <\/li><\/ol> <p>\u00bfTienes problemas con los iconos sociales de Elfsight en un sitio web? Consulte nuestras instrucciones detalladas \u00ab<a href=\"https:\/\/elfsight.com\/tutorials\/how-to-add-social-media-icons-to-a-wordpress-website\/\" target=\"_blank\" rel=\"noopener noreferrer\">C\u00f3mo agregar iconos de redes sociales a WordPress<\/a>\u00bb o escriba un mensaje a nuestro centro de ayuda.<\/p><p><\/div><\/p>","protected":false},"excerpt":{"rendered":"","protected":false},"author":13,"featured_media":0,"parent":995,"menu_order":0,"comment_status":"closed","ping_status":"closed","template":"templates\/template-application-platform.php","meta":{"publish_to_discourse":"","publish_post_category":"","wpdc_auto_publish_overridden":"","wpdc_topic_tags":"","wpdc_pin_topic":"","wpdc_pin_until":"","discourse_post_id":"","discourse_permalink":"","wpdc_publishing_response":"","wpdc_publishing_error":"","footnotes":""},"class_list":["post-2665","page","type-page","status-publish","hentry"],"yoast_head":"<!-- This site is optimized with the Yoast SEO plugin v25.3.1 - https:\/\/yoast.com\/wordpress\/plugins\/seo\/ -->\n<title>El mejor plugin de iconos de redes sociales de WordPress ( 2025 ) - Elfsight<\/title>\n<meta name=\"description\" content=\"Incrusta un plugin de Iconos Sociales en su p\u00e1gina web WordPress. Aplique la demo intuitiva y cree su plugin personalizado en poco tiempo.\" \/>\n<meta name=\"robots\" content=\"index, follow, max-snippet:-1, max-image-preview:large, max-video-preview:-1\" \/>\n<link rel=\"canonical\" href=\"https:\/\/elfsight.com\/es\/social-media-icons-widget\/wordpress\/\" \/>\n<meta property=\"og:locale\" content=\"es_ES\" \/>\n<meta property=\"og:type\" content=\"article\" \/>\n<meta property=\"og:title\" content=\"El mejor plugin de iconos de redes sociales de WordPress ( 2025 ) - Elfsight\" \/>\n<meta property=\"og:description\" content=\"Incrusta un plugin de Iconos Sociales en su p\u00e1gina web WordPress. Aplique la demo intuitiva y cree su plugin personalizado en poco tiempo.\" \/>\n<meta property=\"og:url\" content=\"https:\/\/elfsight.com\/es\/social-media-icons-widget\/wordpress\/\" \/>\n<meta property=\"og:site_name\" content=\"Elfsight ES\" \/>\n<meta property=\"article:modified_time\" content=\"2026-01-13T13:56:32+00:00\" \/>\n<meta name=\"twitter:card\" content=\"summary_large_image\" \/>\n<meta name=\"twitter:label1\" content=\"Tiempo de lectura\" \/>\n\t<meta name=\"twitter:data1\" content=\"3 minutos\" \/>\n<!-- \/ Yoast SEO plugin. -->","yoast_head_json":{"title":"El mejor plugin de iconos de redes sociales de WordPress ( 2025 ) - Elfsight","description":"Incrusta un plugin de Iconos Sociales en su p\u00e1gina web WordPress. Aplique la demo intuitiva y cree su plugin personalizado en poco tiempo.","robots":{"index":"index","follow":"follow","max-snippet":"max-snippet:-1","max-image-preview":"max-image-preview:large","max-video-preview":"max-video-preview:-1"},"canonical":"https:\/\/elfsight.com\/es\/social-media-icons-widget\/wordpress\/","og_locale":"es_ES","og_type":"article","og_title":"El mejor plugin de iconos de redes sociales de WordPress ( 2025 ) - Elfsight","og_description":"Incrusta un plugin de Iconos Sociales en su p\u00e1gina web WordPress. Aplique la demo intuitiva y cree su plugin personalizado en poco tiempo.","og_url":"https:\/\/elfsight.com\/es\/social-media-icons-widget\/wordpress\/","og_site_name":"Elfsight ES","article_modified_time":"2026-01-13T13:56:32+00:00","twitter_card":"summary_large_image","twitter_misc":{"Tiempo de lectura":"3 minutos"},"schema":{"@context":"https:\/\/schema.org","@graph":[{"@type":"WebPage","@id":"https:\/\/elfsight.com\/es\/social-media-icons-widget\/wordpress\/","url":"https:\/\/elfsight.com\/es\/social-media-icons-widget\/wordpress\/","name":"El mejor plugin de iconos de redes sociales de WordPress ( 2025 ) - Elfsight","isPartOf":{"@id":"https:\/\/elfsight.com\/es\/#website"},"datePublished":"2021-11-09T11:43:26+00:00","dateModified":"2026-01-13T13:56:32+00:00","description":"Incrusta un plugin de Iconos Sociales en su p\u00e1gina web WordPress. Aplique la demo intuitiva y cree su plugin personalizado en poco tiempo.","breadcrumb":{"@id":"https:\/\/elfsight.com\/es\/social-media-icons-widget\/wordpress\/#breadcrumb"},"inLanguage":"es","potentialAction":[{"@type":"ReadAction","target":["https:\/\/elfsight.com\/es\/social-media-icons-widget\/wordpress\/"]}]},{"@type":"BreadcrumbList","@id":"https:\/\/elfsight.com\/es\/social-media-icons-widget\/wordpress\/#breadcrumb","itemListElement":[{"@type":"ListItem","position":1,"name":"Home","item":"https:\/\/elfsight.com\/es\/"},{"@type":"ListItem","position":2,"name":"Social Media Icons","item":"https:\/\/elfsight.com\/es\/social-media-icons-widget\/"},{"@type":"ListItem","position":3,"name":"Social Media Icons &#8211; WordPress"}]},{"@type":"WebSite","@id":"https:\/\/elfsight.com\/es\/#website","url":"https:\/\/elfsight.com\/es\/","name":"Elfsight ES","description":"Just another Elfsight Sites site","potentialAction":[{"@type":"SearchAction","target":{"@type":"EntryPoint","urlTemplate":"https:\/\/elfsight.com\/es\/?s={search_term_string}"},"query-input":{"@type":"PropertyValueSpecification","valueRequired":true,"valueName":"search_term_string"}}],"inLanguage":"es"}]}},"meta_box":{"industry":"","seo_heading":"","heading":"","description":"","cta_heading":"","cta_description":"","application":"994","h1":"Complemento de iconos sociales de WordPress","h1_caption":"A\u00f1ade iconos sociales a su sitio web para acceder al instante a sus perfiles sociales.","application_category":[],"applications_title":"","applications_request_title":"","applications_request_button_text":"","hero_text":"","hero_video":"","hero_video_schema_markup":"","selling_points_title":"","selling_points_caption":"","selling_points":[],"selling_points_cta_text":"","features_title":"","features":"","ed_cta_examples_text":"","ed_cta_examples_hidden":"","ed_cta_demo_text":"","ed_cta_demo_hidden":"","why_caption":"","why_editor_title":"","why_editor_text":"","why_team_title":"","why_team_text":"","why_service_title":"","why_service_text":"","template_catalog_visible":"0","template_catalog_title":"","template_catalog_text":"","template_catalog_categories_visible":"","demo_title":"Crea tu complemento de iconos de redes sociales","demo_caption":"\u00a1Configure sus \u00edconos de redes sociales y agr\u00e9guelos a su sitio web de WordPress gratis!","default_faq_hidden":"","app_template_category":[],"platform":"115","template_public_id":"","codecanyon_url":"","codecanyon_item_id":"","codecanyon_price":"","pricing_caption":"","pricing_elfsight_apps_hide_column":"","pricing_elfsight_apps_url":"","pricing_codecanyon_price_caption":"","integration_category":[],"integration_request_title":"","integration_request_cta":"","integration_platform":"","integrations":[],"platform_category":[],"video_schema_markup":"","price":"desde $0 por mes","trial":"","benefits":[{"text":"Instalaci\u00f3n gratuita"},{"text":"Soporte Premium"},{"text":"14 d\u00edas garant\u00eda de reembolso"},{"text":"Actualizaciones regulares"}],"button_url":"#demo","button_target_blank":"0","button_nofollow":"0","attributes":[{"name":"Responsivo","content":"Si","_state":"expanded"},{"name":"Navegadores compatibles","content":"Firefox, Safari, Opera, Chrome, Edge","_state":"expanded"}],"tags":[],"tags_disable_links":"0","hide_more_platforms":"0","video_object":"{\r\n  \"@context\": \"http:\/\/schema.org\",\r\n  \"@type\": \"VideoObject\",\r\n  \"name\": \"How to Add Social Media Icons to WordPress (2021)\",\r\n  \"description\": \"Try best Social Media Icons plugin for WordPress right now. Shape unique social icons for your website just in a couple of minutes!\",\r\n  \"thumbnailUrl\": \"https:\/\/i.ytimg.com\/vi\/SN--dPXezKc\/default.jpg\",\r\n  \"uploadDate\": \"2021-01-21T11:33:35Z\",\r\n  \"duration\": \"PT2M24S\",\r\n  \"embedUrl\": \"https:\/\/www.youtube.com\/embed\/SN--dPXezKc\",\r\n  \"interactionCount\": \"4\"\r\n}","demo_hide_cta":"0","demo_hide_cloud_options":"0","pricing_title":"","pricing":[{"pricing_icon":"platform","pricing_title":" Elfsight Apps","pricing_title_caption":"Soluci\u00f3n multiplataforma - valido para cualquier p\u00e1gina web","pricing_price":"desde $0 por mes","pricing_price_caption":"empezar con un plan gratuito","pricing_benefits":[{"text":"Sitios web ilimitados"},{"text":"Atenci\u00f3n al cliente gratuita y r\u00e1pida"},{"text":"Servicio de instalaci\u00f3n gratuito"},{"text":"Totalmente personalizable"}],"pricing_button_text":"Agregar al sitio web","pricing_button_url":"#demo","_state":"expanded"}],"related_apps_title":"","related_apps_hidden":"1","author":"","image":[],"title":"","job":"","social_networks":[]},"_links":{"self":[{"href":"https:\/\/elfsight.com\/es\/wp-json\/wp\/v2\/pages\/2665","targetHints":{"allow":["GET"]}}],"collection":[{"href":"https:\/\/elfsight.com\/es\/wp-json\/wp\/v2\/pages"}],"about":[{"href":"https:\/\/elfsight.com\/es\/wp-json\/wp\/v2\/types\/page"}],"author":[{"embeddable":true,"href":"https:\/\/elfsight.com\/es\/wp-json\/wp\/v2\/users\/13"}],"replies":[{"embeddable":true,"href":"https:\/\/elfsight.com\/es\/wp-json\/wp\/v2\/comments?post=2665"}],"version-history":[{"count":6,"href":"https:\/\/elfsight.com\/es\/wp-json\/wp\/v2\/pages\/2665\/revisions"}],"predecessor-version":[{"id":20024,"href":"https:\/\/elfsight.com\/es\/wp-json\/wp\/v2\/pages\/2665\/revisions\/20024"}],"up":[{"embeddable":true,"href":"https:\/\/elfsight.com\/es\/wp-json\/wp\/v2\/pages\/995"}],"wp:attachment":[{"href":"https:\/\/elfsight.com\/es\/wp-json\/wp\/v2\/media?parent=2665"}],"curies":[{"name":"wp","href":"https:\/\/api.w.org\/{rel}","templated":true}]}}