{"id":2657,"date":"2021-11-09T09:54:50","date_gmt":"2021-11-09T09:54:50","guid":{"rendered":"https:\/\/elfsight.com\/es\/?page_id=2657"},"modified":"2026-01-15T11:41:50","modified_gmt":"2026-01-15T11:41:50","slug":"wordpress","status":"publish","type":"page","link":"https:\/\/elfsight.com\/es\/photo-gallery-widget\/wordpress\/","title":{"rendered":"Photo Gallery &#8211; WordPress"},"content":{"rendered":"<div class=\"application-platform-content-item-description application-platform-content-item\" id=\"description\" data-nav-section=\"description\"><h2>Incrustar galer\u00eda de fotos en WordPress con el widget Elfsight<\/h2> <p>Elfsight Gallery es la forma m\u00e1s f\u00e1cil de configurar im\u00e1genes o crear \u00e1lbumes atractivos en su sitio web. Utilice cualquier cantidad de im\u00e1genes, muestre comentarios y elija la mejor manera de colocarlas en la p\u00e1gina. Este complemento tiene seis opciones de dise\u00f1o y varias caracter\u00edsticas de dise\u00f1o adicionales. Cada imagen se abre en una ventana emergente, los visitantes pueden navegar a trav\u00e9s de ellas o ver una presentaci\u00f3n de diapositivas, usar la opci\u00f3n de zoom y disfrutar de las im\u00e1genes en pantalla completa. Puedes elegir tus colores favoritos para los elementos del widget y agregar un fondo \u00fanico, usar opciones de texto y m\u00e1s oportunidades de estilo. <\/p> <p><b>\u00a1Sorprende a los visitantes con maravillosas galer\u00edas de fotos! <\/b><\/p><div class=\"faq\" data-component=\"FAQ\"> <div class=\"faq-item\">\r\n\t\t\t\t\t<div class=\"faq-item-question\">\r\n\t\t\t\t\t\t<h3 class=\"faq-item-question-text\">\u00bfExisten otras herramientas para WordPress que pueda integrar en mi sitio web? <\/h3>\r\n\r\n\t\t\t\t\t\t<div class=\"faq-item-question-icon\"><\/div>\r\n\t\t\t\t\t<\/div>\r\n\r\n\t\t\t\t\t<div class=\"faq-item-answer\">\r\n\t\t\t\t\t\t<div class=\"faq-item-answer-text\"> <p>Tenemos que ofrecer una serie de widgets para que pueda realizar cualquier tipo de tarea en su sitio. Le recomendamos considerar los siguientes complementos: <a href=\"https:\/\/elfsight.com\/whatsapp-chat-widget\/wordpress\/\">WhatsApp Chat<\/a>, <a href=\"https:\/\/elfsight.com\/facebook-chat-widget\/wordpress\/\">Facebook Chat<\/a>, <a href=\"https:\/\/elfsight.com\/google-reviews-widget\/wordpress\/\">Rese\u00f1as de Google<\/a>, <a href=\"https:\/\/elfsight.com\/testimonials-slider-widget\/wordpress\/\">Control deslizante de testimonios<\/a>, <a href=\"https:\/\/elfsight.com\/youtube-channel-plugin-yottie\/wordpress\/\">YouTube Galer\u00eda<\/a>.<\/p> <\/div>\r\n\t\t\t\t\t<\/div>\r\n\t\t\t\t<\/div> <div class=\"faq-item\">\r\n\t\t\t\t\t<div class=\"faq-item-question\">\r\n\t\t\t\t\t\t<h3 class=\"faq-item-question-text\">\u00bfC\u00f3mo agrego el complemento Galer\u00eda de fotos a mi sitio web de WordPress? <\/h3>\r\n\r\n\t\t\t\t\t\t<div class=\"faq-item-question-icon\"><\/div>\r\n\t\t\t\t\t<\/div>\r\n\r\n\t\t\t\t\t<div class=\"faq-item-answer\">\r\n\t\t\t\t\t\t<div class=\"faq-item-answer-text\"> <p>Puedes incrustar el complemento Galer\u00eda de fotos en tu sitio de WordPress con facilidad y comenzar a mostrar fotograf\u00edas e im\u00e1genes atractivas y profesionales a tu audiencia a trav\u00e9s de una galer\u00eda responsiva. Y para insertar el complemento en su sitio de Squarespace, simplemente abra nuestro Configurador gratuito y realice las siguientes acciones: <\/p><ol><li>Seleccione la configuraci\u00f3n del tema. <\/li><li>Elija la parte donde desea integrar la Galer\u00eda de fotos. <\/li><li>Agregue su c\u00f3digo del servicio Elfsight Apps y emplee los ajustes. <\/li><li>Ya terminaste. <\/li><\/ol><p>Y tambi\u00e9n puedes consultar nuestra gu\u00eda completa sobre c\u00f3mo agregar el complemento Galer\u00eda de fotos a tu sitio web. Puedes encontrarlo en <a href=\"https:\/\/elfsight.com\/tutorials\/how-to-add-photo-gallery-to-website\/#how-to-add-gallery-to-wordpress\">Galer\u00eda de YouTube<\/a>.<\/p><\/div>\r\n\t\t\t\t\t<\/div>\r\n\t\t\t\t<\/div> <div class=\"faq-item\">\r\n\t\t\t\t\t<div class=\"faq-item-question\">\r\n\t\t\t\t\t\t<h3 class=\"faq-item-question-text\">\u00bfHay alguna forma de probar que el complemento de tu galer\u00eda fotogr\u00e1fica de WordPress est\u00e9 en vigor? <\/h3>\r\n\r\n\t\t\t\t\t\t<div class=\"faq-item-question-icon\"><\/div>\r\n\t\t\t\t\t<\/div>\r\n\r\n\t\t\t\t\t<div class=\"faq-item-answer\">\r\n\t\t\t\t\t\t<div class=\"faq-item-answer-text\"> <p>\u00a1Claro! Puede hacerlo mediante el uso de nuestra <a href=\"https:\/\/elfsight.com\/photo-gallery-widget\/#demo\">demo<\/a>, as\u00ed como agregar el complemento a su sitio web de WordPress.<\/p><\/div>\r\n\t\t\t\t\t<\/div>\r\n\t\t\t\t<\/div> <\/div> <\/div> <div class=\"application-platform-content-item-features application-platform-content-item\" id=\"features\" data-nav-section=\"features\"><h2>Caracter\u00edsticas principales de la Galer\u00eda de fotos widget<\/h2> <p>Vea todas las funciones de la Galer\u00eda fotogr\u00e1fica para WordPress. Puedes ajustarlos directamente en el editor y te ayudar\u00e1n a crear el complemento adecuado para tu caso. <\/p> <ul> <li>Emplee CTA para guiar a los visitantes del sitio hacia la conversi\u00f3n. <\/li> <li>Regula la duraci\u00f3n del cambio de diapositiva. <\/li> <li>Elija entre muchas variantes de paginaci\u00f3n. <\/li> <li>Coloque su contenido en cualquier lugar de la p\u00e1gina mediante posici\u00f3n avanzada. <\/li> <li>Adapte cinco elementos de contenido. <\/li> <\/ul> <p><a href=\"#demo\">Puedes probar todas las caracter\u00edsticas funcionales del widget directamente en la demostraci\u00f3n<\/a><\/p> <\/div> <div class=\"application-platform-content-item-installation application-platform-content-item\" id=\"installation\" data-nav-section=\"installation\"><h2>\u00bfC\u00f3mo agregar el complemento de galer\u00eda de fotos al sitio web de WordPress?<\/h2> <div class=\"video-container\"><iframe allowfullscreen=\"\" frameborder=\"0\" height=\"405\" src=\"https:\/\/www.youtube.com\/embed\/2Eo2DL-115c?si=AdMvt_ws8Z0Lhjby\" width=\"720\"><\/iframe><\/div><p>Simplemente siga las pautas a continuaci\u00f3n para comenzar a trabajar con el widget en WordPress.<\/p> <ol><li><b>Abra nuestra demostraci\u00f3n gratuita y comience a crear su instrumento personalizado. <\/b><br> Encuentre la interfaz y la funcionalidad preferibles del complemento y guarde las ediciones. <\/li> <li><b>Reciba su c\u00f3digo \u00fanico que se muestra en la ventana de Elfsight Apps. <\/b><br> Cuando finalice la creaci\u00f3n de su galer\u00eda de fotos, copie el c\u00f3digo personal en la ventana emergente que aparece y gu\u00e1rdelo para usarlo m\u00e1s adelante. <\/li> <li><b>Inicie la utilizaci\u00f3n del complemento Galer\u00eda de fotos en su sitio web de WordPress. <\/b><br> A\u00f1ade el c\u00f3digo que has guardado antes en tu sitio web y guarda las modificaciones. <\/li> <li><b>\u00a1Listo! La integraci\u00f3n ha finalizado con \u00e9xito. <\/b><br>Visite su sitio web para comprobar el funcionamiento del widget. <\/li><\/ol> <p>No lo pienses dos veces en acudir al soporte de nuestros clientes cuando necesites ayuda o tengas consultas. Nuestros especialistas estar\u00e1n encantados de ayudarle con cada solicitud. <\/p> <\/div>","protected":false},"excerpt":{"rendered":"","protected":false},"author":13,"featured_media":0,"parent":1671,"menu_order":0,"comment_status":"closed","ping_status":"closed","template":"templates\/template-application-platform.php","meta":{"publish_to_discourse":"","publish_post_category":"","wpdc_auto_publish_overridden":"","wpdc_topic_tags":"","wpdc_pin_topic":"","wpdc_pin_until":"","discourse_post_id":"","discourse_permalink":"","wpdc_publishing_response":"","wpdc_publishing_error":"","footnotes":""},"class_list":["post-2657","page","type-page","status-publish","hentry"],"yoast_head":"<!-- This site is optimized with the Yoast SEO plugin v25.3.1 - https:\/\/yoast.com\/wordpress\/plugins\/seo\/ -->\n<title>Galer\u00eda de fotos: agregue el widget de la galer\u00eda al sitio web de WordPress<\/title>\n<meta name=\"description\" content=\"A\u00f1ade un plugin de Galer\u00eda de fotos en su sitio WordPress. Aplique la demo de Elfsight intuitiva y genere su plugin personalizado.\" \/>\n<meta name=\"robots\" content=\"index, follow, max-snippet:-1, max-image-preview:large, max-video-preview:-1\" \/>\n<link rel=\"canonical\" href=\"https:\/\/elfsight.com\/es\/photo-gallery-widget\/wordpress\/\" \/>\n<meta property=\"og:locale\" content=\"es_ES\" \/>\n<meta property=\"og:type\" content=\"article\" \/>\n<meta property=\"og:title\" content=\"Galer\u00eda de fotos: agregue el widget de la galer\u00eda al sitio web de WordPress\" \/>\n<meta property=\"og:description\" content=\"A\u00f1ade un plugin de Galer\u00eda de fotos en su sitio WordPress. Aplique la demo de Elfsight intuitiva y genere su plugin personalizado.\" \/>\n<meta property=\"og:url\" content=\"https:\/\/elfsight.com\/es\/photo-gallery-widget\/wordpress\/\" \/>\n<meta property=\"og:site_name\" content=\"Elfsight ES\" \/>\n<meta property=\"article:modified_time\" content=\"2026-01-15T11:41:50+00:00\" \/>\n<meta name=\"twitter:card\" content=\"summary_large_image\" \/>\n<meta name=\"twitter:label1\" content=\"Tiempo de lectura\" \/>\n\t<meta name=\"twitter:data1\" content=\"3 minutos\" \/>\n<!-- \/ Yoast SEO plugin. -->","yoast_head_json":{"title":"Galer\u00eda de fotos: agregue el widget de la galer\u00eda al sitio web de WordPress","description":"A\u00f1ade un plugin de Galer\u00eda de fotos en su sitio WordPress. Aplique la demo de Elfsight intuitiva y genere su plugin personalizado.","robots":{"index":"index","follow":"follow","max-snippet":"max-snippet:-1","max-image-preview":"max-image-preview:large","max-video-preview":"max-video-preview:-1"},"canonical":"https:\/\/elfsight.com\/es\/photo-gallery-widget\/wordpress\/","og_locale":"es_ES","og_type":"article","og_title":"Galer\u00eda de fotos: agregue el widget de la galer\u00eda al sitio web de WordPress","og_description":"A\u00f1ade un plugin de Galer\u00eda de fotos en su sitio WordPress. Aplique la demo de Elfsight intuitiva y genere su plugin personalizado.","og_url":"https:\/\/elfsight.com\/es\/photo-gallery-widget\/wordpress\/","og_site_name":"Elfsight ES","article_modified_time":"2026-01-15T11:41:50+00:00","twitter_card":"summary_large_image","twitter_misc":{"Tiempo de lectura":"3 minutos"},"schema":{"@context":"https:\/\/schema.org","@graph":[{"@type":"WebPage","@id":"https:\/\/elfsight.com\/es\/photo-gallery-widget\/wordpress\/","url":"https:\/\/elfsight.com\/es\/photo-gallery-widget\/wordpress\/","name":"Galer\u00eda de fotos: agregue el widget de la galer\u00eda al sitio web de WordPress","isPartOf":{"@id":"https:\/\/elfsight.com\/es\/#website"},"datePublished":"2021-11-09T09:54:50+00:00","dateModified":"2026-01-15T11:41:50+00:00","description":"A\u00f1ade un plugin de Galer\u00eda de fotos en su sitio WordPress. Aplique la demo de Elfsight intuitiva y genere su plugin personalizado.","breadcrumb":{"@id":"https:\/\/elfsight.com\/es\/photo-gallery-widget\/wordpress\/#breadcrumb"},"inLanguage":"es","potentialAction":[{"@type":"ReadAction","target":["https:\/\/elfsight.com\/es\/photo-gallery-widget\/wordpress\/"]}]},{"@type":"BreadcrumbList","@id":"https:\/\/elfsight.com\/es\/photo-gallery-widget\/wordpress\/#breadcrumb","itemListElement":[{"@type":"ListItem","position":1,"name":"Home","item":"https:\/\/elfsight.com\/es\/"},{"@type":"ListItem","position":2,"name":"Photo Gallery","item":"https:\/\/elfsight.com\/es\/photo-gallery-widget\/"},{"@type":"ListItem","position":3,"name":"Photo Gallery &#8211; WordPress"}]},{"@type":"WebSite","@id":"https:\/\/elfsight.com\/es\/#website","url":"https:\/\/elfsight.com\/es\/","name":"Elfsight ES","description":"Just another Elfsight Sites site","potentialAction":[{"@type":"SearchAction","target":{"@type":"EntryPoint","urlTemplate":"https:\/\/elfsight.com\/es\/?s={search_term_string}"},"query-input":{"@type":"PropertyValueSpecification","valueRequired":true,"valueName":"search_term_string"}}],"inLanguage":"es"}]}},"meta_box":{"industry":"","seo_heading":"","heading":"","description":"","cta_heading":"","cta_description":"","application":"1670","h1":"Complemento WordPress Galer\u00eda de Fotos","h1_caption":"Numerosas formas de mostrar sus fotos: cuadr\u00edculas, deslizadores, carruseles y m\u00e1s","application_category":[],"applications_title":"","applications_request_title":"","applications_request_button_text":"","hero_text":"","hero_video":"","hero_video_schema_markup":"","selling_points_title":"","selling_points_caption":"","selling_points":[],"selling_points_cta_text":"","features_title":"","features":"","ed_cta_examples_text":"","ed_cta_examples_hidden":"","ed_cta_demo_text":"","ed_cta_demo_hidden":"","why_caption":"","why_editor_title":"","why_editor_text":"","why_team_title":"","why_team_text":"","why_service_title":"","why_service_text":"","template_catalog_visible":"0","template_catalog_title":"","template_catalog_text":"","template_catalog_categories_visible":"","demo_title":"Crea tu complemento de galer\u00eda de fotos","demo_caption":"\u00a1Configura tu galer\u00eda de fotos y agr\u00e9gala a tu sitio web de WordPress gratis!","default_faq_hidden":"","app_template_category":[],"platform":"115","template_public_id":"","codecanyon_url":"","codecanyon_item_id":"","codecanyon_price":"","pricing_caption":"","pricing_elfsight_apps_hide_column":"","pricing_elfsight_apps_url":"","pricing_codecanyon_price_caption":"","integration_category":[],"integration_request_title":"","integration_request_cta":"","integration_platform":"","integrations":[],"platform_category":[],"video_schema_markup":"","price":"desde $0 por mes","trial":"","benefits":[{"text":"Instalaci\u00f3n gratuita"},{"text":"Soporte Premium"},{"text":"14 d\u00edas garant\u00eda de reembolso"},{"text":"Actualizaciones regulares"}],"button_url":"#demo","button_target_blank":"0","button_nofollow":"0","attributes":[{"name":"Responsivo","content":"Si","_state":"expanded"},{"name":"Navegadores compatibles","content":"Firefox, Safari, Opera, Chrome, Edge","_state":"expanded"}],"tags":[],"tags_disable_links":"1","hide_more_platforms":"0","video_object":"{\r\n  \"@context\": \"http:\/\/schema.org\",\r\n  \"@type\": \"VideoObject\",\r\n  \"name\": \"How to Add Photo Gallery to WordPress (2020)\",\r\n  \"description\": \"Try out the best Photo Gallery plugin for WordPress for free. A simple and fast gallery widget integrating without skills in developing.\",\r\n  \"thumbnailUrl\": \"https:\/\/i.ytimg.com\/vi\/BhHX2u7bSkA\/default.jpg\",\r\n  \"uploadDate\": \"2020-03-24T10:02:09.000Z\",\r\n  \"duration\": \"PT2M26S\",\r\n  \"embedUrl\": \"https:\/\/www.youtube.com\/embed\/BhHX2u7bSkA\",\r\n  \"interactionCount\": \"226\"\r\n}","demo_hide_cta":"0","demo_hide_cloud_options":"0","pricing_title":"","pricing":[{"pricing_icon":"platform","pricing_title":" Elfsight Apps","pricing_title_caption":"Soluci\u00f3n multiplataforma - valido para cualquier p\u00e1gina web","pricing_price":"desde $0 por mes","pricing_price_caption":"empezar con un plan gratuito","pricing_benefits":[{"text":"Sitios web ilimitados"},{"text":"Atenci\u00f3n al cliente gratuita y r\u00e1pida"},{"text":"Servicio de instalaci\u00f3n gratuito"},{"text":"Totalmente personalizable"}],"pricing_button_text":"Agregar al sitio web","pricing_button_url":"#demo","_state":"expanded"}],"related_apps_title":"","related_apps_hidden":"1","author":"","image":[],"title":"","job":"","social_networks":[]},"_links":{"self":[{"href":"https:\/\/elfsight.com\/es\/wp-json\/wp\/v2\/pages\/2657","targetHints":{"allow":["GET"]}}],"collection":[{"href":"https:\/\/elfsight.com\/es\/wp-json\/wp\/v2\/pages"}],"about":[{"href":"https:\/\/elfsight.com\/es\/wp-json\/wp\/v2\/types\/page"}],"author":[{"embeddable":true,"href":"https:\/\/elfsight.com\/es\/wp-json\/wp\/v2\/users\/13"}],"replies":[{"embeddable":true,"href":"https:\/\/elfsight.com\/es\/wp-json\/wp\/v2\/comments?post=2657"}],"version-history":[{"count":6,"href":"https:\/\/elfsight.com\/es\/wp-json\/wp\/v2\/pages\/2657\/revisions"}],"predecessor-version":[{"id":20031,"href":"https:\/\/elfsight.com\/es\/wp-json\/wp\/v2\/pages\/2657\/revisions\/20031"}],"up":[{"embeddable":true,"href":"https:\/\/elfsight.com\/es\/wp-json\/wp\/v2\/pages\/1671"}],"wp:attachment":[{"href":"https:\/\/elfsight.com\/es\/wp-json\/wp\/v2\/media?parent=2657"}],"curies":[{"name":"wp","href":"https:\/\/api.w.org\/{rel}","templated":true}]}}