{"id":2653,"date":"2021-11-09T09:31:49","date_gmt":"2021-11-09T09:31:49","guid":{"rendered":"https:\/\/elfsight.com\/es\/?page_id=2653"},"modified":"2025-02-06T15:27:54","modified_gmt":"2025-02-06T15:27:54","slug":"wordpress","status":"publish","type":"page","link":"https:\/\/elfsight.com\/es\/slider-widget\/wordpress\/","title":{"rendered":"Slider &#8211; WordPress"},"content":{"rendered":"<div class=\"application-platform-content-item-description application-platform-content-item\" id=\"description\" data-nav-section=\"description\"><h2>Insertar control deslizante en WordPress con el widget Elfsight<\/h2> <p>Elfsight Photo &amp; Image Slider es una herramienta simple y receptiva que le permite captar la atenci\u00f3n de los visitantes del sitio mostr\u00e1ndoles m\u00faltiples im\u00e1genes, videos o las mejores ofertas en su sitio. Si\u00e9ntase libre de utilizar cualquier cantidad de diapositivas necesarias para mostrar sus productos y marcar ofertas destacadas. Agregue efectos especiales y escale el tama\u00f1o de la imagen\/video como necesite. Con la ayuda de nuestra herramienta, lograr\u00e1s crear un control deslizante bien marcado que llamar\u00e1 la atenci\u00f3n de los usuarios y no les permitir\u00e1 abandonar tu sitio web r\u00e1pidamente.<\/p><p><b>\u00a1Haz que tus propuestas parezcan tentadoras y cumple tus objetivos comerciales con el complemento Slider!<\/b><\/p><p><b>Mayor participaci\u00f3n de los usuarios<\/b><br>El widget Image Slider te proporciona encantadores efectos visuales que har\u00e1n que tu contenido sea imperdible para los usuarios, motiv\u00e1ndolos a interactuar con \u00e9l y tomar el objetivo. acciones.<\/p><p><b>Revise la experiencia del usuario<\/b><br>Incorpore las im\u00e1genes m\u00e1s atractivas en un lugar atractivo para que la visita a su sitio sea fluida y sin complicaciones, atrayendo as\u00ed nuevas audiencias.<\/p><p><b>Mejore sus ventas<\/b><br>C\u00e9ntrese en sus planes, los mejores trabajos o los problemas destacados utilizando un complemento deslizante que lleva a los usuarios directamente a la compra.<\/p><\/div><div class=\"faq\" data-component=\"FAQ\"><div class=\"faq-item\">\r\n\t\t\t\t\t<div class=\"faq-item-question\">\r\n\t\t\t\t\t\t<h3 class=\"faq-item-question-text\">\u00bfC\u00f3mo puedo incrustar un control deslizante en mi sitio de WordPress? <\/h3>\r\n\r\n\t\t\t\t\t\t<div class=\"faq-item-question-icon\"><\/div>\r\n\t\t\t\t\t<\/div>\r\n\r\n\t\t\t\t\t<div class=\"faq-item-answer\">\r\n\t\t\t\t\t\t<div class=\"faq-item-answer-text\"><p>La construcci\u00f3n del widget ocurre dentro del sitio de Elfsight y no hay necesidad de codificar. Utilice la demostraci\u00f3n en l\u00ednea para crear su propia herramienta, obtenga el c\u00f3digo y p\u00e9guelo en su sitio. <\/p><\/div>\r\n\t\t\t\t\t<\/div>\r\n\t\t\t\t<\/div><div class=\"faq-item\">\r\n\t\t\t\t\t<div class=\"faq-item-question\">\r\n\t\t\t\t\t\t<h3 class=\"faq-item-question-text\">Los mejores ejemplos de uso de integraci\u00f3n de controles deslizantes de im\u00e1genes responsivos<\/h3>\r\n\r\n\t\t\t\t\t\t<div class=\"faq-item-question-icon\"><\/div>\r\n\t\t\t\t\t<\/div>\r\n\r\n\t\t\t\t\t<div class=\"faq-item-answer\">\r\n\t\t\t\t\t\t<div class=\"faq-item-answer-text\"><p>Ofrecemos una gran cantidad de oportunidades de personalizaci\u00f3n: widgets completos para incrustar en la secci\u00f3n de contenido, widgets flotantes con opciones de desplazamiento, dise\u00f1os para el pie de p\u00e1gina, encabezado y todo tipo de opciones verticales para barras laterales y men\u00fas. <\/p><\/div>\r\n\t\t\t\t\t<\/div>\r\n\t\t\t\t<\/div><div class=\"faq-item\">\r\n\t\t\t\t\t<div class=\"faq-item-question\">\r\n\t\t\t\t\t\t<h3 class=\"faq-item-question-text\">\u00bfExiste una opci\u00f3n para crear un v\u00eddeo o un control deslizante de v\u00eddeo a trav\u00e9s de la agencia del editor? <\/h3>\r\n\r\n\t\t\t\t\t\t<div class=\"faq-item-question-icon\"><\/div>\r\n\t\t\t\t\t<\/div>\r\n\r\n\t\t\t\t\t<div class=\"faq-item-answer\">\r\n\t\t\t\t\t\t<div class=\"faq-item-answer-text\"><p>Eres libre de crear cualquier modificaci\u00f3n del widget. Hay muchos dise\u00f1os a su disposici\u00f3n en el editor y todos ellos pueden personalizarse r\u00e1pidamente seg\u00fan sus necesidades. <\/p><\/div>\r\n\t\t\t\t\t<\/div>\r\n\t\t\t\t<\/div><\/div><div class=\"application-platform-content-item-features application-platform-content-item\" id=\"features\" data-nav-section=\"features\"><h2>Caracter\u00edsticas principales del widget Slider<\/h2><p>Ver todas las caracter\u00edsticas del producto. Est\u00e1n disponibles directamente en el editor y le ayudar\u00e1n a dise\u00f1ar el complemento m\u00e1s adecuado para su caso de uso.<\/p><ul><li>Emplee CTA para guiar a los visitantes del sitio hacia su objetivo.<\/li><li>Modifique la duraci\u00f3n del cambio de diapositiva.<\/li><li>Elija entre opciones de paginaci\u00f3n.<\/li><li>Coloque su contenido en cualquier lugar que desee en la p\u00e1gina con la ayuda de la posici\u00f3n avanzada.<\/li><li>Modifique cinco funciones de contenido.<\/li><\/ul><p>Pruebe todas las dem\u00e1s funciones en el demostraci\u00f3n<\/p><\/div><div class=\"application-platform-content-item-installation application-platform-content-item\" id=\"installation\" data-nav-section=\"installation\"><h2>\u00bfC\u00f3mo agregar el complemento Image Slider a mi sitio web de WordPress?<\/h2><div class=\"video-container\"><iframe width=\"720\" height=\"405\" src=\"https:\/\/www.youtube.com\/embed\/t9CJZRbFXaA\" frameborder=\"0\"><\/iframe><\/div>Para insertar un producto, simplemente siga estos r\u00e1pidos pasos:<ol><li><b>Administre nuestro editor gratuito y comience a crear su complemento deslizante responsivo personalizado. <\/b><br> Especifique la forma y funcionalidad preferibles del complemento y aplique todas las modificaciones. <\/li> <li><b>Adquiera su c\u00f3digo personal que se muestra en el formulario especial en Elfsight Apps. <\/b><br> Tan pronto como se complete la configuraci\u00f3n de su complemento personal, copie su c\u00f3digo en la ventana que aparece y gu\u00e1rdelo para futuras ocasiones. <\/li> <li><b>Comience a utilizar el complemento en su sitio web de WordPress. <\/b><br>Ingrese el c\u00f3digo copiado recientemente en su p\u00e1gina y aplique las modificaciones. <\/li> <li><b>La instalaci\u00f3n finaliz\u00f3 exitosamente. <\/b><br> Visite su sitio para ver en acci\u00f3n c\u00f3mo funciona el complemento. <\/li><\/ol><p>No dude en ponerse en contacto con el servicio de atenci\u00f3n al cliente de Elfsight en caso de que necesite ayuda o tenga preguntas. Nuestros especialistas estar\u00e1n encantados de ayudarle con cada consulta.<\/p><\/div>","protected":false},"excerpt":{"rendered":"","protected":false},"author":13,"featured_media":0,"parent":1653,"menu_order":0,"comment_status":"closed","ping_status":"closed","template":"templates\/template-application-platform.php","meta":{"publish_to_discourse":"","publish_post_category":"","wpdc_auto_publish_overridden":"","wpdc_topic_tags":"","wpdc_pin_topic":"","wpdc_pin_until":"","discourse_post_id":"","discourse_permalink":"","wpdc_publishing_response":"","wpdc_publishing_error":"","footnotes":""},"class_list":["post-2653","page","type-page","status-publish","hentry"],"yoast_head":"<!-- This site is optimized with the Yoast SEO plugin v25.3.1 - https:\/\/yoast.com\/wordpress\/plugins\/seo\/ -->\n<title>WordPress Slider Plugin - Agregue Image Slider al sitio web de WordPress<\/title>\n<meta name=\"description\" content=\"A\u00f1ade un hermoso widget de Slider en su p\u00e1gina web WordPress. Use la demo de Elfsight manejable y cree su plugin personalizado en poco tiempo.\" \/>\n<meta name=\"robots\" content=\"index, follow, max-snippet:-1, max-image-preview:large, max-video-preview:-1\" \/>\n<link rel=\"canonical\" href=\"https:\/\/elfsight.com\/es\/slider-widget\/wordpress\/\" \/>\n<meta property=\"og:locale\" content=\"es_ES\" \/>\n<meta property=\"og:type\" content=\"article\" \/>\n<meta property=\"og:title\" content=\"WordPress Slider Plugin - Agregue Image Slider al sitio web de WordPress\" \/>\n<meta property=\"og:description\" content=\"A\u00f1ade un hermoso widget de Slider en su p\u00e1gina web WordPress. Use la demo de Elfsight manejable y cree su plugin personalizado en poco tiempo.\" \/>\n<meta property=\"og:url\" content=\"https:\/\/elfsight.com\/es\/slider-widget\/wordpress\/\" \/>\n<meta property=\"og:site_name\" content=\"Elfsight ES\" \/>\n<meta property=\"article:modified_time\" content=\"2025-02-06T15:27:54+00:00\" \/>\n<meta name=\"twitter:card\" content=\"summary_large_image\" \/>\n<meta name=\"twitter:label1\" content=\"Tiempo de lectura\" \/>\n\t<meta name=\"twitter:data1\" content=\"2 minutos\" \/>\n<!-- \/ Yoast SEO plugin. -->","yoast_head_json":{"title":"WordPress Slider Plugin - Agregue Image Slider al sitio web de WordPress","description":"A\u00f1ade un hermoso widget de Slider en su p\u00e1gina web WordPress. Use la demo de Elfsight manejable y cree su plugin personalizado en poco tiempo.","robots":{"index":"index","follow":"follow","max-snippet":"max-snippet:-1","max-image-preview":"max-image-preview:large","max-video-preview":"max-video-preview:-1"},"canonical":"https:\/\/elfsight.com\/es\/slider-widget\/wordpress\/","og_locale":"es_ES","og_type":"article","og_title":"WordPress Slider Plugin - Agregue Image Slider al sitio web de WordPress","og_description":"A\u00f1ade un hermoso widget de Slider en su p\u00e1gina web WordPress. Use la demo de Elfsight manejable y cree su plugin personalizado en poco tiempo.","og_url":"https:\/\/elfsight.com\/es\/slider-widget\/wordpress\/","og_site_name":"Elfsight ES","article_modified_time":"2025-02-06T15:27:54+00:00","twitter_card":"summary_large_image","twitter_misc":{"Tiempo de lectura":"2 minutos"},"schema":{"@context":"https:\/\/schema.org","@graph":[{"@type":"WebPage","@id":"https:\/\/elfsight.com\/es\/slider-widget\/wordpress\/","url":"https:\/\/elfsight.com\/es\/slider-widget\/wordpress\/","name":"WordPress Slider Plugin - Agregue Image Slider al sitio web de WordPress","isPartOf":{"@id":"https:\/\/elfsight.com\/es\/#website"},"datePublished":"2021-11-09T09:31:49+00:00","dateModified":"2025-02-06T15:27:54+00:00","description":"A\u00f1ade un hermoso widget de Slider en su p\u00e1gina web WordPress. Use la demo de Elfsight manejable y cree su plugin personalizado en poco tiempo.","breadcrumb":{"@id":"https:\/\/elfsight.com\/es\/slider-widget\/wordpress\/#breadcrumb"},"inLanguage":"es","potentialAction":[{"@type":"ReadAction","target":["https:\/\/elfsight.com\/es\/slider-widget\/wordpress\/"]}]},{"@type":"BreadcrumbList","@id":"https:\/\/elfsight.com\/es\/slider-widget\/wordpress\/#breadcrumb","itemListElement":[{"@type":"ListItem","position":1,"name":"Home","item":"https:\/\/elfsight.com\/es\/"},{"@type":"ListItem","position":2,"name":"Slider","item":"https:\/\/elfsight.com\/es\/slider-widget\/"},{"@type":"ListItem","position":3,"name":"Slider &#8211; WordPress"}]},{"@type":"WebSite","@id":"https:\/\/elfsight.com\/es\/#website","url":"https:\/\/elfsight.com\/es\/","name":"Elfsight ES","description":"Just another Elfsight Sites site","potentialAction":[{"@type":"SearchAction","target":{"@type":"EntryPoint","urlTemplate":"https:\/\/elfsight.com\/es\/?s={search_term_string}"},"query-input":{"@type":"PropertyValueSpecification","valueRequired":true,"valueName":"search_term_string"}}],"inLanguage":"es"}]}},"meta_box":{"industry":"","seo_heading":"","heading":"","description":"","cta_heading":"","cta_description":"","application":"1652","h1":"Complemento deslizante de WordPress","h1_caption":"Cree Deslizadores de imagen, v\u00eddeo y texto para su sitio web","application_category":[],"applications_title":"","applications_request_title":"","applications_request_button_text":"","hero_text":"","hero_video":"","hero_video_schema_markup":"","selling_points_title":"","selling_points_caption":"","selling_points":[],"selling_points_cta_text":"","features_title":"","features":"","ed_cta_examples_text":"","ed_cta_examples_hidden":"","ed_cta_demo_text":"","ed_cta_demo_hidden":"","why_caption":"","why_editor_title":"","why_editor_text":"","why_team_title":"","why_team_text":"","why_service_title":"","why_service_text":"","template_catalog_visible":"","template_catalog_title":"","template_catalog_text":"","template_catalog_categories_visible":"","demo_title":"Crea tu complemento deslizante","demo_caption":"\u00a1Configura tu Slider y agr\u00e9galo a tu sitio web de WordPress gratis!","default_faq_hidden":"","app_template_category":[],"platform":"115","template_public_id":"","codecanyon_url":"","codecanyon_item_id":"","codecanyon_price":"","pricing_caption":"","pricing_elfsight_apps_hide_column":"","pricing_elfsight_apps_url":"","pricing_codecanyon_price_caption":"","integration_category":[],"integration_request_title":"","integration_request_cta":"","integration_platform":"","integrations":[],"platform_category":[],"video_schema_markup":"","price":"desde $0 por mes","trial":"","benefits":[{"text":"Instalaci\u00f3n gratuita"},{"text":"Soporte Premium"},{"text":"14 d\u00edas garant\u00eda de reembolso"},{"text":"Actualizaciones regulares"}],"button_url":"#demo","button_target_blank":"0","button_nofollow":"0","attributes":[{"name":"Responsivo","content":"Si","_state":"expanded"},{"name":"Navegadores compatibles","content":"Firefox, Safari, Opera, Chrome, Edge","_state":"expanded"}],"tags":[],"tags_disable_links":"1","hide_more_platforms":"","video_object":"{\r\n  \"@context\": \"http:\/\/schema.org\",\r\n  \"@type\": \"VideoObject\",\r\n  \"name\": \"How to Add Slider to WordPress (2021)\",\r\n  \"description\": \"With Elfsight, create your responsive Photo and Image Slider plugin and add it on the WordPress website. We offer free client service and more bonuses.\",\r\n  \"thumbnailUrl\": \"https:\/\/i.ytimg.com\/vi\/t9CJZRbFXaA\/default.jpg\",\r\n  \"uploadDate\": \"2020-06-30T15:16:50Z\",\r\n  \"duration\": \"PT2M34S\",\r\n  \"embedUrl\": \"https:\/\/www.youtube.com\/embed\/t9CJZRbFXaA\",\r\n  \"interactionCount\": \"103\"\r\n}","demo_hide_cta":"0","demo_hide_cloud_options":"0","pricing_title":"","pricing":[{"pricing_icon":"platform","pricing_title":" Elfsight Apps","pricing_title_caption":"Soluci\u00f3n multiplataforma - valido para cualquier p\u00e1gina web","pricing_price":"desde $0 por mes","pricing_price_caption":"empezar con un plan gratuito","pricing_benefits":[{"text":"Sitios web ilimitados"},{"text":"Atenci\u00f3n al cliente gratuita y r\u00e1pida"},{"text":"Servicio de instalaci\u00f3n gratuito"},{"text":"Totalmente personalizable"}],"pricing_button_text":"Agregar al sitio web","pricing_button_url":"#demo","_state":"expanded"}],"related_apps_title":"","related_apps_hidden":"1","author":"","image":[],"title":"","job":"","social_networks":[]},"_links":{"self":[{"href":"https:\/\/elfsight.com\/es\/wp-json\/wp\/v2\/pages\/2653","targetHints":{"allow":["GET"]}}],"collection":[{"href":"https:\/\/elfsight.com\/es\/wp-json\/wp\/v2\/pages"}],"about":[{"href":"https:\/\/elfsight.com\/es\/wp-json\/wp\/v2\/types\/page"}],"author":[{"embeddable":true,"href":"https:\/\/elfsight.com\/es\/wp-json\/wp\/v2\/users\/13"}],"replies":[{"embeddable":true,"href":"https:\/\/elfsight.com\/es\/wp-json\/wp\/v2\/comments?post=2653"}],"version-history":[{"count":5,"href":"https:\/\/elfsight.com\/es\/wp-json\/wp\/v2\/pages\/2653\/revisions"}],"predecessor-version":[{"id":18325,"href":"https:\/\/elfsight.com\/es\/wp-json\/wp\/v2\/pages\/2653\/revisions\/18325"}],"up":[{"embeddable":true,"href":"https:\/\/elfsight.com\/es\/wp-json\/wp\/v2\/pages\/1653"}],"wp:attachment":[{"href":"https:\/\/elfsight.com\/es\/wp-json\/wp\/v2\/media?parent=2653"}],"curies":[{"name":"wp","href":"https:\/\/api.w.org\/{rel}","templated":true}]}}