{"id":2644,"date":"2021-11-09T07:40:43","date_gmt":"2021-11-09T07:40:43","guid":{"rendered":"https:\/\/elfsight.com\/es\/?page_id=2644"},"modified":"2026-01-14T13:26:20","modified_gmt":"2026-01-14T13:26:20","slug":"wordpress","status":"publish","type":"page","link":"https:\/\/elfsight.com\/es\/contact-form-widget\/wordpress\/","title":{"rendered":"Contact Form &#8211; WordPress"},"content":{"rendered":"<div class=\"application-platform-content-item-description application-platform-content-item\" id=\"description\" data-nav-section=\"description\"><h2>Formulario de contacto para WordPress<\/h2><p>El complemento de formulario de contacto adaptable para WordPress es una herramienta cuyo objetivo principal es ayudarlo en todas las demandas continuas para obtener impresiones y solicitudes de los clientes en su sitio. Muestre los aspectos necesarios para completar, seleccione la plantilla adecuada y dise\u00f1e la interfaz de su complemento de formulario de contacto de WordPress para impulsar a sus usuarios a dejar consultas sobre los servicios de su empresa. El widget de formulario est\u00e1 dise\u00f1ado para cumplir con todas sus demandas de recopilar comentarios y estar en contacto con sus clientes.<\/p><p><b>\u00a1Reciba comentarios, obtenga pedidos y escriba respuestas a las preguntas de los visitantes de su sitio web!<\/b><\/p><ul><li><b>Progrese en la generaci\u00f3n de leads<\/b>.<br>Mant\u00e9ngase en contacto con sus futuros clientes, inspir\u00e1ndolos a hablar con usted a trav\u00e9s del widget de formulario de contacto de WordPress en cualquier momento. Una cantidad menor de campos generar\u00e1 una mayor conversi\u00f3n. <\/li><li><b>Evite el spam<\/b>.<br>Tenga solo comunicaciones org\u00e1nicas gracias a la importante herramienta reCAPTCHA de Google que lo protege del spam y los robots.<\/li><li><b>Reciba comentarios f\u00e1cilmente<\/b>.<br>Construya un formulario de contacto notable para WordPress o Elementor, de modo que pueda encontrarse libremente en las p\u00e1ginas de su sitio web, inspirando a sus usuarios a brindarle comentarios cada vez que lo hagan. desea.<\/li><\/ul><\/div><div class=\"application-platform-content-item-features application-platform-content-item\" id=\"features\" data-nav-section=\"features\"><h2>Caracter\u00edsticas del complemento de formulario de contacto<\/h2><p>\u00bfQu\u00e9 hace que nuestro formulario de contacto sea el mejor complemento para recopilar comentarios y recibir consultas para sitios web de WordPress? Pruebe sus caracter\u00edsticas m\u00e1s importantes:<\/p><ul><li>Establezca sus propias etiquetas de campo;<\/li><li>Fije una imagen, un logotipo o una foto sobre su formulario;<\/li><li>Dise\u00f1o en l\u00ednea con ajuste autom\u00e1tico de campos al ancho del formulario;<\/li><li>Google reCAPTCHA est\u00e1 aqu\u00ed para proteger su formulario contra spam y bots;<\/li><li>Dise\u00f1o perfecto que se adapta al 99% de los sitios desde el primer momento.<\/li><\/ul><p><a href=\"#demo\">Compruebe todas las funciones en nuestro configurador<\/a><\/p><\/div><div class=\"application-platform-content-item-installation application-platform-content-item\" id=\"installation\" data-nav-section=\"installation\"><h2>C\u00f3mo agregar un formulario de contacto al sitio web de WordPress<\/h2><div class=\"video-container\">\n<iframe width=\"720\" height=\"405\" src=\"https:\/\/www.youtube.com\/embed\/x8OtxMvGjMc?si=1s3BJaBoY2AwAr-0\" frameborder=\"0\" allowfullscreen=\"\"><\/iframe>\n<\/div><p>Simplemente aplique las instrucciones a continuaci\u00f3n para insertar el complemento en WordPress.<\/p> <ol><li><b>Abra nuestra demostraci\u00f3n gratuita y comience a crear su complemento de formulario de contacto personalizado. <\/b><br> Encuentre la interfaz preferida y los par\u00e1metros del widget y guarde las ediciones. <\/li> <li><b>Reciba el c\u00f3digo \u00fanico expuesto en el formulario especial en Elfsight Apps. <\/b><br> Tan pronto como finalice la creaci\u00f3n de su formulario de contacto personal, copie el c\u00f3digo personal en el cuadro que aparece y gu\u00e1rdelo para su uso posterior. <\/li> <li><b>Inicie la utilizaci\u00f3n del complemento en su sitio de WordPress. <\/b><br>Ingresa el c\u00f3digo copiado recientemente en tu p\u00e1gina y guarda las modificaciones. <\/li> <li><b>\u00a1Listo! La configuraci\u00f3n ha finalizado por completo. <\/b><br> Vaya a su sitio para ver c\u00f3mo funciona el widget. <\/li><\/ol> <p>\u00bfTiene alg\u00fan problema al seguir el manual o configurar su formulario? Estudie un extenso tutorial \u00ab<a href=\"https:\/\/elfsight.com\/tutorials\/how-to-add-contact-form-plugin-to-wordpress\/\" target=\"_blank\" rel=\"noopener noreferrer\">C\u00f3mo agregar un formulario de contacto en un sitio web de WordPress<\/a>\u00bb e intente instalarlo una vez m\u00e1s usted mismo o escriba al equipo de soporte de Elfsight, brindando una explicaci\u00f3n completa de su problema. Nuestro equipo har\u00e1 todo lo posible para asesorarlo.<\/p><div class=\"faq\" data-component=\"FAQ\"> <div class=\"faq-item\">\r\n\t\t\t\t\t<div class=\"faq-item-question\">\r\n\t\t\t\t\t\t<h3 class=\"faq-item-question-text\">\u00bfC\u00f3mo agregar un formulario de contacto a mi sitio web de WordPress sin conocimientos de codificaci\u00f3n?<\/h3>\r\n\r\n\t\t\t\t\t\t<div class=\"faq-item-question-icon\"><\/div>\r\n\t\t\t\t\t<\/div>\r\n\r\n\t\t\t\t\t<div class=\"faq-item-answer\">\r\n\t\t\t\t\t\t<div class=\"faq-item-answer-text\"> <p>Elfsight proporciona una soluci\u00f3n SaaS que le permite crear un widget de formulario de contacto usted mismo; vea lo f\u00e1cil que es el proceso: trabaje directamente en el editor en l\u00ednea para crear un widget de formulario de contacto que le gustar\u00eda ver en su sitio web de WordPress. Elija una de las plantillas predise\u00f1adas y ajuste la configuraci\u00f3n del formulario de contacto, agregue su contenido, cambie el dise\u00f1o y los colores sin conocimientos de codificaci\u00f3n. Guarde el formulario de contacto y copie su c\u00f3digo de instalaci\u00f3n, para que pueda simplemente agregarlo a su sitio web de WordPress sin comprar una versi\u00f3n paga. Con nuestro editor intuitivo, cualquier usuario de Internet puede crear un widget de formulario de contacto en l\u00ednea e incrustarlo f\u00e1cilmente en su sitio web de WordPress. No es necesario pagar ni ingresar las credenciales de su tarjeta para acceder al servicio. Si tiene alg\u00fan problema en cualquier paso, no dude en ponerse en contacto con nuestro equipo de soporte t\u00e9cnico.<\/p> <\/div>\r\n\t\t\t\t\t<\/div>\r\n\t\t\t\t<\/div> <div class=\"faq-item\">\r\n\t\t\t\t\t<div class=\"faq-item-question\">\r\n\t\t\t\t\t\t<h3 class=\"faq-item-question-text\">\u00bfExisten plantillas de formulario de contacto para el sitio web de WordPress?<\/h3>\r\n\r\n\t\t\t\t\t\t<div class=\"faq-item-question-icon\"><\/div>\r\n\t\t\t\t\t<\/div>\r\n\r\n\t\t\t\t\t<div class=\"faq-item-answer\">\r\n\t\t\t\t\t\t<div class=\"faq-item-answer-text\"><p>\u00a1S\u00ed, las hay! El equipo de Elfsight cre\u00f3 una gran colecci\u00f3n de m\u00e1s de 300 plantillas listas para usar. Y seguro que no te decepcionar\u00e1s con las <a href=\"https:\/\/elfsight.com\/online-form-builder\/templates\/contact-forms\/\">plantillas de formularios de contacto<\/a>.<\/p><\/div>\r\n\t\t\t\t\t<\/div>\r\n\t\t\t\t<\/div><\/div> <\/div>","protected":false},"excerpt":{"rendered":"","protected":false},"author":13,"featured_media":0,"parent":669,"menu_order":0,"comment_status":"closed","ping_status":"closed","template":"templates\/template-application-platform.php","meta":{"publish_to_discourse":"","publish_post_category":"","wpdc_auto_publish_overridden":"","wpdc_topic_tags":"","wpdc_pin_topic":"","wpdc_pin_until":"","discourse_post_id":"","discourse_permalink":"","wpdc_publishing_response":"","wpdc_publishing_error":"","footnotes":""},"class_list":["post-2644","page","type-page","status-publish","hentry"],"yoast_head":"<!-- This site is optimized with the Yoast SEO plugin v25.3.1 - https:\/\/yoast.com\/wordpress\/plugins\/seo\/ -->\n<title>El mejor plugin Formulario de Contacto de WordPress: widgets de Elfsight<\/title>\n<meta name=\"description\" content=\"Instala un plugin atractivo de Formulario de Contacto en su p\u00e1gina web WordPress. Lance la demo intuitiva y genere su plugin personalizado.\" \/>\n<meta name=\"robots\" content=\"index, follow, max-snippet:-1, max-image-preview:large, max-video-preview:-1\" \/>\n<link rel=\"canonical\" href=\"https:\/\/elfsight.com\/es\/contact-form-widget\/wordpress\/\" \/>\n<meta property=\"og:locale\" content=\"es_ES\" \/>\n<meta property=\"og:type\" content=\"article\" \/>\n<meta property=\"og:title\" content=\"El mejor plugin Formulario de Contacto de WordPress: widgets de Elfsight\" \/>\n<meta property=\"og:description\" content=\"Instala un plugin atractivo de Formulario de Contacto en su p\u00e1gina web WordPress. Lance la demo intuitiva y genere su plugin personalizado.\" \/>\n<meta property=\"og:url\" content=\"https:\/\/elfsight.com\/es\/contact-form-widget\/wordpress\/\" \/>\n<meta property=\"og:site_name\" content=\"Elfsight ES\" \/>\n<meta property=\"article:modified_time\" content=\"2026-01-14T13:26:20+00:00\" \/>\n<meta name=\"twitter:card\" content=\"summary_large_image\" \/>\n<meta name=\"twitter:label1\" content=\"Tiempo de lectura\" \/>\n\t<meta name=\"twitter:data1\" content=\"4 minutos\" \/>\n<!-- \/ Yoast SEO plugin. -->","yoast_head_json":{"title":"El mejor plugin Formulario de Contacto de WordPress: widgets de Elfsight","description":"Instala un plugin atractivo de Formulario de Contacto en su p\u00e1gina web WordPress. Lance la demo intuitiva y genere su plugin personalizado.","robots":{"index":"index","follow":"follow","max-snippet":"max-snippet:-1","max-image-preview":"max-image-preview:large","max-video-preview":"max-video-preview:-1"},"canonical":"https:\/\/elfsight.com\/es\/contact-form-widget\/wordpress\/","og_locale":"es_ES","og_type":"article","og_title":"El mejor plugin Formulario de Contacto de WordPress: widgets de Elfsight","og_description":"Instala un plugin atractivo de Formulario de Contacto en su p\u00e1gina web WordPress. Lance la demo intuitiva y genere su plugin personalizado.","og_url":"https:\/\/elfsight.com\/es\/contact-form-widget\/wordpress\/","og_site_name":"Elfsight ES","article_modified_time":"2026-01-14T13:26:20+00:00","twitter_card":"summary_large_image","twitter_misc":{"Tiempo de lectura":"4 minutos"},"schema":{"@context":"https:\/\/schema.org","@graph":[{"@type":"WebPage","@id":"https:\/\/elfsight.com\/es\/contact-form-widget\/wordpress\/","url":"https:\/\/elfsight.com\/es\/contact-form-widget\/wordpress\/","name":"El mejor plugin Formulario de Contacto de WordPress: widgets de Elfsight","isPartOf":{"@id":"https:\/\/elfsight.com\/es\/#website"},"datePublished":"2021-11-09T07:40:43+00:00","dateModified":"2026-01-14T13:26:20+00:00","description":"Instala un plugin atractivo de Formulario de Contacto en su p\u00e1gina web WordPress. Lance la demo intuitiva y genere su plugin personalizado.","breadcrumb":{"@id":"https:\/\/elfsight.com\/es\/contact-form-widget\/wordpress\/#breadcrumb"},"inLanguage":"es","potentialAction":[{"@type":"ReadAction","target":["https:\/\/elfsight.com\/es\/contact-form-widget\/wordpress\/"]}]},{"@type":"BreadcrumbList","@id":"https:\/\/elfsight.com\/es\/contact-form-widget\/wordpress\/#breadcrumb","itemListElement":[{"@type":"ListItem","position":1,"name":"Home","item":"https:\/\/elfsight.com\/es\/"},{"@type":"ListItem","position":2,"name":"Contact Form","item":"https:\/\/elfsight.com\/es\/contact-form-widget\/"},{"@type":"ListItem","position":3,"name":"Contact Form &#8211; WordPress"}]},{"@type":"WebSite","@id":"https:\/\/elfsight.com\/es\/#website","url":"https:\/\/elfsight.com\/es\/","name":"Elfsight ES","description":"Just another Elfsight Sites site","potentialAction":[{"@type":"SearchAction","target":{"@type":"EntryPoint","urlTemplate":"https:\/\/elfsight.com\/es\/?s={search_term_string}"},"query-input":{"@type":"PropertyValueSpecification","valueRequired":true,"valueName":"search_term_string"}}],"inLanguage":"es"}]}},"meta_box":{"industry":"","seo_heading":"","heading":"","description":"","cta_heading":"","cta_description":"","application":"668","h1":"Complemento de formulario de contacto de WordPress","h1_caption":"Cree e incruste f\u00e1cilmente formularios de contacto en su sitio web para fomentar la interacci\u00f3n del usuario y las consultas en su sitio web de WordPress sin esfuerzo.","application_category":[],"applications_title":"","applications_request_title":"","applications_request_button_text":"","hero_text":"","hero_video":"","hero_video_schema_markup":"","selling_points_title":"","selling_points_caption":"","selling_points":[],"selling_points_cta_text":"","features_title":"","features":"","ed_cta_examples_text":"","ed_cta_examples_hidden":"","ed_cta_demo_text":"","ed_cta_demo_hidden":"","why_caption":"","why_editor_title":"","why_editor_text":"","why_team_title":"","why_team_text":"","why_service_title":"","why_service_text":"","template_catalog_visible":"0","template_catalog_title":"","template_catalog_text":"","template_catalog_categories_visible":"","demo_title":"Crea tu complemento de formulario de contacto","demo_caption":"\u00a1Configure su formulario de contacto y agr\u00e9guelo a su sitio web de WordPress gratis!","default_faq_hidden":"","app_template_category":[],"platform":"115","template_public_id":"","codecanyon_url":"","codecanyon_item_id":"","codecanyon_price":"","pricing_caption":"","pricing_elfsight_apps_hide_column":"","pricing_elfsight_apps_url":"","pricing_codecanyon_price_caption":"","integration_category":[],"integration_request_title":"","integration_request_cta":"","integration_platform":"","integrations":[],"platform_category":[],"video_schema_markup":"","price":"desde $0 por mes","trial":"","benefits":[{"text":"Instalaci\u00f3n gratuita"},{"text":"Soporte Premium"},{"text":"14 d\u00edas garant\u00eda de reembolso"},{"text":"Actualizaciones regulares"}],"button_url":"#demo","button_target_blank":"0","button_nofollow":"0","attributes":[{"name":"Responsivo","content":"Si","_state":"expanded"},{"name":"Navegadores compatibles","content":"Firefox, Safari, Opera, Chrome, Edge","_state":"expanded"}],"tags":[],"tags_disable_links":"0","hide_more_platforms":"0","video_object":"{\r\n  \"@context\": \"http:\/\/schema.org\",\r\n  \"@type\": \"VideoObject\",\r\n  \"name\": \"How to Add Contact Form to WordPress (2020)\",\r\n  \"description\": \"Create your best Contact Form plugin for WordPress and show on your website just in 1 minute. Free demo, help with setup, and much more various bonuses from Elfsight!\",\r\n  \"thumbnailUrl\": \"https:\/\/i.ytimg.com\/vi\/nSQmv8i_RsQ\/default.jpg\",\r\n  \"uploadDate\": \"2020-04-24T07:10:31.000Z\",\r\n  \"duration\": \"PT2M16S\",\r\n  \"embedUrl\": \"https:\/\/www.youtube.com\/embed\/nSQmv8i_RsQ\",\r\n  \"interactionCount\": \"767\"\r\n}","demo_hide_cta":"0","demo_hide_cloud_options":"0","pricing_title":"","pricing":[{"pricing_icon":"platform","pricing_title":" Elfsight Apps","pricing_title_caption":"Soluci\u00f3n multiplataforma - valido para cualquier p\u00e1gina web","pricing_price":"desde $0 por mes","pricing_price_caption":"empezar con un plan gratuito","pricing_benefits":[{"text":"Sitios web ilimitados"},{"text":"Atenci\u00f3n al cliente gratuita y r\u00e1pida"},{"text":"Servicio de instalaci\u00f3n gratuito"},{"text":"Totalmente personalizable"}],"pricing_button_text":"Agregar al sitio web","pricing_button_url":"#demo","_state":"expanded"}],"related_apps_title":"","related_apps_hidden":"1","author":"","image":[],"title":"","job":"","social_networks":[]},"_links":{"self":[{"href":"https:\/\/elfsight.com\/es\/wp-json\/wp\/v2\/pages\/2644","targetHints":{"allow":["GET"]}}],"collection":[{"href":"https:\/\/elfsight.com\/es\/wp-json\/wp\/v2\/pages"}],"about":[{"href":"https:\/\/elfsight.com\/es\/wp-json\/wp\/v2\/types\/page"}],"author":[{"embeddable":true,"href":"https:\/\/elfsight.com\/es\/wp-json\/wp\/v2\/users\/13"}],"replies":[{"embeddable":true,"href":"https:\/\/elfsight.com\/es\/wp-json\/wp\/v2\/comments?post=2644"}],"version-history":[{"count":6,"href":"https:\/\/elfsight.com\/es\/wp-json\/wp\/v2\/pages\/2644\/revisions"}],"predecessor-version":[{"id":20027,"href":"https:\/\/elfsight.com\/es\/wp-json\/wp\/v2\/pages\/2644\/revisions\/20027"}],"up":[{"embeddable":true,"href":"https:\/\/elfsight.com\/es\/wp-json\/wp\/v2\/pages\/669"}],"wp:attachment":[{"href":"https:\/\/elfsight.com\/es\/wp-json\/wp\/v2\/media?parent=2644"}],"curies":[{"name":"wp","href":"https:\/\/api.w.org\/{rel}","templated":true}]}}