{"id":2639,"date":"2021-11-08T13:23:25","date_gmt":"2021-11-08T13:23:25","guid":{"rendered":"https:\/\/elfsight.com\/es\/?page_id=2639"},"modified":"2025-02-06T15:27:54","modified_gmt":"2025-02-06T15:27:54","slug":"wordpress","status":"publish","type":"page","link":"https:\/\/elfsight.com\/es\/social-media-share-buttons\/wordpress\/","title":{"rendered":"Social Share Buttons &#8211; WordPress"},"content":{"rendered":"<div class=\"application-platform-content-item-description application-platform-content-item\" id=\"description\" data-nav-section=\"description\"><h2>Incrusta botones para compartir en redes sociales en WordPress con el widget de Elfsight<\/h2><p>Un complemento intuitivo adecuado para cualquier sitio web, que ayudar\u00e1 a tus usuarios a compartir el contenido de tu sitio en redes sociales. Aumenta la popularidad de tu marca en Google+, Facebook, LinkedIn y otros recursos, gana m\u00e1s seguidores y atrae la atenci\u00f3n a tu sitio.<\/p><p><b>\u00a1Atrae m\u00e1s vistas y lectores desde las redes sociales!<\/b><\/p><ul><li><b>Amplia difusi\u00f3n de publicaciones y productos en redes sociales<\/b>.<br>Con una interfaz clara y funciones potentes, en un solo clic, tu contenido se difundir\u00e1 peri\u00f3dicamente en todas las redes sociales sin mucho esfuerzo.<\/li><li><b>Promueve contenido atractivo y aumenta tu audiencia<\/b>.<br>Ofrece a tus lectores la oportunidad de compartir el contenido que les gusta de manera f\u00e1cil y r\u00e1pida. Llega a un nuevo p\u00fablico.<\/li><li><b>Aumenta el n\u00famero de visitas a tu sitio web<\/b>.<br>Atrae nuevos lectores a tu sitio web mediante una posici\u00f3n activa en redes sociales y experimenta un aumento en la tasa de clics.<\/li><li><b>Una herramienta r\u00e1pida para atraer nuevos suscriptores en redes sociales<\/b>.<br>Crea contenido popular y da a tus lectores la oportunidad de promoverlo en sus p\u00e1ginas de redes sociales.<\/li><\/ul><\/div><div class=\"faq\" data-component=\"FAQ\"><div class=\"faq-item\">\r\n\t\t\t\t\t<div class=\"faq-item-question\">\r\n\t\t\t\t\t\t<h3 class=\"faq-item-question-text\">\u00bfC\u00f3mo incrusto los botones para compartir en mi sitio web de WordPress?<\/h3>\r\n\r\n\t\t\t\t\t\t<div class=\"faq-item-question-icon\"><\/div>\r\n\t\t\t\t\t<\/div>\r\n\r\n\t\t\t\t\t<div class=\"faq-item-answer\">\r\n\t\t\t\t\t\t<div class=\"faq-item-answer-text\"><p>La creaci\u00f3n del widget se realiza en las p\u00e1ginas de Elfsight y no necesitas programar. Utiliza nuestra demo en l\u00ednea para personalizar tu herramienta, adquiere el c\u00f3digo e incr\u00fastalo en tu sitio.<\/p><\/div>\r\n\t\t\t\t\t<\/div>\r\n\t\t\t\t<\/div><div class=\"faq-item\">\r\n\t\t\t\t\t<div class=\"faq-item-question\">\r\n\t\t\t\t\t\t<h3 class=\"faq-item-question-text\">\u00bfC\u00f3mo puedo obtener una cuadr\u00edcula o lista de botones para compartir con los plugins de Elfsight?<\/h3>\r\n\r\n\t\t\t\t\t\t<div class=\"faq-item-question-icon\"><\/div>\r\n\t\t\t\t\t<\/div>\r\n\r\n\t\t\t\t\t<div class=\"faq-item-answer\">\r\n\t\t\t\t\t\t<div class=\"faq-item-answer-text\"><p>Hay una variedad de plantillas disponibles: galer\u00eda, lista, cuadr\u00edcula, mamposter\u00eda, feed y muchas otras, as\u00ed como ajustes de dise\u00f1o flexibles para armonizar con tus. Puedes casi cualquier cosa que necesites.<\/p><\/div>\r\n\t\t\t\t\t<\/div>\r\n\t\t\t\t<\/div><div class=\"faq-item\">\r\n\t\t\t\t\t<div class=\"faq-item-question\">\r\n\t\t\t\t\t\t<h3 class=\"faq-item-question-text\">Mi widget de botones para compartir no funciona \/ no se actualiza<\/h3>\r\n\r\n\t\t\t\t\t\t<div class=\"faq-item-question-icon\"><\/div>\r\n\t\t\t\t\t<\/div>\r\n\r\n\t\t\t\t\t<div class=\"faq-item-answer\">\r\n\t\t\t\t\t\t<div class=\"faq-item-answer-text\"><p>En caso de que tengas dificultades con crear los widgets de compartir en redes sociales, contacta al equipo de soporte al cliente. El soporte es totalmente gratuito para todos los clientes de Elfsight.<\/p><\/div>\r\n\t\t\t\t\t<\/div>\r\n\t\t\t\t<\/div><\/div><div class=\"application-platform-content-item-features application-platform-content-item\" id=\"features\" data-nav-section=\"features\"><h2>Caracter\u00edsticas principales del widget de botones para compartir en redes sociales<\/h2><p>\u00bfQu\u00e9 hace que los botones de redes sociales de Elfsight sean los mejores entre los plugins de compartir en WordPress? Revise nuestras ventajas b\u00e1sicas:<\/p><ul><li>Duplica y reordena los botones como lo necesites;<\/li><li>2 dise\u00f1os: En l\u00ednea y Flotante;<\/li><li>Configura el ancho de los botones;<\/li><li>Transparencia ajustable de los botones;<\/li><li>Servicio de instalaci\u00f3n gratuito.<\/li><\/ul><p><a href=\"#demo\">M\u00e1s caracter\u00edsticas en una demostraci\u00f3n gratuito<\/a><\/p><\/div><div class=\"application-platform-content-item-installation application-platform-content-item\" id=\"installation\" data-nav-section=\"installation\"><h2>C\u00f3mo a\u00f1adir botones para compartir en redes sociales en WordPress<\/h2><div class=\"video-container\"><iframe width=\"720\" height=\"405\" src=\"https:\/\/www.youtube.com\/embed\/Hcu9pefX6Ao\" frameborder=\"0\"><\/iframe><\/div><p>Sigue unos simples pasos descritos a continuaci\u00f3n para comenzar a usar la herramienta en WordPress.<\/p> <ol><li><b>Lanza nuestra demo gratuita y comienza a crear tu widget \u00fanico.<\/b><br> Escoge el dise\u00f1o y las caracter\u00edsticas preferidas de la herramienta y guarda las modificaciones. <\/li> <li><b>Adquiere tu c\u00f3digo personal que aparece en la ventana de Elfsight Apps.<\/b><br> Una vez que la configuraci\u00f3n de tu complemento de botones para compartir est\u00e9 terminada, copia el c\u00f3digo individual en la ventana que aparece y gu\u00e1rdalo para su uso posterior. <\/li> <li><b>Inicia la aplicaci\u00f3n de la herramienta en tu sitio web de WordPress.<\/b><br> Inserta el c\u00f3digo guardado en tu sitio web y aplica los cambios. <\/li> <li><b>La instalaci\u00f3n se realiz\u00f3 con \u00e9xito.<\/b><br> Visita tu p\u00e1gina para observar el funcionamiento de la herramienta.<\/li><\/ol> <p>\u00bfNecesitas ayuda para agregar o configurar tu complemento de compartir en redes sociales? El equipo de Elfsight estar\u00e1 encantado de ayudarle y proponerle una soluci\u00f3n. Tambi\u00e9n puedes resolver el problema por ti mismo con nuestra instrucci\u00f3n completa \u00ab<a href=\"https:\/\/elfsight.com\/tutorials\/how-to-add-social-share-buttons-to-wordpress-website\/\" target=\"_blank\" rel=\"noopener noreferrer\">C\u00f3mo instalar botones de redes sociales en el sitio web de WordPress<\/a>\u00bb.<\/p><\/div>","protected":false},"excerpt":{"rendered":"","protected":false},"author":13,"featured_media":0,"parent":1979,"menu_order":0,"comment_status":"closed","ping_status":"closed","template":"templates\/template-application-platform.php","meta":{"publish_to_discourse":"","publish_post_category":"","wpdc_auto_publish_overridden":"","wpdc_topic_tags":"","wpdc_pin_topic":"","wpdc_pin_until":"","discourse_post_id":"","discourse_permalink":"","wpdc_publishing_response":"","wpdc_publishing_error":"","footnotes":""},"class_list":["post-2639","page","type-page","status-publish","hentry"],"yoast_head":"<!-- This site is optimized with the Yoast SEO plugin v25.3.1 - https:\/\/yoast.com\/wordpress\/plugins\/seo\/ -->\n<title>Botones sociales: el mejor plugin para compartir de WordPress sitio (2025)<\/title>\n<meta name=\"description\" content=\"Incrusta un plugin de Botones Sociales en su WordPress de p\u00e1gina web. Use la demo de Elfsight manejable y construe su propio plugin.\" \/>\n<meta name=\"robots\" content=\"index, follow, max-snippet:-1, max-image-preview:large, max-video-preview:-1\" \/>\n<link rel=\"canonical\" href=\"https:\/\/elfsight.com\/es\/social-media-share-buttons\/wordpress\/\" \/>\n<meta property=\"og:locale\" content=\"es_ES\" \/>\n<meta property=\"og:type\" content=\"article\" \/>\n<meta property=\"og:title\" content=\"Botones sociales: el mejor plugin para compartir de WordPress sitio (2025)\" \/>\n<meta property=\"og:description\" content=\"Incrusta un plugin de Botones Sociales en su WordPress de p\u00e1gina web. Use la demo de Elfsight manejable y construe su propio plugin.\" \/>\n<meta property=\"og:url\" content=\"https:\/\/elfsight.com\/es\/social-media-share-buttons\/wordpress\/\" \/>\n<meta property=\"og:site_name\" content=\"Elfsight ES\" \/>\n<meta property=\"article:modified_time\" content=\"2025-02-06T15:27:54+00:00\" \/>\n<meta name=\"twitter:card\" content=\"summary_large_image\" \/>\n<meta name=\"twitter:label1\" content=\"Tiempo de lectura\" \/>\n\t<meta name=\"twitter:data1\" content=\"3 minutos\" \/>\n<!-- \/ Yoast SEO plugin. -->","yoast_head_json":{"title":"Botones sociales: el mejor plugin para compartir de WordPress sitio (2025)","description":"Incrusta un plugin de Botones Sociales en su WordPress de p\u00e1gina web. Use la demo de Elfsight manejable y construe su propio plugin.","robots":{"index":"index","follow":"follow","max-snippet":"max-snippet:-1","max-image-preview":"max-image-preview:large","max-video-preview":"max-video-preview:-1"},"canonical":"https:\/\/elfsight.com\/es\/social-media-share-buttons\/wordpress\/","og_locale":"es_ES","og_type":"article","og_title":"Botones sociales: el mejor plugin para compartir de WordPress sitio (2025)","og_description":"Incrusta un plugin de Botones Sociales en su WordPress de p\u00e1gina web. Use la demo de Elfsight manejable y construe su propio plugin.","og_url":"https:\/\/elfsight.com\/es\/social-media-share-buttons\/wordpress\/","og_site_name":"Elfsight ES","article_modified_time":"2025-02-06T15:27:54+00:00","twitter_card":"summary_large_image","twitter_misc":{"Tiempo de lectura":"3 minutos"},"schema":{"@context":"https:\/\/schema.org","@graph":[{"@type":"WebPage","@id":"https:\/\/elfsight.com\/es\/social-media-share-buttons\/wordpress\/","url":"https:\/\/elfsight.com\/es\/social-media-share-buttons\/wordpress\/","name":"Botones sociales: el mejor plugin para compartir de WordPress sitio (2025)","isPartOf":{"@id":"https:\/\/elfsight.com\/es\/#website"},"datePublished":"2021-11-08T13:23:25+00:00","dateModified":"2025-02-06T15:27:54+00:00","description":"Incrusta un plugin de Botones Sociales en su WordPress de p\u00e1gina web. Use la demo de Elfsight manejable y construe su propio plugin.","breadcrumb":{"@id":"https:\/\/elfsight.com\/es\/social-media-share-buttons\/wordpress\/#breadcrumb"},"inLanguage":"es","potentialAction":[{"@type":"ReadAction","target":["https:\/\/elfsight.com\/es\/social-media-share-buttons\/wordpress\/"]}]},{"@type":"BreadcrumbList","@id":"https:\/\/elfsight.com\/es\/social-media-share-buttons\/wordpress\/#breadcrumb","itemListElement":[{"@type":"ListItem","position":1,"name":"Home","item":"https:\/\/elfsight.com\/es\/"},{"@type":"ListItem","position":2,"name":"Social Share Buttons","item":"https:\/\/elfsight.com\/es\/social-media-share-buttons\/"},{"@type":"ListItem","position":3,"name":"Social Share Buttons &#8211; WordPress"}]},{"@type":"WebSite","@id":"https:\/\/elfsight.com\/es\/#website","url":"https:\/\/elfsight.com\/es\/","name":"Elfsight ES","description":"Just another Elfsight Sites site","potentialAction":[{"@type":"SearchAction","target":{"@type":"EntryPoint","urlTemplate":"https:\/\/elfsight.com\/es\/?s={search_term_string}"},"query-input":{"@type":"PropertyValueSpecification","valueRequired":true,"valueName":"search_term_string"}}],"inLanguage":"es"}]}},"meta_box":{"industry":"","seo_heading":"","heading":"","description":"","cta_heading":"","cta_description":"","application":"1978","h1":"Complemento de Botones Sociales de WordPress","h1_caption":"Permita que sus usuarios y visitantes compartan su contenido en sus Redes Sociales","application_category":[],"applications_title":"","applications_request_title":"","applications_request_button_text":"","hero_text":"","hero_video":"","hero_video_schema_markup":"","selling_points_title":"","selling_points_caption":"","selling_points":[],"selling_points_cta_text":"","features_title":"","features":"","ed_cta_examples_text":"","ed_cta_examples_hidden":"","ed_cta_demo_text":"","ed_cta_demo_hidden":"","why_caption":"","why_editor_title":"","why_editor_text":"","why_team_title":"","why_team_text":"","why_service_title":"","why_service_text":"","template_catalog_visible":"0","template_catalog_title":"","template_catalog_text":"","template_catalog_categories_visible":"","demo_title":"Crea tu complemento de botones para compartir en redes sociales","demo_caption":"\u00a1Configure sus botones para compartir en redes sociales y agr\u00e9guelos a su sitio web de WordPress de forma gratuita!","default_faq_hidden":"","app_template_category":[],"platform":"115","template_public_id":"","codecanyon_url":"","codecanyon_item_id":"","codecanyon_price":"","pricing_caption":"","pricing_elfsight_apps_hide_column":"","pricing_elfsight_apps_url":"","pricing_codecanyon_price_caption":"","integration_category":[],"integration_request_title":"","integration_request_cta":"","integration_platform":"","integrations":[],"platform_category":[],"video_schema_markup":"","price":"desde $0 por mes","trial":"","benefits":[{"text":"Instalaci\u00f3n gratuita"},{"text":"Soporte Premium"},{"text":"14 d\u00edas garant\u00eda de reembolso"},{"text":"Actualizaciones regulares"}],"button_url":"#demo","button_target_blank":"0","button_nofollow":"0","attributes":[{"name":"Responsivo","content":"Si","_state":"expanded"},{"name":"Navegadores compatibles","content":"Firefox, Safari, Opera, Chrome, Edge","_state":"expanded"}],"tags":[],"tags_disable_links":"0","hide_more_platforms":"","video_object":"{\r\n  \"@context\": \"http:\/\/schema.org\",\r\n  \"@type\": \"VideoObject\",\r\n  \"name\": \"How to Add Share Buttons to WordPress (2021)\",\r\n  \"description\": \"Set up Social Media Share Buttons plugin on your WordPress website just in several minutes. Fast and simple creation of any website plugins by Elfsight.\",\r\n  \"thumbnailUrl\": \"https:\/\/i.ytimg.com\/vi\/Hcu9pefX6Ao\/default.jpg\",\r\n  \"uploadDate\": \"2021-01-14T08:55:31Z\",\r\n  \"duration\": \"PT2M24S\",\r\n  \"embedUrl\": \"https:\/\/www.youtube.com\/embed\/Hcu9pefX6Ao\",\r\n  \"interactionCount\": \"1\"\r\n}","demo_hide_cta":"0","demo_hide_cloud_options":"0","pricing_title":"","pricing":[{"pricing_icon":"platform","pricing_title":" Elfsight Apps","pricing_title_caption":"Soluci\u00f3n multiplataforma - valido para cualquier p\u00e1gina web","pricing_price":"desde $0 por mes","pricing_price_caption":"empezar con un plan gratuito","pricing_benefits":[{"text":"Sitios web ilimitados"},{"text":"Atenci\u00f3n al cliente gratuita y r\u00e1pida"},{"text":"Servicio de instalaci\u00f3n gratuito"},{"text":"Totalmente personalizable"}],"pricing_button_text":"Agregar al sitio web","pricing_button_url":"#demo","_state":"expanded"}],"related_apps_title":"","related_apps_hidden":"1","author":"","image":[],"title":"","job":"","social_networks":[]},"_links":{"self":[{"href":"https:\/\/elfsight.com\/es\/wp-json\/wp\/v2\/pages\/2639","targetHints":{"allow":["GET"]}}],"collection":[{"href":"https:\/\/elfsight.com\/es\/wp-json\/wp\/v2\/pages"}],"about":[{"href":"https:\/\/elfsight.com\/es\/wp-json\/wp\/v2\/types\/page"}],"author":[{"embeddable":true,"href":"https:\/\/elfsight.com\/es\/wp-json\/wp\/v2\/users\/13"}],"replies":[{"embeddable":true,"href":"https:\/\/elfsight.com\/es\/wp-json\/wp\/v2\/comments?post=2639"}],"version-history":[{"count":7,"href":"https:\/\/elfsight.com\/es\/wp-json\/wp\/v2\/pages\/2639\/revisions"}],"predecessor-version":[{"id":18328,"href":"https:\/\/elfsight.com\/es\/wp-json\/wp\/v2\/pages\/2639\/revisions\/18328"}],"up":[{"embeddable":true,"href":"https:\/\/elfsight.com\/es\/wp-json\/wp\/v2\/pages\/1979"}],"wp:attachment":[{"href":"https:\/\/elfsight.com\/es\/wp-json\/wp\/v2\/media?parent=2639"}],"curies":[{"name":"wp","href":"https:\/\/api.w.org\/{rel}","templated":true}]}}