{"id":2636,"date":"2021-11-08T10:31:24","date_gmt":"2021-11-08T10:31:24","guid":{"rendered":"https:\/\/elfsight.com\/es\/?page_id=2636"},"modified":"2026-01-14T12:47:33","modified_gmt":"2026-01-14T12:47:33","slug":"wordpress","status":"publish","type":"page","link":"https:\/\/elfsight.com\/es\/google-maps-widget\/wordpress\/","title":{"rendered":"Google Maps &#8211; WordPress"},"content":{"rendered":"<div class=\"application-platform-content-item-description application-platform-content-item\" id=\"description\" data-nav-section=\"description\"><h2>Integre Google Maps en WordPress con el widget Elfsight<\/h2>Una configuraci\u00f3n sencilla y una interfaz completamente personalizable lo convierten en uno de los mejores complementos para dirigir a los clientes a sus ubicaciones. Ayuda a atraer nuevos clientes offline, a acercarse a su audiencia y, adem\u00e1s, ofrece la integraci\u00f3n m\u00e1s sencilla con su sitio web.<b>\u00a1Crea m\u00e1s clientes offline gracias a los mapas inteligentes en tu sitio web!<\/b><ul> <li><b>Ac\u00e9rcate a los usuarios<\/b>. A\u00f1ade tu informaci\u00f3n de contacto, que los visitantes pueden utilizar para escribirte o buscarte tanto en la realidad como en l\u00ednea.<\/li> <li><b>Impulsa la conversi\u00f3n de tu sitio mediante una tarjeta de informaci\u00f3n detallada de tu negocio<\/b>. A\u00f1ade informaci\u00f3n de contacto completa para conseguir m\u00e1s clientes potenciales que deseen cooperar con usted e impulsarlos a dar un paso m\u00e1s hacia el pedido.<\/li> <li><b>Ahorre el tiempo que necesitar\u00eda para ajustar el mapa<\/b>. Aparecer\u00e1n docenas de configuraciones con 2 clics del mouse, para que pueda crear un mapa eficiente para su sitio en solo unos segundos.<\/li><\/ul><\/div><div class=\"application-platform-content-item-features application-platform-content-item\" id=\"features\" data-nav-section=\"features\"><h2>Principal caracter\u00edsticas del widget de Google Maps<\/h2>\u00bfQu\u00e9 caracter\u00edsticas convierten el mapa avanzado de Elfsight en el mejor para su sitio web de WordPress?<ul> <li>Construcci\u00f3n autom\u00e1tica de rutas desde la ubicaci\u00f3n del visitante;<\/li> <li>5 capas avanzadas de Google Maps: puntos de inter\u00e9s, tr\u00e1fico, tr\u00e1nsito, bicicletas, Street View;<\/li> <li>Tarjeta de informaci\u00f3n con m\u00e1xima informaci\u00f3n de contacto;<\/li> <li>M\u00e1s de 20 elementos con colores personalizables;<\/li> <li>Editor pr\u00e1ctico (sin codificaci\u00f3n) obligatorio).<\/li><\/ul><a href=\"#demo\">\u00a1Vea toda la lista de ventajas en el panel!<\/a><\/div><div class=\"application-platform-content-item-installation application-platform-content-item\" id=\"installation\" data-nav-section=\"installation\"><h2>C\u00f3mo incrustar el complemento de Google Maps en un sitio web de WordPress<\/h2><div class=\"video-container\">\n<iframe width=\"720\" height=\"405\" src=\"https:\/\/www.youtube.com\/embed\/EgCedKF5F_o?si=i-jhN1kkfg-P7EMR\" frameborder=\"0\" allowfullscreen=\"\"><\/iframe>\n<\/div>Simplemente siga las instrucciones a continuaci\u00f3n para integrar la herramienta en WordPress.<ol> <li><b>Administre nuestro editor gratuito y comience a crear su complemento personalizado. <\/b>Elija la forma personalizada y las caracter\u00edsticas funcionales del complemento y aplique las modificaciones.<\/li> <li><b>Copie su c\u00f3digo individual que aparece en la ventana de Elfsight Apps. <\/b>Cuando finalice la configuraci\u00f3n de su complemento de Google Maps, copie el c\u00f3digo exclusivo en el cuadro que aparece y gu\u00e1rdelo para su uso posterior.<\/li> <li><b>Inicie el uso del complemento en su sitio web de WordPress. <\/b>Inserte el c\u00f3digo guardado recientemente en su sitio web y aplique las modificaciones.<\/li> <li><b>La configuraci\u00f3n finaliz\u00f3 exitosamente. <\/b>Vaya a su sitio web para ver el funcionamiento del widget.<\/li><\/ol>\u00bfTiene dificultades o problemas al realizar el tutorial o ajustar su mapa? Consulte el art\u00edculo completo \u00ab<a href=\"https:\/\/elfsight.com\/tutorials\/how-to-add-google-map-to-wordpress-website\/\" target=\"_blank\" rel=\"noopener noreferrer\">C\u00f3mo insertar Google Maps en un sitio web de WordPress<\/a>\u00bb o dir\u00edjase a nuestro servicio de atenci\u00f3n al cliente y estaremos encantados de ayudarle a crear y mostrar mapas en su sitio.<\/div><div class=\"faq\" data-component=\"FAQ\"><div class=\"faq-item\">\r\n\t\t\t\t\t<div class=\"faq-item-question\">\r\n\t\t\t\t\t\t<h3 class=\"faq-item-question-text\">\u00bfDe qu\u00e9 manera agrego Google Maps a mi sitio de WordPress? <\/h3>\r\n\r\n\t\t\t\t\t\t<div class=\"faq-item-question-icon\"><\/div>\r\n\t\t\t\t\t<\/div>\r\n\r\n\t\t\t\t\t<div class=\"faq-item-answer\">\r\n\t\t\t\t\t\t<div class=\"faq-item-answer-text\"><p>La creaci\u00f3n de la herramienta ocurre dentro del servicio Elfsight y no hay necesidad de codificar. Utilice la demostraci\u00f3n activa para dise\u00f1ar su propio widget, adquirir el c\u00f3digo e implementarlo en su sitio web. <\/p><\/div>\r\n\t\t\t\t\t<\/div>\r\n\t\t\t\t<\/div><div class=\"faq-item\">\r\n\t\t\t\t\t<div class=\"faq-item-question\">\r\n\t\t\t\t\t\t<h3 class=\"faq-item-question-text\">Los mejores ejemplos de uso de integraci\u00f3n de mapas<\/h3>\r\n\r\n\t\t\t\t\t\t<div class=\"faq-item-question-icon\"><\/div>\r\n\t\t\t\t\t<\/div>\r\n\r\n\t\t\t\t\t<div class=\"faq-item-answer\">\r\n\t\t\t\t\t\t<div class=\"faq-item-answer-text\"><p>Le proporcionaremos una amplia gama de posibilidades de personalizaci\u00f3n: widgets a gran escala para incrustar en la zona de contenido, complementos flotantes para oportunidades de desplazamiento, dise\u00f1os para el pie de p\u00e1gina, la secci\u00f3n principal y todas las variaciones de oportunidades verticales para men\u00fas y barras laterales del sitio web. <\/p><\/div>\r\n\t\t\t\t\t<\/div>\r\n\t\t\t\t<\/div><div class=\"faq-item\">\r\n\t\t\t\t\t<div class=\"faq-item-question\">\r\n\t\t\t\t\t\t<h3 class=\"faq-item-question-text\">\u00bfPuedo crear un mapa interactivo de Google a trav\u00e9s de la agencia de su editor? <\/h3>\r\n\r\n\t\t\t\t\t\t<div class=\"faq-item-question-icon\"><\/div>\r\n\t\t\t\t\t<\/div>\r\n\r\n\t\t\t\t\t<div class=\"faq-item-answer\">\r\n\t\t\t\t\t\t<div class=\"faq-item-answer-text\"><p>Puede crear variaciones de cualquier widget. Hay toneladas de dise\u00f1os disponibles en el editor y todos ellos pueden personalizarse r\u00e1pidamente seg\u00fan sus necesidades. <\/p><\/div>\r\n\t\t\t\t\t<\/div>\r\n\t\t\t\t<\/div><\/div>","protected":false},"excerpt":{"rendered":"","protected":false},"author":13,"featured_media":0,"parent":1936,"menu_order":0,"comment_status":"closed","ping_status":"closed","template":"templates\/template-application-platform.php","meta":{"publish_to_discourse":"","publish_post_category":"","wpdc_auto_publish_overridden":"","wpdc_topic_tags":"","wpdc_pin_topic":"","wpdc_pin_until":"","discourse_post_id":"","discourse_permalink":"","wpdc_publishing_response":"","wpdc_publishing_error":"","footnotes":""},"class_list":["post-2636","page","type-page","status-publish","hentry"],"yoast_head":"<!-- This site is optimized with the Yoast SEO plugin v25.3.1 - https:\/\/yoast.com\/wordpress\/plugins\/seo\/ -->\n<title>El mejor plugin de mapas de Google de WordPress (gratis) - Elfsight<\/title>\n<meta name=\"description\" content=\"Instala responsive Google Maps en su sitio WordPress. Use la demo de Elfsight f\u00e1cil de usar y genere su plugin personalizado en poco tiempo.\" \/>\n<meta name=\"robots\" content=\"index, follow, max-snippet:-1, max-image-preview:large, max-video-preview:-1\" \/>\n<link rel=\"canonical\" href=\"https:\/\/elfsight.com\/es\/google-maps-widget\/wordpress\/\" \/>\n<meta property=\"og:locale\" content=\"es_ES\" \/>\n<meta property=\"og:type\" content=\"article\" \/>\n<meta property=\"og:title\" content=\"El mejor plugin de mapas de Google de WordPress (gratis) - Elfsight\" \/>\n<meta property=\"og:description\" content=\"Instala responsive Google Maps en su sitio WordPress. Use la demo de Elfsight f\u00e1cil de usar y genere su plugin personalizado en poco tiempo.\" \/>\n<meta property=\"og:url\" content=\"https:\/\/elfsight.com\/es\/google-maps-widget\/wordpress\/\" \/>\n<meta property=\"og:site_name\" content=\"Elfsight ES\" \/>\n<meta property=\"article:modified_time\" content=\"2026-01-14T12:47:33+00:00\" \/>\n<meta name=\"twitter:card\" content=\"summary_large_image\" \/>\n<meta name=\"twitter:label1\" content=\"Tiempo de lectura\" \/>\n\t<meta name=\"twitter:data1\" content=\"3 minutos\" \/>\n<!-- \/ Yoast SEO plugin. -->","yoast_head_json":{"title":"El mejor plugin de mapas de Google de WordPress (gratis) - Elfsight","description":"Instala responsive Google Maps en su sitio WordPress. Use la demo de Elfsight f\u00e1cil de usar y genere su plugin personalizado en poco tiempo.","robots":{"index":"index","follow":"follow","max-snippet":"max-snippet:-1","max-image-preview":"max-image-preview:large","max-video-preview":"max-video-preview:-1"},"canonical":"https:\/\/elfsight.com\/es\/google-maps-widget\/wordpress\/","og_locale":"es_ES","og_type":"article","og_title":"El mejor plugin de mapas de Google de WordPress (gratis) - Elfsight","og_description":"Instala responsive Google Maps en su sitio WordPress. Use la demo de Elfsight f\u00e1cil de usar y genere su plugin personalizado en poco tiempo.","og_url":"https:\/\/elfsight.com\/es\/google-maps-widget\/wordpress\/","og_site_name":"Elfsight ES","article_modified_time":"2026-01-14T12:47:33+00:00","twitter_card":"summary_large_image","twitter_misc":{"Tiempo de lectura":"3 minutos"},"schema":{"@context":"https:\/\/schema.org","@graph":[{"@type":"WebPage","@id":"https:\/\/elfsight.com\/es\/google-maps-widget\/wordpress\/","url":"https:\/\/elfsight.com\/es\/google-maps-widget\/wordpress\/","name":"El mejor plugin de mapas de Google de WordPress (gratis) - Elfsight","isPartOf":{"@id":"https:\/\/elfsight.com\/es\/#website"},"datePublished":"2021-11-08T10:31:24+00:00","dateModified":"2026-01-14T12:47:33+00:00","description":"Instala responsive Google Maps en su sitio WordPress. Use la demo de Elfsight f\u00e1cil de usar y genere su plugin personalizado en poco tiempo.","breadcrumb":{"@id":"https:\/\/elfsight.com\/es\/google-maps-widget\/wordpress\/#breadcrumb"},"inLanguage":"es","potentialAction":[{"@type":"ReadAction","target":["https:\/\/elfsight.com\/es\/google-maps-widget\/wordpress\/"]}]},{"@type":"BreadcrumbList","@id":"https:\/\/elfsight.com\/es\/google-maps-widget\/wordpress\/#breadcrumb","itemListElement":[{"@type":"ListItem","position":1,"name":"Home","item":"https:\/\/elfsight.com\/es\/"},{"@type":"ListItem","position":2,"name":"Google Maps","item":"https:\/\/elfsight.com\/es\/google-maps-widget\/"},{"@type":"ListItem","position":3,"name":"Google Maps &#8211; WordPress"}]},{"@type":"WebSite","@id":"https:\/\/elfsight.com\/es\/#website","url":"https:\/\/elfsight.com\/es\/","name":"Elfsight ES","description":"Just another Elfsight Sites site","potentialAction":[{"@type":"SearchAction","target":{"@type":"EntryPoint","urlTemplate":"https:\/\/elfsight.com\/es\/?s={search_term_string}"},"query-input":{"@type":"PropertyValueSpecification","valueRequired":true,"valueName":"search_term_string"}}],"inLanguage":"es"}]}},"meta_box":{"industry":"","seo_heading":"","heading":"","description":"","cta_heading":"","cta_description":"","application":"1935","h1":"Complemento de WordPress para Google Maps","h1_caption":"Incorpore un mapa de Google responsivo para mostrar su ubicaci\u00f3n o m\u00faltiples ubicaciones para una f\u00e1cil navegaci\u00f3n en su sitio web de WordPress sin esfuerzo.","application_category":[],"applications_title":"","applications_request_title":"","applications_request_button_text":"","hero_text":"","hero_video":"","hero_video_schema_markup":"","selling_points_title":"","selling_points_caption":"","selling_points":[],"selling_points_cta_text":"","features_title":"","features":"","ed_cta_examples_text":"","ed_cta_examples_hidden":"","ed_cta_demo_text":"","ed_cta_demo_hidden":"","why_caption":"","why_editor_title":"","why_editor_text":"","why_team_title":"","why_team_text":"","why_service_title":"","why_service_text":"","template_catalog_visible":"0","template_catalog_title":"","template_catalog_text":"","template_catalog_categories_visible":"","demo_title":"Crea tu complemento de Google Maps","demo_caption":"\u00a1Configura tu Google Maps y agr\u00e9galo a tu sitio web de WordPress gratis!","default_faq_hidden":"","app_template_category":[],"platform":"115","template_public_id":"","codecanyon_url":"","codecanyon_item_id":"","codecanyon_price":"","pricing_caption":"","pricing_elfsight_apps_hide_column":"","pricing_elfsight_apps_url":"","pricing_codecanyon_price_caption":"","integration_category":[],"integration_request_title":"","integration_request_cta":"","integration_platform":"","integrations":[],"platform_category":[],"video_schema_markup":"","price":"desde $0 por mes","trial":"","benefits":[{"text":"Instalaci\u00f3n gratuita"},{"text":"Soporte Premium"},{"text":"14 d\u00edas garant\u00eda de reembolso"},{"text":"Actualizaciones regulares"}],"button_url":"#demo","button_target_blank":"0","button_nofollow":"0","attributes":[{"name":"Responsivo","content":"Si","_state":"expanded"},{"name":"Navegadores compatibles","content":"Firefox, Safari, Opera, Chrome, Edge","_state":"expanded"}],"tags":[],"tags_disable_links":"0","hide_more_platforms":"0","video_object":"{\r\n  \"@context\": \"http:\/\/schema.org\",\r\n  \"@type\": \"VideoObject\",\r\n  \"name\": \"How to Add Google Maps to WordPress (2021)\",\r\n  \"description\": \"Design a best Google Maps plugin for WordPress website. Demonstrate extensive maps in only 3 minutes for free in the most handy plugin editor.\",\r\n  \"thumbnailUrl\": \"https:\/\/i.ytimg.com\/vi\/BM9SS2o9pC4\/default.jpg\",\r\n  \"uploadDate\": \"2020-11-05T12:30:29Z\",\r\n  \"duration\": \"PT2M29S\",\r\n  \"embedUrl\": \"https:\/\/www.youtube.com\/embed\/BM9SS2o9pC4\",\r\n  \"interactionCount\": \"109\"\r\n}","demo_hide_cta":"0","demo_hide_cloud_options":"0","pricing_title":"","pricing":[{"pricing_icon":"platform","pricing_title":" Elfsight Apps","pricing_title_caption":"Soluci\u00f3n multiplataforma - valido para cualquier p\u00e1gina web","pricing_price":"desde $0 por mes","pricing_price_caption":"empezar con un plan gratuito","pricing_benefits":[{"text":"Sitios web ilimitados"},{"text":"Atenci\u00f3n al cliente gratuita y r\u00e1pida"},{"text":"Servicio de instalaci\u00f3n gratuito"},{"text":"Totalmente personalizable"}],"pricing_button_text":"Agregar al sitio web","pricing_button_url":"#demo","_state":"expanded"}],"related_apps_title":"","related_apps_hidden":"1","author":"","image":[],"title":"","job":"","social_networks":[]},"_links":{"self":[{"href":"https:\/\/elfsight.com\/es\/wp-json\/wp\/v2\/pages\/2636","targetHints":{"allow":["GET"]}}],"collection":[{"href":"https:\/\/elfsight.com\/es\/wp-json\/wp\/v2\/pages"}],"about":[{"href":"https:\/\/elfsight.com\/es\/wp-json\/wp\/v2\/types\/page"}],"author":[{"embeddable":true,"href":"https:\/\/elfsight.com\/es\/wp-json\/wp\/v2\/users\/13"}],"replies":[{"embeddable":true,"href":"https:\/\/elfsight.com\/es\/wp-json\/wp\/v2\/comments?post=2636"}],"version-history":[{"count":5,"href":"https:\/\/elfsight.com\/es\/wp-json\/wp\/v2\/pages\/2636\/revisions"}],"predecessor-version":[{"id":20026,"href":"https:\/\/elfsight.com\/es\/wp-json\/wp\/v2\/pages\/2636\/revisions\/20026"}],"up":[{"embeddable":true,"href":"https:\/\/elfsight.com\/es\/wp-json\/wp\/v2\/pages\/1936"}],"wp:attachment":[{"href":"https:\/\/elfsight.com\/es\/wp-json\/wp\/v2\/media?parent=2636"}],"curies":[{"name":"wp","href":"https:\/\/api.w.org\/{rel}","templated":true}]}}