{"id":2628,"date":"2021-11-08T09:59:57","date_gmt":"2021-11-08T09:59:57","guid":{"rendered":"https:\/\/elfsight.com\/es\/?page_id=2628"},"modified":"2026-01-14T14:37:37","modified_gmt":"2026-01-14T14:37:37","slug":"wordpress","status":"publish","type":"page","link":"https:\/\/elfsight.com\/es\/online-form-builder\/wordpress\/","title":{"rendered":"Form Builder &#8211; WordPress"},"content":{"rendered":"<div class=\"application-platform-content-item-description application-platform-content-item\" id=\"description\" data-nav-section=\"description\"><h2>Incrusta el Creador de Formularios en WordPress con el widget de Elfsight<\/h2><p>El mejor Creador de Formularios de Elfsight es un complemento universal para crear diversos tipos de formularios y agregarlos a tu recurso web. Obtenga informaci\u00f3n de sus usuarios actuales y potenciales a trav\u00e9s de encuestas f\u00e1ciles de completar, formularios de retroalimentaci\u00f3n, solicitudes de calificaci\u00f3n y otras categor\u00edas. Controla la composici\u00f3n del formulario, elige elementos para construir formularios personalizados que te ayudar\u00e1n a recibir informaci\u00f3n de tus clientes, y a\u00f1ade f\u00e1cilmente un formulario a tu sitio web de WordPress. Sea cual sea el tipo de datos que necesita: opiniones, evaluaciones, pedidos o compras, el complemento de formulario para WordPress le permitir\u00e1 crear un formulario adecuado para ello. Gracias a la configuraci\u00f3n flexible y los numerosos componentes disponibles, tu formulario ser\u00e1 pr\u00e1ctico para tus clientes y atractivo para ti.<\/p><p><b>\u00a1Recoge las ideas de los clientes, procesa reservas y consultas de tu clientela en el sitio web!<\/b><\/p><ul><li><b>Crea formularios atractivos para recopilar m\u00e1s retroalimentaci\u00f3n<\/b>.<br>Tienes a tu disposici\u00f3n una amplia colecci\u00f3n de segmentos que permiten crear formularios entretenidos y pr\u00e1cticos. Las variadas opciones de estilo del complemento de Elfsight te permitir\u00e1n hacerlo brillante y atraer a m\u00e1s usuarios para completarlo.<\/li><li><b>Aumenta el n\u00famero de clientes potenciales con formularios f\u00e1ciles de manejar<\/b>.<br>No dejes que tus clientes abandonen el procedimiento de llenado sin terminar, cargando informaci\u00f3n valiosa. Construye formularios con pasos f\u00e1ciles de manejar y una composici\u00f3n sencilla que mantendr\u00e1 a los clientes interesados \u200b\u200bhasta el final, aumentando el n\u00famero de leads.<\/li><li><b>Ahorra tiempo y dinero con una herramienta multiprop\u00f3sito<\/b>.<br>Este complemento completo te permite crear formularios de diferentes tipos con variados conjuntos de elementos y un patr\u00f3n \u00fanico. Esto te ayudar\u00e1 a dise\u00f1ar formularios para recopilar datos de diversas clases sin gastar dinero ni tiempo adicional.<\/li><\/ul><\/div><div class=\"application-platform-content-item-features application-platform-content-item\" id=\"features\" data-nav-section=\"features\"><h2>Caracter\u00edsticas del complemento Creador de Formularios<\/h2><p>\u00bfPor qu\u00e9 nuestro Creador de Formularios sigue siendo uno de los mejores complementos de WordPress para la recopilaci\u00f3n de datos de clientes?<\/p><ul><li>18 tipos de campos para cumplir con casi cualquier tarea de recopilaci\u00f3n de datos;<\/li><li>Texto editable del bot\u00f3n de env\u00edo;<\/li><li>Textos editables del mensaje de agradecimiento y del bot\u00f3n para volver a completar el formulario;<\/li><li>10 iconos integrados para el Bot\u00f3n Flotante;<\/li><li>Un colorizador inteligente encontrar\u00e1 el color de contraste m\u00e1ximo para el texto y los elementos de la interfaz seg\u00fan el color principal que haya elegido.<\/li><\/ul><p><a href=\"#demo\">Lee la lista completa de caracter\u00edsticas en el editor<\/a><\/p><\/div><div class=\"application-platform-content-item-installation application-platform-content-item\" id=\"installation\" data-nav-section=\"installation\"><h2>C\u00f3mo agregar el complemento Creador de Formularios a un sitio web de WordPress<\/h2><div class=\"video-container\">\n<iframe width=\"720\" height=\"405\" src=\"https:\/\/www.youtube.com\/embed\/ggI2EgqkDDY?si=FFrACu0H_CsCXgOq\" frameborder=\"0\" allowfullscreen=\"\"><\/iframe>\n<\/div><p>Sigue las pautas a continuaci\u00f3n para integrar la herramienta en WordPress.<\/p><ol><li><b>Utiliza nuestro editor gratuito y comienza a construir tu widget personalizado.<\/b><br>Encuentra la interfaz y las caracter\u00edsticas deseadas de la herramienta y guarda las modificaciones.<\/li><li><b>Recibe tu c\u00f3digo \u00fanico que se mostrar\u00e1 en la ventana de Elfsight Apps.<\/b><br>Justo despu\u00e9s de terminar la configuraci\u00f3n de tu Creador de Formularios personal, copia el c\u00f3digo individual en la ventana emergente y gu\u00e1rdalo para futuras referencias.<\/li><li><b>Comienza a utilizar el widget en tu sitio de WordPress.<\/b><br>Integra el c\u00f3digo guardado anteriormente en tu sitio web y guarda los cambios.<\/li><li><b>\u00a1Listo! La integraci\u00f3n est\u00e1 completamente realizada.<\/b><br>Ve a tu sitio para verificar el funcionamiento del complemento.<\/li><\/ol><p>\u00bfTienes problemas o preguntas sobre la instalaci\u00f3n o configuraci\u00f3n de tu complemento personalizado? Consulta el manual completo \u00ab<a href=\"https:\/\/elfsight.com\/blog\/how-to-create-form-for-wordpress\/\" target=\"_blank\" rel=\"noopener\">C\u00f3mo agregar un complemento de Formulario en el sitio web de WordPress<\/a>\u00bb o deja tu mensaje en el centro de ayuda y nuestro equipo estar\u00e1 encantado de ayudarte.<\/p><\/div><div class=\"faq\" data-component=\"FAQ\"><div class=\"faq-item\">\r\n\t\t\t\t\t<div class=\"faq-item-question\">\r\n\t\t\t\t\t\t<h3 class=\"faq-item-question-text\">\u00bfC\u00f3mo protejo los datos del formulario de WordPress en mis p\u00e1ginas?<\/h3>\r\n\r\n\t\t\t\t\t\t<div class=\"faq-item-question-icon\"><\/div>\r\n\t\t\t\t\t<\/div>\r\n\r\n\t\t\t\t\t<div class=\"faq-item-answer\">\r\n\t\t\t\t\t\t<div class=\"faq-item-answer-text\"><p>Nuestro Creador de Formularios est\u00e1 integrado con el servicio de seguridad reCAPTCHA m\u00e1s confiable. Fue integrado para asegurar tus formularios y tu buz\u00f3n de correo contra el spam y proporcionar un trabajo sin problemas y solo datos valiosos.<\/p><\/div>\r\n\t\t\t\t\t<\/div>\r\n\t\t\t\t<\/div><div class=\"faq-item\">\r\n\t\t\t\t\t<div class=\"faq-item-question\">\r\n\t\t\t\t\t\t<h3 class=\"faq-item-question-text\">\u00bfExisten plantillas que admiten Formularios con L\u00f3gica Condicional \/ Campos M\u00faltiples \/ Formularios de correo electr\u00f3nico?<\/h3>\r\n\r\n\t\t\t\t\t\t<div class=\"faq-item-question-icon\"><\/div>\r\n\t\t\t\t\t<\/div>\r\n\r\n\t\t\t\t\t<div class=\"faq-item-answer\">\r\n\t\t\t\t\t\t<div class=\"faq-item-answer-text\"><p>\u00a1Claro! Todo lo que necesitas hacer es iniciar sesi\u00f3n en Elfsight Apps y elegir cualquier plantilla adecuada, y luego comenzar a crear tu widget personalizado.<\/p><\/div>\r\n\t\t\t\t\t<\/div>\r\n\t\t\t\t<\/div><div class=\"faq-item\">\r\n\t\t\t\t\t<div class=\"faq-item-question\">\r\n\t\t\t\t\t\t<h3 class=\"faq-item-question-text\">\u00bfC\u00f3mo puedo crear un formulario de contacto \/ retroalimentaci\u00f3n para un sitio web de WordPress?<\/h3>\r\n\r\n\t\t\t\t\t\t<div class=\"faq-item-question-icon\"><\/div>\r\n\t\t\t\t\t<\/div>\r\n\r\n\t\t\t\t\t<div class=\"faq-item-answer\">\r\n\t\t\t\t\t\t<div class=\"faq-item-answer-text\"><p>Para crear tu formulario de contacto o retroalimentaci\u00f3n, debes iniciar sesi\u00f3n en el servicio de Elfsight Apps y hacer todas las ediciones necesarias en la herramienta. Cuando termine, guarde los cambios y proceda a su sitio web. As\u00ed de simple.<\/p><\/div>\r\n\t\t\t\t\t<\/div>\r\n\t\t\t\t<\/div><div class=\"faq-item\">\r\n\t\t\t\t\t<div class=\"faq-item-question\">\r\n\t\t\t\t\t\t<h3 class=\"faq-item-question-text\">\u00bfTienen plantillas predise\u00f1adas de Creador de Formularios para el sitio web de WordPress?<\/h3>\r\n\r\n\t\t\t\t\t\t<div class=\"faq-item-question-icon\"><\/div>\r\n\t\t\t\t\t<\/div>\r\n\r\n\t\t\t\t\t<div class=\"faq-item-answer\">\r\n\t\t\t\t\t\t<div class=\"faq-item-answer-text\"><p>S\u00ed. Nuestro equipo ha trabajado arduamente para crear una colecci\u00f3n masiva de m\u00e1s de 300 plantillas, como <a href=\"https:\/\/elfsight.com\/online-form-builder\/templates\/application-forms\/\">Formularios de Solicitud<\/a>, <a href=\"https:\/\/elfsight.com\/online-form-builder\/templates\/booking-forms\/\">Formularios de Reserva<\/a>, <a href=\"https:\/\/elfsight.com\/online-form-builder\/templates\/order-forms\/\">Formularios de Pedido<\/a>, <a href=\"https:\/\/elfsight.com\/online-form-builder\/templates\/product-forms\/\">Formularios de Producto<\/a>, <a href=\"https:\/\/elfsight.com\/online-form-builder\/templates\/questionnaires\/\">Cuestionarios<\/a>, <a href=\"https:\/\/elfsight.com\/online-form-builder\/templates\/quizzes\/\">Cuestionarios<\/a>, <a href=\"https:\/\/elfsight.com\/online-form-builder\/templates\/surveys\/\">Encuestas<\/a>, <a href=\"https:\/\/elfsight.com\/online-form-builder\/templates\/file-upload-forms\/\">Formularios de Carga de Archivos<\/a>, y muchos m\u00e1s. Por lo tanto, no ser\u00e1 dif\u00edcil encontrar la opci\u00f3n adecuada con las <a href=\"https:\/\/elfsight.com\/online-form-builder\/templates\/\">plantillas de Creador de Formularios<\/a>.<\/p><\/div>\r\n\t\t\t\t\t<\/div>\r\n\t\t\t\t<\/div><\/div>","protected":false},"excerpt":{"rendered":"","protected":false},"author":13,"featured_media":0,"parent":1746,"menu_order":0,"comment_status":"closed","ping_status":"closed","template":"templates\/template-application-platform.php","meta":{"publish_to_discourse":"","publish_post_category":"","wpdc_auto_publish_overridden":"","wpdc_topic_tags":"","wpdc_pin_topic":"","wpdc_pin_until":"","discourse_post_id":"","discourse_permalink":"","wpdc_publishing_response":"","wpdc_publishing_error":"","footnotes":""},"class_list":["post-2628","page","type-page","status-publish","hentry"],"yoast_head":"<!-- This site is optimized with the Yoast SEO plugin v25.3.1 - https:\/\/yoast.com\/wordpress\/plugins\/seo\/ -->\n<title>El mejor plugin de Form Builder para WordPress sitio web ( 2025 )<\/title>\n<meta name=\"description\" content=\"Incrusta un Constructor de formularios en su sitio web WordPress. Lance la demo de Elfsight manejable y construe su plugin \u00fanico f\u00e1cilmente.\" \/>\n<meta name=\"robots\" content=\"index, follow, max-snippet:-1, max-image-preview:large, max-video-preview:-1\" \/>\n<link rel=\"canonical\" href=\"https:\/\/elfsight.com\/es\/online-form-builder\/wordpress\/\" \/>\n<meta property=\"og:locale\" content=\"es_ES\" \/>\n<meta property=\"og:type\" content=\"article\" \/>\n<meta property=\"og:title\" content=\"El mejor plugin de Form Builder para WordPress sitio web ( 2025 )\" \/>\n<meta property=\"og:description\" content=\"Incrusta un Constructor de formularios en su sitio web WordPress. Lance la demo de Elfsight manejable y construe su plugin \u00fanico f\u00e1cilmente.\" \/>\n<meta property=\"og:url\" content=\"https:\/\/elfsight.com\/es\/online-form-builder\/wordpress\/\" \/>\n<meta property=\"og:site_name\" content=\"Elfsight ES\" \/>\n<meta property=\"article:modified_time\" content=\"2026-01-14T14:37:37+00:00\" \/>\n<meta name=\"twitter:card\" content=\"summary_large_image\" \/>\n<meta name=\"twitter:label1\" content=\"Tiempo de lectura\" \/>\n\t<meta name=\"twitter:data1\" content=\"4 minutos\" \/>\n<!-- \/ Yoast SEO plugin. -->","yoast_head_json":{"title":"El mejor plugin de Form Builder para WordPress sitio web ( 2025 )","description":"Incrusta un Constructor de formularios en su sitio web WordPress. Lance la demo de Elfsight manejable y construe su plugin \u00fanico f\u00e1cilmente.","robots":{"index":"index","follow":"follow","max-snippet":"max-snippet:-1","max-image-preview":"max-image-preview:large","max-video-preview":"max-video-preview:-1"},"canonical":"https:\/\/elfsight.com\/es\/online-form-builder\/wordpress\/","og_locale":"es_ES","og_type":"article","og_title":"El mejor plugin de Form Builder para WordPress sitio web ( 2025 )","og_description":"Incrusta un Constructor de formularios en su sitio web WordPress. Lance la demo de Elfsight manejable y construe su plugin \u00fanico f\u00e1cilmente.","og_url":"https:\/\/elfsight.com\/es\/online-form-builder\/wordpress\/","og_site_name":"Elfsight ES","article_modified_time":"2026-01-14T14:37:37+00:00","twitter_card":"summary_large_image","twitter_misc":{"Tiempo de lectura":"4 minutos"},"schema":{"@context":"https:\/\/schema.org","@graph":[{"@type":"WebPage","@id":"https:\/\/elfsight.com\/es\/online-form-builder\/wordpress\/","url":"https:\/\/elfsight.com\/es\/online-form-builder\/wordpress\/","name":"El mejor plugin de Form Builder para WordPress sitio web ( 2025 )","isPartOf":{"@id":"https:\/\/elfsight.com\/es\/#website"},"datePublished":"2021-11-08T09:59:57+00:00","dateModified":"2026-01-14T14:37:37+00:00","description":"Incrusta un Constructor de formularios en su sitio web WordPress. Lance la demo de Elfsight manejable y construe su plugin \u00fanico f\u00e1cilmente.","breadcrumb":{"@id":"https:\/\/elfsight.com\/es\/online-form-builder\/wordpress\/#breadcrumb"},"inLanguage":"es","potentialAction":[{"@type":"ReadAction","target":["https:\/\/elfsight.com\/es\/online-form-builder\/wordpress\/"]}]},{"@type":"BreadcrumbList","@id":"https:\/\/elfsight.com\/es\/online-form-builder\/wordpress\/#breadcrumb","itemListElement":[{"@type":"ListItem","position":1,"name":"Home","item":"https:\/\/elfsight.com\/es\/"},{"@type":"ListItem","position":2,"name":"Form Builder","item":"https:\/\/elfsight.com\/es\/online-form-builder\/"},{"@type":"ListItem","position":3,"name":"Form Builder &#8211; WordPress"}]},{"@type":"WebSite","@id":"https:\/\/elfsight.com\/es\/#website","url":"https:\/\/elfsight.com\/es\/","name":"Elfsight ES","description":"Just another Elfsight Sites site","potentialAction":[{"@type":"SearchAction","target":{"@type":"EntryPoint","urlTemplate":"https:\/\/elfsight.com\/es\/?s={search_term_string}"},"query-input":{"@type":"PropertyValueSpecification","valueRequired":true,"valueName":"search_term_string"}}],"inLanguage":"es"}]}},"meta_box":{"industry":"","seo_heading":"","heading":"","description":"","cta_heading":"","cta_description":"","application":"1745","h1":"Complemento de creaci\u00f3n de formularios de WordPress","h1_caption":"De seguimiento a sus prospectos y clientes, realice encuestas, recopile opiniones, todo con el generador de Formularios Elfsight","application_category":[],"applications_title":"","applications_request_title":"","applications_request_button_text":"","hero_text":"","hero_video":"","hero_video_schema_markup":"","selling_points_title":"","selling_points_caption":"","selling_points":[],"selling_points_cta_text":"","features_title":"","features":"","ed_cta_examples_text":"","ed_cta_examples_hidden":"","ed_cta_demo_text":"","ed_cta_demo_hidden":"","why_caption":"","why_editor_title":"","why_editor_text":"","why_team_title":"","why_team_text":"","why_service_title":"","why_service_text":"","template_catalog_visible":"0","template_catalog_title":"","template_catalog_text":"","template_catalog_categories_visible":"","demo_title":"Crea tu complemento Form Builder","demo_caption":"\u00a1Configure su Creador de formularios y agr\u00e9guelo a su sitio web de WordPress gratis!","default_faq_hidden":"","app_template_category":[],"platform":"115","template_public_id":"","codecanyon_url":"","codecanyon_item_id":"","codecanyon_price":"","pricing_caption":"","pricing_elfsight_apps_hide_column":"","pricing_elfsight_apps_url":"","pricing_codecanyon_price_caption":"","integration_category":[],"integration_request_title":"","integration_request_cta":"","integration_platform":"","integrations":[],"platform_category":[],"video_schema_markup":"","price":"desde $0 por mes","trial":"","benefits":[{"text":"Instalaci\u00f3n gratuita"},{"text":"Soporte Premium"},{"text":"14 d\u00edas garant\u00eda de reembolso"},{"text":"Actualizaciones regulares"}],"button_url":"#demo","button_target_blank":"0","button_nofollow":"0","attributes":[{"name":"Responsivo","content":"Si","_state":"expanded"},{"name":"Navegadores compatibles","content":"Firefox, Safari, Opera, Chrome, Edge","_state":"expanded"}],"tags":[],"tags_disable_links":"0","hide_more_platforms":"0","video_object":"{\r\n  \"@context\": \"http:\/\/schema.org\",\r\n  \"@type\": \"VideoObject\",\r\n  \"name\": \"How to Add Form Builder to WordPress (2021)\",\r\n  \"description\": \"Create a customized best Form Builder plugin for WordPress website. Install extensive plugins in just 3 minutes for free in the quickest widget panel.\",\r\n  \"thumbnailUrl\": \"https:\/\/i.ytimg.com\/vi\/kkkCCwZJF7A\/default.jpg\",\r\n  \"uploadDate\": \"2020-06-05T15:43:58Z\",\r\n  \"duration\": \"PT2M16S\",\r\n  \"embedUrl\": \"https:\/\/www.youtube.com\/embed\/kkkCCwZJF7A\",\r\n  \"interactionCount\": \"200\"\r\n}","demo_hide_cta":"0","demo_hide_cloud_options":"0","pricing_title":"","pricing":[{"pricing_icon":"platform","pricing_title":" Elfsight Apps","pricing_title_caption":"Soluci\u00f3n multiplataforma - valido para cualquier p\u00e1gina web","pricing_price":"desde $0 por mes","pricing_price_caption":"empezar con un plan gratuito","pricing_benefits":[{"text":"Sitios web ilimitados"},{"text":"Atenci\u00f3n al cliente gratuita y r\u00e1pida"},{"text":"Servicio de instalaci\u00f3n gratuito"},{"text":"Totalmente personalizable"}],"pricing_button_text":"Agregar al sitio web","pricing_button_url":"#demo","_state":"expanded"}],"related_apps_title":"","related_apps_hidden":"1","author":"","image":[],"title":"","job":"","social_networks":[]},"_links":{"self":[{"href":"https:\/\/elfsight.com\/es\/wp-json\/wp\/v2\/pages\/2628","targetHints":{"allow":["GET"]}}],"collection":[{"href":"https:\/\/elfsight.com\/es\/wp-json\/wp\/v2\/pages"}],"about":[{"href":"https:\/\/elfsight.com\/es\/wp-json\/wp\/v2\/types\/page"}],"author":[{"embeddable":true,"href":"https:\/\/elfsight.com\/es\/wp-json\/wp\/v2\/users\/13"}],"replies":[{"embeddable":true,"href":"https:\/\/elfsight.com\/es\/wp-json\/wp\/v2\/comments?post=2628"}],"version-history":[{"count":7,"href":"https:\/\/elfsight.com\/es\/wp-json\/wp\/v2\/pages\/2628\/revisions"}],"predecessor-version":[{"id":20028,"href":"https:\/\/elfsight.com\/es\/wp-json\/wp\/v2\/pages\/2628\/revisions\/20028"}],"up":[{"embeddable":true,"href":"https:\/\/elfsight.com\/es\/wp-json\/wp\/v2\/pages\/1746"}],"wp:attachment":[{"href":"https:\/\/elfsight.com\/es\/wp-json\/wp\/v2\/media?parent=2628"}],"curies":[{"name":"wp","href":"https:\/\/api.w.org\/{rel}","templated":true}]}}