{"id":2625,"date":"2021-11-08T09:42:55","date_gmt":"2021-11-08T09:42:55","guid":{"rendered":"https:\/\/elfsight.com\/es\/?page_id=2625"},"modified":"2025-02-06T15:28:03","modified_gmt":"2025-02-06T15:28:03","slug":"wordpress","status":"publish","type":"page","link":"https:\/\/elfsight.com\/es\/twitter-feed-widget\/wordpress\/","title":{"rendered":"Twitter Feed &#8211; WordPress"},"content":{"rendered":"<div class=\"application-platform-content-item-description application-platform-content-item\" id=\"description\" data-nav-section=\"description\"><h2>Incrustar feeds de Twitter en WordPress con el widget de Elfsight<\/h2><p>Elfsight Twitter es un complemento adaptable que le permite introducir feeds de Twitter o tweets seleccionados en un sitio de WordPress. Puede mostrar su cuenta de noticias de Twitter o mostrar Tweets testimoniales que ayuden a aumentar la participaci\u00f3n de los visitantes y fortalecer la confianza del cliente. Lo que hace que nuestro complemento de Twitter sea uno de los mejores de su tipo para cualquier sitio web es una gran cantidad de configuraciones, plantillas preestablecidas dise\u00f1adas para cualquier caso de uso y su dise\u00f1o adaptable.<\/p><p><b>Logre una mejor participaci\u00f3n del usuario y una mayor confianza en su sitio web<\/b><\/p><ul><li><b>Retenga a los visitantes en el sitio por m\u00e1s tiempo<\/b>.<br>Retenga a los visitantes en el sitio por m\u00e1s tiempo.<\/li><li><b>Promocione su Twitter y su sitio web juntos<\/b>.<br>Su sitio web es una herramienta adicional de promoci\u00f3n de su cuenta de Twitter, con retuiteos y respuestas soportados desde la p\u00e1gina; mientras que una mejor participaci\u00f3n y prueba social en el sitio web mejora los resultados de SEO.<\/li><li><b>Mejore la confianza con la ayuda de testimonios de clientes de Twitter<\/b>.<br>Elija los mejores testimonios de clientes sobre su empresa en Twitter y rev\u00e9lelos en su sitio para fortalecer la confianza en su empresa y hacer que sus art\u00edculos parezcan tentadores.<\/li><\/ul><\/div><div class=\"application-platform-content-item-features application-platform-content-item\" id=\"features\" data-nav-section=\"features\"><h2>Caracter\u00edsticas principales del widget Feed de Twitter<\/h2><p>Caracter\u00edsticas principales del complemento Elfsight Twitter, que lo ayudan a seguir siendo el mejor instrumento de WordPress para incrustar Twitter.<\/p><ul><li>Tipo de presentaci\u00f3n Feed o Testimonios;<\/li><li>Ocultar el encabezado para mostrar solo Tweets;<\/li><li>Buenos enlaces de vista previa en Tweets;<\/li><li>Cach\u00e9 de datos del navegador: carga m\u00e1s r\u00e1pida con widgets en varias p\u00e1ginas;<\/li><li>Coloraci\u00f3n autom\u00e1tica del feed con el color del tema de su cuenta de Twitter.<\/li><\/ul><p><a href=\"#demo\">Ver todas las opciones en la demostraci\u00f3n de Elfsight<\/a><\/p><\/div><div class=\"application-platform-content-item-installation application-platform-content-item\" id=\"installation\" data-nav-section=\"installation\"><h2>C\u00f3mo incrustar el feed de Twitter en un sitio web de WordPress<\/h2><div class=\"video-container\"><iframe width=\"720\" height=\"405\" src=\"https:\/\/www.youtube.com\/embed\/OyUx7mlBDKY\" frameborder=\"0\"><\/iframe><\/div><p>Simplemente siga un par de pasos que se presentan a continuaci\u00f3n para insertar el complemento en WordPress.<\/p> <ol><li><b>Administre nuestra demostraci\u00f3n gratuita y comience a crear su instrumento personalizado. <\/b><br>Elija el formulario seleccionado y las opciones del complemento y guarde las modificaciones. <\/li> <li><b>Adquiera su c\u00f3digo \u00fanico que aparece en la ventana de Elfsight Apps. <\/b><br> Inmediatamente despu\u00e9s de finalizar la configuraci\u00f3n de su complemento de Twitter, copie el c\u00f3digo individual en la ventana emergente que aparece y gu\u00e1rdelo para futuras necesidades. <\/li> <li><b>Comience a utilizar el widget en su sitio de WordPress. <\/b><br> A\u00f1ade el c\u00f3digo que has guardado antes en tu p\u00e1gina y aplica los ajustes. <\/li> <li><b>\u00a1Ya terminaste! La configuraci\u00f3n ha finalizado por completo. <\/b><br>Vaya a su p\u00e1gina para observar c\u00f3mo funciona el widget. <\/li><\/ol> <p>\u00bfNo pudo dise\u00f1ar o agregar el complemento en su sitio web? Estudie nuestro <a href=\"https:\/\/elfsight.com\/tutorials\/how-to-add-twitter-feed-plugin-to-wordpress\/\" target=\"_blank\" rel=\"noopener noreferrer\">manual completo<\/a> o dir\u00edjase a nuestro equipo de ayuda.<\/p><\/div><div class=\"faq\" data-component=\"FAQ\"><div class=\"faq-item\">\r\n\t\t\t\t\t<div class=\"faq-item-question\">\r\n\t\t\t\t\t\t<h3 class=\"faq-item-question-text\">\u00bfC\u00f3mo puedo \u00bfAgregar un feed de Twitter a mi sitio web de WordPress?<\/h3>\r\n\r\n\t\t\t\t\t\t<div class=\"faq-item-question-icon\"><\/div>\r\n\t\t\t\t\t<\/div>\r\n\r\n\t\t\t\t\t<div class=\"faq-item-answer\">\r\n\t\t\t\t\t\t<div class=\"faq-item-answer-text\"><p>La creaci\u00f3n del widget se realiza dentro del sitio de Elfsight y no es necesario aprender a codificar. Aplique nuestra demostraci\u00f3n en l\u00ednea para dar forma a su propia herramienta, adquiera el c\u00f3digo e implem\u00e9ntelo en su sitio web. <\/p><\/div>\r\n\t\t\t\t\t<\/div>\r\n\t\t\t\t<\/div><div class=\"faq-item\">\r\n\t\t\t\t\t<div class=\"faq-item-question\">\r\n\t\t\t\t\t\t<h3 class=\"faq-item-question-text\">\u00bfDe qu\u00e9 manera obtengo Twitter Hashtag Feed o Grid mediante los complementos de Elfsight?<\/h3>\r\n\r\n\t\t\t\t\t\t<div class=\"faq-item-question-icon\"><\/div>\r\n\t\t\t\t\t<\/div>\r\n\r\n\t\t\t\t\t<div class=\"faq-item-answer\">\r\n\t\t\t\t\t\t<div class=\"faq-item-answer-text\"><p>Hay una gran cantidad de plantillas a su disposici\u00f3n: cuadr\u00edcula, feed, galer\u00eda, mamposter\u00eda, lista y muchas otras, contando ajustes de dise\u00f1o maleables para armonizar con sus condiciones. Eres libre de crear casi cualquier herramienta que te falte. <\/p><\/div>\r\n\t\t\t\t\t<\/div>\r\n\t\t\t\t<\/div><div class=\"faq-item\">\r\n\t\t\t\t\t<div class=\"faq-item-question\">\r\n\t\t\t\t\t\t<h3 class=\"faq-item-question-text\">Mi feed de Twitter de WordPress no funciona\/no se actualiza<\/h3>\r\n\r\n\t\t\t\t\t\t<div class=\"faq-item-question-icon\"><\/div>\r\n\t\t\t\t\t<\/div>\r\n\r\n\t\t\t\t\t<div class=\"faq-item-answer\">\r\n\t\t\t\t\t\t<div class=\"faq-item-answer-text\"><p>Tan pronto como experimente alguna dificultad con los widgets de WordPress, dir\u00edjase al servicio de atenci\u00f3n al cliente. Cualquier ayuda es totalmente gratuita para todos los clientes de Elfsight. <\/p><\/div>\r\n\t\t\t\t\t<\/div>\r\n\t\t\t\t<\/div><\/div>","protected":false},"excerpt":{"rendered":"","protected":false},"author":13,"featured_media":0,"parent":1997,"menu_order":0,"comment_status":"closed","ping_status":"closed","template":"templates\/template-application-platform.php","meta":{"publish_to_discourse":"","publish_post_category":"","wpdc_auto_publish_overridden":"","wpdc_topic_tags":"","wpdc_pin_topic":"","wpdc_pin_until":"","discourse_post_id":"","discourse_permalink":"","wpdc_publishing_response":"","wpdc_publishing_error":"","footnotes":""},"class_list":["post-2625","page","type-page","status-publish","hentry"],"yoast_head":"<!-- This site is optimized with the Yoast SEO plugin v25.3.1 - https:\/\/yoast.com\/wordpress\/plugins\/seo\/ -->\n<title>El mejor plugin de Twitter Feed para el sitio web de WordPress (2025)<\/title>\n<meta name=\"description\" content=\"Instala un plugin responsivo de Feed de Twitter en su WordPress de sitio web. Lance la demo y genere su plugin personalizado en poco tiempo.\" \/>\n<meta name=\"robots\" content=\"index, follow, max-snippet:-1, max-image-preview:large, max-video-preview:-1\" \/>\n<link rel=\"canonical\" href=\"https:\/\/elfsight.com\/es\/twitter-feed-widget\/wordpress\/\" \/>\n<meta property=\"og:locale\" content=\"es_ES\" \/>\n<meta property=\"og:type\" content=\"article\" \/>\n<meta property=\"og:title\" content=\"El mejor plugin de Twitter Feed para el sitio web de WordPress (2025)\" \/>\n<meta property=\"og:description\" content=\"Instala un plugin responsivo de Feed de Twitter en su WordPress de sitio web. Lance la demo y genere su plugin personalizado en poco tiempo.\" \/>\n<meta property=\"og:url\" content=\"https:\/\/elfsight.com\/es\/twitter-feed-widget\/wordpress\/\" \/>\n<meta property=\"og:site_name\" content=\"Elfsight ES\" \/>\n<meta property=\"article:modified_time\" content=\"2025-02-06T15:28:03+00:00\" \/>\n<meta name=\"twitter:card\" content=\"summary_large_image\" \/>\n<meta name=\"twitter:label1\" content=\"Tiempo de lectura\" \/>\n\t<meta name=\"twitter:data1\" content=\"2 minutos\" \/>\n<!-- \/ Yoast SEO plugin. -->","yoast_head_json":{"title":"El mejor plugin de Twitter Feed para el sitio web de WordPress (2025)","description":"Instala un plugin responsivo de Feed de Twitter en su WordPress de sitio web. Lance la demo y genere su plugin personalizado en poco tiempo.","robots":{"index":"index","follow":"follow","max-snippet":"max-snippet:-1","max-image-preview":"max-image-preview:large","max-video-preview":"max-video-preview:-1"},"canonical":"https:\/\/elfsight.com\/es\/twitter-feed-widget\/wordpress\/","og_locale":"es_ES","og_type":"article","og_title":"El mejor plugin de Twitter Feed para el sitio web de WordPress (2025)","og_description":"Instala un plugin responsivo de Feed de Twitter en su WordPress de sitio web. Lance la demo y genere su plugin personalizado en poco tiempo.","og_url":"https:\/\/elfsight.com\/es\/twitter-feed-widget\/wordpress\/","og_site_name":"Elfsight ES","article_modified_time":"2025-02-06T15:28:03+00:00","twitter_card":"summary_large_image","twitter_misc":{"Tiempo de lectura":"2 minutos"},"schema":{"@context":"https:\/\/schema.org","@graph":[{"@type":"WebPage","@id":"https:\/\/elfsight.com\/es\/twitter-feed-widget\/wordpress\/","url":"https:\/\/elfsight.com\/es\/twitter-feed-widget\/wordpress\/","name":"El mejor plugin de Twitter Feed para el sitio web de WordPress (2025)","isPartOf":{"@id":"https:\/\/elfsight.com\/es\/#website"},"datePublished":"2021-11-08T09:42:55+00:00","dateModified":"2025-02-06T15:28:03+00:00","description":"Instala un plugin responsivo de Feed de Twitter en su WordPress de sitio web. Lance la demo y genere su plugin personalizado en poco tiempo.","breadcrumb":{"@id":"https:\/\/elfsight.com\/es\/twitter-feed-widget\/wordpress\/#breadcrumb"},"inLanguage":"es","potentialAction":[{"@type":"ReadAction","target":["https:\/\/elfsight.com\/es\/twitter-feed-widget\/wordpress\/"]}]},{"@type":"BreadcrumbList","@id":"https:\/\/elfsight.com\/es\/twitter-feed-widget\/wordpress\/#breadcrumb","itemListElement":[{"@type":"ListItem","position":1,"name":"Home","item":"https:\/\/elfsight.com\/es\/"},{"@type":"ListItem","position":2,"name":"Twitter Feed","item":"https:\/\/elfsight.com\/es\/twitter-feed-widget\/"},{"@type":"ListItem","position":3,"name":"Twitter Feed &#8211; WordPress"}]},{"@type":"WebSite","@id":"https:\/\/elfsight.com\/es\/#website","url":"https:\/\/elfsight.com\/es\/","name":"Elfsight ES","description":"Just another Elfsight Sites site","potentialAction":[{"@type":"SearchAction","target":{"@type":"EntryPoint","urlTemplate":"https:\/\/elfsight.com\/es\/?s={search_term_string}"},"query-input":{"@type":"PropertyValueSpecification","valueRequired":true,"valueName":"search_term_string"}}],"inLanguage":"es"}]}},"meta_box":{"industry":"","seo_heading":"","heading":"","description":"","cta_heading":"","cta_description":"","application":"2111","h1":"Complemento de alimentaci\u00f3n de Twitter de WordPress","h1_caption":"Inserte tweets desde su cuenta de Twitter o mediante hashtag para mantener a sus visitantes actualizados con contenido en tiempo real en su sitio web de WordPress sin esfuerzo.","application_category":[],"applications_title":"","applications_request_title":"","applications_request_button_text":"","hero_text":"","hero_video":"","hero_video_schema_markup":"","selling_points_title":"","selling_points_caption":"","selling_points":[],"selling_points_cta_text":"","features_title":"","features":"","ed_cta_examples_text":"","ed_cta_examples_hidden":"","ed_cta_demo_text":"","ed_cta_demo_hidden":"","why_caption":"","why_editor_title":"","why_editor_text":"","why_team_title":"","why_team_text":"","why_service_title":"","why_service_text":"","template_catalog_visible":"","template_catalog_title":"","template_catalog_text":"","template_catalog_categories_visible":"","demo_title":"Crea tu complemento de Twitter Feed","demo_caption":"\u00a1Configure su feed de Twitter y agr\u00e9guelo a su sitio web de WordPress de forma gratuita!","default_faq_hidden":"","app_template_category":[],"platform":"115","template_public_id":"","codecanyon_url":"","codecanyon_item_id":"","codecanyon_price":"","pricing_caption":"","pricing_elfsight_apps_hide_column":"","pricing_elfsight_apps_url":"","pricing_codecanyon_price_caption":"","integration_category":[],"integration_request_title":"","integration_request_cta":"","integration_platform":"","integrations":[],"platform_category":[],"video_schema_markup":"","price":"desde $0 por mes","trial":"","benefits":[{"text":"Instalaci\u00f3n gratuita"},{"text":"Soporte Premium"},{"text":"14 d\u00edas garant\u00eda de reembolso"},{"text":"Actualizaciones regulares"}],"button_url":"#demo","button_target_blank":"0","button_nofollow":"0","attributes":[{"name":"Responsivo","content":"Si","_state":"expanded"},{"name":"Navegadores compatibles","content":"Firefox, Safari, Opera, Chrome, Edge","_state":"expanded"}],"tags":[],"tags_disable_links":"1","hide_more_platforms":"","video_object":"{\r\n  \"@context\": \"http:\/\/schema.org\",\r\n  \"@type\": \"VideoObject\",\r\n  \"name\": \"How to Add Twitter Feed to WordPress (2020)\",\r\n  \"description\": \"Generate your personalized WordPress Twitter Feed plugin just in a minute. Free demo, help with setup and more perks from Elfsight are included!\",\r\n  \"thumbnailUrl\": \"https:\/\/i.ytimg.com\/vi\/OyUx7mlBDKY\/default.jpg\",\r\n  \"uploadDate\": \"2019-06-21T11:44:06.000Z\",\r\n  \"duration\": \"PT2M31S\",\r\n  \"embedUrl\": \"https:\/\/www.youtube.com\/embed\/OyUx7mlBDKY\",\r\n  \"interactionCount\": \"2279\"\r\n}","demo_hide_cta":"0","demo_hide_cloud_options":"0","pricing_title":"","pricing":[{"pricing_icon":"platform","pricing_title":" Elfsight Apps","pricing_title_caption":"Soluci\u00f3n multiplataforma - valido para cualquier p\u00e1gina web","pricing_price":"desde $0 por mes","pricing_price_caption":"empezar con un plan gratuito","pricing_benefits":[{"text":"Sitios web ilimitados"},{"text":"Atenci\u00f3n al cliente gratuita y r\u00e1pida"},{"text":"Servicio de instalaci\u00f3n gratuito"},{"text":"Totalmente personalizable"}],"pricing_button_text":"Agregar al sitio web","pricing_button_url":"#demo","_state":"expanded"}],"related_apps_title":"","related_apps_hidden":"1","author":"","image":[],"title":"","job":"","social_networks":[]},"_links":{"self":[{"href":"https:\/\/elfsight.com\/es\/wp-json\/wp\/v2\/pages\/2625","targetHints":{"allow":["GET"]}}],"collection":[{"href":"https:\/\/elfsight.com\/es\/wp-json\/wp\/v2\/pages"}],"about":[{"href":"https:\/\/elfsight.com\/es\/wp-json\/wp\/v2\/types\/page"}],"author":[{"embeddable":true,"href":"https:\/\/elfsight.com\/es\/wp-json\/wp\/v2\/users\/13"}],"replies":[{"embeddable":true,"href":"https:\/\/elfsight.com\/es\/wp-json\/wp\/v2\/comments?post=2625"}],"version-history":[{"count":4,"href":"https:\/\/elfsight.com\/es\/wp-json\/wp\/v2\/pages\/2625\/revisions"}],"predecessor-version":[{"id":18332,"href":"https:\/\/elfsight.com\/es\/wp-json\/wp\/v2\/pages\/2625\/revisions\/18332"}],"up":[{"embeddable":true,"href":"https:\/\/elfsight.com\/es\/wp-json\/wp\/v2\/pages\/1997"}],"wp:attachment":[{"href":"https:\/\/elfsight.com\/es\/wp-json\/wp\/v2\/media?parent=2625"}],"curies":[{"name":"wp","href":"https:\/\/api.w.org\/{rel}","templated":true}]}}