{"id":2616,"date":"2021-11-08T08:15:03","date_gmt":"2021-11-08T08:15:03","guid":{"rendered":"https:\/\/elfsight.com\/es\/?page_id=2616"},"modified":"2025-02-06T15:28:12","modified_gmt":"2025-02-06T15:28:12","slug":"wordpress","status":"publish","type":"page","link":"https:\/\/elfsight.com\/es\/pricing-table-plugin\/wordpress\/","title":{"rendered":"Pricing Table &#8211; WordPress"},"content":{"rendered":"<div class=\"application-platform-content-item-description application-platform-content-item\" id=\"description\" data-nav-section=\"description\"><h2>Incrustar tabla de precios en WordPress con el widget Elfsight<\/h2><p>Un precio bien dise\u00f1ado y responsivo es una de las mejores herramientas para estimular a los clientes a realizar pedidos en su sitio. Nuestro complemento no s\u00f3lo permite a los visitantes del sitio web visualizar y comparar varios planes de precios r\u00e1pidamente. Tambi\u00e9n ayuda a aumentar la conversi\u00f3n mediante el uso de trucos inteligentes en dise\u00f1o y plantillas.<\/p><p><b>Lleva las ventas de tu sitio a otro nivel, usando un potente complemento de precios.<\/b><\/p><ul><li><b>Gana m\u00e1s clientes<\/b>.<br>Utiliza el dise\u00f1o m\u00e1s inteligente, para combatir los miedos y dudas de tus clientes que pueden aparecer al tomar una decisi\u00f3n de compra, y sube de nivel tu conversi\u00f3n.<\/li><li><b>Personalizar el complemento en solo 3 minutos<\/b>.<br>Crea tu complemento personalizado en cuesti\u00f3n de segundos. Alinee los par\u00e1metros deseados de la plantilla y agregue su contenido: mu\u00e9strelo todo en solo un par de acciones.<\/li><li><b>Haga que sus precios sean interesantes para los visitantes<\/b>.<br>Elija los colores necesarios, inserte elementos, use im\u00e1genes para que sus precios sean atractivos para los clientes y genere una influencia positiva en el resultado de compra.<\/li><\/ul><\/div><div class=\"application-platform-content-item-features application-platform-content-item\" id=\"features\" data-nav-section=\"features\"><h2>Caracter\u00edsticas principales del widget Tabla de precios<\/h2><p>Las ventajas que convierten nuestra tabla de precios en el mejor complemento para sitios web de WordPress.<\/p><ul><li>6 elementos de columna predefinidos que se pueden organizar y personalizar para obtener el aspecto perfecto;<\/li><li>5 m\u00e1scaras predefinidas, con diferentes combinaciones de colores;<\/li><li>3 estilos de funciones predefinidas;<\/li><li>Vincular el bot\u00f3n a lo requerido p\u00e1gina;<\/li><li>Dise\u00f1o m\u00f3vil responsivo.<\/li><\/ul><p><a href=\"#demo\">Puedes verificar todas las funciones usando una demostraci\u00f3n en vivo<\/a><\/p><\/div><div class=\"application-platform-content-item-installation application-platform-content-item\" id=\"installation\" data-nav-section=\"installation\"><h2>C\u00f3mo crear una tabla de precios para el sitio web de WordpPress<\/h2><div class=\"video-container\"><iframe width=\"720\" height=\"405\" src=\"https:\/\/www.youtube.com\/embed\/egjLB_Rh-Eo\" frameborder=\"0\"><\/iframe><\/div><p>Simplemente siga estos pasos que se detallan a continuaci\u00f3n para activar el widget en WordPress.<\/p> <ol><li><b>Inicie nuestro editor gratuito y comience a formar su widget personalizado. <\/b><br> Encuentre el dise\u00f1o y los par\u00e1metros preferibles de la herramienta y guarde las correcciones. <\/li> <li><b>Reciba su c\u00f3digo personal que se muestra en el cuadro de Elfsight Apps. <\/b><br> Cuando haya terminado de establecer su widget de tabla de precios, copie el c\u00f3digo individual en la ventana emergente que aparece y gu\u00e1rdelo para usarlo m\u00e1s adelante. <\/li> <li><b>Inicie la utilizaci\u00f3n del widget en su sitio web de WordPress. <\/b><br> Inserta el c\u00f3digo que has copiado recientemente en tu sitio web y aplica las mejoras. <\/li> <li><b>\u00a1Ya terminaste! La incrustaci\u00f3n se realiza con \u00e9xito. <\/b><br> Visite su sitio web para examinar c\u00f3mo funciona el complemento. <\/li><\/ol> <p>\u00bfTiene problemas para agregar el complemento a su sitio web? Consulte nuestras instrucciones detalladas \u00ab<a href=\"https:\/\/elfsight.com\/tutorials\/how-to-add-pricing-table-to-wordpress\/\" target=\"_blank\" rel=\"noopener noreferrer\">C\u00f3mo instalar la tabla de precios en WordPress<\/a>\u00bb o deje un mensaje para nuestro equipo de soporte: resuelven todo tipo de problemas en un instante.<\/p><\/div><div class=\"faq\" data-component=\"FAQ\"><div class=\"faq-item\">\r\n\t\t\t\t\t<div class=\"faq-item-question\">\r\n\t\t\t\t\t\t<h3 class=\"faq-item-question-text\">\u00bfDe qu\u00e9 manera incrusto una tabla de precios en mi sitio de WordPress?<\/h3>\r\n\r\n\t\t\t\t\t\t<div class=\"faq-item-question-icon\"><\/div>\r\n\t\t\t\t\t<\/div>\r\n\r\n\t\t\t\t\t<div class=\"faq-item-answer\">\r\n\t\t\t\t\t\t<div class=\"faq-item-answer-text\"><p>La construcci\u00f3n de la herramienta se lleva a cabo dentro del servicio Elfsight y no es necesario aprender a codificar. Aplique la demostraci\u00f3n en l\u00ednea para personalizar su widget personal, obtenga el c\u00f3digo e implem\u00e9ntelo en su sitio. <\/p><\/div>\r\n\t\t\t\t\t<\/div>\r\n\t\t\t\t<\/div><div class=\"faq-item\">\r\n\t\t\t\t\t<div class=\"faq-item-question\">\r\n\t\t\t\t\t\t<h3 class=\"faq-item-question-text\">Los mejores ejemplos de uso de la integraci\u00f3n de la tabla de precios<\/h3>\r\n\r\n\t\t\t\t\t\t<div class=\"faq-item-question-icon\"><\/div>\r\n\t\t\t\t\t<\/div>\r\n\r\n\t\t\t\t\t<div class=\"faq-item-answer\">\r\n\t\t\t\t\t\t<div class=\"faq-item-answer-text\"><p>Le brindamos una amplia gama de oportunidades de personalizaci\u00f3n: widgets a gran escala para incrustar en la zona de contenido, widgets flotantes con funci\u00f3n de desplazamiento, dise\u00f1os para el pie de p\u00e1gina, el encabezado y todo tipo de oportunidades verticales para barras laterales y men\u00fas. <\/p><\/div>\r\n\t\t\t\t\t<\/div>\r\n\t\t\t\t<\/div><div class=\"faq-item\">\r\n\t\t\t\t\t<div class=\"faq-item-question\">\r\n\t\t\t\t\t\t<h3 class=\"faq-item-question-text\">\u00bfC\u00f3mo creo una tabla de planes de servicio o precios de comparaci\u00f3n con la ayuda de su editor? <\/h3>\r\n\r\n\t\t\t\t\t\t<div class=\"faq-item-question-icon\"><\/div>\r\n\t\t\t\t\t<\/div>\r\n\r\n\t\t\t\t\t<div class=\"faq-item-answer\">\r\n\t\t\t\t\t\t<div class=\"faq-item-answer-text\"><p>Puede realizar modificaciones en cualquier widget. Hay una amplia gama de dise\u00f1os aplicables en el editor y todos ellos pueden personalizarse f\u00e1cilmente seg\u00fan sus necesidades. <\/p><\/div>\r\n\t\t\t\t\t<\/div>\r\n\t\t\t\t<\/div><\/div>","protected":false},"excerpt":{"rendered":"","protected":false},"author":13,"featured_media":0,"parent":2019,"menu_order":0,"comment_status":"closed","ping_status":"closed","template":"templates\/template-application-platform.php","meta":{"publish_to_discourse":"","publish_post_category":"","wpdc_auto_publish_overridden":"","wpdc_topic_tags":"","wpdc_pin_topic":"","wpdc_pin_until":"","discourse_post_id":"","discourse_permalink":"","wpdc_publishing_response":"","wpdc_publishing_error":"","footnotes":""},"class_list":["post-2616","page","type-page","status-publish","hentry"],"yoast_head":"<!-- This site is optimized with the Yoast SEO plugin v25.3.1 - https:\/\/yoast.com\/wordpress\/plugins\/seo\/ -->\n<title>El mejor plugin de tabla de precios de WordPress para su sitio web (2025)<\/title>\n<meta name=\"description\" content=\"A\u00f1ade un widget Tabla de precios en su sitio WordPress. Pruebe la demo intuitiva de Elfsight y genere su plugin \u00fanico en solo 2 minutos.\" \/>\n<meta name=\"robots\" content=\"index, follow, max-snippet:-1, max-image-preview:large, max-video-preview:-1\" \/>\n<link rel=\"canonical\" href=\"https:\/\/elfsight.com\/es\/pricing-table-plugin\/wordpress\/\" \/>\n<meta property=\"og:locale\" content=\"es_ES\" \/>\n<meta property=\"og:type\" content=\"article\" \/>\n<meta property=\"og:title\" content=\"El mejor plugin de tabla de precios de WordPress para su sitio web (2025)\" \/>\n<meta property=\"og:description\" content=\"A\u00f1ade un widget Tabla de precios en su sitio WordPress. Pruebe la demo intuitiva de Elfsight y genere su plugin \u00fanico en solo 2 minutos.\" \/>\n<meta property=\"og:url\" content=\"https:\/\/elfsight.com\/es\/pricing-table-plugin\/wordpress\/\" \/>\n<meta property=\"og:site_name\" content=\"Elfsight ES\" \/>\n<meta property=\"article:modified_time\" content=\"2025-02-06T15:28:12+00:00\" \/>\n<meta name=\"twitter:card\" content=\"summary_large_image\" \/>\n<meta name=\"twitter:label1\" content=\"Tiempo de lectura\" \/>\n\t<meta name=\"twitter:data1\" content=\"2 minutos\" \/>\n<!-- \/ Yoast SEO plugin. -->","yoast_head_json":{"title":"El mejor plugin de tabla de precios de WordPress para su sitio web (2025)","description":"A\u00f1ade un widget Tabla de precios en su sitio WordPress. Pruebe la demo intuitiva de Elfsight y genere su plugin \u00fanico en solo 2 minutos.","robots":{"index":"index","follow":"follow","max-snippet":"max-snippet:-1","max-image-preview":"max-image-preview:large","max-video-preview":"max-video-preview:-1"},"canonical":"https:\/\/elfsight.com\/es\/pricing-table-plugin\/wordpress\/","og_locale":"es_ES","og_type":"article","og_title":"El mejor plugin de tabla de precios de WordPress para su sitio web (2025)","og_description":"A\u00f1ade un widget Tabla de precios en su sitio WordPress. Pruebe la demo intuitiva de Elfsight y genere su plugin \u00fanico en solo 2 minutos.","og_url":"https:\/\/elfsight.com\/es\/pricing-table-plugin\/wordpress\/","og_site_name":"Elfsight ES","article_modified_time":"2025-02-06T15:28:12+00:00","twitter_card":"summary_large_image","twitter_misc":{"Tiempo de lectura":"2 minutos"},"schema":{"@context":"https:\/\/schema.org","@graph":[{"@type":"WebPage","@id":"https:\/\/elfsight.com\/es\/pricing-table-plugin\/wordpress\/","url":"https:\/\/elfsight.com\/es\/pricing-table-plugin\/wordpress\/","name":"El mejor plugin de tabla de precios de WordPress para su sitio web (2025)","isPartOf":{"@id":"https:\/\/elfsight.com\/es\/#website"},"datePublished":"2021-11-08T08:15:03+00:00","dateModified":"2025-02-06T15:28:12+00:00","description":"A\u00f1ade un widget Tabla de precios en su sitio WordPress. Pruebe la demo intuitiva de Elfsight y genere su plugin \u00fanico en solo 2 minutos.","breadcrumb":{"@id":"https:\/\/elfsight.com\/es\/pricing-table-plugin\/wordpress\/#breadcrumb"},"inLanguage":"es","potentialAction":[{"@type":"ReadAction","target":["https:\/\/elfsight.com\/es\/pricing-table-plugin\/wordpress\/"]}]},{"@type":"BreadcrumbList","@id":"https:\/\/elfsight.com\/es\/pricing-table-plugin\/wordpress\/#breadcrumb","itemListElement":[{"@type":"ListItem","position":1,"name":"Home","item":"https:\/\/elfsight.com\/es\/"},{"@type":"ListItem","position":2,"name":"Pricing Table","item":"https:\/\/elfsight.com\/es\/pricing-table-plugin\/"},{"@type":"ListItem","position":3,"name":"Pricing Table &#8211; WordPress"}]},{"@type":"WebSite","@id":"https:\/\/elfsight.com\/es\/#website","url":"https:\/\/elfsight.com\/es\/","name":"Elfsight ES","description":"Just another Elfsight Sites site","potentialAction":[{"@type":"SearchAction","target":{"@type":"EntryPoint","urlTemplate":"https:\/\/elfsight.com\/es\/?s={search_term_string}"},"query-input":{"@type":"PropertyValueSpecification","valueRequired":true,"valueName":"search_term_string"}}],"inLanguage":"es"}]}},"meta_box":{"industry":"","seo_heading":"","heading":"","description":"","cta_heading":"","cta_description":"","application":"2018","h1":"Tabla de precios de WordPress","h1_caption":"Presente sus opciones de precios de forma clara y atractiva, ayudando a los clientes a elegir el plan adecuado para sus necesidades en su sitio web de WordPress sin esfuerzo.","application_category":[],"applications_title":"","applications_request_title":"","applications_request_button_text":"","hero_text":"","hero_video":"","hero_video_schema_markup":"","selling_points_title":"","selling_points_caption":"","selling_points":[],"selling_points_cta_text":"","features_title":"","features":"","ed_cta_examples_text":"","ed_cta_examples_hidden":"","ed_cta_demo_text":"","ed_cta_demo_hidden":"","why_caption":"","why_editor_title":"","why_editor_text":"","why_team_title":"","why_team_text":"","why_service_title":"","why_service_text":"","template_catalog_visible":"","template_catalog_title":"","template_catalog_text":"","template_catalog_categories_visible":"","demo_title":"Crea tu complemento de tabla de precios","demo_caption":"\u00a1Configure su tabla de precios y agr\u00e9guela a su sitio web de WordPress gratis!","default_faq_hidden":"","app_template_category":[],"platform":"115","template_public_id":"","codecanyon_url":"","codecanyon_item_id":"","codecanyon_price":"","pricing_caption":"","pricing_elfsight_apps_hide_column":"","pricing_elfsight_apps_url":"","pricing_codecanyon_price_caption":"","integration_category":[],"integration_request_title":"","integration_request_cta":"","integration_platform":"","integrations":[],"platform_category":[],"video_schema_markup":"","price":"desde $0 por mes","trial":"","benefits":[{"text":"Instalaci\u00f3n gratuita"},{"text":"Soporte Premium"},{"text":"14 d\u00edas garant\u00eda de reembolso"},{"text":"Actualizaciones regulares"}],"button_url":"#demo","button_target_blank":"0","button_nofollow":"0","attributes":[{"name":"Responsivo","content":"Si","_state":"expanded"},{"name":"Navegadores compatibles","content":"Firefox, Safari, Opera, Chrome, Edge","_state":"expanded"}],"tags":[],"tags_disable_links":"0","hide_more_platforms":"","video_object":"{\r\n  \"@context\": \"http:\/\/schema.org\",\r\n  \"@type\": \"VideoObject\",\r\n  \"name\": \"How to Add Pricing Table to WordPress (2020)\",\r\n  \"description\": \"Install responsive Pricing Table plugin for WordPress in just 2 minutes. Try all the prominent features of the best pricing plugin in the free editor.\",\r\n  \"thumbnailUrl\": \"https:\/\/i.ytimg.com\/vi\/egjLB_Rh-Eo\/default.jpg\",\r\n  \"uploadDate\": \"2020-03-13T08:22:20.000Z\",\r\n  \"duration\": \"PT2M26S\",\r\n  \"embedUrl\": \"https:\/\/www.youtube.com\/embed\/egjLB_Rh-Eo\",\r\n  \"interactionCount\": \"1782\"\r\n}","demo_hide_cta":"1","demo_hide_cloud_options":"0","pricing_title":"","pricing":[{"pricing_icon":"platform","pricing_title":" Elfsight Apps","pricing_title_caption":"Soluci\u00f3n multiplataforma - valido para cualquier p\u00e1gina web","pricing_price":"desde $0 por mes","pricing_price_caption":"empezar con un plan gratuito","pricing_benefits":[{"text":"Sitios web ilimitados"},{"text":"Atenci\u00f3n al cliente gratuita y r\u00e1pida"},{"text":"Servicio de instalaci\u00f3n gratuito"},{"text":"Totalmente personalizable"}],"pricing_button_text":"Agregar al sitio web","pricing_button_url":"#demo","_state":"expanded"}],"related_apps_title":"","related_apps_hidden":"1","author":"","image":[],"title":"","job":"","social_networks":[]},"_links":{"self":[{"href":"https:\/\/elfsight.com\/es\/wp-json\/wp\/v2\/pages\/2616","targetHints":{"allow":["GET"]}}],"collection":[{"href":"https:\/\/elfsight.com\/es\/wp-json\/wp\/v2\/pages"}],"about":[{"href":"https:\/\/elfsight.com\/es\/wp-json\/wp\/v2\/types\/page"}],"author":[{"embeddable":true,"href":"https:\/\/elfsight.com\/es\/wp-json\/wp\/v2\/users\/13"}],"replies":[{"embeddable":true,"href":"https:\/\/elfsight.com\/es\/wp-json\/wp\/v2\/comments?post=2616"}],"version-history":[{"count":6,"href":"https:\/\/elfsight.com\/es\/wp-json\/wp\/v2\/pages\/2616\/revisions"}],"predecessor-version":[{"id":18334,"href":"https:\/\/elfsight.com\/es\/wp-json\/wp\/v2\/pages\/2616\/revisions\/18334"}],"up":[{"embeddable":true,"href":"https:\/\/elfsight.com\/es\/wp-json\/wp\/v2\/pages\/2019"}],"wp:attachment":[{"href":"https:\/\/elfsight.com\/es\/wp-json\/wp\/v2\/media?parent=2616"}],"curies":[{"name":"wp","href":"https:\/\/api.w.org\/{rel}","templated":true}]}}