{"id":2612,"date":"2021-11-08T08:01:15","date_gmt":"2021-11-08T08:01:15","guid":{"rendered":"https:\/\/elfsight.com\/es\/?page_id=2612"},"modified":"2025-02-06T15:28:12","modified_gmt":"2025-02-06T15:28:12","slug":"wordpress","status":"publish","type":"page","link":"https:\/\/elfsight.com\/es\/popup-widget\/wordpress\/","title":{"rendered":"Popup &#8211; WordPress"},"content":{"rendered":"<div class=\"application-platform-content-item-description application-platform-content-item\" id=\"description\" data-nav-section=\"description\"> <h2>Descripci\u00f3n<\/h2> <p>Con el complemento Popup de Elfsight, cualquier persona puede dise\u00f1ar ventanas modales personalizadas de todo tipo e integrarlas en un sitio web de WordPress de forma gratuita. Crea el popup m\u00e1s adecuado eligiendo elementos de una variedad de opciones incorporadas. Modifica el estilo y la disposici\u00f3n; selecciona el activador y ajusta el tiempo para lograr una mejor eficiencia. Los popups de varios tipos permiten a los usuarios suscribirse, conocer tus productos y servicios, copiar sus cupones, estar al tanto de ventas y ofertas especiales, recibir notificaciones sobre eventos importantes en tu sitio web y mucho m\u00e1s.<\/p> <p><b>El creador de popups de WordPress te ayudar\u00e1 a vender m\u00e1s, promocionar eventos futuros, obtener comentarios y suscripciones, y mucho m\u00e1s.<\/b><\/p> <\/div><div class=\"faq\" data-component=\"FAQ\"><div class=\"faq-item\">\r\n\t\t\t\t\t<div class=\"faq-item-question\">\r\n\t\t\t\t\t\t<h3 class=\"faq-item-question-text\">\u00bfC\u00f3mo puedo a\u00f1adir un Popup a mi sitio web de WordPress?<\/h3>\r\n\r\n\t\t\t\t\t\t<div class=\"faq-item-question-icon\"><\/div>\r\n\t\t\t\t\t<\/div>\r\n\r\n\t\t\t\t\t<div class=\"faq-item-answer\">\r\n\t\t\t\t\t\t<div class=\"faq-item-answer-text\"><p>La creaci\u00f3n del widget se realiza en el sitio web de Elfsight y no necesitas aprender a programar ni usar un creador de popups de WordPress. Usa nuestra demo activa para dise\u00f1ar tu propio formulario popup, obt\u00e9n el c\u00f3digo e ins\u00e9rtalo en tu sitio web. <\/p><\/div>\r\n\t\t\t\t\t<\/div>\r\n\t\t\t\t<\/div><div class=\"faq-item\">\r\n\t\t\t\t\t<div class=\"faq-item-question\">\r\n\t\t\t\t\t\t<h3 class=\"faq-item-question-text\">Las mejores formas de utilizar la integraci\u00f3n de pop-ups de banners<\/h3>\r\n\r\n\t\t\t\t\t\t<div class=\"faq-item-question-icon\"><\/div>\r\n\t\t\t\t\t<\/div>\r\n\r\n\t\t\t\t\t<div class=\"faq-item-answer\">\r\n\t\t\t\t\t\t<div class=\"faq-item-answer-text\"><p>Ofrecemos una gran cantidad de oportunidades de personalizaci\u00f3n en el Constructor de Popups. Hay widgets de gran tama\u00f1o para insertar en el \u00e1rea de contenido, complementos flotantes con opciones de desplazamiento, dise\u00f1os para el pie de p\u00e1gina, el encabezado y todo tipo de opciones verticales para las barras laterales y men\u00fas.<\/p><\/div>\r\n\t\t\t\t\t<\/div>\r\n\t\t\t\t<\/div><div class=\"faq-item\">\r\n\t\t\t\t\t<div class=\"faq-item-question\">\r\n\t\t\t\t\t\t<h3 class=\"faq-item-question-text\">\u00bfPuedo crear un popup de bolet\u00edn o de oferta mediante el editor?<\/h3>\r\n\r\n\t\t\t\t\t\t<div class=\"faq-item-question-icon\"><\/div>\r\n\t\t\t\t\t<\/div>\r\n\r\n\t\t\t\t\t<div class=\"faq-item-answer\">\r\n\t\t\t\t\t\t<div class=\"faq-item-answer-text\"><p>Puedes crear cualquier modificaci\u00f3n en el plugin de Popup de WordPress. Hay una gran cantidad de dise\u00f1os disponibles en el constructor de popups, y todos ellos se pueden personalizar f\u00e1cilmente seg\u00fan lo que necesites.<\/p><\/div>\r\n\t\t\t\t\t<\/div>\r\n\t\t\t\t<\/div><div class=\"faq-item\">\r\n\t\t\t\t\t<div class=\"faq-item-question\">\r\n\t\t\t\t\t\t<h3 class=\"faq-item-question-text\">\u00bfQu\u00e9 activadores est\u00e1n disponibles para abrir el popup?<\/h3>\r\n\r\n\t\t\t\t\t\t<div class=\"faq-item-question-icon\"><\/div>\r\n\t\t\t\t\t<\/div>\r\n\r\n\t\t\t\t\t<div class=\"faq-item-answer\">\r\n\t\t\t\t\t\t<div class=\"faq-item-answer-text\"><p>Tienes la opci\u00f3n de hacer que un popup de WordPress aparezca al hacer clic, cuando el usuario intenta salir, o simplemente al cargar la p\u00e1gina. Puedes hacer que aparezca una ventana emergente despu\u00e9s de un cierto tiempo en el sitio o despu\u00e9s de que una persona haya desplazado un porcentaje determinado de contenido. Finalmente, puedes colocar un llamado a la acci\u00f3n para abrir un popup en WordPress.<\/p><\/div>\r\n\t\t\t\t\t<\/div>\r\n\t\t\t\t<\/div><\/div><div class=\"application-platform-content-item-features application-platform-content-item\" id=\"features\" data-nav-section=\"features\"> <h2>Caracter\u00edsticas principales del plugin Popup<\/h2> <p>Consulta todas las caracter\u00edsticas funcionales del widget. Puedes gestionarlas directamente en el constructor y te ayudar\u00e1 a configurar el widget espec\u00edficamente para tu caso de uso.<\/p> <ul><li>12 bloques disponibles para construir un popup<\/li> <li>5 dise\u00f1os de pop-ups listos para usar en varios casos<\/li> <li>Coloca botones para redirigir a los usuarios a cualquier p\u00e1gina de WordPress<\/li> <li>Sube una imagen como fondo del plugin<\/li> <li>El popup puede activarse despu\u00e9s de un tiempo espec\u00edfico en la p\u00e1gina o un porcentaje de desplazamiento<\/li> <li>Activadores del popup: hacer clic en un elemento o desplazarse hacia \u00e9l<\/li> <\/ul> <p><a href=\"#demo\">Consulta c\u00f3mo funcionan todas las caracter\u00edsticas en nuestra demo<\/a><\/p> <\/div><div class=\"application-platform-content-item-installation application-platform-content-item\" id=\"installation\" data-nav-section=\"installation\"><\/div><h2>\u00bfC\u00f3mo a\u00f1adir el plugin Popup a un sitio web de WordPress?<\/h2> <div class=\"video-container\"><iframe src=\"https:\/\/www.youtube.com\/embed\/LhmryTr-ECE\" width=\"720\" height=\"405\" frameborder=\"0\"><\/iframe><\/div><p>Sigue los pasos descritos a continuaci\u00f3n para activar el widget en WordPress.<\/p> <ol><li><b>Lanza nuestro creador de ventanas emergentes gratuitas y comienza a crear tu \u00fanico complemento.<\/b><br> Especifica el aspecto y las caracter\u00edsticas deseadas de la herramienta y aplica las correcciones. <\/li> <li><b>Copia el c\u00f3digo individual que se muestra en la ventana modal de Elfsight Apps.<\/b><br> Despu\u00e9s de completar la configuraci\u00f3n de tu plugin Popup personalizado, copia el c\u00f3digo exclusivo en la ventana emergente y gu\u00e1rdalo para su uso posterior. <\/li> <li><b>Inicia la utilizaci\u00f3n del complemento en el sitio de WordPress.<\/b><br> Coloca el c\u00f3digo del complemento Popup en tu sitio web y aplica las correcciones. <\/li> <li><b>La instalaci\u00f3n se ha completado con \u00e9xito.<\/b><br> Ve a tu sitio de WordPress para ver c\u00f3mo funciona la herramienta. <\/li><\/ol> <p>No dudes en ponerte en contacto con nuestro servicio de soporte si necesitas ayuda con la instalaci\u00f3n en WordPress. Estaremos encantados de ayudarte con cualquier consulta.<\/p> ","protected":false},"excerpt":{"rendered":"\u00bfC\u00f3mo a\u00f1adir el plugin Popup a un sitio web de WordPress? Sigue los pasos descritos a continuaci\u00f3n para activar el widget en WordPress. Lanza nuestro creador de ventanas emergentes gratuitas y comienza a crear tu \u00fanico complemento. Especifica el aspecto y las caracter\u00edsticas deseadas de la herramienta y aplica las&#8230;","protected":false},"author":13,"featured_media":0,"parent":1488,"menu_order":0,"comment_status":"closed","ping_status":"closed","template":"templates\/template-application-platform.php","meta":{"publish_to_discourse":"","publish_post_category":"","wpdc_auto_publish_overridden":"","wpdc_topic_tags":"","wpdc_pin_topic":"","wpdc_pin_until":"","discourse_post_id":"","discourse_permalink":"","wpdc_publishing_response":"","wpdc_publishing_error":"","footnotes":""},"class_list":["post-2612","page","type-page","status-publish","hentry"],"yoast_head":"<!-- This site is optimized with the Yoast SEO plugin v25.3.1 - https:\/\/yoast.com\/wordpress\/plugins\/seo\/ -->\n<title>Mejor constructor de Popups - agregue plugin al sitio web de WordPress<\/title>\n<meta name=\"description\" content=\"Instala un hermoso de Popup en su WordPress de sitio. Pruebe la demo de Elfsight f\u00e1cil de usar y genere su plugin \u00fanico f\u00e1cilmente.\" \/>\n<meta name=\"robots\" content=\"index, follow, max-snippet:-1, max-image-preview:large, max-video-preview:-1\" \/>\n<link rel=\"canonical\" href=\"https:\/\/elfsight.com\/es\/popup-widget\/wordpress\/\" \/>\n<meta property=\"og:locale\" content=\"es_ES\" \/>\n<meta property=\"og:type\" content=\"article\" \/>\n<meta property=\"og:title\" content=\"Mejor constructor de Popups - agregue plugin al sitio web de WordPress\" \/>\n<meta property=\"og:description\" content=\"Instala un hermoso de Popup en su WordPress de sitio. Pruebe la demo de Elfsight f\u00e1cil de usar y genere su plugin \u00fanico f\u00e1cilmente.\" \/>\n<meta property=\"og:url\" content=\"https:\/\/elfsight.com\/es\/popup-widget\/wordpress\/\" \/>\n<meta property=\"og:site_name\" content=\"Elfsight ES\" \/>\n<meta property=\"article:modified_time\" content=\"2025-02-06T15:28:12+00:00\" \/>\n<meta name=\"twitter:card\" content=\"summary_large_image\" \/>\n<meta name=\"twitter:label1\" content=\"Tiempo de lectura\" \/>\n\t<meta name=\"twitter:data1\" content=\"3 minutos\" \/>\n<!-- \/ Yoast SEO plugin. -->","yoast_head_json":{"title":"Mejor constructor de Popups - agregue plugin al sitio web de WordPress","description":"Instala un hermoso de Popup en su WordPress de sitio. Pruebe la demo de Elfsight f\u00e1cil de usar y genere su plugin \u00fanico f\u00e1cilmente.","robots":{"index":"index","follow":"follow","max-snippet":"max-snippet:-1","max-image-preview":"max-image-preview:large","max-video-preview":"max-video-preview:-1"},"canonical":"https:\/\/elfsight.com\/es\/popup-widget\/wordpress\/","og_locale":"es_ES","og_type":"article","og_title":"Mejor constructor de Popups - agregue plugin al sitio web de WordPress","og_description":"Instala un hermoso de Popup en su WordPress de sitio. Pruebe la demo de Elfsight f\u00e1cil de usar y genere su plugin \u00fanico f\u00e1cilmente.","og_url":"https:\/\/elfsight.com\/es\/popup-widget\/wordpress\/","og_site_name":"Elfsight ES","article_modified_time":"2025-02-06T15:28:12+00:00","twitter_card":"summary_large_image","twitter_misc":{"Tiempo de lectura":"3 minutos"},"schema":{"@context":"https:\/\/schema.org","@graph":[{"@type":"WebPage","@id":"https:\/\/elfsight.com\/es\/popup-widget\/wordpress\/","url":"https:\/\/elfsight.com\/es\/popup-widget\/wordpress\/","name":"Mejor constructor de Popups - agregue plugin al sitio web de WordPress","isPartOf":{"@id":"https:\/\/elfsight.com\/es\/#website"},"datePublished":"2021-11-08T08:01:15+00:00","dateModified":"2025-02-06T15:28:12+00:00","description":"Instala un hermoso de Popup en su WordPress de sitio. Pruebe la demo de Elfsight f\u00e1cil de usar y genere su plugin \u00fanico f\u00e1cilmente.","breadcrumb":{"@id":"https:\/\/elfsight.com\/es\/popup-widget\/wordpress\/#breadcrumb"},"inLanguage":"es","potentialAction":[{"@type":"ReadAction","target":["https:\/\/elfsight.com\/es\/popup-widget\/wordpress\/"]}]},{"@type":"BreadcrumbList","@id":"https:\/\/elfsight.com\/es\/popup-widget\/wordpress\/#breadcrumb","itemListElement":[{"@type":"ListItem","position":1,"name":"Home","item":"https:\/\/elfsight.com\/es\/"},{"@type":"ListItem","position":2,"name":"Popup","item":"https:\/\/elfsight.com\/es\/popup-widget\/"},{"@type":"ListItem","position":3,"name":"Popup &#8211; WordPress"}]},{"@type":"WebSite","@id":"https:\/\/elfsight.com\/es\/#website","url":"https:\/\/elfsight.com\/es\/","name":"Elfsight ES","description":"Just another Elfsight Sites site","potentialAction":[{"@type":"SearchAction","target":{"@type":"EntryPoint","urlTemplate":"https:\/\/elfsight.com\/es\/?s={search_term_string}"},"query-input":{"@type":"PropertyValueSpecification","valueRequired":true,"valueName":"search_term_string"}}],"inLanguage":"es"}]}},"meta_box":{"industry":"","seo_heading":"","heading":"","description":"","cta_heading":"","cta_description":"","application":"1487","h1":"Complemento de ventana emergente para WordPress","h1_caption":"Cree todo tipo de contenido emergente: Banners, barras y notificaciones \u00a1use las ventanas emergentes para cualquier prop\u00f3sito!","application_category":[],"applications_title":"","applications_request_title":"","applications_request_button_text":"","hero_text":"","hero_video":"","hero_video_schema_markup":"","selling_points_title":"","selling_points_caption":"","selling_points":[],"selling_points_cta_text":"","features_title":"","features":"","ed_cta_examples_text":"","ed_cta_examples_hidden":"","ed_cta_demo_text":"","ed_cta_demo_hidden":"","why_caption":"","why_editor_title":"","why_editor_text":"","why_team_title":"","why_team_text":"","why_service_title":"","why_service_text":"","template_catalog_visible":"0","template_catalog_title":"","template_catalog_text":"","template_catalog_categories_visible":"","demo_title":"Crea tu complemento emergente","demo_caption":"\u00a1Configure su ventana emergente y agr\u00e9guela a su sitio web de WordPress gratis!","default_faq_hidden":"","app_template_category":[],"platform":"115","template_public_id":"","codecanyon_url":"","codecanyon_item_id":"","codecanyon_price":"","pricing_caption":"","pricing_elfsight_apps_hide_column":"","pricing_elfsight_apps_url":"","pricing_codecanyon_price_caption":"","integration_category":[],"integration_request_title":"","integration_request_cta":"","integration_platform":"","integrations":[],"platform_category":[],"video_schema_markup":"","price":"desde $0 por mes","trial":"","benefits":[{"text":"Instalaci\u00f3n gratuita"},{"text":"Soporte Premium"},{"text":"14 d\u00edas garant\u00eda de reembolso"},{"text":"Actualizaciones regulares"}],"button_url":"#demo","button_target_blank":"0","button_nofollow":"0","attributes":[{"name":"Responsivo","content":"Si","_state":"expanded"},{"name":"Navegadores compatibles","content":"Firefox, Safari, Opera, Chrome, Edge","_state":"expanded"}],"tags":[],"tags_disable_links":"0","hide_more_platforms":"","video_object":"{\r\n  \"@context\": \"http:\/\/schema.org\",\r\n  \"@type\": \"VideoObject\",\r\n  \"name\": \"How to Add Popup to WordPress (2021)\",\r\n  \"description\": \"Add Pop up plugin to WordPress for free. Use best Popup builder to create a notification window for WordPress.\",\r\n  \"thumbnailUrl\": \"https:\/\/i.ytimg.com\/vi\/LhmryTr-ECE\/default.jpg\",\r\n  \"uploadDate\": \"2020-06-19T12:12:43Z\",\r\n  \"duration\": \"PT2M17S\",\r\n  \"embedUrl\": \"https:\/\/www.youtube.com\/embed\/LhmryTr-ECE\",\r\n  \"interactionCount\": \"344\"\r\n}","demo_hide_cta":"0","demo_hide_cloud_options":"0","pricing_title":"","pricing":[{"pricing_icon":"platform","pricing_title":" Elfsight Apps","pricing_title_caption":"Soluci\u00f3n multiplataforma - valido para cualquier p\u00e1gina web","pricing_price":"desde $0 por mes","pricing_price_caption":"empezar con un plan gratuito","pricing_benefits":[{"text":"Sitios web ilimitados"},{"text":"Atenci\u00f3n al cliente gratuita y r\u00e1pida"},{"text":"Servicio de instalaci\u00f3n gratuito"},{"text":"Totalmente personalizable"}],"pricing_button_text":"Agregar al sitio web","pricing_button_url":"#demo","_state":"expanded"}],"related_apps_title":"","related_apps_hidden":"1","author":"","image":[],"title":"","job":"","social_networks":[]},"_links":{"self":[{"href":"https:\/\/elfsight.com\/es\/wp-json\/wp\/v2\/pages\/2612","targetHints":{"allow":["GET"]}}],"collection":[{"href":"https:\/\/elfsight.com\/es\/wp-json\/wp\/v2\/pages"}],"about":[{"href":"https:\/\/elfsight.com\/es\/wp-json\/wp\/v2\/types\/page"}],"author":[{"embeddable":true,"href":"https:\/\/elfsight.com\/es\/wp-json\/wp\/v2\/users\/13"}],"replies":[{"embeddable":true,"href":"https:\/\/elfsight.com\/es\/wp-json\/wp\/v2\/comments?post=2612"}],"version-history":[{"count":6,"href":"https:\/\/elfsight.com\/es\/wp-json\/wp\/v2\/pages\/2612\/revisions"}],"predecessor-version":[{"id":18335,"href":"https:\/\/elfsight.com\/es\/wp-json\/wp\/v2\/pages\/2612\/revisions\/18335"}],"up":[{"embeddable":true,"href":"https:\/\/elfsight.com\/es\/wp-json\/wp\/v2\/pages\/1488"}],"wp:attachment":[{"href":"https:\/\/elfsight.com\/es\/wp-json\/wp\/v2\/media?parent=2612"}],"curies":[{"name":"wp","href":"https:\/\/api.w.org\/{rel}","templated":true}]}}