{"id":2606,"date":"2021-11-03T11:41:48","date_gmt":"2021-11-03T11:41:48","guid":{"rendered":"https:\/\/elfsight.com\/es\/?page_id=2606"},"modified":"2025-02-06T15:28:12","modified_gmt":"2025-02-06T15:28:12","slug":"wordpress","status":"publish","type":"page","link":"https:\/\/elfsight.com\/es\/countdown-timer-widget\/wordpress\/","title":{"rendered":"Countdown Timer &#8211; WordPress"},"content":{"rendered":"<div class=\"application-platform-content-item-description application-platform-content-item\" id=\"description\" data-nav-section=\"description\"><h2>Incrusta un Temporizador de Cuenta Regresiva en WordPress con el widget de Elfsight<\/h2><p>Utiliza el plugin de Cuenta Regresiva de Elfsight para crear todo tipo de contadores y temporizadores que motiven a los visitantes a comprar. Un contador de stock o ventas generar\u00e1 una sensaci\u00f3n de escasez y competencia; una cuenta regresiva de ofertas estimular\u00e1 a los compradores a adquirir productos antes de que pierdan los precios bajos. Un temporizador personal motivar\u00e1 a cada persona a aprovechar una oferta personal m\u00e1s r\u00e1pido; los banners de venta con temas festivos atraer\u00e1n la atenci\u00f3n gracias a su dise\u00f1o tem\u00e1tico.<\/p><p><b>Haz que tus eventos y ofertas sean imperdibles y atraen m\u00e1s compras.<\/b><\/p><p><b>Motiva a los clientes a comprar generando una sensaci\u00f3n de urgencia.<\/b><br> Haz que tu audiencia sienta el temor de perder tus precios bajos mostrando el tiempo que queda hasta el final de la oferta. Esto har\u00e1 que el p\u00fablico compre m\u00e1s r\u00e1pido y aumente las ventas en tu sitio web.<\/p><p><b>Muestra un stock decreciente de tus productos y convence a los usuarios de comprar.<\/b><br> Demuestra que tus productos se est\u00e1n agotando r\u00e1pidamente y volvi\u00e9ndose escasos, con un contador de stock especial. Esto har\u00e1 que la audiencia valore m\u00e1s los productos y desee adquirirlos tambi\u00e9n.<\/p><p><b>Atrae m\u00e1s atenci\u00f3n a tu per\u00edodo de ventas usando una barra de cuenta regresiva con estilo festivo.<\/b><br> Con barras tem\u00e1ticas llamativas, puedes mostrar tus ofertas y ventas estacionales y llegar a una mayor audiencia. Aprovecha al m\u00e1ximo la temporada festiva para aumentar las ventas en tu sitio web.<\/p><\/div><div class=\"application-platform-content-item-features application-platform-content-item\" id=\"features\" data-nav-section=\"features\"><h2>Caracter\u00edsticas principales del widget de Cuenta Regresiva<\/h2><p>Las caracter\u00edsticas m\u00e1s importantes de nuestro temporizador, que lo convierten en el plugin perfecto para WordPress:<\/p><ul><li>Opci\u00f3n para establecer fecha y hora de inicio y finalizaci\u00f3n;<\/li><li>Opci\u00f3n para configurar un enlace de bot\u00f3n para redirecci\u00f3n;<\/li><li>Etiquetas de unidades de tiempo editables;<\/li><li>5 estilos de temporizador incluidos;<\/li><li>Interfaz adaptable con ajuste autom\u00e1tico al tama\u00f1o de la pantalla.<\/li><\/ul><a href=\"#demo\">Ver todas las caracter\u00edsticas en acci\u00f3n<\/a><\/div><div class=\"application-platform-content-item-installation application-platform-content-item\" id=\"installation\" data-nav-section=\"installation\"><h2>C\u00f3mo incrustar el Temporizador de Cuenta Regresiva en un sitio web de WordPress<\/h2><div class=\"video-container\"><iframe width=\"720\" height=\"405\" src=\"https:\/\/www.youtube.com\/embed\/kFaIhESkxWA\" frameborder=\"0\"><\/iframe><\/div><p>El procedimiento de incrustaci\u00f3n de nuestro widget de cuenta regresiva para WordPress es simple y claro para cualquier usuario. Simplemente sigue los pasos que se presentan a continuaci\u00f3n para activar el widget en WordPress.<\/p> <ol><li><b>Abre nuestro editor gratuito y comienza a crear tu herramienta personalizada. <\/b><br> Encuentra el dise\u00f1o y las caracter\u00edsticas preferidas del complemento y guarda las modificaciones. <\/li> <li><b>Copia el c\u00f3digo \u00fanico que aparece en la caja de Elfsight Apps. <\/b><br> Una vez finalizada la creaci\u00f3n de tu plugin de cuenta regresiva, copia el c\u00f3digo exclusivo de la ventana emergente y gu\u00e1rdalo para su uso posterior. <\/li> <li><b>Integre el c\u00f3digo en el sitio web de WordPress. <\/b><br> Inserta el c\u00f3digo que has guardado en tu sitio web y aplica los ajustes. <\/li> <li><b>\u00a1Listo! La configuraci\u00f3n se ha completado con \u00e9xito. <\/b><br> Visite su p\u00e1gina para ver el funcionamiento del complemento. <\/li><\/ol> <p>\u00bfTienes dificultades o preguntas mientras sigues el tutorial o configuras un complemento personalizado? Deja una solicitud en el Centro de Ayuda y nuestro equipo de soporte estar\u00e1 encantado de ayudarte a crear e incrustar el plugin en tu sitio web. Estaremos encantados de asesorarte sobre c\u00f3mo agregar el plugin de Cuenta Regresiva a un sitio web y sus p\u00e1ginas deseadas. Adem\u00e1s, podemos encontrar m\u00e1s soluciones para mejorar tu plataforma de ventas o blog. O consulta nuestra <a href=\"https:\/\/elfsight.com\/blog\/how-to-embed-countdown-clock-to-wordpress-website\/\" target=\"_blank\" rel=\"noopener noreferrer\">gu\u00eda sobre c\u00f3mo agregar cuentas regresivas a WordPress<\/a>.<\/p><\/div><div class=\"faq\" data-component=\"FAQ\"><div class=\"faq-item\">\r\n\t\t\t\t\t<div class=\"faq-item-question\">\r\n\t\t\t\t\t\t<h3 class=\"faq-item-question-text\">Los mejores ejemplos de uso de la integraci\u00f3n de temporizadores en l\u00ednea<\/h3>\r\n\r\n\t\t\t\t\t\t<div class=\"faq-item-question-icon\"><\/div>\r\n\t\t\t\t\t<\/div>\r\n\r\n\t\t\t\t\t<div class=\"faq-item-answer\">\r\n\t\t\t\t\t\t<div class=\"faq-item-answer-text\"><p>Ofrecemos una multitud de opciones de personalizaci\u00f3n: widgets a escala completa para agregar en la secci\u00f3n de contenido, plugins flotantes con funci\u00f3n de desplazamiento, dise\u00f1os para el pie de p\u00e1gina, la secci\u00f3n de encabezado y todo tipo de opciones verticales para las barras laterales y men\u00fas del sitio web. As\u00ed, puedes usar el plugin de cuenta regresiva para ofertas especiales, anuncios de nuevos productos, invitaciones a conferencias y webinars, etc. Puedes aumentar r\u00e1pidamente las ventas de una categor\u00eda espec\u00edfica de productos o servicios destac\u00e1ndola con este plugin vers\u00e1til.<\/p><\/div>\r\n\t\t\t\t\t<\/div>\r\n\t\t\t\t<\/div><div class=\"faq-item\">\r\n\t\t\t\t\t<div class=\"faq-item-question\">\r\n\t\t\t\t\t\t<h3 class=\"faq-item-question-text\">\u00bfPuedo ver c\u00f3mo se ver\u00e1 el widget en mi sitio?<\/h3>\r\n\r\n\t\t\t\t\t\t<div class=\"faq-item-question-icon\"><\/div>\r\n\t\t\t\t\t<\/div>\r\n\r\n\t\t\t\t\t<div class=\"faq-item-answer\">\r\n\t\t\t\t\t\t<div class=\"faq-item-answer-text\"><p>\u00a1Por supuesto! Al crear el plugin de Temporizador para WordPress en el <a href=\"https:\/\/elfsight.com\/countdown-timer-widget\/#demo\">editor en l\u00ednea<\/a>, podr\u00e1s ver todas las configuraciones en la parte derecha en tiempo real. Tu Temporizador ser\u00e1 id\u00e9ntico al que agregar\u00e1s en tu sitio de WordPress.<\/p><\/div>\r\n\t\t\t\t\t<\/div>\r\n\t\t\t\t<\/div><div class=\"faq-item\">\r\n\t\t\t\t\t<div class=\"faq-item-question\">\r\n\t\t\t\t\t\t<h3 class=\"faq-item-question-text\">\u00bfPuedo crear un temporizador perpetuo o un contador de stock mediante el editor?<\/h3>\r\n\r\n\t\t\t\t\t\t<div class=\"faq-item-question-icon\"><\/div>\r\n\t\t\t\t\t<\/div>\r\n\r\n\t\t\t\t\t<div class=\"faq-item-answer\">\r\n\t\t\t\t\t\t<div class=\"faq-item-answer-text\"><p>Puedes crear cualquier modificaci\u00f3n del widget. Hay una amplia gama de dise\u00f1os disponibles en el editor, y todos ellos se pueden personalizar f\u00e1cilmente seg\u00fan lo que necesites. <\/p><\/div>\r\n\t\t\t\t\t<\/div>\r\n\t\t\t\t<\/div><div class=\"faq-item\">\r\n\t\t\t\t\t<div class=\"faq-item-question\">\r\n\t\t\t\t\t\t<h3 class=\"faq-item-question-text\">\u00bfQu\u00e9 otros widgets son imprescindibles para un sitio de WordPress?<\/h3>\r\n\r\n\t\t\t\t\t\t<div class=\"faq-item-question-icon\"><\/div>\r\n\t\t\t\t\t<\/div>\r\n\r\n\t\t\t\t\t<div class=\"faq-item-answer\">\r\n\t\t\t\t\t\t<div class=\"faq-item-answer-text\"><p>WordPress es un CMS \u00fatil para empresarios que poseen cualquier tipo de sitio web, desde blogs hasta tiendas en l\u00ednea. Para hacer que tu sitio de WordPress sea a\u00fan m\u00e1s funcional, necesitar\u00e1s herramientas din\u00e1micas llamadas plugins, y puedes encontrar toneladas de ellos en Elfsight.<\/p><p>Por ejemplo, con WhatsApp Chat y Facebook Chat puedes facilitar el contacto con el servicio de atenci\u00f3n al cliente, compartir testimonios con Google Reviews y Testimonials Slider, insertar videos con la ayuda del widget de YouTube Gallery, y mucho m\u00e1s. Seguramente encontrar\u00e1s exactamente lo que necesitas, \u00a1solo explora el sitio!<\/p><\/div>\r\n\t\t\t\t\t<\/div>\r\n\t\t\t\t<\/div><\/div>","protected":false},"excerpt":{"rendered":"","protected":false},"author":13,"featured_media":0,"parent":1357,"menu_order":0,"comment_status":"closed","ping_status":"closed","template":"templates\/template-application-platform.php","meta":{"publish_to_discourse":"","publish_post_category":"","wpdc_auto_publish_overridden":"","wpdc_topic_tags":"","wpdc_pin_topic":"","wpdc_pin_until":"","discourse_post_id":"","discourse_permalink":"","wpdc_publishing_response":"","wpdc_publishing_error":"","footnotes":""},"class_list":["post-2606","page","type-page","status-publish","hentry"],"yoast_head":"<!-- This site is optimized with the Yoast SEO plugin v25.3.1 - https:\/\/yoast.com\/wordpress\/plugins\/seo\/ -->\n<title>El mejor plugin de cuenta regresiva de WordPress para sitio web (2025)<\/title>\n<meta name=\"description\" content=\"A\u00f1ade un responsivo de Cuenta Regresiva en su WordPress de sitio web. Pruebe la demo f\u00e1cil de usar y cree su plugin personalizado.\" \/>\n<meta name=\"robots\" content=\"index, follow, max-snippet:-1, max-image-preview:large, max-video-preview:-1\" \/>\n<link rel=\"canonical\" href=\"https:\/\/elfsight.com\/es\/countdown-timer-widget\/wordpress\/\" \/>\n<meta property=\"og:locale\" content=\"es_ES\" \/>\n<meta property=\"og:type\" content=\"article\" \/>\n<meta property=\"og:title\" content=\"El mejor plugin de cuenta regresiva de WordPress para sitio web (2025)\" \/>\n<meta property=\"og:description\" content=\"A\u00f1ade un responsivo de Cuenta Regresiva en su WordPress de sitio web. Pruebe la demo f\u00e1cil de usar y cree su plugin personalizado.\" \/>\n<meta property=\"og:url\" content=\"https:\/\/elfsight.com\/es\/countdown-timer-widget\/wordpress\/\" \/>\n<meta property=\"og:site_name\" content=\"Elfsight ES\" \/>\n<meta property=\"article:modified_time\" content=\"2025-02-06T15:28:12+00:00\" \/>\n<meta name=\"twitter:card\" content=\"summary_large_image\" \/>\n<meta name=\"twitter:label1\" content=\"Tiempo de lectura\" \/>\n\t<meta name=\"twitter:data1\" content=\"4 minutos\" \/>\n<!-- \/ Yoast SEO plugin. -->","yoast_head_json":{"title":"El mejor plugin de cuenta regresiva de WordPress para sitio web (2025)","description":"A\u00f1ade un responsivo de Cuenta Regresiva en su WordPress de sitio web. Pruebe la demo f\u00e1cil de usar y cree su plugin personalizado.","robots":{"index":"index","follow":"follow","max-snippet":"max-snippet:-1","max-image-preview":"max-image-preview:large","max-video-preview":"max-video-preview:-1"},"canonical":"https:\/\/elfsight.com\/es\/countdown-timer-widget\/wordpress\/","og_locale":"es_ES","og_type":"article","og_title":"El mejor plugin de cuenta regresiva de WordPress para sitio web (2025)","og_description":"A\u00f1ade un responsivo de Cuenta Regresiva en su WordPress de sitio web. Pruebe la demo f\u00e1cil de usar y cree su plugin personalizado.","og_url":"https:\/\/elfsight.com\/es\/countdown-timer-widget\/wordpress\/","og_site_name":"Elfsight ES","article_modified_time":"2025-02-06T15:28:12+00:00","twitter_card":"summary_large_image","twitter_misc":{"Tiempo de lectura":"4 minutos"},"schema":{"@context":"https:\/\/schema.org","@graph":[{"@type":"WebPage","@id":"https:\/\/elfsight.com\/es\/countdown-timer-widget\/wordpress\/","url":"https:\/\/elfsight.com\/es\/countdown-timer-widget\/wordpress\/","name":"El mejor plugin de cuenta regresiva de WordPress para sitio web (2025)","isPartOf":{"@id":"https:\/\/elfsight.com\/es\/#website"},"datePublished":"2021-11-03T11:41:48+00:00","dateModified":"2025-02-06T15:28:12+00:00","description":"A\u00f1ade un responsivo de Cuenta Regresiva en su WordPress de sitio web. Pruebe la demo f\u00e1cil de usar y cree su plugin personalizado.","breadcrumb":{"@id":"https:\/\/elfsight.com\/es\/countdown-timer-widget\/wordpress\/#breadcrumb"},"inLanguage":"es","potentialAction":[{"@type":"ReadAction","target":["https:\/\/elfsight.com\/es\/countdown-timer-widget\/wordpress\/"]}]},{"@type":"BreadcrumbList","@id":"https:\/\/elfsight.com\/es\/countdown-timer-widget\/wordpress\/#breadcrumb","itemListElement":[{"@type":"ListItem","position":1,"name":"Home","item":"https:\/\/elfsight.com\/es\/"},{"@type":"ListItem","position":2,"name":"Countdown Timer","item":"https:\/\/elfsight.com\/es\/countdown-timer-widget\/"},{"@type":"ListItem","position":3,"name":"Countdown Timer &#8211; WordPress"}]},{"@type":"WebSite","@id":"https:\/\/elfsight.com\/es\/#website","url":"https:\/\/elfsight.com\/es\/","name":"Elfsight ES","description":"Just another Elfsight Sites site","potentialAction":[{"@type":"SearchAction","target":{"@type":"EntryPoint","urlTemplate":"https:\/\/elfsight.com\/es\/?s={search_term_string}"},"query-input":{"@type":"PropertyValueSpecification","valueRequired":true,"valueName":"search_term_string"}}],"inLanguage":"es"}]}},"meta_box":{"industry":"","seo_heading":"","heading":"","description":"","cta_heading":"","cta_description":"","application":"1356","h1":"Complemento de Cuenta Regresiva de WordPress","h1_caption":"Dise\u00f1e temporizadores y contadores de tiempo para incentivar sus ventas mediante ofertas de tiempo limitado.","application_category":[],"applications_title":"","applications_request_title":"","applications_request_button_text":"","hero_text":"","hero_video":"","hero_video_schema_markup":"","selling_points_title":"","selling_points_caption":"","selling_points":[],"selling_points_cta_text":"","features_title":"","features":"","ed_cta_examples_text":"","ed_cta_examples_hidden":"","ed_cta_demo_text":"","ed_cta_demo_hidden":"","why_caption":"","why_editor_title":"","why_editor_text":"","why_team_title":"","why_team_text":"","why_service_title":"","why_service_text":"","template_catalog_visible":"0","template_catalog_title":"","template_catalog_text":"","template_catalog_categories_visible":"","demo_title":"Crea tu complemento de temporizador de cuenta regresiva","demo_caption":"\u00a1Configure su temporizador de cuenta regresiva y agr\u00e9guelo a su sitio web de WordPress gratis!","default_faq_hidden":"","app_template_category":[],"platform":"115","template_public_id":"","codecanyon_url":"","codecanyon_item_id":"","codecanyon_price":"","pricing_caption":"","pricing_elfsight_apps_hide_column":"","pricing_elfsight_apps_url":"","pricing_codecanyon_price_caption":"","integration_category":[],"integration_request_title":"","integration_request_cta":"","integration_platform":"","integrations":[],"platform_category":[],"video_schema_markup":"","price":"desde $0 por mes","trial":"","benefits":[{"text":"Instalaci\u00f3n gratuita"},{"text":"Soporte Premium"},{"text":"14 d\u00edas garant\u00eda de reembolso"},{"text":"Actualizaciones regulares"}],"button_url":"#demo","button_target_blank":"0","button_nofollow":"0","attributes":[{"name":"Responsivo","content":"Si","_state":"expanded"},{"name":"Navegadores compatibles","content":"Firefox, Safari, Opera, Chrome, Edge","_state":"expanded"}],"tags":[],"tags_disable_links":"0","hide_more_platforms":"","video_object":"{\r\n  \"@context\": \"http:\/\/schema.org\",\r\n  \"@type\": \"VideoObject\",\r\n  \"name\": \"How to Add Countdown Timer to WordPress (2021)\",\r\n  \"description\": \"Create a unique Countdown Timer plugin for WordPress for free. An uncomplicated and fast process of installation without expertise in coding in just 2 min.\",\r\n  \"thumbnailUrl\": \"https:\/\/i.ytimg.com\/vi\/kFaIhESkxWA\/default.jpg\",\r\n  \"uploadDate\": \"2019-06-14T08:58:36.000Z\",\r\n  \"duration\": \"PT2M21S\",\r\n  \"embedUrl\": \"https:\/\/www.youtube.com\/embed\/kFaIhESkxWA\",\r\n  \"interactionCount\": \"3484\"\r\n}","demo_hide_cta":"0","demo_hide_cloud_options":"0","pricing_title":"","pricing":[{"pricing_icon":"platform","pricing_title":"Elfsight Apps","pricing_title_caption":"Soluci\u00f3n multiplataforma - valido para cualquier p\u00e1gina web","pricing_price":"desde $0 por mes","pricing_price_caption":"empezar con un plan gratuito","pricing_benefits":[{"text":"Sitios web ilimitados"},{"text":"Atenci\u00f3n al cliente gratuita y r\u00e1pida"},{"text":"Servicio de instalaci\u00f3n gratuito"},{"text":"Totalmente personalizable"}],"pricing_button_text":" Agregar al sitio web","pricing_button_url":"#demo","_state":"expanded"}],"related_apps_title":"","related_apps_hidden":"1","author":"","image":[],"title":"","job":"","social_networks":[]},"_links":{"self":[{"href":"https:\/\/elfsight.com\/es\/wp-json\/wp\/v2\/pages\/2606","targetHints":{"allow":["GET"]}}],"collection":[{"href":"https:\/\/elfsight.com\/es\/wp-json\/wp\/v2\/pages"}],"about":[{"href":"https:\/\/elfsight.com\/es\/wp-json\/wp\/v2\/types\/page"}],"author":[{"embeddable":true,"href":"https:\/\/elfsight.com\/es\/wp-json\/wp\/v2\/users\/13"}],"replies":[{"embeddable":true,"href":"https:\/\/elfsight.com\/es\/wp-json\/wp\/v2\/comments?post=2606"}],"version-history":[{"count":8,"href":"https:\/\/elfsight.com\/es\/wp-json\/wp\/v2\/pages\/2606\/revisions"}],"predecessor-version":[{"id":18336,"href":"https:\/\/elfsight.com\/es\/wp-json\/wp\/v2\/pages\/2606\/revisions\/18336"}],"up":[{"embeddable":true,"href":"https:\/\/elfsight.com\/es\/wp-json\/wp\/v2\/pages\/1357"}],"wp:attachment":[{"href":"https:\/\/elfsight.com\/es\/wp-json\/wp\/v2\/media?parent=2606"}],"curies":[{"name":"wp","href":"https:\/\/api.w.org\/{rel}","templated":true}]}}