{"id":2603,"date":"2021-11-03T10:46:40","date_gmt":"2021-11-03T10:46:40","guid":{"rendered":"https:\/\/elfsight.com\/es\/?page_id=2603"},"modified":"2025-02-06T15:28:20","modified_gmt":"2025-02-06T15:28:20","slug":"wordpress","status":"publish","type":"page","link":"https:\/\/elfsight.com\/es\/all-in-one-reviews-widget\/wordpress\/","title":{"rendered":"All-in-One Reviews &#8211; WordPress"},"content":{"rendered":"<div class=\"application-platform-content-item-description application-platform-content-item\" id=\"description\" data-nav-section=\"description\"> <h2>Incorpore rese\u00f1as todo en uno en WordPress con el widget Elfsight<\/h2> <p>Elfsight All-in-One Reviews es un complemento \u00fatil para WordPress que le brinda la posibilidad de mostrar todos los testimonios sobre su empresa directamente en su sitio web desde todas las plataformas de rese\u00f1as comerciales conocidas. Al utilizar nuestra herramienta, podr\u00e1 utilizar filtros para ocultar los comentarios no deseados, demostrar su calificaci\u00f3n y calificaci\u00f3n num\u00e9rica de su cuenta en cualquier sitio web de rese\u00f1as, agregar informaci\u00f3n sobre los creadores de las rese\u00f1as y agregar un fascinante bot\u00f3n de llamado a la acci\u00f3n que motivar\u00e1 a los visitantes del sitio a publicar una nueva rese\u00f1a. El widget Elfsight Reviews lo ayudar\u00e1 a presumir de su notable prueba social en la p\u00e1gina web y comenzar a realizar m\u00e1s compras nuevas. <\/p> <p><b>Aumente las ventas mostrando su valoraci\u00f3n excepcional<\/b><\/p> <\/div> <div class=\"application-platform-content-item-features application-platform-content-item\" id=\"features\" data-nav-section=\"features\"> <h2>El widget ofrece funciones pr\u00e1cticas y sencillas, estas son algunas de ellas: <\/h2> <ul><li>Una opci\u00f3n para activar\/desactivar el encabezado del complemento<\/li><li>Una opci\u00f3n para mostrar el bot\u00f3n de solicitud para atraer usuarios a su p\u00e1gina<\/li><li>Un estilo notable est\u00e1 a un clic de distancia<\/li><li>Componentes de la interfaz que se pueden pintar<\/li><li>Detalles m\u00e1ximos para generar confianza<\/li><\/ul><p><a href=\"#demo\">Puedes sentir c\u00f3mo funciona el widget probando la demostraci\u00f3n<\/a><\/p> <\/div> <div class=\"application-platform-content-item-installation application-platform-content-item\" id=\"installation\" data-nav-section=\"installation\"> <h2>\u00bfC\u00f3mo puedo incrustar? \u00bfRese\u00f1as todo en uno en mi sitio de WordPress? <\/h2> <p>Simplemente siga las instrucciones a continuaci\u00f3n para comenzar a trabajar con la herramienta. <\/p> <ol><li><b>Utilice nuestro editor gratuito y comience a crear su complemento exclusivo. <\/b><br> Determine la interfaz preferible y el rendimiento del complemento y guarde todas las modificaciones. <\/li> <li><b>Copia tu c\u00f3digo \u00fanico que aparece en el formulario especial en Elfsight Apps. <\/b><br> Una vez finalizada la configuraci\u00f3n de su complemento, copie el c\u00f3digo personal en el cuadro que aparece y gu\u00e1rdelo para futuras ocasiones. <\/li> <li><b>Comience a utilizar el complemento en el sitio web de WordPress. <\/b><br> Introduce el c\u00f3digo copiado recientemente en tu sitio web y guarda las correcciones. <\/li> <li><b>La configuraci\u00f3n ha finalizado por completo. <\/b><br> Vaya a su p\u00e1gina web para examinar el rendimiento del complemento. <\/li><\/ol><p>En caso de que tenga algunas dificultades, no dude en ponerse en contacto con nuestro equipo de soporte. Nuestros especialistas est\u00e1n deseando resolver todas las dudas que puedas tener con la herramienta. <\/p> <div class=\"faq\" data-component=\"FAQ\"> <div class=\"faq-item\">\r\n\t\t\t\t\t<div class=\"faq-item-question\">\r\n\t\t\t\t\t\t<h3 class=\"faq-item-question-text\">\u00bfC\u00f3mo puedo agregar Rese\u00f1as todo en uno a mi sitio web de WordPress sin conocimientos de codificaci\u00f3n?<\/h3>\r\n\r\n\t\t\t\t\t\t<div class=\"faq-item-question-icon\"><\/div>\r\n\t\t\t\t\t<\/div>\r\n\r\n\t\t\t\t\t<div class=\"faq-item-answer\">\r\n\t\t\t\t\t\t<div class=\"faq-item-answer-text\"> <p>Elfsight proporciona una soluci\u00f3n SaaS que le permite crear usted mismo un widget de Rese\u00f1as todo en uno. Vea lo f\u00e1cil que es el proceso: trabaje directamente en el Editor en l\u00ednea para crear un widget de Rese\u00f1as todo en uno que le gustar\u00eda ver en su sitio web de WordPress. Elija una de las plantillas predise\u00f1adas y ajuste la configuraci\u00f3n de Rese\u00f1as todo en uno, agregue su contenido, cambie el dise\u00f1o y los colores sin conocimientos de codificaci\u00f3n. Guarde las rese\u00f1as todo en uno y copie su c\u00f3digo de instalaci\u00f3n, que puede agregar f\u00e1cilmente a su sitio web de WordPress sin necesidad de comprar una suscripci\u00f3n paga. Con nuestro editor intuitivo, cualquier usuario de Internet puede crear un widget de rese\u00f1as todo en uno en l\u00ednea e incrustarlo f\u00e1cilmente en su sitio web de WordPress. No es necesario pagar ni ingresar las credenciales de su tarjeta para acceder al servicio. Si tiene alg\u00fan problema en cualquier paso, no dude en ponerse en contacto con nuestro equipo de soporte t\u00e9cnico.<\/p> <\/div>\r\n\t\t\t\t\t<\/div>\r\n\t\t\t\t<\/div> <\/div> <\/div>","protected":false},"excerpt":{"rendered":"","protected":false},"author":13,"featured_media":0,"parent":394,"menu_order":0,"comment_status":"closed","ping_status":"closed","template":"templates\/template-application-platform.php","meta":{"publish_to_discourse":"","publish_post_category":"","wpdc_auto_publish_overridden":"","wpdc_topic_tags":"","wpdc_pin_topic":"","wpdc_pin_until":"","discourse_post_id":"","discourse_permalink":"","wpdc_publishing_response":"","wpdc_publishing_error":"","footnotes":""},"class_list":["post-2603","page","type-page","status-publish","hentry"],"yoast_head":"<!-- This site is optimized with the Yoast SEO plugin v25.3.1 - https:\/\/yoast.com\/wordpress\/plugins\/seo\/ -->\n<title>Agregue Rese\u00f1as Todo en Uno receptivo a su sitio web de WordPress<\/title>\n<meta name=\"description\" content=\"A\u00f1ade plugin de Rese\u00f1as en su WordPress de p\u00e1gina web. Pruebe la demo de Elfsight f\u00e1cil de usar y genere su plugin personalizado f\u00e1cilmente.\" \/>\n<meta name=\"robots\" content=\"index, follow, max-snippet:-1, max-image-preview:large, max-video-preview:-1\" \/>\n<link rel=\"canonical\" href=\"https:\/\/elfsight.com\/es\/all-in-one-reviews-widget\/wordpress\/\" \/>\n<meta property=\"og:locale\" content=\"es_ES\" \/>\n<meta property=\"og:type\" content=\"article\" \/>\n<meta property=\"og:title\" content=\"Agregue Rese\u00f1as Todo en Uno receptivo a su sitio web de WordPress\" \/>\n<meta property=\"og:description\" content=\"A\u00f1ade plugin de Rese\u00f1as en su WordPress de p\u00e1gina web. Pruebe la demo de Elfsight f\u00e1cil de usar y genere su plugin personalizado f\u00e1cilmente.\" \/>\n<meta property=\"og:url\" content=\"https:\/\/elfsight.com\/es\/all-in-one-reviews-widget\/wordpress\/\" \/>\n<meta property=\"og:site_name\" content=\"Elfsight ES\" \/>\n<meta property=\"article:modified_time\" content=\"2025-02-06T15:28:20+00:00\" \/>\n<meta name=\"twitter:card\" content=\"summary_large_image\" \/>\n<meta name=\"twitter:label1\" content=\"Tiempo de lectura\" \/>\n\t<meta name=\"twitter:data1\" content=\"2 minutos\" \/>\n<!-- \/ Yoast SEO plugin. -->","yoast_head_json":{"title":"Agregue Rese\u00f1as Todo en Uno receptivo a su sitio web de WordPress","description":"A\u00f1ade plugin de Rese\u00f1as en su WordPress de p\u00e1gina web. Pruebe la demo de Elfsight f\u00e1cil de usar y genere su plugin personalizado f\u00e1cilmente.","robots":{"index":"index","follow":"follow","max-snippet":"max-snippet:-1","max-image-preview":"max-image-preview:large","max-video-preview":"max-video-preview:-1"},"canonical":"https:\/\/elfsight.com\/es\/all-in-one-reviews-widget\/wordpress\/","og_locale":"es_ES","og_type":"article","og_title":"Agregue Rese\u00f1as Todo en Uno receptivo a su sitio web de WordPress","og_description":"A\u00f1ade plugin de Rese\u00f1as en su WordPress de p\u00e1gina web. Pruebe la demo de Elfsight f\u00e1cil de usar y genere su plugin personalizado f\u00e1cilmente.","og_url":"https:\/\/elfsight.com\/es\/all-in-one-reviews-widget\/wordpress\/","og_site_name":"Elfsight ES","article_modified_time":"2025-02-06T15:28:20+00:00","twitter_card":"summary_large_image","twitter_misc":{"Tiempo de lectura":"2 minutos"},"schema":{"@context":"https:\/\/schema.org","@graph":[{"@type":"WebPage","@id":"https:\/\/elfsight.com\/es\/all-in-one-reviews-widget\/wordpress\/","url":"https:\/\/elfsight.com\/es\/all-in-one-reviews-widget\/wordpress\/","name":"Agregue Rese\u00f1as Todo en Uno receptivo a su sitio web de WordPress","isPartOf":{"@id":"https:\/\/elfsight.com\/es\/#website"},"datePublished":"2021-11-03T10:46:40+00:00","dateModified":"2025-02-06T15:28:20+00:00","description":"A\u00f1ade plugin de Rese\u00f1as en su WordPress de p\u00e1gina web. Pruebe la demo de Elfsight f\u00e1cil de usar y genere su plugin personalizado f\u00e1cilmente.","breadcrumb":{"@id":"https:\/\/elfsight.com\/es\/all-in-one-reviews-widget\/wordpress\/#breadcrumb"},"inLanguage":"es","potentialAction":[{"@type":"ReadAction","target":["https:\/\/elfsight.com\/es\/all-in-one-reviews-widget\/wordpress\/"]}]},{"@type":"BreadcrumbList","@id":"https:\/\/elfsight.com\/es\/all-in-one-reviews-widget\/wordpress\/#breadcrumb","itemListElement":[{"@type":"ListItem","position":1,"name":"Home","item":"https:\/\/elfsight.com\/es\/"},{"@type":"ListItem","position":2,"name":"All-in-One Reviews","item":"https:\/\/elfsight.com\/es\/all-in-one-reviews-widget\/"},{"@type":"ListItem","position":3,"name":"All-in-One Reviews &#8211; WordPress"}]},{"@type":"WebSite","@id":"https:\/\/elfsight.com\/es\/#website","url":"https:\/\/elfsight.com\/es\/","name":"Elfsight ES","description":"Just another Elfsight Sites site","potentialAction":[{"@type":"SearchAction","target":{"@type":"EntryPoint","urlTemplate":"https:\/\/elfsight.com\/es\/?s={search_term_string}"},"query-input":{"@type":"PropertyValueSpecification","valueRequired":true,"valueName":"search_term_string"}}],"inLanguage":"es"}]}},"meta_box":{"industry":"","seo_heading":"","heading":"","description":"","cta_heading":"","cta_description":"","application":"393","h1":"Complemento de Rese\u00f1as de WordPress","h1_caption":"Muestre rese\u00f1as de Google, Facebook, Amazon, Yelp y de las m\u00e1s de 20 plataformas de rese\u00f1as en su sitio web.","application_category":[],"applications_title":"","applications_request_title":"","applications_request_button_text":"","hero_text":"","hero_video":"","hero_video_schema_markup":"","selling_points_title":"","selling_points_caption":"","selling_points":[],"selling_points_cta_text":"","features_title":"","features":"","ed_cta_examples_text":"","ed_cta_examples_hidden":"","ed_cta_demo_text":"","ed_cta_demo_hidden":"","why_caption":"","why_editor_title":"","why_editor_text":"","why_team_title":"","why_team_text":"","why_service_title":"","why_service_text":"","template_catalog_visible":"","template_catalog_title":"","template_catalog_text":"","template_catalog_categories_visible":"","demo_title":"Cree su complemento de rese\u00f1as todo en uno","demo_caption":"\u00a1Configure sus rese\u00f1as todo en uno y agr\u00e9guelas a su sitio web de WordPress de forma gratuita!","default_faq_hidden":"","app_template_category":[],"platform":"115","template_public_id":"","codecanyon_url":"","codecanyon_item_id":"","codecanyon_price":"","pricing_caption":"","pricing_elfsight_apps_hide_column":"","pricing_elfsight_apps_url":"","pricing_codecanyon_price_caption":"","integration_category":[],"integration_request_title":"","integration_request_cta":"","integration_platform":"","integrations":[],"platform_category":[],"video_schema_markup":"","price":"desde $0 por mes","trial":"","benefits":[{"text":"Instalaci\u00f3n gratuita"},{"text":"Soporte Premium"},{"text":"14 d\u00edas garant\u00eda de reembolso"},{"text":"Actualizaciones regulares"}],"button_url":"#demo","button_target_blank":"0","button_nofollow":"0","attributes":[{"name":"Responsivo","content":"Si","_state":"expanded"},{"name":"Navegadores compatibles","content":"Firefox, Safari, Opera, Chrome, Edge","_state":"expanded"}],"tags":[],"tags_disable_links":"0","hide_more_platforms":"","video_object":"","demo_hide_cta":"0","demo_hide_cloud_options":"0","pricing_title":"","pricing":[{"pricing_icon":"platform","pricing_title":"Elfsight Apps","pricing_title_caption":"Soluci\u00f3n multiplataforma - valido para cualquier p\u00e1gina web","pricing_price":"desde $0 por mes","pricing_price_caption":"empezar con un plan gratuito","pricing_benefits":[{"text":"Sitios web ilimitados"},{"text":"Atenci\u00f3n al cliente gratuita y r\u00e1pida"},{"text":"Servicio de instalaci\u00f3n gratuito"},{"text":"Totalmente personalizable"}],"pricing_button_text":"Agregar al sitio web","pricing_button_url":"#demo","_state":"expanded"}],"related_apps_title":"","related_apps_hidden":"1","author":"","image":[],"title":"","job":"","social_networks":[]},"_links":{"self":[{"href":"https:\/\/elfsight.com\/es\/wp-json\/wp\/v2\/pages\/2603","targetHints":{"allow":["GET"]}}],"collection":[{"href":"https:\/\/elfsight.com\/es\/wp-json\/wp\/v2\/pages"}],"about":[{"href":"https:\/\/elfsight.com\/es\/wp-json\/wp\/v2\/types\/page"}],"author":[{"embeddable":true,"href":"https:\/\/elfsight.com\/es\/wp-json\/wp\/v2\/users\/13"}],"replies":[{"embeddable":true,"href":"https:\/\/elfsight.com\/es\/wp-json\/wp\/v2\/comments?post=2603"}],"version-history":[{"count":4,"href":"https:\/\/elfsight.com\/es\/wp-json\/wp\/v2\/pages\/2603\/revisions"}],"predecessor-version":[{"id":18337,"href":"https:\/\/elfsight.com\/es\/wp-json\/wp\/v2\/pages\/2603\/revisions\/18337"}],"up":[{"embeddable":true,"href":"https:\/\/elfsight.com\/es\/wp-json\/wp\/v2\/pages\/394"}],"wp:attachment":[{"href":"https:\/\/elfsight.com\/es\/wp-json\/wp\/v2\/media?parent=2603"}],"curies":[{"name":"wp","href":"https:\/\/api.w.org\/{rel}","templated":true}]}}