{"id":2593,"date":"2021-11-03T08:42:39","date_gmt":"2021-11-03T08:42:39","guid":{"rendered":"https:\/\/elfsight.com\/es\/?page_id=2593"},"modified":"2026-01-29T12:42:47","modified_gmt":"2026-01-29T12:42:47","slug":"wordpress","status":"publish","type":"page","link":"https:\/\/elfsight.com\/es\/youtube-channel-plugin-yottie\/wordpress\/","title":{"rendered":"YouTube Gallery &#8211; WordPress"},"content":{"rendered":"<div class=\"application-platform-content-item-description application-platform-content-item\" id=\"description\" data-nav-section=\"description\"><h2>Incorpore la galer\u00eda de YouTube en WordPress con el widget Elfsight<\/h2><p>Una galer\u00eda multiprop\u00f3sito para YouTube, que permite agregar cualquier video en su sitio web. Elija los mejores canales y videoclips separados para recopilar su propia lista de reproducci\u00f3n y mostrarlos directamente en la p\u00e1gina usando el dise\u00f1o m\u00e1s adecuado (galer\u00eda de videos, portafolio, canal, video \u00fanico). Nuestro widget es totalmente adaptable a cualquier dispositivo y plataforma, tiene aproximadamente m\u00e1s de 100 par\u00e1metros de configuraci\u00f3n, plantillas flexibles y muchas otras ventajas que le ayudar\u00e1n a crear un sorprendente complemento de canal de Youtube para su sitio web de WordPress.<\/p><p><b>Cree una galer\u00eda de v\u00eddeos de YouTube personalizada para una mayor participaci\u00f3n de sus usuarios.<\/b><\/p><ul><li><b>Fortalezca la interacci\u00f3n con la audiencia de su sitio a trav\u00e9s de v\u00eddeos de YouTube<\/b><br>Entretenga a los clientes de su sitio web con contenido de v\u00eddeo sorprendente de YouTube y mant\u00e9ngalos m\u00e1s involucrados. que antes.<\/li><li><b>Atraiga m\u00e1s consultas con contenido de video<\/b><br>Inserte videos promocionales, reacciones, res\u00famenes, gu\u00edas y m\u00e1s para brindar a la audiencia informaci\u00f3n detallada sobre sus condiciones y convencerlos de realizar una transacci\u00f3n.<\/li><li><b>Fans principales de su cuenta de YouTube<\/b><br>Convierta a los usuarios del sitio en sus suscriptores en YouTube. Ofrezca una manera f\u00e1cil e instant\u00e1nea de ver videos y suscribirse directamente desde el recurso.<\/li><\/ul><\/div><div class=\"application-platform-content-item-features application-platform-content-item\" id=\"features\" data-nav-section=\"features\"><h2>Caracter\u00edsticas principales del widget de la Galer\u00eda de YouTube<\/h2><p>Las caracter\u00edsticas del complemento Elfsight, que lo convierten en la mejor herramienta para mostrar listas de reproducci\u00f3n y videos de YouTube en un sitio de WordPress:<\/p><ul><li>Ilimitado fuentes;<\/li><li>Tama\u00f1o del widget personalizable;<\/li><li>Encabezado intercambiable con tres dise\u00f1os predefinidos y elementos de encabezado personalizables (logotipo, banner, nombre del canal y otros);<\/li><li>5 esquemas de color integrados;<\/li><li>Opciones de personalizaci\u00f3n de contenido: columnas y filas, margen; direcci\u00f3n horizontal o vertical y mucho m\u00e1s;<\/li><li>Actualizaciones peri\u00f3dicas en vivo;<\/li><li>Soporte premium ante cualquier problema por parte de un equipo profesional.<\/li><\/ul><p><a href=\"#demo\">Consulte todas las funciones en el configurador gratuito de Elfsight<\/a><\/p><\/div><div class=\"application-platform-content-item-installation application-platform-content-item\" id=\"installation\" data-nav-section=\"installation\"><h2>C\u00f3mo incrustar el complemento de YouTube en WordPress sitio web?<\/h2><div class=\"video-container\">\n<iframe width=\"720\" height=\"405\" src=\"https:\/\/www.youtube.com\/embed\/4Tnv6cGnUPI?si=tqsjO2yi2bjjs_iN\" frameborder=\"0\" allowfullscreen=\"\"><\/iframe>\n<\/div><p>Siga estos sencillos pasos; no se requieren conocimientos de codificaci\u00f3n. El tiempo total de configuraci\u00f3n es de menos de 2 minutos.<\/p><ol><li><b>Abra nuestro editor gratuito y comience a crear su complemento personalizado.<\/b> <br>Elija la apariencia y las caracter\u00edsticas preferidas del widget y guarde los cambios.<\/li><li><b>Exponga su c\u00f3digo \u00fanico en la ventana de Elfsight Apps.<\/b> <br>Despu\u00e9s de la modificaci\u00f3n del widget, copie el c\u00f3digo en la ventana que aparece y gu\u00e1rdelo para una ocasi\u00f3n futura.<\/li><li><b>Comience a usar WordPress YouTube Galer\u00eda en el sitio web.<\/b> <br>Coloca el c\u00f3digo que guardaste recientemente en tu sitio web y aplica las mejoras.<\/li><li><b>\u00a1Listo! La instalaci\u00f3n se realiz\u00f3 exitosamente.<\/b> <br>Vaya a su sitio y observe c\u00f3mo funciona el widget.<\/li><\/ol><p>\u00bfTiene problemas para instalar o configurar el complemento de lista de reproducci\u00f3n de YouTube? Puede escribir al equipo de soporte de Elfsight si tiene alguna pregunta en cualquier momento del d\u00eda.<\/p><\/div><div class=\"faq\" data-component=\"FAQ\"><div class=\"faq-item\">\r\n\t\t\t\t\t<div class=\"faq-item-question\">\r\n\t\t\t\t\t\t<h3 class=\"faq-item-question-text\">\u00bfC\u00f3mo agrego una galer\u00eda de YouTube a WordPress? <\/h3>\r\n\r\n\t\t\t\t\t\t<div class=\"faq-item-question-icon\"><\/div>\r\n\t\t\t\t\t<\/div>\r\n\r\n\t\t\t\t\t<div class=\"faq-item-answer\">\r\n\t\t\t\t\t\t<div class=\"faq-item-answer-text\"><p>La creaci\u00f3n del widget se realiza dentro del sitio de Elfsight y no necesita aprender a codificar. Utilice la demostraci\u00f3n en l\u00ednea para ajustar su propio complemento, copie el c\u00f3digo e incrustelo en su sitio. <\/p><\/div>\r\n\t\t\t\t\t<\/div>\r\n\t\t\t\t<\/div><div class=\"faq-item\">\r\n\t\t\t\t\t<div class=\"faq-item-question\">\r\n\t\t\t\t\t\t<h3 class=\"faq-item-question-text\">Los mejores ejemplos de uso de la integraci\u00f3n de la Galer\u00eda de listas de reproducci\u00f3n de YouTube<\/h3>\r\n\r\n\t\t\t\t\t\t<div class=\"faq-item-question-icon\"><\/div>\r\n\t\t\t\t\t<\/div>\r\n\r\n\t\t\t\t\t<div class=\"faq-item-answer\">\r\n\t\t\t\t\t\t<div class=\"faq-item-answer-text\"><p>Ofrecemos una gran cantidad de opciones de ajuste: widgets completos para agregar al \u00e1rea de contenido, widgets flotantes para opciones de desplazamiento, miniaturas para el pie de p\u00e1gina, encabezado y todo tipo de posibilidades verticales para barras laterales y men\u00fas. <\/p><\/div>\r\n\t\t\t\t\t<\/div>\r\n\t\t\t\t<\/div><div class=\"faq-item\">\r\n\t\t\t\t\t<div class=\"faq-item-question\">\r\n\t\t\t\t\t\t<h3 class=\"faq-item-question-text\">\u00bfPuedo crear una lista o cuadr\u00edcula de v\u00eddeos mediante tu editor? <\/h3>\r\n\r\n\t\t\t\t\t\t<div class=\"faq-item-question-icon\"><\/div>\r\n\t\t\t\t\t<\/div>\r\n\r\n\t\t\t\t\t<div class=\"faq-item-answer\">\r\n\t\t\t\t\t\t<div class=\"faq-item-answer-text\"><p>Eres libre de crear las modificaciones de cualquier widget. Hay muchos dise\u00f1os a su disposici\u00f3n dentro del editor y todos ellos pueden personalizarse f\u00e1cilmente seg\u00fan sus necesidades. <\/p><\/div>\r\n\t\t\t\t\t<\/div>\r\n\t\t\t\t<\/div><\/div><p><\/p>","protected":false},"excerpt":{"rendered":"","protected":false},"author":13,"featured_media":0,"parent":1530,"menu_order":0,"comment_status":"closed","ping_status":"closed","template":"templates\/template-application-platform.php","meta":{"publish_to_discourse":"","publish_post_category":"","wpdc_auto_publish_overridden":"","wpdc_topic_tags":"","wpdc_pin_topic":"","wpdc_pin_until":"","discourse_post_id":"","discourse_permalink":"","wpdc_publishing_response":"","wpdc_publishing_error":"","footnotes":""},"class_list":["post-2593","page","type-page","status-publish","hentry"],"yoast_head":"<!-- This site is optimized with the Yoast SEO plugin v25.3.1 - https:\/\/yoast.com\/wordpress\/plugins\/seo\/ -->\n<title>YouTube plugib de WordPress: videos y canales de YouTube en WP sitio<\/title>\n<meta name=\"description\" content=\"A\u00f1ade un widget interactivo de Galer\u00eda de YouTube en WordPress. Use la demo de Elfsight manejable y genere su plugin \u00fanico en s\u00f3lo 2 minutos.\" \/>\n<meta name=\"robots\" content=\"index, follow, max-snippet:-1, max-image-preview:large, max-video-preview:-1\" \/>\n<link rel=\"canonical\" href=\"https:\/\/elfsight.com\/es\/youtube-channel-plugin-yottie\/wordpress\/\" \/>\n<meta property=\"og:locale\" content=\"es_ES\" \/>\n<meta property=\"og:type\" content=\"article\" \/>\n<meta property=\"og:title\" content=\"YouTube plugib de WordPress: videos y canales de YouTube en WP sitio\" \/>\n<meta property=\"og:description\" content=\"A\u00f1ade un widget interactivo de Galer\u00eda de YouTube en WordPress. Use la demo de Elfsight manejable y genere su plugin \u00fanico en s\u00f3lo 2 minutos.\" \/>\n<meta property=\"og:url\" content=\"https:\/\/elfsight.com\/es\/youtube-channel-plugin-yottie\/wordpress\/\" \/>\n<meta property=\"og:site_name\" content=\"Elfsight ES\" \/>\n<meta property=\"article:modified_time\" content=\"2026-01-29T12:42:47+00:00\" \/>\n<meta name=\"twitter:card\" content=\"summary_large_image\" \/>\n<meta name=\"twitter:label1\" content=\"Tiempo de lectura\" \/>\n\t<meta name=\"twitter:data1\" content=\"3 minutos\" \/>\n<!-- \/ Yoast SEO plugin. -->","yoast_head_json":{"title":"YouTube plugib de WordPress: videos y canales de YouTube en WP sitio","description":"A\u00f1ade un widget interactivo de Galer\u00eda de YouTube en WordPress. Use la demo de Elfsight manejable y genere su plugin \u00fanico en s\u00f3lo 2 minutos.","robots":{"index":"index","follow":"follow","max-snippet":"max-snippet:-1","max-image-preview":"max-image-preview:large","max-video-preview":"max-video-preview:-1"},"canonical":"https:\/\/elfsight.com\/es\/youtube-channel-plugin-yottie\/wordpress\/","og_locale":"es_ES","og_type":"article","og_title":"YouTube plugib de WordPress: videos y canales de YouTube en WP sitio","og_description":"A\u00f1ade un widget interactivo de Galer\u00eda de YouTube en WordPress. Use la demo de Elfsight manejable y genere su plugin \u00fanico en s\u00f3lo 2 minutos.","og_url":"https:\/\/elfsight.com\/es\/youtube-channel-plugin-yottie\/wordpress\/","og_site_name":"Elfsight ES","article_modified_time":"2026-01-29T12:42:47+00:00","twitter_card":"summary_large_image","twitter_misc":{"Tiempo de lectura":"3 minutos"},"schema":{"@context":"https:\/\/schema.org","@graph":[{"@type":"WebPage","@id":"https:\/\/elfsight.com\/es\/youtube-channel-plugin-yottie\/wordpress\/","url":"https:\/\/elfsight.com\/es\/youtube-channel-plugin-yottie\/wordpress\/","name":"YouTube plugib de WordPress: videos y canales de YouTube en WP sitio","isPartOf":{"@id":"https:\/\/elfsight.com\/es\/#website"},"datePublished":"2021-11-03T08:42:39+00:00","dateModified":"2026-01-29T12:42:47+00:00","description":"A\u00f1ade un widget interactivo de Galer\u00eda de YouTube en WordPress. Use la demo de Elfsight manejable y genere su plugin \u00fanico en s\u00f3lo 2 minutos.","breadcrumb":{"@id":"https:\/\/elfsight.com\/es\/youtube-channel-plugin-yottie\/wordpress\/#breadcrumb"},"inLanguage":"es","potentialAction":[{"@type":"ReadAction","target":["https:\/\/elfsight.com\/es\/youtube-channel-plugin-yottie\/wordpress\/"]}]},{"@type":"BreadcrumbList","@id":"https:\/\/elfsight.com\/es\/youtube-channel-plugin-yottie\/wordpress\/#breadcrumb","itemListElement":[{"@type":"ListItem","position":1,"name":"Home","item":"https:\/\/elfsight.com\/es\/"},{"@type":"ListItem","position":2,"name":"YouTube Gallery","item":"https:\/\/elfsight.com\/es\/youtube-channel-plugin-yottie\/"},{"@type":"ListItem","position":3,"name":"YouTube Gallery &#8211; WordPress"}]},{"@type":"WebSite","@id":"https:\/\/elfsight.com\/es\/#website","url":"https:\/\/elfsight.com\/es\/","name":"Elfsight ES","description":"Just another Elfsight Sites site","potentialAction":[{"@type":"SearchAction","target":{"@type":"EntryPoint","urlTemplate":"https:\/\/elfsight.com\/es\/?s={search_term_string}"},"query-input":{"@type":"PropertyValueSpecification","valueRequired":true,"valueName":"search_term_string"}}],"inLanguage":"es"}]}},"meta_box":{"industry":"","seo_heading":"","heading":"","description":"","cta_heading":"","cta_description":"","application":"1523","h1":"WordPress Galer\u00eda de YouTube","h1_caption":"Incruste una galer\u00eda de videos de YouTube para presentar contenido como tutoriales, testimonios o exhibiciones de productos en su sitio web en su sitio web de WordPress sin esfuerzo.","application_category":[],"applications_title":"","applications_request_title":"","applications_request_button_text":"","hero_text":"","hero_video":"","hero_video_schema_markup":"","selling_points_title":"","selling_points_caption":"","selling_points":[],"selling_points_cta_text":"","features_title":"","features":"","ed_cta_examples_text":"","ed_cta_examples_hidden":"","ed_cta_demo_text":"","ed_cta_demo_hidden":"","why_caption":"","why_editor_title":"","why_editor_text":"","why_team_title":"","why_team_text":"","why_service_title":"","why_service_text":"","template_catalog_visible":"0","template_catalog_title":"","template_catalog_text":"","template_catalog_categories_visible":"","demo_title":"Crea tu complemento de la galer\u00eda de YouTube","demo_caption":"\u00a1Configure su galer\u00eda de YouTube y agr\u00e9guela a su sitio web de SWordPress gratis!","default_faq_hidden":"","app_template_category":[],"platform":"115","template_public_id":"","codecanyon_url":"","codecanyon_item_id":"","codecanyon_price":"","pricing_caption":"","pricing_elfsight_apps_hide_column":"","pricing_elfsight_apps_url":"","pricing_codecanyon_price_caption":"","integration_category":[],"integration_request_title":"","integration_request_cta":"","integration_platform":"","integrations":[],"platform_category":[],"video_schema_markup":"","price":"desde $0 por mes","trial":"","benefits":[{"text":"Instalaci\u00f3n gratuita"},{"text":"Soporte Premium"},{"text":"14 d\u00edas garant\u00eda de reembolso"},{"text":"Actualizaciones regulares"}],"button_url":"#demo","button_target_blank":"0","button_nofollow":"0","attributes":[{"name":"Responsivo","content":"Si","_state":"expanded"},{"name":"Navegadores compatibles","content":"Firefox, Safari, Opera, Chrome, Edge","_state":"expanded"}],"tags":[],"tags_disable_links":"0","hide_more_platforms":"0","video_object":"{\r\n  \"@context\": \"http:\/\/schema.org\",\r\n  \"@type\": \"VideoObject\",\r\n  \"name\": \"How to Add YouTube Gallery to WordPress (2021)\",\r\n  \"description\": \"Create YouTube Video Gallery for your WordPress! Check the free Elfsight editor to embed YouTube playlist and channel on your website.\",\r\n  \"thumbnailUrl\": \"https:\/\/i.ytimg.com\/vi\/g2qm5IYf7R0\/default.jpg\",\r\n  \"uploadDate\": \"2020-01-31T12:44:28Z\",\r\n  \"duration\": \"PT2M23S\",\r\n  \"embedUrl\": \"https:\/\/www.youtube.com\/embed\/g2qm5IYf7R0\",\r\n  \"interactionCount\": \"1409\"\r\n}","demo_hide_cta":"0","demo_hide_cloud_options":"0","pricing_title":"","pricing":[{"pricing_icon":"platform","pricing_title":"Elfsight Apps","pricing_title_caption":"Soluci\u00f3n multiplataforma - valido para cualquier p\u00e1gina web","pricing_price":"desde $0 por mes","pricing_price_caption":"empezar con un plan gratuito","pricing_benefits":[{"text":"Sitios web ilimitados"},{"text":"Atenci\u00f3n al cliente gratuita y r\u00e1pida"},{"text":"Servicio de instalaci\u00f3n gratuito"},{"text":"Totalmente personalizable"}],"pricing_button_text":"Agregar al sitio web","pricing_button_url":"#demo","_state":"expanded"}],"related_apps_title":"","related_apps_hidden":"1","author":"","image":[],"title":"","job":"","social_networks":[]},"_links":{"self":[{"href":"https:\/\/elfsight.com\/es\/wp-json\/wp\/v2\/pages\/2593","targetHints":{"allow":["GET"]}}],"collection":[{"href":"https:\/\/elfsight.com\/es\/wp-json\/wp\/v2\/pages"}],"about":[{"href":"https:\/\/elfsight.com\/es\/wp-json\/wp\/v2\/types\/page"}],"author":[{"embeddable":true,"href":"https:\/\/elfsight.com\/es\/wp-json\/wp\/v2\/users\/13"}],"replies":[{"embeddable":true,"href":"https:\/\/elfsight.com\/es\/wp-json\/wp\/v2\/comments?post=2593"}],"version-history":[{"count":7,"href":"https:\/\/elfsight.com\/es\/wp-json\/wp\/v2\/pages\/2593\/revisions"}],"predecessor-version":[{"id":20051,"href":"https:\/\/elfsight.com\/es\/wp-json\/wp\/v2\/pages\/2593\/revisions\/20051"}],"up":[{"embeddable":true,"href":"https:\/\/elfsight.com\/es\/wp-json\/wp\/v2\/pages\/1530"}],"wp:attachment":[{"href":"https:\/\/elfsight.com\/es\/wp-json\/wp\/v2\/media?parent=2593"}],"curies":[{"name":"wp","href":"https:\/\/api.w.org\/{rel}","templated":true}]}}