{"id":2589,"date":"2021-11-03T08:04:13","date_gmt":"2021-11-03T08:04:13","guid":{"rendered":"https:\/\/elfsight.com\/es\/?page_id=2589"},"modified":"2025-02-06T15:28:20","modified_gmt":"2025-02-06T15:28:20","slug":"wordpress","status":"publish","type":"page","link":"https:\/\/elfsight.com\/es\/google-reviews-widget\/wordpress\/","title":{"rendered":"Google Reviews &#8211; WordPress"},"content":{"rendered":"<div class=\"application-platform-content-item-description application-platform-content-item\" id=\"description\" data-nav-section=\"description\"> <h2>Incrusta rese\u00f1as de Google con el plugin de Elfsight<\/h2> <p>Si deseas mostrar tu apreciaci\u00f3n entre los usuarios y convencer a los visitantes de tu sitio web de que tus ofertas valen la pena, Elfsight Reviews es ideal para ti. Con la ayuda de nuestro plugin, puedes incrustar rese\u00f1as de clientes de Google en tu sitio web con detalles sobre tus autores, utilizar filtros para mostrar solo las positivas, mostrar calificaciones y un bot\u00f3n de solicitud de rese\u00f1a, que llevar\u00e1 a los usuarios a tu cuenta de Google, para que puedan dejar su testimonio.<\/p><div class=\"faq\" data-component=\"FAQ\"> <div class=\"faq-item\">\r\n\t\t\t\t\t<div class=\"faq-item-question\">\r\n\t\t\t\t\t\t<h3 class=\"faq-item-question-text\">\u00bfQu\u00e9 otros widgets para WordPress tienes para ofrecer? <\/h3>\r\n\r\n\t\t\t\t\t\t<div class=\"faq-item-question-icon\"><\/div>\r\n\t\t\t\t\t<\/div>\r\n\r\n\t\t\t\t\t<div class=\"faq-item-answer\">\r\n\t\t\t\t\t\t<div class=\"faq-item-answer-text\"> <p>Podemos ofrecerte una gran variedad de plugins y widgets para que logres cualquier tipo de objetivo en tu sitio. M\u00edralos aqu\u00ed: <a href=\"https:\/\/elfsight.com\/whatsapp-chat-widget\/wordpress\/\">Chat de WhatsApp<\/a>, <a href=\"https:\/\/elfsight.com\/facebook-chat-widget\/wordpress\/\">Chat de Facebook<\/a>, <a href=\"https:\/\/elfsight.com\/testimonials-slider-widget\/wordpress\/\">Control deslizante de testimonios<\/a>, <a href=\"https:\/\/elfsight.com\/youtube-channel-plugin-yottie\/wordpress\/\">Galer\u00eda de YouTube<\/a>.<\/p> <\/div>\r\n\t\t\t\t\t<\/div>\r\n\t\t\t\t<\/div> <div class=\"faq-item\">\r\n\t\t\t\t\t<div class=\"faq-item-question\">\r\n\t\t\t\t\t\t<h3 class=\"faq-item-question-text\">\u00bfC\u00f3mo puede el plugin de rese\u00f1as de Google mejorar el rendimiento de mi sitio?<\/h3>\r\n\r\n\t\t\t\t\t\t<div class=\"faq-item-question-icon\"><\/div>\r\n\t\t\t\t\t<\/div>\r\n\r\n\t\t\t\t\t<div class=\"faq-item-answer\">\r\n\t\t\t\t\t\t<div class=\"faq-item-answer-text\"> <p>Cuando agregas Rese\u00f1as de Google a WordPress, obtienes muchos beneficios. Aqu\u00ed est\u00e1n los principales:<\/p><ul><li><p><strong>Una buena calificaci\u00f3n aumenta las conversiones<\/strong><br>El 77% de los posibles compradores \u2018siempre\u2019 o \u2018con regularidad\u2019 leen testimonios cuando buscan nuevos productos y servicios.<\/p><\/li><li><p><strong>Las rese\u00f1as agregan contenido relevante a tu sitio web<\/strong><br>Los testimonios contienen palabras claves adecuadas que describen tu negocio. El motor de b\u00fasqueda los considera parte del texto de tu sitio web.<\/p><\/li><li><p><strong>Los fragmentos de rese\u00f1as aumentan la tasa de clics en los resultados de b\u00fasqueda<\/strong><br>El complemento de WordPress para rese\u00f1as de Google genera autom\u00e1ticamente un fragmento enriquecido para tu calificaci\u00f3n destacada. As\u00ed, las personas ver\u00e1n un enlace mejorado en Google y es m\u00e1s probable que hagan clic en \u00e9l.<\/p><\/li><\/ul><\/div>\r\n\t\t\t\t\t<\/div>\r\n\t\t\t\t<\/div> <div class=\"faq-item\">\r\n\t\t\t\t\t<div class=\"faq-item-question\">\r\n\t\t\t\t\t\t<h3 class=\"faq-item-question-text\">\u00bfC\u00f3mo puedo incrustar el plugin de rese\u00f1as de Google en mi sitio web de WordPress?<\/h3>\r\n\r\n\t\t\t\t\t\t<div class=\"faq-item-question-icon\"><\/div>\r\n\t\t\t\t\t<\/div>\r\n\r\n\t\t\t\t\t<div class=\"faq-item-answer\">\r\n\t\t\t\t\t\t<div class=\"faq-item-answer-text\"> <p>Puedes agregar el plugin de rese\u00f1as de Google en tu sitio web de WordPress sin mucho esfuerzo. Simplemente abre el panel de administraci\u00f3n y realiza las siguientes acciones: <\/p><ol><li>Haz clic en la configuraci\u00f3n del tema. <\/li><li>Elige el elemento donde deseas implementar tu complemento de WordPress. <\/li><li>Incrusta tu c\u00f3digo desde Elfsight Apps y aplica los ajustes. <\/li><li>Listo. <\/li><\/ol><p>Recuerda que si necesitas m\u00e1s informaci\u00f3n sobre c\u00f3mo funciona el widget para WordPress, puedes visitar <a href=\"https:\/\/elfsight.com\/tutorials\/how-to-add-google-reviews-to-any-website-full-guide\/#google-reviews-wordpress\">esta p\u00e1gina<\/a>.<\/p><\/div>\r\n\t\t\t\t\t<\/div>\r\n\t\t\t\t<\/div> <div class=\"faq-item\">\r\n\t\t\t\t\t<div class=\"faq-item-question\">\r\n\t\t\t\t\t\t<h3 class=\"faq-item-question-text\">\u00bfPuedo probar su plugin de rese\u00f1as de Google para \u00bfWordPress en uso?<\/h3>\r\n\r\n\t\t\t\t\t\t<div class=\"faq-item-question-icon\"><\/div>\r\n\t\t\t\t\t<\/div>\r\n\r\n\t\t\t\t\t<div class=\"faq-item-answer\">\r\n\t\t\t\t\t\t<div class=\"faq-item-answer-text\"> <p>\u00a1Claro! Te invitamos a probar el plugin de rese\u00f1as de Google en nuestra <a href=\"https:\/\/elfsight.com\/google-reviews-widget\/#demo\">demo<\/a> en l\u00ednea, que tambi\u00e9n puede ser utilizado para agregar el plugin a tu sitio de WordPress.<\/p><\/div>\r\n\t\t\t\t\t<\/div>\r\n\t\t\t\t<\/div> <\/div><\/div><div class=\"application-platform-content-item-features application-platform-content-item\" id=\"features\" data-nav-section=\"features\"> <h2>Principales caracter\u00edsticas del plugin de rese\u00f1as de Google<\/h2> <p>Para obtener una comprensi\u00f3n clara de Google Business Reviews para WordPress, puedes revisar la lista de las caracter\u00edsticas principales. Estos hacen que el plugin de rese\u00f1as de Google para WordPress sea incre\u00edblemente eficiente para tu sitio web:<\/p> <ul> <li>3 filtros predefinidos: por tipo, excluir por, y cantidad de rese\u00f1as para mostrar; <\/li> <li>4 dise\u00f1os predefinidos: Lista, Cuadr\u00edcula, Masonry y Slider; <\/li> <li>Oportunidad de activar\/desactivar el encabezado del widget; <\/li> <li>El bot\u00f3n de solicitud de rese\u00f1a lleva a los usuarios a la p\u00e1gina de Google; <\/li> <li>Seis elementos personalizables del complemento: nombre y foto del autor, recomendaci\u00f3n, fecha, \u00edcono de Google y calificaci\u00f3n de estrellas; <\/li> <li>Dos alternativas de escenarios de rechazo de solicitud de rese\u00f1a: mostrar un mensaje de texto u ocultar el bot\u00f3n. <\/li> <\/ul><p><a href=\"#demo\">Para explorar m\u00e1s caracter\u00edsticas, consulte la demostraci\u00f3n<\/a><\/p> <\/div> <div class=\"application-platform-content-item-installation application-platform-content-item\" id=\"installation\" data-nav-section=\"installation\"> <h2>C\u00f3mo incrustar rese\u00f1as de Google en un sitio web de WordPress<\/h2><div class=\"video-container\"><iframe width=\"720\" height=\"405\" src=\"https:\/\/www.youtube.com\/embed\/s18Hg5h8U-E\" frameborder=\"0\"><\/iframe><\/div><p>Simplemente sigue los pasos a continuaci\u00f3n para comenzar a trabajar con la herramienta en WordPress.<\/p> <ol><li><b>Lanza nuestro configurador gratuito y comienza a crear tu propio plugin.<\/b><br> Determina la forma y funcionalidad deseada para las rese\u00f1as de Google y guarda los cambios.<\/li> <li><b>Copia el c\u00f3digo \u00fanico revelado en la ventana de Elfsight Apps.<\/b><br> Justo despu\u00e9s de finalizar la configuraci\u00f3n de tu plugin, copia el c\u00f3digo exclusivo del cuadro que apareci\u00f3 y gu\u00e1rdalo para su uso posterior.<\/li> <li><b>Comienza a utilizar el widget en el sitio web de WordPress.<\/b><br> Coloca el c\u00f3digo en tu p\u00e1gina y guarda los cambios. <\/li> <li><b>La configuraci\u00f3n se ha realizado con \u00e9xito.<\/b><br> Visita tu sitio web para examinar el funcionamiento del plugin de rese\u00f1as de Google.<\/li><\/ol> <p>\u00bfA\u00fan tienes dudas sobre c\u00f3mo incrustar rese\u00f1as de Google en un sitio de WordPress? \u00bfTienes alg\u00fan otro problema? Simplemente env\u00eda tu solicitud a nuestro servicio de atenci\u00f3n al cliente y te ayudar\u00e1 a incrustar rese\u00f1as de Google en tu sitio web. <\/p> <\/div>","protected":false},"excerpt":{"rendered":"","protected":false},"author":13,"featured_media":0,"parent":1422,"menu_order":0,"comment_status":"closed","ping_status":"closed","template":"templates\/template-application-platform.php","meta":{"publish_to_discourse":"","publish_post_category":"","wpdc_auto_publish_overridden":"","wpdc_topic_tags":"","wpdc_pin_topic":"","wpdc_pin_until":"","discourse_post_id":"","discourse_permalink":"","wpdc_publishing_response":"","wpdc_publishing_error":"","footnotes":""},"class_list":["post-2589","page","type-page","status-publish","hentry"],"yoast_head":"<!-- This site is optimized with the Yoast SEO plugin v25.3.1 - https:\/\/yoast.com\/wordpress\/plugins\/seo\/ -->\n<title>Inserte el plugin de Google Reviews en su sitio web de WordPress<\/title>\n<meta name=\"description\" content=\"Instala un hermoso de Rese\u00f1as de Google en su WordPress de p\u00e1gina web. Aplique la demo manejable y construe su widget personalizado.\" \/>\n<meta name=\"robots\" content=\"index, follow, max-snippet:-1, max-image-preview:large, max-video-preview:-1\" \/>\n<link rel=\"canonical\" href=\"https:\/\/elfsight.com\/es\/google-reviews-widget\/wordpress\/\" \/>\n<meta property=\"og:locale\" content=\"es_ES\" \/>\n<meta property=\"og:type\" content=\"article\" \/>\n<meta property=\"og:title\" content=\"Inserte el plugin de Google Reviews en su sitio web de WordPress\" \/>\n<meta property=\"og:description\" content=\"Instala un hermoso de Rese\u00f1as de Google en su WordPress de p\u00e1gina web. Aplique la demo manejable y construe su widget personalizado.\" \/>\n<meta property=\"og:url\" content=\"https:\/\/elfsight.com\/es\/google-reviews-widget\/wordpress\/\" \/>\n<meta property=\"og:site_name\" content=\"Elfsight ES\" \/>\n<meta property=\"article:modified_time\" content=\"2025-02-06T15:28:20+00:00\" \/>\n<meta name=\"twitter:card\" content=\"summary_large_image\" \/>\n<meta name=\"twitter:label1\" content=\"Tiempo de lectura\" \/>\n\t<meta name=\"twitter:data1\" content=\"4 minutos\" \/>\n<!-- \/ Yoast SEO plugin. -->","yoast_head_json":{"title":"Inserte el plugin de Google Reviews en su sitio web de WordPress","description":"Instala un hermoso de Rese\u00f1as de Google en su WordPress de p\u00e1gina web. Aplique la demo manejable y construe su widget personalizado.","robots":{"index":"index","follow":"follow","max-snippet":"max-snippet:-1","max-image-preview":"max-image-preview:large","max-video-preview":"max-video-preview:-1"},"canonical":"https:\/\/elfsight.com\/es\/google-reviews-widget\/wordpress\/","og_locale":"es_ES","og_type":"article","og_title":"Inserte el plugin de Google Reviews en su sitio web de WordPress","og_description":"Instala un hermoso de Rese\u00f1as de Google en su WordPress de p\u00e1gina web. Aplique la demo manejable y construe su widget personalizado.","og_url":"https:\/\/elfsight.com\/es\/google-reviews-widget\/wordpress\/","og_site_name":"Elfsight ES","article_modified_time":"2025-02-06T15:28:20+00:00","twitter_card":"summary_large_image","twitter_misc":{"Tiempo de lectura":"4 minutos"},"schema":{"@context":"https:\/\/schema.org","@graph":[{"@type":"WebPage","@id":"https:\/\/elfsight.com\/es\/google-reviews-widget\/wordpress\/","url":"https:\/\/elfsight.com\/es\/google-reviews-widget\/wordpress\/","name":"Inserte el plugin de Google Reviews en su sitio web de WordPress","isPartOf":{"@id":"https:\/\/elfsight.com\/es\/#website"},"datePublished":"2021-11-03T08:04:13+00:00","dateModified":"2025-02-06T15:28:20+00:00","description":"Instala un hermoso de Rese\u00f1as de Google en su WordPress de p\u00e1gina web. Aplique la demo manejable y construe su widget personalizado.","breadcrumb":{"@id":"https:\/\/elfsight.com\/es\/google-reviews-widget\/wordpress\/#breadcrumb"},"inLanguage":"es","potentialAction":[{"@type":"ReadAction","target":["https:\/\/elfsight.com\/es\/google-reviews-widget\/wordpress\/"]}]},{"@type":"BreadcrumbList","@id":"https:\/\/elfsight.com\/es\/google-reviews-widget\/wordpress\/#breadcrumb","itemListElement":[{"@type":"ListItem","position":1,"name":"Home","item":"https:\/\/elfsight.com\/es\/"},{"@type":"ListItem","position":2,"name":"Google Reviews","item":"https:\/\/elfsight.com\/es\/google-reviews-widget\/"},{"@type":"ListItem","position":3,"name":"Google Reviews &#8211; WordPress"}]},{"@type":"WebSite","@id":"https:\/\/elfsight.com\/es\/#website","url":"https:\/\/elfsight.com\/es\/","name":"Elfsight ES","description":"Just another Elfsight Sites site","potentialAction":[{"@type":"SearchAction","target":{"@type":"EntryPoint","urlTemplate":"https:\/\/elfsight.com\/es\/?s={search_term_string}"},"query-input":{"@type":"PropertyValueSpecification","valueRequired":true,"valueName":"search_term_string"}}],"inLanguage":"es"}]}},"meta_box":{"industry":"","seo_heading":"","heading":"","description":"","cta_heading":"","cta_description":"","application":"1421","h1":"WordPress Rese\u00f1as de Google","h1_caption":"Incorpore rese\u00f1as de su lugar desde Google para obtener sin problemas las mejores impresiones de los clientes en la experiencia de su sitio web en su sitio web de WordPress sin esfuerzo.","application_category":[],"applications_title":"","applications_request_title":"","applications_request_button_text":"","hero_text":"","hero_video":"","hero_video_schema_markup":"","selling_points_title":"","selling_points_caption":"","selling_points":[],"selling_points_cta_text":"","features_title":"","features":"","ed_cta_examples_text":"","ed_cta_examples_hidden":"","ed_cta_demo_text":"","ed_cta_demo_hidden":"","why_caption":"","why_editor_title":"","why_editor_text":"","why_team_title":"","why_team_text":"","why_service_title":"","why_service_text":"","template_catalog_visible":"0","template_catalog_title":"","template_catalog_text":"","template_catalog_categories_visible":"","demo_title":"Crea tu complemento de Rese\u00f1as de Google","demo_caption":"\u00a1Configure sus Rese\u00f1as de Google y agr\u00e9guelas a su sitio web de WordPress gratis!","default_faq_hidden":"","app_template_category":[],"platform":"115","template_public_id":"","codecanyon_url":"","codecanyon_item_id":"","codecanyon_price":"","pricing_caption":"","pricing_elfsight_apps_hide_column":"","pricing_elfsight_apps_url":"","pricing_codecanyon_price_caption":"","integration_category":[],"integration_request_title":"","integration_request_cta":"","integration_platform":"","integrations":[],"platform_category":[],"video_schema_markup":"","price":"desde $0 por mes","trial":"","benefits":[{"text":"Instalaci\u00f3n gratuita"},{"text":"Soporte Premium"},{"text":"14 d\u00edas garant\u00eda de reembolso"},{"text":"Actualizaciones regulares"}],"button_url":"#demo","button_target_blank":"0","button_nofollow":"0","attributes":[{"name":"Responsivo","content":"Si","_state":"expanded"},{"name":"Navegadores compatibles","content":"Firefox, Safari, Opera, Chrome, Edge","_state":"expanded"}],"tags":[],"tags_disable_links":"0","hide_more_platforms":"","video_object":"{\r\n  \"@context\": \"http:\/\/schema.org\",\r\n  \"@type\": \"VideoObject\",\r\n  \"name\": \"How to Add Google Reviews to WordPress (2021)\",\r\n  \"description\": \"Learn how to add Google Rating to WordPress for free. Use best Google Business Reviews widget to display true feedback of your customers on WordPress.\",\r\n  \"thumbnailUrl\": \"https:\/\/i.ytimg.com\/vi\/s18Hg5h8U-E\/default.jpg\",\r\n  \"uploadDate\": \"2019-06-25T15:03:47.000Z\",\r\n  \"duration\": \"PT2M21S\",\r\n  \"embedUrl\": \"https:\/\/www.youtube.com\/embed\/s18Hg5h8U-E\",\r\n  \"interactionCount\": \"19161\"\r\n}","demo_hide_cta":"0","demo_hide_cloud_options":"0","pricing_title":"","pricing":[{"pricing_icon":"platform","pricing_title":"Elfsight Apps","pricing_title_caption":"Soluci\u00f3n multiplataforma - valido para cualquier p\u00e1gina web","pricing_price":"desde $0 por mes","pricing_price_caption":"empezar con un plan gratuito","pricing_benefits":[{"text":"Sitios web ilimitados"},{"text":"Atenci\u00f3n al cliente gratuita y r\u00e1pida"},{"text":"Servicio de instalaci\u00f3n gratuito"},{"text":"Totalmente personalizable"}],"pricing_button_text":" Agregar al sitio web","pricing_button_url":"#demo","_state":"expanded"}],"related_apps_title":"","related_apps_hidden":"1","author":"","image":[],"title":"","job":"","social_networks":[]},"_links":{"self":[{"href":"https:\/\/elfsight.com\/es\/wp-json\/wp\/v2\/pages\/2589","targetHints":{"allow":["GET"]}}],"collection":[{"href":"https:\/\/elfsight.com\/es\/wp-json\/wp\/v2\/pages"}],"about":[{"href":"https:\/\/elfsight.com\/es\/wp-json\/wp\/v2\/types\/page"}],"author":[{"embeddable":true,"href":"https:\/\/elfsight.com\/es\/wp-json\/wp\/v2\/users\/13"}],"replies":[{"embeddable":true,"href":"https:\/\/elfsight.com\/es\/wp-json\/wp\/v2\/comments?post=2589"}],"version-history":[{"count":6,"href":"https:\/\/elfsight.com\/es\/wp-json\/wp\/v2\/pages\/2589\/revisions"}],"predecessor-version":[{"id":18340,"href":"https:\/\/elfsight.com\/es\/wp-json\/wp\/v2\/pages\/2589\/revisions\/18340"}],"up":[{"embeddable":true,"href":"https:\/\/elfsight.com\/es\/wp-json\/wp\/v2\/pages\/1422"}],"wp:attachment":[{"href":"https:\/\/elfsight.com\/es\/wp-json\/wp\/v2\/media?parent=2589"}],"curies":[{"name":"wp","href":"https:\/\/api.w.org\/{rel}","templated":true}]}}