{"id":2584,"date":"2021-11-02T12:06:54","date_gmt":"2021-11-02T12:06:54","guid":{"rendered":"https:\/\/elfsight.com\/es\/?page_id=2584"},"modified":"2025-02-06T15:28:28","modified_gmt":"2025-02-06T15:28:28","slug":"wordpress","status":"publish","type":"page","link":"https:\/\/elfsight.com\/es\/social-feed-widget\/wordpress\/","title":{"rendered":"Social Feed &#8211; WordPress"},"content":{"rendered":"<div class=\"application-platform-content-item-description application-platform-content-item\" id=\"description\" data-nav-section=\"description\"> <h2>Integre Social Feed en WordPress con el widget Elfsight<\/h2> <p>Elfsight Social Feed para WordPress es un complemento para comercializar no solo productos, sino tambi\u00e9n emociones y experiencias. Al usarlo, puede dar forma a un feed personalizado compuesto por contenido de diversas redes sociales: Instagram, Pinterest, Facebook, Twitter, Tumblr, YouTube, Vimeo, y demostrarlo directamente en su sitio web. \u00a1Construye una galer\u00eda o cat\u00e1logo de productos en 1-2-3! Ejerza un control total sobre un contenido demostrado con diversas opciones de filtro y elimine el spam y cualquier contenido no deseado mediante la moderaci\u00f3n manual. El editor en l\u00ednea totalmente responsivo le proporciona varias plantillas para elegir. <\/p> <p><b>Haga que su sitio sea m\u00e1s eficaz para los objetivos de comercio electr\u00f3nico con Social Wall<\/b><\/p> <\/div> <div class=\"faq\" data-component=\"FAQ\"><div class=\"faq-item\">\r\n\t\t\t\t\t<div class=\"faq-item-question\">\r\n\t\t\t\t\t\t<h3 class=\"faq-item-question-text\">\u00bfDe qu\u00e9 manera incrusto un feed de redes sociales en el sitio web de WordPress?<\/h3>\r\n\r\n\t\t\t\t\t\t<div class=\"faq-item-question-icon\"><\/div>\r\n\t\t\t\t\t<\/div>\r\n\r\n\t\t\t\t\t<div class=\"faq-item-answer\">\r\n\t\t\t\t\t\t<div class=\"faq-item-answer-text\"><p>La construcci\u00f3n del widget ocurre en las p\u00e1ginas de Elfsight y no es necesario aprender a codificar. Utilice nuestra demostraci\u00f3n en l\u00ednea para darle forma a su aplicaci\u00f3n, obtener el c\u00f3digo e implementarlo en su sitio web. <\/p><\/div>\r\n\t\t\t\t\t<\/div>\r\n\t\t\t\t<\/div><div class=\"faq-item\">\r\n\t\t\t\t\t<div class=\"faq-item-question\">\r\n\t\t\t\t\t\t<h3 class=\"faq-item-question-text\">\u00bfC\u00f3mo puedo obtener feeds de Instagram o Facebook con la ayuda de tus complementos?<\/h3>\r\n\r\n\t\t\t\t\t\t<div class=\"faq-item-question-icon\"><\/div>\r\n\t\t\t\t\t<\/div>\r\n\r\n\t\t\t\t\t<div class=\"faq-item-answer\">\r\n\t\t\t\t\t\t<div class=\"faq-item-answer-text\"><p>Se puede aplicar una gran cantidad de plantillas: feed, galer\u00eda, cuadr\u00edcula, mamposter\u00eda, lista y mucho m\u00e1s, junto con ajustes de dise\u00f1o maleables para armonizar con tus condiciones. Le invitamos a crear casi cualquier herramienta que necesite. <\/p><\/div>\r\n\t\t\t\t\t<\/div>\r\n\t\t\t\t<\/div><div class=\"faq-item\">\r\n\t\t\t\t\t<div class=\"faq-item-question\">\r\n\t\t\t\t\t\t<h3 class=\"faq-item-question-text\">\u00bfPor qu\u00e9 no funciona o no se actualiza mi muro social?<\/h3>\r\n\r\n\t\t\t\t\t\t<div class=\"faq-item-question-icon\"><\/div>\r\n\t\t\t\t\t<\/div>\r\n\r\n\t\t\t\t\t<div class=\"faq-item-answer\">\r\n\t\t\t\t\t\t<div class=\"faq-item-answer-text\"><p>En caso de que tenga alg\u00fan problema con los widgets sociales, comun\u00edquese con el servicio de atenci\u00f3n al cliente. El soporte es absolutamente gratuito para todos los clientes de Elfsight. <\/p><\/div>\r\n\t\t\t\t\t<\/div>\r\n\t\t\t\t<\/div><\/div><div class=\"application-platform-content-item-features application-platform-content-item\" id=\"features\" data-nav-section=\"features\"> <h2>Las caracter\u00edsticas m\u00e1s importantes del complemento incluyen<\/h2> <ul><li>Presente su contenido de redes sociales desde diversas redes sociales. <\/li><li>Elimine el spam y el contenido no deseado mediante el modo de moderaci\u00f3n manual. <\/li><li>Establezca el bot\u00f3n Seguir en el feed del widget. <\/li><li>Permite que tus publicaciones se vean en una ventana emergente. <\/li><\/ul><p><a href=\"#demo\">Puedes probar la funcionalidad completa del complemento en la demostraci\u00f3n de esta p\u00e1gina<\/a><\/p> <\/div> <div class=\"application-platform-content-item-installation application-platform-content-item\" id=\"installation\" data-nav-section=\"installation\"> <h2>\u00bfC\u00f3mo puedo agregar el complemento Social Media Feed a mi sitio web de WordPress? <\/h2> <p>Simplemente siga las instrucciones a continuaci\u00f3n para integrar el complemento. <\/p> <ol><li><b>Realice nuestro configurador gratuito y comience a construir su instrumento personalizado. <\/b><br>Determinar la forma seleccionada y los rasgos funcionales de la herramienta y aplicar las correcciones. <\/li> <li><b>Copia el c\u00f3digo individual que aparece en el formulario especial en Elfsight Apps. <\/b><br> Una vez realizada la configuraci\u00f3n de su complemento personal, copie el c\u00f3digo individual en el cuadro que aparece y gu\u00e1rdelo para su uso posterior. <\/li> <li><b>Inicie el uso del complemento Social Wall en su p\u00e1gina web de WordPress. <\/b><br> Agregue el c\u00f3digo guardado recientemente en su p\u00e1gina web y aplique las ediciones. <\/li> <li><b>La instalaci\u00f3n ha finalizado por completo. <\/b><br>Visite su p\u00e1gina web para ver en acci\u00f3n el rendimiento de la herramienta. <\/li><\/ol> <p>Si tiene preguntas o encuentra dificultades, no dude en ponerse en contacto con nuestro equipo de atenci\u00f3n al cliente. Nuestros especialistas estar\u00e1n encantados de resolver todas las dificultades que puedas tener con el producto. <\/p> <\/div>","protected":false},"excerpt":{"rendered":"","protected":false},"author":13,"featured_media":0,"parent":1469,"menu_order":0,"comment_status":"closed","ping_status":"closed","template":"templates\/template-application-platform.php","meta":{"publish_to_discourse":"","publish_post_category":"","wpdc_auto_publish_overridden":"","wpdc_topic_tags":"","wpdc_pin_topic":"","wpdc_pin_until":"","discourse_post_id":"","discourse_permalink":"","wpdc_publishing_response":"","wpdc_publishing_error":"","footnotes":""},"class_list":["post-2584","page","type-page","status-publish","hentry"],"yoast_head":"<!-- This site is optimized with the Yoast SEO plugin v25.3.1 - https:\/\/yoast.com\/wordpress\/plugins\/seo\/ -->\n<title>lugin Agregue el pSocial Wall al sitio web de WordPress (r\u00e1pido y gratis)<\/title>\n<meta name=\"description\" content=\"A\u00f1ade un plugin de Feed Social en su WordPress de sitio web. Lance la demo de Elfsight manejable y construe su widget propio f\u00e1cilmente.\" \/>\n<meta name=\"robots\" content=\"index, follow, max-snippet:-1, max-image-preview:large, max-video-preview:-1\" \/>\n<link rel=\"canonical\" href=\"https:\/\/elfsight.com\/es\/social-feed-widget\/wordpress\/\" \/>\n<meta property=\"og:locale\" content=\"es_ES\" \/>\n<meta property=\"og:type\" content=\"article\" \/>\n<meta property=\"og:title\" content=\"lugin Agregue el pSocial Wall al sitio web de WordPress (r\u00e1pido y gratis)\" \/>\n<meta property=\"og:description\" content=\"A\u00f1ade un plugin de Feed Social en su WordPress de sitio web. Lance la demo de Elfsight manejable y construe su widget propio f\u00e1cilmente.\" \/>\n<meta property=\"og:url\" content=\"https:\/\/elfsight.com\/es\/social-feed-widget\/wordpress\/\" \/>\n<meta property=\"og:site_name\" content=\"Elfsight ES\" \/>\n<meta property=\"article:modified_time\" content=\"2025-02-06T15:28:28+00:00\" \/>\n<meta name=\"twitter:card\" content=\"summary_large_image\" \/>\n<meta name=\"twitter:label1\" content=\"Tiempo de lectura\" \/>\n\t<meta name=\"twitter:data1\" content=\"2 minutos\" \/>\n<!-- \/ Yoast SEO plugin. -->","yoast_head_json":{"title":"lugin Agregue el pSocial Wall al sitio web de WordPress (r\u00e1pido y gratis)","description":"A\u00f1ade un plugin de Feed Social en su WordPress de sitio web. Lance la demo de Elfsight manejable y construe su widget propio f\u00e1cilmente.","robots":{"index":"index","follow":"follow","max-snippet":"max-snippet:-1","max-image-preview":"max-image-preview:large","max-video-preview":"max-video-preview:-1"},"canonical":"https:\/\/elfsight.com\/es\/social-feed-widget\/wordpress\/","og_locale":"es_ES","og_type":"article","og_title":"lugin Agregue el pSocial Wall al sitio web de WordPress (r\u00e1pido y gratis)","og_description":"A\u00f1ade un plugin de Feed Social en su WordPress de sitio web. Lance la demo de Elfsight manejable y construe su widget propio f\u00e1cilmente.","og_url":"https:\/\/elfsight.com\/es\/social-feed-widget\/wordpress\/","og_site_name":"Elfsight ES","article_modified_time":"2025-02-06T15:28:28+00:00","twitter_card":"summary_large_image","twitter_misc":{"Tiempo de lectura":"2 minutos"},"schema":{"@context":"https:\/\/schema.org","@graph":[{"@type":"WebPage","@id":"https:\/\/elfsight.com\/es\/social-feed-widget\/wordpress\/","url":"https:\/\/elfsight.com\/es\/social-feed-widget\/wordpress\/","name":"lugin Agregue el pSocial Wall al sitio web de WordPress (r\u00e1pido y gratis)","isPartOf":{"@id":"https:\/\/elfsight.com\/es\/#website"},"datePublished":"2021-11-02T12:06:54+00:00","dateModified":"2025-02-06T15:28:28+00:00","description":"A\u00f1ade un plugin de Feed Social en su WordPress de sitio web. Lance la demo de Elfsight manejable y construe su widget propio f\u00e1cilmente.","breadcrumb":{"@id":"https:\/\/elfsight.com\/es\/social-feed-widget\/wordpress\/#breadcrumb"},"inLanguage":"es","potentialAction":[{"@type":"ReadAction","target":["https:\/\/elfsight.com\/es\/social-feed-widget\/wordpress\/"]}]},{"@type":"BreadcrumbList","@id":"https:\/\/elfsight.com\/es\/social-feed-widget\/wordpress\/#breadcrumb","itemListElement":[{"@type":"ListItem","position":1,"name":"Home","item":"https:\/\/elfsight.com\/es\/"},{"@type":"ListItem","position":2,"name":"Social Feed","item":"https:\/\/elfsight.com\/es\/social-feed-widget\/"},{"@type":"ListItem","position":3,"name":"Social Feed &#8211; WordPress"}]},{"@type":"WebSite","@id":"https:\/\/elfsight.com\/es\/#website","url":"https:\/\/elfsight.com\/es\/","name":"Elfsight ES","description":"Just another Elfsight Sites site","potentialAction":[{"@type":"SearchAction","target":{"@type":"EntryPoint","urlTemplate":"https:\/\/elfsight.com\/es\/?s={search_term_string}"},"query-input":{"@type":"PropertyValueSpecification","valueRequired":true,"valueName":"search_term_string"}}],"inLanguage":"es"}]}},"meta_box":{"industry":"","seo_heading":"","heading":"","description":"","cta_heading":"","cta_description":"","application":"1468","h1":"Complemento social de WordPress","h1_caption":"Agregue contenido de Instagram, Facebook, Twitter y otras redes sociales en su sitio web.","application_category":[],"applications_title":"","applications_request_title":"","applications_request_button_text":"","hero_text":"","hero_video":"","hero_video_schema_markup":"","selling_points_title":"","selling_points_caption":"","selling_points":[],"selling_points_cta_text":"","features_title":"","features":"","ed_cta_examples_text":"","ed_cta_examples_hidden":"","ed_cta_demo_text":"","ed_cta_demo_hidden":"","why_caption":"","why_editor_title":"","why_editor_text":"","why_team_title":"","why_team_text":"","why_service_title":"","why_service_text":"","template_catalog_visible":"","template_catalog_title":"","template_catalog_text":"","template_catalog_categories_visible":"","demo_title":"Crea tu complemento de alimentaci\u00f3n social","demo_caption":"\u00a1Configure su Social Feed y agr\u00e9guelo a su sitio web de WordPress gratis!","default_faq_hidden":"","app_template_category":[],"platform":"115","template_public_id":"","codecanyon_url":"","codecanyon_item_id":"","codecanyon_price":"","pricing_caption":"","pricing_elfsight_apps_hide_column":"","pricing_elfsight_apps_url":"","pricing_codecanyon_price_caption":"","integration_category":[],"integration_request_title":"","integration_request_cta":"","integration_platform":"","integrations":[],"platform_category":[],"video_schema_markup":"","price":"desde $0 por mes","trial":"","benefits":[{"text":"Instalaci\u00f3n gratuita"},{"text":"Soporte Premium"},{"text":"14 d\u00edas garant\u00eda de reembolso"},{"text":"Actualizaciones regulares"}],"button_url":"#demo","button_target_blank":"0","button_nofollow":"0","attributes":[{"name":"Responsivo","content":"Si","_state":"expanded"},{"name":"Navegadores compatibles","content":"Firefox, Safari, Opera, Chrome, Edge","_state":"expanded"}],"tags":[],"tags_disable_links":"0","hide_more_platforms":"","video_object":"","demo_hide_cta":"0","demo_hide_cloud_options":"0","pricing_title":"","pricing":[{"pricing_icon":"platform","pricing_title":"Elfsight Apps","pricing_title_caption":"Soluci\u00f3n multiplataforma - valido para cualquier p\u00e1gina web","pricing_price":"$0 por mes","pricing_price_caption":"Empezar con un plan gratuito","pricing_benefits":[{"text":"Sitios web ilimitados"},{"text":"Atenci\u00f3n al cliente gratuita y r\u00e1pida"},{"text":"Servicio de instalaci\u00f3n gratuito"},{"text":"Totalmente personalizable"}],"pricing_button_text":"Agregar al sitio web","pricing_button_url":"#demo","_state":"expanded"}],"related_apps_title":"","related_apps_hidden":"1","author":"","image":[],"title":"","job":"","social_networks":[]},"_links":{"self":[{"href":"https:\/\/elfsight.com\/es\/wp-json\/wp\/v2\/pages\/2584","targetHints":{"allow":["GET"]}}],"collection":[{"href":"https:\/\/elfsight.com\/es\/wp-json\/wp\/v2\/pages"}],"about":[{"href":"https:\/\/elfsight.com\/es\/wp-json\/wp\/v2\/types\/page"}],"author":[{"embeddable":true,"href":"https:\/\/elfsight.com\/es\/wp-json\/wp\/v2\/users\/13"}],"replies":[{"embeddable":true,"href":"https:\/\/elfsight.com\/es\/wp-json\/wp\/v2\/comments?post=2584"}],"version-history":[{"count":6,"href":"https:\/\/elfsight.com\/es\/wp-json\/wp\/v2\/pages\/2584\/revisions"}],"predecessor-version":[{"id":18341,"href":"https:\/\/elfsight.com\/es\/wp-json\/wp\/v2\/pages\/2584\/revisions\/18341"}],"up":[{"embeddable":true,"href":"https:\/\/elfsight.com\/es\/wp-json\/wp\/v2\/pages\/1469"}],"wp:attachment":[{"href":"https:\/\/elfsight.com\/es\/wp-json\/wp\/v2\/media?parent=2584"}],"curies":[{"name":"wp","href":"https:\/\/api.w.org\/{rel}","templated":true}]}}