{"id":2580,"date":"2021-11-02T11:53:51","date_gmt":"2021-11-02T11:53:51","guid":{"rendered":"https:\/\/elfsight.com\/es\/?page_id=2580"},"modified":"2025-02-06T15:28:28","modified_gmt":"2025-02-06T15:28:28","slug":"wordpress","status":"publish","type":"page","link":"https:\/\/elfsight.com\/es\/instagram-feed-instashow\/wordpress\/","title":{"rendered":"Instagram Feed &#8211; WordPress"},"content":{"rendered":"<div class=\"application-platform-content-item-description application-platform-content-item\" id=\"description\" data-nav-section=\"description\"><h2>Incrusta el Feed de Instagram en WordPress con el plugin de Elfsight<\/h2> <p>M\u00e1s de 60 par\u00e1metros variables del incre\u00edble Feed de Instagram InstaShow para WordPress te ayudar\u00e1 a mostrar lo mejor de ti a tu audiencia. Presenta fotos de tu cuenta personal o cambia los colores de los elementos del plugin, personaliza la interfaz de usuario y la estructura del plugin: haz realidad cualquier deseo creativo. \u00a1Encuentra el aspecto m\u00e1s adecuado para las fotos de tu perfil e incrusta Instagram en WordPress en segundos!<\/p> <p><b>Aprovecha los esquemas de color m\u00e1s flexibles, m\u00e1s de 60 par\u00e1metros ajustables y casos de uso incre\u00edbles para WordPress.<\/b><\/p> <div class=\"faq\" data-component=\"FAQ\"> <div class=\"faq-item\">\r\n\t\t\t\t\t<div class=\"faq-item-question\">\r\n\t\t\t\t\t\t<h3 class=\"faq-item-question-text\">\u00bfQu\u00e9 otros plugins para WordPress tienen?<\/h3>\r\n\r\n\t\t\t\t\t\t<div class=\"faq-item-question-icon\"><\/div>\r\n\t\t\t\t\t<\/div>\r\n\r\n\t\t\t\t\t<div class=\"faq-item-answer\">\r\n\t\t\t\t\t\t<div class=\"faq-item-answer-text\"> <p>Te invitamos a probar una multitud de plugins para cualquier objetivo en tu sitio, independientemente de tu sector comercial. Compru\u00e9balo t\u00fa mismo: <a href=\"https:\/\/elfsight.com\/whatsapp-chat-widget\/wordpress\/\">WhatsApp Chat<\/a>, <a href=\"https:\/\/elfsight.com\/facebook-chat-widget\/wordpress\/\">Facebook Chat<\/a>, <a href=\"https:\/\/elfsight.com\/google-reviews-widget\/wordpress\/\">Google Rese\u00f1as<\/a>, <a href=\"https:\/\/elfsight.com\/testimonials-slider-widget\/wordpress\/\">Control deslizante de testimonios<\/a>, <a href=\"https:\/\/elfsight.com\/youtube-channel-plugin-yottie\/wordpress\/\">Galer\u00eda de YouTube<\/a>.<\/p> <\/div>\r\n\t\t\t\t\t<\/div>\r\n\t\t\t\t<\/div> <div class=\"faq-item\">\r\n\t\t\t\t\t<div class=\"faq-item-question\">\r\n\t\t\t\t\t\t<h3 class=\"faq-item-question-text\">\u00bfC\u00f3mo incrustar el Feed de Instagram gratis en WordPress?<\/h3>\r\n\r\n\t\t\t\t\t\t<div class=\"faq-item-question-icon\"><\/div>\r\n\t\t\t\t\t<\/div>\r\n\r\n\t\t\t\t\t<div class=\"faq-item-answer\">\r\n\t\t\t\t\t\t<div class=\"faq-item-answer-text\"> <ol><p>Agregar un <a href=\"https:\/\/elfsight.com\/blog\/how-to-embed-instagram-feed-on-website\/\">Feed de Instagram<\/a> a tu sitio web aumenta su atractivo visual y fomenta la interacci\u00f3n de los usuarios.<\/p><ol><li>Para incrustar un Feed de Instagram de Elfsight de forma gratuita en WordPress, visita el sitio web de Elfsight y reg\u00edstrate para obtener una cuenta gratuito.<\/li><li>Aprovecha al m\u00e1ximo el plugin gratuito de Instagram personalizando su apariencia y configuraciones para que armonicen con el dise\u00f1o de tu sitio de WordPress.<\/li><li>Una vez que hayas configurado tu Feed de Instagram de forma gratuita, copia el c\u00f3digo de inserci\u00f3n distintivo e ins\u00e9rtalo en el HTML de tu sitio web de WordPress en el lugar deseado.<\/li><\/ol><p>Al integrar tu Feed de Instagram en tu sitio web de WordPress, aumentar\u00e1s su atractivo visual y fomentar\u00e1s la interacci\u00f3n continua de los usuarios. \u00a1Disfruta de las ventajas del plugin de Instagram de Elfsight sin gastar un centavo!<\/p><\/ol><\/div>\r\n\t\t\t\t\t<\/div>\r\n\t\t\t\t<\/div> <div class=\"faq-item\">\r\n\t\t\t\t\t<div class=\"faq-item-question\">\r\n\t\t\t\t\t\t<h3 class=\"faq-item-question-text\">\u00bfPuedo probar el Feed de Instagram en acci\u00f3n?<\/h3>\r\n\r\n\t\t\t\t\t\t<div class=\"faq-item-question-icon\"><\/div>\r\n\t\t\t\t\t<\/div>\r\n\r\n\t\t\t\t\t<div class=\"faq-item-answer\">\r\n\t\t\t\t\t\t<div class=\"faq-item-answer-text\"> <p>S\u00ed, claro. Te invitamos a usar nuestra demo en vivo para ver el plugin en acci\u00f3n. Por cierto, puedes usar la <a href=\"https:\/\/elfsight.com\/instagram-feed-instashow\/#demo\">demo<\/a> para agregar el plugin de Instagram Feed a tu sitio web de WordPress.<\/p><\/div>\r\n\t\t\t\t\t<\/div>\r\n\t\t\t\t<\/div> <\/div><\/div> <div class=\"application-platform-content-item-features application-platform-content-item\" id=\"features\" data-nav-section=\"features\"> <h2>Caracter\u00edsticas principales del Feed de Instagram de Elfsight<\/h2><p>Incrusta el Feed de Instagram en WordPress en segundos con la ayuda de nuestro plugin. La creaci\u00f3n toma solo unos segundos y obtienes toneladas de beneficios sin necesidad de programar.<\/p><ul><li><b>Cuenta de Instagram personal o de empresa<\/b>.<br>Muestra contenido de fotos y videos de tu cuenta personal o de empresa en Instagram.<\/li><li><b>Filtros de feed<\/b>.<br>Filtros con dos opciones: \u00abexcepto\u00bb para moderar tu feed y \u00absolo\u00bb para mostrar fotos espec\u00edficas. <\/li><li><b>Responsive mobile<\/b>.<br>Adaptable a cualquier resoluci\u00f3n de pantalla: el widget mostrar\u00e1 el contenido de la mejor manera posible. <\/li><li><b>Dise\u00f1os predefinidos<\/b>.<br>Deslizadores o cuadr\u00edculas y 8 plantillas de publicaci\u00f3n predefinidas, desde Mosaico hasta Cl\u00e1sico.<\/li><li><p><strong>Aumenta el tiempo que los usuarios pasan en el sitio web.<\/strong><br>Las personas navegan por las publicaciones y disfrutan de fotos atractivas por m\u00e1s tiempo.<\/p><\/li><li><p><strong>El widget aumenta la participaci\u00f3n.<\/strong><br>Los visitantes del sitio interact\u00faan con esta herramienta familiar, y obtienes m\u00e1s participaci\u00f3n.<\/p><\/li><li><p><strong>Convierte tu sitio web en un centro de plataformas sociales.<\/strong><br>Es una buena idea mostrar contenido de redes sociales directamente en tu sitio y ganar m\u00e1s seguidores en esas plataformas.<\/p><\/li><li><p><strong>El Feed de Instagram se convierte en una parte integral del dise\u00f1o del sitio.<\/strong><br>Gracias a todas las opciones de personalizaci\u00f3n, puedes crear una galer\u00eda de fotos que se ajusta perfectamente al aspecto y estilo del sitio.<\/p><\/li><li><p><strong>No necesitas estudiar la API de Instagram.<\/strong><br>Siempre existe la opci\u00f3n de agregar contenido de Instagram en un sitio web utilizando la API oficial, pero llevar\u00e1 mucho tiempo crear una cuadr\u00edcula de este tipo.<\/p><\/li><li><p><strong>Aumenta la confianza en tu marca.<\/strong><br>Cuando eres constante en la plataforma popular y tienes buenas rese\u00f1as all\u00ed, esto ayuda a asegurar a los compradores potenciales que eres una marca confiable.<\/p><\/li><li><p><strong>El complemento embellece tu sitio web.<\/strong><br>Los perfiles de Instagram siempre son impresionantes y convertidores. Incrusta Instagram en WordPress y aumenta las ventas, adem\u00e1s de embellecer tu sitio web.<\/p><\/li><\/ul><p><a href=\"#demo\">Prueba esta demo para ver c\u00f3mo funciona<\/a><\/p><\/div> <div class=\"application-platform-content-item-installation application-platform-content-item\" id=\"installation\" data-nav-section=\"installation\"> <h2>\u00bfC\u00f3mo incrustar el Feed de Instagram en mi sitio web de WordPress? <\/h2><div class=\"video-container\"><iframe width=\"720\" height=\"405\" src=\"https:\/\/www.youtube.com\/embed\/HIGFce-qXhE\"><\/iframe><\/div><p>Sigue estos pasos presentados a continuaci\u00f3n para incrustar el c\u00f3digo de Instagram.<\/p> <ol><li><b>Lanza nuestro editor gratuito y comienza a formar tu propio plugin.<\/b><br> Especifica el aspecto deseado y las caracter\u00edsticas funcionales de la herramienta y aplica los cambios. <\/li> <li><b>Obt\u00e9n el c\u00f3digo individual que aparece en el formulario especial en Elfsight Apps.<\/b><br> Justo despu\u00e9s de que se complete la creaci\u00f3n de tu complemento, copia el c\u00f3digo individual de la caja que aparece y gu\u00e1rdalo para futuras necesidades. <\/li> <li><b>Comienza a usar el complemento en tu sitio web de WordPress.<\/b><br> Incrusta el c\u00f3digo del complemento copiado anteriormente en tu p\u00e1gina y guarda las mejoras. <\/li> <li><b>La instalaci\u00f3n ha sido exitosa.<\/b><br> Ve a tu sitio web para observar el funcionamiento del complemento de Instagram Feed para WordPress. <\/li><\/ol> <p>Si a\u00fan tienes alguna pregunta sobre c\u00f3mo agregar el plugin de feed de Instagram a WordPress, no dudes en ponerte en contacto con nuestro equipo de soporte. Estar\u00e1n encantados de resolver todas las dudas que puedas tener con el producto. <\/p> <\/div>","protected":false},"excerpt":{"rendered":"","protected":false},"author":13,"featured_media":0,"parent":1442,"menu_order":0,"comment_status":"closed","ping_status":"closed","template":"templates\/template-application-platform.php","meta":{"publish_to_discourse":"","publish_post_category":"","wpdc_auto_publish_overridden":"","wpdc_topic_tags":"","wpdc_pin_topic":"","wpdc_pin_until":"","discourse_post_id":"","discourse_permalink":"","wpdc_publishing_response":"","wpdc_publishing_error":"","footnotes":""},"class_list":["post-2580","page","type-page","status-publish","hentry"],"yoast_head":"<!-- This site is optimized with the Yoast SEO plugin v25.3.1 - https:\/\/yoast.com\/wordpress\/plugins\/seo\/ -->\n<title>Feed de Instagram: agregue el plugin de Instagram al sitio de WordPress<\/title>\n<meta name=\"description\" content=\"A\u00f1ade un widget interactivo de Feed de Instagram en su WordPress de sitio. Pruebe la demo f\u00e1cil de usar y cree su plugin \u00fanico f\u00e1cilmente.\" \/>\n<meta name=\"robots\" content=\"index, follow, max-snippet:-1, max-image-preview:large, max-video-preview:-1\" \/>\n<link rel=\"canonical\" href=\"https:\/\/elfsight.com\/es\/instagram-feed-instashow\/wordpress\/\" \/>\n<meta property=\"og:locale\" content=\"es_ES\" \/>\n<meta property=\"og:type\" content=\"article\" \/>\n<meta property=\"og:title\" content=\"Feed de Instagram: agregue el plugin de Instagram al sitio de WordPress\" \/>\n<meta property=\"og:description\" content=\"A\u00f1ade un widget interactivo de Feed de Instagram en su WordPress de sitio. Pruebe la demo f\u00e1cil de usar y cree su plugin \u00fanico f\u00e1cilmente.\" \/>\n<meta property=\"og:url\" content=\"https:\/\/elfsight.com\/es\/instagram-feed-instashow\/wordpress\/\" \/>\n<meta property=\"og:site_name\" content=\"Elfsight ES\" \/>\n<meta property=\"article:modified_time\" content=\"2025-02-06T15:28:28+00:00\" \/>\n<meta name=\"twitter:card\" content=\"summary_large_image\" \/>\n<meta name=\"twitter:label1\" content=\"Tiempo de lectura\" \/>\n\t<meta name=\"twitter:data1\" content=\"4 minutos\" \/>\n<!-- \/ Yoast SEO plugin. -->","yoast_head_json":{"title":"Feed de Instagram: agregue el plugin de Instagram al sitio de WordPress","description":"A\u00f1ade un widget interactivo de Feed de Instagram en su WordPress de sitio. Pruebe la demo f\u00e1cil de usar y cree su plugin \u00fanico f\u00e1cilmente.","robots":{"index":"index","follow":"follow","max-snippet":"max-snippet:-1","max-image-preview":"max-image-preview:large","max-video-preview":"max-video-preview:-1"},"canonical":"https:\/\/elfsight.com\/es\/instagram-feed-instashow\/wordpress\/","og_locale":"es_ES","og_type":"article","og_title":"Feed de Instagram: agregue el plugin de Instagram al sitio de WordPress","og_description":"A\u00f1ade un widget interactivo de Feed de Instagram en su WordPress de sitio. Pruebe la demo f\u00e1cil de usar y cree su plugin \u00fanico f\u00e1cilmente.","og_url":"https:\/\/elfsight.com\/es\/instagram-feed-instashow\/wordpress\/","og_site_name":"Elfsight ES","article_modified_time":"2025-02-06T15:28:28+00:00","twitter_card":"summary_large_image","twitter_misc":{"Tiempo de lectura":"4 minutos"},"schema":{"@context":"https:\/\/schema.org","@graph":[{"@type":"WebPage","@id":"https:\/\/elfsight.com\/es\/instagram-feed-instashow\/wordpress\/","url":"https:\/\/elfsight.com\/es\/instagram-feed-instashow\/wordpress\/","name":"Feed de Instagram: agregue el plugin de Instagram al sitio de WordPress","isPartOf":{"@id":"https:\/\/elfsight.com\/es\/#website"},"datePublished":"2021-11-02T11:53:51+00:00","dateModified":"2025-02-06T15:28:28+00:00","description":"A\u00f1ade un widget interactivo de Feed de Instagram en su WordPress de sitio. Pruebe la demo f\u00e1cil de usar y cree su plugin \u00fanico f\u00e1cilmente.","breadcrumb":{"@id":"https:\/\/elfsight.com\/es\/instagram-feed-instashow\/wordpress\/#breadcrumb"},"inLanguage":"es","potentialAction":[{"@type":"ReadAction","target":["https:\/\/elfsight.com\/es\/instagram-feed-instashow\/wordpress\/"]}]},{"@type":"BreadcrumbList","@id":"https:\/\/elfsight.com\/es\/instagram-feed-instashow\/wordpress\/#breadcrumb","itemListElement":[{"@type":"ListItem","position":1,"name":"Home","item":"https:\/\/elfsight.com\/es\/"},{"@type":"ListItem","position":2,"name":"Instagram Feed","item":"https:\/\/elfsight.com\/es\/instagram-feed-instashow\/"},{"@type":"ListItem","position":3,"name":"Instagram Feed &#8211; WordPress"}]},{"@type":"WebSite","@id":"https:\/\/elfsight.com\/es\/#website","url":"https:\/\/elfsight.com\/es\/","name":"Elfsight ES","description":"Just another Elfsight Sites site","potentialAction":[{"@type":"SearchAction","target":{"@type":"EntryPoint","urlTemplate":"https:\/\/elfsight.com\/es\/?s={search_term_string}"},"query-input":{"@type":"PropertyValueSpecification","valueRequired":true,"valueName":"search_term_string"}}],"inLanguage":"es"}]}},"meta_box":{"industry":"","seo_heading":"","heading":"","description":"","cta_heading":"","cta_description":"","application":"1441","h1":"Complemento WordPress Feed de Instagram","h1_caption":"Agregue entradas desde su cuenta de Instagram o mediante hashtags a su sitio web","application_category":[],"applications_title":"","applications_request_title":"","applications_request_button_text":"","hero_text":"","hero_video":"","hero_video_schema_markup":"","selling_points_title":"","selling_points_caption":"","selling_points":[],"selling_points_cta_text":"","features_title":"","features":"","ed_cta_examples_text":"","ed_cta_examples_hidden":"","ed_cta_demo_text":"","ed_cta_demo_hidden":"","why_caption":"","why_editor_title":"","why_editor_text":"","why_team_title":"","why_team_text":"","why_service_title":"","why_service_text":"","template_catalog_visible":"0","template_catalog_title":"","template_catalog_text":"","template_catalog_categories_visible":"","demo_title":"Crea tu complemento de feed de Instagram","demo_caption":"\u00a1Configure su feed de Instagram y agr\u00e9guelo a su sitio web de WordPress de forma gratuita!","default_faq_hidden":"","app_template_category":[],"platform":"115","template_public_id":"","codecanyon_url":"","codecanyon_item_id":"","codecanyon_price":"","pricing_caption":"","pricing_elfsight_apps_hide_column":"","pricing_elfsight_apps_url":"","pricing_codecanyon_price_caption":"","integration_category":[],"integration_request_title":"","integration_request_cta":"","integration_platform":"","integrations":[],"platform_category":[],"video_schema_markup":"","price":"desde $0 por mes","trial":"","benefits":[{"text":"Instalaci\u00f3n gratuita"},{"text":"Soporte Premium"},{"text":"14 d\u00edas garant\u00eda de reembolso"},{"text":"Actualizaciones regulares"}],"button_url":"#demo","button_target_blank":"0","button_nofollow":"0","attributes":[{"name":"Responsivo","content":"Si","_state":"expanded"},{"name":"Navegadores compatibles","content":"Firefox, Safari, Opera, Chrome, Edge","_state":"expanded"}],"tags":[],"tags_disable_links":"0","hide_more_platforms":"","video_object":"{\r\n  \"@context\": \"http:\/\/schema.org\",\r\n  \"@type\": \"VideoObject\",\r\n  \"name\": \"How to Add Instagram Feed to WordPress (2021)\",\r\n  \"description\": \"Learn how to add Instagram plugin to WordPress website for free. A guide on embedding Instagram posts on WordPress without coding.\",\r\n  \"thumbnailUrl\": \"https:\/\/i.ytimg.com\/vi\/HIGFce-qXhE\/default.jpg\",\r\n  \"uploadDate\": \"2020-01-14T16:57:51Z\",\r\n  \"duration\": \"PT2M23S\",\r\n  \"embedUrl\": \"https:\/\/www.youtube.com\/embed\/HIGFce-qXhE\",\r\n  \"interactionCount\": \"8682\"\r\n}","demo_hide_cta":"0","demo_hide_cloud_options":"0","pricing_title":"","pricing":[{"pricing_icon":"platform","pricing_title":"Elfsight Apps","pricing_title_caption":"Soluci\u00f3n multiplataforma - valido para cualquier p\u00e1gina web","pricing_price":"desde $0 por mes","pricing_price_caption":"Empezar con un plan gratuito","pricing_benefits":[{"text":"Sitios web ilimitados"},{"text":"Atenci\u00f3n al cliente gratuita y r\u00e1pida"},{"text":"Servicio de instalaci\u00f3n gratuito"},{"text":"Totalmente personalizable"}],"pricing_button_text":"Agregar al sitio web","pricing_button_url":"https:\/\/apps.elfsight.com\/sign-up\/","pricing_button_nofollow":"1","_state":"expanded"}],"related_apps_title":"","related_apps_hidden":"0","author":"","image":[],"title":"","job":"","social_networks":[]},"_links":{"self":[{"href":"https:\/\/elfsight.com\/es\/wp-json\/wp\/v2\/pages\/2580","targetHints":{"allow":["GET"]}}],"collection":[{"href":"https:\/\/elfsight.com\/es\/wp-json\/wp\/v2\/pages"}],"about":[{"href":"https:\/\/elfsight.com\/es\/wp-json\/wp\/v2\/types\/page"}],"author":[{"embeddable":true,"href":"https:\/\/elfsight.com\/es\/wp-json\/wp\/v2\/users\/13"}],"replies":[{"embeddable":true,"href":"https:\/\/elfsight.com\/es\/wp-json\/wp\/v2\/comments?post=2580"}],"version-history":[{"count":6,"href":"https:\/\/elfsight.com\/es\/wp-json\/wp\/v2\/pages\/2580\/revisions"}],"predecessor-version":[{"id":18342,"href":"https:\/\/elfsight.com\/es\/wp-json\/wp\/v2\/pages\/2580\/revisions\/18342"}],"up":[{"embeddable":true,"href":"https:\/\/elfsight.com\/es\/wp-json\/wp\/v2\/pages\/1442"}],"wp:attachment":[{"href":"https:\/\/elfsight.com\/es\/wp-json\/wp\/v2\/media?parent=2580"}],"curies":[{"name":"wp","href":"https:\/\/api.w.org\/{rel}","templated":true}]}}