{"id":2335,"date":"2021-10-07T07:08:12","date_gmt":"2021-10-07T07:08:12","guid":{"rendered":"https:\/\/elfsight.com\/es\/?page_id=2335"},"modified":"2022-02-14T07:10:25","modified_gmt":"2022-02-14T07:10:25","slug":"drupal-modules","status":"publish","type":"page","link":"https:\/\/elfsight.com\/es\/drupal-modules\/","title":{"rendered":"Drupal modules"},"content":{"rendered":"\n<h2>Las herramientas m\u00e1s inteligente para cualquier necesidad de su sitio web de Drupal<\/h2>\n\n<figure class=\"browser-frame\">\n<img decoding=\"async\" alt=\"the best free drupal modules for your website\" src=\"https:\/\/elfsight.com\/wp-content\/uploads\/2020\/08\/platform-image-drupal.jpg\">\n<\/figure>\n\n<h2>Las herramientas m\u00e1s inteligente para cualquier necesidad de su sitio web de Drupal <\/h2>\n<p>M\u00e1s de muchos a\u00f1os, nuestro equipo de Elfsight de especialistas lanza los widgets manejables y adaptativos para usted. Elfsight constantemente garantizamos a Usted un soporte profesional y una velocidad de carga impresionante. Elfsight Apps Services echa una mano a un mont\u00f3n de tiendas en l\u00ednea, educativos y otros propietarios de sitios web en diferentes partes del mundo para cumplir con las cuestiones esenciales de los sitios web de manera m\u00e1s eficazmente. <\/p>\n<p>Simplemente instalar los plugins en su sitio web usted tendr\u00e1 una oportunidad para aumentar ventas, mostrar agradecidos sobre sus servicios, mejorar la buena actitud de su negocio. Los planes de tarifas son desde gratis hasta corporativo. F\u00e1cilmente instalar cualquier widgets adecuado, utilizando nuestra demo en vivo y compruebe cu\u00e1nto ser\u00e1 importante en t\u00e9rminos de promoci\u00f3n de su sitio web de servicio. <\/p>\n\n<h2> \n\u00bfQu\u00e9 hace que Elfsight plugins premium herramientas para su sitio web? <\/h2>\n\n<p>Aqu\u00ed est\u00e1 una lista de beneficios b\u00e1sicas de nuestros widgets, que garantizan que estamos por delante de competidores: <\/p>\n\n<ul>\n<li>Respuesta gratis y prometida con la integraci\u00f3n o configuraci\u00f3n de widgets; <\/li>. \n<li>Adaptabilidad a cualquier tama\u00f1os de pantalla; <\/li>\n<li>Innecesario tener un equipo de desarrolladores; <\/li>\n<li> Una gama vasta de caracter\u00edsticas de ajuste; <\/li>\n<li>Soluciones proporcionan avanzar la velocidad de su sitio web; <\/li>\n<li> Actualizaciones frecuente; <\/li>\n<li>Suscripciones asequibles del precio; <\/li>\n<li>Asistencia constante para cualquier cuestiones de usuarios. <\/li>. \n<\/ul>\n\n<p>Eval\u00fae opci\u00f3n gratuita de nuestros plugins y obtenga accede a sus potenciales o selecciona cualquier herramienta deseada|proporcionada|con un 20% de descuento. <\/p>\n\n\n<h2>C\u00f3mo implementar el plugins en su Drupal de sitio web<\/h2>\n<div class=\"video-container\">\n<iframe width=\"720\" height=\"405\" src=\"https:\/\/www.youtube.com\/embed\/kftsXxhTTC8\" frameborder=\"0\" allowfullscreen><\/iframe>\n<\/div>\n<p>Para integrar nuestra herramientas de plugins, sigue los pasos de la gu\u00eda simple: <\/p>\n\n<ol>\n<li>Abre la herramienta suficiente; <\/li>\n<li> Modifica algunos ajustes esencial cuando sea necesario; <\/li>\n<li> Aplica \u00abguardar los cambios\u00bb; <\/li>\n<li> Obtenga el c\u00f3digo obtenido; <\/li>\n<li>A\u00f1ade el c\u00f3digo en el lugar requerido de su sitio web o plantilla; <\/li>\n<li>\u00a1Hecho! Has exactamente integrado esta herramienta. <\/li>\n<\/ol>\n\n<p>Si usted tiene algunos problemas, por favor eres muy bienvenido a enviar un mensaje al equipo de soporte. <\/p>\n\n<div class=\"faq\" data-component=\"FAQ\">\n<div class=\"faq-item\">\r\n\t\t\t\t\t<div class=\"faq-item-question\">\r\n\t\t\t\t\t\t<h3 class=\"faq-item-question-text\">\u00bfDe qu\u00e9 manera incorporar las m\u00f3dulos en plantilla de Drupal?<\/h3>\r\n\r\n\t\t\t\t\t\t<div class=\"faq-item-question-icon\"><\/div>\r\n\t\t\t\t\t<\/div>\r\n\r\n\t\t\t\t\t<div class=\"faq-item-answer\">\r\n\t\t\t\t\t\t<div class=\"faq-item-answer-text\"> \n\n<p> Usted puede a\u00f1adir los m\u00f3dulos a su sitio. S\u00f3lo abre el tabla de admin y sigue estos pasos: <\/p>\n<ol>\n<li>Selecciona la configuraci\u00f3n del tema; <\/li>\n<li>Selecciona el elemento en el que quieres integrar la m\u00f3dulo; <\/li>\n<li>A\u00f1ade el c\u00f3digo de el Elfsight Apps y aplica los ajustes. <\/li>\n<p>Hecho. <\/p>\n\n<\/div>\r\n\t\t\t\t\t<\/div>\r\n\t\t\t\t<\/div>\n\n<div class=\"faq-item\">\r\n\t\t\t\t\t<div class=\"faq-item-question\">\r\n\t\t\t\t\t\t<h3 class=\"faq-item-question-text\">\u00bfCu\u00e1les son las versiones de Drupal y plantillas con las que se puede integrar la m\u00f3dulo?<\/h3>\r\n\r\n\t\t\t\t\t\t<div class=\"faq-item-question-icon\"><\/div>\r\n\t\t\t\t\t<\/div>\r\n\r\n\t\t\t\t\t<div class=\"faq-item-answer\">\r\n\t\t\t\t\t\t<div class=\"faq-item-answer-text\"> \n\nElfsight m\u00f3dulos pueden a\u00f1adirse a cualquier versi\u00f3n de plantillas de la Drupal de sitio. Usted puede estar seguro de que tendr\u00e1 un rendimiento sustancial de todas las soluciones. \n\n<\/div>\r\n\t\t\t\t\t<\/div>\r\n\t\t\t\t<\/div>\n\n<div class=\"faq-item\">\r\n\t\t\t\t\t<div class=\"faq-item-question\">\r\n\t\t\t\t\t\t<h3 class=\"faq-item-question-text\">\u00bfD\u00f3nde puedo gestionar Elfsight m\u00f3dulos? <\/h3>\r\n\r\n\t\t\t\t\t\t<div class=\"faq-item-question-icon\"><\/div>\r\n\t\t\t\t\t<\/div>\r\n\r\n\t\t\t\t\t<div class=\"faq-item-answer\">\r\n\t\t\t\t\t\t<div class=\"faq-item-answer-text\">\n\nTodos nuestros usuarios pueden alterar las modificaciones esenciales en caracter\u00edsticas de configuraci\u00f3n en configurador iniciativa de Elfsight. \n<\/div>\r\n\t\t\t\t\t<\/div>\r\n\t\t\t\t<\/div>\n\n\n<div class=\"faq-item\">\r\n\t\t\t\t\t<div class=\"faq-item-question\">\r\n\t\t\t\t\t\t<h3 class=\"faq-item-question-text\">\u00bfPodr\u00eda enviar un mensaje a Elfsight centro de Ayuda si tengo algunas preguntas?<\/h3>\r\n\r\n\t\t\t\t\t\t<div class=\"faq-item-question-icon\"><\/div>\r\n\t\t\t\t\t<\/div>\r\n\r\n\t\t\t\t\t<div class=\"faq-item-answer\">\r\n\t\t\t\t\t\t<div class=\"faq-item-answer-text\"> \n\n<p>Todos los usuarios pueden enviar un mensaje a conocidos especialistas capaces de Nuestro Apoyo para pedir una orientaci\u00f3n sobre el uso de las soluciones.<\/p> \n<\/div>\r\n\t\t\t\t\t<\/div>\r\n\t\t\t\t<\/div>\n<\/div>\n","protected":false},"excerpt":{"rendered":"Las herramientas m\u00e1s inteligente para cualquier necesidad de su sitio web de Drupal Las herramientas m\u00e1s inteligente para cualquier necesidad de su sitio web de Drupal M\u00e1s de muchos a\u00f1os, nuestro equipo de Elfsight de especialistas lanza los widgets manejables y adaptativos para usted. Elfsight constantemente garantizamos a Usted un&#8230;","protected":false},"author":13,"featured_media":0,"parent":0,"menu_order":0,"comment_status":"closed","ping_status":"closed","template":"templates\/template-platform.php","meta":{"publish_to_discourse":"","publish_post_category":"","wpdc_auto_publish_overridden":"","wpdc_topic_tags":"","wpdc_pin_topic":"","wpdc_pin_until":"","discourse_post_id":"","discourse_permalink":"","wpdc_publishing_response":"","wpdc_publishing_error":"","footnotes":""},"class_list":["post-2335","page","type-page","status-publish","hentry"],"yoast_head":"<!-- This site is optimized with the Yoast SEO plugin v25.3.1 - https:\/\/yoast.com\/wordpress\/plugins\/seo\/ -->\n<title>M\u00e1s de 70 mejores m\u00f3dulos y widgets de Drupal para su sitio web [2025]<\/title>\n<meta name=\"description\" content=\"Cat\u00e1logo de aplicaciones excelentes y plugins especialmente para websites de Drupal. Ayuda a la personalizaci\u00f3n y funcionalidad amplia.\" \/>\n<meta name=\"robots\" content=\"index, follow, max-snippet:-1, max-image-preview:large, max-video-preview:-1\" \/>\n<link rel=\"canonical\" href=\"https:\/\/elfsight.com\/es\/drupal-modules\/\" \/>\n<meta property=\"og:locale\" content=\"es_ES\" \/>\n<meta property=\"og:type\" content=\"article\" \/>\n<meta property=\"og:title\" content=\"M\u00e1s de 70 mejores m\u00f3dulos y widgets de Drupal para su sitio web [2025]\" \/>\n<meta property=\"og:description\" content=\"Cat\u00e1logo de aplicaciones excelentes y plugins especialmente para websites de Drupal. Ayuda a la personalizaci\u00f3n y funcionalidad amplia.\" \/>\n<meta property=\"og:url\" content=\"https:\/\/elfsight.com\/es\/drupal-modules\/\" \/>\n<meta property=\"og:site_name\" content=\"Elfsight ES\" \/>\n<meta property=\"article:modified_time\" content=\"2022-02-14T07:10:25+00:00\" \/>\n<meta property=\"og:image\" content=\"https:\/\/elfsight.com\/wp-content\/uploads\/2020\/08\/platform-image-drupal.jpg\" \/>\n<meta name=\"twitter:card\" content=\"summary_large_image\" \/>\n<meta name=\"twitter:label1\" content=\"Tiempo de lectura\" \/>\n\t<meta name=\"twitter:data1\" content=\"3 minutos\" \/>\n<!-- \/ Yoast SEO plugin. -->","yoast_head_json":{"title":"M\u00e1s de 70 mejores m\u00f3dulos y widgets de Drupal para su sitio web [2025]","description":"Cat\u00e1logo de aplicaciones excelentes y plugins especialmente para websites de Drupal. Ayuda a la personalizaci\u00f3n y funcionalidad amplia.","robots":{"index":"index","follow":"follow","max-snippet":"max-snippet:-1","max-image-preview":"max-image-preview:large","max-video-preview":"max-video-preview:-1"},"canonical":"https:\/\/elfsight.com\/es\/drupal-modules\/","og_locale":"es_ES","og_type":"article","og_title":"M\u00e1s de 70 mejores m\u00f3dulos y widgets de Drupal para su sitio web [2025]","og_description":"Cat\u00e1logo de aplicaciones excelentes y plugins especialmente para websites de Drupal. Ayuda a la personalizaci\u00f3n y funcionalidad amplia.","og_url":"https:\/\/elfsight.com\/es\/drupal-modules\/","og_site_name":"Elfsight ES","article_modified_time":"2022-02-14T07:10:25+00:00","og_image":[{"url":"https:\/\/elfsight.com\/wp-content\/uploads\/2020\/08\/platform-image-drupal.jpg","type":"","width":"","height":""}],"twitter_card":"summary_large_image","twitter_misc":{"Tiempo de lectura":"3 minutos"},"schema":{"@context":"https:\/\/schema.org","@graph":[{"@type":"WebPage","@id":"https:\/\/elfsight.com\/es\/drupal-modules\/","url":"https:\/\/elfsight.com\/es\/drupal-modules\/","name":"M\u00e1s de 70 mejores m\u00f3dulos y widgets de Drupal para su sitio web [2025]","isPartOf":{"@id":"https:\/\/elfsight.com\/es\/#website"},"primaryImageOfPage":{"@id":"https:\/\/elfsight.com\/es\/drupal-modules\/#primaryimage"},"image":{"@id":"https:\/\/elfsight.com\/es\/drupal-modules\/#primaryimage"},"thumbnailUrl":"https:\/\/elfsight.com\/wp-content\/uploads\/2020\/08\/platform-image-drupal.jpg","datePublished":"2021-10-07T07:08:12+00:00","dateModified":"2022-02-14T07:10:25+00:00","description":"Cat\u00e1logo de aplicaciones excelentes y plugins especialmente para websites de Drupal. Ayuda a la personalizaci\u00f3n y funcionalidad amplia.","breadcrumb":{"@id":"https:\/\/elfsight.com\/es\/drupal-modules\/#breadcrumb"},"inLanguage":"es","potentialAction":[{"@type":"ReadAction","target":["https:\/\/elfsight.com\/es\/drupal-modules\/"]}]},{"@type":"ImageObject","inLanguage":"es","@id":"https:\/\/elfsight.com\/es\/drupal-modules\/#primaryimage","url":"https:\/\/elfsight.com\/wp-content\/uploads\/2020\/08\/platform-image-drupal.jpg","contentUrl":"https:\/\/elfsight.com\/wp-content\/uploads\/2020\/08\/platform-image-drupal.jpg"},{"@type":"BreadcrumbList","@id":"https:\/\/elfsight.com\/es\/drupal-modules\/#breadcrumb","itemListElement":[{"@type":"ListItem","position":1,"name":"Home","item":"https:\/\/elfsight.com\/es\/"},{"@type":"ListItem","position":2,"name":"Drupal modules"}]},{"@type":"WebSite","@id":"https:\/\/elfsight.com\/es\/#website","url":"https:\/\/elfsight.com\/es\/","name":"Elfsight ES","description":"Just another Elfsight Sites site","potentialAction":[{"@type":"SearchAction","target":{"@type":"EntryPoint","urlTemplate":"https:\/\/elfsight.com\/es\/?s={search_term_string}"},"query-input":{"@type":"PropertyValueSpecification","valueRequired":true,"valueName":"search_term_string"}}],"inLanguage":"es"}]}},"meta_box":{"industry":"","seo_heading":"","heading":"","description":"","cta_heading":"","cta_description":"","application":"","h1":"Los mejores m\u00f3dulos de Drupal","h1_caption":"Colecci\u00f3n gratuita de plugins plug-and-play con funcionalidad escala completa para crecer de usuario y realizar todos objetivos otros de marketing. Instalaci\u00f3n simple, un conjunto ancho de caracter\u00edsticas de customizaci\u00f3n y servicio al consumidor inmediato.","application_category":[],"applications_title":"Explora colecci\u00f3n incre\u00edble de estos widgets gratuitos para el sitio web","applications_request_title":"","applications_request_button_text":"","hero_text":"","hero_video":"","hero_video_schema_markup":"","selling_points_title":"","selling_points_caption":"","selling_points":[],"selling_points_cta_text":"","features_title":"","features":"","ed_cta_examples_text":"","ed_cta_examples_hidden":"","ed_cta_demo_text":"","ed_cta_demo_hidden":"","why_caption":"","why_editor_title":"","why_editor_text":"","why_team_title":"","why_team_text":"","why_service_title":"","why_service_text":"","template_catalog_visible":"","template_catalog_title":"","template_catalog_text":"","template_catalog_categories_visible":"","demo_title":"","demo_caption":"","default_faq_hidden":"","app_template_category":[],"platform":"2161","template_public_id":"","codecanyon_url":"","codecanyon_item_id":"","codecanyon_price":"","pricing_caption":"","pricing_elfsight_apps_hide_column":"","pricing_elfsight_apps_url":"","pricing_codecanyon_price_caption":"","integration_category":[],"integration_request_title":"","integration_request_cta":"","integration_platform":"","integrations":[],"platform_category":[],"video_schema_markup":"{\r\n  \"@context\": \"http:\/\/schema.org\",\r\n  \"@type\": \"VideoObject\",\r\n  \"name\": \"How to Add Module to Drupal (fast &amp; easy)\",\r\n  \"description\": \"Free catalog of excellent free modules and plugins exclusively for Drupal websites. Help with the customization and rich functionality.\",\r\n  \"thumbnailUrl\": \"https:\/\/i.ytimg.com\/vi\/kftsXxhTTC8\/default.jpg\",\r\n  \"uploadDate\": \"2021-06-04T14:07:22Z\",\r\n  \"duration\": \"PT2M47S\",\r\n  \"embedUrl\": \"https:\/\/www.youtube.com\/embed\/kftsXxhTTC8\",\r\n  \"interactionCount\": \"20\"\r\n}","price":"","trial":"","benefits":[],"button_url":"","button_target_blank":"","button_nofollow":"","attributes":[],"tags":[],"tags_disable_links":"","hide_more_platforms":"","video_object":"","demo_hide_cta":"","demo_hide_cloud_options":"","pricing_title":"","pricing":[],"related_apps_title":"","related_apps_hidden":"","author":"","image":[],"title":"","job":"","social_networks":[]},"_links":{"self":[{"href":"https:\/\/elfsight.com\/es\/wp-json\/wp\/v2\/pages\/2335","targetHints":{"allow":["GET"]}}],"collection":[{"href":"https:\/\/elfsight.com\/es\/wp-json\/wp\/v2\/pages"}],"about":[{"href":"https:\/\/elfsight.com\/es\/wp-json\/wp\/v2\/types\/page"}],"author":[{"embeddable":true,"href":"https:\/\/elfsight.com\/es\/wp-json\/wp\/v2\/users\/13"}],"replies":[{"embeddable":true,"href":"https:\/\/elfsight.com\/es\/wp-json\/wp\/v2\/comments?post=2335"}],"version-history":[{"count":5,"href":"https:\/\/elfsight.com\/es\/wp-json\/wp\/v2\/pages\/2335\/revisions"}],"predecessor-version":[{"id":2343,"href":"https:\/\/elfsight.com\/es\/wp-json\/wp\/v2\/pages\/2335\/revisions\/2343"}],"wp:attachment":[{"href":"https:\/\/elfsight.com\/es\/wp-json\/wp\/v2\/media?parent=2335"}],"curies":[{"name":"wp","href":"https:\/\/api.w.org\/{rel}","templated":true}]}}