{"id":19915,"date":"2025-06-17T10:51:17","date_gmt":"2025-06-17T10:51:17","guid":{"rendered":"https:\/\/elfsight.com\/es\/?page_id=19915"},"modified":"2025-07-08T14:45:32","modified_gmt":"2025-07-08T14:45:32","slug":"joomla","status":"publish","type":"page","link":"https:\/\/elfsight.com\/es\/comments-widget\/joomla\/","title":{"rendered":"Comments &#8211; Joomla"},"content":{"rendered":"<div class=\"application-platform-content-item-description application-platform-content-item\" id=\"description\" data-nav-section=\"description\"> <h2>Incrusta comentarios en Joomla con una extensi\u00f3n de Elfsight<\/h2> <p>La extensi\u00f3n de Comentarios aporta una interacci\u00f3n en tiempo real a tu sitio web, permitiendo a los usuarios publicar como invitados o iniciar sesi\u00f3n con un solo clic. Est\u00e1 dise\u00f1ada para un engagement intuitivo, con respuestas con hilos, reacciones con emojis y discusiones en tiempo real que funcionan naturalmente en cualquier dispositivo. Gracias a un dise\u00f1o adaptable y soporte multiling\u00fce, se integra sin problemas en cualquier sitio web, facilitando que cualquiera se una a la conversaci\u00f3n.<\/p> <p>M\u00e1s all\u00e1 de la usabilidad, ofrece funciones inteligentes que mejoran la visibilidad y la confianza. Las herramientas de moderaci\u00f3n, la protecci\u00f3n contra spam y el uso compartido de comentarios mantienen tu comunidad segura y activa. El marcado SEO-friendly mejora tu posicionamiento, mientras que los res\u00famenes de administraci\u00f3n y la edici\u00f3n de usuario ofrecen tanto control como flexibilidad. Ya sea que est\u00e9s construyendo un foro o fomentando comentarios en el blog, esta extensi\u00f3n te ayuda a crecer a trav\u00e9s del di\u00e1logo.<\/p><p><strong>Da voz a tus visitantes con nuestra extensi\u00f3n de Comentarios en tu sitio web de Joomla.<\/strong><\/p><\/div> <div class=\"application-platform-content-item-features application-platform-content-item\" id=\"features\" data-nav-section=\"features\"> <h2>Ofrecemos funciones \u00fatiles y sencillas, aqu\u00ed tienes algunas de ellas:<\/h2><ul><li><b>La forma m\u00e1s f\u00e1cil de comentar sin registrarse.<\/b> Los usuarios pueden unirse a la discusi\u00f3n sin enviar informaci\u00f3n privada, pero es sencillo iniciar sesi\u00f3n con Google o Facebook si lo desean.<\/li><li><b>Herramientas de administraci\u00f3n para la moderaci\u00f3n de comentarios.<\/b> Realiza un seguimiento y gestiona los comentarios de los usuarios junto con los compa\u00f1eros de equipo que asignes como administradores.<\/li><li><b>Botones y reacciones cl\u00e1sicas para las discusiones.<\/b> Puedes reaccionar, etiquetar a otros y compartir cualquier comentario espec\u00edfico.<\/li><li><b>Conversaci\u00f3n ilimitada para todos.<\/b> La extensi\u00f3n crece contigo, soportando usuarios, respuestas y p\u00e1ginas de contenido infinitas.<\/li><li><b>Marcado SEO-friendly para las discusiones.<\/b> Los comentarios est\u00e1n marcados con datos estructurados schema.org para ayudar a los motores de b\u00fasqueda a comprender e indexar tu contenido.<\/li><\/ul><p><a href=\"#demo\">El editor en l\u00ednea puede mostrarte c\u00f3mo funcionan las funciones y configuraciones directamente en esta p\u00e1gina<\/a><\/p><\/div> <div class=\"application-platform-content-item-installation application-platform-content-item\" id=\"installation\" data-nav-section=\"installation\"> <h2>\u00bfC\u00f3mo incrusto comentarios en mi sitio web de Joomla?<\/h2><p>Aqu\u00ed tienes una gu\u00eda sencilla para tener la extensi\u00f3n en tu sitio web de Joomla. Solo te llevar\u00e1 unos minutos y no requiere codificaci\u00f3n.<\/p><ol><li><strong>Crea tu extensi\u00f3n de Comentarios personalizada<\/strong><br> Empieza con cualquier plantilla en el editor, trabaja con los elementos convenientes en ella y personaliza la extensi\u00f3n a tu estilo y configuraciones preferidos.<\/li><li><strong>Recibe el c\u00f3digo personal para incrustar la extensi\u00f3n<\/strong><br> Una vez que hayas creado tu extensi\u00f3n, recibir\u00e1s un c\u00f3digo HTML individual en tu panel de control. Copia este c\u00f3digo que contiene toda la informaci\u00f3n sobre tus configuraciones.<\/li><li><strong>Muestra la extensi\u00f3n en tu sitio web de Joomla<\/strong><br> Elige las \u00e1reas de tu sitio web donde deseas presentar los Comentarios y pega el c\u00f3digo all\u00ed. Guarda los cambios.<\/li><\/ol><p>\u00a1Eso es todo! Ahora, comprueba c\u00f3mo funciona la extensi\u00f3n en tu sitio web.<\/p><p>Si tienes alg\u00fan problema al incrustar la extensi\u00f3n en tu sitio web, no dudes en ponerte en contacto con nuestro centro de ayuda. Estaremos encantados de guiarte a trav\u00e9s de la adici\u00f3n y el ajuste de tu caja de comentarios con hilos.<\/p><\/div>","protected":false},"excerpt":{"rendered":"","protected":false},"author":9,"featured_media":0,"parent":19874,"menu_order":0,"comment_status":"closed","ping_status":"closed","template":"templates\/template-application-platform.php","meta":{"publish_to_discourse":"","publish_post_category":"","wpdc_auto_publish_overridden":"","wpdc_topic_tags":"","wpdc_pin_topic":"","wpdc_pin_until":"","discourse_post_id":"","discourse_permalink":"","wpdc_publishing_response":"","wpdc_publishing_error":"","footnotes":""},"class_list":["post-19915","page","type-page","status-publish","hentry"],"yoast_head":"<!-- This site is optimized with the Yoast SEO plugin v25.3.1 - https:\/\/yoast.com\/wordpress\/plugins\/seo\/ -->\n<title>Extensi\u00f3n de comentarios para Joomla - A\u00f1ade interacci\u00f3n a tu sitio web [GRATIS]<\/title>\n<meta name=\"description\" content=\"A\u00f1ada una extensi\u00f3n de Comentarios sin c\u00f3digo en su sitio web de Joomla. Utilice el editor r\u00e1pido de Elfsight para construir sin esfuerzo su soluci\u00f3n personal.\" \/>\n<meta name=\"robots\" content=\"index, follow, max-snippet:-1, max-image-preview:large, max-video-preview:-1\" \/>\n<link rel=\"canonical\" href=\"https:\/\/elfsight.com\/es\/comments-widget\/joomla\/\" \/>\n<meta property=\"og:locale\" content=\"es_ES\" \/>\n<meta property=\"og:type\" content=\"article\" \/>\n<meta property=\"og:title\" content=\"Extensi\u00f3n de comentarios para Joomla - A\u00f1ade interacci\u00f3n a tu sitio web [GRATIS]\" \/>\n<meta property=\"og:description\" content=\"A\u00f1ada una extensi\u00f3n de Comentarios sin c\u00f3digo en su sitio web de Joomla. Utilice el editor r\u00e1pido de Elfsight para construir sin esfuerzo su soluci\u00f3n personal.\" \/>\n<meta property=\"og:url\" content=\"https:\/\/elfsight.com\/es\/comments-widget\/joomla\/\" \/>\n<meta property=\"og:site_name\" content=\"Elfsight ES\" \/>\n<meta property=\"article:modified_time\" content=\"2025-07-08T14:45:32+00:00\" \/>\n<meta name=\"twitter:card\" content=\"summary_large_image\" \/>\n<meta name=\"twitter:label1\" content=\"Tiempo de lectura\" \/>\n\t<meta name=\"twitter:data1\" content=\"3 minutos\" \/>\n<!-- \/ Yoast SEO plugin. -->","yoast_head_json":{"title":"Extensi\u00f3n de comentarios para Joomla - A\u00f1ade interacci\u00f3n a tu sitio web [GRATIS]","description":"A\u00f1ada una extensi\u00f3n de Comentarios sin c\u00f3digo en su sitio web de Joomla. Utilice el editor r\u00e1pido de Elfsight para construir sin esfuerzo su soluci\u00f3n personal.","robots":{"index":"index","follow":"follow","max-snippet":"max-snippet:-1","max-image-preview":"max-image-preview:large","max-video-preview":"max-video-preview:-1"},"canonical":"https:\/\/elfsight.com\/es\/comments-widget\/joomla\/","og_locale":"es_ES","og_type":"article","og_title":"Extensi\u00f3n de comentarios para Joomla - A\u00f1ade interacci\u00f3n a tu sitio web [GRATIS]","og_description":"A\u00f1ada una extensi\u00f3n de Comentarios sin c\u00f3digo en su sitio web de Joomla. Utilice el editor r\u00e1pido de Elfsight para construir sin esfuerzo su soluci\u00f3n personal.","og_url":"https:\/\/elfsight.com\/es\/comments-widget\/joomla\/","og_site_name":"Elfsight ES","article_modified_time":"2025-07-08T14:45:32+00:00","twitter_card":"summary_large_image","twitter_misc":{"Tiempo de lectura":"3 minutos"},"schema":{"@context":"https:\/\/schema.org","@graph":[{"@type":"WebPage","@id":"https:\/\/elfsight.com\/es\/comments-widget\/joomla\/","url":"https:\/\/elfsight.com\/es\/comments-widget\/joomla\/","name":"Extensi\u00f3n de comentarios para Joomla - A\u00f1ade interacci\u00f3n a tu sitio web [GRATIS]","isPartOf":{"@id":"https:\/\/elfsight.com\/es\/#website"},"datePublished":"2025-06-17T10:51:17+00:00","dateModified":"2025-07-08T14:45:32+00:00","description":"A\u00f1ada una extensi\u00f3n de Comentarios sin c\u00f3digo en su sitio web de Joomla. Utilice el editor r\u00e1pido de Elfsight para construir sin esfuerzo su soluci\u00f3n personal.","breadcrumb":{"@id":"https:\/\/elfsight.com\/es\/comments-widget\/joomla\/#breadcrumb"},"inLanguage":"es","potentialAction":[{"@type":"ReadAction","target":["https:\/\/elfsight.com\/es\/comments-widget\/joomla\/"]}]},{"@type":"BreadcrumbList","@id":"https:\/\/elfsight.com\/es\/comments-widget\/joomla\/#breadcrumb","itemListElement":[{"@type":"ListItem","position":1,"name":"Home","item":"https:\/\/elfsight.com\/es\/"},{"@type":"ListItem","position":2,"name":"Comments &#8211; Joomla"}]},{"@type":"WebSite","@id":"https:\/\/elfsight.com\/es\/#website","url":"https:\/\/elfsight.com\/es\/","name":"Elfsight ES","description":"Just another Elfsight Sites site","potentialAction":[{"@type":"SearchAction","target":{"@type":"EntryPoint","urlTemplate":"https:\/\/elfsight.com\/es\/?s={search_term_string}"},"query-input":{"@type":"PropertyValueSpecification","valueRequired":true,"valueName":"search_term_string"}}],"inLanguage":"es"}]}},"meta_box":{"industry":"","seo_heading":"","heading":"","description":"","cta_heading":"","cta_description":"","application":"19872","h1":"Joomla Extensi\u00f3n de Comentarios","h1_caption":"Permite a los usuarios reales conversar y dejar comentarios en su sitio web de Joomla a trav\u00e9s de una secci\u00f3n de comentarios incrustada con inicio de sesi\u00f3n integrado y ricas funciones interactivas.","application_category":[],"applications_title":"","applications_request_title":"","applications_request_button_text":"","hero_text":"","hero_video":"","hero_video_schema_markup":"","selling_points_title":"","selling_points_caption":"","selling_points":[],"selling_points_cta_text":"","features_title":"","features":"","ed_cta_examples_text":"","ed_cta_examples_hidden":"","ed_cta_demo_text":"","ed_cta_demo_hidden":"","why_caption":"","why_editor_title":"","why_editor_text":"","why_team_title":"","why_team_text":"","why_service_title":"","why_service_text":"","template_catalog_visible":"","template_catalog_title":"","template_catalog_text":"","template_catalog_categories_visible":"","demo_title":"Crea tu extensi\u00f3n de Comentarios","demo_caption":"Configura tus Comentarios y a\u00f1\u00e1delos a tu sitio web de Joomla \u00a1gratis!","default_faq_hidden":"","app_template_category":[],"platform":"73","template_public_id":"","codecanyon_url":"","codecanyon_item_id":"","codecanyon_price":"","pricing_caption":"","pricing_elfsight_apps_hide_column":"","pricing_elfsight_apps_url":"","pricing_codecanyon_price_caption":"","integration_category":[],"integration_request_title":"","integration_request_cta":"","integration_platform":"","integrations":[],"platform_category":[],"video_schema_markup":"","price":"Desde $0 \/ mes","trial":"","benefits":[],"button_url":"#demo","button_target_blank":"0","button_nofollow":"","attributes":[{"name":"Instalaciones","content":"50,000 - 100,000","_state":"expanded"},{"name":"Adaptable","content":"S\u00ed","_state":"expanded"},{"name":"Navegadores compatibles","content":"Firefox, Safari, Opera, Chrome, Edge","_state":"expanded"}],"tags":[],"tags_disable_links":"","hide_more_platforms":"","video_object":"","demo_hide_cta":"","demo_hide_cloud_options":"","pricing_title":"","pricing":[{"pricing_icon":"platform","pricing_title":"Elfsight Apps","pricing_title_caption":"Versi\u00f3n multiplataforma","":"","pricing_price":"Desde $0 \/ mes","pricing_price_caption":"Comienza con un plan gratuito","pricing_benefits":"","pricing_button_text":"A\u00f1adir al sitio web","pricing_button_url":"#demo"}],"related_apps_title":"","related_apps_hidden":"","author":"","image":[],"title":"","job":"","social_networks":[]},"_links":{"self":[{"href":"https:\/\/elfsight.com\/es\/wp-json\/wp\/v2\/pages\/19915","targetHints":{"allow":["GET"]}}],"collection":[{"href":"https:\/\/elfsight.com\/es\/wp-json\/wp\/v2\/pages"}],"about":[{"href":"https:\/\/elfsight.com\/es\/wp-json\/wp\/v2\/types\/page"}],"author":[{"embeddable":true,"href":"https:\/\/elfsight.com\/es\/wp-json\/wp\/v2\/users\/9"}],"replies":[{"embeddable":true,"href":"https:\/\/elfsight.com\/es\/wp-json\/wp\/v2\/comments?post=19915"}],"version-history":[{"count":1,"href":"https:\/\/elfsight.com\/es\/wp-json\/wp\/v2\/pages\/19915\/revisions"}],"predecessor-version":[{"id":19919,"href":"https:\/\/elfsight.com\/es\/wp-json\/wp\/v2\/pages\/19915\/revisions\/19919"}],"up":[{"embeddable":true,"href":"https:\/\/elfsight.com\/es\/wp-json\/wp\/v2\/pages\/19874"}],"wp:attachment":[{"href":"https:\/\/elfsight.com\/es\/wp-json\/wp\/v2\/media?parent=19915"}],"curies":[{"name":"wp","href":"https:\/\/api.w.org\/{rel}","templated":true}]}}