{"id":19907,"date":"2025-06-17T11:12:23","date_gmt":"2025-06-17T11:12:23","guid":{"rendered":"https:\/\/elfsight.com\/es\/?page_id=19907"},"modified":"2025-07-08T14:45:24","modified_gmt":"2025-07-08T14:45:24","slug":"weebly","status":"publish","type":"page","link":"https:\/\/elfsight.com\/es\/comments-widget\/weebly\/","title":{"rendered":"Comments &#8211; Weebly"},"content":{"rendered":"<div class=\"application-platform-content-item-description application-platform-content-item\" id=\"description\" data-nav-section=\"description\"> <h2>Incrusta comentarios en Weebly con una aplicaci\u00f3n de Elfsight<\/h2> <p>La aplicaci\u00f3n de Comentarios a\u00f1ade una interacci\u00f3n en tiempo real a tu sitio web, permitiendo a los usuarios comentar instant\u00e1neamente como invitados o a trav\u00e9s de inicios de sesi\u00f3n sociales r\u00e1pidos. Est\u00e1 dise\u00f1ada para una comunicaci\u00f3n f\u00e1cil de usar con respuestas anidadas, emojis expresivos y actualizaciones instant\u00e1neas que se sienten naturales en cualquier dispositivo. Dise\u00f1ada para adaptarse a cada pantalla y hablar cada idioma, la aplicaci\u00f3n se integra sin problemas en cualquier sitio web, asegurando que cualquiera pueda unirse a la discusi\u00f3n sin esfuerzo.<\/p><p>Adem\u00e1s de su facilidad de uso, est\u00e1 repleta de funciones inteligentes que generan credibilidad y aumentan la exposici\u00f3n. Las herramientas de moderaci\u00f3n integradas, la protecci\u00f3n contra spam y el uso compartido de comentarios mantienen tus discusiones seguras y animadas. El marcado SEO-friendly ayuda a tu contenido a subir en los rankings de b\u00fasqueda, mientras que las estad\u00edsticas de administraci\u00f3n y las opciones de edici\u00f3n de usuario ofrecen tanto control como flexibilidad. Ya sea que est\u00e9s construyendo un foro vibrante o impulsando la participaci\u00f3n en el blog, esta aplicaci\u00f3n te equipa para expandir tu alcance fomentando conversaciones significativas.<\/p><p><strong>Da vida a tu sitio web de Weebly habilitando las discusiones de los usuarios con nuestra aplicaci\u00f3n de Comentarios.<\/strong><\/p><\/div> <div class=\"application-platform-content-item-features application-platform-content-item\" id=\"features\" data-nav-section=\"features\"> <h2>Descubre la lista de las funciones m\u00e1s \u00fatiles:<\/h2><ul><li><b>La forma m\u00e1s f\u00e1cil de comentar sin registrarse.<\/b> Los visitantes pueden participar en la conversaci\u00f3n sin enviar informaci\u00f3n privada, pero es sencillo iniciar sesi\u00f3n con Google o Facebook si lo desean.<\/li><li><b>Herramientas de administraci\u00f3n para la moderaci\u00f3n de comentarios.<\/b> Tienes control total sobre cada comentario, con deberes de moderaci\u00f3n compartidos entre tus compa\u00f1eros de equipo elegidos.<\/li><li><b>Botones y reacciones cl\u00e1sicas para las discusiones.<\/b> Es posible dar \u00abme gusta\u00bb o \u00abno me gusta\u00bb, mencionar a usuarios y compartir cualquier comentario individual.<\/li><li><b>Discusiones abiertas sin l\u00edmites.<\/b> Permite una comunicaci\u00f3n ilimitada en todo tu sitio web, sin l\u00edmites de usuarios o actividad.<\/li><li><b>Marcado SEO-friendly para las discusiones.<\/b> Los comentarios incluyen el marcado schema.org, lo que facilita a los motores de b\u00fasqueda el rastreo y la clasificaci\u00f3n de tu contenido.<\/li><\/ul><p><a href=\"#demo\">Explora todas las configuraciones de la aplicaci\u00f3n en el editor directamente en esta p\u00e1gina<\/a><\/p><\/div> <div class=\"application-platform-content-item-installation application-platform-content-item\" id=\"installation\" data-nav-section=\"installation\"> <h2>\u00bfC\u00f3mo incrusto comentarios en mi sitio web de Weebly?<\/h2><p>Te ofrecemos una forma sencilla de tener la aplicaci\u00f3n en tu sitio web de Weebly. Solo te llevar\u00e1 unos minutos y no requiere codificaci\u00f3n.<\/p><ol><li><strong>Crea tu aplicaci\u00f3n de Comentarios personal<\/strong><br> Empieza con cualquier plantilla en el editor, trabaja con los elementos convenientes en ella y personaliza la aplicaci\u00f3n a tu dise\u00f1o y configuraciones deseados.<\/li><li><strong>Recibe el c\u00f3digo personal para incrustar la aplicaci\u00f3n<\/strong><br> Tan pronto como termines de construir la aplicaci\u00f3n, recibir\u00e1s un c\u00f3digo HTML individual en tu panel de control. Copia este c\u00f3digo que contiene todos los detalles sobre tus configuraciones.<\/li><li><strong>Muestra la aplicaci\u00f3n en tu sitio web de Weebly<\/strong><br> Define las secciones de tu sitio web donde quieres presentar los Comentarios y pega el c\u00f3digo all\u00ed. Guarda los cambios.<\/li><\/ol><p>\u00a1Listo! Ahora, comprueba c\u00f3mo funciona la aplicaci\u00f3n en tu sitio web.<\/p><p>Si tienes alg\u00fan problema al incrustar la aplicaci\u00f3n en un sitio web, simplemente ponte en contacto con nuestros gerentes de soporte. Estaremos encantados de explicarte c\u00f3mo a\u00f1adir y ajustar tu caja de comentarios con hilos.<\/p><\/div>","protected":false},"excerpt":{"rendered":"","protected":false},"author":9,"featured_media":0,"parent":19874,"menu_order":0,"comment_status":"closed","ping_status":"closed","template":"templates\/template-application-platform.php","meta":{"publish_to_discourse":"","publish_post_category":"","wpdc_auto_publish_overridden":"","wpdc_topic_tags":"","wpdc_pin_topic":"","wpdc_pin_until":"","discourse_post_id":"","discourse_permalink":"","wpdc_publishing_response":"","wpdc_publishing_error":"","footnotes":""},"class_list":["post-19907","page","type-page","status-publish","hentry"],"yoast_head":"<!-- This site is optimized with the Yoast SEO plugin v25.3.1 - https:\/\/yoast.com\/wordpress\/plugins\/seo\/ -->\n<title>App de comentarios para Weebly - A\u00f1ade interacci\u00f3n a tu sitio web [GRATIS]<\/title>\n<meta name=\"description\" content=\"A\u00f1ada una aplicaci\u00f3n de Comentarios sin c\u00f3digo a su sitio web de Weebly. Eche un vistazo al editor r\u00e1pido de Elfsight para construir sin esfuerzo su soluci\u00f3n individual.\" \/>\n<meta name=\"robots\" content=\"index, follow, max-snippet:-1, max-image-preview:large, max-video-preview:-1\" \/>\n<link rel=\"canonical\" href=\"https:\/\/elfsight.com\/es\/comments-widget\/weebly\/\" \/>\n<meta property=\"og:locale\" content=\"es_ES\" \/>\n<meta property=\"og:type\" content=\"article\" \/>\n<meta property=\"og:title\" content=\"App de comentarios para Weebly - A\u00f1ade interacci\u00f3n a tu sitio web [GRATIS]\" \/>\n<meta property=\"og:description\" content=\"A\u00f1ada una aplicaci\u00f3n de Comentarios sin c\u00f3digo a su sitio web de Weebly. Eche un vistazo al editor r\u00e1pido de Elfsight para construir sin esfuerzo su soluci\u00f3n individual.\" \/>\n<meta property=\"og:url\" content=\"https:\/\/elfsight.com\/es\/comments-widget\/weebly\/\" \/>\n<meta property=\"og:site_name\" content=\"Elfsight ES\" \/>\n<meta property=\"article:modified_time\" content=\"2025-07-08T14:45:24+00:00\" \/>\n<meta name=\"twitter:card\" content=\"summary_large_image\" \/>\n<meta name=\"twitter:label1\" content=\"Tiempo de lectura\" \/>\n\t<meta name=\"twitter:data1\" content=\"3 minutos\" \/>\n<!-- \/ Yoast SEO plugin. -->","yoast_head_json":{"title":"App de comentarios para Weebly - A\u00f1ade interacci\u00f3n a tu sitio web [GRATIS]","description":"A\u00f1ada una aplicaci\u00f3n de Comentarios sin c\u00f3digo a su sitio web de Weebly. Eche un vistazo al editor r\u00e1pido de Elfsight para construir sin esfuerzo su soluci\u00f3n individual.","robots":{"index":"index","follow":"follow","max-snippet":"max-snippet:-1","max-image-preview":"max-image-preview:large","max-video-preview":"max-video-preview:-1"},"canonical":"https:\/\/elfsight.com\/es\/comments-widget\/weebly\/","og_locale":"es_ES","og_type":"article","og_title":"App de comentarios para Weebly - A\u00f1ade interacci\u00f3n a tu sitio web [GRATIS]","og_description":"A\u00f1ada una aplicaci\u00f3n de Comentarios sin c\u00f3digo a su sitio web de Weebly. Eche un vistazo al editor r\u00e1pido de Elfsight para construir sin esfuerzo su soluci\u00f3n individual.","og_url":"https:\/\/elfsight.com\/es\/comments-widget\/weebly\/","og_site_name":"Elfsight ES","article_modified_time":"2025-07-08T14:45:24+00:00","twitter_card":"summary_large_image","twitter_misc":{"Tiempo de lectura":"3 minutos"},"schema":{"@context":"https:\/\/schema.org","@graph":[{"@type":"WebPage","@id":"https:\/\/elfsight.com\/es\/comments-widget\/weebly\/","url":"https:\/\/elfsight.com\/es\/comments-widget\/weebly\/","name":"App de comentarios para Weebly - A\u00f1ade interacci\u00f3n a tu sitio web [GRATIS]","isPartOf":{"@id":"https:\/\/elfsight.com\/es\/#website"},"datePublished":"2025-06-17T11:12:23+00:00","dateModified":"2025-07-08T14:45:24+00:00","description":"A\u00f1ada una aplicaci\u00f3n de Comentarios sin c\u00f3digo a su sitio web de Weebly. Eche un vistazo al editor r\u00e1pido de Elfsight para construir sin esfuerzo su soluci\u00f3n individual.","breadcrumb":{"@id":"https:\/\/elfsight.com\/es\/comments-widget\/weebly\/#breadcrumb"},"inLanguage":"es","potentialAction":[{"@type":"ReadAction","target":["https:\/\/elfsight.com\/es\/comments-widget\/weebly\/"]}]},{"@type":"BreadcrumbList","@id":"https:\/\/elfsight.com\/es\/comments-widget\/weebly\/#breadcrumb","itemListElement":[{"@type":"ListItem","position":1,"name":"Home","item":"https:\/\/elfsight.com\/es\/"},{"@type":"ListItem","position":2,"name":"Comments &#8211; Weebly"}]},{"@type":"WebSite","@id":"https:\/\/elfsight.com\/es\/#website","url":"https:\/\/elfsight.com\/es\/","name":"Elfsight ES","description":"Just another Elfsight Sites site","potentialAction":[{"@type":"SearchAction","target":{"@type":"EntryPoint","urlTemplate":"https:\/\/elfsight.com\/es\/?s={search_term_string}"},"query-input":{"@type":"PropertyValueSpecification","valueRequired":true,"valueName":"search_term_string"}}],"inLanguage":"es"}]}},"meta_box":{"industry":"","seo_heading":"","heading":"","description":"","cta_heading":"","cta_description":"","application":"19872","h1":"Weebly Aplicaci\u00f3n de Comentarios","h1_caption":"Permite a los usuarios reales conversar y dejar comentarios en su sitio web de Weebly a trav\u00e9s de una secci\u00f3n de comentarios incrustada con inicio de sesi\u00f3n integrado y ricas funciones interactivas.","application_category":[],"applications_title":"","applications_request_title":"","applications_request_button_text":"","hero_text":"","hero_video":"","hero_video_schema_markup":"","selling_points_title":"","selling_points_caption":"","selling_points":[],"selling_points_cta_text":"","features_title":"","features":"","ed_cta_examples_text":"","ed_cta_examples_hidden":"","ed_cta_demo_text":"","ed_cta_demo_hidden":"","why_caption":"","why_editor_title":"","why_editor_text":"","why_team_title":"","why_team_text":"","why_service_title":"","why_service_text":"","template_catalog_visible":"","template_catalog_title":"","template_catalog_text":"","template_catalog_categories_visible":"","demo_title":"Crea tu aplicaci\u00f3n de Comentarios","demo_caption":"Configura tus Comentarios y a\u00f1\u00e1delos a tu sitio web de Weebly \u00a1gratis!","default_faq_hidden":"","app_template_category":[],"platform":"109","template_public_id":"","codecanyon_url":"","codecanyon_item_id":"","codecanyon_price":"","pricing_caption":"","pricing_elfsight_apps_hide_column":"","pricing_elfsight_apps_url":"","pricing_codecanyon_price_caption":"","integration_category":[],"integration_request_title":"","integration_request_cta":"","integration_platform":"","integrations":[],"platform_category":[],"video_schema_markup":"","price":"Desde $0 \/ mes","trial":"","benefits":[],"button_url":"#demo","button_target_blank":"0","button_nofollow":"","attributes":[{"name":"Instalaciones","content":"50,000 - 100,000","_state":"expanded"},{"name":"Adaptable","content":"S\u00ed","_state":"expanded"},{"name":"Navegadores compatibles","content":"Firefox, Safari, Opera, Chrome, Edge","_state":"expanded"}],"tags":[],"tags_disable_links":"","hide_more_platforms":"","video_object":"","demo_hide_cta":"","demo_hide_cloud_options":"","pricing_title":"","pricing":[{"pricing_icon":"platform","pricing_title":"Elfsight Apps","pricing_title_caption":"Soluci\u00f3n digital multiplataforma","":"","pricing_price":"Desde $0 \/ mes","pricing_price_caption":"Comienza con un plan gratuito","pricing_benefits":"","pricing_button_text":"A\u00f1adir al sitio web","pricing_button_url":"#demo"}],"related_apps_title":"","related_apps_hidden":"","author":"","image":[],"title":"","job":"","social_networks":[]},"_links":{"self":[{"href":"https:\/\/elfsight.com\/es\/wp-json\/wp\/v2\/pages\/19907","targetHints":{"allow":["GET"]}}],"collection":[{"href":"https:\/\/elfsight.com\/es\/wp-json\/wp\/v2\/pages"}],"about":[{"href":"https:\/\/elfsight.com\/es\/wp-json\/wp\/v2\/types\/page"}],"author":[{"embeddable":true,"href":"https:\/\/elfsight.com\/es\/wp-json\/wp\/v2\/users\/9"}],"replies":[{"embeddable":true,"href":"https:\/\/elfsight.com\/es\/wp-json\/wp\/v2\/comments?post=19907"}],"version-history":[{"count":1,"href":"https:\/\/elfsight.com\/es\/wp-json\/wp\/v2\/pages\/19907\/revisions"}],"predecessor-version":[{"id":19911,"href":"https:\/\/elfsight.com\/es\/wp-json\/wp\/v2\/pages\/19907\/revisions\/19911"}],"up":[{"embeddable":true,"href":"https:\/\/elfsight.com\/es\/wp-json\/wp\/v2\/pages\/19874"}],"wp:attachment":[{"href":"https:\/\/elfsight.com\/es\/wp-json\/wp\/v2\/media?parent=19907"}],"curies":[{"name":"wp","href":"https:\/\/api.w.org\/{rel}","templated":true}]}}