{"id":19897,"date":"2025-06-17T13:19:07","date_gmt":"2025-06-17T13:19:07","guid":{"rendered":"https:\/\/elfsight.com\/es\/?page_id=19897"},"modified":"2025-07-08T14:45:16","modified_gmt":"2025-07-08T14:45:16","slug":"webnode","status":"publish","type":"page","link":"https:\/\/elfsight.com\/es\/comments-widget\/webnode\/","title":{"rendered":"Comments &#8211; Webnode"},"content":{"rendered":"<div class=\"application-platform-content-item-description application-platform-content-item\" id=\"description\" data-nav-section=\"description\"> <h2>Incrusta comentarios en Webnode con un widget de Elfsight<\/h2> <p>El widget de Comentarios brinda una interacci\u00f3n fluida a tu sitio web, permitiendo a los usuarios comentar instant\u00e1neamente como invitados o a trav\u00e9s de inicios de sesi\u00f3n sociales r\u00e1pidos. Est\u00e1 estructurado para la simplicidad, pero es lo suficientemente potente para discusiones din\u00e1micas de varios niveles que se sienten naturales en cualquier dispositivo. Dise\u00f1ado para adaptarse a cada pantalla y hablar cada idioma, el widget se integra sin problemas en cualquier sitio web, reduciendo la barrera para que los usuarios compartan su voz.<\/p><p>Adem\u00e1s de una interacci\u00f3n fluida, aporta potentes funciones que impulsan la visibilidad y refuerzan la confianza. Las herramientas de moderaci\u00f3n integradas, la protecci\u00f3n contra spam y el uso compartido de comentarios mantienen una secci\u00f3n de comentarios vibrante y libre de spam y abusos. El marcado SEO-friendly ayuda a tu contenido a subir en los rankings de b\u00fasqueda, mientras que las estad\u00edsticas de administraci\u00f3n y las opciones de edici\u00f3n de usuario ofrecen tanto control como flexibilidad. Ya sea que se trate de un concurrido foro de discusi\u00f3n o una simple publicaci\u00f3n de blog, este widget te brinda las soluciones para crecer a trav\u00e9s del di\u00e1logo.<\/p><p><strong>A\u00f1ade nuestro widget de Comentarios para permitir que los visitantes intercambien opiniones en tu sitio web Webnode.<\/strong><\/p><\/div> <div class=\"application-platform-content-item-features application-platform-content-item\" id=\"features\" data-nav-section=\"features\"> <h2>Estas son solo algunas de las valiosas funciones del widget:<\/h2><ul><li><b>La forma m\u00e1s f\u00e1cil de comentar como invitado.<\/b> Las personas son libres de compartir sus pensamientos sin proporcionar informaci\u00f3n personal, pero es sencillo iniciar sesi\u00f3n con Google o Facebook si lo prefieren.<\/li><li><b>Herramientas de administraci\u00f3n para la moderaci\u00f3n de comentarios.<\/b> Tienes control total sobre cada comentario, junto con los miembros del equipo que invites como moderadores.<\/li><li><b>Botones y reacciones cl\u00e1sicas para las discusiones.<\/b> Dale \u00abme gusta\u00bb o \u00abno me gusta\u00bb a las respuestas, menciona a alguien o copia un enlace a cualquier comentario.<\/li><li><b>Conversaci\u00f3n ilimitada para todos.<\/b> Escala tus discusiones sin esfuerzo, sin l\u00edmite de usuarios, comentarios o hilos.<\/li><li><b>Marcado SEO-friendly para las discusiones.<\/b> Los comentarios est\u00e1n marcados con datos estructurados schema.org para ayudar a los motores de b\u00fasqueda a comprender e indexar tu contenido.<\/li><\/ul><p><a href=\"#demo\">Simplemente prueba todas las ventajas del widget en el editor directamente en esta p\u00e1gina<\/a><\/p><\/div> <div class=\"application-platform-content-item-installation application-platform-content-item\" id=\"installation\" data-nav-section=\"installation\"> <h2>\u00bfC\u00f3mo incrusto comentarios en mi sitio web Webnode?<\/h2><p>Aqu\u00ed tienes una gu\u00eda sencilla para tener el widget en tu sitio web Webnode. Solo te llevar\u00e1 unos minutos y no requiere codificaci\u00f3n.<\/p><ol><li><strong>Crea tu widget de Comentarios personal<\/strong><br> Empieza con cualquier plantilla en el editor, trabaja con los elementos convenientes en ella y ajusta el widget a tu estilo y configuraciones deseados.<\/li><li><strong>Obt\u00e9n el c\u00f3digo personal para incrustar el widget<\/strong><br> Una vez que hayas creado el widget, recibir\u00e1s un c\u00f3digo HTML individual en tu panel de control. Copia este c\u00f3digo que contiene todos los detalles sobre tus ajustes.<\/li><li><strong>Muestra el widget en tu sitio web Webnode<\/strong><br> Define las \u00e1reas de tu sitio web donde quieres presentar los Comentarios y pega el c\u00f3digo all\u00ed. Guarda los cambios.<\/li><\/ol><p>\u00a1Eso es todo! Ahora, mira c\u00f3mo funciona el widget en tu sitio web.<\/p><p>Si tienes alg\u00fan problema al incrustar el widget en tu sitio web, simplemente ponte en contacto con nuestros gerentes de soporte. Estaremos encantados de ayudarte a a\u00f1adir y gestionar tu caja de comentarios con hilos.<\/p><\/div>","protected":false},"excerpt":{"rendered":"","protected":false},"author":9,"featured_media":0,"parent":19874,"menu_order":0,"comment_status":"closed","ping_status":"closed","template":"templates\/template-application-platform.php","meta":{"publish_to_discourse":"","publish_post_category":"","wpdc_auto_publish_overridden":"","wpdc_topic_tags":"","wpdc_pin_topic":"","wpdc_pin_until":"","discourse_post_id":"","discourse_permalink":"","wpdc_publishing_response":"","wpdc_publishing_error":"","footnotes":""},"class_list":["post-19897","page","type-page","status-publish","hentry"],"yoast_head":"<!-- This site is optimized with the Yoast SEO plugin v25.3.1 - https:\/\/yoast.com\/wordpress\/plugins\/seo\/ -->\n<title>Widget de comentarios para Webnode - A\u00f1ade interacci\u00f3n a tu sitio web [GRATIS]<\/title>\n<meta name=\"description\" content=\"A\u00f1ada un widget de Comentarios sin c\u00f3digo a su sitio web de Webnode. Utilice el editor en l\u00ednea de Elfsight para hacer f\u00e1cilmente su soluci\u00f3n individual.\" \/>\n<meta name=\"robots\" content=\"index, follow, max-snippet:-1, max-image-preview:large, max-video-preview:-1\" \/>\n<link rel=\"canonical\" href=\"https:\/\/elfsight.com\/es\/comments-widget\/webnode\/\" \/>\n<meta property=\"og:locale\" content=\"es_ES\" \/>\n<meta property=\"og:type\" content=\"article\" \/>\n<meta property=\"og:title\" content=\"Widget de comentarios para Webnode - A\u00f1ade interacci\u00f3n a tu sitio web [GRATIS]\" \/>\n<meta property=\"og:description\" content=\"A\u00f1ada un widget de Comentarios sin c\u00f3digo a su sitio web de Webnode. Utilice el editor en l\u00ednea de Elfsight para hacer f\u00e1cilmente su soluci\u00f3n individual.\" \/>\n<meta property=\"og:url\" content=\"https:\/\/elfsight.com\/es\/comments-widget\/webnode\/\" \/>\n<meta property=\"og:site_name\" content=\"Elfsight ES\" \/>\n<meta property=\"article:modified_time\" content=\"2025-07-08T14:45:16+00:00\" \/>\n<meta name=\"twitter:card\" content=\"summary_large_image\" \/>\n<meta name=\"twitter:label1\" content=\"Tiempo de lectura\" \/>\n\t<meta name=\"twitter:data1\" content=\"3 minutos\" \/>\n<!-- \/ Yoast SEO plugin. -->","yoast_head_json":{"title":"Widget de comentarios para Webnode - A\u00f1ade interacci\u00f3n a tu sitio web [GRATIS]","description":"A\u00f1ada un widget de Comentarios sin c\u00f3digo a su sitio web de Webnode. Utilice el editor en l\u00ednea de Elfsight para hacer f\u00e1cilmente su soluci\u00f3n individual.","robots":{"index":"index","follow":"follow","max-snippet":"max-snippet:-1","max-image-preview":"max-image-preview:large","max-video-preview":"max-video-preview:-1"},"canonical":"https:\/\/elfsight.com\/es\/comments-widget\/webnode\/","og_locale":"es_ES","og_type":"article","og_title":"Widget de comentarios para Webnode - A\u00f1ade interacci\u00f3n a tu sitio web [GRATIS]","og_description":"A\u00f1ada un widget de Comentarios sin c\u00f3digo a su sitio web de Webnode. Utilice el editor en l\u00ednea de Elfsight para hacer f\u00e1cilmente su soluci\u00f3n individual.","og_url":"https:\/\/elfsight.com\/es\/comments-widget\/webnode\/","og_site_name":"Elfsight ES","article_modified_time":"2025-07-08T14:45:16+00:00","twitter_card":"summary_large_image","twitter_misc":{"Tiempo de lectura":"3 minutos"},"schema":{"@context":"https:\/\/schema.org","@graph":[{"@type":"WebPage","@id":"https:\/\/elfsight.com\/es\/comments-widget\/webnode\/","url":"https:\/\/elfsight.com\/es\/comments-widget\/webnode\/","name":"Widget de comentarios para Webnode - A\u00f1ade interacci\u00f3n a tu sitio web [GRATIS]","isPartOf":{"@id":"https:\/\/elfsight.com\/es\/#website"},"datePublished":"2025-06-17T13:19:07+00:00","dateModified":"2025-07-08T14:45:16+00:00","description":"A\u00f1ada un widget de Comentarios sin c\u00f3digo a su sitio web de Webnode. Utilice el editor en l\u00ednea de Elfsight para hacer f\u00e1cilmente su soluci\u00f3n individual.","breadcrumb":{"@id":"https:\/\/elfsight.com\/es\/comments-widget\/webnode\/#breadcrumb"},"inLanguage":"es","potentialAction":[{"@type":"ReadAction","target":["https:\/\/elfsight.com\/es\/comments-widget\/webnode\/"]}]},{"@type":"BreadcrumbList","@id":"https:\/\/elfsight.com\/es\/comments-widget\/webnode\/#breadcrumb","itemListElement":[{"@type":"ListItem","position":1,"name":"Home","item":"https:\/\/elfsight.com\/es\/"},{"@type":"ListItem","position":2,"name":"Comments &#8211; Webnode"}]},{"@type":"WebSite","@id":"https:\/\/elfsight.com\/es\/#website","url":"https:\/\/elfsight.com\/es\/","name":"Elfsight ES","description":"Just another Elfsight Sites site","potentialAction":[{"@type":"SearchAction","target":{"@type":"EntryPoint","urlTemplate":"https:\/\/elfsight.com\/es\/?s={search_term_string}"},"query-input":{"@type":"PropertyValueSpecification","valueRequired":true,"valueName":"search_term_string"}}],"inLanguage":"es"}]}},"meta_box":{"industry":"","seo_heading":"","heading":"","description":"","cta_heading":"","cta_description":"","application":"19872","h1":"Webnode Widget de Comentarios","h1_caption":"Permite a los usuarios reales conversar y dejar comentarios en su sitio web de Webnode a trav\u00e9s de una secci\u00f3n de comentarios incrustada con inicio de sesi\u00f3n integrado y ricas funciones interactivas.","application_category":[],"applications_title":"","applications_request_title":"","applications_request_button_text":"","hero_text":"","hero_video":"","hero_video_schema_markup":"","selling_points_title":"","selling_points_caption":"","selling_points":[],"selling_points_cta_text":"","features_title":"","features":"","ed_cta_examples_text":"","ed_cta_examples_hidden":"","ed_cta_demo_text":"","ed_cta_demo_hidden":"","why_caption":"","why_editor_title":"","why_editor_text":"","why_team_title":"","why_team_text":"","why_service_title":"","why_service_text":"","template_catalog_visible":"","template_catalog_title":"","template_catalog_text":"","template_catalog_categories_visible":"","demo_title":"Crea tu widget de Comentarios","demo_caption":"Configura tus Comentarios y a\u00f1\u00e1delos a tu sitio web de Webnode \u00a1gratis!","default_faq_hidden":"","app_template_category":[],"platform":"2302","template_public_id":"","codecanyon_url":"","codecanyon_item_id":"","codecanyon_price":"","pricing_caption":"","pricing_elfsight_apps_hide_column":"","pricing_elfsight_apps_url":"","pricing_codecanyon_price_caption":"","integration_category":[],"integration_request_title":"","integration_request_cta":"","integration_platform":"","integrations":[],"platform_category":[],"video_schema_markup":"","price":"Desde $0 \/ mes","trial":"","benefits":[],"button_url":"#demo","button_target_blank":"0","button_nofollow":"","attributes":[{"name":"Instalaciones","content":"50,000 - 100,000","_state":"expanded"},{"name":"Adaptable","content":"S\u00ed","_state":"expanded"},{"name":"Navegadores compatibles","content":"Firefox, Safari, Opera, Chrome, Edge","_state":"expanded"}],"tags":[],"tags_disable_links":"","hide_more_platforms":"","video_object":"","demo_hide_cta":"","demo_hide_cloud_options":"","pricing_title":"","pricing":[{"pricing_icon":"platform","pricing_title":"Elfsight Apps","pricing_title_caption":"Versi\u00f3n independiente de la plataforma que se adapta a cualquier sitio web","":"","pricing_price":"Desde $0 \/ mes","pricing_price_caption":"Comienza con un plan gratuito","pricing_benefits":"","pricing_button_text":"A\u00f1adir al sitio web","pricing_button_url":"#demo"}],"related_apps_title":"","related_apps_hidden":"","author":"","image":[],"title":"","job":"","social_networks":[]},"_links":{"self":[{"href":"https:\/\/elfsight.com\/es\/wp-json\/wp\/v2\/pages\/19897","targetHints":{"allow":["GET"]}}],"collection":[{"href":"https:\/\/elfsight.com\/es\/wp-json\/wp\/v2\/pages"}],"about":[{"href":"https:\/\/elfsight.com\/es\/wp-json\/wp\/v2\/types\/page"}],"author":[{"embeddable":true,"href":"https:\/\/elfsight.com\/es\/wp-json\/wp\/v2\/users\/9"}],"replies":[{"embeddable":true,"href":"https:\/\/elfsight.com\/es\/wp-json\/wp\/v2\/comments?post=19897"}],"version-history":[{"count":1,"href":"https:\/\/elfsight.com\/es\/wp-json\/wp\/v2\/pages\/19897\/revisions"}],"predecessor-version":[{"id":19901,"href":"https:\/\/elfsight.com\/es\/wp-json\/wp\/v2\/pages\/19897\/revisions\/19901"}],"up":[{"embeddable":true,"href":"https:\/\/elfsight.com\/es\/wp-json\/wp\/v2\/pages\/19874"}],"wp:attachment":[{"href":"https:\/\/elfsight.com\/es\/wp-json\/wp\/v2\/media?parent=19897"}],"curies":[{"name":"wp","href":"https:\/\/api.w.org\/{rel}","templated":true}]}}