{"id":19863,"date":"2025-06-17T15:09:46","date_gmt":"2025-06-17T15:09:46","guid":{"rendered":"https:\/\/elfsight.com\/es\/?page_id=19863"},"modified":"2025-06-17T15:09:47","modified_gmt":"2025-06-17T15:09:47","slug":"opencart","status":"publish","type":"page","link":"https:\/\/elfsight.com\/es\/timeline-widget\/opencart\/","title":{"rendered":"Timeline &#8211; OpenCart"},"content":{"rendered":"<div class=\"application-platform-content-item-description application-platform-content-item\" id=\"description\" data-nav-section=\"description\">\n\n<h2>Extensi\u00f3n de l\u00ednea de tiempo para OpenCart<\/h2> <p>Mejore su sitio web OpenCart con una l\u00ednea de tiempo interactiva atractiva y personalizable. Ya sea que desee mostrar la historia de su empresa, destacar el desarrollo de productos o realizar un seguimiento de los hitos del proyecto, el widget de l\u00ednea de tiempo de Elfsight para OpenCart simplifica la creaci\u00f3n de una l\u00ednea de tiempo impresionante y receptiva. Sin necesidad de codificaci\u00f3n, puede construir f\u00e1cilmente una hoja de ruta visual que cautive a los visitantes y los mantenga comprometidos.<\/p> <ul> <li><b>Cree l\u00edneas de tiempo interactivas sin c\u00f3digo<\/b><br> Dise\u00f1e y personalice su l\u00ednea de tiempo en minutos sin necesidad de conocimientos de programaci\u00f3n. Lance su l\u00ednea de tiempo interactiva al instante e involucre a su audiencia con el m\u00ednimo esfuerzo.<\/li> <li><b>Opciones avanzadas de personalizaci\u00f3n<\/b><br> Personalice el dise\u00f1o de su l\u00ednea de tiempo, los colores, las fuentes y m\u00e1s para que coincidan con el estilo y la marca de su sitio web.<\/li> <li><b>Proceso de incrustaci\u00f3n sencillo<\/b><br> Agregue f\u00e1cilmente su l\u00ednea de tiempo personalizada a su sitio web OpenCart con un simple c\u00f3digo de inserci\u00f3n HTML, no se requiere experiencia t\u00e9cnica.<\/li> <li><b>Atenci\u00f3n al cliente receptiva<\/b><br> Nuestro equipo de soporte dedicado est\u00e1 siempre listo para ayudarlo con la configuraci\u00f3n y la resoluci\u00f3n de problemas, asegurando que su l\u00ednea de tiempo funcione perfectamente en su sitio.<\/li> <\/ul> <p><b>\u00a1Pruebe el widget de l\u00ednea de tiempo de Elfsight para crear una experiencia interactiva y visualmente atractiva para sus visitantes!<\/b><\/p> <\/div>\n<div class=\"application-platform-content-item-features application-platform-content-item\" id=\"features\" data-nav-section=\"features\">\n\n<h2>Lo que puede hacer con la l\u00ednea de tiempo de OpenCart<\/h2> <ul> <li><strong>Involucre a sus visitantes visualmente<\/strong><br> Presente sus hitos, logros y eventos en un formato din\u00e1mico y visual. Una l\u00ednea de tiempo es una forma interactiva de cautivar a su audiencia e inspirarlos a explorar m\u00e1s de su contenido.<\/li> <li><strong>Siga el progreso y los eventos clave<\/strong><br> Muestre el progreso de su empresa, los eventos clave o los hitos del proyecto en un formato claro y cronol\u00f3gico. Esta l\u00ednea de tiempo ayuda a los visitantes a seguir su viaje y mantenerse informados sobre los desarrollos de su negocio.<\/li> <li><strong>Destaque hitos importantes<\/strong><br> Muestre sus logros m\u00e1s importantes en un dise\u00f1o limpio y f\u00e1cil de seguir que capte la atenci\u00f3n e invite a los visitantes a interactuar con su contenido.<\/li> <\/ul> <p><a href=\"#demo\">Explore el editor para ver todas las caracter\u00edsticas del widget de l\u00ednea de tiempo.<\/a><\/p> <\/div>\n<div class=\"application-platform-content-item-installation application-platform-content-item\" id=\"installation\" data-nav-section=\"installation\">\n\n<h2>C\u00f3mo incrustar una l\u00ednea de tiempo en OpenCart<\/h2> <p>Agregar la extensi\u00f3n de l\u00ednea de tiempo a su sitio OpenCart es f\u00e1cil y no requiere conocimientos de codificaci\u00f3n. Siga estos sencillos pasos:<\/p> <ol> <li><b>Cree su l\u00ednea de tiempo personalizada para OpenCart<\/b><br> Comience seleccionando una plantilla de nuestro editor. Personal\u00edcela ajustando el dise\u00f1o, agregando hitos y ajustando el dise\u00f1o para que coincida con el aspecto de su sitio.<\/li> <li><b>Obtenga su c\u00f3digo de incrustaci\u00f3n \u00fanico<\/b><br> Una vez que haya terminado de personalizar su l\u00ednea de tiempo, se le proporcionar\u00e1 un c\u00f3digo HTML \u00fanico. Copie este c\u00f3digo para usarlo en su sitio web.<\/li> <li><b>Incruste el c\u00f3digo en su sitio OpenCart<\/b><br> Pegue el c\u00f3digo HTML en la secci\u00f3n apropiada de su p\u00e1gina de OpenCart. Guarde los cambios y su l\u00ednea de tiempo interactiva estar\u00e1 activa en su sitio.<\/li> <li><b>\u00a1Disfrute de su nueva l\u00ednea de tiempo interactiva!<\/b><br> Visite su sitio para ver la l\u00ednea de tiempo en acci\u00f3n y comience a involucrar a los visitantes con una experiencia interactiva y visualmente atractiva.<\/li> <\/ol> <p>Para obtener instrucciones m\u00e1s detalladas, consulte nuestra gu\u00eda sobre <a href=\"https:\/\/elfsight.com\/blog\/how-to-embed-timeline-to-website\/\" target=\"_blank\" rel=\"noopener\">c\u00f3mo agregar una l\u00ednea de tiempo a su sitio web<\/a>.<\/p> <\/div>\n<div class=\"faq\" data-component=\"FAQ\">\n<div class=\"faq-item\">\r\n\t\t\t\t\t<div class=\"faq-item-question\">\r\n\t\t\t\t\t\t<h3 class=\"faq-item-question-text\">\u00bfLa extensi\u00f3n de l\u00ednea de tiempo para OpenCart es gratuita?<\/h3>\r\n\r\n\t\t\t\t\t\t<div class=\"faq-item-question-icon\"><\/div>\r\n\t\t\t\t\t<\/div>\r\n\r\n\t\t\t\t\t<div class=\"faq-item-answer\">\r\n\t\t\t\t\t\t<div class=\"faq-item-answer-text\">\nS\u00ed, Elfsight ofrece un modelo de suscripci\u00f3n con un plan gratuito que incluye las funciones b\u00e1sicas del widget de l\u00ednea de tiempo. Puede actualizar a planes de pago para obtener opciones de personalizaci\u00f3n m\u00e1s avanzadas.\n<\/div>\r\n\t\t\t\t\t<\/div>\r\n\t\t\t\t<\/div>\n\n<div class=\"faq-item\">\r\n\t\t\t\t\t<div class=\"faq-item-question\">\r\n\t\t\t\t\t\t<h3 class=\"faq-item-question-text\">\u00bfNecesito conocimientos de codificaci\u00f3n para usar el widget de l\u00ednea de tiempo para OpenCart?<\/h3>\r\n\r\n\t\t\t\t\t\t<div class=\"faq-item-question-icon\"><\/div>\r\n\t\t\t\t\t<\/div>\r\n\r\n\t\t\t\t\t<div class=\"faq-item-answer\">\r\n\t\t\t\t\t\t<div class=\"faq-item-answer-text\">\nNo, el creador de l\u00edneas de tiempo de OpenCart de Elfsight no requiere conocimientos de codificaci\u00f3n. Simplemente use nuestro editor intuitivo para crear y personalizar su l\u00ednea de tiempo.\n<\/div>\r\n\t\t\t\t\t<\/div>\r\n\t\t\t\t<\/div>\n\n<div class=\"faq-item\">\r\n\t\t\t\t\t<div class=\"faq-item-question\">\r\n\t\t\t\t\t\t<h3 class=\"faq-item-question-text\">\u00bfC\u00f3mo puedo crear una l\u00ednea de tiempo interactiva para OpenCart?<\/h3>\r\n\r\n\t\t\t\t\t\t<div class=\"faq-item-question-icon\"><\/div>\r\n\t\t\t\t\t<\/div>\r\n\r\n\t\t\t\t\t<div class=\"faq-item-answer\">\r\n\t\t\t\t\t\t<div class=\"faq-item-answer-text\">\nElija una plantilla del editor, personal\u00edcela para que se ajuste a sus necesidades e incruste el c\u00f3digo HTML generado en su sitio web OpenCart.\n<\/div>\r\n\t\t\t\t\t<\/div>\r\n\t\t\t\t<\/div>\n\n<div class=\"faq-item\">\r\n\t\t\t\t\t<div class=\"faq-item-question\">\r\n\t\t\t\t\t\t<h3 class=\"faq-item-question-text\">\u00bfQu\u00e9 tipos de l\u00edneas de tiempo puedo crear para OpenCart?<\/h3>\r\n\r\n\t\t\t\t\t\t<div class=\"faq-item-question-icon\"><\/div>\r\n\t\t\t\t\t<\/div>\r\n\r\n\t\t\t\t\t<div class=\"faq-item-answer\">\r\n\t\t\t\t\t\t<div class=\"faq-item-answer-text\">\nPuede crear varios tipos de l\u00edneas de tiempo, como:\n\n<ul> <li><strong>Historial de la empresa<\/strong>: Muestre el crecimiento y los logros de su empresa a lo largo del tiempo.<\/li> <li><strong>Desarrollo de productos<\/strong>: Realice un seguimiento del recorrido de su producto desde el concepto hasta el lanzamiento.<\/li> <li><strong>L\u00ednea de tiempo del proyecto<\/strong>: Muestre las diferentes etapas de sus proyectos o campa\u00f1as.<\/li> <li><strong>Horarios de eventos<\/strong>: Presente l\u00edneas de tiempo para eventos, lanzamientos de productos o conferencias.<\/li> <\/ul> <\/div>\r\n\t\t\t\t\t<\/div>\r\n\t\t\t\t<\/div> <\/div>","protected":false},"excerpt":{"rendered":"","protected":false},"author":9,"featured_media":0,"parent":19500,"menu_order":0,"comment_status":"closed","ping_status":"closed","template":"templates\/template-application-platform.php","meta":{"publish_to_discourse":"","publish_post_category":"","wpdc_auto_publish_overridden":"","wpdc_topic_tags":"","wpdc_pin_topic":"","wpdc_pin_until":"","discourse_post_id":"","discourse_permalink":"","wpdc_publishing_response":"","wpdc_publishing_error":"","footnotes":""},"class_list":["post-19863","page","type-page","status-publish","hentry"],"yoast_head":"<!-- This site is optimized with the Yoast SEO plugin v25.3.1 - https:\/\/yoast.com\/wordpress\/plugins\/seo\/ -->\n<title>L\u00ednea de tiempo de OpenCart: cree una l\u00ednea de historial para un sitio web [GRATIS]<\/title>\n<meta name=\"description\" content=\"A\u00f1ade una l\u00ednea de tiempo personalizada a tu tienda OpenCart. Muestre hitos clave del producto, logros de la empresa o eventos con un widget de l\u00ednea de tiempo personalizable y sin c\u00f3digo.\" \/>\n<meta name=\"robots\" content=\"index, follow, max-snippet:-1, max-image-preview:large, max-video-preview:-1\" \/>\n<link rel=\"canonical\" href=\"https:\/\/elfsight.com\/es\/timeline-widget\/opencart\/\" \/>\n<meta property=\"og:locale\" content=\"es_ES\" \/>\n<meta property=\"og:type\" content=\"article\" \/>\n<meta property=\"og:title\" content=\"L\u00ednea de tiempo de OpenCart: cree una l\u00ednea de historial para un sitio web [GRATIS]\" \/>\n<meta property=\"og:description\" content=\"A\u00f1ade una l\u00ednea de tiempo personalizada a tu tienda OpenCart. Muestre hitos clave del producto, logros de la empresa o eventos con un widget de l\u00ednea de tiempo personalizable y sin c\u00f3digo.\" \/>\n<meta property=\"og:url\" content=\"https:\/\/elfsight.com\/es\/timeline-widget\/opencart\/\" \/>\n<meta property=\"og:site_name\" content=\"Elfsight ES\" \/>\n<meta property=\"article:modified_time\" content=\"2025-06-17T15:09:47+00:00\" \/>\n<meta name=\"twitter:card\" content=\"summary_large_image\" \/>\n<meta name=\"twitter:label1\" content=\"Tiempo de lectura\" \/>\n\t<meta name=\"twitter:data1\" content=\"4 minutos\" \/>\n<!-- \/ Yoast SEO plugin. -->","yoast_head_json":{"title":"L\u00ednea de tiempo de OpenCart: cree una l\u00ednea de historial para un sitio web [GRATIS]","description":"A\u00f1ade una l\u00ednea de tiempo personalizada a tu tienda OpenCart. Muestre hitos clave del producto, logros de la empresa o eventos con un widget de l\u00ednea de tiempo personalizable y sin c\u00f3digo.","robots":{"index":"index","follow":"follow","max-snippet":"max-snippet:-1","max-image-preview":"max-image-preview:large","max-video-preview":"max-video-preview:-1"},"canonical":"https:\/\/elfsight.com\/es\/timeline-widget\/opencart\/","og_locale":"es_ES","og_type":"article","og_title":"L\u00ednea de tiempo de OpenCart: cree una l\u00ednea de historial para un sitio web [GRATIS]","og_description":"A\u00f1ade una l\u00ednea de tiempo personalizada a tu tienda OpenCart. Muestre hitos clave del producto, logros de la empresa o eventos con un widget de l\u00ednea de tiempo personalizable y sin c\u00f3digo.","og_url":"https:\/\/elfsight.com\/es\/timeline-widget\/opencart\/","og_site_name":"Elfsight ES","article_modified_time":"2025-06-17T15:09:47+00:00","twitter_card":"summary_large_image","twitter_misc":{"Tiempo de lectura":"4 minutos"},"schema":{"@context":"https:\/\/schema.org","@graph":[{"@type":"WebPage","@id":"https:\/\/elfsight.com\/es\/timeline-widget\/opencart\/","url":"https:\/\/elfsight.com\/es\/timeline-widget\/opencart\/","name":"L\u00ednea de tiempo de OpenCart: cree una l\u00ednea de historial para un sitio web [GRATIS]","isPartOf":{"@id":"https:\/\/elfsight.com\/es\/#website"},"datePublished":"2025-06-17T15:09:46+00:00","dateModified":"2025-06-17T15:09:47+00:00","description":"A\u00f1ade una l\u00ednea de tiempo personalizada a tu tienda OpenCart. Muestre hitos clave del producto, logros de la empresa o eventos con un widget de l\u00ednea de tiempo personalizable y sin c\u00f3digo.","breadcrumb":{"@id":"https:\/\/elfsight.com\/es\/timeline-widget\/opencart\/#breadcrumb"},"inLanguage":"es","potentialAction":[{"@type":"ReadAction","target":["https:\/\/elfsight.com\/es\/timeline-widget\/opencart\/"]}]},{"@type":"BreadcrumbList","@id":"https:\/\/elfsight.com\/es\/timeline-widget\/opencart\/#breadcrumb","itemListElement":[{"@type":"ListItem","position":1,"name":"Home","item":"https:\/\/elfsight.com\/es\/"},{"@type":"ListItem","position":2,"name":"Timeline","item":"https:\/\/elfsight.com\/es\/timeline-widget\/"},{"@type":"ListItem","position":3,"name":"Timeline &#8211; OpenCart"}]},{"@type":"WebSite","@id":"https:\/\/elfsight.com\/es\/#website","url":"https:\/\/elfsight.com\/es\/","name":"Elfsight ES","description":"Just another Elfsight Sites site","potentialAction":[{"@type":"SearchAction","target":{"@type":"EntryPoint","urlTemplate":"https:\/\/elfsight.com\/es\/?s={search_term_string}"},"query-input":{"@type":"PropertyValueSpecification","valueRequired":true,"valueName":"search_term_string"}}],"inLanguage":"es"}]}},"meta_box":{"industry":"","seo_heading":"","heading":"","description":"","cta_heading":"","cta_description":"","application":"19499","h1":"Complemento de l\u00ednea de tiempo para OpenCart","h1_caption":"Muestre una cronolog\u00eda atractiva de logros para revelar su narrativa, hitos de progreso o eventos con una l\u00ednea de tiempo interactiva en su sitio web OpenCart.","application_category":[],"applications_title":"","applications_request_title":"","applications_request_button_text":"","hero_text":"","hero_video":"","hero_video_schema_markup":"","selling_points_title":"","selling_points_caption":"","selling_points":[],"selling_points_cta_text":"","features_title":"","features":"","ed_cta_examples_text":"","ed_cta_examples_hidden":"","ed_cta_demo_text":"","ed_cta_demo_hidden":"","why_caption":"","why_editor_title":"","why_editor_text":"","why_team_title":"","why_team_text":"","why_service_title":"","why_service_text":"","template_catalog_visible":"0","template_catalog_title":"","template_catalog_text":"","template_catalog_categories_visible":"","demo_title":"Crea tu complemento OpenCart Timeline","demo_caption":"\u00a1Personaliza tu l\u00ednea de tiempo y agr\u00e9gala a tu sitio web con facilidad!","default_faq_hidden":"","app_template_category":[],"platform":"88","template_public_id":"","codecanyon_url":"","codecanyon_item_id":"","codecanyon_price":"","pricing_caption":"","pricing_elfsight_apps_hide_column":"","pricing_elfsight_apps_url":"","pricing_codecanyon_price_caption":"","integration_category":[],"integration_request_title":"","integration_request_cta":"","integration_platform":"","integrations":[],"platform_category":[],"video_schema_markup":"","price":"desde $0 \/ mes","trial":"","benefits":[],"button_url":"#demo","button_target_blank":"0","button_nofollow":"0","attributes":[{"name":"Instalaciones","content":"50,000 - 100,000","_state":"expanded"},{"name":"Sensible","content":"S\u00ed","_state":"expanded"},{"name":"Navegadores compatibles","content":"Firefox, Safari, Opera, Chrome, Edge","_state":"expanded"}],"tags":[],"tags_disable_links":"0","hide_more_platforms":"0","video_object":"","demo_hide_cta":"0","demo_hide_cloud_options":"0","pricing_title":"","pricing":[{"pricing_icon":"platform","pricing_title":"Elfsight Apps","pricing_title_caption":"Software multiplataforma que se adapta a cualquier sitio","pricing_price":"desde $0 \/ mes","pricing_price_caption":"comienza con un plan gratuito","pricing_button_text":"A\u00f1adir al sitio web","pricing_button_url":"#demo"}],"related_apps_title":"","related_apps_hidden":"0","author":"","image":[],"title":"","job":"","social_networks":[]},"_links":{"self":[{"href":"https:\/\/elfsight.com\/es\/wp-json\/wp\/v2\/pages\/19863","targetHints":{"allow":["GET"]}}],"collection":[{"href":"https:\/\/elfsight.com\/es\/wp-json\/wp\/v2\/pages"}],"about":[{"href":"https:\/\/elfsight.com\/es\/wp-json\/wp\/v2\/types\/page"}],"author":[{"embeddable":true,"href":"https:\/\/elfsight.com\/es\/wp-json\/wp\/v2\/users\/9"}],"replies":[{"embeddable":true,"href":"https:\/\/elfsight.com\/es\/wp-json\/wp\/v2\/comments?post=19863"}],"version-history":[{"count":2,"href":"https:\/\/elfsight.com\/es\/wp-json\/wp\/v2\/pages\/19863\/revisions"}],"predecessor-version":[{"id":19865,"href":"https:\/\/elfsight.com\/es\/wp-json\/wp\/v2\/pages\/19863\/revisions\/19865"}],"up":[{"embeddable":true,"href":"https:\/\/elfsight.com\/es\/wp-json\/wp\/v2\/pages\/19500"}],"wp:attachment":[{"href":"https:\/\/elfsight.com\/es\/wp-json\/wp\/v2\/media?parent=19863"}],"curies":[{"name":"wp","href":"https:\/\/api.w.org\/{rel}","templated":true}]}}