{"id":19792,"date":"2025-01-15T14:15:09","date_gmt":"2025-01-15T14:15:09","guid":{"rendered":"https:\/\/elfsight.com\/es\/?page_id=19792"},"modified":"2025-07-10T06:11:16","modified_gmt":"2025-07-10T06:11:16","slug":"squarespace","status":"publish","type":"page","link":"https:\/\/elfsight.com\/es\/chatgpt-widget\/squarespace\/","title":{"rendered":"ChatGPT &#8211; Squarespace"},"content":{"rendered":"<div class=\"application-platform-content-item-description application-platform-content-item\" id=\"description\" data-nav-section=\"description\">\n<h2>Integra ChatGPT en Squarespace con un plugin de Elfsight<\/h2>\n<p>El plugin ChatGPT optimiza la comunicaci\u00f3n con los clientes en tu sitio web automatizando procesos y ofreciendo experiencias personalizadas y fluidas. Con chats ilimitados, respuestas precisas y excelentes funciones de capacitaci\u00f3n, garantiza operaciones fluidas y eficientes, a la vez que ofrece respuestas de alta calidad y naturales en diferentes idiomas. <\/p>\n<p>Dise\u00f1ado con plantillas orientadas a la industria, el plugin se adapta a tus objetivos comerciales, ya sea atenci\u00f3n al cliente, promoci\u00f3n de productos o gesti\u00f3n de comentarios. Recopila informaci\u00f3n detallada de las comunicaciones, ofreciendo informaci\u00f3n para refinar tus procesos y mejorar la experiencia de tus clientes. Integra ChatGPT en tu sitio web para una atenci\u00f3n al cliente m\u00e1s inteligente y constructiva. <\/p>\n<p><b>\u00a1A\u00f1ade ChatGPT a tu sitio web de Squarespace y convierte cada interacci\u00f3n en una oportunidad de crecimiento! <\/b><\/p>\n<p><\/div> <div class=\"application-platform-content-item-features application-platform-content-item\" id=\"features\" data-nav-section=\"features\"> <\/p>\n<h2>Ofrecemos funciones potentes y sencillas. Vea algunas: <\/h2>\n<ul>\n<li><b>Inteligencia artificial de primer nivel. <\/b> Potenciada por uno de los modelos de IA m\u00e1s avanzados hasta la fecha, proporciona respuestas inteligentes y v\u00e1lidas para sus clientes. <\/li>\n<li><b>Entrenamiento con archivos y preguntas y respuestas. <\/b> Entrene a su asistente sin esfuerzo utilizando archivos adicionales, conjuntos de preguntas y respuestas y fragmentos de texto para una configuraci\u00f3n optimizada. <\/li>\n<li><b>Recuerda los datos del cliente y el contenido del chat. <\/b> El asistente puede recordar a los clientes y llamarlos por su nombre, manteni\u00e9ndose enfocado en su solicitud. <\/li>\n<li><b>N\u00famero ilimitado de chats y usuarios. <\/b> El complemento puede mantener comunicaciones ilimitadas con cualquier n\u00famero de clientes para ser igualmente \u00fatil en cualquier chat. <\/li>\n<li><b>Formatos de respuesta legibles.<\/b> El asistente mejora la legibilidad mediante listas, texto en negrita, enlaces y otras opciones de formato para facilitar la comprensi\u00f3n de las respuestas. <\/li>\n<\/ul>\n<p><a href=\"#demo\">Echa un vistazo al editor intuitivo para descubrir las funciones del plugin<\/a><\/p>\n<p><\/div> <div class=\"application-platform-content-item-installation application-platform-content-item\" id=\"installation\" data-nav-section=\"installation\"> <\/p>\n<h2>\u00bfC\u00f3mo integro ChatGPT en mi sitio web de Squarespace?<\/h2>\n<p>Ofrecemos una gu\u00eda sencilla para configurar el plugin en tu sitio web de Squarespace. Solo te llevar\u00e1 unos minutos y no requiere programaci\u00f3n.<\/p>\n<ol>\n<li><strong>Crea tu propio plugin de ChatGPT<\/strong><br \/>Comienza con cualquier plantilla del editor, trabaja con sus elementos intuitivos y personaliza el plugin con el estilo y la configuraci\u00f3n que desees. <\/li>\n<li><strong>Obt\u00e9n el c\u00f3digo personal para incrustar el plugin<\/strong><br \/>Una vez creado el plugin, recibir\u00e1s un c\u00f3digo HTML individual en tu panel de control. Copia el c\u00f3digo que contiene todos los detalles de tu configuraci\u00f3n. <\/li>\n<li><strong>Muestra el plugin en tu sitio web de Squarespace<\/strong><br \/>Define las secciones de tu sitio web donde quieres mostrar el ChatGPT y pega el c\u00f3digo all\u00ed. Guarda los cambios. <\/li>\n<\/ol>\n<p>\u00a1Listo! Ahora, comprueba el rendimiento del plugin en tu sitio web. <\/p>\n<p>Si tienes alg\u00fan problema al incrustar el plugin en un sitio web, no dudes en contactar con nuestro servicio de atenci\u00f3n al cliente. Estaremos encantados de ayudarte a a\u00f1adir y administrar tu chat. <\/p>\n<p><\/div><\/p>\n","protected":false},"excerpt":{"rendered":"","protected":false},"author":9,"featured_media":0,"parent":19847,"menu_order":0,"comment_status":"closed","ping_status":"closed","template":"templates\/template-application-platform.php","meta":{"publish_to_discourse":"","publish_post_category":"","wpdc_auto_publish_overridden":"","wpdc_topic_tags":"","wpdc_pin_topic":"","wpdc_pin_until":"","discourse_post_id":"","discourse_permalink":"","wpdc_publishing_response":"","wpdc_publishing_error":"","footnotes":""},"class_list":["post-19792","page","type-page","status-publish","hentry"],"yoast_head":"<!-- This site is optimized with the Yoast SEO plugin v25.3.1 - https:\/\/yoast.com\/wordpress\/plugins\/seo\/ -->\n<title>Plugin Squarespace ChatGPT: a\u00f1ade AI Chat a tu sitio web de Squarespace<\/title>\n<meta name=\"description\" content=\"A\u00f1ade un plugin ChatGPT integrado a tu sitio web de Squarespace. Descubre el sencillo editor de Elfsight para crear f\u00e1cilmente tu soluci\u00f3n personalizada.\" \/>\n<meta name=\"robots\" content=\"index, follow, max-snippet:-1, max-image-preview:large, max-video-preview:-1\" \/>\n<link rel=\"canonical\" href=\"https:\/\/elfsight.com\/es\/chatgpt-widget\/squarespace\/\" \/>\n<meta property=\"og:locale\" content=\"es_ES\" \/>\n<meta property=\"og:type\" content=\"article\" \/>\n<meta property=\"og:title\" content=\"Plugin Squarespace ChatGPT: a\u00f1ade AI Chat a tu sitio web de Squarespace\" \/>\n<meta property=\"og:description\" content=\"A\u00f1ade un plugin ChatGPT integrado a tu sitio web de Squarespace. Descubre el sencillo editor de Elfsight para crear f\u00e1cilmente tu soluci\u00f3n personalizada.\" \/>\n<meta property=\"og:url\" content=\"https:\/\/elfsight.com\/es\/chatgpt-widget\/squarespace\/\" \/>\n<meta property=\"og:site_name\" content=\"Elfsight ES\" \/>\n<meta property=\"article:modified_time\" content=\"2025-07-10T06:11:16+00:00\" \/>\n<meta name=\"twitter:card\" content=\"summary_large_image\" \/>\n<meta name=\"twitter:label1\" content=\"Tiempo de lectura\" \/>\n\t<meta name=\"twitter:data1\" content=\"2 minutos\" \/>\n<!-- \/ Yoast SEO plugin. -->","yoast_head_json":{"title":"Plugin Squarespace ChatGPT: a\u00f1ade AI Chat a tu sitio web de Squarespace","description":"A\u00f1ade un plugin ChatGPT integrado a tu sitio web de Squarespace. Descubre el sencillo editor de Elfsight para crear f\u00e1cilmente tu soluci\u00f3n personalizada.","robots":{"index":"index","follow":"follow","max-snippet":"max-snippet:-1","max-image-preview":"max-image-preview:large","max-video-preview":"max-video-preview:-1"},"canonical":"https:\/\/elfsight.com\/es\/chatgpt-widget\/squarespace\/","og_locale":"es_ES","og_type":"article","og_title":"Plugin Squarespace ChatGPT: a\u00f1ade AI Chat a tu sitio web de Squarespace","og_description":"A\u00f1ade un plugin ChatGPT integrado a tu sitio web de Squarespace. Descubre el sencillo editor de Elfsight para crear f\u00e1cilmente tu soluci\u00f3n personalizada.","og_url":"https:\/\/elfsight.com\/es\/chatgpt-widget\/squarespace\/","og_site_name":"Elfsight ES","article_modified_time":"2025-07-10T06:11:16+00:00","twitter_card":"summary_large_image","twitter_misc":{"Tiempo de lectura":"2 minutos"},"schema":{"@context":"https:\/\/schema.org","@graph":[{"@type":"WebPage","@id":"https:\/\/elfsight.com\/es\/chatgpt-widget\/squarespace\/","url":"https:\/\/elfsight.com\/es\/chatgpt-widget\/squarespace\/","name":"Plugin Squarespace ChatGPT: a\u00f1ade AI Chat a tu sitio web de Squarespace","isPartOf":{"@id":"https:\/\/elfsight.com\/es\/#website"},"datePublished":"2025-01-15T14:15:09+00:00","dateModified":"2025-07-10T06:11:16+00:00","description":"A\u00f1ade un plugin ChatGPT integrado a tu sitio web de Squarespace. Descubre el sencillo editor de Elfsight para crear f\u00e1cilmente tu soluci\u00f3n personalizada.","breadcrumb":{"@id":"https:\/\/elfsight.com\/es\/chatgpt-widget\/squarespace\/#breadcrumb"},"inLanguage":"es","potentialAction":[{"@type":"ReadAction","target":["https:\/\/elfsight.com\/es\/chatgpt-widget\/squarespace\/"]}]},{"@type":"BreadcrumbList","@id":"https:\/\/elfsight.com\/es\/chatgpt-widget\/squarespace\/#breadcrumb","itemListElement":[{"@type":"ListItem","position":1,"name":"Home","item":"https:\/\/elfsight.com\/es\/"},{"@type":"ListItem","position":2,"name":"ChatGPT","item":"https:\/\/elfsight.com\/es\/chatgpt-widget\/"},{"@type":"ListItem","position":3,"name":"ChatGPT &#8211; Squarespace"}]},{"@type":"WebSite","@id":"https:\/\/elfsight.com\/es\/#website","url":"https:\/\/elfsight.com\/es\/","name":"Elfsight ES","description":"Just another Elfsight Sites site","potentialAction":[{"@type":"SearchAction","target":{"@type":"EntryPoint","urlTemplate":"https:\/\/elfsight.com\/es\/?s={search_term_string}"},"query-input":{"@type":"PropertyValueSpecification","valueRequired":true,"valueName":"search_term_string"}}],"inLanguage":"es"}]}},"meta_box":{"industry":"","seo_heading":"","heading":"","description":"","cta_heading":"","cta_description":"","application":"17569","h1":"Plugin ChatGPT para el sitio web de Squarespace","h1_caption":"Integre un ChatGPT multifuncional en su sitio web de Squarespace para obtener un asistente de inteligencia artificial de autoaprendizaje que siempre est\u00e1 ah\u00ed para guiar y ayudar a sus clientes, capturar clientes potenciales y promocionar sus productos y servicios.","application_category":[],"applications_title":"","applications_request_title":"","applications_request_button_text":"","hero_text":"","hero_video":"","hero_video_schema_markup":"","selling_points_title":"","selling_points_caption":"","selling_points":[],"selling_points_cta_text":"","features_title":"","features":"","ed_cta_examples_text":"","ed_cta_examples_hidden":"","ed_cta_demo_text":"","ed_cta_demo_hidden":"","why_caption":"","why_editor_title":"","why_editor_text":"","why_team_title":"","why_team_text":"","why_service_title":"","why_service_text":"","template_catalog_visible":"","template_catalog_title":"","template_catalog_text":"","template_catalog_categories_visible":"","demo_title":"Crea tu complemento ChatGPT","demo_caption":"\u00a1Configura tu ChatGPT y agr\u00e9galo a tu sitio web de Squarespace gratis!","default_faq_hidden":"","app_template_category":[],"platform":"100","template_public_id":"","codecanyon_url":"","codecanyon_item_id":"","codecanyon_price":"","pricing_caption":"","pricing_elfsight_apps_hide_column":"","pricing_elfsight_apps_url":"","pricing_codecanyon_price_caption":"","integration_category":[],"integration_request_title":"","integration_request_cta":"","integration_platform":"","integrations":[],"platform_category":[],"video_schema_markup":"","price":"desde $0 \/ mes","trial":"","benefits":[],"button_url":"#demo","button_target_blank":"0","button_nofollow":"","attributes":[{"name":"Instalaciones","content":"50,000 - 100,000","_state":""},{"name":"Sensible","content":"S\u00ed","_state":""},{"name":"Navegadores compatibles","content":"Firefox, Safari, Opera, Chrome, Edge","_state":""}],"tags":[],"tags_disable_links":"","hide_more_platforms":"","video_object":"","demo_hide_cta":"","demo_hide_cloud_options":"","pricing_title":"","pricing":[{"pricing_icon":"platform","pricing_title":"Elfsight Apps","pricing_title_caption":"Software multiplataforma","":"","pricing_price":"desde $0 \/ mes","pricing_price_caption":"Comienza con un plan gratuito","pricing_button_text":"A\u00f1adir al sitio web","pricing_button_url":"#demo"}],"related_apps_title":"","related_apps_hidden":"","author":"","image":[],"title":"","job":"","social_networks":[]},"_links":{"self":[{"href":"https:\/\/elfsight.com\/es\/wp-json\/wp\/v2\/pages\/19792","targetHints":{"allow":["GET"]}}],"collection":[{"href":"https:\/\/elfsight.com\/es\/wp-json\/wp\/v2\/pages"}],"about":[{"href":"https:\/\/elfsight.com\/es\/wp-json\/wp\/v2\/types\/page"}],"author":[{"embeddable":true,"href":"https:\/\/elfsight.com\/es\/wp-json\/wp\/v2\/users\/9"}],"replies":[{"embeddable":true,"href":"https:\/\/elfsight.com\/es\/wp-json\/wp\/v2\/comments?post=19792"}],"version-history":[{"count":1,"href":"https:\/\/elfsight.com\/es\/wp-json\/wp\/v2\/pages\/19792\/revisions"}],"predecessor-version":[{"id":19796,"href":"https:\/\/elfsight.com\/es\/wp-json\/wp\/v2\/pages\/19792\/revisions\/19796"}],"up":[{"embeddable":true,"href":"https:\/\/elfsight.com\/es\/wp-json\/wp\/v2\/pages\/19847"}],"wp:attachment":[{"href":"https:\/\/elfsight.com\/es\/wp-json\/wp\/v2\/media?parent=19792"}],"curies":[{"name":"wp","href":"https:\/\/api.w.org\/{rel}","templated":true}]}}