{"id":19775,"date":"2025-01-15T15:03:52","date_gmt":"2025-01-15T15:03:52","guid":{"rendered":"https:\/\/elfsight.com\/es\/?page_id=19775"},"modified":"2025-07-10T06:10:42","modified_gmt":"2025-07-10T06:10:42","slug":"joomla","status":"publish","type":"page","link":"https:\/\/elfsight.com\/es\/chatgpt-widget\/joomla\/","title":{"rendered":"ChatGPT &#8211; Joomla"},"content":{"rendered":"<div class=\"application-platform-content-item-description application-platform-content-item\" id=\"description\" data-nav-section=\"description\">\n<h2>Integra ChatGPT en Joomla con una extensi\u00f3n de Elfsight<\/h2>\n<p>La extensi\u00f3n ChatGPT mejora la comunicaci\u00f3n con los clientes en tu sitio web automatizando procesos y ofreciendo experiencias personalizadas y fluidas. Con chats ilimitados, respuestas precisas y excelentes funciones de aprendizaje, garantiza operaciones fluidas y eficientes, a la vez que ofrece respuestas de alta calidad y con un sonido natural en varios idiomas. <\/p>\n<p>Dise\u00f1ada con plantillas espec\u00edficas para cada sector, la extensi\u00f3n se centra en las necesidades de tu negocio, ya sea atenci\u00f3n al cliente, asesoramiento sobre productos o gesti\u00f3n de comentarios. Recopila datos detallados de las comunicaciones, lo que proporciona informaci\u00f3n para refinar tus procesos y mejorar la experiencia de tus clientes. Integra ChatGPT en tu sitio web para una atenci\u00f3n al cliente m\u00e1s inteligente y constructiva. <\/p>\n<p><b>\u00a1A\u00f1ade ChatGPT a tu sitio web Joomla y descubre el futuro de la automatizaci\u00f3n de servicios! <\/b><\/p>\n<p><\/div> <div class=\"application-platform-content-item-features application-platform-content-item\" id=\"features\" data-nav-section=\"features\"> <\/p>\n<h2>A continuaci\u00f3n, se muestran las caracter\u00edsticas esenciales de la extensi\u00f3n:<\/h2>\n<ul>\n<li><b>Inteligencia artificial de primer nivel.<\/b> Impulsada por uno de los modelos de IA m\u00e1s avanzados hasta la fecha, garantiza respuestas inteligentes y v\u00e1lidas para sus clientes.<\/li>\n<li><b>Entrenamiento con archivos y preguntas y respuestas.<\/b> Entrene a su asistente f\u00e1cilmente usando archivos subidos, pares de preguntas y respuestas y bloques de texto para una configuraci\u00f3n perfecta.<\/li>\n<li><b>Recuerda los datos del cliente y el contenido del chat.<\/b> El asistente puede recordar a los usuarios y dirigirse a ellos por su nombre, centr\u00e1ndose en su solicitud.<\/li>\n<li><b>N\u00famero ilimitado de chats y usuarios.<\/b> La extensi\u00f3n puede mantener interacciones ilimitadas con cualquier n\u00famero de usuarios para mantener la misma utilidad en cualquier chat. <\/li>\n<li><b>Formatos de respuesta legibles.<\/b> El asistente mejora la legibilidad mediante listas, texto en negrita, enlaces y otras opciones de formato para facilitar la comprensi\u00f3n de las respuestas. <\/li>\n<\/ul>\n<p><a href=\"#demo\">Prueba el sencillo editor para ver c\u00f3mo funciona la extensi\u00f3n<\/a><\/p>\n<p><\/div> <div class=\"application-platform-content-item-installation application-platform-content-item\" id=\"installation\" data-nav-section=\"installation\"> <\/p>\n<h2>\u00bfC\u00f3mo puedo integrar ChatGPT en mi sitio web Joomla?<\/h2>\n<p>Ofrecemos una forma sencilla de tener la extensi\u00f3n en tu sitio web Joomla. Solo te llevar\u00e1 unos minutos y no requiere programaci\u00f3n.<\/p>\n<ol>\n<li><strong>Crea tu extensi\u00f3n ChatGPT personalizada<\/strong><br \/> Comienza con cualquier plantilla del editor, trabaja con sus pr\u00e1cticos elementos y personaliza la extensi\u00f3n con tu dise\u00f1o y configuraci\u00f3n preferidos. <\/li>\n<li><strong>Obt\u00e9n el c\u00f3digo personal para incrustar la extensi\u00f3n<\/strong><br \/>Una vez creada la extensi\u00f3n, recibir\u00e1s un c\u00f3digo HTML individual en tu panel de control. Copia este c\u00f3digo, que contiene toda la informaci\u00f3n sobre tus ajustes. <\/li>\n<li><strong>Muestra la extensi\u00f3n en tu sitio web Joomla<\/strong><br \/>Elige las secciones de tu sitio web donde quieres mostrar el ChatGPT y pega el c\u00f3digo all\u00ed. Guarda los cambios. <\/li>\n<\/ol>\n<p>\u00a1Listo! Ahora, comprueba c\u00f3mo funciona la extensi\u00f3n en tu sitio web. <\/p>\n<p>Si tienes alg\u00fan inconveniente al incrustar la extensi\u00f3n en tu sitio web, no dudes en contactar con nuestro servicio de atenci\u00f3n al cliente. Estaremos encantados de mostrarte c\u00f3mo a\u00f1adir y ajustar tu chat. <\/p>\n<p><\/div><\/p>\n","protected":false},"excerpt":{"rendered":"","protected":false},"author":9,"featured_media":0,"parent":19847,"menu_order":0,"comment_status":"closed","ping_status":"closed","template":"templates\/template-application-platform.php","meta":{"publish_to_discourse":"","publish_post_category":"","wpdc_auto_publish_overridden":"","wpdc_topic_tags":"","wpdc_pin_topic":"","wpdc_pin_until":"","discourse_post_id":"","discourse_permalink":"","wpdc_publishing_response":"","wpdc_publishing_error":"","footnotes":""},"class_list":["post-19775","page","type-page","status-publish","hentry"],"yoast_head":"<!-- This site is optimized with the Yoast SEO plugin v25.3.1 - https:\/\/yoast.com\/wordpress\/plugins\/seo\/ -->\n<title>Extensi\u00f3n Joomla ChatGPT: a\u00f1ade AI Chat a tu sitio web Joomla [GRATIS]<\/title>\n<meta name=\"description\" content=\"A\u00f1ade una extensi\u00f3n ChatGPT sin necesidad de c\u00f3digo a tu sitio web Joomla. Explora el editor en l\u00ednea de Elfsight para crear f\u00e1cilmente tu soluci\u00f3n personalizada.\" \/>\n<meta name=\"robots\" content=\"index, follow, max-snippet:-1, max-image-preview:large, max-video-preview:-1\" \/>\n<link rel=\"canonical\" href=\"https:\/\/elfsight.com\/es\/chatgpt-widget\/joomla\/\" \/>\n<meta property=\"og:locale\" content=\"es_ES\" \/>\n<meta property=\"og:type\" content=\"article\" \/>\n<meta property=\"og:title\" content=\"Extensi\u00f3n Joomla ChatGPT: a\u00f1ade AI Chat a tu sitio web Joomla [GRATIS]\" \/>\n<meta property=\"og:description\" content=\"A\u00f1ade una extensi\u00f3n ChatGPT sin necesidad de c\u00f3digo a tu sitio web Joomla. Explora el editor en l\u00ednea de Elfsight para crear f\u00e1cilmente tu soluci\u00f3n personalizada.\" \/>\n<meta property=\"og:url\" content=\"https:\/\/elfsight.com\/es\/chatgpt-widget\/joomla\/\" \/>\n<meta property=\"og:site_name\" content=\"Elfsight ES\" \/>\n<meta property=\"article:modified_time\" content=\"2025-07-10T06:10:42+00:00\" \/>\n<meta name=\"twitter:card\" content=\"summary_large_image\" \/>\n<meta name=\"twitter:label1\" content=\"Tiempo de lectura\" \/>\n\t<meta name=\"twitter:data1\" content=\"2 minutos\" \/>\n<!-- \/ Yoast SEO plugin. -->","yoast_head_json":{"title":"Extensi\u00f3n Joomla ChatGPT: a\u00f1ade AI Chat a tu sitio web Joomla [GRATIS]","description":"A\u00f1ade una extensi\u00f3n ChatGPT sin necesidad de c\u00f3digo a tu sitio web Joomla. Explora el editor en l\u00ednea de Elfsight para crear f\u00e1cilmente tu soluci\u00f3n personalizada.","robots":{"index":"index","follow":"follow","max-snippet":"max-snippet:-1","max-image-preview":"max-image-preview:large","max-video-preview":"max-video-preview:-1"},"canonical":"https:\/\/elfsight.com\/es\/chatgpt-widget\/joomla\/","og_locale":"es_ES","og_type":"article","og_title":"Extensi\u00f3n Joomla ChatGPT: a\u00f1ade AI Chat a tu sitio web Joomla [GRATIS]","og_description":"A\u00f1ade una extensi\u00f3n ChatGPT sin necesidad de c\u00f3digo a tu sitio web Joomla. Explora el editor en l\u00ednea de Elfsight para crear f\u00e1cilmente tu soluci\u00f3n personalizada.","og_url":"https:\/\/elfsight.com\/es\/chatgpt-widget\/joomla\/","og_site_name":"Elfsight ES","article_modified_time":"2025-07-10T06:10:42+00:00","twitter_card":"summary_large_image","twitter_misc":{"Tiempo de lectura":"2 minutos"},"schema":{"@context":"https:\/\/schema.org","@graph":[{"@type":"WebPage","@id":"https:\/\/elfsight.com\/es\/chatgpt-widget\/joomla\/","url":"https:\/\/elfsight.com\/es\/chatgpt-widget\/joomla\/","name":"Extensi\u00f3n Joomla ChatGPT: a\u00f1ade AI Chat a tu sitio web Joomla [GRATIS]","isPartOf":{"@id":"https:\/\/elfsight.com\/es\/#website"},"datePublished":"2025-01-15T15:03:52+00:00","dateModified":"2025-07-10T06:10:42+00:00","description":"A\u00f1ade una extensi\u00f3n ChatGPT sin necesidad de c\u00f3digo a tu sitio web Joomla. Explora el editor en l\u00ednea de Elfsight para crear f\u00e1cilmente tu soluci\u00f3n personalizada.","breadcrumb":{"@id":"https:\/\/elfsight.com\/es\/chatgpt-widget\/joomla\/#breadcrumb"},"inLanguage":"es","potentialAction":[{"@type":"ReadAction","target":["https:\/\/elfsight.com\/es\/chatgpt-widget\/joomla\/"]}]},{"@type":"BreadcrumbList","@id":"https:\/\/elfsight.com\/es\/chatgpt-widget\/joomla\/#breadcrumb","itemListElement":[{"@type":"ListItem","position":1,"name":"Home","item":"https:\/\/elfsight.com\/es\/"},{"@type":"ListItem","position":2,"name":"ChatGPT","item":"https:\/\/elfsight.com\/es\/chatgpt-widget\/"},{"@type":"ListItem","position":3,"name":"ChatGPT &#8211; Joomla"}]},{"@type":"WebSite","@id":"https:\/\/elfsight.com\/es\/#website","url":"https:\/\/elfsight.com\/es\/","name":"Elfsight ES","description":"Just another Elfsight Sites site","potentialAction":[{"@type":"SearchAction","target":{"@type":"EntryPoint","urlTemplate":"https:\/\/elfsight.com\/es\/?s={search_term_string}"},"query-input":{"@type":"PropertyValueSpecification","valueRequired":true,"valueName":"search_term_string"}}],"inLanguage":"es"}]}},"meta_box":{"industry":"","seo_heading":"","heading":"","description":"","cta_heading":"","cta_description":"","application":"17569","h1":"Extensi\u00f3n ChatGPT para sitios web Joomla","h1_caption":"Integre un ChatGPT vers\u00e1til en su sitio web Joomla para obtener un asistente de inteligencia artificial de autoaprendizaje que siempre est\u00e9 disponible para guiar y apoyar a sus clientes, recopilar clientes potenciales y promocionar sus productos y servicios.","application_category":[],"applications_title":"","applications_request_title":"","applications_request_button_text":"","hero_text":"","hero_video":"","hero_video_schema_markup":"","selling_points_title":"","selling_points_caption":"","selling_points":[],"selling_points_cta_text":"","features_title":"","features":"","ed_cta_examples_text":"","ed_cta_examples_hidden":"","ed_cta_demo_text":"","ed_cta_demo_hidden":"","why_caption":"","why_editor_title":"","why_editor_text":"","why_team_title":"","why_team_text":"","why_service_title":"","why_service_text":"","template_catalog_visible":"","template_catalog_title":"","template_catalog_text":"","template_catalog_categories_visible":"","demo_title":"Crea tu extensi\u00f3n ChatGPT","demo_caption":"\u00a1Configura tu ChatGPT y agr\u00e9galo a tu sitio web Joomla gratis!","default_faq_hidden":"","app_template_category":[],"platform":"73","template_public_id":"","codecanyon_url":"","codecanyon_item_id":"","codecanyon_price":"","pricing_caption":"","pricing_elfsight_apps_hide_column":"","pricing_elfsight_apps_url":"","pricing_codecanyon_price_caption":"","integration_category":[],"integration_request_title":"","integration_request_cta":"","integration_platform":"","integrations":[],"platform_category":[],"video_schema_markup":"","price":"desde $0 \/ mes","trial":"","benefits":[],"button_url":"#demo","button_target_blank":"0","button_nofollow":"","attributes":[{"name":"Instalaciones","content":"50,000 - 100,000","_state":""},{"name":"Sensible","content":"S\u00ed","_state":""},{"name":"Navegadores compatibles","content":"Firefox, Safari, Opera, Chrome, Edge","_state":""}],"tags":[],"tags_disable_links":"","hide_more_platforms":"","video_object":"","demo_hide_cta":"","demo_hide_cloud_options":"","pricing_title":"","pricing":[{"pricing_icon":"platform","pricing_title":"Elfsight Apps","pricing_title_caption":"Soluci\u00f3n multiplataforma que se adapta a cualquier sitio","":"","pricing_price":"desde $0 \/ mes","pricing_price_caption":"Comienza con un plan gratuito","pricing_button_text":"A\u00f1adir al sitio web","pricing_button_url":"#demo"}],"related_apps_title":"","related_apps_hidden":"","author":"","image":[],"title":"","job":"","social_networks":[]},"_links":{"self":[{"href":"https:\/\/elfsight.com\/es\/wp-json\/wp\/v2\/pages\/19775","targetHints":{"allow":["GET"]}}],"collection":[{"href":"https:\/\/elfsight.com\/es\/wp-json\/wp\/v2\/pages"}],"about":[{"href":"https:\/\/elfsight.com\/es\/wp-json\/wp\/v2\/types\/page"}],"author":[{"embeddable":true,"href":"https:\/\/elfsight.com\/es\/wp-json\/wp\/v2\/users\/9"}],"replies":[{"embeddable":true,"href":"https:\/\/elfsight.com\/es\/wp-json\/wp\/v2\/comments?post=19775"}],"version-history":[{"count":1,"href":"https:\/\/elfsight.com\/es\/wp-json\/wp\/v2\/pages\/19775\/revisions"}],"predecessor-version":[{"id":19779,"href":"https:\/\/elfsight.com\/es\/wp-json\/wp\/v2\/pages\/19775\/revisions\/19779"}],"up":[{"embeddable":true,"href":"https:\/\/elfsight.com\/es\/wp-json\/wp\/v2\/pages\/19847"}],"wp:attachment":[{"href":"https:\/\/elfsight.com\/es\/wp-json\/wp\/v2\/media?parent=19775"}],"curies":[{"name":"wp","href":"https:\/\/api.w.org\/{rel}","templated":true}]}}