{"id":19735,"date":"2025-05-20T10:48:47","date_gmt":"2025-05-20T10:48:47","guid":{"rendered":"https:\/\/elfsight.com\/es\/?page_id=19735"},"modified":"2025-05-30T13:00:17","modified_gmt":"2025-05-30T13:00:17","slug":"wordpress","status":"publish","type":"page","link":"https:\/\/elfsight.com\/es\/accessibility-widget\/wordpress\/","title":{"rendered":"Accessibility &#8211; WordPress"},"content":{"rendered":"<div class=\"application-platform-content-item-description application-platform-content-item\" id=\"description\" data-nav-section=\"description\"> <h2>Integra la accesibilidad en WordPress con un plugin de Elfsight<\/h2> <p>El plugin de accesibilidad mejora la inclusi\u00f3n en tu sitio web al optimizar la experiencia de usuario para personas con diferentes necesidades de accesibilidad. Equipado con perfiles de accesibilidad predefinidos, ajusta autom\u00e1ticamente tu sitio web para usuarios con discapacidades visuales, cognitivas o motoras. Cada configuraci\u00f3n combina mejoras inteligentes de dise\u00f1o e interacci\u00f3n para garantizar la usabilidad y la comodidad. <\/p><p>Tambi\u00e9n incluye un esc\u00e1ner de accesibilidad integrado para evaluar el cumplimiento de tu sitio web y presenta los resultados de la auditor\u00eda directamente en la interfaz del plugin. Esto te permite resolver problemas de accesibilidad y demostrar tu compromiso con el dise\u00f1o inclusivo. Totalmente localizado, el plugin ofrece soporte multiling\u00fce para brindar una experiencia fluida a usuarios de todo el mundo. <\/p><p><strong>\u00a1Haz que tu sitio web de WordPress sea accesible para todos con solo a\u00f1adir nuestro potente plugin de accesibilidad! <\/strong><\/p><\/div> <div class=\"application-platform-content-item-features application-platform-content-item\" id=\"features\" data-nav-section=\"features\"> <h2>Las caracter\u00edsticas principales del plugin incluyen<\/h2><ul><li><b>Modos listos para usar para 8 escenarios de usuario.<\/b> Las personas con diversas discapacidades pueden seleccionar un modo de accesibilidad ideal para una experiencia de navegaci\u00f3n fluida y f\u00e1cil de usar.<\/li><li><b>Modifique la configuraci\u00f3n del sitio web para mostrar el contenido.<\/b> El plugin tiene configuraciones para mejorar la legibilidad del texto, la navegaci\u00f3n y los colores.<\/li><li><b>Comprobador de accesibilidad integrado.<\/b> Analice r\u00e1pidamente su sitio para detectar problemas de cumplimiento y mej\u00f3relo para una mejor accesibilidad.<\/li><li><b>Insignia de confianza con puntuaci\u00f3n de accesibilidad.<\/b> Muestre los resultados de la auditor\u00eda integrada para demostrar su compromiso con el cumplimiento.<\/li><li><b>Localizaci\u00f3n precisa.<\/b> El plugin ofrece localizaci\u00f3n ling\u00fc\u00edstica y cultural en 76 regiones para cumplir con las leyes de accesibilidad y la implementaci\u00f3n internacional. <\/li><\/ul><p><a href=\"#demo\">El editor intuitivo te muestra c\u00f3mo funcionan las funciones y la configuraci\u00f3n directamente en esta p\u00e1gina.<\/a><\/p><\/div> <div class=\"application-platform-content-item-installation application-platform-content-item\" id=\"installation\" data-nav-section=\"installation\"> <h2>\u00bfC\u00f3mo integrar la accesibilidad en mi sitio web de WordPress?<\/h2><p>Descubre esta sencilla manera de tener el plugin en tu sitio web de WordPress. Solo te llevar\u00e1 unos minutos y no requiere programaci\u00f3n.<\/p> <ol><li><strong>Crea tu plugin de accesibilidad personalizado<\/strong><br> Comienza con cualquier plantilla en el editor, trabaja con los elementos que contiene y ajusta el plugin al estilo y las opciones que desees.<\/li><li><strong>Obt\u00e9n el c\u00f3digo personal para integrar el plugin<\/strong><br>Una vez que termines de crear tu plugin, recibir\u00e1s un c\u00f3digo HTML individual en tu panel de control. Copia este c\u00f3digo, que contiene todos los detalles de tu configuraci\u00f3n. <\/li> <li><strong>Muestra el plugin en tu sitio web de WordPress<\/strong><br>Elige las secciones de tu sitio web donde quieras mostrar la Accesibilidad y pega el c\u00f3digo. Guarda los cambios. <\/li> <\/ol><p>\u00a1Listo! Ahora, comprueba c\u00f3mo funciona el plugin en tu sitio web. <\/p><p>Si tienes alguna dificultad al integrar el plugin en tu sitio web, no dudes en contactar con nuestro servicio de atenci\u00f3n al cliente. Estaremos encantados de ayudarte a a\u00f1adir y ajustar tu soluci\u00f3n de cumplimiento. <\/p><\/div>","protected":false},"excerpt":{"rendered":"","protected":false},"author":9,"featured_media":0,"parent":19635,"menu_order":0,"comment_status":"closed","ping_status":"closed","template":"templates\/template-application-platform.php","meta":{"publish_to_discourse":"","publish_post_category":"","wpdc_auto_publish_overridden":"","wpdc_topic_tags":"","wpdc_pin_topic":"","wpdc_pin_until":"","discourse_post_id":"","discourse_permalink":"","wpdc_publishing_response":"","wpdc_publishing_error":"","footnotes":""},"class_list":["post-19735","page","type-page","status-publish","hentry"],"yoast_head":"<!-- This site is optimized with the Yoast SEO plugin v25.3.1 - https:\/\/yoast.com\/wordpress\/plugins\/seo\/ -->\n<title>Plugin de accesibilidad de WordPress: a\u00f1ade compatibilidad a tu sitio web [GRATIS]<\/title>\n<meta name=\"description\" content=\"A\u00f1ade un plugin de accesibilidad sin c\u00f3digo a tu sitio web de WordPress. Descubre el editor r\u00e1pido de Elfsight para crear f\u00e1cilmente tu soluci\u00f3n personalizada.\" \/>\n<meta name=\"robots\" content=\"index, follow, max-snippet:-1, max-image-preview:large, max-video-preview:-1\" \/>\n<link rel=\"canonical\" href=\"https:\/\/elfsight.com\/es\/accessibility-widget\/wordpress\/\" \/>\n<meta property=\"og:locale\" content=\"es_ES\" \/>\n<meta property=\"og:type\" content=\"article\" \/>\n<meta property=\"og:title\" content=\"Plugin de accesibilidad de WordPress: a\u00f1ade compatibilidad a tu sitio web [GRATIS]\" \/>\n<meta property=\"og:description\" content=\"A\u00f1ade un plugin de accesibilidad sin c\u00f3digo a tu sitio web de WordPress. Descubre el editor r\u00e1pido de Elfsight para crear f\u00e1cilmente tu soluci\u00f3n personalizada.\" \/>\n<meta property=\"og:url\" content=\"https:\/\/elfsight.com\/es\/accessibility-widget\/wordpress\/\" \/>\n<meta property=\"og:site_name\" content=\"Elfsight ES\" \/>\n<meta property=\"article:modified_time\" content=\"2025-05-30T13:00:17+00:00\" \/>\n<meta name=\"twitter:card\" content=\"summary_large_image\" \/>\n<meta name=\"twitter:label1\" content=\"Tiempo de lectura\" \/>\n\t<meta name=\"twitter:data1\" content=\"2 minutos\" \/>\n<!-- \/ Yoast SEO plugin. -->","yoast_head_json":{"title":"Plugin de accesibilidad de WordPress: a\u00f1ade compatibilidad a tu sitio web [GRATIS]","description":"A\u00f1ade un plugin de accesibilidad sin c\u00f3digo a tu sitio web de WordPress. Descubre el editor r\u00e1pido de Elfsight para crear f\u00e1cilmente tu soluci\u00f3n personalizada.","robots":{"index":"index","follow":"follow","max-snippet":"max-snippet:-1","max-image-preview":"max-image-preview:large","max-video-preview":"max-video-preview:-1"},"canonical":"https:\/\/elfsight.com\/es\/accessibility-widget\/wordpress\/","og_locale":"es_ES","og_type":"article","og_title":"Plugin de accesibilidad de WordPress: a\u00f1ade compatibilidad a tu sitio web [GRATIS]","og_description":"A\u00f1ade un plugin de accesibilidad sin c\u00f3digo a tu sitio web de WordPress. Descubre el editor r\u00e1pido de Elfsight para crear f\u00e1cilmente tu soluci\u00f3n personalizada.","og_url":"https:\/\/elfsight.com\/es\/accessibility-widget\/wordpress\/","og_site_name":"Elfsight ES","article_modified_time":"2025-05-30T13:00:17+00:00","twitter_card":"summary_large_image","twitter_misc":{"Tiempo de lectura":"2 minutos"},"schema":{"@context":"https:\/\/schema.org","@graph":[{"@type":"WebPage","@id":"https:\/\/elfsight.com\/es\/accessibility-widget\/wordpress\/","url":"https:\/\/elfsight.com\/es\/accessibility-widget\/wordpress\/","name":"Plugin de accesibilidad de WordPress: a\u00f1ade compatibilidad a tu sitio web [GRATIS]","isPartOf":{"@id":"https:\/\/elfsight.com\/es\/#website"},"datePublished":"2025-05-20T10:48:47+00:00","dateModified":"2025-05-30T13:00:17+00:00","description":"A\u00f1ade un plugin de accesibilidad sin c\u00f3digo a tu sitio web de WordPress. Descubre el editor r\u00e1pido de Elfsight para crear f\u00e1cilmente tu soluci\u00f3n personalizada.","breadcrumb":{"@id":"https:\/\/elfsight.com\/es\/accessibility-widget\/wordpress\/#breadcrumb"},"inLanguage":"es","potentialAction":[{"@type":"ReadAction","target":["https:\/\/elfsight.com\/es\/accessibility-widget\/wordpress\/"]}]},{"@type":"BreadcrumbList","@id":"https:\/\/elfsight.com\/es\/accessibility-widget\/wordpress\/#breadcrumb","itemListElement":[{"@type":"ListItem","position":1,"name":"Home","item":"https:\/\/elfsight.com\/es\/"},{"@type":"ListItem","position":2,"name":"Accessibility &#8211; WordPress"}]},{"@type":"WebSite","@id":"https:\/\/elfsight.com\/es\/#website","url":"https:\/\/elfsight.com\/es\/","name":"Elfsight ES","description":"Just another Elfsight Sites site","potentialAction":[{"@type":"SearchAction","target":{"@type":"EntryPoint","urlTemplate":"https:\/\/elfsight.com\/es\/?s={search_term_string}"},"query-input":{"@type":"PropertyValueSpecification","valueRequired":true,"valueName":"search_term_string"}}],"inLanguage":"es"}]}},"meta_box":{"industry":"","seo_heading":"","heading":"","description":"","cta_heading":"","cta_description":"","application":"19630","h1":"Complemento de accesibilidad para sitios web de WordPress","h1_caption":"Optimiza el acceso de cada visitante a tu sitio web de WordPress con el plugin de cumplimiento que adapta tu contenido a todos los niveles. Mejora la inclusi\u00f3n, la funcionalidad y la disponibilidad en una plataforma integral.","application_category":[],"applications_title":"","applications_request_title":"","applications_request_button_text":"","hero_text":"","hero_video":"","hero_video_schema_markup":"","selling_points_title":"","selling_points_caption":"","selling_points":[],"selling_points_cta_text":"","features_title":"","features":"","ed_cta_examples_text":"","ed_cta_examples_hidden":"","ed_cta_demo_text":"","ed_cta_demo_hidden":"","why_caption":"","why_editor_title":"","why_editor_text":"","why_team_title":"","why_team_text":"","why_service_title":"","why_service_text":"","template_catalog_visible":"","template_catalog_title":"","template_catalog_text":"","template_catalog_categories_visible":"","demo_title":"Crea tu complemento de accesibilidad","demo_caption":"\u00a1Configura tu Accesibilidad y a\u00f1\u00e1dela a tu sitio web de WordPress gratis!","default_faq_hidden":"","app_template_category":[],"platform":"115","template_public_id":"","codecanyon_url":"","codecanyon_item_id":"","codecanyon_price":"","pricing_caption":"","pricing_elfsight_apps_hide_column":"","pricing_elfsight_apps_url":"","pricing_codecanyon_price_caption":"","integration_category":[],"integration_request_title":"","integration_request_cta":"","integration_platform":"","integrations":[],"platform_category":[],"video_schema_markup":"","price":"desde $0 \/ mes","trial":"","benefits":[],"button_url":"#demo","button_target_blank":"0","button_nofollow":"","attributes":[{"name":"Instalaciones","content":"50,000 - 100,000","_state":"expanded"},{"name":"Sensible","content":"S\u00ed","_state":"expanded"},{"name":"Navegadores compatibles","content":"Firefox, Safari, Opera, Chrome, Edge","_state":"expanded"}],"tags":[],"tags_disable_links":"","hide_more_platforms":"","video_object":"","demo_hide_cta":"","demo_hide_cloud_options":"","pricing_title":"","pricing":[{"pricing_icon":"platform","pricing_title":"Elfsight Apps","pricing_title_caption":"Soluci\u00f3n digital multiplataforma","":"","pricing_price":"desde $0 \/ mes","pricing_price_caption":"Comienza con un plan gratuito","pricing_button_text":"A\u00f1adir al sitio web","pricing_button_url":"#demo"}],"related_apps_title":"","related_apps_hidden":"","author":"","image":[],"title":"","job":"","social_networks":[]},"_links":{"self":[{"href":"https:\/\/elfsight.com\/es\/wp-json\/wp\/v2\/pages\/19735","targetHints":{"allow":["GET"]}}],"collection":[{"href":"https:\/\/elfsight.com\/es\/wp-json\/wp\/v2\/pages"}],"about":[{"href":"https:\/\/elfsight.com\/es\/wp-json\/wp\/v2\/types\/page"}],"author":[{"embeddable":true,"href":"https:\/\/elfsight.com\/es\/wp-json\/wp\/v2\/users\/9"}],"replies":[{"embeddable":true,"href":"https:\/\/elfsight.com\/es\/wp-json\/wp\/v2\/comments?post=19735"}],"version-history":[{"count":1,"href":"https:\/\/elfsight.com\/es\/wp-json\/wp\/v2\/pages\/19735\/revisions"}],"predecessor-version":[{"id":19739,"href":"https:\/\/elfsight.com\/es\/wp-json\/wp\/v2\/pages\/19735\/revisions\/19739"}],"up":[{"embeddable":true,"href":"https:\/\/elfsight.com\/es\/wp-json\/wp\/v2\/pages\/19635"}],"wp:attachment":[{"href":"https:\/\/elfsight.com\/es\/wp-json\/wp\/v2\/media?parent=19735"}],"curies":[{"name":"wp","href":"https:\/\/api.w.org\/{rel}","templated":true}]}}