{"id":19729,"date":"2025-05-20T12:00:51","date_gmt":"2025-05-20T12:00:51","guid":{"rendered":"https:\/\/elfsight.com\/es\/?page_id=19729"},"modified":"2025-05-30T13:00:08","modified_gmt":"2025-05-30T13:00:08","slug":"elementor","status":"publish","type":"page","link":"https:\/\/elfsight.com\/es\/accessibility-widget\/elementor\/","title":{"rendered":"Accessibility &#8211; Elementor"},"content":{"rendered":"<div class=\"application-platform-content-item-description application-platform-content-item\" id=\"description\" data-nav-section=\"description\"> <h2>Integra la accesibilidad en Elementor con un widget de Elfsight<\/h2> <p>El widget de accesibilidad garantiza la inclusi\u00f3n en tu sitio web al mejorar la legibilidad y la navegaci\u00f3n para usuarios de todas las capacidades. Equipado con perfiles de accesibilidad predefinidos, ajusta autom\u00e1ticamente tu sitio web para ayudar a personas con dificultades visuales, de concentraci\u00f3n o de movimiento. Cada modo incluye ajustes visuales y funcionales inteligentes para garantizar la usabilidad y la comodidad. <\/p><p>Tambi\u00e9n cuenta con un verificador de accesibilidad integrado para auditor\u00edas que permite inspeccionar el cumplimiento de tu sitio web y visualizar los resultados de accesibilidad en el panel de widgets. Esto te ayuda no solo a solucionar problemas, sino tambi\u00e9n a demostrar con orgullo tu compromiso con la accesibilidad. Totalmente localizado, el widget ofrece soporte multiling\u00fce para brindar una experiencia fluida a usuarios de todo el mundo. <\/p><p><strong>\u00a1A\u00f1ade nuestro widget de accesibilidad a tu sitio web de Elementor y demuestra al mundo que tu sitio web es para todos! <\/strong><\/p><\/div> <div class=\"application-platform-content-item-features application-platform-content-item\" id=\"features\" data-nav-section=\"features\"> <h2>Estas son solo algunas de las m\u00faltiples funciones del widget:<\/h2><ul><li><b>Modos listos para usar para 8 escenarios de usuario.<\/b> Los usuarios con diversas discapacidades pueden encontrar un ajuste preestablecido perfecto para una experiencia de navegaci\u00f3n fluida y f\u00e1cil de usar.<\/li><li><b>Ajuste la configuraci\u00f3n del sitio web para mostrar el contenido.<\/b> El widget cuenta con configuraciones dise\u00f1adas para optimizar la legibilidad, el flujo de usuario y la accesibilidad visual.<\/li><li><b>Comprobador de accesibilidad integrado.<\/b> Analice r\u00e1pidamente su sitio para detectar problemas de cumplimiento y mej\u00f3relo para una mejor accesibilidad.<\/li><li><b>Insignia de confianza con puntuaci\u00f3n de accesibilidad.<\/b> Publique los resultados de auditor\u00eda en el widget para validar su compromiso continuo con los est\u00e1ndares.<\/li><li><b>Localizaci\u00f3n precisa.<\/b> El widget est\u00e1 traducido y localizado para 76 pa\u00edses para garantizar tanto el cumplimiento como la disponibilidad internacional. <\/li><\/ul><p><a href=\"#demo\">Explora todas las ventajas del widget en el editor, directamente en esta p\u00e1gina<\/a><\/p><\/div> <div class=\"application-platform-content-item-installation application-platform-content-item\" id=\"installation\" data-nav-section=\"installation\"> <h2>\u00bfC\u00f3mo integrar la accesibilidad en mi sitio web de Elementor?<\/h2><p>Ofrecemos una forma sencilla de tener el widget en tu sitio web de Elementor. Solo te llevar\u00e1 un par de minutos y no requiere programaci\u00f3n.<\/p> <ol><li><strong>Crea tu widget de accesibilidad personalizado<\/strong><br> Comienza con cualquier plantilla del editor, trabaja con los elementos que te resulten pr\u00e1cticos y ajusta el widget a tu estilo y configuraci\u00f3n preferidos.<\/li><li><strong>Obt\u00e9n el c\u00f3digo personal para integrar el widget<\/strong><br>En cuanto termines de crear el widget, recibir\u00e1s un c\u00f3digo HTML individual en tu panel de control. Copia el c\u00f3digo que contiene toda la informaci\u00f3n sobre tus ajustes. <\/li> <li><strong>Muestra el widget en tu sitio web de Elementor<\/strong><br>Elige las \u00e1reas de tu sitio web donde quieres mostrar la accesibilidad y pega el c\u00f3digo all\u00ed. Guarda los cambios. <\/li> <\/ol><p>\u00a1Listo! Ahora, comprueba el rendimiento del widget en tu sitio web. <\/p><p>Si tienes alguna dificultad al integrar el widget en tu sitio web, no dudes en contactar con nuestro centro de ayuda. Estaremos encantados de asesorarte sobre c\u00f3mo a\u00f1adir y ajustar tu soluci\u00f3n de cumplimiento. <\/p><\/div>","protected":false},"excerpt":{"rendered":"","protected":false},"author":9,"featured_media":0,"parent":19635,"menu_order":0,"comment_status":"closed","ping_status":"closed","template":"templates\/template-application-platform.php","meta":{"publish_to_discourse":"","publish_post_category":"","wpdc_auto_publish_overridden":"","wpdc_topic_tags":"","wpdc_pin_topic":"","wpdc_pin_until":"","discourse_post_id":"","discourse_permalink":"","wpdc_publishing_response":"","wpdc_publishing_error":"","footnotes":""},"class_list":["post-19729","page","type-page","status-publish","hentry"],"yoast_head":"<!-- This site is optimized with the Yoast SEO plugin v25.3.1 - https:\/\/yoast.com\/wordpress\/plugins\/seo\/ -->\n<title>Widget de accesibilidad de Elementor: a\u00f1ade compatibilidad a tu sitio web [GRATIS]<\/title>\n<meta name=\"description\" content=\"A\u00f1ade un widget de accesibilidad sin necesidad de c\u00f3digo a tu sitio web de Elementor. Usa el sencillo editor de Elfsight para crear f\u00e1cilmente tu soluci\u00f3n personalizada.\" \/>\n<meta name=\"robots\" content=\"index, follow, max-snippet:-1, max-image-preview:large, max-video-preview:-1\" \/>\n<link rel=\"canonical\" href=\"https:\/\/elfsight.com\/es\/accessibility-widget\/elementor\/\" \/>\n<meta property=\"og:locale\" content=\"es_ES\" \/>\n<meta property=\"og:type\" content=\"article\" \/>\n<meta property=\"og:title\" content=\"Widget de accesibilidad de Elementor: a\u00f1ade compatibilidad a tu sitio web [GRATIS]\" \/>\n<meta property=\"og:description\" content=\"A\u00f1ade un widget de accesibilidad sin necesidad de c\u00f3digo a tu sitio web de Elementor. Usa el sencillo editor de Elfsight para crear f\u00e1cilmente tu soluci\u00f3n personalizada.\" \/>\n<meta property=\"og:url\" content=\"https:\/\/elfsight.com\/es\/accessibility-widget\/elementor\/\" \/>\n<meta property=\"og:site_name\" content=\"Elfsight ES\" \/>\n<meta property=\"article:modified_time\" content=\"2025-05-30T13:00:08+00:00\" \/>\n<meta name=\"twitter:card\" content=\"summary_large_image\" \/>\n<meta name=\"twitter:label1\" content=\"Tiempo de lectura\" \/>\n\t<meta name=\"twitter:data1\" content=\"2 minutos\" \/>\n<!-- \/ Yoast SEO plugin. -->","yoast_head_json":{"title":"Widget de accesibilidad de Elementor: a\u00f1ade compatibilidad a tu sitio web [GRATIS]","description":"A\u00f1ade un widget de accesibilidad sin necesidad de c\u00f3digo a tu sitio web de Elementor. Usa el sencillo editor de Elfsight para crear f\u00e1cilmente tu soluci\u00f3n personalizada.","robots":{"index":"index","follow":"follow","max-snippet":"max-snippet:-1","max-image-preview":"max-image-preview:large","max-video-preview":"max-video-preview:-1"},"canonical":"https:\/\/elfsight.com\/es\/accessibility-widget\/elementor\/","og_locale":"es_ES","og_type":"article","og_title":"Widget de accesibilidad de Elementor: a\u00f1ade compatibilidad a tu sitio web [GRATIS]","og_description":"A\u00f1ade un widget de accesibilidad sin necesidad de c\u00f3digo a tu sitio web de Elementor. Usa el sencillo editor de Elfsight para crear f\u00e1cilmente tu soluci\u00f3n personalizada.","og_url":"https:\/\/elfsight.com\/es\/accessibility-widget\/elementor\/","og_site_name":"Elfsight ES","article_modified_time":"2025-05-30T13:00:08+00:00","twitter_card":"summary_large_image","twitter_misc":{"Tiempo de lectura":"2 minutos"},"schema":{"@context":"https:\/\/schema.org","@graph":[{"@type":"WebPage","@id":"https:\/\/elfsight.com\/es\/accessibility-widget\/elementor\/","url":"https:\/\/elfsight.com\/es\/accessibility-widget\/elementor\/","name":"Widget de accesibilidad de Elementor: a\u00f1ade compatibilidad a tu sitio web [GRATIS]","isPartOf":{"@id":"https:\/\/elfsight.com\/es\/#website"},"datePublished":"2025-05-20T12:00:51+00:00","dateModified":"2025-05-30T13:00:08+00:00","description":"A\u00f1ade un widget de accesibilidad sin necesidad de c\u00f3digo a tu sitio web de Elementor. Usa el sencillo editor de Elfsight para crear f\u00e1cilmente tu soluci\u00f3n personalizada.","breadcrumb":{"@id":"https:\/\/elfsight.com\/es\/accessibility-widget\/elementor\/#breadcrumb"},"inLanguage":"es","potentialAction":[{"@type":"ReadAction","target":["https:\/\/elfsight.com\/es\/accessibility-widget\/elementor\/"]}]},{"@type":"BreadcrumbList","@id":"https:\/\/elfsight.com\/es\/accessibility-widget\/elementor\/#breadcrumb","itemListElement":[{"@type":"ListItem","position":1,"name":"Home","item":"https:\/\/elfsight.com\/es\/"},{"@type":"ListItem","position":2,"name":"Accessibility &#8211; Elementor"}]},{"@type":"WebSite","@id":"https:\/\/elfsight.com\/es\/#website","url":"https:\/\/elfsight.com\/es\/","name":"Elfsight ES","description":"Just another Elfsight Sites site","potentialAction":[{"@type":"SearchAction","target":{"@type":"EntryPoint","urlTemplate":"https:\/\/elfsight.com\/es\/?s={search_term_string}"},"query-input":{"@type":"PropertyValueSpecification","valueRequired":true,"valueName":"search_term_string"}}],"inLanguage":"es"}]}},"meta_box":{"industry":"","seo_heading":"","heading":"","description":"","cta_heading":"","cta_description":"","application":"19630","h1":"Widget de accesibilidad para sitios web de Elementor","h1_caption":"Empodere a cada visitante de su sitio web Elementor con el widget de cumplimiento que adapta su contenido para personas con discapacidad. Impulse la inclusi\u00f3n, la usabilidad y la disponibilidad en una plataforma integral.","application_category":[],"applications_title":"","applications_request_title":"","applications_request_button_text":"","hero_text":"","hero_video":"","hero_video_schema_markup":"","selling_points_title":"","selling_points_caption":"","selling_points":[],"selling_points_cta_text":"","features_title":"","features":"","ed_cta_examples_text":"","ed_cta_examples_hidden":"","ed_cta_demo_text":"","ed_cta_demo_hidden":"","why_caption":"","why_editor_title":"","why_editor_text":"","why_team_title":"","why_team_text":"","why_service_title":"","why_service_text":"","template_catalog_visible":"","template_catalog_title":"","template_catalog_text":"","template_catalog_categories_visible":"","demo_title":"Crea tu widget de Accesibilidad","demo_caption":"\u00a1Configura tu Accesibilidad y agr\u00e9gala a tu sitio web Elementor gratis!","default_faq_hidden":"","app_template_category":[],"platform":"58","template_public_id":"","codecanyon_url":"","codecanyon_item_id":"","codecanyon_price":"","pricing_caption":"","pricing_elfsight_apps_hide_column":"","pricing_elfsight_apps_url":"","pricing_codecanyon_price_caption":"","integration_category":[],"integration_request_title":"","integration_request_cta":"","integration_platform":"","integrations":[],"platform_category":[],"video_schema_markup":"","price":"desde $0 \/ mes","trial":"","benefits":[],"button_url":"#demo","button_target_blank":"0","button_nofollow":"","attributes":[{"name":"Instalaciones","content":"50,000 - 100,000","_state":"expanded"},{"name":"Sensible","content":"S\u00ed","_state":"expanded"},{"name":"Navegadores compatibles","content":"Firefox, Safari, Opera, Chrome, Edge","_state":"expanded"}],"tags":[],"tags_disable_links":"","hide_more_platforms":"","video_object":"","demo_hide_cta":"","demo_hide_cloud_options":"","pricing_title":"","pricing":[{"pricing_icon":"platform","pricing_title":"Elfsight Apps","pricing_title_caption":"Software multiplataforma","":"","pricing_price":"desde $0 \/ mes","pricing_price_caption":"Comienza con un plan gratuito","pricing_button_text":"A\u00f1adir al sitio web","pricing_button_url":"#demo"}],"related_apps_title":"","related_apps_hidden":"","author":"","image":[],"title":"","job":"","social_networks":[]},"_links":{"self":[{"href":"https:\/\/elfsight.com\/es\/wp-json\/wp\/v2\/pages\/19729","targetHints":{"allow":["GET"]}}],"collection":[{"href":"https:\/\/elfsight.com\/es\/wp-json\/wp\/v2\/pages"}],"about":[{"href":"https:\/\/elfsight.com\/es\/wp-json\/wp\/v2\/types\/page"}],"author":[{"embeddable":true,"href":"https:\/\/elfsight.com\/es\/wp-json\/wp\/v2\/users\/9"}],"replies":[{"embeddable":true,"href":"https:\/\/elfsight.com\/es\/wp-json\/wp\/v2\/comments?post=19729"}],"version-history":[{"count":1,"href":"https:\/\/elfsight.com\/es\/wp-json\/wp\/v2\/pages\/19729\/revisions"}],"predecessor-version":[{"id":19733,"href":"https:\/\/elfsight.com\/es\/wp-json\/wp\/v2\/pages\/19729\/revisions\/19733"}],"up":[{"embeddable":true,"href":"https:\/\/elfsight.com\/es\/wp-json\/wp\/v2\/pages\/19635"}],"wp:attachment":[{"href":"https:\/\/elfsight.com\/es\/wp-json\/wp\/v2\/media?parent=19729"}],"curies":[{"name":"wp","href":"https:\/\/api.w.org\/{rel}","templated":true}]}}