{"id":19728,"date":"2025-05-20T12:05:38","date_gmt":"2025-05-20T12:05:38","guid":{"rendered":"https:\/\/elfsight.com\/es\/?page_id=19728"},"modified":"2025-05-30T13:00:08","modified_gmt":"2025-05-30T13:00:08","slug":"google-sites","status":"publish","type":"page","link":"https:\/\/elfsight.com\/es\/accessibility-widget\/google-sites\/","title":{"rendered":"Accessibility &#8211; Google Sites"},"content":{"rendered":"<div class=\"application-platform-content-item-description application-platform-content-item\" id=\"description\" data-nav-section=\"description\"> <h2>Integra la accesibilidad en Google Sites con un widget de Elfsight<\/h2> <p>El widget de Accesibilidad garantiza la inclusi\u00f3n en tu sitio web, facilitando la navegaci\u00f3n y la lectura para usuarios con diversas necesidades. Equipado con perfiles de accesibilidad predefinidos, ajusta autom\u00e1ticamente tu sitio web para ayudar a personas con dificultades visuales, de concentraci\u00f3n o de movimiento. Cada modo integra ajustes visuales y funcionales inteligentes para garantizar la usabilidad y la comodidad.<\/p> <p>Tambi\u00e9n cuenta con un verificador de accesibilidad integrado para auditor\u00edas que inspecciona el cumplimiento de tu sitio web y presenta los resultados directamente en la interfaz del widget. Esto te permite resolver problemas de accesibilidad y, al mismo tiempo, demostrar tu compromiso con el dise\u00f1o inclusivo. Totalmente localizado, el widget ofrece compatibilidad multiling\u00fce para brindar una experiencia fluida a usuarios de todo el mundo.<\/p><p><strong>\u00a1A\u00f1ade nuestro widget de Accesibilidad a tu sitio web de Google Sites y demuestra al mundo que tu sitio web es para todos! <\/strong><\/p><\/div> <div class=\"application-platform-content-item-features application-platform-content-item\" id=\"features\" data-nav-section=\"features\"> <h2>Las caracter\u00edsticas clave del widget incluyen<\/h2><ul><li><b>Modos listos para usar para 8 escenarios de usuario.<\/b> Las personas con diversas discapacidades pueden seleccionar un modo de accesibilidad ideal para explorar su sitio web con comodidad.<\/li><li><b>Modifique la configuraci\u00f3n del sitio web para mostrar el contenido.<\/b> El widget tiene ajustes para mejorar la legibilidad del texto, la navegaci\u00f3n y los colores.<\/li><li><b>Comprobador de accesibilidad integrado.<\/b> Analice r\u00e1pidamente su sitio para detectar problemas de cumplimiento y mej\u00f3relo para una mejor accesibilidad.<\/li><li><b>Insignia de confianza con puntuaci\u00f3n de accesibilidad.<\/b> Muestre los resultados de la auditor\u00eda integrada para demostrar su compromiso con el cumplimiento.<\/li><li><b>Localizaci\u00f3n precisa.<\/b> El widget est\u00e1 traducido y localizado para 76 pa\u00edses para garantizar el cumplimiento y la disponibilidad internacional. <\/li><\/ul><p><a href=\"#demo\">Echa un vistazo al editor intuitivo para descubrir c\u00f3mo funciona el widget<\/a><\/p><\/div> <div class=\"application-platform-content-item-installation application-platform-content-item\" id=\"installation\" data-nav-section=\"installation\"> <h2>\u00bfC\u00f3mo puedo integrar la accesibilidad en mi sitio web de Google Sites?<\/h2><p>Consulta esta sencilla gu\u00eda para tener el widget en tu sitio web de Google Sites. Solo te llevar\u00e1 un par de minutos y no requiere programaci\u00f3n.<\/p> <ol><li><strong>Crea tu widget de accesibilidad personalizado<\/strong><br> Empieza con cualquier plantilla del editor, trabaja con sus elementos intuitivos y personaliza el widget con tu dise\u00f1o y opciones preferidas.<\/li><li><strong>Obt\u00e9n el c\u00f3digo personal para integrar el widget<\/strong><br>Una vez creado el widget, recibir\u00e1s un c\u00f3digo HTML individual en tu panel de control. Copia este c\u00f3digo, que contiene toda la informaci\u00f3n sobre tus ajustes. <\/li> <li><strong>Mostrar el widget en tu sitio web de Google Sites<\/strong><br> Selecciona las \u00e1reas de tu sitio web donde quieres mostrar la Accesibilidad y pega el c\u00f3digo all\u00ed. Guarda los cambios. <\/li> <\/ol><p>\u00a1Listo! Ahora, comprueba el funcionamiento del widget en tu sitio web. <\/p><p>Si experimentas alg\u00fan inconveniente al integrar el widget en tu sitio web, no dudes en contactar con nuestro centro de ayuda. Estaremos encantados de ayudarte a a\u00f1adir y administrar tu soluci\u00f3n de cumplimiento. <\/p><\/div>","protected":false},"excerpt":{"rendered":"","protected":false},"author":9,"featured_media":0,"parent":19635,"menu_order":0,"comment_status":"closed","ping_status":"closed","template":"templates\/template-application-platform.php","meta":{"publish_to_discourse":"","publish_post_category":"","wpdc_auto_publish_overridden":"","wpdc_topic_tags":"","wpdc_pin_topic":"","wpdc_pin_until":"","discourse_post_id":"","discourse_permalink":"","wpdc_publishing_response":"","wpdc_publishing_error":"","footnotes":""},"class_list":["post-19728","page","type-page","status-publish","hentry"],"yoast_head":"<!-- This site is optimized with the Yoast SEO plugin v25.3.1 - https:\/\/yoast.com\/wordpress\/plugins\/seo\/ -->\n<title>Widget de accesibilidad de Google Sites: a\u00f1ade cumplimiento normativo a tu sitio web [GRATIS]<\/title>\n<meta name=\"description\" content=\"A\u00f1ade un widget de accesibilidad sin c\u00f3digo a tu sitio web de Google Sites. Prueba el editor intuitivo de Elfsight para crear f\u00e1cilmente tu soluci\u00f3n personalizada.\" \/>\n<meta name=\"robots\" content=\"index, follow, max-snippet:-1, max-image-preview:large, max-video-preview:-1\" \/>\n<link rel=\"canonical\" href=\"https:\/\/elfsight.com\/es\/accessibility-widget\/google-sites\/\" \/>\n<meta property=\"og:locale\" content=\"es_ES\" \/>\n<meta property=\"og:type\" content=\"article\" \/>\n<meta property=\"og:title\" content=\"Widget de accesibilidad de Google Sites: a\u00f1ade cumplimiento normativo a tu sitio web [GRATIS]\" \/>\n<meta property=\"og:description\" content=\"A\u00f1ade un widget de accesibilidad sin c\u00f3digo a tu sitio web de Google Sites. Prueba el editor intuitivo de Elfsight para crear f\u00e1cilmente tu soluci\u00f3n personalizada.\" \/>\n<meta property=\"og:url\" content=\"https:\/\/elfsight.com\/es\/accessibility-widget\/google-sites\/\" \/>\n<meta property=\"og:site_name\" content=\"Elfsight ES\" \/>\n<meta property=\"article:modified_time\" content=\"2025-05-30T13:00:08+00:00\" \/>\n<meta name=\"twitter:card\" content=\"summary_large_image\" \/>\n<meta name=\"twitter:label1\" content=\"Tiempo de lectura\" \/>\n\t<meta name=\"twitter:data1\" content=\"2 minutos\" \/>\n<!-- \/ Yoast SEO plugin. -->","yoast_head_json":{"title":"Widget de accesibilidad de Google Sites: a\u00f1ade cumplimiento normativo a tu sitio web [GRATIS]","description":"A\u00f1ade un widget de accesibilidad sin c\u00f3digo a tu sitio web de Google Sites. Prueba el editor intuitivo de Elfsight para crear f\u00e1cilmente tu soluci\u00f3n personalizada.","robots":{"index":"index","follow":"follow","max-snippet":"max-snippet:-1","max-image-preview":"max-image-preview:large","max-video-preview":"max-video-preview:-1"},"canonical":"https:\/\/elfsight.com\/es\/accessibility-widget\/google-sites\/","og_locale":"es_ES","og_type":"article","og_title":"Widget de accesibilidad de Google Sites: a\u00f1ade cumplimiento normativo a tu sitio web [GRATIS]","og_description":"A\u00f1ade un widget de accesibilidad sin c\u00f3digo a tu sitio web de Google Sites. Prueba el editor intuitivo de Elfsight para crear f\u00e1cilmente tu soluci\u00f3n personalizada.","og_url":"https:\/\/elfsight.com\/es\/accessibility-widget\/google-sites\/","og_site_name":"Elfsight ES","article_modified_time":"2025-05-30T13:00:08+00:00","twitter_card":"summary_large_image","twitter_misc":{"Tiempo de lectura":"2 minutos"},"schema":{"@context":"https:\/\/schema.org","@graph":[{"@type":"WebPage","@id":"https:\/\/elfsight.com\/es\/accessibility-widget\/google-sites\/","url":"https:\/\/elfsight.com\/es\/accessibility-widget\/google-sites\/","name":"Widget de accesibilidad de Google Sites: a\u00f1ade cumplimiento normativo a tu sitio web [GRATIS]","isPartOf":{"@id":"https:\/\/elfsight.com\/es\/#website"},"datePublished":"2025-05-20T12:05:38+00:00","dateModified":"2025-05-30T13:00:08+00:00","description":"A\u00f1ade un widget de accesibilidad sin c\u00f3digo a tu sitio web de Google Sites. Prueba el editor intuitivo de Elfsight para crear f\u00e1cilmente tu soluci\u00f3n personalizada.","breadcrumb":{"@id":"https:\/\/elfsight.com\/es\/accessibility-widget\/google-sites\/#breadcrumb"},"inLanguage":"es","potentialAction":[{"@type":"ReadAction","target":["https:\/\/elfsight.com\/es\/accessibility-widget\/google-sites\/"]}]},{"@type":"BreadcrumbList","@id":"https:\/\/elfsight.com\/es\/accessibility-widget\/google-sites\/#breadcrumb","itemListElement":[{"@type":"ListItem","position":1,"name":"Home","item":"https:\/\/elfsight.com\/es\/"},{"@type":"ListItem","position":2,"name":"Accessibility &#8211; Google Sites"}]},{"@type":"WebSite","@id":"https:\/\/elfsight.com\/es\/#website","url":"https:\/\/elfsight.com\/es\/","name":"Elfsight ES","description":"Just another Elfsight Sites site","potentialAction":[{"@type":"SearchAction","target":{"@type":"EntryPoint","urlTemplate":"https:\/\/elfsight.com\/es\/?s={search_term_string}"},"query-input":{"@type":"PropertyValueSpecification","valueRequired":true,"valueName":"search_term_string"}}],"inLanguage":"es"}]}},"meta_box":{"industry":"","seo_heading":"","heading":"","description":"","cta_heading":"","cta_description":"","application":"19630","h1":"Widget de accesibilidad para el sitio web de Google Sites","h1_caption":"Recibe a todos los visitantes de tu sitio web de Google Sites con el widget de cumplimiento que adapta tu contenido para personas con discapacidad. Mejora la inclusi\u00f3n, la funcionalidad y la disponibilidad en una plataforma integral.","application_category":[],"applications_title":"","applications_request_title":"","applications_request_button_text":"","hero_text":"","hero_video":"","hero_video_schema_markup":"","selling_points_title":"","selling_points_caption":"","selling_points":[],"selling_points_cta_text":"","features_title":"","features":"","ed_cta_examples_text":"","ed_cta_examples_hidden":"","ed_cta_demo_text":"","ed_cta_demo_hidden":"","why_caption":"","why_editor_title":"","why_editor_text":"","why_team_title":"","why_team_text":"","why_service_title":"","why_service_text":"","template_catalog_visible":"","template_catalog_title":"","template_catalog_text":"","template_catalog_categories_visible":"","demo_title":"Crea tu widget de Accesibilidad","demo_caption":"\u00a1Configura tu Accesibilidad y agr\u00e9gala a tu sitio web de Google Sites gratis!","default_faq_hidden":"","app_template_category":[],"platform":"67","template_public_id":"","codecanyon_url":"","codecanyon_item_id":"","codecanyon_price":"","pricing_caption":"","pricing_elfsight_apps_hide_column":"","pricing_elfsight_apps_url":"","pricing_codecanyon_price_caption":"","integration_category":[],"integration_request_title":"","integration_request_cta":"","integration_platform":"","integrations":[],"platform_category":[],"video_schema_markup":"","price":"desde $0 \/ mes","trial":"","benefits":[],"button_url":"#demo","button_target_blank":"0","button_nofollow":"","attributes":[{"name":"Instalaciones","content":"50,000 - 100,000","_state":"expanded"},{"name":"Sensible","content":"S\u00ed","_state":"expanded"},{"name":"Navegadores compatibles","content":"Firefox, Safari, Opera, Chrome, Edge","_state":"expanded"}],"tags":[],"tags_disable_links":"","hide_more_platforms":"","video_object":"","demo_hide_cta":"","demo_hide_cloud_options":"","pricing_title":"","pricing":[{"pricing_icon":"platform","pricing_title":"Elfsight Apps","pricing_title_caption":"Soluci\u00f3n digital multiplataforma","":"","pricing_price":"desde $0 \/ mes","pricing_price_caption":"Comienza con un plan gratuito","pricing_button_text":"A\u00f1adir al sitio web","pricing_button_url":"#demo"}],"related_apps_title":"","related_apps_hidden":"","author":"","image":[],"title":"","job":"","social_networks":[]},"_links":{"self":[{"href":"https:\/\/elfsight.com\/es\/wp-json\/wp\/v2\/pages\/19728","targetHints":{"allow":["GET"]}}],"collection":[{"href":"https:\/\/elfsight.com\/es\/wp-json\/wp\/v2\/pages"}],"about":[{"href":"https:\/\/elfsight.com\/es\/wp-json\/wp\/v2\/types\/page"}],"author":[{"embeddable":true,"href":"https:\/\/elfsight.com\/es\/wp-json\/wp\/v2\/users\/9"}],"replies":[{"embeddable":true,"href":"https:\/\/elfsight.com\/es\/wp-json\/wp\/v2\/comments?post=19728"}],"version-history":[{"count":1,"href":"https:\/\/elfsight.com\/es\/wp-json\/wp\/v2\/pages\/19728\/revisions"}],"predecessor-version":[{"id":19732,"href":"https:\/\/elfsight.com\/es\/wp-json\/wp\/v2\/pages\/19728\/revisions\/19732"}],"up":[{"embeddable":true,"href":"https:\/\/elfsight.com\/es\/wp-json\/wp\/v2\/pages\/19635"}],"wp:attachment":[{"href":"https:\/\/elfsight.com\/es\/wp-json\/wp\/v2\/media?parent=19728"}],"curies":[{"name":"wp","href":"https:\/\/api.w.org\/{rel}","templated":true}]}}