{"id":19721,"date":"2025-05-20T12:46:00","date_gmt":"2025-05-20T12:46:00","guid":{"rendered":"https:\/\/elfsight.com\/es\/?page_id=19721"},"modified":"2025-05-30T12:59:59","modified_gmt":"2025-05-30T12:59:59","slug":"godaddy","status":"publish","type":"page","link":"https:\/\/elfsight.com\/es\/accessibility-widget\/godaddy\/","title":{"rendered":"Accessibility &#8211; GoDaddy"},"content":{"rendered":"<div class=\"application-platform-content-item-description application-platform-content-item\" id=\"description\" data-nav-section=\"description\"> <h2>Integra la accesibilidad en GoDaddy con un plugin de Elfsight<\/h2> <p>El plugin de accesibilidad mejora la inclusi\u00f3n en tu sitio web, facilitando la navegaci\u00f3n y la lectura para usuarios con diversas necesidades. Con modos de accesibilidad predefinidos, adapta tu sitio web al instante a visitantes con dificultades visuales, de atenci\u00f3n o motoras. Cada modo integra ajustes visuales y funcionales para garantizar la usabilidad y la comodidad. <\/p><p>Tambi\u00e9n incluye un esc\u00e1ner de accesibilidad integrado para evaluar el cumplimiento de tu sitio web y visualizar los resultados de accesibilidad en el panel del plugin. Esto te ayuda no solo a solucionar problemas, sino tambi\u00e9n a demostrar con orgullo tu compromiso con la accesibilidad. Totalmente localizado, el plugin admite usuarios de todo el mundo en sus idiomas nativos para una experiencia fluida. <\/p><p><strong>\u00a1Haz que tu sitio web de GoDaddy sea accesible para todos con solo a\u00f1adir nuestro potente plugin de accesibilidad! <\/strong><\/p><\/div> <div class=\"application-platform-content-item-features application-platform-content-item\" id=\"features\" data-nav-section=\"features\"> <h2>Consulta la lista de las funciones m\u00e1s destacadas: <\/h2><ul><li><b>Modos predefinidos para 8 escenarios de usuario. <\/b> Los usuarios con diversas discapacidades pueden encontrar la configuraci\u00f3n predefinida perfecta para navegar por tu sitio web con facilidad y confianza. <\/li><li><b>Modifica la configuraci\u00f3n del sitio web para mostrar el contenido. <\/b> El complemento incluye opciones de personalizaci\u00f3n para mejorar la claridad del texto, la navegaci\u00f3n del sitio y el contraste de color. <\/li><li><b>Comprobador de accesibilidad integrado. <\/b> Eval\u00faa f\u00e1cilmente tu sitio web para identificar deficiencias y mejorarlo para una mejor accesibilidad. <\/li><li><b>Insignia de confianza con puntuaci\u00f3n de accesibilidad. <\/b> Muestra los resultados de tu auditor\u00eda para demostrar tu compromiso con el cumplimiento de la accesibilidad. <\/li><li><b>Localizaci\u00f3n precisa. <\/b> El complemento ofrece localizaci\u00f3n ling\u00fc\u00edstica y cultural en 76 regiones para cumplir con las leyes de accesibilidad y la implementaci\u00f3n internacional. <\/li><\/ul><p><a href=\"#demo\">Prueba todas las funciones de nuestro plugin en el editor directamente en esta p\u00e1gina<\/a><\/p><\/div> <div class=\"application-platform-content-item-installation application-platform-content-item\" id=\"installation\" data-nav-section=\"installation\"> <h2>\u00bfC\u00f3mo integrar la accesibilidad en mi sitio web de GoDaddy?<\/h2><p>Descubre esta sencilla forma de configurar el plugin en tu sitio web de GoDaddy. Solo te llevar\u00e1 un par de minutos y no requiere programaci\u00f3n.<\/p> <ol><li><strong>Crea tu propio plugin de accesibilidad<\/strong><br> Comienza con cualquier plantilla en el editor, trabaja con sus elementos intuitivos y ajusta el plugin a tu estilo y opciones preferidas.<\/li><li><strong>Obt\u00e9n el c\u00f3digo personal para integrar el plugin<\/strong><br>Una vez creado el plugin, recibir\u00e1s un c\u00f3digo HTML individual en tu panel de control. Copia el c\u00f3digo que contiene toda la informaci\u00f3n sobre tus ajustes. <\/li> <li><strong>Muestra el plugin en tu sitio web de GoDaddy<\/strong><br> Define las secciones de tu sitio web donde quieres mostrar la accesibilidad y pega el c\u00f3digo all\u00ed. Guarda los cambios. <\/li> <\/ol><p>\u00a1Listo! Ahora, comprueba el rendimiento del plugin en tu sitio web. <\/p><p>Si tienes alguna dificultad al integrar el plugin en un sitio web, ponte en contacto con nuestro servicio de atenci\u00f3n al cliente. Estaremos encantados de mostrarte c\u00f3mo a\u00f1adir y ajustar tu soluci\u00f3n de cumplimiento. <\/p><\/div>","protected":false},"excerpt":{"rendered":"","protected":false},"author":9,"featured_media":0,"parent":19635,"menu_order":0,"comment_status":"closed","ping_status":"closed","template":"templates\/template-application-platform.php","meta":{"publish_to_discourse":"","publish_post_category":"","wpdc_auto_publish_overridden":"","wpdc_topic_tags":"","wpdc_pin_topic":"","wpdc_pin_until":"","discourse_post_id":"","discourse_permalink":"","wpdc_publishing_response":"","wpdc_publishing_error":"","footnotes":""},"class_list":["post-19721","page","type-page","status-publish","hentry"],"yoast_head":"<!-- This site is optimized with the Yoast SEO plugin v25.3.1 - https:\/\/yoast.com\/wordpress\/plugins\/seo\/ -->\n<title>Complemento de accesibilidad de GoDaddy: a\u00f1ada cumplimiento normativo a su sitio web [GRATIS]<\/title>\n<meta name=\"description\" content=\"A\u00f1ade un complemento de accesibilidad integrado a tu sitio web de GoDaddy. Prueba el editor intuitivo de Elfsight para crear f\u00e1cilmente tu soluci\u00f3n personalizada.\" \/>\n<meta name=\"robots\" content=\"index, follow, max-snippet:-1, max-image-preview:large, max-video-preview:-1\" \/>\n<link rel=\"canonical\" href=\"https:\/\/elfsight.com\/es\/accessibility-widget\/godaddy\/\" \/>\n<meta property=\"og:locale\" content=\"es_ES\" \/>\n<meta property=\"og:type\" content=\"article\" \/>\n<meta property=\"og:title\" content=\"Complemento de accesibilidad de GoDaddy: a\u00f1ada cumplimiento normativo a su sitio web [GRATIS]\" \/>\n<meta property=\"og:description\" content=\"A\u00f1ade un complemento de accesibilidad integrado a tu sitio web de GoDaddy. Prueba el editor intuitivo de Elfsight para crear f\u00e1cilmente tu soluci\u00f3n personalizada.\" \/>\n<meta property=\"og:url\" content=\"https:\/\/elfsight.com\/es\/accessibility-widget\/godaddy\/\" \/>\n<meta property=\"og:site_name\" content=\"Elfsight ES\" \/>\n<meta property=\"article:modified_time\" content=\"2025-05-30T12:59:59+00:00\" \/>\n<meta name=\"twitter:card\" content=\"summary_large_image\" \/>\n<meta name=\"twitter:label1\" content=\"Tiempo de lectura\" \/>\n\t<meta name=\"twitter:data1\" content=\"2 minutos\" \/>\n<!-- \/ Yoast SEO plugin. -->","yoast_head_json":{"title":"Complemento de accesibilidad de GoDaddy: a\u00f1ada cumplimiento normativo a su sitio web [GRATIS]","description":"A\u00f1ade un complemento de accesibilidad integrado a tu sitio web de GoDaddy. Prueba el editor intuitivo de Elfsight para crear f\u00e1cilmente tu soluci\u00f3n personalizada.","robots":{"index":"index","follow":"follow","max-snippet":"max-snippet:-1","max-image-preview":"max-image-preview:large","max-video-preview":"max-video-preview:-1"},"canonical":"https:\/\/elfsight.com\/es\/accessibility-widget\/godaddy\/","og_locale":"es_ES","og_type":"article","og_title":"Complemento de accesibilidad de GoDaddy: a\u00f1ada cumplimiento normativo a su sitio web [GRATIS]","og_description":"A\u00f1ade un complemento de accesibilidad integrado a tu sitio web de GoDaddy. Prueba el editor intuitivo de Elfsight para crear f\u00e1cilmente tu soluci\u00f3n personalizada.","og_url":"https:\/\/elfsight.com\/es\/accessibility-widget\/godaddy\/","og_site_name":"Elfsight ES","article_modified_time":"2025-05-30T12:59:59+00:00","twitter_card":"summary_large_image","twitter_misc":{"Tiempo de lectura":"2 minutos"},"schema":{"@context":"https:\/\/schema.org","@graph":[{"@type":"WebPage","@id":"https:\/\/elfsight.com\/es\/accessibility-widget\/godaddy\/","url":"https:\/\/elfsight.com\/es\/accessibility-widget\/godaddy\/","name":"Complemento de accesibilidad de GoDaddy: a\u00f1ada cumplimiento normativo a su sitio web [GRATIS]","isPartOf":{"@id":"https:\/\/elfsight.com\/es\/#website"},"datePublished":"2025-05-20T12:46:00+00:00","dateModified":"2025-05-30T12:59:59+00:00","description":"A\u00f1ade un complemento de accesibilidad integrado a tu sitio web de GoDaddy. Prueba el editor intuitivo de Elfsight para crear f\u00e1cilmente tu soluci\u00f3n personalizada.","breadcrumb":{"@id":"https:\/\/elfsight.com\/es\/accessibility-widget\/godaddy\/#breadcrumb"},"inLanguage":"es","potentialAction":[{"@type":"ReadAction","target":["https:\/\/elfsight.com\/es\/accessibility-widget\/godaddy\/"]}]},{"@type":"BreadcrumbList","@id":"https:\/\/elfsight.com\/es\/accessibility-widget\/godaddy\/#breadcrumb","itemListElement":[{"@type":"ListItem","position":1,"name":"Home","item":"https:\/\/elfsight.com\/es\/"},{"@type":"ListItem","position":2,"name":"Accessibility &#8211; GoDaddy"}]},{"@type":"WebSite","@id":"https:\/\/elfsight.com\/es\/#website","url":"https:\/\/elfsight.com\/es\/","name":"Elfsight ES","description":"Just another Elfsight Sites site","potentialAction":[{"@type":"SearchAction","target":{"@type":"EntryPoint","urlTemplate":"https:\/\/elfsight.com\/es\/?s={search_term_string}"},"query-input":{"@type":"PropertyValueSpecification","valueRequired":true,"valueName":"search_term_string"}}],"inLanguage":"es"}]}},"meta_box":{"industry":"","seo_heading":"","heading":"","description":"","cta_heading":"","cta_description":"","application":"19630","h1":"Complemento de accesibilidad para el sitio web de GoDaddy","h1_caption":"Capacita a cada visitante de tu sitio web de GoDaddy con el plugin de cumplimiento que adapta tu contenido a cada necesidad. Impulsa la inclusi\u00f3n, la usabilidad y la disponibilidad en un \u00fanico sistema inteligente.","application_category":[],"applications_title":"","applications_request_title":"","applications_request_button_text":"","hero_text":"","hero_video":"","hero_video_schema_markup":"","selling_points_title":"","selling_points_caption":"","selling_points":[],"selling_points_cta_text":"","features_title":"","features":"","ed_cta_examples_text":"","ed_cta_examples_hidden":"","ed_cta_demo_text":"","ed_cta_demo_hidden":"","why_caption":"","why_editor_title":"","why_editor_text":"","why_team_title":"","why_team_text":"","why_service_title":"","why_service_text":"","template_catalog_visible":"","template_catalog_title":"","template_catalog_text":"","template_catalog_categories_visible":"","demo_title":"Crea tu complemento de accesibilidad","demo_caption":"\u00a1Configura tu Accesibilidad y agr\u00e9gala a tu sitio web de GoDaddy gratis!","default_faq_hidden":"","app_template_category":[],"platform":"2183","template_public_id":"","codecanyon_url":"","codecanyon_item_id":"","codecanyon_price":"","pricing_caption":"","pricing_elfsight_apps_hide_column":"","pricing_elfsight_apps_url":"","pricing_codecanyon_price_caption":"","integration_category":[],"integration_request_title":"","integration_request_cta":"","integration_platform":"","integrations":[],"platform_category":[],"video_schema_markup":"","price":"desde $0 \/ mes","trial":"","benefits":[],"button_url":"#demo","button_target_blank":"0","button_nofollow":"","attributes":[{"name":"Instalaciones","content":"50,000 - 100,000","_state":"expanded"},{"name":"Sensible","content":"S\u00ed","_state":"expanded"},{"name":"Navegadores compatibles","content":"Firefox, Safari, Opera, Chrome, Edge","_state":"expanded"}],"tags":[],"tags_disable_links":"","hide_more_platforms":"","video_object":"","demo_hide_cta":"","demo_hide_cloud_options":"","pricing_title":"","pricing":[{"pricing_icon":"platform","pricing_title":"Elfsight Apps","pricing_title_caption":"Versi\u00f3n multiplataforma","":"","pricing_price":"desde $0 \/ mes","pricing_price_caption":"Comienza con un plan gratuito","pricing_button_text":"A\u00f1adir al sitio web","pricing_button_url":"#demo"}],"related_apps_title":"","related_apps_hidden":"","author":"","image":[],"title":"","job":"","social_networks":[]},"_links":{"self":[{"href":"https:\/\/elfsight.com\/es\/wp-json\/wp\/v2\/pages\/19721","targetHints":{"allow":["GET"]}}],"collection":[{"href":"https:\/\/elfsight.com\/es\/wp-json\/wp\/v2\/pages"}],"about":[{"href":"https:\/\/elfsight.com\/es\/wp-json\/wp\/v2\/types\/page"}],"author":[{"embeddable":true,"href":"https:\/\/elfsight.com\/es\/wp-json\/wp\/v2\/users\/9"}],"replies":[{"embeddable":true,"href":"https:\/\/elfsight.com\/es\/wp-json\/wp\/v2\/comments?post=19721"}],"version-history":[{"count":1,"href":"https:\/\/elfsight.com\/es\/wp-json\/wp\/v2\/pages\/19721\/revisions"}],"predecessor-version":[{"id":19725,"href":"https:\/\/elfsight.com\/es\/wp-json\/wp\/v2\/pages\/19721\/revisions\/19725"}],"up":[{"embeddable":true,"href":"https:\/\/elfsight.com\/es\/wp-json\/wp\/v2\/pages\/19635"}],"wp:attachment":[{"href":"https:\/\/elfsight.com\/es\/wp-json\/wp\/v2\/media?parent=19721"}],"curies":[{"name":"wp","href":"https:\/\/api.w.org\/{rel}","templated":true}]}}