{"id":19718,"date":"2025-05-20T12:58:04","date_gmt":"2025-05-20T12:58:04","guid":{"rendered":"https:\/\/elfsight.com\/es\/?page_id=19718"},"modified":"2025-05-30T12:59:59","modified_gmt":"2025-05-30T12:59:59","slug":"weebly","status":"publish","type":"page","link":"https:\/\/elfsight.com\/es\/accessibility-widget\/weebly\/","title":{"rendered":"Accessibility &#8211; Weebly"},"content":{"rendered":"<div class=\"application-platform-content-item-description application-platform-content-item\" id=\"description\" data-nav-section=\"description\"> <h2>Integra la accesibilidad en Weebly con una app de Elfsight<\/h2> <p>La app de Accesibilidad mejora la inclusi\u00f3n de tu sitio web al facilitar la navegaci\u00f3n y la lectura para usuarios con diversas necesidades. Equipada con perfiles de accesibilidad predefinidos, ajusta autom\u00e1ticamente tu sitio web para usuarios con discapacidades visuales, cognitivas o motoras. Cada modo incluye mejoras visuales y de usabilidad inteligentes para garantizar la usabilidad y la comodidad. <\/p><p>Tambi\u00e9n cuenta con un verificador de accesibilidad integrado para auditor\u00edas que permite inspeccionar el cumplimiento de tu sitio web y visualizar los resultados de accesibilidad en el panel de la app. Esto te ayuda no solo a solucionar problemas, sino tambi\u00e9n a demostrar con orgullo tu compromiso con la accesibilidad. Totalmente localizada, la app ofrece soporte multiling\u00fce para brindar una experiencia fluida a usuarios de todo el mundo. <\/p><p><strong>\u00a1Mejora tu sitio web de Weebly con nuestra app de Accesibilidad y demuestra que est\u00e1 dise\u00f1ado para todos los usuarios! <\/strong><\/p><\/div> <div class=\"application-platform-content-item-features application-platform-content-item\" id=\"features\" data-nav-section=\"features\"> <h2>Las funciones fundamentales de la aplicaci\u00f3n incluyen<\/h2><ul><li><b>Modos predefinidos para 8 escenarios de usuario.<\/b> Los usuarios con diversas discapacidades pueden encontrar la configuraci\u00f3n predefinida perfecta para navegar por su sitio web con facilidad y confianza.<\/li><li><b>Ajuste la configuraci\u00f3n del sitio web para mostrar el contenido.<\/b> La aplicaci\u00f3n incluye opciones de personalizaci\u00f3n para mejorar la claridad del texto, la navegaci\u00f3n del sitio y el contraste de color.<\/li><li><b>Comprobador de accesibilidad integrado.<\/b> Analice f\u00e1cilmente su sitio web para detectar puntos d\u00e9biles y mejorarlo para una mejor accesibilidad.<\/li><li><b>Insignia de confianza con puntuaci\u00f3n de accesibilidad.<\/b> Muestre los resultados de su auditor\u00eda para demostrar su compromiso con el cumplimiento de la accesibilidad.<\/li><li><b>Localizaci\u00f3n precisa.<\/b> La aplicaci\u00f3n admite la localizaci\u00f3n y traducci\u00f3n para 76 pa\u00edses, cumpliendo con los est\u00e1ndares globales de cumplimiento y las necesidades de accesibilidad. <\/li><\/ul><p><a href=\"#demo\">Echa un vistazo al editor en l\u00ednea para descubrir c\u00f3mo funciona la app<\/a><\/p><\/div> <div class=\"application-platform-content-item-installation application-platform-content-item\" id=\"installation\" data-nav-section=\"installation\"> <h2>\u00bfC\u00f3mo integrar la accesibilidad en mi sitio web de Weebly?<\/h2><p>Consulta esta sencilla gu\u00eda para tener la app en tu sitio web de Weebly. Solo te llevar\u00e1 unos minutos y no requiere programaci\u00f3n.<\/p> <ol><li><strong>Crea tu app de accesibilidad personal<\/strong><br>Empieza con cualquier plantilla del editor, trabaja con los elementos que la componen y ajusta la app a tu dise\u00f1o y configuraci\u00f3n preferidos.<\/li><li><strong>Recibe el c\u00f3digo personal para integrar la app<\/strong><br>En cuanto termines de crear tu app, recibir\u00e1s un c\u00f3digo HTML individual en tu panel de control. Copia este c\u00f3digo, que contiene toda la informaci\u00f3n sobre tus ajustes. <\/li> <li><strong>Muestra la app en tu sitio web Weebly<\/strong><br>Elige las \u00e1reas de tu sitio web donde quieres mostrar la Accesibilidad y pega el c\u00f3digo ah\u00ed. Guarda los cambios. <\/li> <\/ol><p>\u00a1Listo! Ahora, comprueba el rendimiento de la app en tu sitio web. <\/p><p>Si experimentas alg\u00fan inconveniente al integrar la app en un sitio web, no dudes en contactar con nuestros gestores de soporte. Estaremos encantados de ayudarte a a\u00f1adir y ajustar tu soluci\u00f3n de cumplimiento. <\/p><\/div>","protected":false},"excerpt":{"rendered":"","protected":false},"author":9,"featured_media":0,"parent":19635,"menu_order":0,"comment_status":"closed","ping_status":"closed","template":"templates\/template-application-platform.php","meta":{"publish_to_discourse":"","publish_post_category":"","wpdc_auto_publish_overridden":"","wpdc_topic_tags":"","wpdc_pin_topic":"","wpdc_pin_until":"","discourse_post_id":"","discourse_permalink":"","wpdc_publishing_response":"","wpdc_publishing_error":"","footnotes":""},"class_list":["post-19718","page","type-page","status-publish","hentry"],"yoast_head":"<!-- This site is optimized with the Yoast SEO plugin v25.3.1 - https:\/\/yoast.com\/wordpress\/plugins\/seo\/ -->\n<title>Aplicaci\u00f3n de accesibilidad de Weebly: A\u00f1ada cumplimiento normativo a su sitio web [GRATIS]<\/title>\n<meta name=\"description\" content=\"A\u00f1ade una aplicaci\u00f3n de accesibilidad sin c\u00f3digo a tu sitio web Weebly. Prueba el editor en l\u00ednea de Elfsight para crear f\u00e1cilmente tu soluci\u00f3n personalizada.\" \/>\n<meta name=\"robots\" content=\"index, follow, max-snippet:-1, max-image-preview:large, max-video-preview:-1\" \/>\n<link rel=\"canonical\" href=\"https:\/\/elfsight.com\/es\/accessibility-widget\/weebly\/\" \/>\n<meta property=\"og:locale\" content=\"es_ES\" \/>\n<meta property=\"og:type\" content=\"article\" \/>\n<meta property=\"og:title\" content=\"Aplicaci\u00f3n de accesibilidad de Weebly: A\u00f1ada cumplimiento normativo a su sitio web [GRATIS]\" \/>\n<meta property=\"og:description\" content=\"A\u00f1ade una aplicaci\u00f3n de accesibilidad sin c\u00f3digo a tu sitio web Weebly. Prueba el editor en l\u00ednea de Elfsight para crear f\u00e1cilmente tu soluci\u00f3n personalizada.\" \/>\n<meta property=\"og:url\" content=\"https:\/\/elfsight.com\/es\/accessibility-widget\/weebly\/\" \/>\n<meta property=\"og:site_name\" content=\"Elfsight ES\" \/>\n<meta property=\"article:modified_time\" content=\"2025-05-30T12:59:59+00:00\" \/>\n<meta name=\"twitter:card\" content=\"summary_large_image\" \/>\n<meta name=\"twitter:label1\" content=\"Tiempo de lectura\" \/>\n\t<meta name=\"twitter:data1\" content=\"2 minutos\" \/>\n<!-- \/ Yoast SEO plugin. -->","yoast_head_json":{"title":"Aplicaci\u00f3n de accesibilidad de Weebly: A\u00f1ada cumplimiento normativo a su sitio web [GRATIS]","description":"A\u00f1ade una aplicaci\u00f3n de accesibilidad sin c\u00f3digo a tu sitio web Weebly. Prueba el editor en l\u00ednea de Elfsight para crear f\u00e1cilmente tu soluci\u00f3n personalizada.","robots":{"index":"index","follow":"follow","max-snippet":"max-snippet:-1","max-image-preview":"max-image-preview:large","max-video-preview":"max-video-preview:-1"},"canonical":"https:\/\/elfsight.com\/es\/accessibility-widget\/weebly\/","og_locale":"es_ES","og_type":"article","og_title":"Aplicaci\u00f3n de accesibilidad de Weebly: A\u00f1ada cumplimiento normativo a su sitio web [GRATIS]","og_description":"A\u00f1ade una aplicaci\u00f3n de accesibilidad sin c\u00f3digo a tu sitio web Weebly. Prueba el editor en l\u00ednea de Elfsight para crear f\u00e1cilmente tu soluci\u00f3n personalizada.","og_url":"https:\/\/elfsight.com\/es\/accessibility-widget\/weebly\/","og_site_name":"Elfsight ES","article_modified_time":"2025-05-30T12:59:59+00:00","twitter_card":"summary_large_image","twitter_misc":{"Tiempo de lectura":"2 minutos"},"schema":{"@context":"https:\/\/schema.org","@graph":[{"@type":"WebPage","@id":"https:\/\/elfsight.com\/es\/accessibility-widget\/weebly\/","url":"https:\/\/elfsight.com\/es\/accessibility-widget\/weebly\/","name":"Aplicaci\u00f3n de accesibilidad de Weebly: A\u00f1ada cumplimiento normativo a su sitio web [GRATIS]","isPartOf":{"@id":"https:\/\/elfsight.com\/es\/#website"},"datePublished":"2025-05-20T12:58:04+00:00","dateModified":"2025-05-30T12:59:59+00:00","description":"A\u00f1ade una aplicaci\u00f3n de accesibilidad sin c\u00f3digo a tu sitio web Weebly. Prueba el editor en l\u00ednea de Elfsight para crear f\u00e1cilmente tu soluci\u00f3n personalizada.","breadcrumb":{"@id":"https:\/\/elfsight.com\/es\/accessibility-widget\/weebly\/#breadcrumb"},"inLanguage":"es","potentialAction":[{"@type":"ReadAction","target":["https:\/\/elfsight.com\/es\/accessibility-widget\/weebly\/"]}]},{"@type":"BreadcrumbList","@id":"https:\/\/elfsight.com\/es\/accessibility-widget\/weebly\/#breadcrumb","itemListElement":[{"@type":"ListItem","position":1,"name":"Home","item":"https:\/\/elfsight.com\/es\/"},{"@type":"ListItem","position":2,"name":"Accessibility &#8211; Weebly"}]},{"@type":"WebSite","@id":"https:\/\/elfsight.com\/es\/#website","url":"https:\/\/elfsight.com\/es\/","name":"Elfsight ES","description":"Just another Elfsight Sites site","potentialAction":[{"@type":"SearchAction","target":{"@type":"EntryPoint","urlTemplate":"https:\/\/elfsight.com\/es\/?s={search_term_string}"},"query-input":{"@type":"PropertyValueSpecification","valueRequired":true,"valueName":"search_term_string"}}],"inLanguage":"es"}]}},"meta_box":{"industry":"","seo_heading":"","heading":"","description":"","cta_heading":"","cta_description":"","application":"19630","h1":"Aplicaci\u00f3n de accesibilidad para el sitio web de Weebly","h1_caption":"Recibe a cada visitante de tu sitio web Weebly con la aplicaci\u00f3n de cumplimiento que adapta tu contenido a cada necesidad. Impulsa la inclusi\u00f3n, la usabilidad y la disponibilidad con una soluci\u00f3n inteligente.","application_category":[],"applications_title":"","applications_request_title":"","applications_request_button_text":"","hero_text":"","hero_video":"","hero_video_schema_markup":"","selling_points_title":"","selling_points_caption":"","selling_points":[],"selling_points_cta_text":"","features_title":"","features":"","ed_cta_examples_text":"","ed_cta_examples_hidden":"","ed_cta_demo_text":"","ed_cta_demo_hidden":"","why_caption":"","why_editor_title":"","why_editor_text":"","why_team_title":"","why_team_text":"","why_service_title":"","why_service_text":"","template_catalog_visible":"","template_catalog_title":"","template_catalog_text":"","template_catalog_categories_visible":"","demo_title":"Crea tu aplicaci\u00f3n de accesibilidad","demo_caption":"\u00a1Configura tu Accesibilidad y agr\u00e9gala a tu sitio web Weebly gratis!","default_faq_hidden":"","app_template_category":[],"platform":"109","template_public_id":"","codecanyon_url":"","codecanyon_item_id":"","codecanyon_price":"","pricing_caption":"","pricing_elfsight_apps_hide_column":"","pricing_elfsight_apps_url":"","pricing_codecanyon_price_caption":"","integration_category":[],"integration_request_title":"","integration_request_cta":"","integration_platform":"","integrations":[],"platform_category":[],"video_schema_markup":"","price":"desde $0 \/ mes","trial":"","benefits":[],"button_url":"#demo","button_target_blank":"0","button_nofollow":"","attributes":[{"name":"Instalaciones","content":"50,000 - 100,000","_state":"expanded"},{"name":"Sensible","content":"S\u00ed","_state":"expanded"},{"name":"Navegadores compatibles","content":"Firefox, Safari, Opera, Chrome, Edge","_state":"expanded"}],"tags":[],"tags_disable_links":"","hide_more_platforms":"","video_object":"","demo_hide_cta":"","demo_hide_cloud_options":"","pricing_title":"","pricing":[{"pricing_icon":"platform","pricing_title":"Elfsight Apps","pricing_title_caption":"Software independiente de la plataforma que se adapta a cualquier sitio","":"","pricing_price":"desde $0 \/ mes","pricing_price_caption":"Comienza con un plan gratuito","pricing_button_text":"A\u00f1adir al sitio web","pricing_button_url":"#demo"}],"related_apps_title":"","related_apps_hidden":"","author":"","image":[],"title":"","job":"","social_networks":[]},"_links":{"self":[{"href":"https:\/\/elfsight.com\/es\/wp-json\/wp\/v2\/pages\/19718","targetHints":{"allow":["GET"]}}],"collection":[{"href":"https:\/\/elfsight.com\/es\/wp-json\/wp\/v2\/pages"}],"about":[{"href":"https:\/\/elfsight.com\/es\/wp-json\/wp\/v2\/types\/page"}],"author":[{"embeddable":true,"href":"https:\/\/elfsight.com\/es\/wp-json\/wp\/v2\/users\/9"}],"replies":[{"embeddable":true,"href":"https:\/\/elfsight.com\/es\/wp-json\/wp\/v2\/comments?post=19718"}],"version-history":[{"count":1,"href":"https:\/\/elfsight.com\/es\/wp-json\/wp\/v2\/pages\/19718\/revisions"}],"predecessor-version":[{"id":19722,"href":"https:\/\/elfsight.com\/es\/wp-json\/wp\/v2\/pages\/19718\/revisions\/19722"}],"up":[{"embeddable":true,"href":"https:\/\/elfsight.com\/es\/wp-json\/wp\/v2\/pages\/19635"}],"wp:attachment":[{"href":"https:\/\/elfsight.com\/es\/wp-json\/wp\/v2\/media?parent=19718"}],"curies":[{"name":"wp","href":"https:\/\/api.w.org\/{rel}","templated":true}]}}