{"id":19713,"date":"2025-05-20T13:03:48","date_gmt":"2025-05-20T13:03:48","guid":{"rendered":"https:\/\/elfsight.com\/es\/?page_id=19713"},"modified":"2025-05-30T12:59:50","modified_gmt":"2025-05-30T12:59:50","slug":"opencart","status":"publish","type":"page","link":"https:\/\/elfsight.com\/es\/accessibility-widget\/opencart\/","title":{"rendered":"Accessibility &#8211; OpenCart"},"content":{"rendered":"<div class=\"application-platform-content-item-description application-platform-content-item\" id=\"description\" data-nav-section=\"description\"> <h2>Integre la accesibilidad en OpenCart con una extensi\u00f3n de Elfsight<\/h2> <p>La extensi\u00f3n de Accesibilidad mejora la inclusi\u00f3n en su sitio web al optimizar la legibilidad y la navegaci\u00f3n para usuarios de todas las capacidades. Con modos de accesibilidad predefinidos, adapta instant\u00e1neamente su sitio web para personas con dificultades visuales, de concentraci\u00f3n o de movimiento. Cada modo integra ajustes visuales y funcionales inteligentes para garantizar la usabilidad y la comodidad. <\/p><p>Tambi\u00e9n ofrece un analizador de accesibilidad nativo para garantizar que su sitio web cumpla con los est\u00e1ndares y visualizar los resultados de accesibilidad dentro del panel de la extensi\u00f3n. Esto ayuda a garantizar el cumplimiento normativo y refleja visiblemente su compromiso con las mejores pr\u00e1cticas de accesibilidad. Totalmente localizada, la extensi\u00f3n admite usuarios de todo el mundo en sus idiomas nativos para una experiencia fluida. <\/p><p><strong>Mejore su sitio web OpenCart con nuestra extensi\u00f3n de Accesibilidad y demuestre que est\u00e1 dise\u00f1ado para todos los usuarios. <\/strong><\/p><\/div> <div class=\"application-platform-content-item-features application-platform-content-item\" id=\"features\" data-nav-section=\"features\"> <h2>Ofrecemos funciones pr\u00e1cticas y sencillas. Vea algunas:<\/h2><ul><li><b>Modos listos para usar para 8 escenarios de usuario.<\/b> Los usuarios con diversas discapacidades pueden encontrar la configuraci\u00f3n predefinida perfecta para explorar su sitio web con comodidad.<\/li><li><b>Ajuste la configuraci\u00f3n del sitio web para mostrar el contenido.<\/b> La extensi\u00f3n incluye opciones de personalizaci\u00f3n para mejorar la claridad del texto, la navegaci\u00f3n del sitio y el contraste de color.<\/li><li><b>Comprobador de accesibilidad integrado.<\/b> Analice f\u00e1cilmente su sitio web para detectar puntos d\u00e9biles y mejorarlo para una mejor accesibilidad.<\/li><li><b>Insignia de confianza con puntuaci\u00f3n de accesibilidad.<\/b> Publique los resultados de la auditor\u00eda en la extensi\u00f3n para validar su compromiso continuo con los est\u00e1ndares.<\/li><li><b>Localizaci\u00f3n precisa.<\/b> La extensi\u00f3n ofrece localizaci\u00f3n ling\u00fc\u00edstica y cultural en 76 regiones para cumplir con las leyes de accesibilidad y la implementaci\u00f3n internacional. <\/li><\/ul><p><a href=\"#demo\">El editor intuitivo te muestra c\u00f3mo funcionan las funciones y la configuraci\u00f3n directamente en esta p\u00e1gina<\/a><\/p><\/div> <div class=\"application-platform-content-item-installation application-platform-content-item\" id=\"installation\" data-nav-section=\"installation\"> <h2>\u00bfC\u00f3mo puedo integrar la accesibilidad en mi sitio web de OpenCart?<\/h2><p>Consulta esta sencilla gu\u00eda para tener la extensi\u00f3n en tu sitio web de OpenCart. Solo te llevar\u00e1 unos minutos y no requiere programaci\u00f3n.<\/p> <ol><li><strong>Crea tu extensi\u00f3n de accesibilidad personalizada<\/strong><br> Comienza con cualquier plantilla del editor, trabaja con los elementos que la componen y personaliza la extensi\u00f3n con tu dise\u00f1o y configuraci\u00f3n preferidos.<\/li><li><strong>Recibe el c\u00f3digo personal para integrar la extensi\u00f3n<\/strong><br>Una vez que hayas creado tu extensi\u00f3n, recibir\u00e1s un c\u00f3digo HTML individual en tu panel de control. Copia el c\u00f3digo que contiene todos los detalles de tu configuraci\u00f3n. <\/li> <li><strong>Muestra la extensi\u00f3n en tu sitio web de OpenCart<\/strong><br> Define las \u00e1reas de tu sitio web donde quieres mostrar la accesibilidad y pega el c\u00f3digo all\u00ed. Guarda los cambios. <\/li> <\/ol><p>\u00a1Listo! Ahora, comprueba el rendimiento de la extensi\u00f3n en tu sitio web. <\/p><p>Si tienes alg\u00fan problema al integrar la extensi\u00f3n en un sitio web, no dudes en contactar con nuestros gestores de soporte. Estaremos encantados de ayudarte a a\u00f1adir y ajustar tu soluci\u00f3n de cumplimiento. <\/p><\/div>","protected":false},"excerpt":{"rendered":"","protected":false},"author":9,"featured_media":0,"parent":19635,"menu_order":0,"comment_status":"closed","ping_status":"closed","template":"templates\/template-application-platform.php","meta":{"publish_to_discourse":"","publish_post_category":"","wpdc_auto_publish_overridden":"","wpdc_topic_tags":"","wpdc_pin_topic":"","wpdc_pin_until":"","discourse_post_id":"","discourse_permalink":"","wpdc_publishing_response":"","wpdc_publishing_error":"","footnotes":""},"class_list":["post-19713","page","type-page","status-publish","hentry"],"yoast_head":"<!-- This site is optimized with the Yoast SEO plugin v25.3.1 - https:\/\/yoast.com\/wordpress\/plugins\/seo\/ -->\n<title>Extensi\u00f3n de accesibilidad de OpenCart: a\u00f1ada cumplimiento normativo a su sitio web [GRATIS]<\/title>\n<meta name=\"description\" content=\"A\u00f1ade una extensi\u00f3n de accesibilidad sin necesidad de c\u00f3digo a tu sitio web de OpenCart. Descubre el editor r\u00e1pido de Elfsight para crear f\u00e1cilmente tu soluci\u00f3n personalizada.\" \/>\n<meta name=\"robots\" content=\"index, follow, max-snippet:-1, max-image-preview:large, max-video-preview:-1\" \/>\n<link rel=\"canonical\" href=\"https:\/\/elfsight.com\/es\/accessibility-widget\/opencart\/\" \/>\n<meta property=\"og:locale\" content=\"es_ES\" \/>\n<meta property=\"og:type\" content=\"article\" \/>\n<meta property=\"og:title\" content=\"Extensi\u00f3n de accesibilidad de OpenCart: a\u00f1ada cumplimiento normativo a su sitio web [GRATIS]\" \/>\n<meta property=\"og:description\" content=\"A\u00f1ade una extensi\u00f3n de accesibilidad sin necesidad de c\u00f3digo a tu sitio web de OpenCart. Descubre el editor r\u00e1pido de Elfsight para crear f\u00e1cilmente tu soluci\u00f3n personalizada.\" \/>\n<meta property=\"og:url\" content=\"https:\/\/elfsight.com\/es\/accessibility-widget\/opencart\/\" \/>\n<meta property=\"og:site_name\" content=\"Elfsight ES\" \/>\n<meta property=\"article:modified_time\" content=\"2025-05-30T12:59:50+00:00\" \/>\n<meta name=\"twitter:card\" content=\"summary_large_image\" \/>\n<meta name=\"twitter:label1\" content=\"Tiempo de lectura\" \/>\n\t<meta name=\"twitter:data1\" content=\"2 minutos\" \/>\n<!-- \/ Yoast SEO plugin. -->","yoast_head_json":{"title":"Extensi\u00f3n de accesibilidad de OpenCart: a\u00f1ada cumplimiento normativo a su sitio web [GRATIS]","description":"A\u00f1ade una extensi\u00f3n de accesibilidad sin necesidad de c\u00f3digo a tu sitio web de OpenCart. Descubre el editor r\u00e1pido de Elfsight para crear f\u00e1cilmente tu soluci\u00f3n personalizada.","robots":{"index":"index","follow":"follow","max-snippet":"max-snippet:-1","max-image-preview":"max-image-preview:large","max-video-preview":"max-video-preview:-1"},"canonical":"https:\/\/elfsight.com\/es\/accessibility-widget\/opencart\/","og_locale":"es_ES","og_type":"article","og_title":"Extensi\u00f3n de accesibilidad de OpenCart: a\u00f1ada cumplimiento normativo a su sitio web [GRATIS]","og_description":"A\u00f1ade una extensi\u00f3n de accesibilidad sin necesidad de c\u00f3digo a tu sitio web de OpenCart. Descubre el editor r\u00e1pido de Elfsight para crear f\u00e1cilmente tu soluci\u00f3n personalizada.","og_url":"https:\/\/elfsight.com\/es\/accessibility-widget\/opencart\/","og_site_name":"Elfsight ES","article_modified_time":"2025-05-30T12:59:50+00:00","twitter_card":"summary_large_image","twitter_misc":{"Tiempo de lectura":"2 minutos"},"schema":{"@context":"https:\/\/schema.org","@graph":[{"@type":"WebPage","@id":"https:\/\/elfsight.com\/es\/accessibility-widget\/opencart\/","url":"https:\/\/elfsight.com\/es\/accessibility-widget\/opencart\/","name":"Extensi\u00f3n de accesibilidad de OpenCart: a\u00f1ada cumplimiento normativo a su sitio web [GRATIS]","isPartOf":{"@id":"https:\/\/elfsight.com\/es\/#website"},"datePublished":"2025-05-20T13:03:48+00:00","dateModified":"2025-05-30T12:59:50+00:00","description":"A\u00f1ade una extensi\u00f3n de accesibilidad sin necesidad de c\u00f3digo a tu sitio web de OpenCart. Descubre el editor r\u00e1pido de Elfsight para crear f\u00e1cilmente tu soluci\u00f3n personalizada.","breadcrumb":{"@id":"https:\/\/elfsight.com\/es\/accessibility-widget\/opencart\/#breadcrumb"},"inLanguage":"es","potentialAction":[{"@type":"ReadAction","target":["https:\/\/elfsight.com\/es\/accessibility-widget\/opencart\/"]}]},{"@type":"BreadcrumbList","@id":"https:\/\/elfsight.com\/es\/accessibility-widget\/opencart\/#breadcrumb","itemListElement":[{"@type":"ListItem","position":1,"name":"Home","item":"https:\/\/elfsight.com\/es\/"},{"@type":"ListItem","position":2,"name":"Accessibility &#8211; OpenCart"}]},{"@type":"WebSite","@id":"https:\/\/elfsight.com\/es\/#website","url":"https:\/\/elfsight.com\/es\/","name":"Elfsight ES","description":"Just another Elfsight Sites site","potentialAction":[{"@type":"SearchAction","target":{"@type":"EntryPoint","urlTemplate":"https:\/\/elfsight.com\/es\/?s={search_term_string}"},"query-input":{"@type":"PropertyValueSpecification","valueRequired":true,"valueName":"search_term_string"}}],"inLanguage":"es"}]}},"meta_box":{"industry":"","seo_heading":"","heading":"","description":"","cta_heading":"","cta_description":"","application":"19630","h1":"Extensi\u00f3n de accesibilidad para el sitio web de OpenCart","h1_caption":"Empodere a cada visitante de su sitio web OpenCart con la extensi\u00f3n de cumplimiento que adapta su contenido a todos los niveles. Impulse la inclusi\u00f3n, la usabilidad y la disponibilidad en una plataforma integral.","application_category":[],"applications_title":"","applications_request_title":"","applications_request_button_text":"","hero_text":"","hero_video":"","hero_video_schema_markup":"","selling_points_title":"","selling_points_caption":"","selling_points":[],"selling_points_cta_text":"","features_title":"","features":"","ed_cta_examples_text":"","ed_cta_examples_hidden":"","ed_cta_demo_text":"","ed_cta_demo_hidden":"","why_caption":"","why_editor_title":"","why_editor_text":"","why_team_title":"","why_team_text":"","why_service_title":"","why_service_text":"","template_catalog_visible":"","template_catalog_title":"","template_catalog_text":"","template_catalog_categories_visible":"","demo_title":"Crea tu extensi\u00f3n de Accesibilidad","demo_caption":"\u00a1Configura tu Accesibilidad y agr\u00e9gala a tu sitio web OpenCart gratis!","default_faq_hidden":"","app_template_category":[],"platform":"88","template_public_id":"","codecanyon_url":"","codecanyon_item_id":"","codecanyon_price":"","pricing_caption":"","pricing_elfsight_apps_hide_column":"","pricing_elfsight_apps_url":"","pricing_codecanyon_price_caption":"","integration_category":[],"integration_request_title":"","integration_request_cta":"","integration_platform":"","integrations":[],"platform_category":[],"video_schema_markup":"","price":"desde $0 \/ mes","trial":"","benefits":[],"button_url":"#demo","button_target_blank":"0","button_nofollow":"","attributes":[{"name":"Instalaciones","content":"50,000 - 100,000","_state":"expanded"},{"name":"Sensible","content":"S\u00ed","_state":"expanded"},{"name":"Navegadores compatibles","content":"Firefox, Safari, Opera, Chrome, Edge","_state":"expanded"}],"tags":[],"tags_disable_links":"","hide_more_platforms":"","video_object":"","demo_hide_cta":"","demo_hide_cloud_options":"","pricing_title":"","pricing":[{"pricing_icon":"platform","pricing_title":"Elfsight Apps","pricing_title_caption":"Versi\u00f3n independiente de la plataforma que funciona en cualquier sitio web.","":"","pricing_price":"desde $0 \/ mes","pricing_price_caption":"Comienza con un plan gratuito","pricing_button_text":"A\u00f1adir al sitio web","pricing_button_url":"#demo"}],"related_apps_title":"","related_apps_hidden":"","author":"","image":[],"title":"","job":"","social_networks":[]},"_links":{"self":[{"href":"https:\/\/elfsight.com\/es\/wp-json\/wp\/v2\/pages\/19713","targetHints":{"allow":["GET"]}}],"collection":[{"href":"https:\/\/elfsight.com\/es\/wp-json\/wp\/v2\/pages"}],"about":[{"href":"https:\/\/elfsight.com\/es\/wp-json\/wp\/v2\/types\/page"}],"author":[{"embeddable":true,"href":"https:\/\/elfsight.com\/es\/wp-json\/wp\/v2\/users\/9"}],"replies":[{"embeddable":true,"href":"https:\/\/elfsight.com\/es\/wp-json\/wp\/v2\/comments?post=19713"}],"version-history":[{"count":1,"href":"https:\/\/elfsight.com\/es\/wp-json\/wp\/v2\/pages\/19713\/revisions"}],"predecessor-version":[{"id":19717,"href":"https:\/\/elfsight.com\/es\/wp-json\/wp\/v2\/pages\/19713\/revisions\/19717"}],"up":[{"embeddable":true,"href":"https:\/\/elfsight.com\/es\/wp-json\/wp\/v2\/pages\/19635"}],"wp:attachment":[{"href":"https:\/\/elfsight.com\/es\/wp-json\/wp\/v2\/media?parent=19713"}],"curies":[{"name":"wp","href":"https:\/\/api.w.org\/{rel}","templated":true}]}}