{"id":19703,"date":"2025-05-20T13:39:47","date_gmt":"2025-05-20T13:39:47","guid":{"rendered":"https:\/\/elfsight.com\/es\/?page_id=19703"},"modified":"2025-05-30T12:59:42","modified_gmt":"2025-05-30T12:59:42","slug":"jimdo","status":"publish","type":"page","link":"https:\/\/elfsight.com\/es\/accessibility-widget\/jimdo\/","title":{"rendered":"Accessibility &#8211; Jimdo"},"content":{"rendered":"<div class=\"application-platform-content-item-description application-platform-content-item\" id=\"description\" data-nav-section=\"description\"> <h2>Integra la accesibilidad en Jimdo con un widget de Elfsight<\/h2> <p>El widget de accesibilidad garantiza la inclusi\u00f3n en tu sitio web al mejorar la experiencia de usuario para personas con diferentes necesidades de accesibilidad. Con modos de accesibilidad predefinidos, adapta tu sitio web al instante a visitantes con dificultades visuales, de atenci\u00f3n o motoras. Cada modo incluye ajustes visuales y funcionales inteligentes para garantizar la usabilidad y la comodidad. <\/p><p>Tambi\u00e9n ofrece un analizador de accesibilidad nativo para garantizar que tu sitio web cumpla con los est\u00e1ndares y visualizar los resultados de accesibilidad dentro del panel de widgets. Esto te permite resolver problemas de accesibilidad y demostrar tu compromiso con el dise\u00f1o inclusivo. Totalmente localizado, el widget es compatible con usuarios de todo el mundo en sus idiomas nativos para una experiencia fluida. <\/p><p><strong>\u00a1A\u00f1ade nuestro widget de accesibilidad a tu sitio web Jimdo y demuestra al mundo que tu sitio web es para todos! <\/strong><\/p><\/div> <div class=\"application-platform-content-item-features application-platform-content-item\" id=\"features\" data-nav-section=\"features\"> <h2>A continuaci\u00f3n, se muestran las caracter\u00edsticas esenciales del widget:<\/h2><ul><li><b>Modos predefinidos para 8 escenarios de usuario.<\/b> Los usuarios con diversas discapacidades pueden encontrar un ajuste preestablecido perfecto para explorar su sitio web con comodidad.<\/li><li><b>Ajuste la configuraci\u00f3n del sitio web para mostrar el contenido.<\/b> El widget cuenta con configuraciones dise\u00f1adas para optimizar la legibilidad, el flujo de usuario y la accesibilidad visual.<\/li><li><b>Comprobador de accesibilidad integrado.<\/b> Eval\u00fae f\u00e1cilmente su sitio web para identificar brechas y mejorarlo para una mejor accesibilidad.<\/li><li><b>Insignia de confianza con puntuaci\u00f3n de accesibilidad.<\/b> Muestre los resultados de su auditor\u00eda para demostrar su dedicaci\u00f3n al cumplimiento de la accesibilidad.<\/li><li><b>Localizaci\u00f3n precisa.<\/b> El widget est\u00e1 traducido y localizado para 76 pa\u00edses para garantizar tanto el cumplimiento como la disponibilidad internacional. <\/li><\/ul><p><a href=\"#demo\">Prueba todas las opciones del widget en el editor directamente en esta p\u00e1gina<\/a><\/p><\/div> <div class=\"application-platform-content-item-installation application-platform-content-item\" id=\"installation\" data-nav-section=\"installation\"> <h2>\u00bfC\u00f3mo integrar la accesibilidad en mi sitio web Jimdo?<\/h2><p>Consulta esta sencilla gu\u00eda para configurar el widget en tu sitio web Jimdo. Solo te llevar\u00e1 un par de minutos y no requiere programaci\u00f3n.<\/p> <ol><li><strong>Crea tu propio widget de accesibilidad<\/strong><br> Comienza con cualquier plantilla en el editor, trabaja con sus elementos intuitivos y personaliza el widget con tu dise\u00f1o y opciones preferidas.<\/li><li><strong>Obt\u00e9n el c\u00f3digo personal para integrar el widget<\/strong><br>Una vez creado el widget, recibir\u00e1s un c\u00f3digo HTML individual en tu panel de control. Copia el c\u00f3digo que contiene toda la informaci\u00f3n sobre tu configuraci\u00f3n. <\/li> <li><strong>Muestra el widget en tu sitio web Jimdo<\/strong><br> Define las secciones de tu sitio web donde quieres mostrar la accesibilidad y pega el c\u00f3digo all\u00ed. Guarda los cambios. <\/li> <\/ol><p>\u00a1Listo! Ahora, comprueba el rendimiento del widget en tu sitio web. <\/p><p>Si tienes alguna dificultad al integrar el widget en tu sitio web, no dudes en contactar con nuestros gestores de soporte. Estaremos encantados de guiarte en la instalaci\u00f3n y gesti\u00f3n de tu soluci\u00f3n de cumplimiento. <\/p><\/div>","protected":false},"excerpt":{"rendered":"","protected":false},"author":9,"featured_media":0,"parent":19635,"menu_order":0,"comment_status":"closed","ping_status":"closed","template":"templates\/template-application-platform.php","meta":{"publish_to_discourse":"","publish_post_category":"","wpdc_auto_publish_overridden":"","wpdc_topic_tags":"","wpdc_pin_topic":"","wpdc_pin_until":"","discourse_post_id":"","discourse_permalink":"","wpdc_publishing_response":"","wpdc_publishing_error":"","footnotes":""},"class_list":["post-19703","page","type-page","status-publish","hentry"],"yoast_head":"<!-- This site is optimized with the Yoast SEO plugin v25.3.1 - https:\/\/yoast.com\/wordpress\/plugins\/seo\/ -->\n<title>Widget de accesibilidad de Jimdo: a\u00f1ade compatibilidad a tu sitio web [GRATIS]<\/title>\n<meta name=\"description\" content=\"A\u00f1ade un widget de accesibilidad sin c\u00f3digo a tu sitio web Jimdo. Usa el editor intuitivo de Elfsight para crear f\u00e1cilmente tu soluci\u00f3n personalizada.\" \/>\n<meta name=\"robots\" content=\"index, follow, max-snippet:-1, max-image-preview:large, max-video-preview:-1\" \/>\n<link rel=\"canonical\" href=\"https:\/\/elfsight.com\/es\/accessibility-widget\/jimdo\/\" \/>\n<meta property=\"og:locale\" content=\"es_ES\" \/>\n<meta property=\"og:type\" content=\"article\" \/>\n<meta property=\"og:title\" content=\"Widget de accesibilidad de Jimdo: a\u00f1ade compatibilidad a tu sitio web [GRATIS]\" \/>\n<meta property=\"og:description\" content=\"A\u00f1ade un widget de accesibilidad sin c\u00f3digo a tu sitio web Jimdo. Usa el editor intuitivo de Elfsight para crear f\u00e1cilmente tu soluci\u00f3n personalizada.\" \/>\n<meta property=\"og:url\" content=\"https:\/\/elfsight.com\/es\/accessibility-widget\/jimdo\/\" \/>\n<meta property=\"og:site_name\" content=\"Elfsight ES\" \/>\n<meta property=\"article:modified_time\" content=\"2025-05-30T12:59:42+00:00\" \/>\n<meta name=\"twitter:card\" content=\"summary_large_image\" \/>\n<meta name=\"twitter:label1\" content=\"Tiempo de lectura\" \/>\n\t<meta name=\"twitter:data1\" content=\"2 minutos\" \/>\n<!-- \/ Yoast SEO plugin. -->","yoast_head_json":{"title":"Widget de accesibilidad de Jimdo: a\u00f1ade compatibilidad a tu sitio web [GRATIS]","description":"A\u00f1ade un widget de accesibilidad sin c\u00f3digo a tu sitio web Jimdo. Usa el editor intuitivo de Elfsight para crear f\u00e1cilmente tu soluci\u00f3n personalizada.","robots":{"index":"index","follow":"follow","max-snippet":"max-snippet:-1","max-image-preview":"max-image-preview:large","max-video-preview":"max-video-preview:-1"},"canonical":"https:\/\/elfsight.com\/es\/accessibility-widget\/jimdo\/","og_locale":"es_ES","og_type":"article","og_title":"Widget de accesibilidad de Jimdo: a\u00f1ade compatibilidad a tu sitio web [GRATIS]","og_description":"A\u00f1ade un widget de accesibilidad sin c\u00f3digo a tu sitio web Jimdo. Usa el editor intuitivo de Elfsight para crear f\u00e1cilmente tu soluci\u00f3n personalizada.","og_url":"https:\/\/elfsight.com\/es\/accessibility-widget\/jimdo\/","og_site_name":"Elfsight ES","article_modified_time":"2025-05-30T12:59:42+00:00","twitter_card":"summary_large_image","twitter_misc":{"Tiempo de lectura":"2 minutos"},"schema":{"@context":"https:\/\/schema.org","@graph":[{"@type":"WebPage","@id":"https:\/\/elfsight.com\/es\/accessibility-widget\/jimdo\/","url":"https:\/\/elfsight.com\/es\/accessibility-widget\/jimdo\/","name":"Widget de accesibilidad de Jimdo: a\u00f1ade compatibilidad a tu sitio web [GRATIS]","isPartOf":{"@id":"https:\/\/elfsight.com\/es\/#website"},"datePublished":"2025-05-20T13:39:47+00:00","dateModified":"2025-05-30T12:59:42+00:00","description":"A\u00f1ade un widget de accesibilidad sin c\u00f3digo a tu sitio web Jimdo. Usa el editor intuitivo de Elfsight para crear f\u00e1cilmente tu soluci\u00f3n personalizada.","breadcrumb":{"@id":"https:\/\/elfsight.com\/es\/accessibility-widget\/jimdo\/#breadcrumb"},"inLanguage":"es","potentialAction":[{"@type":"ReadAction","target":["https:\/\/elfsight.com\/es\/accessibility-widget\/jimdo\/"]}]},{"@type":"BreadcrumbList","@id":"https:\/\/elfsight.com\/es\/accessibility-widget\/jimdo\/#breadcrumb","itemListElement":[{"@type":"ListItem","position":1,"name":"Home","item":"https:\/\/elfsight.com\/es\/"},{"@type":"ListItem","position":2,"name":"Accessibility &#8211; Jimdo"}]},{"@type":"WebSite","@id":"https:\/\/elfsight.com\/es\/#website","url":"https:\/\/elfsight.com\/es\/","name":"Elfsight ES","description":"Just another Elfsight Sites site","potentialAction":[{"@type":"SearchAction","target":{"@type":"EntryPoint","urlTemplate":"https:\/\/elfsight.com\/es\/?s={search_term_string}"},"query-input":{"@type":"PropertyValueSpecification","valueRequired":true,"valueName":"search_term_string"}}],"inLanguage":"es"}]}},"meta_box":{"industry":"","seo_heading":"","heading":"","description":"","cta_heading":"","cta_description":"","application":"19630","h1":"Widget de accesibilidad para el sitio web de Jimdo","h1_caption":"Optimiza la experiencia de cada visitante de tu sitio web Jimdo con el widget de cumplimiento que adapta tu contenido a cada necesidad. Mejora la inclusi\u00f3n, la funcionalidad y la disponibilidad en un \u00fanico sistema inteligente.","application_category":[],"applications_title":"","applications_request_title":"","applications_request_button_text":"","hero_text":"","hero_video":"","hero_video_schema_markup":"","selling_points_title":"","selling_points_caption":"","selling_points":[],"selling_points_cta_text":"","features_title":"","features":"","ed_cta_examples_text":"","ed_cta_examples_hidden":"","ed_cta_demo_text":"","ed_cta_demo_hidden":"","why_caption":"","why_editor_title":"","why_editor_text":"","why_team_title":"","why_team_text":"","why_service_title":"","why_service_text":"","template_catalog_visible":"","template_catalog_title":"","template_catalog_text":"","template_catalog_categories_visible":"","demo_title":"Crea tu widget de Accesibilidad","demo_caption":"\u00a1Configura tu Accesibilidad y a\u00f1\u00e1dela a tu web Jimdo gratis!","default_faq_hidden":"","app_template_category":[],"platform":"2198","template_public_id":"","codecanyon_url":"","codecanyon_item_id":"","codecanyon_price":"","pricing_caption":"","pricing_elfsight_apps_hide_column":"","pricing_elfsight_apps_url":"","pricing_codecanyon_price_caption":"","integration_category":[],"integration_request_title":"","integration_request_cta":"","integration_platform":"","integrations":[],"platform_category":[],"video_schema_markup":"","price":"desde $0 \/ mes","trial":"","benefits":[],"button_url":"#demo","button_target_blank":"0","button_nofollow":"","attributes":[{"name":"Instalaciones","content":"50,000 - 100,000","_state":"expanded"},{"name":"Sensible","content":"S\u00ed","_state":"expanded"},{"name":"Navegadores compatibles","content":"Firefox, Safari, Opera, Chrome, Edge","_state":"expanded"}],"tags":[],"tags_disable_links":"","hide_more_platforms":"","video_object":"","demo_hide_cta":"","demo_hide_cloud_options":"","pricing_title":"","pricing":[{"pricing_icon":"platform","pricing_title":"Elfsight Apps","pricing_title_caption":"Software independiente de la plataforma","":"","pricing_price":"desde $0 \/ mes","pricing_price_caption":"Comienza con un plan gratuito","pricing_button_text":"A\u00f1adir al sitio web","pricing_button_url":"#demo"}],"related_apps_title":"","related_apps_hidden":"","author":"","image":[],"title":"","job":"","social_networks":[]},"_links":{"self":[{"href":"https:\/\/elfsight.com\/es\/wp-json\/wp\/v2\/pages\/19703","targetHints":{"allow":["GET"]}}],"collection":[{"href":"https:\/\/elfsight.com\/es\/wp-json\/wp\/v2\/pages"}],"about":[{"href":"https:\/\/elfsight.com\/es\/wp-json\/wp\/v2\/types\/page"}],"author":[{"embeddable":true,"href":"https:\/\/elfsight.com\/es\/wp-json\/wp\/v2\/users\/9"}],"replies":[{"embeddable":true,"href":"https:\/\/elfsight.com\/es\/wp-json\/wp\/v2\/comments?post=19703"}],"version-history":[{"count":1,"href":"https:\/\/elfsight.com\/es\/wp-json\/wp\/v2\/pages\/19703\/revisions"}],"predecessor-version":[{"id":19707,"href":"https:\/\/elfsight.com\/es\/wp-json\/wp\/v2\/pages\/19703\/revisions\/19707"}],"up":[{"embeddable":true,"href":"https:\/\/elfsight.com\/es\/wp-json\/wp\/v2\/pages\/19635"}],"wp:attachment":[{"href":"https:\/\/elfsight.com\/es\/wp-json\/wp\/v2\/media?parent=19703"}],"curies":[{"name":"wp","href":"https:\/\/api.w.org\/{rel}","templated":true}]}}