{"id":19694,"date":"2025-05-21T07:59:31","date_gmt":"2025-05-21T07:59:31","guid":{"rendered":"https:\/\/elfsight.com\/es\/?page_id=19694"},"modified":"2025-06-11T10:00:10","modified_gmt":"2025-06-11T10:00:10","slug":"squarespace","status":"publish","type":"page","link":"https:\/\/elfsight.com\/es\/ada-compliance-widget\/squarespace\/","title":{"rendered":"ADA Compliance &#8211; Squarespace"},"content":{"rendered":"<div class=\"application-platform-content-item-description application-platform-content-item\" id=\"description\" data-nav-section=\"description\"> <h2>Integra el cumplimiento de la ADA en Squarespace con un plugin de Elfsight<\/h2> <p>El plugin de cumplimiento de la ADA ayuda a garantizar una navegaci\u00f3n fluida y usabilidad para un p\u00fablico diverso al adherirse a las pautas de accesibilidad reconocidas. Equipado con una gama de modos de accesibilidad asistida integrados, personaliza autom\u00e1ticamente tu interfaz para ayudar a los usuarios con discapacidades visuales, de concentraci\u00f3n o motoras. Funciona a la perfecci\u00f3n sin necesidad de c\u00f3digo personalizado ni cambios de dise\u00f1o. Cada modo activa un conjunto de mejoras de accesibilidad cuidadosamente seleccionadas para optimizar la usabilidad del contenido y brindar una experiencia de interacci\u00f3n m\u00e1s fluida. <\/p><p>El plugin tambi\u00e9n incluye un verificador inteligente de cumplimiento que analiza tu sitio web en busca de problemas de accesibilidad y muestra los resultados directamente en la interfaz del plugin. Puedes descargar un informe completo e incluso mostrar tu puntuaci\u00f3n para generar credibilidad y confianza. Con localizaci\u00f3n completa, ofrece una experiencia inclusiva a usuarios en diferentes idiomas y regiones. <\/p><p><strong>\u00a1Mejora tu sitio web de Squarespace con nuestra soluci\u00f3n ADA y demuestra que la accesibilidad es parte integral de tu marca! <\/strong><\/p><\/div> <div class=\"application-platform-content-item-features application-platform-content-item\" id=\"features\" data-nav-section=\"features\"> <h2>A continuaci\u00f3n, encontrar\u00e1 las caracter\u00edsticas esenciales del complemento:<\/h2><ul><li><b>Modos listos para usar para 8 escenarios de usuario.<\/b> Las personas con diversas discapacidades pueden seleccionar un modo de accesibilidad ideal para una experiencia de navegaci\u00f3n fluida y f\u00e1cil de usar.<\/li><li><b>Ajuste la configuraci\u00f3n del sitio web para mostrar el contenido.<\/b> El complemento incluye opciones de personalizaci\u00f3n para mejorar la claridad del texto, la navegaci\u00f3n del sitio y el contraste de color.<\/li><li><b>Comprobador de accesibilidad integrado.<\/b> Analice f\u00e1cilmente su sitio web para detectar puntos d\u00e9biles y mej\u00f3relo para una mejor accesibilidad.<\/li><li><b>Insignia de confianza con puntuaci\u00f3n de accesibilidad.<\/b> Muestre los resultados de la auditor\u00eda integrada para demostrar su compromiso con el cumplimiento normativo.<\/li><li><b>Localizaci\u00f3n precisa.<\/b> El complemento est\u00e1 traducido y localizado para 76 pa\u00edses para garantizar tanto el cumplimiento normativo como la disponibilidad internacional. <\/li><\/ul><p><a href=\"#demo\">Consulta el editor en l\u00ednea para descubrir qu\u00e9 puede hacer nuestro plugin<\/a><\/p><\/div> <div class=\"application-platform-content-item-installation application-platform-content-item\" id=\"installation\" data-nav-section=\"installation\"> <h2>\u00bfC\u00f3mo puedo integrar el cumplimiento de la ADA en mi sitio web de Squarespace?<\/h2><p>Descubre esta sencilla forma de configurar el plugin en tu sitio web de Squarespace. Solo te llevar\u00e1 unos minutos y no requiere programaci\u00f3n.<\/p> <ol><li><strong>Crea tu propio plugin de cumplimiento de la ADA<\/strong><br> Empieza con cualquier plantilla del editor, trabaja con sus elementos intuitivos y ajusta el plugin a tu estilo y configuraci\u00f3n favoritos.<\/li><li><strong>Obt\u00e9n el c\u00f3digo personal para integrar el plugin<\/strong><br> En cuanto termines de crear tu plugin, recibir\u00e1s un c\u00f3digo HTML individual en tu panel de control. Copia este c\u00f3digo, que contiene toda la informaci\u00f3n sobre tu configuraci\u00f3n. <\/li> <li><strong>Muestra el plugin en tu sitio web de Squarespace<\/strong><br> Define las \u00e1reas de tu sitio web donde quieres presentar la conformidad con la ADA y pega el c\u00f3digo all\u00ed. Guarda los cambios. <\/li> <\/ol><p>\u00a1Listo! Ahora, comprueba el rendimiento del plugin en tu sitio web. <\/p><p>Si tienes alguna dificultad al integrar el plugin en tu sitio web, contacta con nuestro centro de ayuda. Estaremos encantados de ayudarte a a\u00f1adir y administrar tu soluci\u00f3n de accesibilidad. <\/p><\/div>","protected":false},"excerpt":{"rendered":"","protected":false},"author":9,"featured_media":0,"parent":19848,"menu_order":0,"comment_status":"closed","ping_status":"closed","template":"templates\/template-application-platform.php","meta":{"publish_to_discourse":"","publish_post_category":"","wpdc_auto_publish_overridden":"","wpdc_topic_tags":"","wpdc_pin_topic":"","wpdc_pin_until":"","discourse_post_id":"","discourse_permalink":"","wpdc_publishing_response":"","wpdc_publishing_error":"","footnotes":""},"class_list":["post-19694","page","type-page","status-publish","hentry"],"yoast_head":"<!-- This site is optimized with the Yoast SEO plugin v25.3.1 - https:\/\/yoast.com\/wordpress\/plugins\/seo\/ -->\n<title>Complemento de cumplimiento de la ADA de Squarespace: a\u00f1ade accesibilidad a tu sitio web [GRATIS]<\/title>\n<meta name=\"description\" content=\"A\u00f1ade un plugin de cumplimiento de la ADA sin c\u00f3digo a tu sitio web de Squarespace. Usa el editor intuitivo de Elfsight para crear f\u00e1cilmente tu soluci\u00f3n personalizada.\" \/>\n<meta name=\"robots\" content=\"index, follow, max-snippet:-1, max-image-preview:large, max-video-preview:-1\" \/>\n<link rel=\"canonical\" href=\"https:\/\/elfsight.com\/es\/ada-compliance-widget\/squarespace\/\" \/>\n<meta property=\"og:locale\" content=\"es_ES\" \/>\n<meta property=\"og:type\" content=\"article\" \/>\n<meta property=\"og:title\" content=\"Complemento de cumplimiento de la ADA de Squarespace: a\u00f1ade accesibilidad a tu sitio web [GRATIS]\" \/>\n<meta property=\"og:description\" content=\"A\u00f1ade un plugin de cumplimiento de la ADA sin c\u00f3digo a tu sitio web de Squarespace. Usa el editor intuitivo de Elfsight para crear f\u00e1cilmente tu soluci\u00f3n personalizada.\" \/>\n<meta property=\"og:url\" content=\"https:\/\/elfsight.com\/es\/ada-compliance-widget\/squarespace\/\" \/>\n<meta property=\"og:site_name\" content=\"Elfsight ES\" \/>\n<meta property=\"article:modified_time\" content=\"2025-06-11T10:00:10+00:00\" \/>\n<meta name=\"twitter:card\" content=\"summary_large_image\" \/>\n<meta name=\"twitter:label1\" content=\"Tiempo de lectura\" \/>\n\t<meta name=\"twitter:data1\" content=\"3 minutos\" \/>\n<!-- \/ Yoast SEO plugin. -->","yoast_head_json":{"title":"Complemento de cumplimiento de la ADA de Squarespace: a\u00f1ade accesibilidad a tu sitio web [GRATIS]","description":"A\u00f1ade un plugin de cumplimiento de la ADA sin c\u00f3digo a tu sitio web de Squarespace. Usa el editor intuitivo de Elfsight para crear f\u00e1cilmente tu soluci\u00f3n personalizada.","robots":{"index":"index","follow":"follow","max-snippet":"max-snippet:-1","max-image-preview":"max-image-preview:large","max-video-preview":"max-video-preview:-1"},"canonical":"https:\/\/elfsight.com\/es\/ada-compliance-widget\/squarespace\/","og_locale":"es_ES","og_type":"article","og_title":"Complemento de cumplimiento de la ADA de Squarespace: a\u00f1ade accesibilidad a tu sitio web [GRATIS]","og_description":"A\u00f1ade un plugin de cumplimiento de la ADA sin c\u00f3digo a tu sitio web de Squarespace. Usa el editor intuitivo de Elfsight para crear f\u00e1cilmente tu soluci\u00f3n personalizada.","og_url":"https:\/\/elfsight.com\/es\/ada-compliance-widget\/squarespace\/","og_site_name":"Elfsight ES","article_modified_time":"2025-06-11T10:00:10+00:00","twitter_card":"summary_large_image","twitter_misc":{"Tiempo de lectura":"3 minutos"},"schema":{"@context":"https:\/\/schema.org","@graph":[{"@type":"WebPage","@id":"https:\/\/elfsight.com\/es\/ada-compliance-widget\/squarespace\/","url":"https:\/\/elfsight.com\/es\/ada-compliance-widget\/squarespace\/","name":"Complemento de cumplimiento de la ADA de Squarespace: a\u00f1ade accesibilidad a tu sitio web [GRATIS]","isPartOf":{"@id":"https:\/\/elfsight.com\/es\/#website"},"datePublished":"2025-05-21T07:59:31+00:00","dateModified":"2025-06-11T10:00:10+00:00","description":"A\u00f1ade un plugin de cumplimiento de la ADA sin c\u00f3digo a tu sitio web de Squarespace. Usa el editor intuitivo de Elfsight para crear f\u00e1cilmente tu soluci\u00f3n personalizada.","breadcrumb":{"@id":"https:\/\/elfsight.com\/es\/ada-compliance-widget\/squarespace\/#breadcrumb"},"inLanguage":"es","potentialAction":[{"@type":"ReadAction","target":["https:\/\/elfsight.com\/es\/ada-compliance-widget\/squarespace\/"]}]},{"@type":"BreadcrumbList","@id":"https:\/\/elfsight.com\/es\/ada-compliance-widget\/squarespace\/#breadcrumb","itemListElement":[{"@type":"ListItem","position":1,"name":"Home","item":"https:\/\/elfsight.com\/es\/"},{"@type":"ListItem","position":2,"name":"Ada Compliance","item":"https:\/\/elfsight.com\/es\/ada-compliance-widget\/"},{"@type":"ListItem","position":3,"name":"ADA Compliance &#8211; Squarespace"}]},{"@type":"WebSite","@id":"https:\/\/elfsight.com\/es\/#website","url":"https:\/\/elfsight.com\/es\/","name":"Elfsight ES","description":"Just another Elfsight Sites site","potentialAction":[{"@type":"SearchAction","target":{"@type":"EntryPoint","urlTemplate":"https:\/\/elfsight.com\/es\/?s={search_term_string}"},"query-input":{"@type":"PropertyValueSpecification","valueRequired":true,"valueName":"search_term_string"}}],"inLanguage":"es"}]}},"meta_box":{"industry":"","seo_heading":"","heading":"","description":"","cta_heading":"","cta_description":"","application":"19630","h1":"Complemento de cumplimiento de la ADA para el sitio web de Squarespace","h1_caption":"Haga que su sitio web de Squarespace cumpla con la ADA con un complemento que personaliza su contenido para usuarios de todas las capacidades: mejore la inclusi\u00f3n y muestre su compromiso con la accesibilidad.","application_category":[],"applications_title":"","applications_request_title":"","applications_request_button_text":"","hero_text":"","hero_video":"","hero_video_schema_markup":"","selling_points_title":"","selling_points_caption":"","selling_points":[],"selling_points_cta_text":"","features_title":"","features":"","ed_cta_examples_text":"","ed_cta_examples_hidden":"","ed_cta_demo_text":"","ed_cta_demo_hidden":"","why_caption":"","why_editor_title":"","why_editor_text":"","why_team_title":"","why_team_text":"","why_service_title":"","why_service_text":"","template_catalog_visible":"","template_catalog_title":"","template_catalog_text":"","template_catalog_categories_visible":"","demo_title":"Cree su complemento de cumplimiento de la ADA","demo_caption":"\u00a1Configure su ADA Compliance y agr\u00e9guelo a su sitio web de Squarespace gratis!","default_faq_hidden":"","app_template_category":[],"platform":"100","template_public_id":"","codecanyon_url":"","codecanyon_item_id":"","codecanyon_price":"","pricing_caption":"","pricing_elfsight_apps_hide_column":"","pricing_elfsight_apps_url":"","pricing_codecanyon_price_caption":"","integration_category":[],"integration_request_title":"","integration_request_cta":"","integration_platform":"","integrations":[],"platform_category":[],"video_schema_markup":"","price":"desde $0 \/ mes","trial":"","benefits":[],"button_url":"#demo","button_target_blank":"0","button_nofollow":"","attributes":[{"name":"Instalaciones","content":"50,000 - 100,000","_state":"expanded"},{"name":"Sensible","content":"S\u00ed","_state":"expanded"},{"name":"Navegadores compatibles","content":"Firefox, Safari, Opera, Chrome, Edge","_state":"expanded"}],"tags":[],"tags_disable_links":"","hide_more_platforms":"","video_object":"","demo_hide_cta":"","demo_hide_cloud_options":"","pricing_title":"","pricing":[{"pricing_icon":"platform","pricing_title":"Elfsight Apps","pricing_title_caption":"Soluci\u00f3n digital multiplataforma que funciona en cualquier sitio web","":"","pricing_price":"desde $0 \/ mes","pricing_price_caption":"Comienza con un plan gratuito","pricing_button_text":"A\u00f1adir al sitio web","pricing_button_url":"#demo"}],"related_apps_title":"","related_apps_hidden":"","author":"","image":[],"title":"","job":"","social_networks":[]},"_links":{"self":[{"href":"https:\/\/elfsight.com\/es\/wp-json\/wp\/v2\/pages\/19694","targetHints":{"allow":["GET"]}}],"collection":[{"href":"https:\/\/elfsight.com\/es\/wp-json\/wp\/v2\/pages"}],"about":[{"href":"https:\/\/elfsight.com\/es\/wp-json\/wp\/v2\/types\/page"}],"author":[{"embeddable":true,"href":"https:\/\/elfsight.com\/es\/wp-json\/wp\/v2\/users\/9"}],"replies":[{"embeddable":true,"href":"https:\/\/elfsight.com\/es\/wp-json\/wp\/v2\/comments?post=19694"}],"version-history":[{"count":1,"href":"https:\/\/elfsight.com\/es\/wp-json\/wp\/v2\/pages\/19694\/revisions"}],"predecessor-version":[{"id":19698,"href":"https:\/\/elfsight.com\/es\/wp-json\/wp\/v2\/pages\/19694\/revisions\/19698"}],"up":[{"embeddable":true,"href":"https:\/\/elfsight.com\/es\/wp-json\/wp\/v2\/pages\/19848"}],"wp:attachment":[{"href":"https:\/\/elfsight.com\/es\/wp-json\/wp\/v2\/media?parent=19694"}],"curies":[{"name":"wp","href":"https:\/\/api.w.org\/{rel}","templated":true}]}}