{"id":19689,"date":"2025-05-21T08:07:22","date_gmt":"2025-05-21T08:07:22","guid":{"rendered":"https:\/\/elfsight.com\/es\/?page_id=19689"},"modified":"2025-06-11T10:00:02","modified_gmt":"2025-06-11T10:00:02","slug":"wix","status":"publish","type":"page","link":"https:\/\/elfsight.com\/es\/ada-compliance-widget\/wix\/","title":{"rendered":"ADA Compliance &#8211; Wix"},"content":{"rendered":"<div class=\"application-platform-content-item-description application-platform-content-item\" id=\"description\" data-nav-section=\"description\"> <h2>Integra la aplicaci\u00f3n ADA Compliance en Wix con la app Elfsight<\/h2> <p>La app ADA Compliance ayuda a garantizar que tu sitio web sea f\u00e1cil de usar para todos, cumpliendo con las directrices de accesibilidad reconocidas. Equipada con una gama de modos de accesibilidad asistida integrados, personaliza autom\u00e1ticamente tu dise\u00f1o y contenido para ayudar a los usuarios con discapacidades visuales, de concentraci\u00f3n o motoras. Funciona a la perfecci\u00f3n sin necesidad de c\u00f3digo personalizado ni cambios de dise\u00f1o. Cada modo aplica un conjunto de mejoras para optimizar la accesibilidad de tu contenido actual y la comodidad de la interacci\u00f3n del usuario. <\/p><p>La app tambi\u00e9n incluye una herramienta de an\u00e1lisis automatizada para detectar problemas de accesibilidad y muestra los resultados de la auditor\u00eda directamente en el panel de la app. Puedes descargar un informe completo e incluso mostrar tu puntuaci\u00f3n para generar credibilidad y confianza. Con la localizaci\u00f3n completa, garantiza la accesibilidad y la usabilidad en m\u00faltiples idiomas y regiones geogr\u00e1ficas. <\/p><p><strong>\u00a1Integra nuestra app ADA Compliance en tu sitio web Wix para demostrar tu compromiso con las mejores pr\u00e1cticas de accesibilidad! <\/strong><\/p><\/div> <div class=\"application-platform-content-item-features application-platform-content-item\" id=\"features\" data-nav-section=\"features\"> <h2>Las funciones b\u00e1sicas de la aplicaci\u00f3n ofrecen<\/h2><ul><li><b>Modos predefinidos para 8 escenarios de usuario.<\/b> Las personas con diversas discapacidades pueden seleccionar un modo de accesibilidad ideal para explorar su sitio web con comodidad.<\/li><li><b>Modifique la configuraci\u00f3n del sitio web para mostrar el contenido.<\/b> La aplicaci\u00f3n cuenta con configuraciones dise\u00f1adas para optimizar la legibilidad, el flujo de usuario y la accesibilidad visual.<\/li><li><b>Comprobador de accesibilidad integrado.<\/b> Analice r\u00e1pidamente su sitio para detectar problemas de cumplimiento y mej\u00f3relo para una mejor accesibilidad.<\/li><li><b>Insignia de confianza con puntuaci\u00f3n de accesibilidad.<\/b> Publique los resultados de auditor\u00eda en la aplicaci\u00f3n para validar su compromiso continuo con los est\u00e1ndares.<\/li><li><b>Localizaci\u00f3n precisa.<\/b> La aplicaci\u00f3n ofrece localizaci\u00f3n ling\u00fc\u00edstica y cultural en 76 regiones para cumplir con las leyes de accesibilidad y su implementaci\u00f3n internacional. <\/li><\/ul><p><a href=\"#demo\">El editor intuitivo te muestra c\u00f3mo funcionan las funciones y opciones directamente en esta p\u00e1gina<\/a><\/p><\/div> <div class=\"application-platform-content-item-installation application-platform-content-item\" id=\"installation\" data-nav-section=\"installation\"> <h2>\u00bfC\u00f3mo integrar la aplicaci\u00f3n ADA Compliance en mi sitio web de Wix?<\/h2><p>Encuentra esta sencilla gu\u00eda para configurar la aplicaci\u00f3n en tu sitio web de Wix. Solo te llevar\u00e1 unos minutos y no requiere programaci\u00f3n.<\/p> <ol><li><strong>Crea tu aplicaci\u00f3n ADA Compliance personalizada<\/strong><br> Comienza con cualquier plantilla en el editor, trabaja con sus elementos intuitivos y personaliza la aplicaci\u00f3n con tu estilo y opciones preferidas.<\/li><li><strong>Recibe el c\u00f3digo personal para integrar la aplicaci\u00f3n<\/strong><br>Una vez que hayas creado tu aplicaci\u00f3n, recibir\u00e1s un c\u00f3digo HTML individual en tu panel de control. Copia este c\u00f3digo, que contiene toda la informaci\u00f3n sobre tu configuraci\u00f3n. <\/li> <li><strong>Muestra la app en tu sitio web de Wix<\/strong><br>Elige las \u00e1reas de tu sitio web donde quieres mostrar el cumplimiento de la ADA y pega el c\u00f3digo all\u00ed. Guarda los cambios. <\/li> <\/ol><p>\u00a1Listo! Ahora, comprueba c\u00f3mo funciona la app en tu sitio web. <\/p><p>Si tienes alg\u00fan problema al integrar la app en tu sitio web, contacta con nuestros gestores de soporte. Estaremos encantados de asesorarte sobre c\u00f3mo a\u00f1adir y gestionar tu soluci\u00f3n de accesibilidad. <\/p><\/div>","protected":false},"excerpt":{"rendered":"","protected":false},"author":9,"featured_media":0,"parent":19848,"menu_order":0,"comment_status":"closed","ping_status":"closed","template":"templates\/template-application-platform.php","meta":{"publish_to_discourse":"","publish_post_category":"","wpdc_auto_publish_overridden":"","wpdc_topic_tags":"","wpdc_pin_topic":"","wpdc_pin_until":"","discourse_post_id":"","discourse_permalink":"","wpdc_publishing_response":"","wpdc_publishing_error":"","footnotes":""},"class_list":["post-19689","page","type-page","status-publish","hentry"],"yoast_head":"<!-- This site is optimized with the Yoast SEO plugin v25.3.1 - https:\/\/yoast.com\/wordpress\/plugins\/seo\/ -->\n<title>Aplicaci\u00f3n Wix ADA Compliance: a\u00f1ade accesibilidad a tu sitio web [GRATIS]<\/title>\n<meta name=\"description\" content=\"A\u00f1ade una aplicaci\u00f3n que cumple con la ADA sin necesidad de c\u00f3digo a tu sitio web de Wix. Prueba el editor r\u00e1pido de Elfsight para crear f\u00e1cilmente tu soluci\u00f3n personalizada.\" \/>\n<meta name=\"robots\" content=\"index, follow, max-snippet:-1, max-image-preview:large, max-video-preview:-1\" \/>\n<link rel=\"canonical\" href=\"https:\/\/elfsight.com\/es\/ada-compliance-widget\/wix\/\" \/>\n<meta property=\"og:locale\" content=\"es_ES\" \/>\n<meta property=\"og:type\" content=\"article\" \/>\n<meta property=\"og:title\" content=\"Aplicaci\u00f3n Wix ADA Compliance: a\u00f1ade accesibilidad a tu sitio web [GRATIS]\" \/>\n<meta property=\"og:description\" content=\"A\u00f1ade una aplicaci\u00f3n que cumple con la ADA sin necesidad de c\u00f3digo a tu sitio web de Wix. Prueba el editor r\u00e1pido de Elfsight para crear f\u00e1cilmente tu soluci\u00f3n personalizada.\" \/>\n<meta property=\"og:url\" content=\"https:\/\/elfsight.com\/es\/ada-compliance-widget\/wix\/\" \/>\n<meta property=\"og:site_name\" content=\"Elfsight ES\" \/>\n<meta property=\"article:modified_time\" content=\"2025-06-11T10:00:02+00:00\" \/>\n<meta name=\"twitter:card\" content=\"summary_large_image\" \/>\n<meta name=\"twitter:label1\" content=\"Tiempo de lectura\" \/>\n\t<meta name=\"twitter:data1\" content=\"2 minutos\" \/>\n<!-- \/ Yoast SEO plugin. -->","yoast_head_json":{"title":"Aplicaci\u00f3n Wix ADA Compliance: a\u00f1ade accesibilidad a tu sitio web [GRATIS]","description":"A\u00f1ade una aplicaci\u00f3n que cumple con la ADA sin necesidad de c\u00f3digo a tu sitio web de Wix. Prueba el editor r\u00e1pido de Elfsight para crear f\u00e1cilmente tu soluci\u00f3n personalizada.","robots":{"index":"index","follow":"follow","max-snippet":"max-snippet:-1","max-image-preview":"max-image-preview:large","max-video-preview":"max-video-preview:-1"},"canonical":"https:\/\/elfsight.com\/es\/ada-compliance-widget\/wix\/","og_locale":"es_ES","og_type":"article","og_title":"Aplicaci\u00f3n Wix ADA Compliance: a\u00f1ade accesibilidad a tu sitio web [GRATIS]","og_description":"A\u00f1ade una aplicaci\u00f3n que cumple con la ADA sin necesidad de c\u00f3digo a tu sitio web de Wix. Prueba el editor r\u00e1pido de Elfsight para crear f\u00e1cilmente tu soluci\u00f3n personalizada.","og_url":"https:\/\/elfsight.com\/es\/ada-compliance-widget\/wix\/","og_site_name":"Elfsight ES","article_modified_time":"2025-06-11T10:00:02+00:00","twitter_card":"summary_large_image","twitter_misc":{"Tiempo de lectura":"2 minutos"},"schema":{"@context":"https:\/\/schema.org","@graph":[{"@type":"WebPage","@id":"https:\/\/elfsight.com\/es\/ada-compliance-widget\/wix\/","url":"https:\/\/elfsight.com\/es\/ada-compliance-widget\/wix\/","name":"Aplicaci\u00f3n Wix ADA Compliance: a\u00f1ade accesibilidad a tu sitio web [GRATIS]","isPartOf":{"@id":"https:\/\/elfsight.com\/es\/#website"},"datePublished":"2025-05-21T08:07:22+00:00","dateModified":"2025-06-11T10:00:02+00:00","description":"A\u00f1ade una aplicaci\u00f3n que cumple con la ADA sin necesidad de c\u00f3digo a tu sitio web de Wix. Prueba el editor r\u00e1pido de Elfsight para crear f\u00e1cilmente tu soluci\u00f3n personalizada.","breadcrumb":{"@id":"https:\/\/elfsight.com\/es\/ada-compliance-widget\/wix\/#breadcrumb"},"inLanguage":"es","potentialAction":[{"@type":"ReadAction","target":["https:\/\/elfsight.com\/es\/ada-compliance-widget\/wix\/"]}]},{"@type":"BreadcrumbList","@id":"https:\/\/elfsight.com\/es\/ada-compliance-widget\/wix\/#breadcrumb","itemListElement":[{"@type":"ListItem","position":1,"name":"Home","item":"https:\/\/elfsight.com\/es\/"},{"@type":"ListItem","position":2,"name":"Ada Compliance","item":"https:\/\/elfsight.com\/es\/ada-compliance-widget\/"},{"@type":"ListItem","position":3,"name":"ADA Compliance &#8211; Wix"}]},{"@type":"WebSite","@id":"https:\/\/elfsight.com\/es\/#website","url":"https:\/\/elfsight.com\/es\/","name":"Elfsight ES","description":"Just another Elfsight Sites site","potentialAction":[{"@type":"SearchAction","target":{"@type":"EntryPoint","urlTemplate":"https:\/\/elfsight.com\/es\/?s={search_term_string}"},"query-input":{"@type":"PropertyValueSpecification","valueRequired":true,"valueName":"search_term_string"}}],"inLanguage":"es"}]}},"meta_box":{"industry":"","seo_heading":"","heading":"","description":"","cta_heading":"","cta_description":"","application":"19630","h1":"Aplicaci\u00f3n de cumplimiento de la ADA para el sitio web de Wix","h1_caption":"Haga que su sitio web Wix cumpla con la ADA con una aplicaci\u00f3n que modifica su contenido para adaptarse a las diversas necesidades de los usuarios: fortalezca la inclusi\u00f3n y destaque sus esfuerzos de accesibilidad.","application_category":[],"applications_title":"","applications_request_title":"","applications_request_button_text":"","hero_text":"","hero_video":"","hero_video_schema_markup":"","selling_points_title":"","selling_points_caption":"","selling_points":[],"selling_points_cta_text":"","features_title":"","features":"","ed_cta_examples_text":"","ed_cta_examples_hidden":"","ed_cta_demo_text":"","ed_cta_demo_hidden":"","why_caption":"","why_editor_title":"","why_editor_text":"","why_team_title":"","why_team_text":"","why_service_title":"","why_service_text":"","template_catalog_visible":"","template_catalog_title":"","template_catalog_text":"","template_catalog_categories_visible":"","demo_title":"Cree su aplicaci\u00f3n de cumplimiento de la ADA","demo_caption":"\u00a1Configure su ADA Compliance y agr\u00e9guelo a su sitio web Wix gratis!","default_faq_hidden":"","app_template_category":[],"platform":"112","template_public_id":"","codecanyon_url":"","codecanyon_item_id":"","codecanyon_price":"","pricing_caption":"","pricing_elfsight_apps_hide_column":"","pricing_elfsight_apps_url":"","pricing_codecanyon_price_caption":"","integration_category":[],"integration_request_title":"","integration_request_cta":"","integration_platform":"","integrations":[],"platform_category":[],"video_schema_markup":"","price":"desde $0 \/ mes","trial":"","benefits":[],"button_url":"#demo","button_target_blank":"0","button_nofollow":"","attributes":[{"name":"Instalaciones","content":"50,000 - 100,000","_state":"expanded"},{"name":"Sensible","content":"S\u00ed","_state":"expanded"},{"name":"Navegadores compatibles","content":"Firefox, Safari, Opera, Chrome, Edge","_state":"expanded"}],"tags":[],"tags_disable_links":"","hide_more_platforms":"","video_object":"","demo_hide_cta":"","demo_hide_cloud_options":"","pricing_title":"","pricing":[{"pricing_icon":"platform","pricing_title":"Elfsight Apps","pricing_title_caption":"Soluci\u00f3n digital multiplataforma que se adapta a cualquier sitio web","":"","pricing_price":"desde $0 \/ mes","pricing_price_caption":"Comienza con un plan gratuito","pricing_button_text":"A\u00f1adir al sitio web","pricing_button_url":"#demo"}],"related_apps_title":"","related_apps_hidden":"","author":"","image":[],"title":"","job":"","social_networks":[]},"_links":{"self":[{"href":"https:\/\/elfsight.com\/es\/wp-json\/wp\/v2\/pages\/19689","targetHints":{"allow":["GET"]}}],"collection":[{"href":"https:\/\/elfsight.com\/es\/wp-json\/wp\/v2\/pages"}],"about":[{"href":"https:\/\/elfsight.com\/es\/wp-json\/wp\/v2\/types\/page"}],"author":[{"embeddable":true,"href":"https:\/\/elfsight.com\/es\/wp-json\/wp\/v2\/users\/9"}],"replies":[{"embeddable":true,"href":"https:\/\/elfsight.com\/es\/wp-json\/wp\/v2\/comments?post=19689"}],"version-history":[{"count":1,"href":"https:\/\/elfsight.com\/es\/wp-json\/wp\/v2\/pages\/19689\/revisions"}],"predecessor-version":[{"id":19693,"href":"https:\/\/elfsight.com\/es\/wp-json\/wp\/v2\/pages\/19689\/revisions\/19693"}],"up":[{"embeddable":true,"href":"https:\/\/elfsight.com\/es\/wp-json\/wp\/v2\/pages\/19848"}],"wp:attachment":[{"href":"https:\/\/elfsight.com\/es\/wp-json\/wp\/v2\/media?parent=19689"}],"curies":[{"name":"wp","href":"https:\/\/api.w.org\/{rel}","templated":true}]}}