{"id":19687,"date":"2025-05-21T08:23:14","date_gmt":"2025-05-21T08:23:14","guid":{"rendered":"https:\/\/elfsight.com\/es\/?page_id=19687"},"modified":"2025-06-11T10:00:02","modified_gmt":"2025-06-11T10:00:02","slug":"wordpress","status":"publish","type":"page","link":"https:\/\/elfsight.com\/es\/ada-compliance-widget\/wordpress\/","title":{"rendered":"ADA Compliance &#8211; WordPress"},"content":{"rendered":"<div class=\"application-platform-content-item-description application-platform-content-item\" id=\"description\" data-nav-section=\"description\"> <h2>Integre el cumplimiento de la ADA en WordPress con un plugin de Elfsight<\/h2> <p>El plugin de Cumplimiento de la ADA ayuda a garantizar que su sitio web sea f\u00e1cil de usar para todos, cumpliendo con las directrices de accesibilidad reconocidas. Con compatibilidad integrada con m\u00faltiples modos de asistencia, personaliza autom\u00e1ticamente su dise\u00f1o y contenido para ayudar a los usuarios con discapacidades visuales, de concentraci\u00f3n o motoras. Funciona a la perfecci\u00f3n sin necesidad de c\u00f3digo personalizado ni cambios de dise\u00f1o. Cada ajuste preestablecido ofrece una combinaci\u00f3n bien dise\u00f1ada de mejoras de usabilidad para que su contenido existente sea m\u00e1s accesible y las interacciones m\u00e1s c\u00f3modas. <\/p><p>El plugin tambi\u00e9n incluye una herramienta de an\u00e1lisis automatizada para detectar problemas de accesibilidad y presenta los resultados de accesibilidad en la interfaz del plugin en tiempo real. Puede descargar un informe completo e incluso mostrar su puntuaci\u00f3n para generar credibilidad y confianza. Con localizaci\u00f3n completa, facilita la participaci\u00f3n inclusiva de usuarios en diversos entornos ling\u00fc\u00edsticos y regionales. <\/p><p><strong>\u00a1Agregue nuestro plugin de Cumplimiento de la ADA a su sitio web de WordPress y demuestre que la accesibilidad es parte de su est\u00e1ndar! <\/strong><\/p><\/div> <div class=\"application-platform-content-item-features application-platform-content-item\" id=\"features\" data-nav-section=\"features\"> <h2>Estas son solo algunas de las m\u00faltiples funciones del complemento:<\/h2><ul><li><b>Modos listos para usar para 8 escenarios de usuario.<\/b> Las personas con diversas discapacidades pueden seleccionar un modo de accesibilidad ideal para explorar su sitio web con comodidad.<\/li><li><b>Modifique la configuraci\u00f3n del sitio web para mostrar el contenido.<\/b> El complemento tiene configuraciones para mejorar la legibilidad del texto, la navegaci\u00f3n y los colores.<\/li><li><b>Comprobador de accesibilidad integrado.<\/b> Analice r\u00e1pidamente su sitio para detectar problemas de cumplimiento y mej\u00f3relo para una mejor accesibilidad.<\/li><li><b>Insignia de confianza con puntuaci\u00f3n de accesibilidad.<\/b> Muestre los resultados de la auditor\u00eda integrada para demostrar su compromiso con el cumplimiento.<\/li><li><b>Localizaci\u00f3n precisa.<\/b> El complemento est\u00e1 traducido y localizado para 76 pa\u00edses para garantizar tanto el cumplimiento como la disponibilidad internacional. <\/li><\/ul><p><a href=\"#demo\">El editor intuitivo te muestra c\u00f3mo funcionan las funciones y la configuraci\u00f3n directamente en esta p\u00e1gina<\/a><\/p><\/div> <div class=\"application-platform-content-item-installation application-platform-content-item\" id=\"installation\" data-nav-section=\"installation\"> <h2>\u00bfC\u00f3mo puedo integrar el cumplimiento de la ADA en mi sitio web de WordPress?<\/h2><p>Descubre esta sencilla forma de tener el plugin en tu sitio web de WordPress. Solo te llevar\u00e1 unos minutos y no requiere programaci\u00f3n.<\/p> <ol><li><strong>Crea tu propio plugin de cumplimiento de la ADA<\/strong><br> Empieza con cualquier plantilla del editor, trabaja con los elementos que te resulten pr\u00e1cticos y ajusta el plugin a tu estilo y configuraci\u00f3n preferidos.<\/li><li><strong>Obt\u00e9n el c\u00f3digo personal para integrar el plugin<\/strong><br>Una vez creado el plugin, ver\u00e1s un c\u00f3digo HTML individual en tu panel de control. Copia el c\u00f3digo que contiene toda la informaci\u00f3n sobre tu configuraci\u00f3n. <\/li> <li><strong>Muestra el plugin en tu sitio web de WordPress<\/strong><br>Selecciona las \u00e1reas de tu sitio web donde deseas mostrar el cumplimiento de la ADA y pega el c\u00f3digo all\u00ed. Guarda los cambios. <\/li> <\/ol><p>\u00a1Listo! Ahora, comprueba el rendimiento del plugin en tu sitio web. <\/p><p>Si tienes alg\u00fan problema al integrar el plugin en un sitio web, no dudes en contactar con nuestro servicio de atenci\u00f3n al cliente. Estaremos encantados de ayudarte a a\u00f1adir y administrar tu soluci\u00f3n de accesibilidad. <\/p><\/div>","protected":false},"excerpt":{"rendered":"","protected":false},"author":9,"featured_media":0,"parent":19848,"menu_order":0,"comment_status":"closed","ping_status":"closed","template":"templates\/template-application-platform.php","meta":{"publish_to_discourse":"","publish_post_category":"","wpdc_auto_publish_overridden":"","wpdc_topic_tags":"","wpdc_pin_topic":"","wpdc_pin_until":"","discourse_post_id":"","discourse_permalink":"","wpdc_publishing_response":"","wpdc_publishing_error":"","footnotes":""},"class_list":["post-19687","page","type-page","status-publish","hentry"],"yoast_head":"<!-- This site is optimized with the Yoast SEO plugin v25.3.1 - https:\/\/yoast.com\/wordpress\/plugins\/seo\/ -->\n<title>Complemento de cumplimiento de la ADA para WordPress: a\u00f1ade accesibilidad a tu sitio web [GRATIS]<\/title>\n<meta name=\"description\" content=\"A\u00f1ade un plugin de cumplimiento de la ADA sin c\u00f3digo a tu sitio web de WordPress. Descubre el editor r\u00e1pido de Elfsight para crear f\u00e1cilmente tu soluci\u00f3n personalizada.\" \/>\n<meta name=\"robots\" content=\"index, follow, max-snippet:-1, max-image-preview:large, max-video-preview:-1\" \/>\n<link rel=\"canonical\" href=\"https:\/\/elfsight.com\/es\/ada-compliance-widget\/wordpress\/\" \/>\n<meta property=\"og:locale\" content=\"es_ES\" \/>\n<meta property=\"og:type\" content=\"article\" \/>\n<meta property=\"og:title\" content=\"Complemento de cumplimiento de la ADA para WordPress: a\u00f1ade accesibilidad a tu sitio web [GRATIS]\" \/>\n<meta property=\"og:description\" content=\"A\u00f1ade un plugin de cumplimiento de la ADA sin c\u00f3digo a tu sitio web de WordPress. Descubre el editor r\u00e1pido de Elfsight para crear f\u00e1cilmente tu soluci\u00f3n personalizada.\" \/>\n<meta property=\"og:url\" content=\"https:\/\/elfsight.com\/es\/ada-compliance-widget\/wordpress\/\" \/>\n<meta property=\"og:site_name\" content=\"Elfsight ES\" \/>\n<meta property=\"article:modified_time\" content=\"2025-06-11T10:00:02+00:00\" \/>\n<meta name=\"twitter:card\" content=\"summary_large_image\" \/>\n<meta name=\"twitter:label1\" content=\"Tiempo de lectura\" \/>\n\t<meta name=\"twitter:data1\" content=\"3 minutos\" \/>\n<!-- \/ Yoast SEO plugin. -->","yoast_head_json":{"title":"Complemento de cumplimiento de la ADA para WordPress: a\u00f1ade accesibilidad a tu sitio web [GRATIS]","description":"A\u00f1ade un plugin de cumplimiento de la ADA sin c\u00f3digo a tu sitio web de WordPress. Descubre el editor r\u00e1pido de Elfsight para crear f\u00e1cilmente tu soluci\u00f3n personalizada.","robots":{"index":"index","follow":"follow","max-snippet":"max-snippet:-1","max-image-preview":"max-image-preview:large","max-video-preview":"max-video-preview:-1"},"canonical":"https:\/\/elfsight.com\/es\/ada-compliance-widget\/wordpress\/","og_locale":"es_ES","og_type":"article","og_title":"Complemento de cumplimiento de la ADA para WordPress: a\u00f1ade accesibilidad a tu sitio web [GRATIS]","og_description":"A\u00f1ade un plugin de cumplimiento de la ADA sin c\u00f3digo a tu sitio web de WordPress. Descubre el editor r\u00e1pido de Elfsight para crear f\u00e1cilmente tu soluci\u00f3n personalizada.","og_url":"https:\/\/elfsight.com\/es\/ada-compliance-widget\/wordpress\/","og_site_name":"Elfsight ES","article_modified_time":"2025-06-11T10:00:02+00:00","twitter_card":"summary_large_image","twitter_misc":{"Tiempo de lectura":"3 minutos"},"schema":{"@context":"https:\/\/schema.org","@graph":[{"@type":"WebPage","@id":"https:\/\/elfsight.com\/es\/ada-compliance-widget\/wordpress\/","url":"https:\/\/elfsight.com\/es\/ada-compliance-widget\/wordpress\/","name":"Complemento de cumplimiento de la ADA para WordPress: a\u00f1ade accesibilidad a tu sitio web [GRATIS]","isPartOf":{"@id":"https:\/\/elfsight.com\/es\/#website"},"datePublished":"2025-05-21T08:23:14+00:00","dateModified":"2025-06-11T10:00:02+00:00","description":"A\u00f1ade un plugin de cumplimiento de la ADA sin c\u00f3digo a tu sitio web de WordPress. Descubre el editor r\u00e1pido de Elfsight para crear f\u00e1cilmente tu soluci\u00f3n personalizada.","breadcrumb":{"@id":"https:\/\/elfsight.com\/es\/ada-compliance-widget\/wordpress\/#breadcrumb"},"inLanguage":"es","potentialAction":[{"@type":"ReadAction","target":["https:\/\/elfsight.com\/es\/ada-compliance-widget\/wordpress\/"]}]},{"@type":"BreadcrumbList","@id":"https:\/\/elfsight.com\/es\/ada-compliance-widget\/wordpress\/#breadcrumb","itemListElement":[{"@type":"ListItem","position":1,"name":"Home","item":"https:\/\/elfsight.com\/es\/"},{"@type":"ListItem","position":2,"name":"Ada Compliance","item":"https:\/\/elfsight.com\/es\/ada-compliance-widget\/"},{"@type":"ListItem","position":3,"name":"ADA Compliance &#8211; WordPress"}]},{"@type":"WebSite","@id":"https:\/\/elfsight.com\/es\/#website","url":"https:\/\/elfsight.com\/es\/","name":"Elfsight ES","description":"Just another Elfsight Sites site","potentialAction":[{"@type":"SearchAction","target":{"@type":"EntryPoint","urlTemplate":"https:\/\/elfsight.com\/es\/?s={search_term_string}"},"query-input":{"@type":"PropertyValueSpecification","valueRequired":true,"valueName":"search_term_string"}}],"inLanguage":"es"}]}},"meta_box":{"industry":"","seo_heading":"","heading":"","description":"","cta_heading":"","cta_description":"","application":"19630","h1":"Complemento de cumplimiento de la ADA para sitios web de WordPress","h1_caption":"Haga que su sitio web de WordPress cumpla con la ADA con un complemento que ajusta el contenido del sitio web para cada visitante: fortalezca la inclusi\u00f3n y destaque sus esfuerzos de accesibilidad.","application_category":[],"applications_title":"","applications_request_title":"","applications_request_button_text":"","hero_text":"","hero_video":"","hero_video_schema_markup":"","selling_points_title":"","selling_points_caption":"","selling_points":[],"selling_points_cta_text":"","features_title":"","features":"","ed_cta_examples_text":"","ed_cta_examples_hidden":"","ed_cta_demo_text":"","ed_cta_demo_hidden":"","why_caption":"","why_editor_title":"","why_editor_text":"","why_team_title":"","why_team_text":"","why_service_title":"","why_service_text":"","template_catalog_visible":"","template_catalog_title":"","template_catalog_text":"","template_catalog_categories_visible":"","demo_title":"Cree su complemento de cumplimiento de la ADA","demo_caption":"\u00a1Configure su ADA Compliance y agr\u00e9guelo a su sitio web de WordPress gratis!","default_faq_hidden":"","app_template_category":[],"platform":"115","template_public_id":"","codecanyon_url":"","codecanyon_item_id":"","codecanyon_price":"","pricing_caption":"","pricing_elfsight_apps_hide_column":"","pricing_elfsight_apps_url":"","pricing_codecanyon_price_caption":"","integration_category":[],"integration_request_title":"","integration_request_cta":"","integration_platform":"","integrations":[],"platform_category":[],"video_schema_markup":"","price":"desde $0 \/ mes","trial":"","benefits":[],"button_url":"#demo","button_target_blank":"0","button_nofollow":"","attributes":[{"name":"Instalaciones","content":"50,000 - 100,000","_state":"expanded"},{"name":"Sensible","content":"S\u00ed","_state":"expanded"},{"name":"Navegadores compatibles","content":"Firefox, Safari, Opera, Chrome, Edge","_state":"expanded"}],"tags":[],"tags_disable_links":"","hide_more_platforms":"","video_object":"","demo_hide_cta":"","demo_hide_cloud_options":"","pricing_title":"","pricing":[{"pricing_icon":"platform","pricing_title":"Elfsight Apps","pricing_title_caption":"Soluci\u00f3n independiente de la plataforma","":"","pricing_price":"desde $0 \/ mes","pricing_price_caption":"Comienza con un plan gratuito","pricing_button_text":"A\u00f1adir al sitio web","pricing_button_url":"#demo"}],"related_apps_title":"","related_apps_hidden":"","author":"","image":[],"title":"","job":"","social_networks":[]},"_links":{"self":[{"href":"https:\/\/elfsight.com\/es\/wp-json\/wp\/v2\/pages\/19687","targetHints":{"allow":["GET"]}}],"collection":[{"href":"https:\/\/elfsight.com\/es\/wp-json\/wp\/v2\/pages"}],"about":[{"href":"https:\/\/elfsight.com\/es\/wp-json\/wp\/v2\/types\/page"}],"author":[{"embeddable":true,"href":"https:\/\/elfsight.com\/es\/wp-json\/wp\/v2\/users\/9"}],"replies":[{"embeddable":true,"href":"https:\/\/elfsight.com\/es\/wp-json\/wp\/v2\/comments?post=19687"}],"version-history":[{"count":1,"href":"https:\/\/elfsight.com\/es\/wp-json\/wp\/v2\/pages\/19687\/revisions"}],"predecessor-version":[{"id":19691,"href":"https:\/\/elfsight.com\/es\/wp-json\/wp\/v2\/pages\/19687\/revisions\/19691"}],"up":[{"embeddable":true,"href":"https:\/\/elfsight.com\/es\/wp-json\/wp\/v2\/pages\/19848"}],"wp:attachment":[{"href":"https:\/\/elfsight.com\/es\/wp-json\/wp\/v2\/media?parent=19687"}],"curies":[{"name":"wp","href":"https:\/\/api.w.org\/{rel}","templated":true}]}}