{"id":19686,"date":"2025-05-21T08:28:33","date_gmt":"2025-05-21T08:28:33","guid":{"rendered":"https:\/\/elfsight.com\/es\/?page_id=19686"},"modified":"2025-06-11T10:00:02","modified_gmt":"2025-06-11T10:00:02","slug":"shopify","status":"publish","type":"page","link":"https:\/\/elfsight.com\/es\/ada-compliance-widget\/shopify\/","title":{"rendered":"ADA Compliance &#8211; Shopify"},"content":{"rendered":"<div class=\"application-platform-content-item-description application-platform-content-item\" id=\"description\" data-nav-section=\"description\"> <h2>Integra la conformidad con la ADA en Shopify con una app de Elfsight<\/h2> <p>La app de conformidad con la ADA ayuda a garantizar una navegaci\u00f3n fluida y usabilidad para un p\u00fablico diverso al alinearse con los est\u00e1ndares clave de accesibilidad. Con compatibilidad integrada con m\u00faltiples modos de asistencia, ajusta autom\u00e1ticamente tu interfaz para adaptarse a usuarios con discapacidades visuales, de concentraci\u00f3n o motoras. No necesitas codificaci\u00f3n ni redise\u00f1os adicionales. Cada modo aplica un conjunto de mejoras para optimizar la accesibilidad de tu contenido actual y la comodidad de la interacci\u00f3n del usuario. <\/p><p>La app tambi\u00e9n incluye un verificador de conformidad inteligente que analiza tu sitio web en busca de problemas de accesibilidad y muestra los resultados de la auditor\u00eda directamente en el panel de la app. Puedes exportar un informe completo de accesibilidad y mostrar tu puntuaci\u00f3n de conformidad p\u00fablicamente para generar credibilidad y confianza. Con localizaci\u00f3n completa, ofrece una experiencia inclusiva a usuarios de diferentes idiomas y regiones. <\/p><p><strong>\u00a1A\u00f1ade nuestra app de conformidad con la ADA a tu sitio web de Shopify y demuestra que la accesibilidad forma parte de tu est\u00e1ndar! <\/strong><\/p><\/div> <div class=\"application-platform-content-item-features application-platform-content-item\" id=\"features\" data-nav-section=\"features\"> <h2>Aqu\u00ed est\u00e1 la lista de las funciones m\u00e1s potentes:<\/h2><ul><li><b>Modos listos para usar para 8 escenarios de usuario.<\/b> Las personas con diversas discapacidades pueden seleccionar un modo de accesibilidad ideal para una experiencia de navegaci\u00f3n fluida y f\u00e1cil de usar.<\/li><li><b>Ajuste la configuraci\u00f3n del sitio web para mostrar el contenido.<\/b> La aplicaci\u00f3n cuenta con configuraciones dise\u00f1adas para optimizar la legibilidad, el flujo de usuario y la accesibilidad visual.<\/li><li><b>Comprobador de accesibilidad integrado.<\/b> Analice f\u00e1cilmente su sitio web para detectar puntos d\u00e9biles y mejorarlo para una mejor accesibilidad.<\/li><li><b>Insignia de confianza con puntuaci\u00f3n de accesibilidad.<\/b> Muestre los resultados de la auditor\u00eda integrada para demostrar su compromiso con el cumplimiento normativo.<\/li><li><b>Localizaci\u00f3n precisa.<\/b> La aplicaci\u00f3n est\u00e1 traducida y localizada para 76 pa\u00edses para garantizar el cumplimiento normativo y la disponibilidad internacional. <\/li><\/ul><p><a href=\"#demo\">Descubre todas las funciones de nuestra app en el editor, directamente en esta p\u00e1gina<\/a><\/p><\/div> <div class=\"application-platform-content-item-installation application-platform-content-item\" id=\"installation\" data-nav-section=\"installation\"> <h2>\u00bfC\u00f3mo integrar la aplicaci\u00f3n ADA Compliance en mi sitio web de Shopify?<\/h2><p>Encuentra esta sencilla gu\u00eda para configurar la app en tu sitio web de Shopify. Solo te llevar\u00e1 unos minutos y no requiere programaci\u00f3n.<\/p> <ol><li><strong>Crea tu app ADA Compliance personalizada<\/strong><br> Comienza con cualquier plantilla en el editor, trabaja con sus elementos intuitivos y personaliza la app con tu estilo y opciones preferidas.<\/li><li><strong>Recibe el c\u00f3digo personal para integrar la app<\/strong><br>Una vez que hayas creado la app, recibir\u00e1s un c\u00f3digo HTML individual en tu panel de control. Copia el c\u00f3digo que contiene toda la informaci\u00f3n sobre tus ajustes. <\/li> <li><strong>Muestra la app en tu sitio web de Shopify<\/strong><br>Selecciona las \u00e1reas de tu sitio web donde deseas mostrar el cumplimiento de la ADA y pega el c\u00f3digo all\u00ed. Guarda los cambios. <\/li> <\/ol><p>\u00a1Listo! Ahora, comprueba c\u00f3mo funciona la app en tu sitio web. <\/p><p>Si tienes alg\u00fan problema al integrar la app en tu sitio web, no dudes en contactar con nuestros gestores de soporte. Estaremos encantados de ayudarte a a\u00f1adir y ajustar tu soluci\u00f3n de accesibilidad. <\/p><\/div>","protected":false},"excerpt":{"rendered":"","protected":false},"author":9,"featured_media":0,"parent":19848,"menu_order":0,"comment_status":"closed","ping_status":"closed","template":"templates\/template-application-platform.php","meta":{"publish_to_discourse":"","publish_post_category":"","wpdc_auto_publish_overridden":"","wpdc_topic_tags":"","wpdc_pin_topic":"","wpdc_pin_until":"","discourse_post_id":"","discourse_permalink":"","wpdc_publishing_response":"","wpdc_publishing_error":"","footnotes":""},"class_list":["post-19686","page","type-page","status-publish","hentry"],"yoast_head":"<!-- This site is optimized with the Yoast SEO plugin v25.3.1 - https:\/\/yoast.com\/wordpress\/plugins\/seo\/ -->\n<title>Aplicaci\u00f3n de cumplimiento de la ADA de Shopify: a\u00f1ade accesibilidad a tu sitio web [GRATIS]<\/title>\n<meta name=\"description\" content=\"A\u00f1ade una aplicaci\u00f3n de cumplimiento de la ADA a tu sitio web de Shopify. Usa el sencillo editor de Elfsight para generar f\u00e1cilmente tu soluci\u00f3n personalizada.\" \/>\n<meta name=\"robots\" content=\"index, follow, max-snippet:-1, max-image-preview:large, max-video-preview:-1\" \/>\n<link rel=\"canonical\" href=\"https:\/\/elfsight.com\/es\/ada-compliance-widget\/shopify\/\" \/>\n<meta property=\"og:locale\" content=\"es_ES\" \/>\n<meta property=\"og:type\" content=\"article\" \/>\n<meta property=\"og:title\" content=\"Aplicaci\u00f3n de cumplimiento de la ADA de Shopify: a\u00f1ade accesibilidad a tu sitio web [GRATIS]\" \/>\n<meta property=\"og:description\" content=\"A\u00f1ade una aplicaci\u00f3n de cumplimiento de la ADA a tu sitio web de Shopify. Usa el sencillo editor de Elfsight para generar f\u00e1cilmente tu soluci\u00f3n personalizada.\" \/>\n<meta property=\"og:url\" content=\"https:\/\/elfsight.com\/es\/ada-compliance-widget\/shopify\/\" \/>\n<meta property=\"og:site_name\" content=\"Elfsight ES\" \/>\n<meta property=\"article:modified_time\" content=\"2025-06-11T10:00:02+00:00\" \/>\n<meta name=\"twitter:card\" content=\"summary_large_image\" \/>\n<meta name=\"twitter:label1\" content=\"Tiempo de lectura\" \/>\n\t<meta name=\"twitter:data1\" content=\"2 minutos\" \/>\n<!-- \/ Yoast SEO plugin. -->","yoast_head_json":{"title":"Aplicaci\u00f3n de cumplimiento de la ADA de Shopify: a\u00f1ade accesibilidad a tu sitio web [GRATIS]","description":"A\u00f1ade una aplicaci\u00f3n de cumplimiento de la ADA a tu sitio web de Shopify. Usa el sencillo editor de Elfsight para generar f\u00e1cilmente tu soluci\u00f3n personalizada.","robots":{"index":"index","follow":"follow","max-snippet":"max-snippet:-1","max-image-preview":"max-image-preview:large","max-video-preview":"max-video-preview:-1"},"canonical":"https:\/\/elfsight.com\/es\/ada-compliance-widget\/shopify\/","og_locale":"es_ES","og_type":"article","og_title":"Aplicaci\u00f3n de cumplimiento de la ADA de Shopify: a\u00f1ade accesibilidad a tu sitio web [GRATIS]","og_description":"A\u00f1ade una aplicaci\u00f3n de cumplimiento de la ADA a tu sitio web de Shopify. Usa el sencillo editor de Elfsight para generar f\u00e1cilmente tu soluci\u00f3n personalizada.","og_url":"https:\/\/elfsight.com\/es\/ada-compliance-widget\/shopify\/","og_site_name":"Elfsight ES","article_modified_time":"2025-06-11T10:00:02+00:00","twitter_card":"summary_large_image","twitter_misc":{"Tiempo de lectura":"2 minutos"},"schema":{"@context":"https:\/\/schema.org","@graph":[{"@type":"WebPage","@id":"https:\/\/elfsight.com\/es\/ada-compliance-widget\/shopify\/","url":"https:\/\/elfsight.com\/es\/ada-compliance-widget\/shopify\/","name":"Aplicaci\u00f3n de cumplimiento de la ADA de Shopify: a\u00f1ade accesibilidad a tu sitio web [GRATIS]","isPartOf":{"@id":"https:\/\/elfsight.com\/es\/#website"},"datePublished":"2025-05-21T08:28:33+00:00","dateModified":"2025-06-11T10:00:02+00:00","description":"A\u00f1ade una aplicaci\u00f3n de cumplimiento de la ADA a tu sitio web de Shopify. Usa el sencillo editor de Elfsight para generar f\u00e1cilmente tu soluci\u00f3n personalizada.","breadcrumb":{"@id":"https:\/\/elfsight.com\/es\/ada-compliance-widget\/shopify\/#breadcrumb"},"inLanguage":"es","potentialAction":[{"@type":"ReadAction","target":["https:\/\/elfsight.com\/es\/ada-compliance-widget\/shopify\/"]}]},{"@type":"BreadcrumbList","@id":"https:\/\/elfsight.com\/es\/ada-compliance-widget\/shopify\/#breadcrumb","itemListElement":[{"@type":"ListItem","position":1,"name":"Home","item":"https:\/\/elfsight.com\/es\/"},{"@type":"ListItem","position":2,"name":"Ada Compliance","item":"https:\/\/elfsight.com\/es\/ada-compliance-widget\/"},{"@type":"ListItem","position":3,"name":"ADA Compliance &#8211; Shopify"}]},{"@type":"WebSite","@id":"https:\/\/elfsight.com\/es\/#website","url":"https:\/\/elfsight.com\/es\/","name":"Elfsight ES","description":"Just another Elfsight Sites site","potentialAction":[{"@type":"SearchAction","target":{"@type":"EntryPoint","urlTemplate":"https:\/\/elfsight.com\/es\/?s={search_term_string}"},"query-input":{"@type":"PropertyValueSpecification","valueRequired":true,"valueName":"search_term_string"}}],"inLanguage":"es"}]}},"meta_box":{"industry":"","seo_heading":"","heading":"","description":"","cta_heading":"","cta_description":"","application":"19630","h1":"Aplicaci\u00f3n de cumplimiento de la ADA para el sitio web de Shopify","h1_caption":"Haga que su sitio web de Shopify cumpla con la ADA con una aplicaci\u00f3n que ajusta el contenido del sitio web para cada visitante: mejore la inclusi\u00f3n del usuario y refuerce su compromiso de accesibilidad.","application_category":[],"applications_title":"","applications_request_title":"","applications_request_button_text":"","hero_text":"","hero_video":"","hero_video_schema_markup":"","selling_points_title":"","selling_points_caption":"","selling_points":[],"selling_points_cta_text":"","features_title":"","features":"","ed_cta_examples_text":"","ed_cta_examples_hidden":"","ed_cta_demo_text":"","ed_cta_demo_hidden":"","why_caption":"","why_editor_title":"","why_editor_text":"","why_team_title":"","why_team_text":"","why_service_title":"","why_service_text":"","template_catalog_visible":"","template_catalog_title":"","template_catalog_text":"","template_catalog_categories_visible":"","demo_title":"Cree su aplicaci\u00f3n de cumplimiento de la ADA","demo_caption":"\u00a1Configure su ADA Compliance y agr\u00e9guelo a su sitio web de Shopify gratis!","default_faq_hidden":"","app_template_category":[],"platform":"91","template_public_id":"","codecanyon_url":"","codecanyon_item_id":"","codecanyon_price":"","pricing_caption":"","pricing_elfsight_apps_hide_column":"","pricing_elfsight_apps_url":"","pricing_codecanyon_price_caption":"","integration_category":[],"integration_request_title":"","integration_request_cta":"","integration_platform":"","integrations":[],"platform_category":[],"video_schema_markup":"","price":"desde $0 \/ mes","trial":"","benefits":[],"button_url":"#demo","button_target_blank":"0","button_nofollow":"","attributes":[{"name":"Instalaciones","content":"50,000 - 100,000","_state":"expanded"},{"name":"Sensible","content":"S\u00ed","_state":"expanded"},{"name":"Navegadores compatibles","content":"Firefox, Safari, Opera, Chrome, Edge","_state":"expanded"}],"tags":[],"tags_disable_links":"","hide_more_platforms":"","video_object":"","demo_hide_cta":"","demo_hide_cloud_options":"","pricing_title":"","pricing":[{"pricing_icon":"platform","pricing_title":"Elfsight Apps","pricing_title_caption":"Versi\u00f3n multiplataforma que se adapta a cualquier sitio.","":"","pricing_price":"desde $0 \/ mes","pricing_price_caption":"Comienza con un plan gratuito","pricing_button_text":"A\u00f1adir al sitio web","pricing_button_url":"#demo"}],"related_apps_title":"","related_apps_hidden":"","author":"","image":[],"title":"","job":"","social_networks":[]},"_links":{"self":[{"href":"https:\/\/elfsight.com\/es\/wp-json\/wp\/v2\/pages\/19686","targetHints":{"allow":["GET"]}}],"collection":[{"href":"https:\/\/elfsight.com\/es\/wp-json\/wp\/v2\/pages"}],"about":[{"href":"https:\/\/elfsight.com\/es\/wp-json\/wp\/v2\/types\/page"}],"author":[{"embeddable":true,"href":"https:\/\/elfsight.com\/es\/wp-json\/wp\/v2\/users\/9"}],"replies":[{"embeddable":true,"href":"https:\/\/elfsight.com\/es\/wp-json\/wp\/v2\/comments?post=19686"}],"version-history":[{"count":1,"href":"https:\/\/elfsight.com\/es\/wp-json\/wp\/v2\/pages\/19686\/revisions"}],"predecessor-version":[{"id":19690,"href":"https:\/\/elfsight.com\/es\/wp-json\/wp\/v2\/pages\/19686\/revisions\/19690"}],"up":[{"embeddable":true,"href":"https:\/\/elfsight.com\/es\/wp-json\/wp\/v2\/pages\/19848"}],"wp:attachment":[{"href":"https:\/\/elfsight.com\/es\/wp-json\/wp\/v2\/media?parent=19686"}],"curies":[{"name":"wp","href":"https:\/\/api.w.org\/{rel}","templated":true}]}}