{"id":19681,"date":"2025-05-21T08:36:54","date_gmt":"2025-05-21T08:36:54","guid":{"rendered":"https:\/\/elfsight.com\/es\/?page_id=19681"},"modified":"2025-06-11T09:59:54","modified_gmt":"2025-06-11T09:59:54","slug":"elementor","status":"publish","type":"page","link":"https:\/\/elfsight.com\/es\/ada-compliance-widget\/elementor\/","title":{"rendered":"ADA Compliance &#8211; Elementor"},"content":{"rendered":"<div class=\"application-platform-content-item-description application-platform-content-item\" id=\"description\" data-nav-section=\"description\"> <h2>Integra el cumplimiento de la ADA en Elementor con un widget de Elfsight<\/h2> <p>El widget de cumplimiento de la ADA ayuda a garantizar una navegaci\u00f3n fluida y usabilidad para un p\u00fablico diverso al cumplir con los principales est\u00e1ndares y mejores pr\u00e1cticas de accesibilidad web. Con compatibilidad integrada con m\u00faltiples modos de asistencia, ajusta din\u00e1micamente tu interfaz para ayudar a los usuarios con discapacidades visuales, de concentraci\u00f3n o motoras. Funciona de inmediato: no requiere ajustes t\u00e9cnicos. Cada ajuste preestablecido ofrece una combinaci\u00f3n bien dise\u00f1ada de mejoras de usabilidad para que tu contenido existente sea m\u00e1s accesible y las interacciones m\u00e1s c\u00f3modas. <\/p><p>El widget tambi\u00e9n incluye un verificador inteligente de cumplimiento que analiza tu sitio web en busca de problemas de accesibilidad y muestra los resultados de la auditor\u00eda directamente en el panel del widget. Puedes descargar un informe completo e incluso mostrar tu puntuaci\u00f3n para generar credibilidad y confianza. Con la localizaci\u00f3n completa, facilita la participaci\u00f3n inclusiva de usuarios en diversos entornos ling\u00fc\u00edsticos y regionales. <\/p><p><strong>\u00a1Integre nuestro widget de Cumplimiento de la ADA en su sitio web Elementor para demostrar su compromiso con las mejores pr\u00e1cticas de accesibilidad! <\/strong><\/p><\/div> <div class=\"application-platform-content-item-features application-platform-content-item\" id=\"features\" data-nav-section=\"features\"> <h2>Las caracter\u00edsticas m\u00e1s valiosas del widget incluyen<\/h2><ul><li><b>Modos listos para usar para 8 escenarios de usuario.<\/b> Los usuarios con diversas discapacidades pueden encontrar el ajuste preestablecido perfecto para explorar su sitio web con comodidad.<\/li><li><b>Ajuste la configuraci\u00f3n del sitio web para mostrar el contenido.<\/b> El widget incluye opciones de personalizaci\u00f3n para mejorar la claridad del texto, la navegaci\u00f3n del sitio y el contraste de color.<\/li><li><b>Comprobador de accesibilidad integrado.<\/b> Analice r\u00e1pidamente su sitio para detectar problemas de cumplimiento y mej\u00f3relo para una mejor accesibilidad.<\/li><li><b>Insignia de confianza con puntuaci\u00f3n de accesibilidad.<\/b> Muestre los resultados de la auditor\u00eda integrada para demostrar su compromiso con el cumplimiento.<\/li><li><b>Localizaci\u00f3n precisa. El widget admite la localizaci\u00f3n y traducci\u00f3n para 76 pa\u00edses, cumpliendo con los est\u00e1ndares globales de cumplimiento y las necesidades de accesibilidad. <\/li><\/ul><p><a href=\"#demo\">Explora todas las ventajas de nuestro widget en el editor directamente en esta p\u00e1gina<\/a><\/p><\/div> <div class=\"application-platform-content-item-installation application-platform-content-item\" id=\"installation\" data-nav-section=\"installation\"> <h2>\u00bfC\u00f3mo integro el cumplimiento de la ADA en mi sitio web de Elementor?<\/h2><p>Encuentra esta sencilla gu\u00eda para tener el widget en tu sitio web de Elementor. Solo te llevar\u00e1 un par de minutos y no requiere programaci\u00f3n.<\/p> <ol><li><strong>Crea tu propio widget de cumplimiento de la ADA<\/strong><br>Comienza con cualquier plantilla en el editor, trabaja con sus elementos intuitivos y personaliza el widget con el estilo y las opciones que desees. <\/li><li><strong>Obt\u00e9n el c\u00f3digo personal para integrar el widget<\/strong><br>Una vez que termines de crear tu widget, recibir\u00e1s un c\u00f3digo HTML individual en tu panel de control. Copia este c\u00f3digo que contiene todos los detalles de tu configuraci\u00f3n. <\/li> <li><strong>Muestra el widget en tu sitio web de Elementor<\/strong><br>Elige las secciones de tu sitio web donde quieres mostrar el cumplimiento de la ADA y pega el c\u00f3digo all\u00ed. Guarda los cambios. <\/li> <\/ol><p>\u00a1Listo! Ahora, comprueba el rendimiento del widget en tu sitio web. <\/p><p>Si tienes alg\u00fan problema al integrar el widget en un sitio web, simplemente contacta con nuestro centro de ayuda. Estaremos encantados de ayudarte a a\u00f1adir y ajustar tu soluci\u00f3n de accesibilidad. <\/p><\/div>","protected":false},"excerpt":{"rendered":"","protected":false},"author":9,"featured_media":0,"parent":19848,"menu_order":0,"comment_status":"closed","ping_status":"closed","template":"templates\/template-application-platform.php","meta":{"publish_to_discourse":"","publish_post_category":"","wpdc_auto_publish_overridden":"","wpdc_topic_tags":"","wpdc_pin_topic":"","wpdc_pin_until":"","discourse_post_id":"","discourse_permalink":"","wpdc_publishing_response":"","wpdc_publishing_error":"","footnotes":""},"class_list":["post-19681","page","type-page","status-publish","hentry"],"yoast_head":"<!-- This site is optimized with the Yoast SEO plugin v25.3.1 - https:\/\/yoast.com\/wordpress\/plugins\/seo\/ -->\n<title>Widget de cumplimiento de la ADA de Elementor: a\u00f1ade accesibilidad a tu sitio web [GRATIS]<\/title>\n<meta name=\"description\" content=\"A\u00f1ade un widget de cumplimiento de la ADA sin necesidad de c\u00f3digo a tu sitio web de Elementor. Usa el sencillo editor de Elfsight para crear f\u00e1cilmente tu soluci\u00f3n personalizada.\" \/>\n<meta name=\"robots\" content=\"index, follow, max-snippet:-1, max-image-preview:large, max-video-preview:-1\" \/>\n<link rel=\"canonical\" href=\"https:\/\/elfsight.com\/es\/ada-compliance-widget\/elementor\/\" \/>\n<meta property=\"og:locale\" content=\"es_ES\" \/>\n<meta property=\"og:type\" content=\"article\" \/>\n<meta property=\"og:title\" content=\"Widget de cumplimiento de la ADA de Elementor: a\u00f1ade accesibilidad a tu sitio web [GRATIS]\" \/>\n<meta property=\"og:description\" content=\"A\u00f1ade un widget de cumplimiento de la ADA sin necesidad de c\u00f3digo a tu sitio web de Elementor. Usa el sencillo editor de Elfsight para crear f\u00e1cilmente tu soluci\u00f3n personalizada.\" \/>\n<meta property=\"og:url\" content=\"https:\/\/elfsight.com\/es\/ada-compliance-widget\/elementor\/\" \/>\n<meta property=\"og:site_name\" content=\"Elfsight ES\" \/>\n<meta property=\"article:modified_time\" content=\"2025-06-11T09:59:54+00:00\" \/>\n<meta name=\"twitter:card\" content=\"summary_large_image\" \/>\n<meta name=\"twitter:label1\" content=\"Tiempo de lectura\" \/>\n\t<meta name=\"twitter:data1\" content=\"2 minutos\" \/>\n<!-- \/ Yoast SEO plugin. -->","yoast_head_json":{"title":"Widget de cumplimiento de la ADA de Elementor: a\u00f1ade accesibilidad a tu sitio web [GRATIS]","description":"A\u00f1ade un widget de cumplimiento de la ADA sin necesidad de c\u00f3digo a tu sitio web de Elementor. Usa el sencillo editor de Elfsight para crear f\u00e1cilmente tu soluci\u00f3n personalizada.","robots":{"index":"index","follow":"follow","max-snippet":"max-snippet:-1","max-image-preview":"max-image-preview:large","max-video-preview":"max-video-preview:-1"},"canonical":"https:\/\/elfsight.com\/es\/ada-compliance-widget\/elementor\/","og_locale":"es_ES","og_type":"article","og_title":"Widget de cumplimiento de la ADA de Elementor: a\u00f1ade accesibilidad a tu sitio web [GRATIS]","og_description":"A\u00f1ade un widget de cumplimiento de la ADA sin necesidad de c\u00f3digo a tu sitio web de Elementor. Usa el sencillo editor de Elfsight para crear f\u00e1cilmente tu soluci\u00f3n personalizada.","og_url":"https:\/\/elfsight.com\/es\/ada-compliance-widget\/elementor\/","og_site_name":"Elfsight ES","article_modified_time":"2025-06-11T09:59:54+00:00","twitter_card":"summary_large_image","twitter_misc":{"Tiempo de lectura":"2 minutos"},"schema":{"@context":"https:\/\/schema.org","@graph":[{"@type":"WebPage","@id":"https:\/\/elfsight.com\/es\/ada-compliance-widget\/elementor\/","url":"https:\/\/elfsight.com\/es\/ada-compliance-widget\/elementor\/","name":"Widget de cumplimiento de la ADA de Elementor: a\u00f1ade accesibilidad a tu sitio web [GRATIS]","isPartOf":{"@id":"https:\/\/elfsight.com\/es\/#website"},"datePublished":"2025-05-21T08:36:54+00:00","dateModified":"2025-06-11T09:59:54+00:00","description":"A\u00f1ade un widget de cumplimiento de la ADA sin necesidad de c\u00f3digo a tu sitio web de Elementor. Usa el sencillo editor de Elfsight para crear f\u00e1cilmente tu soluci\u00f3n personalizada.","breadcrumb":{"@id":"https:\/\/elfsight.com\/es\/ada-compliance-widget\/elementor\/#breadcrumb"},"inLanguage":"es","potentialAction":[{"@type":"ReadAction","target":["https:\/\/elfsight.com\/es\/ada-compliance-widget\/elementor\/"]}]},{"@type":"BreadcrumbList","@id":"https:\/\/elfsight.com\/es\/ada-compliance-widget\/elementor\/#breadcrumb","itemListElement":[{"@type":"ListItem","position":1,"name":"Home","item":"https:\/\/elfsight.com\/es\/"},{"@type":"ListItem","position":2,"name":"Ada Compliance","item":"https:\/\/elfsight.com\/es\/ada-compliance-widget\/"},{"@type":"ListItem","position":3,"name":"ADA Compliance &#8211; Elementor"}]},{"@type":"WebSite","@id":"https:\/\/elfsight.com\/es\/#website","url":"https:\/\/elfsight.com\/es\/","name":"Elfsight ES","description":"Just another Elfsight Sites site","potentialAction":[{"@type":"SearchAction","target":{"@type":"EntryPoint","urlTemplate":"https:\/\/elfsight.com\/es\/?s={search_term_string}"},"query-input":{"@type":"PropertyValueSpecification","valueRequired":true,"valueName":"search_term_string"}}],"inLanguage":"es"}]}},"meta_box":{"industry":"","seo_heading":"","heading":"","description":"","cta_heading":"","cta_description":"","application":"19630","h1":"Widget de cumplimiento de la ADA para sitios web de Elementor","h1_caption":"Haga que su sitio web Elementor cumpla con la ADA con un widget que adapta su contenido para todos los usuarios: mejore la inclusi\u00f3n de los usuarios y refuerce su compromiso de accesibilidad.","application_category":[],"applications_title":"","applications_request_title":"","applications_request_button_text":"","hero_text":"","hero_video":"","hero_video_schema_markup":"","selling_points_title":"","selling_points_caption":"","selling_points":[],"selling_points_cta_text":"","features_title":"","features":"","ed_cta_examples_text":"","ed_cta_examples_hidden":"","ed_cta_demo_text":"","ed_cta_demo_hidden":"","why_caption":"","why_editor_title":"","why_editor_text":"","why_team_title":"","why_team_text":"","why_service_title":"","why_service_text":"","template_catalog_visible":"","template_catalog_title":"","template_catalog_text":"","template_catalog_categories_visible":"","demo_title":"Cree su widget de cumplimiento de la ADA","demo_caption":"\u00a1Configure su ADA Compliance y agr\u00e9guelo a su sitio web Elementor gratis!","default_faq_hidden":"","app_template_category":[],"platform":"58","template_public_id":"","codecanyon_url":"","codecanyon_item_id":"","codecanyon_price":"","pricing_caption":"","pricing_elfsight_apps_hide_column":"","pricing_elfsight_apps_url":"","pricing_codecanyon_price_caption":"","integration_category":[],"integration_request_title":"","integration_request_cta":"","integration_platform":"","integrations":[],"platform_category":[],"video_schema_markup":"","price":"desde $0 \/ mes","trial":"","benefits":[],"button_url":"#demo","button_target_blank":"0","button_nofollow":"","attributes":[{"name":"Instalaciones","content":"50,000 - 100,000","_state":"expanded"},{"name":"Sensible","content":"S\u00ed","_state":"expanded"},{"name":"Navegadores compatibles","content":"Firefox, Safari, Opera, Chrome, Edge","_state":"expanded"}],"tags":[],"tags_disable_links":"","hide_more_platforms":"","video_object":"","demo_hide_cta":"","demo_hide_cloud_options":"","pricing_title":"","pricing":[{"pricing_icon":"platform","pricing_title":"Elfsight Apps","pricing_title_caption":"Software multiplataforma","":"","pricing_price":"desde $0 \/ mes","pricing_price_caption":"Comienza con un plan gratuito","pricing_button_text":"A\u00f1adir al sitio web","pricing_button_url":"#demo"}],"related_apps_title":"","related_apps_hidden":"","author":"","image":[],"title":"","job":"","social_networks":[]},"_links":{"self":[{"href":"https:\/\/elfsight.com\/es\/wp-json\/wp\/v2\/pages\/19681","targetHints":{"allow":["GET"]}}],"collection":[{"href":"https:\/\/elfsight.com\/es\/wp-json\/wp\/v2\/pages"}],"about":[{"href":"https:\/\/elfsight.com\/es\/wp-json\/wp\/v2\/types\/page"}],"author":[{"embeddable":true,"href":"https:\/\/elfsight.com\/es\/wp-json\/wp\/v2\/users\/9"}],"replies":[{"embeddable":true,"href":"https:\/\/elfsight.com\/es\/wp-json\/wp\/v2\/comments?post=19681"}],"version-history":[{"count":1,"href":"https:\/\/elfsight.com\/es\/wp-json\/wp\/v2\/pages\/19681\/revisions"}],"predecessor-version":[{"id":19685,"href":"https:\/\/elfsight.com\/es\/wp-json\/wp\/v2\/pages\/19681\/revisions\/19685"}],"up":[{"embeddable":true,"href":"https:\/\/elfsight.com\/es\/wp-json\/wp\/v2\/pages\/19848"}],"wp:attachment":[{"href":"https:\/\/elfsight.com\/es\/wp-json\/wp\/v2\/media?parent=19681"}],"curies":[{"name":"wp","href":"https:\/\/api.w.org\/{rel}","templated":true}]}}