{"id":19679,"date":"2025-05-21T08:54:03","date_gmt":"2025-05-21T08:54:03","guid":{"rendered":"https:\/\/elfsight.com\/es\/?page_id=19679"},"modified":"2025-06-11T09:59:54","modified_gmt":"2025-06-11T09:59:54","slug":"joomla","status":"publish","type":"page","link":"https:\/\/elfsight.com\/es\/ada-compliance-widget\/joomla\/","title":{"rendered":"ADA Compliance &#8211; Joomla"},"content":{"rendered":"<div class=\"application-platform-content-item-description application-platform-content-item\" id=\"description\" data-nav-section=\"description\"> <h2>Integre la conformidad con la ADA en Joomla con una extensi\u00f3n de Elfsight<\/h2> <p>La extensi\u00f3n de conformidad con la ADA mejora la usabilidad del sitio web para facilitar una navegaci\u00f3n inclusiva y accesible, cumpliendo con las directrices de accesibilidad reconocidas. Equipada con una gama de modos de accesibilidad asistida integrados, ajusta autom\u00e1ticamente su interfaz para ayudar a los usuarios con discapacidades visuales, de concentraci\u00f3n o motoras. No necesita codificaci\u00f3n ni redise\u00f1os adicionales. Cada ajuste preestablecido ofrece una combinaci\u00f3n bien dise\u00f1ada de mejoras de usabilidad para que su contenido existente sea m\u00e1s accesible y las interacciones m\u00e1s c\u00f3modas. <\/p><p>La extensi\u00f3n tambi\u00e9n incluye una herramienta de an\u00e1lisis automatizada para detectar problemas de accesibilidad y muestra los resultados de las auditor\u00edas directamente en el panel de la extensi\u00f3n. Puede exportar un informe completo de accesibilidad y mostrar su puntuaci\u00f3n de conformidad p\u00fablicamente para generar credibilidad y confianza. Con localizaci\u00f3n completa, facilita la participaci\u00f3n inclusiva de usuarios en diversos entornos ling\u00fc\u00edsticos y regionales. <\/p><p><strong>\u00a1Mejore su sitio web Joomla con nuestra soluci\u00f3n ADA y demuestre que la accesibilidad es parte integral de su marca! <\/strong><\/p><\/div> <div class=\"application-platform-content-item-features application-platform-content-item\" id=\"features\" data-nav-section=\"features\"> <h2>Consulta la lista de las funciones m\u00e1s \u00fatiles:<\/h2><ul><li><b>Modos listos para usar para 8 escenarios de usuario.<\/b> Las personas con diversas discapacidades pueden seleccionar un modo de accesibilidad ideal para una experiencia de navegaci\u00f3n fluida y f\u00e1cil de usar.<\/li><li><b>Modifica la configuraci\u00f3n del sitio web para mostrar el contenido.<\/b> La extensi\u00f3n cuenta con configuraciones para mejorar la legibilidad del texto, la navegaci\u00f3n y los colores.<\/li><li><b>Comprobador de accesibilidad integrado.<\/b> Eval\u00faa f\u00e1cilmente tu sitio web para identificar deficiencias y mejorarlo para una mejor accesibilidad.<\/li><li><b>Insignia de confianza con puntuaci\u00f3n de accesibilidad.<\/b> Muestra los resultados de tu auditor\u00eda para demostrar tu compromiso con el cumplimiento de la accesibilidad.<\/li><li><b>Localizaci\u00f3n precisa.<\/b> La extensi\u00f3n admite la localizaci\u00f3n y la traducci\u00f3n para 76 pa\u00edses, cumpliendo con los est\u00e1ndares globales de cumplimiento y las necesidades de accesibilidad. <\/li><\/ul><p><a href=\"#demo\">Puede probar todas las configuraciones de nuestra extensi\u00f3n en el editor directamente en esta p\u00e1gina<\/a><\/p><\/div> <div class=\"application-platform-content-item-installation application-platform-content-item\" id=\"installation\" data-nav-section=\"installation\"> <h2>\u00bfC\u00f3mo integrar la extensi\u00f3n ADA Compliance en mi sitio web Joomla?<\/h2><p>Vea esta sencilla manera de configurar la extensi\u00f3n en su sitio web Joomla. Solo le llevar\u00e1 unos minutos y no requiere programaci\u00f3n.<\/p> <ol><li><strong>Cree su extensi\u00f3n ADA Compliance personalizada<\/strong><br> Comience con cualquier plantilla en el editor, trabaje con los elementos que desee y personalice la extensi\u00f3n con el estilo y las opciones que desee.<\/li><li><strong>Obtenga el c\u00f3digo personal para integrar la extensi\u00f3n<\/strong><br>Una vez que haya creado la extensi\u00f3n, recibir\u00e1 un c\u00f3digo HTML individual en su panel de control. Copie este c\u00f3digo, que contiene toda la informaci\u00f3n sobre su configuraci\u00f3n. <\/li> <li><strong>Muestra la extensi\u00f3n en tu sitio web Joomla<\/strong><br> Selecciona las secciones de tu sitio web donde quieres mostrar la conformidad con la ADA y pega el c\u00f3digo. Guarda los cambios. <\/li> <\/ol><p>\u00a1Listo! Ahora, comprueba el rendimiento de la extensi\u00f3n en tu sitio web. <\/p><p>Si experimentas alg\u00fan inconveniente al integrar la extensi\u00f3n en un sitio web, contacta con nuestros gestores de soporte. Con gusto te explicaremos c\u00f3mo a\u00f1adir y ajustar tu soluci\u00f3n de accesibilidad. <\/p><\/div>","protected":false},"excerpt":{"rendered":"","protected":false},"author":9,"featured_media":0,"parent":19848,"menu_order":0,"comment_status":"closed","ping_status":"closed","template":"templates\/template-application-platform.php","meta":{"publish_to_discourse":"","publish_post_category":"","wpdc_auto_publish_overridden":"","wpdc_topic_tags":"","wpdc_pin_topic":"","wpdc_pin_until":"","discourse_post_id":"","discourse_permalink":"","wpdc_publishing_response":"","wpdc_publishing_error":"","footnotes":""},"class_list":["post-19679","page","type-page","status-publish","hentry"],"yoast_head":"<!-- This site is optimized with the Yoast SEO plugin v25.3.1 - https:\/\/yoast.com\/wordpress\/plugins\/seo\/ -->\n<title>Extensi\u00f3n de cumplimiento de ADA para Joomla: a\u00f1ade accesibilidad a tu sitio web [GRATIS]<\/title>\n<meta name=\"description\" content=\"A\u00f1ade una extensi\u00f3n de cumplimiento de la ADA sin c\u00f3digo a tu sitio web Joomla. Descubre el editor r\u00e1pido de Elfsight para crear f\u00e1cilmente tu soluci\u00f3n personalizada.\" \/>\n<meta name=\"robots\" content=\"index, follow, max-snippet:-1, max-image-preview:large, max-video-preview:-1\" \/>\n<link rel=\"canonical\" href=\"https:\/\/elfsight.com\/es\/ada-compliance-widget\/joomla\/\" \/>\n<meta property=\"og:locale\" content=\"es_ES\" \/>\n<meta property=\"og:type\" content=\"article\" \/>\n<meta property=\"og:title\" content=\"Extensi\u00f3n de cumplimiento de ADA para Joomla: a\u00f1ade accesibilidad a tu sitio web [GRATIS]\" \/>\n<meta property=\"og:description\" content=\"A\u00f1ade una extensi\u00f3n de cumplimiento de la ADA sin c\u00f3digo a tu sitio web Joomla. Descubre el editor r\u00e1pido de Elfsight para crear f\u00e1cilmente tu soluci\u00f3n personalizada.\" \/>\n<meta property=\"og:url\" content=\"https:\/\/elfsight.com\/es\/ada-compliance-widget\/joomla\/\" \/>\n<meta property=\"og:site_name\" content=\"Elfsight ES\" \/>\n<meta property=\"article:modified_time\" content=\"2025-06-11T09:59:54+00:00\" \/>\n<meta name=\"twitter:card\" content=\"summary_large_image\" \/>\n<meta name=\"twitter:label1\" content=\"Tiempo de lectura\" \/>\n\t<meta name=\"twitter:data1\" content=\"2 minutos\" \/>\n<!-- \/ Yoast SEO plugin. -->","yoast_head_json":{"title":"Extensi\u00f3n de cumplimiento de ADA para Joomla: a\u00f1ade accesibilidad a tu sitio web [GRATIS]","description":"A\u00f1ade una extensi\u00f3n de cumplimiento de la ADA sin c\u00f3digo a tu sitio web Joomla. Descubre el editor r\u00e1pido de Elfsight para crear f\u00e1cilmente tu soluci\u00f3n personalizada.","robots":{"index":"index","follow":"follow","max-snippet":"max-snippet:-1","max-image-preview":"max-image-preview:large","max-video-preview":"max-video-preview:-1"},"canonical":"https:\/\/elfsight.com\/es\/ada-compliance-widget\/joomla\/","og_locale":"es_ES","og_type":"article","og_title":"Extensi\u00f3n de cumplimiento de ADA para Joomla: a\u00f1ade accesibilidad a tu sitio web [GRATIS]","og_description":"A\u00f1ade una extensi\u00f3n de cumplimiento de la ADA sin c\u00f3digo a tu sitio web Joomla. Descubre el editor r\u00e1pido de Elfsight para crear f\u00e1cilmente tu soluci\u00f3n personalizada.","og_url":"https:\/\/elfsight.com\/es\/ada-compliance-widget\/joomla\/","og_site_name":"Elfsight ES","article_modified_time":"2025-06-11T09:59:54+00:00","twitter_card":"summary_large_image","twitter_misc":{"Tiempo de lectura":"2 minutos"},"schema":{"@context":"https:\/\/schema.org","@graph":[{"@type":"WebPage","@id":"https:\/\/elfsight.com\/es\/ada-compliance-widget\/joomla\/","url":"https:\/\/elfsight.com\/es\/ada-compliance-widget\/joomla\/","name":"Extensi\u00f3n de cumplimiento de ADA para Joomla: a\u00f1ade accesibilidad a tu sitio web [GRATIS]","isPartOf":{"@id":"https:\/\/elfsight.com\/es\/#website"},"datePublished":"2025-05-21T08:54:03+00:00","dateModified":"2025-06-11T09:59:54+00:00","description":"A\u00f1ade una extensi\u00f3n de cumplimiento de la ADA sin c\u00f3digo a tu sitio web Joomla. Descubre el editor r\u00e1pido de Elfsight para crear f\u00e1cilmente tu soluci\u00f3n personalizada.","breadcrumb":{"@id":"https:\/\/elfsight.com\/es\/ada-compliance-widget\/joomla\/#breadcrumb"},"inLanguage":"es","potentialAction":[{"@type":"ReadAction","target":["https:\/\/elfsight.com\/es\/ada-compliance-widget\/joomla\/"]}]},{"@type":"BreadcrumbList","@id":"https:\/\/elfsight.com\/es\/ada-compliance-widget\/joomla\/#breadcrumb","itemListElement":[{"@type":"ListItem","position":1,"name":"Home","item":"https:\/\/elfsight.com\/es\/"},{"@type":"ListItem","position":2,"name":"Ada Compliance","item":"https:\/\/elfsight.com\/es\/ada-compliance-widget\/"},{"@type":"ListItem","position":3,"name":"ADA Compliance &#8211; Joomla"}]},{"@type":"WebSite","@id":"https:\/\/elfsight.com\/es\/#website","url":"https:\/\/elfsight.com\/es\/","name":"Elfsight ES","description":"Just another Elfsight Sites site","potentialAction":[{"@type":"SearchAction","target":{"@type":"EntryPoint","urlTemplate":"https:\/\/elfsight.com\/es\/?s={search_term_string}"},"query-input":{"@type":"PropertyValueSpecification","valueRequired":true,"valueName":"search_term_string"}}],"inLanguage":"es"}]}},"meta_box":{"industry":"","seo_heading":"","heading":"","description":"","cta_heading":"","cta_description":"","application":"19630","h1":"Extensi\u00f3n de cumplimiento de la ADA para sitios web Joomla","h1_caption":"Haga que su sitio web Joomla cumpla con la ADA con una extensi\u00f3n que personaliza su contenido para usuarios de todas las capacidades: fortalezca la inclusi\u00f3n y destaque sus esfuerzos de accesibilidad.","application_category":[],"applications_title":"","applications_request_title":"","applications_request_button_text":"","hero_text":"","hero_video":"","hero_video_schema_markup":"","selling_points_title":"","selling_points_caption":"","selling_points":[],"selling_points_cta_text":"","features_title":"","features":"","ed_cta_examples_text":"","ed_cta_examples_hidden":"","ed_cta_demo_text":"","ed_cta_demo_hidden":"","why_caption":"","why_editor_title":"","why_editor_text":"","why_team_title":"","why_team_text":"","why_service_title":"","why_service_text":"","template_catalog_visible":"","template_catalog_title":"","template_catalog_text":"","template_catalog_categories_visible":"","demo_title":"Cree su extensi\u00f3n de cumplimiento de la ADA","demo_caption":"\u00a1Configure su ADA Compliance y agr\u00e9guelo a su sitio web Joomla gratis!","default_faq_hidden":"","app_template_category":[],"platform":"73","template_public_id":"","codecanyon_url":"","codecanyon_item_id":"","codecanyon_price":"","pricing_caption":"","pricing_elfsight_apps_hide_column":"","pricing_elfsight_apps_url":"","pricing_codecanyon_price_caption":"","integration_category":[],"integration_request_title":"","integration_request_cta":"","integration_platform":"","integrations":[],"platform_category":[],"video_schema_markup":"","price":"desde $0 \/ mes","trial":"","benefits":[],"button_url":"#demo","button_target_blank":"0","button_nofollow":"","attributes":[{"name":"Instalaciones","content":"50,000 - 100,000","_state":"expanded"},{"name":"Sensible","content":"S\u00ed","_state":"expanded"},{"name":"Navegadores compatibles","content":"Firefox, Safari, Opera, Chrome, Edge","_state":"expanded"}],"tags":[],"tags_disable_links":"","hide_more_platforms":"","video_object":"","demo_hide_cta":"","demo_hide_cloud_options":"","pricing_title":"","pricing":[{"pricing_icon":"platform","pricing_title":"Elfsight Apps","pricing_title_caption":"Soluci\u00f3n digital multiplataforma que funciona en cualquier sitio","":"","pricing_price":"desde $0 \/ mes","pricing_price_caption":"Comienza con un plan gratuito","pricing_button_text":"A\u00f1adir al sitio web","pricing_button_url":"#demo"}],"related_apps_title":"","related_apps_hidden":"","author":"","image":[],"title":"","job":"","social_networks":[]},"_links":{"self":[{"href":"https:\/\/elfsight.com\/es\/wp-json\/wp\/v2\/pages\/19679","targetHints":{"allow":["GET"]}}],"collection":[{"href":"https:\/\/elfsight.com\/es\/wp-json\/wp\/v2\/pages"}],"about":[{"href":"https:\/\/elfsight.com\/es\/wp-json\/wp\/v2\/types\/page"}],"author":[{"embeddable":true,"href":"https:\/\/elfsight.com\/es\/wp-json\/wp\/v2\/users\/9"}],"replies":[{"embeddable":true,"href":"https:\/\/elfsight.com\/es\/wp-json\/wp\/v2\/comments?post=19679"}],"version-history":[{"count":1,"href":"https:\/\/elfsight.com\/es\/wp-json\/wp\/v2\/pages\/19679\/revisions"}],"predecessor-version":[{"id":19683,"href":"https:\/\/elfsight.com\/es\/wp-json\/wp\/v2\/pages\/19679\/revisions\/19683"}],"up":[{"embeddable":true,"href":"https:\/\/elfsight.com\/es\/wp-json\/wp\/v2\/pages\/19848"}],"wp:attachment":[{"href":"https:\/\/elfsight.com\/es\/wp-json\/wp\/v2\/media?parent=19679"}],"curies":[{"name":"wp","href":"https:\/\/api.w.org\/{rel}","templated":true}]}}