{"id":19678,"date":"2025-05-21T08:56:43","date_gmt":"2025-05-21T08:56:43","guid":{"rendered":"https:\/\/elfsight.com\/es\/?page_id=19678"},"modified":"2025-06-11T09:59:54","modified_gmt":"2025-06-11T09:59:54","slug":"godaddy","status":"publish","type":"page","link":"https:\/\/elfsight.com\/es\/ada-compliance-widget\/godaddy\/","title":{"rendered":"ADA Compliance &#8211; GoDaddy"},"content":{"rendered":"<div class=\"application-platform-content-item-description application-platform-content-item\" id=\"description\" data-nav-section=\"description\"> <h2>Integre el cumplimiento de la ADA en GoDaddy con un plugin de Elfsight<\/h2> <p>El plugin de cumplimiento de la ADA ayuda a garantizar que su sitio web sea f\u00e1cil de usar para todos, ya que cumple con las directrices de accesibilidad reconocidas. Con compatibilidad integrada con m\u00faltiples modos de asistencia, personaliza din\u00e1micamente su interfaz para adaptarse a usuarios con discapacidades visuales, de concentraci\u00f3n o motoras. No se requiere codificaci\u00f3n ni redise\u00f1os estructurales. Cada modo aplica un conjunto de mejoras para optimizar la accesibilidad de su contenido actual y la comodidad de la interacci\u00f3n del usuario. <\/p><p>El plugin tambi\u00e9n incluye una herramienta de an\u00e1lisis automatizada para detectar problemas de accesibilidad y presenta los resultados en la interfaz del plugin en tiempo real. Puede descargar resultados detallados de auditor\u00eda y destacar su calificaci\u00f3n de accesibilidad para generar credibilidad y confianza. Con la localizaci\u00f3n completa, garantiza la accesibilidad y la usabilidad en m\u00faltiples idiomas y regiones geogr\u00e1ficas. <\/p><p><strong>\u00a1Agregue el plugin de la ADA a su sitio web de GoDaddy y demuestre su compromiso con los est\u00e1ndares web inclusivos! <\/strong><\/p><\/div> <div class=\"application-platform-content-item-features application-platform-content-item\" id=\"features\" data-nav-section=\"features\"> <h2>Las caracter\u00edsticas principales del plugin incluyen<\/h2><ul><li><b>Modos listos para usar para 8 escenarios de usuario.<\/b> Las personas con diversas discapacidades pueden seleccionar un modo de accesibilidad ideal para explorar su sitio web con comodidad.<\/li><li><b>Modifique la configuraci\u00f3n del sitio web para mostrar el contenido.<\/b> El plugin tiene configuraciones para mejorar la legibilidad del texto, la navegaci\u00f3n y los colores.<\/li><li><b>Comprobador de accesibilidad integrado.<\/b> Analice f\u00e1cilmente su sitio web para detectar puntos d\u00e9biles y mejorarlo para una mejor accesibilidad.<\/li><li><b>Insignia de confianza con puntuaci\u00f3n de accesibilidad.<\/b> Muestre los resultados de su auditor\u00eda para demostrar su compromiso con el cumplimiento de la accesibilidad.<\/li><li><b>Localizaci\u00f3n precisa.<\/b> El plugin ofrece localizaci\u00f3n ling\u00fc\u00edstica y cultural en 76 regiones para cumplir con las leyes de accesibilidad y la implementaci\u00f3n internacional. <\/li><\/ul><p><a href=\"#demo\">Echa un vistazo al sencillo editor para descubrir c\u00f3mo funciona el plugin<\/a><\/p><\/div> <div class=\"application-platform-content-item-installation application-platform-content-item\" id=\"installation\" data-nav-section=\"installation\"> <h2>\u00bfC\u00f3mo integro el cumplimiento de la ADA en mi sitio web de GoDaddy?<\/h2><p>Consulta esta sencilla gu\u00eda para instalar el plugin en tu sitio web de GoDaddy. Solo te llevar\u00e1 unos minutos y no requiere programaci\u00f3n.<\/p> <ol><li><strong>Crea tu plugin personalizado de cumplimiento de la ADA<\/strong><br> Comienza con cualquier plantilla en el editor, trabaja con sus elementos intuitivos y personaliza el plugin con tu estilo y configuraci\u00f3n preferidos.<\/li><li><strong>Obt\u00e9n el c\u00f3digo personal para integrar el plugin<\/strong><br>Una vez creado el plugin, ver\u00e1s un c\u00f3digo HTML individual en tu panel de control. Copia este c\u00f3digo, que contiene toda la informaci\u00f3n sobre tu configuraci\u00f3n. <\/li> <li><strong>Muestra el plugin en tu sitio web de GoDaddy<\/strong><br>Selecciona las \u00e1reas de tu sitio web donde deseas mostrar la conformidad con la ADA y pega el c\u00f3digo all\u00ed. Guarda los cambios. <\/li> <\/ol><p>\u00a1Listo! Ahora, comprueba el rendimiento del plugin en tu sitio web. <\/p><p>Si tienes alg\u00fan problema al integrar el plugin en un sitio web, contacta con nuestro servicio de atenci\u00f3n al cliente. Con gusto te explicaremos c\u00f3mo agregar y administrar tu soluci\u00f3n de accesibilidad. <\/p><\/div>","protected":false},"excerpt":{"rendered":"","protected":false},"author":9,"featured_media":0,"parent":19848,"menu_order":0,"comment_status":"closed","ping_status":"closed","template":"templates\/template-application-platform.php","meta":{"publish_to_discourse":"","publish_post_category":"","wpdc_auto_publish_overridden":"","wpdc_topic_tags":"","wpdc_pin_topic":"","wpdc_pin_until":"","discourse_post_id":"","discourse_permalink":"","wpdc_publishing_response":"","wpdc_publishing_error":"","footnotes":""},"class_list":["post-19678","page","type-page","status-publish","hentry"],"yoast_head":"<!-- This site is optimized with the Yoast SEO plugin v25.3.1 - https:\/\/yoast.com\/wordpress\/plugins\/seo\/ -->\n<title>Complemento de cumplimiento de la ADA de GoDaddy: a\u00f1ade accesibilidad a tu sitio web [GRATIS]<\/title>\n<meta name=\"description\" content=\"A\u00f1ade un complemento de cumplimiento de la ADA a tu sitio web de GoDaddy. Prueba el editor intuitivo de Elfsight para crear f\u00e1cilmente tu soluci\u00f3n personalizada.\" \/>\n<meta name=\"robots\" content=\"index, follow, max-snippet:-1, max-image-preview:large, max-video-preview:-1\" \/>\n<link rel=\"canonical\" href=\"https:\/\/elfsight.com\/es\/ada-compliance-widget\/godaddy\/\" \/>\n<meta property=\"og:locale\" content=\"es_ES\" \/>\n<meta property=\"og:type\" content=\"article\" \/>\n<meta property=\"og:title\" content=\"Complemento de cumplimiento de la ADA de GoDaddy: a\u00f1ade accesibilidad a tu sitio web [GRATIS]\" \/>\n<meta property=\"og:description\" content=\"A\u00f1ade un complemento de cumplimiento de la ADA a tu sitio web de GoDaddy. Prueba el editor intuitivo de Elfsight para crear f\u00e1cilmente tu soluci\u00f3n personalizada.\" \/>\n<meta property=\"og:url\" content=\"https:\/\/elfsight.com\/es\/ada-compliance-widget\/godaddy\/\" \/>\n<meta property=\"og:site_name\" content=\"Elfsight ES\" \/>\n<meta property=\"article:modified_time\" content=\"2025-06-11T09:59:54+00:00\" \/>\n<meta name=\"twitter:card\" content=\"summary_large_image\" \/>\n<meta name=\"twitter:label1\" content=\"Tiempo de lectura\" \/>\n\t<meta name=\"twitter:data1\" content=\"2 minutos\" \/>\n<!-- \/ Yoast SEO plugin. -->","yoast_head_json":{"title":"Complemento de cumplimiento de la ADA de GoDaddy: a\u00f1ade accesibilidad a tu sitio web [GRATIS]","description":"A\u00f1ade un complemento de cumplimiento de la ADA a tu sitio web de GoDaddy. Prueba el editor intuitivo de Elfsight para crear f\u00e1cilmente tu soluci\u00f3n personalizada.","robots":{"index":"index","follow":"follow","max-snippet":"max-snippet:-1","max-image-preview":"max-image-preview:large","max-video-preview":"max-video-preview:-1"},"canonical":"https:\/\/elfsight.com\/es\/ada-compliance-widget\/godaddy\/","og_locale":"es_ES","og_type":"article","og_title":"Complemento de cumplimiento de la ADA de GoDaddy: a\u00f1ade accesibilidad a tu sitio web [GRATIS]","og_description":"A\u00f1ade un complemento de cumplimiento de la ADA a tu sitio web de GoDaddy. Prueba el editor intuitivo de Elfsight para crear f\u00e1cilmente tu soluci\u00f3n personalizada.","og_url":"https:\/\/elfsight.com\/es\/ada-compliance-widget\/godaddy\/","og_site_name":"Elfsight ES","article_modified_time":"2025-06-11T09:59:54+00:00","twitter_card":"summary_large_image","twitter_misc":{"Tiempo de lectura":"2 minutos"},"schema":{"@context":"https:\/\/schema.org","@graph":[{"@type":"WebPage","@id":"https:\/\/elfsight.com\/es\/ada-compliance-widget\/godaddy\/","url":"https:\/\/elfsight.com\/es\/ada-compliance-widget\/godaddy\/","name":"Complemento de cumplimiento de la ADA de GoDaddy: a\u00f1ade accesibilidad a tu sitio web [GRATIS]","isPartOf":{"@id":"https:\/\/elfsight.com\/es\/#website"},"datePublished":"2025-05-21T08:56:43+00:00","dateModified":"2025-06-11T09:59:54+00:00","description":"A\u00f1ade un complemento de cumplimiento de la ADA a tu sitio web de GoDaddy. Prueba el editor intuitivo de Elfsight para crear f\u00e1cilmente tu soluci\u00f3n personalizada.","breadcrumb":{"@id":"https:\/\/elfsight.com\/es\/ada-compliance-widget\/godaddy\/#breadcrumb"},"inLanguage":"es","potentialAction":[{"@type":"ReadAction","target":["https:\/\/elfsight.com\/es\/ada-compliance-widget\/godaddy\/"]}]},{"@type":"BreadcrumbList","@id":"https:\/\/elfsight.com\/es\/ada-compliance-widget\/godaddy\/#breadcrumb","itemListElement":[{"@type":"ListItem","position":1,"name":"Home","item":"https:\/\/elfsight.com\/es\/"},{"@type":"ListItem","position":2,"name":"Ada Compliance","item":"https:\/\/elfsight.com\/es\/ada-compliance-widget\/"},{"@type":"ListItem","position":3,"name":"ADA Compliance &#8211; GoDaddy"}]},{"@type":"WebSite","@id":"https:\/\/elfsight.com\/es\/#website","url":"https:\/\/elfsight.com\/es\/","name":"Elfsight ES","description":"Just another Elfsight Sites site","potentialAction":[{"@type":"SearchAction","target":{"@type":"EntryPoint","urlTemplate":"https:\/\/elfsight.com\/es\/?s={search_term_string}"},"query-input":{"@type":"PropertyValueSpecification","valueRequired":true,"valueName":"search_term_string"}}],"inLanguage":"es"}]}},"meta_box":{"industry":"","seo_heading":"","heading":"","description":"","cta_heading":"","cta_description":"","application":"19630","h1":"Complemento de cumplimiento de la ADA para el sitio web de GoDaddy","h1_caption":"Haga que su sitio web de GoDaddy cumpla con la ADA con un complemento que adapta su contenido para todos los usuarios: mejore la inclusi\u00f3n y muestre su compromiso con la accesibilidad.","application_category":[],"applications_title":"","applications_request_title":"","applications_request_button_text":"","hero_text":"","hero_video":"","hero_video_schema_markup":"","selling_points_title":"","selling_points_caption":"","selling_points":[],"selling_points_cta_text":"","features_title":"","features":"","ed_cta_examples_text":"","ed_cta_examples_hidden":"","ed_cta_demo_text":"","ed_cta_demo_hidden":"","why_caption":"","why_editor_title":"","why_editor_text":"","why_team_title":"","why_team_text":"","why_service_title":"","why_service_text":"","template_catalog_visible":"","template_catalog_title":"","template_catalog_text":"","template_catalog_categories_visible":"","demo_title":"Cree su complemento de cumplimiento de la ADA","demo_caption":"\u00a1Configure su ADA Compliance y agr\u00e9guelo a su sitio web de GoDaddy gratis!","default_faq_hidden":"","app_template_category":[],"platform":"2183","template_public_id":"","codecanyon_url":"","codecanyon_item_id":"","codecanyon_price":"","pricing_caption":"","pricing_elfsight_apps_hide_column":"","pricing_elfsight_apps_url":"","pricing_codecanyon_price_caption":"","integration_category":[],"integration_request_title":"","integration_request_cta":"","integration_platform":"","integrations":[],"platform_category":[],"video_schema_markup":"","price":"desde $0 \/ mes","trial":"","benefits":[],"button_url":"#demo","button_target_blank":"0","button_nofollow":"","attributes":[{"name":"Instalaciones","content":"50,000 - 100,000","_state":"expanded"},{"name":"Sensible","content":"S\u00ed","_state":"expanded"},{"name":"Navegadores compatibles","content":"Firefox, Safari, Opera, Chrome, Edge","_state":"expanded"}],"tags":[],"tags_disable_links":"","hide_more_platforms":"","video_object":"","demo_hide_cta":"","demo_hide_cloud_options":"","pricing_title":"","pricing":[{"pricing_icon":"platform","pricing_title":"Elfsight Apps","pricing_title_caption":"Versi\u00f3n multiplataforma","":"","pricing_price":"desde $0 \/ mes","pricing_price_caption":"Comienza con un plan gratuito","pricing_button_text":"A\u00f1adir al sitio web","pricing_button_url":"#demo"}],"related_apps_title":"","related_apps_hidden":"","author":"","image":[],"title":"","job":"","social_networks":[]},"_links":{"self":[{"href":"https:\/\/elfsight.com\/es\/wp-json\/wp\/v2\/pages\/19678","targetHints":{"allow":["GET"]}}],"collection":[{"href":"https:\/\/elfsight.com\/es\/wp-json\/wp\/v2\/pages"}],"about":[{"href":"https:\/\/elfsight.com\/es\/wp-json\/wp\/v2\/types\/page"}],"author":[{"embeddable":true,"href":"https:\/\/elfsight.com\/es\/wp-json\/wp\/v2\/users\/9"}],"replies":[{"embeddable":true,"href":"https:\/\/elfsight.com\/es\/wp-json\/wp\/v2\/comments?post=19678"}],"version-history":[{"count":1,"href":"https:\/\/elfsight.com\/es\/wp-json\/wp\/v2\/pages\/19678\/revisions"}],"predecessor-version":[{"id":19682,"href":"https:\/\/elfsight.com\/es\/wp-json\/wp\/v2\/pages\/19678\/revisions\/19682"}],"up":[{"embeddable":true,"href":"https:\/\/elfsight.com\/es\/wp-json\/wp\/v2\/pages\/19848"}],"wp:attachment":[{"href":"https:\/\/elfsight.com\/es\/wp-json\/wp\/v2\/media?parent=19678"}],"curies":[{"name":"wp","href":"https:\/\/api.w.org\/{rel}","templated":true}]}}