{"id":19671,"date":"2025-05-21T09:16:48","date_gmt":"2025-05-21T09:16:48","guid":{"rendered":"https:\/\/elfsight.com\/es\/?page_id=19671"},"modified":"2025-06-11T09:59:46","modified_gmt":"2025-06-11T09:59:46","slug":"weebly","status":"publish","type":"page","link":"https:\/\/elfsight.com\/es\/ada-compliance-widget\/weebly\/","title":{"rendered":"ADA Compliance &#8211; Weebly"},"content":{"rendered":"<div class=\"application-platform-content-item-description application-platform-content-item\" id=\"description\" data-nav-section=\"description\"> <h2>Integre la conformidad con la ADA en Weebly con una aplicaci\u00f3n Elfsight<\/h2> <p>La aplicaci\u00f3n ADA Compliance mejora la usabilidad del sitio web para facilitar una navegaci\u00f3n inclusiva y accesible, cumpliendo con los principales est\u00e1ndares y pr\u00e1cticas recomendadas de accesibilidad web. Con compatibilidad integrada con m\u00faltiples modos de asistencia, ajusta din\u00e1micamente su interfaz para adaptarse a usuarios con discapacidades visuales, de concentraci\u00f3n o motoras. Funciona a la perfecci\u00f3n sin necesidad de c\u00f3digo personalizado ni cambios de dise\u00f1o. Cada ajuste preestablecido ofrece una combinaci\u00f3n bien dise\u00f1ada de mejoras de usabilidad para mejorar la accesibilidad de su contenido actual y la comodidad de la interacci\u00f3n del usuario. <\/p><p>La aplicaci\u00f3n tambi\u00e9n incluye una herramienta de an\u00e1lisis automatizada para detectar problemas de accesibilidad y presenta los resultados de accesibilidad en la interfaz de la aplicaci\u00f3n en tiempo real. Puede descargar resultados detallados de auditor\u00eda y destacar su calificaci\u00f3n de accesibilidad para generar credibilidad y confianza. Con localizaci\u00f3n completa, ofrece una experiencia inclusiva a usuarios en diferentes idiomas y regiones. <\/p><p><strong>Mejora tu sitio web Weebly con nuestra soluci\u00f3n ADA y demuestra que la accesibilidad es parte integral de tu marca. <\/strong><\/p><\/div> <div class=\"application-platform-content-item-features application-platform-content-item\" id=\"features\" data-nav-section=\"features\"> <h2>Las funciones esenciales de la app ofrecen<\/h2><ul><li><b>Modos predefinidos para 8 escenarios de usuario.<\/b> Las personas con diversas discapacidades pueden seleccionar el modo de accesibilidad ideal para explorar tu sitio web con comodidad.<\/li><li><b>Ajusta la configuraci\u00f3n del sitio web para mostrar el contenido.<\/b> La app cuenta con ajustes dise\u00f1ados para optimizar la legibilidad, el flujo de usuario y la accesibilidad visual.<\/li><li><b>Comprobador de accesibilidad integrado.<\/b> Analiza f\u00e1cilmente tu sitio web para detectar puntos d\u00e9biles y mejorarlo para una mejor accesibilidad.<\/li><li><b>Insignia de confianza con puntuaci\u00f3n de accesibilidad.<\/b> Muestra los resultados de la auditor\u00eda integrada para demostrar tu compromiso con el cumplimiento normativo.<\/li><li><b>Localizaci\u00f3n precisa. La aplicaci\u00f3n ofrece localizaci\u00f3n ling\u00fc\u00edstica y cultural en 76 regiones para cumplir con las leyes de accesibilidad y su implementaci\u00f3n internacional. <\/li><\/ul><p><a href=\"#demo\">El editor intuitivo te muestra c\u00f3mo funcionan las funciones y opciones directamente en esta p\u00e1gina<\/a><\/p><\/div> <div class=\"application-platform-content-item-installation application-platform-content-item\" id=\"installation\" data-nav-section=\"installation\"> <h2>\u00bfC\u00f3mo puedo integrar la aplicaci\u00f3n ADA Compliance en mi sitio web de Weebly?<\/h2><p>Encuentra esta sencilla gu\u00eda para configurar la aplicaci\u00f3n en tu sitio web de Weebly. Solo te llevar\u00e1 un par de minutos y no requiere programaci\u00f3n.<\/p> <ol><li><strong>Crea tu aplicaci\u00f3n personal ADA Compliance<\/strong><br> Comienza con cualquier plantilla en el editor, trabaja con sus elementos intuitivos y personaliza la aplicaci\u00f3n con tu dise\u00f1o y opciones preferidas. <\/li><li><strong>Obt\u00e9n el c\u00f3digo personal para integrar la aplicaci\u00f3n<\/strong><br>Una vez que hayas creado tu aplicaci\u00f3n, recibir\u00e1s un c\u00f3digo HTML individual en tu panel de control. Copia el c\u00f3digo que contiene todos los detalles de tu configuraci\u00f3n. <\/li> <li><strong>Muestra la app en tu sitio web Weebly<\/strong><br> Define las secciones de tu sitio web donde quieres mostrar la conformidad con la ADA y pega el c\u00f3digo. Guarda los cambios. <\/li> <\/ol><p>\u00a1Listo! Ahora, comprueba el rendimiento de la app en tu sitio web. <\/p><p>Si tienes alguna dificultad al integrar la app en tu sitio web, contacta con nuestros gestores de soporte. Estaremos encantados de mostrarte c\u00f3mo a\u00f1adir y gestionar tu soluci\u00f3n de accesibilidad. <\/p><\/div>","protected":false},"excerpt":{"rendered":"","protected":false},"author":9,"featured_media":0,"parent":19848,"menu_order":0,"comment_status":"closed","ping_status":"closed","template":"templates\/template-application-platform.php","meta":{"publish_to_discourse":"","publish_post_category":"","wpdc_auto_publish_overridden":"","wpdc_topic_tags":"","wpdc_pin_topic":"","wpdc_pin_until":"","discourse_post_id":"","discourse_permalink":"","wpdc_publishing_response":"","wpdc_publishing_error":"","footnotes":""},"class_list":["post-19671","page","type-page","status-publish","hentry"],"yoast_head":"<!-- This site is optimized with the Yoast SEO plugin v25.3.1 - https:\/\/yoast.com\/wordpress\/plugins\/seo\/ -->\n<title>Aplicaci\u00f3n Weebly ADA Compliance: a\u00f1ade accesibilidad a tu sitio web [GRATIS]<\/title>\n<meta name=\"description\" content=\"A\u00f1ade una aplicaci\u00f3n ADA sin necesidad de c\u00f3digo a tu sitio web Weebly. Prueba el editor en l\u00ednea de Elfsight para crear f\u00e1cilmente tu soluci\u00f3n personalizada.\" \/>\n<meta name=\"robots\" content=\"index, follow, max-snippet:-1, max-image-preview:large, max-video-preview:-1\" \/>\n<link rel=\"canonical\" href=\"https:\/\/elfsight.com\/es\/ada-compliance-widget\/weebly\/\" \/>\n<meta property=\"og:locale\" content=\"es_ES\" \/>\n<meta property=\"og:type\" content=\"article\" \/>\n<meta property=\"og:title\" content=\"Aplicaci\u00f3n Weebly ADA Compliance: a\u00f1ade accesibilidad a tu sitio web [GRATIS]\" \/>\n<meta property=\"og:description\" content=\"A\u00f1ade una aplicaci\u00f3n ADA sin necesidad de c\u00f3digo a tu sitio web Weebly. Prueba el editor en l\u00ednea de Elfsight para crear f\u00e1cilmente tu soluci\u00f3n personalizada.\" \/>\n<meta property=\"og:url\" content=\"https:\/\/elfsight.com\/es\/ada-compliance-widget\/weebly\/\" \/>\n<meta property=\"og:site_name\" content=\"Elfsight ES\" \/>\n<meta property=\"article:modified_time\" content=\"2025-06-11T09:59:46+00:00\" \/>\n<meta name=\"twitter:card\" content=\"summary_large_image\" \/>\n<meta name=\"twitter:label1\" content=\"Tiempo de lectura\" \/>\n\t<meta name=\"twitter:data1\" content=\"3 minutos\" \/>\n<!-- \/ Yoast SEO plugin. -->","yoast_head_json":{"title":"Aplicaci\u00f3n Weebly ADA Compliance: a\u00f1ade accesibilidad a tu sitio web [GRATIS]","description":"A\u00f1ade una aplicaci\u00f3n ADA sin necesidad de c\u00f3digo a tu sitio web Weebly. Prueba el editor en l\u00ednea de Elfsight para crear f\u00e1cilmente tu soluci\u00f3n personalizada.","robots":{"index":"index","follow":"follow","max-snippet":"max-snippet:-1","max-image-preview":"max-image-preview:large","max-video-preview":"max-video-preview:-1"},"canonical":"https:\/\/elfsight.com\/es\/ada-compliance-widget\/weebly\/","og_locale":"es_ES","og_type":"article","og_title":"Aplicaci\u00f3n Weebly ADA Compliance: a\u00f1ade accesibilidad a tu sitio web [GRATIS]","og_description":"A\u00f1ade una aplicaci\u00f3n ADA sin necesidad de c\u00f3digo a tu sitio web Weebly. Prueba el editor en l\u00ednea de Elfsight para crear f\u00e1cilmente tu soluci\u00f3n personalizada.","og_url":"https:\/\/elfsight.com\/es\/ada-compliance-widget\/weebly\/","og_site_name":"Elfsight ES","article_modified_time":"2025-06-11T09:59:46+00:00","twitter_card":"summary_large_image","twitter_misc":{"Tiempo de lectura":"3 minutos"},"schema":{"@context":"https:\/\/schema.org","@graph":[{"@type":"WebPage","@id":"https:\/\/elfsight.com\/es\/ada-compliance-widget\/weebly\/","url":"https:\/\/elfsight.com\/es\/ada-compliance-widget\/weebly\/","name":"Aplicaci\u00f3n Weebly ADA Compliance: a\u00f1ade accesibilidad a tu sitio web [GRATIS]","isPartOf":{"@id":"https:\/\/elfsight.com\/es\/#website"},"datePublished":"2025-05-21T09:16:48+00:00","dateModified":"2025-06-11T09:59:46+00:00","description":"A\u00f1ade una aplicaci\u00f3n ADA sin necesidad de c\u00f3digo a tu sitio web Weebly. Prueba el editor en l\u00ednea de Elfsight para crear f\u00e1cilmente tu soluci\u00f3n personalizada.","breadcrumb":{"@id":"https:\/\/elfsight.com\/es\/ada-compliance-widget\/weebly\/#breadcrumb"},"inLanguage":"es","potentialAction":[{"@type":"ReadAction","target":["https:\/\/elfsight.com\/es\/ada-compliance-widget\/weebly\/"]}]},{"@type":"BreadcrumbList","@id":"https:\/\/elfsight.com\/es\/ada-compliance-widget\/weebly\/#breadcrumb","itemListElement":[{"@type":"ListItem","position":1,"name":"Home","item":"https:\/\/elfsight.com\/es\/"},{"@type":"ListItem","position":2,"name":"Ada Compliance","item":"https:\/\/elfsight.com\/es\/ada-compliance-widget\/"},{"@type":"ListItem","position":3,"name":"ADA Compliance &#8211; Weebly"}]},{"@type":"WebSite","@id":"https:\/\/elfsight.com\/es\/#website","url":"https:\/\/elfsight.com\/es\/","name":"Elfsight ES","description":"Just another Elfsight Sites site","potentialAction":[{"@type":"SearchAction","target":{"@type":"EntryPoint","urlTemplate":"https:\/\/elfsight.com\/es\/?s={search_term_string}"},"query-input":{"@type":"PropertyValueSpecification","valueRequired":true,"valueName":"search_term_string"}}],"inLanguage":"es"}]}},"meta_box":{"industry":"","seo_heading":"","heading":"","description":"","cta_heading":"","cta_description":"","application":"19630","h1":"Aplicaci\u00f3n de cumplimiento de la ADA para el sitio web de Weebly","h1_caption":"Haga que su sitio web Weebly cumpla con la ADA con una aplicaci\u00f3n que ajusta el contenido del sitio web para cada visitante: promueva el acceso inclusivo y demuestre su dedicaci\u00f3n con la accesibilidad web.","application_category":[],"applications_title":"","applications_request_title":"","applications_request_button_text":"","hero_text":"","hero_video":"","hero_video_schema_markup":"","selling_points_title":"","selling_points_caption":"","selling_points":[],"selling_points_cta_text":"","features_title":"","features":"","ed_cta_examples_text":"","ed_cta_examples_hidden":"","ed_cta_demo_text":"","ed_cta_demo_hidden":"","why_caption":"","why_editor_title":"","why_editor_text":"","why_team_title":"","why_team_text":"","why_service_title":"","why_service_text":"","template_catalog_visible":"","template_catalog_title":"","template_catalog_text":"","template_catalog_categories_visible":"","demo_title":"Cree su aplicaci\u00f3n de cumplimiento de la ADA","demo_caption":"\u00a1Configure su ADA Compliance y agr\u00e9guelo a su sitio web Weebly gratis!","default_faq_hidden":"","app_template_category":[],"platform":"109","template_public_id":"","codecanyon_url":"","codecanyon_item_id":"","codecanyon_price":"","pricing_caption":"","pricing_elfsight_apps_hide_column":"","pricing_elfsight_apps_url":"","pricing_codecanyon_price_caption":"","integration_category":[],"integration_request_title":"","integration_request_cta":"","integration_platform":"","integrations":[],"platform_category":[],"video_schema_markup":"","price":"desde $0 \/ mes","trial":"","benefits":[],"button_url":"#demo","button_target_blank":"0","button_nofollow":"","attributes":[{"name":"Instalaciones","content":"50,000 - 100,000","_state":"expanded"},{"name":"Sensible","content":"S\u00ed","_state":"expanded"},{"name":"Navegadores compatibles","content":"Firefox, Safari, Opera, Chrome, Edge","_state":"expanded"}],"tags":[],"tags_disable_links":"","hide_more_platforms":"","video_object":"","demo_hide_cta":"","demo_hide_cloud_options":"","pricing_title":"","pricing":[{"pricing_icon":"platform","pricing_title":"Elfsight Apps","pricing_title_caption":"Software independiente de la plataforma que se adapta a cualquier sitio","":"","pricing_price":"desde $0 \/ mes","pricing_price_caption":"Comienza con un plan gratuito","pricing_button_text":"A\u00f1adir al sitio web","pricing_button_url":"#demo"}],"related_apps_title":"","related_apps_hidden":"","author":"","image":[],"title":"","job":"","social_networks":[]},"_links":{"self":[{"href":"https:\/\/elfsight.com\/es\/wp-json\/wp\/v2\/pages\/19671","targetHints":{"allow":["GET"]}}],"collection":[{"href":"https:\/\/elfsight.com\/es\/wp-json\/wp\/v2\/pages"}],"about":[{"href":"https:\/\/elfsight.com\/es\/wp-json\/wp\/v2\/types\/page"}],"author":[{"embeddable":true,"href":"https:\/\/elfsight.com\/es\/wp-json\/wp\/v2\/users\/9"}],"replies":[{"embeddable":true,"href":"https:\/\/elfsight.com\/es\/wp-json\/wp\/v2\/comments?post=19671"}],"version-history":[{"count":1,"href":"https:\/\/elfsight.com\/es\/wp-json\/wp\/v2\/pages\/19671\/revisions"}],"predecessor-version":[{"id":19675,"href":"https:\/\/elfsight.com\/es\/wp-json\/wp\/v2\/pages\/19671\/revisions\/19675"}],"up":[{"embeddable":true,"href":"https:\/\/elfsight.com\/es\/wp-json\/wp\/v2\/pages\/19848"}],"wp:attachment":[{"href":"https:\/\/elfsight.com\/es\/wp-json\/wp\/v2\/media?parent=19671"}],"curies":[{"name":"wp","href":"https:\/\/api.w.org\/{rel}","templated":true}]}}