{"id":19665,"date":"2025-05-21T09:30:05","date_gmt":"2025-05-21T09:30:05","guid":{"rendered":"https:\/\/elfsight.com\/es\/?page_id=19665"},"modified":"2025-11-18T13:37:42","modified_gmt":"2025-11-18T13:37:42","slug":"opencart","status":"publish","type":"page","link":"https:\/\/elfsight.com\/es\/ada-compliance-widget\/opencart\/","title":{"rendered":"ADA Compliance &#8211; OpenCart"},"content":{"rendered":"<div class=\"application-platform-content-item-description application-platform-content-item\" id=\"description\" data-nav-section=\"description\"> <h2>Integre la conformidad con la ADA en OpenCart con una extensi\u00f3n de Elfsight<\/h2> <p>La extensi\u00f3n de conformidad con la ADA mejora la usabilidad del sitio web para facilitar una navegaci\u00f3n inclusiva y accesible, aline\u00e1ndose con los est\u00e1ndares clave de accesibilidad. Con compatibilidad integrada con m\u00faltiples modos de asistencia, personaliza autom\u00e1ticamente su interfaz para ayudar a los usuarios con discapacidades visuales, de concentraci\u00f3n o motoras. Funciona a la perfecci\u00f3n sin necesidad de c\u00f3digo personalizado ni cambios de dise\u00f1o. Cada modo activa un conjunto cuidadosamente seleccionado de mejoras de accesibilidad para que su contenido existente sea m\u00e1s accesible y las interacciones m\u00e1s c\u00f3modas. <\/p><p>La extensi\u00f3n tambi\u00e9n incluye una herramienta de an\u00e1lisis automatizada para detectar problemas de accesibilidad y presenta los resultados de accesibilidad en la interfaz de la extensi\u00f3n en tiempo real. Puede descargar resultados detallados de auditor\u00eda y destacar su calificaci\u00f3n de accesibilidad para generar credibilidad y confianza. Con localizaci\u00f3n completa, facilita la participaci\u00f3n inclusiva de usuarios en diversos entornos ling\u00fc\u00edsticos y regionales. <\/p><p><strong>\u00a1Agregue la extensi\u00f3n de la ADA a su sitio web de OpenCart y demuestre su compromiso con los est\u00e1ndares web inclusivos! <\/strong><\/p><\/div> <div class=\"application-platform-content-item-features application-platform-content-item\" id=\"features\" data-nav-section=\"features\"> <h2>Ofrecemos funciones pr\u00e1cticas y sencillas. Estas son algunas de ellas: <\/h2><ul><li><b>Modos listos para usar para 8 escenarios de usuario. <\/b> Los usuarios con diversas discapacidades pueden encontrar un ajuste preestablecido perfecto para una experiencia de navegaci\u00f3n fluida y f\u00e1cil de usar. <\/li><li><b>Ajuste la configuraci\u00f3n del sitio web para mostrar el contenido. <\/b> La extensi\u00f3n cuenta con configuraciones dise\u00f1adas para optimizar la legibilidad, el flujo de usuario y la accesibilidad visual. <\/li><li><b>Comprobador de accesibilidad integrado. <\/b> Analice r\u00e1pidamente su sitio para detectar problemas de cumplimiento y mej\u00f3relo para una mejor accesibilidad. <\/li><li><b>Insignia de confianza con puntuaci\u00f3n de accesibilidad. <\/b> Muestre los resultados de su auditor\u00eda para demostrar su dedicaci\u00f3n al cumplimiento de la accesibilidad. <\/li><li><b>Localizaci\u00f3n precisa. <\/b> La extensi\u00f3n ofrece localizaci\u00f3n ling\u00fc\u00edstica y cultural en 76 regiones para cumplir con las leyes de accesibilidad y la implementaci\u00f3n internacional. <\/li><\/ul><p><a href=\"#demo\">Echa un vistazo al sencillo editor para descubrir las funciones de la extensi\u00f3n<\/a><\/p><\/div> <div class=\"application-platform-content-item-installation application-platform-content-item\" id=\"installation\" data-nav-section=\"installation\"> <h2>\u00bfC\u00f3mo integro la conformidad con la ADA en mi sitio web de OpenCart?<\/h2><p>Descubre esta sencilla forma de configurar la extensi\u00f3n en tu sitio web de OpenCart. Solo te llevar\u00e1 unos minutos y no requiere programaci\u00f3n.<\/p> <ol><li><strong>Crea tu propia extensi\u00f3n de conformidad con la ADA<\/strong><br> Empieza con cualquier plantilla del editor, trabaja con sus pr\u00e1cticos elementos y personaliza la extensi\u00f3n con tu dise\u00f1o y configuraci\u00f3n preferidos.<\/li><li><strong>Obt\u00e9n el c\u00f3digo personal para integrar la extensi\u00f3n<\/strong><br> Una vez que termines de crear la extensi\u00f3n, recibir\u00e1s un c\u00f3digo HTML individual en tu panel de control. Copia el c\u00f3digo que contiene todos los detalles de tus ajustes. <\/li> <li><strong>Muestra la extensi\u00f3n en tu sitio web de OpenCart<\/strong><br>Elige las \u00e1reas de tu sitio web donde quieres mostrar la conformidad con la ADA y pega el c\u00f3digo. Guarda los cambios. <\/li> <\/ol><p>\u00a1Listo! Ahora, comprueba el rendimiento de la extensi\u00f3n en tu sitio web. <\/p><p>Si tienes alg\u00fan problema al integrar la extensi\u00f3n en un sitio web, contacta con nuestros gestores de soporte. Estaremos encantados de asesorarte sobre c\u00f3mo a\u00f1adir y ajustar tu soluci\u00f3n de accesibilidad. <\/p><\/div>","protected":false},"excerpt":{"rendered":"","protected":false},"author":9,"featured_media":0,"parent":19848,"menu_order":0,"comment_status":"closed","ping_status":"closed","template":"templates\/template-application-platform.php","meta":{"publish_to_discourse":"","publish_post_category":"","wpdc_auto_publish_overridden":"","wpdc_topic_tags":"","wpdc_pin_topic":"","wpdc_pin_until":"","discourse_post_id":"","discourse_permalink":"","wpdc_publishing_response":"","wpdc_publishing_error":"","footnotes":""},"class_list":["post-19665","page","type-page","status-publish","hentry"],"yoast_head":"<!-- This site is optimized with the Yoast SEO plugin v25.3.1 - https:\/\/yoast.com\/wordpress\/plugins\/seo\/ -->\n<title>Extensi\u00f3n de cumplimiento de ADA de OpenCart: a\u00f1ada accesibilidad a su sitio web [GRATIS]<\/title>\n<meta name=\"description\" content=\"A\u00f1ade una extensi\u00f3n de cumplimiento de la ADA sin necesidad de c\u00f3digo a tu sitio web de OpenCart. Consulta el editor r\u00e1pido de Elfsight para crear f\u00e1cilmente tu soluci\u00f3n personalizada.\" \/>\n<meta name=\"robots\" content=\"index, follow, max-snippet:-1, max-image-preview:large, max-video-preview:-1\" \/>\n<link rel=\"canonical\" href=\"https:\/\/elfsight.com\/es\/ada-compliance-widget\/opencart\/\" \/>\n<meta property=\"og:locale\" content=\"es_ES\" \/>\n<meta property=\"og:type\" content=\"article\" \/>\n<meta property=\"og:title\" content=\"Extensi\u00f3n de cumplimiento de ADA de OpenCart: a\u00f1ada accesibilidad a su sitio web [GRATIS]\" \/>\n<meta property=\"og:description\" content=\"A\u00f1ade una extensi\u00f3n de cumplimiento de la ADA sin necesidad de c\u00f3digo a tu sitio web de OpenCart. Consulta el editor r\u00e1pido de Elfsight para crear f\u00e1cilmente tu soluci\u00f3n personalizada.\" \/>\n<meta property=\"og:url\" content=\"https:\/\/elfsight.com\/es\/ada-compliance-widget\/opencart\/\" \/>\n<meta property=\"og:site_name\" content=\"Elfsight ES\" \/>\n<meta property=\"article:modified_time\" content=\"2025-11-18T13:37:42+00:00\" \/>\n<meta name=\"twitter:card\" content=\"summary_large_image\" \/>\n<meta name=\"twitter:label1\" content=\"Tiempo de lectura\" \/>\n\t<meta name=\"twitter:data1\" content=\"2 minutos\" \/>\n<!-- \/ Yoast SEO plugin. -->","yoast_head_json":{"title":"Extensi\u00f3n de cumplimiento de ADA de OpenCart: a\u00f1ada accesibilidad a su sitio web [GRATIS]","description":"A\u00f1ade una extensi\u00f3n de cumplimiento de la ADA sin necesidad de c\u00f3digo a tu sitio web de OpenCart. Consulta el editor r\u00e1pido de Elfsight para crear f\u00e1cilmente tu soluci\u00f3n personalizada.","robots":{"index":"index","follow":"follow","max-snippet":"max-snippet:-1","max-image-preview":"max-image-preview:large","max-video-preview":"max-video-preview:-1"},"canonical":"https:\/\/elfsight.com\/es\/ada-compliance-widget\/opencart\/","og_locale":"es_ES","og_type":"article","og_title":"Extensi\u00f3n de cumplimiento de ADA de OpenCart: a\u00f1ada accesibilidad a su sitio web [GRATIS]","og_description":"A\u00f1ade una extensi\u00f3n de cumplimiento de la ADA sin necesidad de c\u00f3digo a tu sitio web de OpenCart. Consulta el editor r\u00e1pido de Elfsight para crear f\u00e1cilmente tu soluci\u00f3n personalizada.","og_url":"https:\/\/elfsight.com\/es\/ada-compliance-widget\/opencart\/","og_site_name":"Elfsight ES","article_modified_time":"2025-11-18T13:37:42+00:00","twitter_card":"summary_large_image","twitter_misc":{"Tiempo de lectura":"2 minutos"},"schema":{"@context":"https:\/\/schema.org","@graph":[{"@type":"WebPage","@id":"https:\/\/elfsight.com\/es\/ada-compliance-widget\/opencart\/","url":"https:\/\/elfsight.com\/es\/ada-compliance-widget\/opencart\/","name":"Extensi\u00f3n de cumplimiento de ADA de OpenCart: a\u00f1ada accesibilidad a su sitio web [GRATIS]","isPartOf":{"@id":"https:\/\/elfsight.com\/es\/#website"},"datePublished":"2025-05-21T09:30:05+00:00","dateModified":"2025-11-18T13:37:42+00:00","description":"A\u00f1ade una extensi\u00f3n de cumplimiento de la ADA sin necesidad de c\u00f3digo a tu sitio web de OpenCart. Consulta el editor r\u00e1pido de Elfsight para crear f\u00e1cilmente tu soluci\u00f3n personalizada.","breadcrumb":{"@id":"https:\/\/elfsight.com\/es\/ada-compliance-widget\/opencart\/#breadcrumb"},"inLanguage":"es","potentialAction":[{"@type":"ReadAction","target":["https:\/\/elfsight.com\/es\/ada-compliance-widget\/opencart\/"]}]},{"@type":"BreadcrumbList","@id":"https:\/\/elfsight.com\/es\/ada-compliance-widget\/opencart\/#breadcrumb","itemListElement":[{"@type":"ListItem","position":1,"name":"Home","item":"https:\/\/elfsight.com\/es\/"},{"@type":"ListItem","position":2,"name":"Ada Compliance","item":"https:\/\/elfsight.com\/es\/ada-compliance-widget\/"},{"@type":"ListItem","position":3,"name":"ADA Compliance &#8211; OpenCart"}]},{"@type":"WebSite","@id":"https:\/\/elfsight.com\/es\/#website","url":"https:\/\/elfsight.com\/es\/","name":"Elfsight ES","description":"Just another Elfsight Sites site","potentialAction":[{"@type":"SearchAction","target":{"@type":"EntryPoint","urlTemplate":"https:\/\/elfsight.com\/es\/?s={search_term_string}"},"query-input":{"@type":"PropertyValueSpecification","valueRequired":true,"valueName":"search_term_string"}}],"inLanguage":"es"}]}},"meta_box":{"industry":"","seo_heading":"","heading":"","description":"","cta_heading":"","cta_description":"","application":"19630","h1":"Extensi\u00f3n de cumplimiento de la ADA para el sitio web de OpenCart","h1_caption":"Haga que su sitio web OpenCart cumpla con la ADA con una extensi\u00f3n que personaliza su contenido para usuarios de todas las capacidades: promueva el acceso inclusivo y demuestre su dedicaci\u00f3n a la accesibilidad web.","application_category":[],"applications_title":"","applications_request_title":"","applications_request_button_text":"","hero_text":"","hero_video":"","hero_video_schema_markup":"","selling_points_title":"","selling_points_caption":"","selling_points":[],"selling_points_cta_text":"","features_title":"","features":"","ed_cta_examples_text":"","ed_cta_examples_hidden":"","ed_cta_demo_text":"","ed_cta_demo_hidden":"","why_caption":"","why_editor_title":"","why_editor_text":"","why_team_title":"","why_team_text":"","why_service_title":"","why_service_text":"","template_catalog_visible":"","template_catalog_title":"","template_catalog_text":"","template_catalog_categories_visible":"","demo_title":"Cree su extensi\u00f3n de cumplimiento de la ADA","demo_caption":"\u00a1Configure su ADA Compliance y agr\u00e9guelo a su sitio web OpenCart gratis!","default_faq_hidden":"","app_template_category":[],"platform":"88","template_public_id":"","codecanyon_url":"","codecanyon_item_id":"","codecanyon_price":"","pricing_caption":"","pricing_elfsight_apps_hide_column":"","pricing_elfsight_apps_url":"","pricing_codecanyon_price_caption":"","integration_category":[],"integration_request_title":"","integration_request_cta":"","integration_platform":"","integrations":[],"platform_category":[],"video_schema_markup":"","price":"desde $0 \/ mes","trial":"","benefits":[],"button_url":"#demo","button_target_blank":"0","button_nofollow":"","attributes":[{"name":"Instalaciones","content":"50,000 - 100,000","_state":"expanded"},{"name":"Sensible","content":"S\u00ed","_state":"expanded"},{"name":"Navegadores compatibles","content":"Firefox, Safari, Opera, Chrome, Edge","_state":"expanded"}],"tags":[],"tags_disable_links":"","hide_more_platforms":"","video_object":"","demo_hide_cta":"","demo_hide_cloud_options":"","pricing_title":"","pricing":[{"pricing_icon":"platform","pricing_title":"Elfsight Apps","pricing_title_caption":"Versi\u00f3n independiente de la plataforma que funciona en cualquier sitio web.","":"","pricing_price":"desde $0 \/ mes","pricing_price_caption":"Comienza con un plan gratuito","pricing_button_text":"A\u00f1adir al sitio web","pricing_button_url":"#demo"}],"related_apps_title":"","related_apps_hidden":"","author":"","image":[],"title":"","job":"","social_networks":[]},"_links":{"self":[{"href":"https:\/\/elfsight.com\/es\/wp-json\/wp\/v2\/pages\/19665","targetHints":{"allow":["GET"]}}],"collection":[{"href":"https:\/\/elfsight.com\/es\/wp-json\/wp\/v2\/pages"}],"about":[{"href":"https:\/\/elfsight.com\/es\/wp-json\/wp\/v2\/types\/page"}],"author":[{"embeddable":true,"href":"https:\/\/elfsight.com\/es\/wp-json\/wp\/v2\/users\/9"}],"replies":[{"embeddable":true,"href":"https:\/\/elfsight.com\/es\/wp-json\/wp\/v2\/comments?post=19665"}],"version-history":[{"count":1,"href":"https:\/\/elfsight.com\/es\/wp-json\/wp\/v2\/pages\/19665\/revisions"}],"predecessor-version":[{"id":19669,"href":"https:\/\/elfsight.com\/es\/wp-json\/wp\/v2\/pages\/19665\/revisions\/19669"}],"up":[{"embeddable":true,"href":"https:\/\/elfsight.com\/es\/wp-json\/wp\/v2\/pages\/19848"}],"wp:attachment":[{"href":"https:\/\/elfsight.com\/es\/wp-json\/wp\/v2\/media?parent=19665"}],"curies":[{"name":"wp","href":"https:\/\/api.w.org\/{rel}","templated":true}]}}